{"id":13992,"date":"2022-10-05T09:06:14","date_gmt":"2022-10-05T07:06:14","guid":{"rendered":"https:\/\/uelzener.de\/magazin\/?page_id=13992"},"modified":"2025-04-15T09:06:45","modified_gmt":"2025-04-15T07:06:45","slug":"einstreu-stroh-pellets-pferd","status":"publish","type":"page","link":"https:\/\/uelzener.de\/magazin\/pferd\/haltung\/einstreu-stroh-pellets-pferd\/","title":{"rendered":"Einstreu f\u00fcr Pferde: So triffst du die richtige Wahl!"},"content":{"rendered":"<p>Stroh, Sp\u00e4ne, Pellets oder ganz anderer Bodenbelag? Bei Einstreu haben Pferdehalter und Stallbetreiber die Qual der gro\u00dfen Auswahl. Hier findest du einen \u00dcberblick \u00fcber Alternativen, die nicht nur Pferde, sondern auch Stallbetreiber sch\u00e4tzen.<\/p>\n<h2>Die trockenen und hei\u00dfen Sommer f\u00fchren zu Ressourcenknappheit<\/h2>\n<p>Jedes Jahr steigen die Temperaturen und es wird w\u00e4rmer und w\u00e4rmer. Dazu kommt noch der Niederschlagsmangel. F\u00fcr Urlauber an der See ein Traum, f\u00fcr Landwirte und Pferdebesitzer ein Desaster. Im Norden und Osten Deutschlands gibt es enorme Ernteeinbu\u00dfen. Heu und Silage sind in manchen Gegenden absolute Mangelware. Beim Stroh ist die Lage etwas entspannter, da in den betroffenen Gebieten alles, was pressbar war, verarbeitet wurde. Perspektivisch m\u00fcssen sich Pferdebesitzer auch hier auf steigende Preise einstellen. Stroh wird au\u00dferdem vermehrt als Futter eingesetzt, da Raufutter wie Heu und Heulage knapp geworden ist. Welche Alternativen gibt es zur Stroheinstreu in den Pferdest\u00e4llen? Welche Vor- und Nachteile haben die verschiedenen Varianten? Wann ist eine Umstellung sinnvoll?<\/p>\n<h2>Der Klassiker beim Pferdeeinstreu: Stroh<\/h2>\n<p>Stroh ist nach wie vor die beliebteste Art der Einstreu f\u00fcr Pferde in deutschen St\u00e4llen. Stroh-Einstreu isoliert sehr gut und Pferde liegen ausgesprochen gern darauf. Es ist in normalen Erntejahren relativ kosteng\u00fcnstig, bietet Besch\u00e4ftigung und obendrein fressen es die Pferde gern.<\/p>\n<p>Allerdings hat Stroh auch Nachteile: Pferdehalter ben\u00f6tigen gro\u00dfe Lagerkapazit\u00e4ten. Eine sachgerechte Lagerung ist wichtig, da die Qualit\u00e4t des Strohs f\u00fcr die Gesundheit der Pferde entscheidend ist. Wird es durch falsche Lagerung feucht, bilden sich schnell Schimmelsporen und Pilze. Je nach Qualit\u00e4t kann es beim Einstreuen auch stark stauben. Die anfallende Mistmenge ist hoch und die Entsorgung h\u00e4ufig teuer, gerade in Ballungsgebieten. Auch Biogasanlagen nutzen Strohmist nicht, weil er nur einen niedrigen Brennwert hat.<\/p>\n<h2>Strohpellets f\u00fcr Pferde \u2013 saugstark und bequem<\/h2>\n<p>Strohpellets werden aus den verschiedensten Kulturpflanzensorten wie Hafer, Weizen oder Raps gepresst. Somit unterscheidet sich je nach Ausgangsmaterial auch die Saugf\u00e4higkeit und Geruchsbindung der Pellets.<\/p>\n<h3>Die Vorteile gegen\u00fcber dem klassischen Stroh:<\/h3>\n<ul>\n<li>Sie lassen sich wesentlich platzsparender als ungepresstes Stroh lagern. Erst nachdem sie ausgelegt und bew\u00e4ssert werden, entfalten die Pellets ihr volles Volumen<\/li>\n<li>Das Strohgranulat ist deutlich saugf\u00e4higer als nicht gepresstes Stroh<\/li>\n<li>Sie sind durch ihre spezielle Verarbeitung mit weniger Keimen belastet<\/li>\n<li>Der Reinigungsaufwand ist recht gering, wodurch die Mistmenge reduziert wird<\/li>\n<li>Die Entsorgung der Pellets ist relativ unproblematisch. Sie k\u00f6nnen als Mist zum D\u00fcngen verwendet werden und Biogasanlagen nehmen die Reste dankbar an<\/li>\n<\/ul>\n<h3>Die Nachteile von Strohpellets<\/h3>\n<ul>\n<li>Frisst das Pferd die Pellets, kann es zu Krankheiten beim Pferd kommen<\/li>\n<li>Die feuchten Pellets k\u00f6nnen besonders bei \u00e4lteren Pferden eine Gefahr darstellen<\/li>\n<\/ul>\n<h2>Die Alternative zum Stroh als Einstreu: Sp\u00e4ne f\u00fcrs Pferd<\/h2>\n<p>Inzwischen gibt es auf dem Markt unz\u00e4hlige Alternativen zum Stroh. Seit Jahrzehnten sind Hobelsp\u00e4ne ein g\u00e4ngiges Produkt. Sie k\u00f6nnen sehr viel Feuchtigkeit aufnehmen. Bei Allergiepferden mit Atemwegsproblemen kann die Entstaubung f\u00fcr Erleichterung sorgen. W\u00e4hrend der kalten Jahreszeiten brauchen Pferde keinen extrem warmen Stall, generell gilt es aber, f\u00fcr ein gutes Stallklima f\u00fcr das Pferd zu sorgen \u2013 besonders bei empfindlichen Tieren. Das Fressen von Holzsp\u00e4ne kann zu Verstopfungen und somit zu Koliken beim Pferd f\u00fchren. Demnach wird vom Verwenden von Holzsp\u00e4nen bei Pferden, die zu viel Stroh fressen, abgeraten. Die anfallende Mistmenge ist relativ gering, allerdings kompostieren und zersetzen sich die Sp\u00e4ne nur langsam, weshalb sie weder von den Landwirten noch von Biogasanlagen gern abgenommen werden.<\/p>\n<h2>Das gesundheitsschonende Einstreu: Leinenstroh f\u00fcr Pferde<\/h2>\n<p>Leidet dein Pferd unter angeschlagenen Bronchen oder Husten, empfiehlt sich vor allem Leinenstroh Einstreu. Es sorgt f\u00fcr ein besseres Stallklima und ist sehr staubarm. Zudem ist es eine praktische Alternative f\u00fcr Pferde, die gern an ihrer Einstreu knabbern. Das Leinenstroh enth\u00e4lt Bitterstoffe, die einen unangenehmen Geschmack haben.<\/p>\n<p>Dar\u00fcber hinaus bindet es sehr gut Feuchtigkeit, sodass nasse Stellen gezielt mit der Mistgabel entfernt werden k\u00f6nnen.<\/p>\n<p>Aufgrund seiner geschmeidigen Faser bietet Leinenstroh eine bequeme und weiche Unterlage f\u00fcr dein Pferd. Da es beim Auftreten stark nachgibt und federt, schont es zugleich die Gelenke der Tiere.<\/p>\n<h2>Das st\u00e4ndige Ausmisten ist bei jeder Einstreu wichtig<\/h2>\n<p>Die beste Einstreu bringt nichts, wenn nicht auf die entsprechende Stallhygiene geachtet wird. Demnach ist es bei allen Formen der Einstreu wichtig, dass der Stall regelm\u00e4\u00dfig ausgemistet wird. Anderenfalls kann es dazu f\u00fchren, dass dein Pferd krank wird mit beispielsweise einer Strahlf\u00e4ule.<\/p>\n\n<div class=\"related_articles boxed\">\n    <h2>Mehr zum Thema<\/h2>\n    \n    <div class=\"wrapper\"><div class=\"title align-center\"><h3><a href=\"https:\/\/uelzener.de\/magazin\/pferd\/haeufige-fragen\/kolik-hausmittel\/\">Kolik: Welche Hausmittel helfen wirklich?<\/a><\/h3><\/div><div class=\"img align-center\"><img decoding=\"async\" width=\"315\" height=\"180\" src=\"https:\/\/uelzener.de\/magazin\/app\/uploads\/2022\/10\/Hausmittel-Kolik-Pferd-315x180.jpg\" class=\"attachment-315x180 size-315x180 wp-post-image\" alt=\"Pferd liegt auf der Wiese. Welche Hausmittel helfen bei Kolik?\" \/><\/div><\/div><div class=\"wrapper\"><div class=\"title align-center\"><h3><a href=\"https:\/\/uelzener.de\/magazin\/pferd\/tiergesundheit\/strahlfaeule-pferd\/\">Strahlf\u00e4ule: eine bakterielle Huferkrankung, der du vorbeugen kannst<\/a><\/h3><\/div><div class=\"img align-center\"><img decoding=\"async\" width=\"315\" height=\"180\" src=\"https:\/\/uelzener.de\/magazin\/app\/uploads\/2022\/12\/strahlfaeule-315x180.jpg\" class=\"attachment-315x180 size-315x180 wp-post-image\" alt=\"Hufe wird ausgekratzt, um Strahlf\u00e4ule vorzubeugen.\" \/><\/div><\/div><div class=\"wrapper\"><div class=\"title align-center\"><h3><a href=\"https:\/\/uelzener.de\/magazin\/pferd\/tiergesundheit\/geschwollene-schlauchtasche-beim-pferd\/\">Geschwollene Schlauchtasche beim Pferd: Was steckt dahinter?<\/a><\/h3><\/div><div class=\"img align-center\"><img decoding=\"async\" width=\"315\" height=\"180\" src=\"https:\/\/uelzener.de\/magazin\/app\/uploads\/2025\/04\/schlauchtasche-315x180.jpg\" class=\"attachment-315x180 size-315x180 wp-post-image\" alt=\"Schlauchtasche beim Pferd.\" \/><\/div><\/div><\/div>\n\n<h2>FAQ: H\u00e4ufig gestellte Fragen<\/h2>\n<h3>Welche Einstreu saugt am besten?<\/h3>\n<p>Es gibt nahezu endlos viele M\u00f6glichkeiten der Einstreu f\u00fcr Pferde. Am saugf\u00e4higsten sind dabei neben dem klassischen Stroh, Alternativen wie Strohgranulat, Sp\u00e4ne oder Leinenstroh.<\/p>\n<h3>Wie viel Einstreu braucht ein Pferd?<\/h3>\n<p>Es kommt darauf an, wie die Einstreu beschaffen ist und wie sich das Pferd verh\u00e4lt. Zudem ist die Gr\u00f6\u00dfe der Pferdebox ausschlaggebend, in den meisten F\u00e4llen braucht man f\u00fcr eine 12 m\u00b2 gro\u00dfe Box ca. 3 gro\u00dfe Ballen Stroh.<\/p>\n<h3>Welche Einstreu f\u00fcr Pferde staubt nicht?<\/h3>\n<p>Vor allem Leinenstroh und Holzsp\u00e4ne sind besonders staubarme Einstreu f\u00fcr Pferde.<\/p>\n","protected":false},"excerpt":{"rendered":"<p>Stroh, Sp\u00e4ne, Pellets oder ganz anderer Bodenbelag? Bei Einstreu haben Pferdehalter und Stallbetreiber die Qual der gro\u00dfen Auswahl. Hier findest du einen \u00dcberblick \u00fcber Alternativen, die nicht nur Pferde, sondern auch Stallbetreiber sch\u00e4tzen. Die trockenen und hei\u00dfen Sommer f\u00fchren zu Ressourcenknappheit Jedes Jahr steigen die Temperaturen und es wird w\u00e4rmer und w\u00e4rmer. Dazu kommt noch [&hellip;]<\/p>\n","protected":false},"author":11,"featured_media":14501,"parent":11678,"menu_order":4,"comment_status":"closed","ping_status":"closed","template":"templates\/blog.php","meta":{"_acf_changed":false,"_crdt_document":"","footnotes":"","beyondwords_generate_audio":"0","beyondwords_project_id":"","beyondwords_content_id":"","beyondwords_preview_token":"","beyondwords_player_style":"","beyondwords_language_id":"","beyondwords_title_voice_id":"","beyondwords_body_voice_id":"","beyondwords_summary_voice_id":"","beyondwords_error_message":"","beyondwords_disabled":"","beyondwords_delete_content":"","beyondwords_podcast_id":"","beyondwords_hash":"","publish_post_to_speechkit":"","speechkit_hash":"","speechkit_generate_audio":"","speechkit_project_id":"","speechkit_podcast_id":"","speechkit_error_message":"","speechkit_disabled":"","speechkit_access_key":"","speechkit_error":"","speechkit_info":"","speechkit_response":"","speechkit_retries":"","speechkit_status":"","speechkit_updated_at":"","_speechkit_link":"","_speechkit_text":""},"class_list":["post-13992","page","type-page","status-publish","has-post-thumbnail","hentry"],"acf":[],"yoast_head":"<!-- This site is optimized with the Yoast SEO Premium plugin  - https:\/\/yoast.com\/product\/yoast-seo-premium-wordpress\/ -->\n<title>Einstreu f\u00fcr Pferde: So triffst du die richtige Wahl! | Uelzener Magazin<\/title>\n<meta name=\"description\" content=\"Stroh, Sp\u00e4ne, Pellets? Bei Einstreu haben Pferdehalter die Qual der Wahl. Hier findest du einen \u00dcberblick \u00fcber Alternativen!\" \/>\n<meta name=\"robots\" content=\"index, follow, max-snippet:-1, max-image-preview:large, max-video-preview:-1\" \/>\n<link rel=\"canonical\" href=\"https:\/\/uelzener.de\/magazin\/pferd\/haltung\/einstreu-stroh-pellets-pferd\/\" \/>\n<meta property=\"og:locale\" content=\"de_DE\" \/>\n<meta property=\"og:type\" content=\"article\" \/>\n<meta property=\"og:title\" content=\"Einstreu f\u00fcr Pferde: So triffst du die richtige Wahl!\" \/>\n<meta property=\"og:description\" content=\"Stroh, Sp\u00e4ne, Pellets? Bei Einstreu haben Pferdehalter die Qual der Wahl. Hier findest du einen \u00dcberblick \u00fcber Alternativen!\" \/>\n<meta property=\"og:url\" content=\"https:\/\/uelzener.de\/magazin\/pferd\/haltung\/einstreu-stroh-pellets-pferd\/\" \/>\n<meta property=\"og:site_name\" content=\"Uelzener Tier-Magazin\" \/>\n<meta property=\"article:publisher\" content=\"https:\/\/www.facebook.com\/Uelzener\" \/>\n<meta property=\"article:modified_time\" content=\"2025-04-15T07:06:45+00:00\" \/>\n<meta property=\"og:image\" content=\"https:\/\/uelzener.de\/magazin\/app\/uploads\/2022\/12\/einstreu-pferd.jpg\" \/>\n\t<meta property=\"og:image:width\" content=\"1025\" \/>\n\t<meta property=\"og:image:height\" content=\"450\" \/>\n\t<meta property=\"og:image:type\" content=\"image\/jpeg\" \/>\n<meta name=\"twitter:card\" content=\"summary_large_image\" \/>\n<meta name=\"twitter:label1\" content=\"Gesch\u00e4tzte Lesezeit\" \/>\n\t<meta name=\"twitter:data1\" content=\"5\u00a0Minuten\" \/>\n<script type=\"application\/ld+json\" class=\"yoast-schema-graph\">{\"@context\":\"https:\/\/schema.org\",\"@graph\":[{\"@type\":\"WebPage\",\"@id\":\"https:\/\/uelzener.de\/magazin\/pferd\/haltung\/einstreu-stroh-pellets-pferd\/\",\"url\":\"https:\/\/uelzener.de\/magazin\/pferd\/haltung\/einstreu-stroh-pellets-pferd\/\",\"name\":\"Einstreu f\u00fcr Pferde: So triffst du die richtige Wahl! | Uelzener Magazin\",\"isPartOf\":{\"@id\":\"https:\/\/uelzener.de\/magazin\/#website\"},\"primaryImageOfPage\":{\"@id\":\"https:\/\/uelzener.de\/magazin\/pferd\/haltung\/einstreu-stroh-pellets-pferd\/#primaryimage\"},\"image\":{\"@id\":\"https:\/\/uelzener.de\/magazin\/pferd\/haltung\/einstreu-stroh-pellets-pferd\/#primaryimage\"},\"thumbnailUrl\":\"https:\/\/uelzener.de\/magazin\/app\/uploads\/2022\/12\/einstreu-pferd.jpg\",\"datePublished\":\"2022-10-05T07:06:14+00:00\",\"dateModified\":\"2025-04-15T07:06:45+00:00\",\"description\":\"Stroh, Sp\u00e4ne, Pellets? Bei Einstreu haben Pferdehalter die Qual der Wahl. Hier findest du einen \u00dcberblick \u00fcber Alternativen!\",\"breadcrumb\":{\"@id\":\"https:\/\/uelzener.de\/magazin\/pferd\/haltung\/einstreu-stroh-pellets-pferd\/#breadcrumb\"},\"inLanguage\":\"de\",\"potentialAction\":[{\"@type\":\"ReadAction\",\"target\":[\"https:\/\/uelzener.de\/magazin\/pferd\/haltung\/einstreu-stroh-pellets-pferd\/\"]}]},{\"@type\":\"ImageObject\",\"inLanguage\":\"de\",\"@id\":\"https:\/\/uelzener.de\/magazin\/pferd\/haltung\/einstreu-stroh-pellets-pferd\/#primaryimage\",\"url\":\"https:\/\/uelzener.de\/magazin\/app\/uploads\/2022\/12\/einstreu-pferd.jpg\",\"contentUrl\":\"https:\/\/uelzener.de\/magazin\/app\/uploads\/2022\/12\/einstreu-pferd.jpg\",\"width\":1025,\"height\":450,\"caption\":\"Alter Holzstall mit Heu als Einstreu f\u00fcr Pferde.\"},{\"@type\":\"WebSite\",\"@id\":\"https:\/\/uelzener.de\/magazin\/#website\",\"url\":\"https:\/\/uelzener.de\/magazin\/\",\"name\":\"Uelzener Tiermagazin\",\"description\":\"Online Tierratgeber der Uelzener Versicherungen\",\"publisher\":{\"@id\":\"https:\/\/uelzener.de\/magazin\/#organization\"},\"potentialAction\":[{\"@type\":\"SearchAction\",\"target\":{\"@type\":\"EntryPoint\",\"urlTemplate\":\"https:\/\/uelzener.de\/magazin\/?s={search_term_string}\"},\"query-input\":{\"@type\":\"PropertyValueSpecification\",\"valueRequired\":true,\"valueName\":\"search_term_string\"}}],\"inLanguage\":\"de\"},{\"@type\":\"Organization\",\"@id\":\"https:\/\/uelzener.de\/magazin\/#organization\",\"name\":\"Uelzener Versicherungen\",\"url\":\"https:\/\/uelzener.de\/magazin\/\",\"logo\":{\"@type\":\"ImageObject\",\"inLanguage\":\"de\",\"@id\":\"https:\/\/uelzener.de\/magazin\/#\/schema\/logo\/image\/\",\"url\":\"https:\/\/uelzener.de\/magazin\/app\/uploads\/2024\/11\/uelzener_allgemeine_versicherungsgesellschaft_a_g_logo.jpg\",\"contentUrl\":\"https:\/\/uelzener.de\/magazin\/app\/uploads\/2024\/11\/uelzener_allgemeine_versicherungsgesellschaft_a_g_logo.jpg\",\"width\":200,\"height\":200,\"caption\":\"Uelzener Versicherungen\"},\"image\":{\"@id\":\"https:\/\/uelzener.de\/magazin\/#\/schema\/logo\/image\/\"},\"sameAs\":[\"https:\/\/www.facebook.com\/Uelzener\",\"https:\/\/instagram.com\/uelzener\",\"https:\/\/www.xing.com\/pages\/uelzenerallgemeineversicherungs-gesellschafta-g\",\"https:\/\/www.youtube.com\/UelzenerVersicherungen\"]}]}<\/script>\n<!-- \/ Yoast SEO Premium plugin. -->","yoast_head_json":{"title":"Einstreu f\u00fcr Pferde: So triffst du die richtige Wahl! | Uelzener Magazin","description":"Stroh, Sp\u00e4ne, Pellets? Bei Einstreu haben Pferdehalter die Qual der Wahl. Hier findest du einen \u00dcberblick \u00fcber Alternativen!","robots":{"index":"index","follow":"follow","max-snippet":"max-snippet:-1","max-image-preview":"max-image-preview:large","max-video-preview":"max-video-preview:-1"},"canonical":"https:\/\/uelzener.de\/magazin\/pferd\/haltung\/einstreu-stroh-pellets-pferd\/","og_locale":"de_DE","og_type":"article","og_title":"Einstreu f\u00fcr Pferde: So triffst du die richtige Wahl!","og_description":"Stroh, Sp\u00e4ne, Pellets? Bei Einstreu haben Pferdehalter die Qual der Wahl. Hier findest du einen \u00dcberblick \u00fcber Alternativen!","og_url":"https:\/\/uelzener.de\/magazin\/pferd\/haltung\/einstreu-stroh-pellets-pferd\/","og_site_name":"Uelzener Tier-Magazin","article_publisher":"https:\/\/www.facebook.com\/Uelzener","article_modified_time":"2025-04-15T07:06:45+00:00","og_image":[{"width":1025,"height":450,"url":"https:\/\/uelzener.de\/magazin\/app\/uploads\/2022\/12\/einstreu-pferd.jpg","type":"image\/jpeg"}],"twitter_card":"summary_large_image","twitter_misc":{"Gesch\u00e4tzte Lesezeit":"5\u00a0Minuten"},"schema":{"@context":"https:\/\/schema.org","@graph":[{"@type":"WebPage","@id":"https:\/\/uelzener.de\/magazin\/pferd\/haltung\/einstreu-stroh-pellets-pferd\/","url":"https:\/\/uelzener.de\/magazin\/pferd\/haltung\/einstreu-stroh-pellets-pferd\/","name":"Einstreu f\u00fcr Pferde: So triffst du die richtige Wahl! | Uelzener Magazin","isPartOf":{"@id":"https:\/\/uelzener.de\/magazin\/#website"},"primaryImageOfPage":{"@id":"https:\/\/uelzener.de\/magazin\/pferd\/haltung\/einstreu-stroh-pellets-pferd\/#primaryimage"},"image":{"@id":"https:\/\/uelzener.de\/magazin\/pferd\/haltung\/einstreu-stroh-pellets-pferd\/#primaryimage"},"thumbnailUrl":"https:\/\/uelzener.de\/magazin\/app\/uploads\/2022\/12\/einstreu-pferd.jpg","datePublished":"2022-10-05T07:06:14+00:00","dateModified":"2025-04-15T07:06:45+00:00","description":"Stroh, Sp\u00e4ne, Pellets? Bei Einstreu haben Pferdehalter die Qual der Wahl. Hier findest du einen \u00dcberblick \u00fcber Alternativen!","breadcrumb":{"@id":"https:\/\/uelzener.de\/magazin\/pferd\/haltung\/einstreu-stroh-pellets-pferd\/#breadcrumb"},"inLanguage":"de","potentialAction":[{"@type":"ReadAction","target":["https:\/\/uelzener.de\/magazin\/pferd\/haltung\/einstreu-stroh-pellets-pferd\/"]}]},{"@type":"ImageObject","inLanguage":"de","@id":"https:\/\/uelzener.de\/magazin\/pferd\/haltung\/einstreu-stroh-pellets-pferd\/#primaryimage","url":"https:\/\/uelzener.de\/magazin\/app\/uploads\/2022\/12\/einstreu-pferd.jpg","contentUrl":"https:\/\/uelzener.de\/magazin\/app\/uploads\/2022\/12\/einstreu-pferd.jpg","width":1025,"height":450,"caption":"Alter Holzstall mit Heu als Einstreu f\u00fcr Pferde."},{"@type":"WebSite","@id":"https:\/\/uelzener.de\/magazin\/#website","url":"https:\/\/uelzener.de\/magazin\/","name":"Uelzener Tiermagazin","description":"Online Tierratgeber der Uelzener Versicherungen","publisher":{"@id":"https:\/\/uelzener.de\/magazin\/#organization"},"potentialAction":[{"@type":"SearchAction","target":{"@type":"EntryPoint","urlTemplate":"https:\/\/uelzener.de\/magazin\/?s={search_term_string}"},"query-input":{"@type":"PropertyValueSpecification","valueRequired":true,"valueName":"search_term_string"}}],"inLanguage":"de"},{"@type":"Organization","@id":"https:\/\/uelzener.de\/magazin\/#organization","name":"Uelzener Versicherungen","url":"https:\/\/uelzener.de\/magazin\/","logo":{"@type":"ImageObject","inLanguage":"de","@id":"https:\/\/uelzener.de\/magazin\/#\/schema\/logo\/image\/","url":"https:\/\/uelzener.de\/magazin\/app\/uploads\/2024\/11\/uelzener_allgemeine_versicherungsgesellschaft_a_g_logo.jpg","contentUrl":"https:\/\/uelzener.de\/magazin\/app\/uploads\/2024\/11\/uelzener_allgemeine_versicherungsgesellschaft_a_g_logo.jpg","width":200,"height":200,"caption":"Uelzener Versicherungen"},"image":{"@id":"https:\/\/uelzener.de\/magazin\/#\/schema\/logo\/image\/"},"sameAs":["https:\/\/www.facebook.com\/Uelzener","https:\/\/instagram.com\/uelzener","https:\/\/www.xing.com\/pages\/uelzenerallgemeineversicherungs-gesellschafta-g","https:\/\/www.youtube.com\/UelzenerVersicherungen"]}]}},"_links":{"self":[{"href":"https:\/\/uelzener.de\/magazin\/wp-json\/wp\/v2\/pages\/13992","targetHints":{"allow":["GET"]}}],"collection":[{"href":"https:\/\/uelzener.de\/magazin\/wp-json\/wp\/v2\/pages"}],"about":[{"href":"https:\/\/uelzener.de\/magazin\/wp-json\/wp\/v2\/types\/page"}],"author":[{"embeddable":true,"href":"https:\/\/uelzener.de\/magazin\/wp-json\/wp\/v2\/users\/11"}],"replies":[{"embeddable":true,"href":"https:\/\/uelzener.de\/magazin\/wp-json\/wp\/v2\/comments?post=13992"}],"version-history":[{"count":13,"href":"https:\/\/uelzener.de\/magazin\/wp-json\/wp\/v2\/pages\/13992\/revisions"}],"predecessor-version":[{"id":18389,"href":"https:\/\/uelzener.de\/magazin\/wp-json\/wp\/v2\/pages\/13992\/revisions\/18389"}],"up":[{"embeddable":true,"href":"https:\/\/uelzener.de\/magazin\/wp-json\/wp\/v2\/pages\/11678"}],"wp:featuredmedia":[{"embeddable":true,"href":"https:\/\/uelzener.de\/magazin\/wp-json\/wp\/v2\/media\/14501"}],"wp:attachment":[{"href":"https:\/\/uelzener.de\/magazin\/wp-json\/wp\/v2\/media?parent=13992"}],"curies":[{"name":"wp","href":"https:\/\/api.w.org\/{rel}","templated":true}]}}