{"id":13833,"date":"2022-09-22T13:52:58","date_gmt":"2022-09-22T11:52:58","guid":{"rendered":"https:\/\/uelzener.de\/magazin\/?page_id=13833"},"modified":"2025-09-24T11:58:15","modified_gmt":"2025-09-24T09:58:15","slug":"katze-koerpersprache-schmerzen","status":"publish","type":"page","link":"https:\/\/uelzener.de\/magazin\/katze\/tiergesundheit\/katze-koerpersprache-schmerzen\/","title":{"rendered":"K\u00f6rpersprache: Wie zeigen Katzen Schmerzen?"},"content":{"rendered":"<p>Deine Katze verh\u00e4lt sich in letzter Zeit anders und zieht sich zur\u00fcck? M\u00f6glicherweise hat deine geliebte Samtpfote Schmerzen und leidet im Stillen. Als Katzenhalter:in muss man deswegen ein besonders aufmerksames Auge entwickeln, um wichtige K\u00f6rpersignale von Katzen zu bemerken. Worauf du achten musst und wie Schmerzen erkannt und behandelt werden k\u00f6nnen, haben wir f\u00fcr dich zusammengefasst.<\/p>\n<p>Katzen verbergen meist gut, wenn ihnen etwas weh tut. Das ist vermutlich ein \u00dcberbleibsel aus der Zeit, als sie noch wild lebten und verletzte Tiere eine leichte Beute f\u00fcr Raubtiere waren. Heutzutage k\u00f6nnen wir unseren Katzen zwar den Luxus von relativer Sicherheit vor Feinden bieten \u2013 ihre Schmerzen verbergen die Samtpfoten jedoch immer noch instinktiv. Wenn die Katze pl\u00f6tzlich an Gewicht verliert, tr\u00e4ge wirkt oder sich ihr Verhalten auf andere Art und Weise ver\u00e4ndert, sollte ein Tierarzt oder eine Tier\u00e4rztin kontaktiert werden \u2013 es k\u00f6nnte sein, dass sie k\u00f6rperliche Probleme hat und medizinische Hilfe ben\u00f6tigt.<\/p>\n<h2>Was sind Ausl\u00f6ser f\u00fcr Schmerzen bei Katzen?<\/h2>\n<p>Es gibt verschiedene Ursachen, warum Katzen Schmerzen empfinden. Sie zeigen sich beispielsweise als ein Symptom von Krankheiten, treten in Folge von Verletzungen wie einem Insektenstich oder nach \u00e4rztlichen Eingriffen auf.<\/p>\n<p>Unterschieden wird dabei zwischen akuten und chronischen F\u00e4llen. Akute Schmerzen k\u00f6nnen Katzen jeden Alters treffen. Diese treten am h\u00e4ufigsten bei freilebenden Katzen auf, wenn sie sich beispielsweise auf ihren Streifz\u00fcgen oder bei Revierk\u00e4mpfen verletzen. Als Ursache f\u00fcr Schmerzen lassen sich solche Verletzungen leicht erkennen \u2013 die Katze hat eine offene Wunde und das Fell fehlt an manchen Stellen. Auch nach Operationen, wie einer Kastration oder einer <a href=\"https:\/\/uelzener.de\/magazin\/katze\/tiergesundheit\/forl-zahnextraktion-bei-katzen\/\">Zahnextraktion bei FORL<\/a>, ist mit akuten Schmerzen rechnen. Mit einer guten Nachsorge klingen die Beschwerden jedoch meist schnell ab.<\/p>\n\n<div class=\"banner\">\n    <a href=\"https:\/\/uelzener.de\/katze\/katzen-zahn-versicherung\/?agt=0000104925&sem=true&utm_medium=magazin&utm_source=wordpress&utm_campaign=katze_zahn&utm_content=banner\">\n        <img decoding=\"async\" width=\"300\" height=\"212\" src=\"https:\/\/uelzener.de\/magazin\/app\/uploads\/2025\/08\/Katzen-Zahn-Versicherung.jpg\" class=\"attachment-medium size-medium\" alt=\"Banner Katzen-Zahn-Versicherung\" \/>    <\/a>\n<\/div>\n\n<h2>Chronische Gelenkschmerzen bei der Katze<\/h2>\n<p>Anders ist es bei chronischen Schmerzen. Sie haben h\u00e4ufig Ursachen, die sich erst sp\u00e4t nach au\u00dfen bemerkbar machen. Dazu k\u00f6nnen Tumore, Autoimmunerkrankungen oder altersbedingter Verschlei\u00df z\u00e4hlen. Besonders \u00e4ltere Katzen sind anf\u00e4llig f\u00fcr solche langwierigen Beschwerden.<\/p>\n<p>Als Folge \u00fcberbelasteter Gelenke tritt bei Katzen \u00fcber zw\u00f6lf Jahren beispielsweise geh\u00e4uft Arthritis auf. Die Beweglichkeit des betroffenen Tieres nimmt mit der Zeit ab und die Gelenke schmerzen stark. Die Symptome von Gelenkschmerzen bei Katzen k\u00f6nnen durch eine fr\u00fchzeitige Vorsorge einged\u00e4mmt und in manchen F\u00e4llen auch verhindert werden.<\/p>\n<h2>An der K\u00f6rpersprache ablesen: Hat meine Katze Schmerzen?<\/h2>\n<p>Katzen zeigen ihr Unwohlsein durch bestimmte K\u00f6rpersignale. Das kann es den Tierhalter:innen erschweren, rechtzeitig bei Krankheiten und Verletzungen zu reagieren \u2013 besonders, wenn sich der angeschlagene Stubentiger auch noch zur\u00fcckzieht. Katzenbesitzer:innen m\u00fcssen deswegen umso aufmerksamer sein, um bei ihren Lieblingen Schmerzen an der K\u00f6rpersprache zu erkennen.<\/p>\n<h3>\u00dcberblick \u00fcber die verschiedenen Schmerzsignale<\/h3>\n<ul>\n<li><strong>Ver\u00e4nderungen im Verhalten<\/strong> geh\u00f6ren zu den h\u00e4ufigsten Anzeichen f\u00fcr Schmerzen. Der sonst so verschmuste Stubentiger wirkt pl\u00f6tzlich nerv\u00f6s, beginnt zu fauchen und verzieht sich in abgelegene Ecken. M\u00f6glicherweise leidet die Katze unter Schmerzen und m\u00f6chte lieber in Ruhe gelassen werden. Bei Gelenkschmerzen zeigen Katzen ebenfalls Symptome: Sie vermeiden weite Spr\u00fcnge und belasten die Pfoten ungleichm\u00e4\u00dfig.<\/li>\n<li>Krankheiten und Unwohlsein k\u00f6nnen das <strong>Fressverhalten<\/strong> von Katzen ver\u00e4ndern. Sie essen und trinken dann weniger, verweigern Leckerlis oder \u00fcbergeben sich nach der Mahlzeit. Da jedes Tier mal mehr und mal weniger Appetit hat, l\u00e4sst sich mit einem Tagebuch das Gewicht der Katze gut nachverfolgen. Ein Gewichtsverlust kann auch auf <a href=\"https:\/\/uelzener.de\/magazin\/katze\/tiergesundheit\/wuermer-bei-katzen\/\">W\u00fcrmer bei Katzen<\/a> hindeuten.<\/li>\n<li>Schmerzen lassen sich ebenfalls \u00fcber die <strong>K\u00f6rperhaltung und Mimik<\/strong> von Tieren erkennen. Wichtige Hinweise sind die Position von Ohren, Augen, Maul und die Haltung des K\u00f6rpers. Je mehr Schmerzen eine Katze hat, desto mehr flachen die Gesichtsz\u00fcge nach unten ab. Der K\u00f6rper wirkt dann ebenfalls gebeugter, wie beim <a href=\"https:\/\/uelzener.de\/magazin\/katze\/tiergesundheit\/blasenentzuendung-bei-katzen\/\">Urinieren mit Blasenentz\u00fcndung<\/a>.<\/li>\n<li>Bei akuten oder chronischen Schmerzen steigt die <strong>Schmerzhaftigkeit bei Ber\u00fchrungen<\/strong>. Steht der K\u00f6rper bereits unter Stress, verst\u00e4rkt K\u00f6rperkontakt das Schmerzempfinden umso mehr. Insbesondere bei Entz\u00fcndungen im oder am K\u00f6rper sind gut gemeinte Streicheinheiten eine eher unangenehme Erfahrung f\u00fcr das betroffene Tier.<\/li>\n<li>Ein <strong>allgemein angeschlagener Gesundheitszustand<\/strong> kann ebenfalls auf Schmerzen hinweisen. Dazu z\u00e4hlen unter anderem eine flache Atmung und ein erh\u00f6hter Blutdruck. Mit der Zeit k\u00f6nnen sich die Symptome verschlimmern und zu Kreislaufproblem f\u00fchren. Auch der Verzehr von giftigen Pflanzen oder <a href=\"https:\/\/uelzener.de\/magazin\/katze\/ernaehrung\/katze-schokolade\/\">Schokolade<\/a> l\u00f6st bei Katzen \u00e4hnliche Beschwerden aus.<\/li>\n<\/ul>\n<h3>Aufmerksam K\u00f6rpersignale registrieren und fr\u00fch Schmerzen erkennen<\/h3>\n<p>Wir Menschen k\u00f6nnen uns schon schwertun, unsere Schmerzen richtig einzusch\u00e4tzen und zu beschreiben \u2013 bei Tieren ist es noch viel schwieriger. Gerade weil unsere Samtpfoten nicht sprechen k\u00f6nnen, m\u00fcssen wir sie aufmerksam beobachten. Wer sich schon fr\u00fch mit den verschiedenen K\u00f6rpersignalen vertraut macht, kann Anzeichen von Krankheiten und Verletzungen fr\u00fchzeitig erkennen. Flache Gesichtsz\u00fcge und ein gebeugter K\u00f6rper k\u00f6nnen zum Beispiel ein Symptom von Gelenkschmerzen sein. Ber\u00fchrungsempfindliche Katzen k\u00f6nnten eine Verletzung verbergen oder unter Entz\u00fcndungen leiden.<\/p>\n<p>Dank einem fr\u00fchen Eingreifen lassen sich solche F\u00e4lle gut behandeln. Bei Unsicherheiten ist es daher immer am besten, mit einem Tierarzt oder einer Tier\u00e4rztin zu sprechen.<\/p>\n<h2>Behandlung von Schmerzen bei Katzen<\/h2>\n<p>Wenn die geliebte Katze unter Schmerzen leidet, m\u00f6chte man ihr diese Last so schnell wie m\u00f6glich abnehmen. Manche Katzenhalter:innen greifen dann reflexartig zu handels\u00fcblichen Schmerzmitteln wie Ibuprofen oder Paracetamol. Das mag gut gemeint sein, dennoch sind solche Schmerzmittel gef\u00e4hrlich f\u00fcr Tiere. Bei Verdacht auf Schmerzen sollte die Katze daher in tier\u00e4rztliche Obhut gegeben werden. Die Tier\u00e4rztin oder der Tierarzt untersucht das Tier und kann dann auf Grundlage einer Diagnose die richtige Behandlung vorschlagen. Je nach der Ursache und der Schwere des Falls werden spezielle Schmerzmittel oder chirurgische Eingriffe empfohlen. Die Kosten f\u00fcr die jeweilige Operation inklusive Nachsorge \u00fcbernimmt eine Katzen-Krankenversicherung.<\/p>\n\n<div class=\"banner\">\n    <a href=\"https:\/\/uelzener.de\/katze\/katzen-krankenversicherung\/?agt=0000104925&sem=true&utm_medium=magazin&utm_source=wordpress&utm_campaign=katze_kv&utm_content=banner\">\n        <img decoding=\"async\" width=\"300\" height=\"212\" src=\"https:\/\/uelzener.de\/magazin\/app\/uploads\/2025\/01\/Katzen-Kranken-Versicherung.jpg\" class=\"attachment-medium size-medium\" alt=\"Banner Katzen-Kranken-Versicherung\" \/>    <\/a>\n<\/div>\n\n<p>Manchmal leiden Katzen jedoch unter chronischen Schmerzen, die sich nicht durch Eingriffe behandeln lassen k\u00f6nnen. Als Tierhalter:in kann man dem geliebten Stubentiger diese schwierige Zeit dennoch leichter gestalten.<\/p>\n<h3>Umgang mit chronischen Schmerzen bei Katzen<\/h3>\n<ul>\n<li>Behandlungen wie <strong>Physiotherapie<\/strong> und <strong>manuelle<\/strong> <strong>Therapie<\/strong> k\u00f6nnen Verspannungen in den Muskeln lindern. Auch W\u00e4rmekompressen lockern verh\u00e4rtete Regionen im K\u00f6rper und sorgen bei Katzen f\u00fcr Entspannung und mehr Wohlbefinden.<\/li>\n<li>Gerade bei Gelenkschmerzen scheuen sich Katzen vor anstrengenden Bewegungen. Futtern\u00e4pfe, die Katzentoilette und das Lieblingskissen der Katze sollten deshalb <strong>an leicht zu erreichenden Stellen <\/strong>platziert werden.<\/li>\n<li>Gerade Katzen mit chronischem Leiden fehlt es an <strong>Anregung im Alltag<\/strong>. Kleine Spazierg\u00e4nge und Spiele f\u00f6rdern die k\u00f6rperliche und geistige Gesundheit. Bei nicht behandelbaren Schmerzen sind Spiel und Spa\u00df immer eine willkommene Ablenkung.<\/li>\n<\/ul>\n\n<div class=\"related_articles boxed\">\n    <h2>Mehr zum Thema<\/h2>\n    \n    <div class=\"wrapper\"><div class=\"title align-center\"><h3><a href=\"https:\/\/uelzener.de\/magazin\/katze\/tiergesundheit\/giftige-pflanzen-fuer-katzen\/\">Giftige und ungiftige Pflanzen f\u00fcr Katzen<\/a><\/h3><\/div><div class=\"img align-center\"><img decoding=\"async\" width=\"315\" height=\"180\" src=\"https:\/\/uelzener.de\/magazin\/app\/uploads\/2023\/01\/giftige-pflanze-fuer-katzen-315x180.jpg\" class=\"attachment-315x180 size-315x180 wp-post-image\" alt=\"Eine orangene Katze schnuppert an einer Orchidee. Diese Pflanze ist f\u00fcr Katzen giftig.\" \/><\/div><\/div><div class=\"wrapper\"><div class=\"title align-center\"><h3><a href=\"https:\/\/uelzener.de\/magazin\/katze\/tiergesundheit\/insektenstich-katze\/\">Insektenstich bei deiner Katze? Das solltest du wissen!<\/a><\/h3><\/div><div class=\"img align-center\"><img decoding=\"async\" width=\"315\" height=\"180\" src=\"https:\/\/uelzener.de\/magazin\/app\/uploads\/2022\/07\/Header_Magazin_Insektenstich-315x180.jpg\" class=\"attachment-315x180 size-315x180 wp-post-image\" alt=\"Katze liegt im Gras und beobachtet eine Biene, Vorsicht vor Insektenstichen ist geboten.\" \/><\/div><\/div><div class=\"wrapper\"><div class=\"title align-center\"><h3><a href=\"https:\/\/uelzener.de\/magazin\/katze\/tiergesundheit\/heiserkeit-bei-katzen-was-dahintersteckt-und-wann-es-ernst-wird\/\">Heiserkeit bei Katzen: Was dahintersteckt und wann es ernst wird<\/a><\/h3><\/div><div class=\"img align-center\"><img decoding=\"async\" width=\"315\" height=\"180\" src=\"https:\/\/uelzener.de\/magazin\/app\/uploads\/2025\/02\/heiserkeit_katzen-315x180.jpg\" class=\"attachment-315x180 size-315x180 wp-post-image\" alt=\"Eine Katze liegt im Arm von ihrem Frauchen.\" \/><\/div><\/div><\/div>\n\n<h2>FAQ: H\u00e4ufig gestellte Fragen<\/h2>\n<h3>Wie merke ich, ob meine Katze Schmerzen hat?<\/h3>\n<p>Durch Ver\u00e4nderungen der K\u00f6rpersprache: der sonst so verschmuste Stubentiger wirkt nerv\u00f6s, beginnt zu fauchen und verzieht sich in abgelegene Ecken. Aber auch durch z. B. Gewichtsverlust und ein ge\u00e4ndertes Fressverhalten.<\/p>\n<h3><strong>Hat die Katze Schmerzen, wenn sie rollig ist?<\/strong><\/h3>\n<p>Unter normalen Umst\u00e4nden hat die Katze keine Schmerzen. Durch ihr lautes und best\u00e4ndiges Miauen, versuchen sie die Aufmerksamkeit der Kater zu erregen.<\/p>\n<h3>Wie ist die K\u00f6rpersprache, wenn eine Katze krank ist?<\/h3>\n<p>Ist die Katze krank, zieht sie sich oft zur\u00fcck. Manche Katzen verhalten sich aber auch gereizt oder aggressiv. H\u00e4ufiges Anzeichen f\u00fcr eine Erkrankung sind auch ein geringerer Appetit und h\u00e4ufiges Trinken.<\/p>\n","protected":false},"excerpt":{"rendered":"<p>Deine Katze verh\u00e4lt sich in letzter Zeit anders und zieht sich zur\u00fcck? M\u00f6glicherweise hat deine geliebte Samtpfote Schmerzen und leidet im Stillen. Als Katzenhalter:in muss man deswegen ein besonders aufmerksames Auge entwickeln, um wichtige K\u00f6rpersignale von Katzen zu bemerken. Worauf du achten musst und wie Schmerzen erkannt und behandelt werden k\u00f6nnen, haben wir f\u00fcr dich [&hellip;]<\/p>\n","protected":false},"author":11,"featured_media":13834,"parent":11712,"menu_order":2,"comment_status":"closed","ping_status":"closed","template":"templates\/blog.php","meta":{"_acf_changed":false,"_crdt_document":"","footnotes":"","beyondwords_generate_audio":"0","beyondwords_project_id":"","beyondwords_content_id":"","beyondwords_preview_token":"","beyondwords_player_style":"","beyondwords_language_id":"","beyondwords_title_voice_id":"","beyondwords_body_voice_id":"","beyondwords_summary_voice_id":"","beyondwords_error_message":"","beyondwords_disabled":"","beyondwords_delete_content":"","beyondwords_podcast_id":"","beyondwords_hash":"","publish_post_to_speechkit":"","speechkit_hash":"","speechkit_generate_audio":"","speechkit_project_id":"","speechkit_podcast_id":"","speechkit_error_message":"","speechkit_disabled":"","speechkit_access_key":"","speechkit_error":"","speechkit_info":"","speechkit_response":"","speechkit_retries":"","speechkit_status":"","speechkit_updated_at":"","_speechkit_link":"","_speechkit_text":""},"class_list":["post-13833","page","type-page","status-publish","has-post-thumbnail","hentry"],"acf":[],"yoast_head":"<!-- This site is optimized with the Yoast SEO Premium plugin  - https:\/\/yoast.com\/product\/yoast-seo-premium-wordpress\/ -->\n<title>K\u00f6rpersprache: Wie zeigen Katzen Schmerzen? \u2013 Uelzener<\/title>\n<meta name=\"description\" content=\"Bei der Katze einfach durch K\u00f6rpersprache Schmerzen erkennen \u2713 Mimik &amp; Gestik \u2713 Behandlung von Schmerzen \u00bb Jetzt mehr erfahren!\" \/>\n<meta name=\"robots\" content=\"index, follow, max-snippet:-1, max-image-preview:large, max-video-preview:-1\" \/>\n<link rel=\"canonical\" href=\"https:\/\/uelzener.de\/magazin\/katze\/tiergesundheit\/katze-koerpersprache-schmerzen\/\" \/>\n<meta property=\"og:locale\" content=\"de_DE\" \/>\n<meta property=\"og:type\" content=\"article\" \/>\n<meta property=\"og:title\" content=\"K\u00f6rpersprache: Wie zeigen Katzen Schmerzen?\" \/>\n<meta property=\"og:description\" content=\"Bei der Katze einfach durch K\u00f6rpersprache Schmerzen erkennen \u2713 Mimik &amp; Gestik \u2713 Behandlung von Schmerzen \u00bb Jetzt mehr erfahren!\" \/>\n<meta property=\"og:url\" content=\"https:\/\/uelzener.de\/magazin\/katze\/tiergesundheit\/katze-koerpersprache-schmerzen\/\" \/>\n<meta property=\"og:site_name\" content=\"Uelzener Tier-Magazin\" \/>\n<meta property=\"article:publisher\" content=\"https:\/\/www.facebook.com\/Uelzener\" \/>\n<meta property=\"article:modified_time\" content=\"2025-09-24T09:58:15+00:00\" \/>\n<meta property=\"og:image\" content=\"https:\/\/uelzener.de\/magazin\/app\/uploads\/2022\/09\/Schmerzen-erkennen-bei-Katzen.jpg\" \/>\n\t<meta property=\"og:image:width\" content=\"1025\" \/>\n\t<meta property=\"og:image:height\" content=\"450\" \/>\n\t<meta property=\"og:image:type\" content=\"image\/jpeg\" \/>\n<meta name=\"twitter:card\" content=\"summary_large_image\" \/>\n<meta name=\"twitter:label1\" content=\"Gesch\u00e4tzte Lesezeit\" \/>\n\t<meta name=\"twitter:data1\" content=\"7\u00a0Minuten\" \/>\n<script type=\"application\/ld+json\" class=\"yoast-schema-graph\">{\"@context\":\"https:\/\/schema.org\",\"@graph\":[{\"@type\":\"WebPage\",\"@id\":\"https:\/\/uelzener.de\/magazin\/katze\/tiergesundheit\/katze-koerpersprache-schmerzen\/\",\"url\":\"https:\/\/uelzener.de\/magazin\/katze\/tiergesundheit\/katze-koerpersprache-schmerzen\/\",\"name\":\"K\u00f6rpersprache: Wie zeigen Katzen Schmerzen? \u2013 Uelzener\",\"isPartOf\":{\"@id\":\"https:\/\/uelzener.de\/magazin\/#website\"},\"primaryImageOfPage\":{\"@id\":\"https:\/\/uelzener.de\/magazin\/katze\/tiergesundheit\/katze-koerpersprache-schmerzen\/#primaryimage\"},\"image\":{\"@id\":\"https:\/\/uelzener.de\/magazin\/katze\/tiergesundheit\/katze-koerpersprache-schmerzen\/#primaryimage\"},\"thumbnailUrl\":\"https:\/\/uelzener.de\/magazin\/app\/uploads\/2022\/09\/Schmerzen-erkennen-bei-Katzen.jpg\",\"datePublished\":\"2022-09-22T11:52:58+00:00\",\"dateModified\":\"2025-09-24T09:58:15+00:00\",\"description\":\"Bei der Katze einfach durch K\u00f6rpersprache Schmerzen erkennen \u2713 Mimik & Gestik \u2713 Behandlung von Schmerzen \u00bb Jetzt mehr erfahren!\",\"breadcrumb\":{\"@id\":\"https:\/\/uelzener.de\/magazin\/katze\/tiergesundheit\/katze-koerpersprache-schmerzen\/#breadcrumb\"},\"inLanguage\":\"de\",\"potentialAction\":[{\"@type\":\"ReadAction\",\"target\":[\"https:\/\/uelzener.de\/magazin\/katze\/tiergesundheit\/katze-koerpersprache-schmerzen\/\"]}]},{\"@type\":\"ImageObject\",\"inLanguage\":\"de\",\"@id\":\"https:\/\/uelzener.de\/magazin\/katze\/tiergesundheit\/katze-koerpersprache-schmerzen\/#primaryimage\",\"url\":\"https:\/\/uelzener.de\/magazin\/app\/uploads\/2022\/09\/Schmerzen-erkennen-bei-Katzen.jpg\",\"contentUrl\":\"https:\/\/uelzener.de\/magazin\/app\/uploads\/2022\/09\/Schmerzen-erkennen-bei-Katzen.jpg\",\"width\":1025,\"height\":450,\"caption\":\"K\u00f6rpersprache: Eine dreifarbige Katze liegt und schaut m\u00fcde.\"},{\"@type\":\"WebSite\",\"@id\":\"https:\/\/uelzener.de\/magazin\/#website\",\"url\":\"https:\/\/uelzener.de\/magazin\/\",\"name\":\"Uelzener Tiermagazin\",\"description\":\"Online Tierratgeber der Uelzener Versicherungen\",\"publisher\":{\"@id\":\"https:\/\/uelzener.de\/magazin\/#organization\"},\"potentialAction\":[{\"@type\":\"SearchAction\",\"target\":{\"@type\":\"EntryPoint\",\"urlTemplate\":\"https:\/\/uelzener.de\/magazin\/?s={search_term_string}\"},\"query-input\":{\"@type\":\"PropertyValueSpecification\",\"valueRequired\":true,\"valueName\":\"search_term_string\"}}],\"inLanguage\":\"de\"},{\"@type\":\"Organization\",\"@id\":\"https:\/\/uelzener.de\/magazin\/#organization\",\"name\":\"Uelzener Versicherungen\",\"url\":\"https:\/\/uelzener.de\/magazin\/\",\"logo\":{\"@type\":\"ImageObject\",\"inLanguage\":\"de\",\"@id\":\"https:\/\/uelzener.de\/magazin\/#\/schema\/logo\/image\/\",\"url\":\"https:\/\/uelzener.de\/magazin\/app\/uploads\/2024\/11\/uelzener_allgemeine_versicherungsgesellschaft_a_g_logo.jpg\",\"contentUrl\":\"https:\/\/uelzener.de\/magazin\/app\/uploads\/2024\/11\/uelzener_allgemeine_versicherungsgesellschaft_a_g_logo.jpg\",\"width\":200,\"height\":200,\"caption\":\"Uelzener Versicherungen\"},\"image\":{\"@id\":\"https:\/\/uelzener.de\/magazin\/#\/schema\/logo\/image\/\"},\"sameAs\":[\"https:\/\/www.facebook.com\/Uelzener\",\"https:\/\/instagram.com\/uelzener\",\"https:\/\/www.xing.com\/pages\/uelzenerallgemeineversicherungs-gesellschafta-g\",\"https:\/\/www.youtube.com\/UelzenerVersicherungen\"]}]}<\/script>\n<!-- \/ Yoast SEO Premium plugin. -->","yoast_head_json":{"title":"K\u00f6rpersprache: Wie zeigen Katzen Schmerzen? \u2013 Uelzener","description":"Bei der Katze einfach durch K\u00f6rpersprache Schmerzen erkennen \u2713 Mimik & Gestik \u2713 Behandlung von Schmerzen \u00bb Jetzt mehr erfahren!","robots":{"index":"index","follow":"follow","max-snippet":"max-snippet:-1","max-image-preview":"max-image-preview:large","max-video-preview":"max-video-preview:-1"},"canonical":"https:\/\/uelzener.de\/magazin\/katze\/tiergesundheit\/katze-koerpersprache-schmerzen\/","og_locale":"de_DE","og_type":"article","og_title":"K\u00f6rpersprache: Wie zeigen Katzen Schmerzen?","og_description":"Bei der Katze einfach durch K\u00f6rpersprache Schmerzen erkennen \u2713 Mimik & Gestik \u2713 Behandlung von Schmerzen \u00bb Jetzt mehr erfahren!","og_url":"https:\/\/uelzener.de\/magazin\/katze\/tiergesundheit\/katze-koerpersprache-schmerzen\/","og_site_name":"Uelzener Tier-Magazin","article_publisher":"https:\/\/www.facebook.com\/Uelzener","article_modified_time":"2025-09-24T09:58:15+00:00","og_image":[{"width":1025,"height":450,"url":"https:\/\/uelzener.de\/magazin\/app\/uploads\/2022\/09\/Schmerzen-erkennen-bei-Katzen.jpg","type":"image\/jpeg"}],"twitter_card":"summary_large_image","twitter_misc":{"Gesch\u00e4tzte Lesezeit":"7\u00a0Minuten"},"schema":{"@context":"https:\/\/schema.org","@graph":[{"@type":"WebPage","@id":"https:\/\/uelzener.de\/magazin\/katze\/tiergesundheit\/katze-koerpersprache-schmerzen\/","url":"https:\/\/uelzener.de\/magazin\/katze\/tiergesundheit\/katze-koerpersprache-schmerzen\/","name":"K\u00f6rpersprache: Wie zeigen Katzen Schmerzen? \u2013 Uelzener","isPartOf":{"@id":"https:\/\/uelzener.de\/magazin\/#website"},"primaryImageOfPage":{"@id":"https:\/\/uelzener.de\/magazin\/katze\/tiergesundheit\/katze-koerpersprache-schmerzen\/#primaryimage"},"image":{"@id":"https:\/\/uelzener.de\/magazin\/katze\/tiergesundheit\/katze-koerpersprache-schmerzen\/#primaryimage"},"thumbnailUrl":"https:\/\/uelzener.de\/magazin\/app\/uploads\/2022\/09\/Schmerzen-erkennen-bei-Katzen.jpg","datePublished":"2022-09-22T11:52:58+00:00","dateModified":"2025-09-24T09:58:15+00:00","description":"Bei der Katze einfach durch K\u00f6rpersprache Schmerzen erkennen \u2713 Mimik & Gestik \u2713 Behandlung von Schmerzen \u00bb Jetzt mehr erfahren!","breadcrumb":{"@id":"https:\/\/uelzener.de\/magazin\/katze\/tiergesundheit\/katze-koerpersprache-schmerzen\/#breadcrumb"},"inLanguage":"de","potentialAction":[{"@type":"ReadAction","target":["https:\/\/uelzener.de\/magazin\/katze\/tiergesundheit\/katze-koerpersprache-schmerzen\/"]}]},{"@type":"ImageObject","inLanguage":"de","@id":"https:\/\/uelzener.de\/magazin\/katze\/tiergesundheit\/katze-koerpersprache-schmerzen\/#primaryimage","url":"https:\/\/uelzener.de\/magazin\/app\/uploads\/2022\/09\/Schmerzen-erkennen-bei-Katzen.jpg","contentUrl":"https:\/\/uelzener.de\/magazin\/app\/uploads\/2022\/09\/Schmerzen-erkennen-bei-Katzen.jpg","width":1025,"height":450,"caption":"K\u00f6rpersprache: Eine dreifarbige Katze liegt und schaut m\u00fcde."},{"@type":"WebSite","@id":"https:\/\/uelzener.de\/magazin\/#website","url":"https:\/\/uelzener.de\/magazin\/","name":"Uelzener Tiermagazin","description":"Online Tierratgeber der Uelzener Versicherungen","publisher":{"@id":"https:\/\/uelzener.de\/magazin\/#organization"},"potentialAction":[{"@type":"SearchAction","target":{"@type":"EntryPoint","urlTemplate":"https:\/\/uelzener.de\/magazin\/?s={search_term_string}"},"query-input":{"@type":"PropertyValueSpecification","valueRequired":true,"valueName":"search_term_string"}}],"inLanguage":"de"},{"@type":"Organization","@id":"https:\/\/uelzener.de\/magazin\/#organization","name":"Uelzener Versicherungen","url":"https:\/\/uelzener.de\/magazin\/","logo":{"@type":"ImageObject","inLanguage":"de","@id":"https:\/\/uelzener.de\/magazin\/#\/schema\/logo\/image\/","url":"https:\/\/uelzener.de\/magazin\/app\/uploads\/2024\/11\/uelzener_allgemeine_versicherungsgesellschaft_a_g_logo.jpg","contentUrl":"https:\/\/uelzener.de\/magazin\/app\/uploads\/2024\/11\/uelzener_allgemeine_versicherungsgesellschaft_a_g_logo.jpg","width":200,"height":200,"caption":"Uelzener Versicherungen"},"image":{"@id":"https:\/\/uelzener.de\/magazin\/#\/schema\/logo\/image\/"},"sameAs":["https:\/\/www.facebook.com\/Uelzener","https:\/\/instagram.com\/uelzener","https:\/\/www.xing.com\/pages\/uelzenerallgemeineversicherungs-gesellschafta-g","https:\/\/www.youtube.com\/UelzenerVersicherungen"]}]}},"_links":{"self":[{"href":"https:\/\/uelzener.de\/magazin\/wp-json\/wp\/v2\/pages\/13833","targetHints":{"allow":["GET"]}}],"collection":[{"href":"https:\/\/uelzener.de\/magazin\/wp-json\/wp\/v2\/pages"}],"about":[{"href":"https:\/\/uelzener.de\/magazin\/wp-json\/wp\/v2\/types\/page"}],"author":[{"embeddable":true,"href":"https:\/\/uelzener.de\/magazin\/wp-json\/wp\/v2\/users\/11"}],"replies":[{"embeddable":true,"href":"https:\/\/uelzener.de\/magazin\/wp-json\/wp\/v2\/comments?post=13833"}],"version-history":[{"count":11,"href":"https:\/\/uelzener.de\/magazin\/wp-json\/wp\/v2\/pages\/13833\/revisions"}],"predecessor-version":[{"id":19297,"href":"https:\/\/uelzener.de\/magazin\/wp-json\/wp\/v2\/pages\/13833\/revisions\/19297"}],"up":[{"embeddable":true,"href":"https:\/\/uelzener.de\/magazin\/wp-json\/wp\/v2\/pages\/11712"}],"wp:featuredmedia":[{"embeddable":true,"href":"https:\/\/uelzener.de\/magazin\/wp-json\/wp\/v2\/media\/13834"}],"wp:attachment":[{"href":"https:\/\/uelzener.de\/magazin\/wp-json\/wp\/v2\/media?parent=13833"}],"curies":[{"name":"wp","href":"https:\/\/api.w.org\/{rel}","templated":true}]}}