{"id":13822,"date":"2022-09-22T12:49:45","date_gmt":"2022-09-22T10:49:45","guid":{"rendered":"https:\/\/uelzener.de\/magazin\/?page_id=13822"},"modified":"2024-03-12T11:40:53","modified_gmt":"2024-03-12T10:40:53","slug":"kinderfreundliche-katzen","status":"publish","type":"page","link":"https:\/\/uelzener.de\/magazin\/katze\/haltung\/kinderfreundliche-katzen\/","title":{"rendered":"Kinderfreundliche Katzen und katzenfreundliche Kinder"},"content":{"rendered":"<p>Tierliebe Eltern haben gern das Idealbild vor Augen: Das eigene Kind w\u00e4chst gemeinsam mit einer Katze auf, die beiden werden tierisch beste Freunde und profitieren von der gegenseitigen Zuneigung. Und tats\u00e4chlich ist das sehr h\u00e4ufig sogar der Fall! Wichtig ist, sich einige Gedanken vor der Anschaffung einer kinderfreundliche Katze zu machen und das Kind gut auf das tierische Familienmitglied vorzubereiten.<\/p>\n<p>Eine der ersten Fragen, wenn eine Katze in die Familie aufgenommen werden soll, ist nat\u00fcrlich, was f\u00fcr eine Katzenrasse es \u00fcberhaupt werden soll. Wenn die Wohnung gen\u00fcgend Platz bietet, empfiehlt sich f\u00fcr ein Kind eine freundliche <a href=\"https:\/\/uelzener.de\/magazin\/katze\/haltung\/wohnungskatze-beschaeftigen\/\" target=\"_blank\" rel=\"noopener\">Wohnungskatze<\/a>. Diese sind tendenziell geselliger als Freig\u00e4nger und werden wahrscheinlich h\u00e4ufiger von sich aus den Kontakt zum Kind suchen.<\/p>\n<p>Eine wichtige Eigenschaft einer kinderfreundlichen Katze ist die Vorliebe zum Schmusen und Spielen. Au\u00dferdem sollte die Samtpfote ruhig sein, damit sie nicht gleich bei der ersten falschen Handlung gestresst reagiert. Wer eine familienfreundliche und verspielte Katze mit einem ausgeglichenen Charakter sucht, d\u00fcrfte bei einer der Rassen aus der nachfolgenden Liste f\u00fcndig werden.<\/p>\n<h2>Kinderfreundliche Katzenrassen<\/h2>\n<ul>\n<li>Die <a href=\"https:\/\/uelzener.de\/magazin\/katze\/rasseportrait\/ragdoll\/\"><strong>Ragdoll<\/strong><\/a> gilt gemeinhin als sanftm\u00fctig und gesellig. Widme der Katze genug Aufmerksamkeit und das Zusammenleben mit Menschen oder weiteren Artgenossen wird meist unproblematisch. Ein gro\u00dfer Vorteil im Umgang mit Kindern ist, dass Ragdolls sich eher zur\u00fcckziehen, wenn sie genug haben, als dass sie kratzen oder zubei\u00dfen w\u00fcrden. Lies hier nach, wie du dich verhalten kannst, <a href=\"https:\/\/uelzener.de\/magazin\/katze\/haeufige-fragen\/katze-beisst\/\">wenn die Katze gern zubei\u00dft<\/a>.<\/li>\n<li>Als gro\u00dfe Katze mit dichtem Fell ist die <a href=\"https:\/\/uelzener.de\/magazin\/katze\/rasseportrait\/maine-coon\/\"><strong>Maine Coon<\/strong><\/a> wie gemacht f\u00fcr Aufenthalte im Haus. Die geduldigen Riesen leben gern in gro\u00dfen Familien und <a href=\"https:\/\/uelzener.de\/magazin\/katze\/haltung\/hund-und-katze-aneinander-gewoehnen\/\">gew\u00f6hnen sich auch gut an Famileinhunde<\/a>. Der Spieltrieb bleibt bis ins h\u00f6here Alter erhalten.<\/li>\n<li><a href=\"https:\/\/uelzener.de\/magazin\/katze\/rasseportrait\/britisch-kurzhaar\/\"><strong>Britisch Kurzhaar<\/strong><\/a> zeichnen sich in der Regel durch einen extremen Spieltrieb aus und bleiben auch dar\u00fcber hinaus anh\u00e4nglich in der N\u00e4he ihrer Menschen. Dieses Vertrauen muss jedoch verdient werden: Zu Beginn kann die verspielte Britisch Kurzhaar erst einmal zur\u00fcckhaltend agieren.<\/li>\n<li>Im turbulenten Spiel mit dem Kind geht gern einmal etwas zu Bruch. Katzen der Rasse <a href=\"https:\/\/uelzener.de\/magazin\/katze\/rasseportrait\/russisch-blau-katze\/\"><strong>Russisch Blau<\/strong><\/a> gelten als besonders umsichtig, sodass diese Gefahr vielleicht ein bisschen reduziert wird. Die anpassungsf\u00e4higen Tiere kommen auch gut damit zurecht, wenn das Kind der Neuzugang im Familiengef\u00fcge ist.<\/li>\n<li>Da eine Katze ein wichtiger Sozialpartner f\u00fcr das Kind werden kann, ist auch die <a href=\"https:\/\/uelzener.de\/magazin\/katze\/rasseportrait\/siamkatze\/\"><strong>Siamkatze<\/strong><\/a> eine \u00dcberlegung wert. In gro\u00dfen Haushalten kommen die Samtpfoten gut zurecht. Besonders ihre Gespr\u00e4chigkeit, also ihr Hang zum ausf\u00fchrlichen Miauen, ist weithin bekannt. Auch wenn sich Kind und Katze inhaltlich nicht verst\u00e4ndigen k\u00f6nnen, ist wohl kaum eine Katze besser f\u00fcr ein Gespr\u00e4ch vorbereitet als diese Rasse.<\/li>\n<\/ul>\n<h2><strong>Katzen aus dem Tierheim \u2013 das sind die Besonderheiten<\/strong><\/h2>\n<p>Als Gegensatz zu den oben genannten reinrassigen Tieren finden sich im Tierheim vor allem Mischlingskatzen. Diese k\u00f6nnen von den Mitarbeiter:innen in der Regel gut eingesch\u00e4tzt werden und besonders \u00e4ltere Tiere haben vielleicht sogar bereits Vorerfahrungen im Umgang mit Kindern. Eine Beratung kann hier einen guten Eindruck vermitteln, was f\u00fcr ein Tier man gegebenenfalls zu sich holt. Solche Erfahrungswerte und Informationen \u00fcber das individuelle Tier sind Gold wert \u2013 und meist belastbarer als allgemeine Informationen \u00fcber eine Katzenrasse. Katzen aus dem Tierheim sind zudem meist bereits geimpft und kastriert und kosten deutlich weniger als eine Rassekatze von einer Z\u00fcchterin oder einem Z\u00fcchter. Holt man mehrere Tiere in den Haushalt, so sollte man sich vorher \u00fcber eine <a href=\"https:\/\/uelzener.de\/magazin\/katze\/haeufige-fragen\/katzenversicherung-fuer-2-katzen\/\">Katzenversicherung f\u00fcr 2 Katzen<\/a> informieren.<\/p>\n<h2><strong>Katzen und Kleinkinder: Behutsam aneinander gew\u00f6hnen<\/strong><\/h2>\n<p>Beim Umgang von Kleinkindern und Katzen ist zuerst eine Frage von Relevanz: Wer war zuerst da? Lebte die Katze schon im Haushalt, als das Baby kam, dann ben\u00f6tigt ein ruhiges Tier etwas Zeit, um sich an die neue Situation zu gew\u00f6hnen. S\u00e4ugling und Katze wachsen dann gemeinsam auf und gew\u00f6hnen sich so ganz nat\u00fcrlich aneinander.<\/p>\n<p>Wenn zuerst der menschliche Nachwuchs auf die Welt kommt, sollte man mit dem Kauf einer Katze hingegen noch etwas warten. Ab dem dritten Lebensjahr k\u00f6nnen Kleinkinder besser verstehen, dass die Katze ein Lebewesen ist und achten besser auf die Reaktionen des Tieres. Ist das Kind schon \u00e4lter, kann es zum Beispiel bei der Auswahl und der Namensgebung helfen und baut so direkt eine st\u00e4rkere Verbindung zum Haustier auf.<\/p>\n<p>Katzen und Kleinkinder sollten nie aus den Augen gelassen werden, wenn sie in einem Raum sind. Auf der einen Seite sind die kleinen Menschen noch sehr unbeholfen und k\u00f6nnen die Katze aus Versehen reizen oder ihr wehtun. Auf der anderen Seite ist aber auch die Wiege mit einem schlafenden Baby ein verlockender Ort f\u00fcr eine Katze, die sich dazukuscheln m\u00f6chte und so den S\u00e4ugling verletzen kann.<\/p>\n<p>Haben sich die beiden aneinander gew\u00f6hnt, kann eine Katze langfristig zu einer guten Entwicklung des Kindes beitragen. Besonders Einzelkinder haben mit einem Tier an ihrer Seite \u2013 oder auf dem Scho\u00df \u2013 immer Gesellschaft, wenn sonst niemand Zeit hat. Au\u00dferdem sind Katzen wunderbare Zuh\u00f6rer, die Emotionen wie Traurigkeit erkennen und sich tr\u00f6stend ankuscheln. Und sie verraten keine Geheimnisse. Die perfekte Katze kann ein sch\u00fcchternes Kind offener werden lassen, ein hektisches Kind beruhigen und generell R\u00fccksichtnahme und Verantwortung lehren.<\/p>\n<h2><strong>Kinderfreundliche Katze = Regeln f\u00fcr Kinder<\/strong><\/h2>\n<p>Neben der familientauglichen Katze ist aber auch ein katzenfreundliches Kind erforderlich, damit eine harmonische Freundschaft entstehen kann. Schon bevor die Katze im Haus ist, sollte das Kind \u00fcber die K\u00f6rpersprache von Katzen unterrichtet werden, und was man auf keinen Fall tun sollte. Als grobe \u00dcbersicht helfen diese Regeln:<\/p>\n<ul>\n<li>Beim Fressen und Schlafen nicht st\u00f6ren.<\/li>\n<li>Das Katzenklo und R\u00fcckzugsorte wie der Kratzbaum sind tabu.<\/li>\n<li>Die Katze nicht \u00e4rgern oder ver\u00e4ngstigen.<\/li>\n<li>K\u00f6rpersprache und sonstige Signale lesen und darauf reagieren.<\/li>\n<li>Die Katze nicht einsperren, aber auch die T\u00fcren nach drau\u00dfen nicht offen stehen lassen.<\/li>\n<li>Keine S\u00fc\u00dfigkeiten oder Reste vom eigenen Essen verf\u00fcttern.<\/li>\n<li>Hygieneregeln beachten.<\/li>\n<\/ul>\n<p>Dar\u00fcber hinaus sollten Eltern ihrem Kind beibringen, wie es die Katze am besten streicheln kann, wie das Hochnehmen behutsam funktioniert und dass Katzen kein Spielzeug sind. Auch die <a href=\"https:\/\/uelzener.de\/magazin\/katze\/haltung\/feste-routine-fuer-katzen\/\">feste Routine<\/a> der Samtpfote sollte nicht regelm\u00e4\u00dfig gest\u00f6rt werden. Manche Katzenrassen bilden zudem eine besonders starke Beziehung zu ihrer Bezugsperson aus. Darauf sollte man vorbereitet sein, wenn es beispielsweise mehrere Kinder in der Familie gibt oder man selbst als Elternteil die wichtigste Bezugsperson darstellt.<\/p>\n<p>Je nach Alter des Kindes k\u00f6nnen Eltern nach und nach Verantwortung und Versorgungsaufgaben \u00fcbertragen. Bei der S\u00e4uberung von Futtern\u00e4pfen k\u00f6nnen Kinder schon fr\u00fch helfen. Ab der Grundschule kann unter Aufsicht auch die F\u00fctterung dazukommen. Je mehr Aufgaben das Kind gewissenhaft \u00fcbernimmt, desto eher k\u00f6nnen ihm die weiteren Schritte zugetraut werden, wie etwa die gr\u00fcndliche Reinigung des Katzenklos. Die absolut eigenst\u00e4ndige Pflege durch das Kind wird aber erst ab 16 Jahren empfohlen. Das K\u00fcrzen von Krallen oder Verabreichen von Medikamenten sollten immer die Eltern \u00fcbernehmen.<\/p>\n<h2><strong>Worauf bei der Hygiene achten<\/strong><\/h2>\n<p>Auch im Bereich der Hygiene gibt es einige einfache Vorkehrungen. Nach dem Spielen oder Schmusen sollten immer gr\u00fcndlich die H\u00e4nde gewaschen werden. Au\u00dferdem sollten Napf und Katzenklo f\u00fcr Kleinkinder unerreichbar sein.<\/p>\n<p>Kommt es einmal zu einem Kratzer auf der zarten Kinderhaut, wird die Stelle desinfiziert und bei Bedarf ein:e Kinder\u00e4rzt:in eingeschaltet.<\/p>\n<p>Katzenhaar-Allergien k\u00f6nnen sich leider auch nach Jahren noch ausbilden, sodass dies bei einem Verdacht immer \u00fcberpr\u00fcft werden sollte.<\/p>\n<p>Die Eltern sollten das Haustier zudem regelm\u00e4\u00dfig und gr\u00fcndlich auf einen Befall von <a href=\"https:\/\/uelzener.de\/magazin\/katze\/tipps-fuer-den-alltag\/floehe-bei-katzen\/\">Fl\u00f6hen<\/a> und Zecken \u00fcberpr\u00fcfen. Ist das Tier frei von Parasiten und au\u00dferdem geimpft, entwurmt und kein Freig\u00e4nger, dann kann die kinderfreundliche Katze nach Ermessen der Eltern auch im Bett des Kindes schlafen.<\/p>\n<p>Aber Vorsicht: M\u00f6glicherweise sind die beiden schon bald unzertrennlich.<\/p>\n<h2><strong>FAQ: H\u00e4ufig gestellte Fragen<\/strong><\/h2>\n<h3><strong>Ist eine Katze ein gutes Haustier f\u00fcr Kinder?<\/strong><\/h3>\n<p>Haben sich Katze und Kind aneinander gew\u00f6hnt, kann eine Katze langfristig zu einer guten Entwicklung des Kindes beitragen. Katzen sind wunderbare Zuh\u00f6rer, die Emotionen wie Traurigkeit erkennen und sich tr\u00f6stend ankuscheln. Die perfekte Katze kann ein sch\u00fcchternes Kind offener werden lassen, ein hektisches Kind beruhigen und generell R\u00fccksichtnahme und Verantwortung lehren.<\/p>\n<h3><strong>Mit welchem Alter ist ein Kind bereit f\u00fcr eine Katze?<\/strong><\/h3>\n<p>Ab dem 3. Lebensjahr k\u00f6nnen Kleinkinder besser verstehen, dass die Katze ein Lebewesen ist, und achten besser auf die Reaktionen des Tieres. Ist das Kind schon \u00e4lter, kann es zum Beispiel bei der Auswahl und der Namensgebung helfen und baut so eine st\u00e4rkere Verbindung zum Haustier auf.<\/p>\n<h3><strong>Worauf sollte man beim Zusammentreffen von Katzen und Kindern achten?<\/strong><\/h3>\n<p>Neben der kinderfreundlichen Katze ist auch ein katzenfreundliches Kind erforderlich, damit eine harmonische Freundschaft entstehen kann. Besprich daher die K\u00f6rpersprache von Katzen und alle Regeln mit dem Kind bevor du eine Katze ins Haus holst .<\/p>\n","protected":false},"excerpt":{"rendered":"<p>Tierliebe Eltern haben gern das Idealbild vor Augen: Das eigene Kind w\u00e4chst gemeinsam mit einer Katze auf, die beiden werden tierisch beste Freunde und profitieren von der gegenseitigen Zuneigung. Und tats\u00e4chlich ist das sehr h\u00e4ufig sogar der Fall! Wichtig ist, sich einige Gedanken vor der Anschaffung einer kinderfreundliche Katze zu machen und das Kind gut [&hellip;]<\/p>\n","protected":false},"author":11,"featured_media":13823,"parent":11683,"menu_order":12,"comment_status":"closed","ping_status":"closed","template":"templates\/blog.php","meta":{"_acf_changed":false,"_crdt_document":"","footnotes":"","beyondwords_generate_audio":"0","beyondwords_project_id":"","beyondwords_content_id":"","beyondwords_preview_token":"","beyondwords_player_style":"","beyondwords_language_id":"","beyondwords_title_voice_id":"","beyondwords_body_voice_id":"","beyondwords_summary_voice_id":"","beyondwords_error_message":"","beyondwords_disabled":"","beyondwords_delete_content":"","beyondwords_podcast_id":"","beyondwords_hash":"","publish_post_to_speechkit":"","speechkit_hash":"","speechkit_generate_audio":"","speechkit_project_id":"","speechkit_podcast_id":"","speechkit_error_message":"","speechkit_disabled":"","speechkit_access_key":"","speechkit_error":"","speechkit_info":"","speechkit_response":"","speechkit_retries":"","speechkit_status":"","speechkit_updated_at":"","_speechkit_link":"","_speechkit_text":""},"class_list":["post-13822","page","type-page","status-publish","has-post-thumbnail","hentry"],"acf":[],"yoast_head":"<!-- This site is optimized with the Yoast SEO Premium plugin  - https:\/\/yoast.com\/product\/yoast-seo-premium-wordpress\/ -->\n<title>Kinderfreundliche Katzen und katzenfreundliche Kinder \u2013 Uelzener<\/title>\n<meta name=\"description\" content=\"Katzen und Kinder - Passt das zusammen? \u2713 Das ist zu beachten \u2713 kinderfreundliche Katzen-Rassen \u00bb Hier mehr erfahren!\" \/>\n<meta name=\"robots\" content=\"index, follow, max-snippet:-1, max-image-preview:large, max-video-preview:-1\" \/>\n<link rel=\"canonical\" href=\"https:\/\/uelzener.de\/magazin\/katze\/haltung\/kinderfreundliche-katzen\/\" \/>\n<meta property=\"og:locale\" content=\"de_DE\" \/>\n<meta property=\"og:type\" content=\"article\" \/>\n<meta property=\"og:title\" content=\"Kinderfreundliche Katzen und katzenfreundliche Kinder\" \/>\n<meta property=\"og:description\" content=\"Katzen und Kinder - Passt das zusammen? \u2713 Das ist zu beachten \u2713 kinderfreundliche Katzen-Rassen \u00bb Hier mehr erfahren!\" \/>\n<meta property=\"og:url\" content=\"https:\/\/uelzener.de\/magazin\/katze\/haltung\/kinderfreundliche-katzen\/\" \/>\n<meta property=\"og:site_name\" content=\"Uelzener Tier-Magazin\" \/>\n<meta property=\"article:publisher\" content=\"https:\/\/www.facebook.com\/Uelzener\" \/>\n<meta property=\"article:modified_time\" content=\"2024-03-12T10:40:53+00:00\" \/>\n<meta property=\"og:image\" content=\"https:\/\/uelzener.de\/magazin\/app\/uploads\/2022\/09\/Katzen-und-Kinder-Kinderfreundlich.jpg\" \/>\n\t<meta property=\"og:image:width\" content=\"1025\" \/>\n\t<meta property=\"og:image:height\" content=\"450\" \/>\n\t<meta property=\"og:image:type\" content=\"image\/jpeg\" \/>\n<meta name=\"twitter:card\" content=\"summary_large_image\" \/>\n<meta name=\"twitter:label1\" content=\"Gesch\u00e4tzte Lesezeit\" \/>\n\t<meta name=\"twitter:data1\" content=\"7\u00a0Minuten\" \/>\n<script type=\"application\/ld+json\" class=\"yoast-schema-graph\">{\"@context\":\"https:\\\/\\\/schema.org\",\"@graph\":[{\"@type\":\"WebPage\",\"@id\":\"https:\\\/\\\/uelzener.de\\\/magazin\\\/katze\\\/haltung\\\/kinderfreundliche-katzen\\\/\",\"url\":\"https:\\\/\\\/uelzener.de\\\/magazin\\\/katze\\\/haltung\\\/kinderfreundliche-katzen\\\/\",\"name\":\"Kinderfreundliche Katzen und katzenfreundliche Kinder \u2013 Uelzener\",\"isPartOf\":{\"@id\":\"https:\\\/\\\/uelzener.de\\\/magazin\\\/#website\"},\"primaryImageOfPage\":{\"@id\":\"https:\\\/\\\/uelzener.de\\\/magazin\\\/katze\\\/haltung\\\/kinderfreundliche-katzen\\\/#primaryimage\"},\"image\":{\"@id\":\"https:\\\/\\\/uelzener.de\\\/magazin\\\/katze\\\/haltung\\\/kinderfreundliche-katzen\\\/#primaryimage\"},\"thumbnailUrl\":\"https:\\\/\\\/uelzener.de\\\/magazin\\\/app\\\/uploads\\\/2022\\\/09\\\/Katzen-und-Kinder-Kinderfreundlich.jpg\",\"datePublished\":\"2022-09-22T10:49:45+00:00\",\"dateModified\":\"2024-03-12T10:40:53+00:00\",\"description\":\"Katzen und Kinder - Passt das zusammen? \u2713 Das ist zu beachten \u2713 kinderfreundliche Katzen-Rassen \u00bb Hier mehr erfahren!\",\"breadcrumb\":{\"@id\":\"https:\\\/\\\/uelzener.de\\\/magazin\\\/katze\\\/haltung\\\/kinderfreundliche-katzen\\\/#breadcrumb\"},\"inLanguage\":\"de\",\"potentialAction\":[{\"@type\":\"ReadAction\",\"target\":[\"https:\\\/\\\/uelzener.de\\\/magazin\\\/katze\\\/haltung\\\/kinderfreundliche-katzen\\\/\"]}]},{\"@type\":\"ImageObject\",\"inLanguage\":\"de\",\"@id\":\"https:\\\/\\\/uelzener.de\\\/magazin\\\/katze\\\/haltung\\\/kinderfreundliche-katzen\\\/#primaryimage\",\"url\":\"https:\\\/\\\/uelzener.de\\\/magazin\\\/app\\\/uploads\\\/2022\\\/09\\\/Katzen-und-Kinder-Kinderfreundlich.jpg\",\"contentUrl\":\"https:\\\/\\\/uelzener.de\\\/magazin\\\/app\\\/uploads\\\/2022\\\/09\\\/Katzen-und-Kinder-Kinderfreundlich.jpg\",\"width\":1025,\"height\":450,\"caption\":\"Blonder Junge spielt mit einer kinderfreundlichen Katze.\"},{\"@type\":\"WebSite\",\"@id\":\"https:\\\/\\\/uelzener.de\\\/magazin\\\/#website\",\"url\":\"https:\\\/\\\/uelzener.de\\\/magazin\\\/\",\"name\":\"Uelzener Tiermagazin\",\"description\":\"Online Tierratgeber der Uelzener Versicherungen\",\"publisher\":{\"@id\":\"https:\\\/\\\/uelzener.de\\\/magazin\\\/#organization\"},\"potentialAction\":[{\"@type\":\"SearchAction\",\"target\":{\"@type\":\"EntryPoint\",\"urlTemplate\":\"https:\\\/\\\/uelzener.de\\\/magazin\\\/?s={search_term_string}\"},\"query-input\":{\"@type\":\"PropertyValueSpecification\",\"valueRequired\":true,\"valueName\":\"search_term_string\"}}],\"inLanguage\":\"de\"},{\"@type\":\"Organization\",\"@id\":\"https:\\\/\\\/uelzener.de\\\/magazin\\\/#organization\",\"name\":\"Uelzener Versicherungen\",\"url\":\"https:\\\/\\\/uelzener.de\\\/magazin\\\/\",\"logo\":{\"@type\":\"ImageObject\",\"inLanguage\":\"de\",\"@id\":\"https:\\\/\\\/uelzener.de\\\/magazin\\\/#\\\/schema\\\/logo\\\/image\\\/\",\"url\":\"https:\\\/\\\/uelzener.de\\\/magazin\\\/app\\\/uploads\\\/2024\\\/11\\\/uelzener_allgemeine_versicherungsgesellschaft_a_g_logo.jpg\",\"contentUrl\":\"https:\\\/\\\/uelzener.de\\\/magazin\\\/app\\\/uploads\\\/2024\\\/11\\\/uelzener_allgemeine_versicherungsgesellschaft_a_g_logo.jpg\",\"width\":200,\"height\":200,\"caption\":\"Uelzener Versicherungen\"},\"image\":{\"@id\":\"https:\\\/\\\/uelzener.de\\\/magazin\\\/#\\\/schema\\\/logo\\\/image\\\/\"},\"sameAs\":[\"https:\\\/\\\/www.facebook.com\\\/Uelzener\",\"https:\\\/\\\/instagram.com\\\/uelzener\",\"https:\\\/\\\/www.xing.com\\\/pages\\\/uelzenerallgemeineversicherungs-gesellschafta-g\",\"https:\\\/\\\/www.youtube.com\\\/UelzenerVersicherungen\"]}]}<\/script>\n<!-- \/ Yoast SEO Premium plugin. -->","yoast_head_json":{"title":"Kinderfreundliche Katzen und katzenfreundliche Kinder \u2013 Uelzener","description":"Katzen und Kinder - Passt das zusammen? \u2713 Das ist zu beachten \u2713 kinderfreundliche Katzen-Rassen \u00bb Hier mehr erfahren!","robots":{"index":"index","follow":"follow","max-snippet":"max-snippet:-1","max-image-preview":"max-image-preview:large","max-video-preview":"max-video-preview:-1"},"canonical":"https:\/\/uelzener.de\/magazin\/katze\/haltung\/kinderfreundliche-katzen\/","og_locale":"de_DE","og_type":"article","og_title":"Kinderfreundliche Katzen und katzenfreundliche Kinder","og_description":"Katzen und Kinder - Passt das zusammen? \u2713 Das ist zu beachten \u2713 kinderfreundliche Katzen-Rassen \u00bb Hier mehr erfahren!","og_url":"https:\/\/uelzener.de\/magazin\/katze\/haltung\/kinderfreundliche-katzen\/","og_site_name":"Uelzener Tier-Magazin","article_publisher":"https:\/\/www.facebook.com\/Uelzener","article_modified_time":"2024-03-12T10:40:53+00:00","og_image":[{"width":1025,"height":450,"url":"https:\/\/uelzener.de\/magazin\/app\/uploads\/2022\/09\/Katzen-und-Kinder-Kinderfreundlich.jpg","type":"image\/jpeg"}],"twitter_card":"summary_large_image","twitter_misc":{"Gesch\u00e4tzte Lesezeit":"7\u00a0Minuten"},"schema":{"@context":"https:\/\/schema.org","@graph":[{"@type":"WebPage","@id":"https:\/\/uelzener.de\/magazin\/katze\/haltung\/kinderfreundliche-katzen\/","url":"https:\/\/uelzener.de\/magazin\/katze\/haltung\/kinderfreundliche-katzen\/","name":"Kinderfreundliche Katzen und katzenfreundliche Kinder \u2013 Uelzener","isPartOf":{"@id":"https:\/\/uelzener.de\/magazin\/#website"},"primaryImageOfPage":{"@id":"https:\/\/uelzener.de\/magazin\/katze\/haltung\/kinderfreundliche-katzen\/#primaryimage"},"image":{"@id":"https:\/\/uelzener.de\/magazin\/katze\/haltung\/kinderfreundliche-katzen\/#primaryimage"},"thumbnailUrl":"https:\/\/uelzener.de\/magazin\/app\/uploads\/2022\/09\/Katzen-und-Kinder-Kinderfreundlich.jpg","datePublished":"2022-09-22T10:49:45+00:00","dateModified":"2024-03-12T10:40:53+00:00","description":"Katzen und Kinder - Passt das zusammen? \u2713 Das ist zu beachten \u2713 kinderfreundliche Katzen-Rassen \u00bb Hier mehr erfahren!","breadcrumb":{"@id":"https:\/\/uelzener.de\/magazin\/katze\/haltung\/kinderfreundliche-katzen\/#breadcrumb"},"inLanguage":"de","potentialAction":[{"@type":"ReadAction","target":["https:\/\/uelzener.de\/magazin\/katze\/haltung\/kinderfreundliche-katzen\/"]}]},{"@type":"ImageObject","inLanguage":"de","@id":"https:\/\/uelzener.de\/magazin\/katze\/haltung\/kinderfreundliche-katzen\/#primaryimage","url":"https:\/\/uelzener.de\/magazin\/app\/uploads\/2022\/09\/Katzen-und-Kinder-Kinderfreundlich.jpg","contentUrl":"https:\/\/uelzener.de\/magazin\/app\/uploads\/2022\/09\/Katzen-und-Kinder-Kinderfreundlich.jpg","width":1025,"height":450,"caption":"Blonder Junge spielt mit einer kinderfreundlichen Katze."},{"@type":"WebSite","@id":"https:\/\/uelzener.de\/magazin\/#website","url":"https:\/\/uelzener.de\/magazin\/","name":"Uelzener Tiermagazin","description":"Online Tierratgeber der Uelzener Versicherungen","publisher":{"@id":"https:\/\/uelzener.de\/magazin\/#organization"},"potentialAction":[{"@type":"SearchAction","target":{"@type":"EntryPoint","urlTemplate":"https:\/\/uelzener.de\/magazin\/?s={search_term_string}"},"query-input":{"@type":"PropertyValueSpecification","valueRequired":true,"valueName":"search_term_string"}}],"inLanguage":"de"},{"@type":"Organization","@id":"https:\/\/uelzener.de\/magazin\/#organization","name":"Uelzener Versicherungen","url":"https:\/\/uelzener.de\/magazin\/","logo":{"@type":"ImageObject","inLanguage":"de","@id":"https:\/\/uelzener.de\/magazin\/#\/schema\/logo\/image\/","url":"https:\/\/uelzener.de\/magazin\/app\/uploads\/2024\/11\/uelzener_allgemeine_versicherungsgesellschaft_a_g_logo.jpg","contentUrl":"https:\/\/uelzener.de\/magazin\/app\/uploads\/2024\/11\/uelzener_allgemeine_versicherungsgesellschaft_a_g_logo.jpg","width":200,"height":200,"caption":"Uelzener Versicherungen"},"image":{"@id":"https:\/\/uelzener.de\/magazin\/#\/schema\/logo\/image\/"},"sameAs":["https:\/\/www.facebook.com\/Uelzener","https:\/\/instagram.com\/uelzener","https:\/\/www.xing.com\/pages\/uelzenerallgemeineversicherungs-gesellschafta-g","https:\/\/www.youtube.com\/UelzenerVersicherungen"]}]}},"_links":{"self":[{"href":"https:\/\/uelzener.de\/magazin\/wp-json\/wp\/v2\/pages\/13822","targetHints":{"allow":["GET"]}}],"collection":[{"href":"https:\/\/uelzener.de\/magazin\/wp-json\/wp\/v2\/pages"}],"about":[{"href":"https:\/\/uelzener.de\/magazin\/wp-json\/wp\/v2\/types\/page"}],"author":[{"embeddable":true,"href":"https:\/\/uelzener.de\/magazin\/wp-json\/wp\/v2\/users\/11"}],"replies":[{"embeddable":true,"href":"https:\/\/uelzener.de\/magazin\/wp-json\/wp\/v2\/comments?post=13822"}],"version-history":[{"count":10,"href":"https:\/\/uelzener.de\/magazin\/wp-json\/wp\/v2\/pages\/13822\/revisions"}],"predecessor-version":[{"id":17170,"href":"https:\/\/uelzener.de\/magazin\/wp-json\/wp\/v2\/pages\/13822\/revisions\/17170"}],"up":[{"embeddable":true,"href":"https:\/\/uelzener.de\/magazin\/wp-json\/wp\/v2\/pages\/11683"}],"wp:featuredmedia":[{"embeddable":true,"href":"https:\/\/uelzener.de\/magazin\/wp-json\/wp\/v2\/media\/13823"}],"wp:attachment":[{"href":"https:\/\/uelzener.de\/magazin\/wp-json\/wp\/v2\/media?parent=13822"}],"curies":[{"name":"wp","href":"https:\/\/api.w.org\/{rel}","templated":true}]}}