{"id":13751,"date":"2022-09-16T15:41:30","date_gmt":"2022-09-16T13:41:30","guid":{"rendered":"https:\/\/uelzener.de\/magazin\/?page_id=13751"},"modified":"2023-09-20T09:08:03","modified_gmt":"2023-09-20T07:08:03","slug":"leerkauen-pferd","status":"publish","type":"page","link":"https:\/\/uelzener.de\/magazin\/pferd\/tiergesundheit\/leerkauen-pferd\/","title":{"rendered":"Leerkauen beim Pferd: Gutes oder schlechtes Zeichen?"},"content":{"rendered":"<p>Wenn sich beim Reiten ein leichter Schaum am Maul des Tieres bildet, gilt das gemeinhin als gutes Zeichen. Schlie\u00dflich steht die Speichelproduktion durch das Leerkauen f\u00fcr ein entspanntes Pferd, obwohl es gerade H\u00f6chstleistungen vollbringt. Es kann aber auch andere Ursachen geben, etwa Schmerz oder Stress. Daher ist es immer wichtig, die Gesamtsituation zu beurteilen.<\/p>\n<p>Leerkauen, h\u00e4ufig auch als Abkauen bezeichnet, ist bei Pferden eine Mault\u00e4tigkeit, die Speichelfluss ausl\u00f6st. Als nat\u00fcrlicher Reflex wird die Speichelproduktion bei Entspannung angeregt, damit zum Beispiel rohfaserhaltiges Futter verdaut werden kann. Bei Anspannung wird hingegen weniger Speichel gebildet.<\/p>\n<p>Es ist allerdings oft zu sehen, dass ein Pferd auch bei k\u00f6rperlicher Anstrengung oder Stress auf seinem Gebiss kaut. Sowohl das Material des Gebisses, als auch Ber\u00fchrungspunkte und die St\u00e4rke der Kaubewegung haben dabei Einfluss auf die Speichelproduktion. Dar\u00fcber hinaus ist das Abkauen bei jedem Pferd sehr individuell. Es hei\u00dft also nicht grunds\u00e4tzlich, dass ein sch\u00e4umendes Pferd entspannt ist.<\/p>\n<h2><strong>Welche Bedeutung hat das Abkauen beim Pferd?<\/strong><\/h2>\n<p>Die Mault\u00e4tigkeit setzt nicht nur bei Entspannung ein, sondern hat auch selbst eine beruhigende Wirkung auf das Pferd. Das Genick wird gelockert und Verspannungen l\u00f6sen sich. Beim Reiten sind flie\u00dfendere Bewegungsabl\u00e4ufe und eine bessere Versammlung m\u00f6glich. Des Weiteren tritt Leerkauen meist ein, wenn Spannung abgebaut wird und die Entspannungsphase beginnen kann. Beispielweise ist bei Pferden oft ein Effekt zu beobachten, wenn sie eine \u00dcbung verstanden haben und richtig umsetzen oder sich nach dem Training im Paddock entspannen. Beginnt ein Pferd beim Reiten also zu kauen, wenn es eine Lektion gut umgesetzt hat, so sollte immer ein liebevolles Lob folgen.<\/p>\n<p>Leerkauen kann aber auch zur Sprache der Pferde untereinander geh\u00f6ren. Fohlen und Jungpferde kauen h\u00e4ufig ab, um eine beschwichtigende Geste gegen\u00fcber \u00e4lteren Tieren zu signalisieren. Wenn Pferde diese Geste auch ihren Menschen zeigen, ist das ein Anzeichen von gro\u00dfem Druck und damit ein ganz anderes Signal als das entspannte Kauen. Denn auch Schmerzen und Magengeschw\u00fcre k\u00f6nnen zu einer Kaubewegung verleiten. Mitunter tritt diese Bewegung zusammen mit einem <a href=\"https:\/\/uelzener.de\/magazin\/pferd\/tiergesundheit\/zaehneknirschen-beim-pferd\/\">Z\u00e4hneknirschen<\/a> auf und ist ein wichtiger Hinweis, dass das Pferd tier\u00e4rztlich untersucht werden sollte. Mit finanzieller Unterst\u00fctzung durch eine <a href=\"https:\/\/uelzener.de\/pferd\/pferde-krankenversicherung\/\">Pferde-Krankenversicherung<\/a> sollte man Anzeichen dieser Art bald nachgehen.<\/p>\n<h2><strong>Ist Schaum ein Zeichen f\u00fcr ein entspanntes Pferd?<\/strong><\/h2>\n<p>Abkauen und Schaum sind alleinstehend noch keine Belege f\u00fcr ein entspanntes Pferd. Es m\u00fcssen immer auch die anderen Signale eines Pferdes ber\u00fccksichtigt werden. Zeigen Schweif, Ohren, Mimik und das generelle Verhalten keine Merkmale von Stress, ist das ein wichtiges und gutes Zeichen. Auch Abschnauben und ein tief schwingender Kopf sind deutliche Signale von Entspannung.<\/p>\n<p>Beim Reiten zeigt sich die L\u00f6sung von Anspannung au\u00dferdem durch einen schwingenden R\u00fccken. Statt vor Stress oder Schmerzen zu verkrampfen, spannen sich die langen R\u00fcckenmuskeln wechselseitig an und ab und erm\u00f6glichen so eine gute Verbindung zur Vor- und Hinterhand des Pferdes und damit auch zu einem entspannten Genickbereich. Eher klebriger Speichel allein kann auch einfach durch die Anstrengung beim Training entstehen.<\/p>\n<h2><strong>Entspannte oder hektische Mault\u00e4tigkeit beim Pferd?<\/strong><\/h2>\n<p>Ob die Mault\u00e4tigkeit entspannt ist oder hektisch, l\u00e4sst sich anhand einiger Faktoren entscheiden. Beim entspannten Abkauen ist der Pferdekopf gesenkt und die Lippen sind leicht ge\u00f6ffnet. Z\u00e4hne und Zunge k\u00f6nnen sichtbar sein und eine horizontale Kaubewegung entsteht am Gebiss.<\/p>\n<p>Ein hektisches Kauen geht hingegen meist auf Stress, \u00dcberforderung oder Schmerzen zur\u00fcck. Es ist keine Entspannungshaltung auszumachen und der Unterkiefer presst sich stark gegen den Oberkiefer. Sogar ein Klappern mit den Z\u00e4hnen kann vorkommen. Pferde reagieren so h\u00e4ufig auf unpassende Ausr\u00fcstung oder zu hartes Training. Da das Kauen konditioniert werden kann, ist \u00fcber lange Zeit falsch behandelten Pferden dieses Verhalten mitunter nur schwer wieder abzugew\u00f6hnen.<\/p>\n<p>Es kann allerdings auch vorkommen, dass gar keine Maulaktivit\u00e4t festzustellen ist. In dem Fall sollte zuerst der Nasenriemen gelockert werden, falls das Pferd einen tr\u00e4gt. Wenn die Kiefergelenke blockiert sind, verkrampft schnell das ganze Pferd. Es kann aber auch sein, dass Pferde sich ihren Reiter:innen widersetzen, weil ein falscher Sitz oder eine unruhige Z\u00fcgelhaltung Schmerzen verursachen. Ein hektisches oder verkrampftes Leerkauen kann zu weiteren Verspannungen und Schmerzen f\u00fchren. Auch die Z\u00e4hne k\u00f6nnen unter dem druckvollen Kauen leiden.<\/p>\n<p>Folgende Dinge sollten \u00fcberpr\u00fcft werden, bevor das entspannte Abkauenlassen zu einem Teil des Trainings wird:<\/p>\n<ul>\n<li>Hat das Pferd Schmerzen im Maulbereich und braucht vielleicht eine <a href=\"https:\/\/uelzener.de\/magazin\/pferd\/tiergesundheit\/zahnkrankheiten-pferd\/\">Zahnbehandlung<\/a>?<\/li>\n<li>K\u00f6nnen andere Schmerzen urs\u00e4chlich sein?<\/li>\n<li>Passt der Sattel einwandfrei auf den Pferder\u00fccken oder kommt es zu Druckstellen?<\/li>\n<li>Ist der eigene Reitstil korrekt und f\u00f6rdert ein entspanntes Reiten?<\/li>\n<\/ul>\n<h2><strong>\u00dcbungen, um das Abkauen mit dem Pferd zu trainieren<\/strong><\/h2>\n<p>Grunds\u00e4tzlich f\u00f6rdert bereits die richtige Ausr\u00fcstung, dass ein Pferd sich entspannen kann. Eine einfach oder doppelt gebrochene Wassertrense erm\u00f6glicht dem Pferdemaul viel Bewegungsfreiheit, insbesondere wenn keine Riemen \u00fcber die Nase gelegt werden. So kann das Pferd sein Maul leicht \u00f6ffnen und entspannt die Zunge bewegen. Vor dem eigentlichen Training k\u00f6nnen einfache \u00dcbungen das Pferd bereits zum Leerkauen anspornen. Diese \u00dcbungen sind besonders bei Pferden wichtig, die \u00fcber lange Zeit falsch geritten wurden und eben nicht von alleine in eine entspannte Haltung gehen.<\/p>\n<p>Dabei k\u00f6nnen Reiter:innen vor dem <a href=\"https:\/\/uelzener.de\/magazin\/pferd\/tipps-fuer-den-alltag\/aufsteigen-von-links-aufs-pferd\/\">Aufsteigen<\/a> dem Pferd beispielsweise sanft die Lippen massieren und einen Finger in den Maulwinkel stecken. Schleckt das Pferd daraufhin mit der Zunge und setzt zum Kauen an, ziehe die Finger weg und lob das Tier. Tritt der Effekt nicht ein, kann der Druck leicht verst\u00e4rkt werden. \u00dcbungen dieser Art sollten zwei bis dreimal wiederholt werden und immer positiv mit einem Lob enden.<\/p>\n<h2><strong>Beobachtung ist der Schl\u00fcssel beim Leerkauen<\/strong><\/h2>\n<p>Da das Leerkauen eines Pferdes immer in den Kontext der allgemeinen K\u00f6rpersprache und Situation eingeordnet werden muss, ist es wichtig, sein Tier stets gut zu beobachten. Dabei fallen nicht nur Fehler im eigenen Reit- oder Trainingsstil, sondern auch Verletzungen und Schmerzen beim Pferd. Selbstverst\u00e4ndlich m\u00fcssen auch Gebiss und Sattel optimal passen. L\u00e4uft das Pferd locker und entspannt und bildet dabei Schaum vor dem Mund, dann ist das Abkauen wirklich, wie so oft behauptet, ein gutes Signal.<\/p>\n<p>L\u00e4uft ein Pferd verspannt oder steht es beispielsweise angespannt in der Stallgasse, so kann man es gezielt zum Abkauen anregen. Bei vielen Pferden f\u00fchren geeignete \u00dcbungen dazu, dass sie schlecken, kauen und den Kopf senken \u2013 also Druck ablassen und sich am ganzen K\u00f6rper entspannen.<\/p>\n<h2><strong>FAQ: H\u00e4ufig gestellte Fragen zum Thema &#8222;Leerkauen beim Pferd&#8220;<\/strong><\/h2>\n<h3><strong>Was bedeutet es, wenn das Pferd auf dem Gebiss kaut?<\/strong><\/h3>\n<p>Die Mault\u00e4tigkeit setzt nicht nur bei Entspannung ein, sondern hat auch selbst eine beruhigende Wirkung auf das Pferd. Beim Reiten sind flie\u00dfendere Bewegungsabl\u00e4ufe und eine bessere Versammlung m\u00f6glich. Leerkauen kann aber auch zur Sprache der Pferde untereinander geh\u00f6ren. Fohlen und Jungpferde kauen h\u00e4ufig ab, um eine beschwichtigende Geste gegen\u00fcber \u00e4lteren Tieren zu signalisieren.<\/p>\n<h3><strong>Welches Gebiss ist das Beste f\u00fcr mein Pferd?<\/strong><\/h3>\n<p>Mit Unterst\u00fctzung eines Pferdezahnarztes oder dem sogenannten \u201e2-Finger-Tests\u201c l\u00e4sst sich feststellen, wie viel Platz im Maul des Pferdes ist und welche Gebissst\u00e4rke empfehlenswert ist. Bei dem 2-Finger-Test legt man einfach die zusammengelegten Zeige- und Mittelfinger an die Stelle ins Pferdemaul, an der das Gebiss eingelegt wird.<\/p>\n<h3><strong>Wie bringe ich mein Pferd zum Abkauen?<\/strong><\/h3>\n<p>Eine einfach oder doppelt gebrochene Wassertrense erm\u00f6glicht dem Pferdemaul viel Bewegungsfreiheit, insbesondere wenn keine Riemen \u00fcber die Nase gelegt werden. So kann das Pferd sein Maul leicht \u00f6ffnen und entspannt die Zunge bewegen. Vor dem eigentlichen Training k\u00f6nnen einfache \u00dcbungen das Pferd bereits zum Leerkauen anspornen.<\/p>\n","protected":false},"excerpt":{"rendered":"<p>Wenn sich beim Reiten ein leichter Schaum am Maul des Tieres bildet, gilt das gemeinhin als gutes Zeichen. Schlie\u00dflich steht die Speichelproduktion durch das Leerkauen f\u00fcr ein entspanntes Pferd, obwohl es gerade H\u00f6chstleistungen vollbringt. Es kann aber auch andere Ursachen geben, etwa Schmerz oder Stress. Daher ist es immer wichtig, die Gesamtsituation zu beurteilen. Leerkauen, [&hellip;]<\/p>\n","protected":false},"author":11,"featured_media":13765,"parent":11706,"menu_order":36,"comment_status":"closed","ping_status":"closed","template":"templates\/blog.php","meta":{"_acf_changed":false,"_crdt_document":"","footnotes":"","beyondwords_generate_audio":"","beyondwords_project_id":"","beyondwords_content_id":"","beyondwords_preview_token":"","beyondwords_player_style":"","beyondwords_language_id":"","beyondwords_title_voice_id":"","beyondwords_body_voice_id":"","beyondwords_summary_voice_id":"","beyondwords_error_message":"","beyondwords_disabled":"","beyondwords_delete_content":"","beyondwords_podcast_id":"","beyondwords_hash":"","publish_post_to_speechkit":"","speechkit_hash":"","speechkit_generate_audio":"","speechkit_project_id":"","speechkit_podcast_id":"","speechkit_error_message":"","speechkit_disabled":"","speechkit_access_key":"","speechkit_error":"","speechkit_info":"","speechkit_response":"","speechkit_retries":"","speechkit_status":"","speechkit_updated_at":"","_speechkit_link":"","_speechkit_text":""},"class_list":["post-13751","page","type-page","status-publish","has-post-thumbnail","hentry"],"acf":[],"yoast_head":"<!-- This site is optimized with the Yoast SEO Premium plugin  - https:\/\/yoast.com\/product\/yoast-seo-premium-wordpress\/ -->\n<title>Leerkauen beim Pferd: Das steckt dahinter - Uelzener Tiermagazin<\/title>\n<meta name=\"description\" content=\"Das Leerkauen ist eine normale Verhaltensweise beim Pferd \u2713 Bedeutung \u2713 Folgen \u2713 \u00dcbungen \u00bb Jetzt hier mehr erfahren!\" \/>\n<meta name=\"robots\" content=\"index, follow, max-snippet:-1, max-image-preview:large, max-video-preview:-1\" \/>\n<link rel=\"canonical\" href=\"https:\/\/uelzener.de\/magazin\/pferd\/tiergesundheit\/leerkauen-pferd\/\" \/>\n<meta property=\"og:locale\" content=\"de_DE\" \/>\n<meta property=\"og:type\" content=\"article\" \/>\n<meta property=\"og:title\" content=\"Leerkauen beim Pferd: Gutes oder schlechtes Zeichen?\" \/>\n<meta property=\"og:description\" content=\"Das Leerkauen ist eine normale Verhaltensweise beim Pferd \u2713 Bedeutung \u2713 Folgen \u2713 \u00dcbungen \u00bb Jetzt hier mehr erfahren!\" \/>\n<meta property=\"og:url\" content=\"https:\/\/uelzener.de\/magazin\/pferd\/tiergesundheit\/leerkauen-pferd\/\" \/>\n<meta property=\"og:site_name\" content=\"Uelzener Tier-Magazin\" \/>\n<meta property=\"article:publisher\" content=\"https:\/\/www.facebook.com\/Uelzener\" \/>\n<meta property=\"article:modified_time\" content=\"2023-09-20T07:08:03+00:00\" \/>\n<meta property=\"og:image\" content=\"https:\/\/uelzener.de\/magazin\/app\/uploads\/2022\/09\/Pferd-Abkauen-lassen-Leerkauen.jpg\" \/>\n\t<meta property=\"og:image:width\" content=\"1025\" \/>\n\t<meta property=\"og:image:height\" content=\"450\" \/>\n\t<meta property=\"og:image:type\" content=\"image\/jpeg\" \/>\n<meta name=\"twitter:card\" content=\"summary_large_image\" \/>\n<meta name=\"twitter:label1\" content=\"Gesch\u00e4tzte Lesezeit\" \/>\n\t<meta name=\"twitter:data1\" content=\"6\u00a0Minuten\" \/>\n<script type=\"application\/ld+json\" class=\"yoast-schema-graph\">{\"@context\":\"https:\/\/schema.org\",\"@graph\":[{\"@type\":\"WebPage\",\"@id\":\"https:\/\/uelzener.de\/magazin\/pferd\/tiergesundheit\/leerkauen-pferd\/\",\"url\":\"https:\/\/uelzener.de\/magazin\/pferd\/tiergesundheit\/leerkauen-pferd\/\",\"name\":\"Leerkauen beim Pferd: Das steckt dahinter - Uelzener Tiermagazin\",\"isPartOf\":{\"@id\":\"https:\/\/uelzener.de\/magazin\/#website\"},\"primaryImageOfPage\":{\"@id\":\"https:\/\/uelzener.de\/magazin\/pferd\/tiergesundheit\/leerkauen-pferd\/#primaryimage\"},\"image\":{\"@id\":\"https:\/\/uelzener.de\/magazin\/pferd\/tiergesundheit\/leerkauen-pferd\/#primaryimage\"},\"thumbnailUrl\":\"https:\/\/uelzener.de\/magazin\/app\/uploads\/2022\/09\/Pferd-Abkauen-lassen-Leerkauen.jpg\",\"datePublished\":\"2022-09-16T13:41:30+00:00\",\"dateModified\":\"2023-09-20T07:08:03+00:00\",\"description\":\"Das Leerkauen ist eine normale Verhaltensweise beim Pferd \u2713 Bedeutung \u2713 Folgen \u2713 \u00dcbungen \u00bb Jetzt hier mehr erfahren!\",\"breadcrumb\":{\"@id\":\"https:\/\/uelzener.de\/magazin\/pferd\/tiergesundheit\/leerkauen-pferd\/#breadcrumb\"},\"inLanguage\":\"de\",\"potentialAction\":[{\"@type\":\"ReadAction\",\"target\":[\"https:\/\/uelzener.de\/magazin\/pferd\/tiergesundheit\/leerkauen-pferd\/\"]}]},{\"@type\":\"ImageObject\",\"inLanguage\":\"de\",\"@id\":\"https:\/\/uelzener.de\/magazin\/pferd\/tiergesundheit\/leerkauen-pferd\/#primaryimage\",\"url\":\"https:\/\/uelzener.de\/magazin\/app\/uploads\/2022\/09\/Pferd-Abkauen-lassen-Leerkauen.jpg\",\"contentUrl\":\"https:\/\/uelzener.de\/magazin\/app\/uploads\/2022\/09\/Pferd-Abkauen-lassen-Leerkauen.jpg\",\"width\":1025,\"height\":450,\"caption\":\"Klebriger Speichel allein ist noch kein Anzeichen f\u00fcr Leerkauen und Stress beim Pferd\"},{\"@type\":\"WebSite\",\"@id\":\"https:\/\/uelzener.de\/magazin\/#website\",\"url\":\"https:\/\/uelzener.de\/magazin\/\",\"name\":\"Uelzener Tiermagazin\",\"description\":\"Online Tierratgeber der Uelzener Versicherungen\",\"publisher\":{\"@id\":\"https:\/\/uelzener.de\/magazin\/#organization\"},\"potentialAction\":[{\"@type\":\"SearchAction\",\"target\":{\"@type\":\"EntryPoint\",\"urlTemplate\":\"https:\/\/uelzener.de\/magazin\/?s={search_term_string}\"},\"query-input\":{\"@type\":\"PropertyValueSpecification\",\"valueRequired\":true,\"valueName\":\"search_term_string\"}}],\"inLanguage\":\"de\"},{\"@type\":\"Organization\",\"@id\":\"https:\/\/uelzener.de\/magazin\/#organization\",\"name\":\"Uelzener Versicherungen\",\"url\":\"https:\/\/uelzener.de\/magazin\/\",\"logo\":{\"@type\":\"ImageObject\",\"inLanguage\":\"de\",\"@id\":\"https:\/\/uelzener.de\/magazin\/#\/schema\/logo\/image\/\",\"url\":\"https:\/\/uelzener.de\/magazin\/app\/uploads\/2024\/11\/uelzener_allgemeine_versicherungsgesellschaft_a_g_logo.jpg\",\"contentUrl\":\"https:\/\/uelzener.de\/magazin\/app\/uploads\/2024\/11\/uelzener_allgemeine_versicherungsgesellschaft_a_g_logo.jpg\",\"width\":200,\"height\":200,\"caption\":\"Uelzener Versicherungen\"},\"image\":{\"@id\":\"https:\/\/uelzener.de\/magazin\/#\/schema\/logo\/image\/\"},\"sameAs\":[\"https:\/\/www.facebook.com\/Uelzener\",\"https:\/\/instagram.com\/uelzener\",\"https:\/\/www.xing.com\/pages\/uelzenerallgemeineversicherungs-gesellschafta-g\",\"https:\/\/www.youtube.com\/UelzenerVersicherungen\"]}]}<\/script>\n<!-- \/ Yoast SEO Premium plugin. -->","yoast_head_json":{"title":"Leerkauen beim Pferd: Das steckt dahinter - Uelzener Tiermagazin","description":"Das Leerkauen ist eine normale Verhaltensweise beim Pferd \u2713 Bedeutung \u2713 Folgen \u2713 \u00dcbungen \u00bb Jetzt hier mehr erfahren!","robots":{"index":"index","follow":"follow","max-snippet":"max-snippet:-1","max-image-preview":"max-image-preview:large","max-video-preview":"max-video-preview:-1"},"canonical":"https:\/\/uelzener.de\/magazin\/pferd\/tiergesundheit\/leerkauen-pferd\/","og_locale":"de_DE","og_type":"article","og_title":"Leerkauen beim Pferd: Gutes oder schlechtes Zeichen?","og_description":"Das Leerkauen ist eine normale Verhaltensweise beim Pferd \u2713 Bedeutung \u2713 Folgen \u2713 \u00dcbungen \u00bb Jetzt hier mehr erfahren!","og_url":"https:\/\/uelzener.de\/magazin\/pferd\/tiergesundheit\/leerkauen-pferd\/","og_site_name":"Uelzener Tier-Magazin","article_publisher":"https:\/\/www.facebook.com\/Uelzener","article_modified_time":"2023-09-20T07:08:03+00:00","og_image":[{"width":1025,"height":450,"url":"https:\/\/uelzener.de\/magazin\/app\/uploads\/2022\/09\/Pferd-Abkauen-lassen-Leerkauen.jpg","type":"image\/jpeg"}],"twitter_card":"summary_large_image","twitter_misc":{"Gesch\u00e4tzte Lesezeit":"6\u00a0Minuten"},"schema":{"@context":"https:\/\/schema.org","@graph":[{"@type":"WebPage","@id":"https:\/\/uelzener.de\/magazin\/pferd\/tiergesundheit\/leerkauen-pferd\/","url":"https:\/\/uelzener.de\/magazin\/pferd\/tiergesundheit\/leerkauen-pferd\/","name":"Leerkauen beim Pferd: Das steckt dahinter - Uelzener Tiermagazin","isPartOf":{"@id":"https:\/\/uelzener.de\/magazin\/#website"},"primaryImageOfPage":{"@id":"https:\/\/uelzener.de\/magazin\/pferd\/tiergesundheit\/leerkauen-pferd\/#primaryimage"},"image":{"@id":"https:\/\/uelzener.de\/magazin\/pferd\/tiergesundheit\/leerkauen-pferd\/#primaryimage"},"thumbnailUrl":"https:\/\/uelzener.de\/magazin\/app\/uploads\/2022\/09\/Pferd-Abkauen-lassen-Leerkauen.jpg","datePublished":"2022-09-16T13:41:30+00:00","dateModified":"2023-09-20T07:08:03+00:00","description":"Das Leerkauen ist eine normale Verhaltensweise beim Pferd \u2713 Bedeutung \u2713 Folgen \u2713 \u00dcbungen \u00bb Jetzt hier mehr erfahren!","breadcrumb":{"@id":"https:\/\/uelzener.de\/magazin\/pferd\/tiergesundheit\/leerkauen-pferd\/#breadcrumb"},"inLanguage":"de","potentialAction":[{"@type":"ReadAction","target":["https:\/\/uelzener.de\/magazin\/pferd\/tiergesundheit\/leerkauen-pferd\/"]}]},{"@type":"ImageObject","inLanguage":"de","@id":"https:\/\/uelzener.de\/magazin\/pferd\/tiergesundheit\/leerkauen-pferd\/#primaryimage","url":"https:\/\/uelzener.de\/magazin\/app\/uploads\/2022\/09\/Pferd-Abkauen-lassen-Leerkauen.jpg","contentUrl":"https:\/\/uelzener.de\/magazin\/app\/uploads\/2022\/09\/Pferd-Abkauen-lassen-Leerkauen.jpg","width":1025,"height":450,"caption":"Klebriger Speichel allein ist noch kein Anzeichen f\u00fcr Leerkauen und Stress beim Pferd"},{"@type":"WebSite","@id":"https:\/\/uelzener.de\/magazin\/#website","url":"https:\/\/uelzener.de\/magazin\/","name":"Uelzener Tiermagazin","description":"Online Tierratgeber der Uelzener Versicherungen","publisher":{"@id":"https:\/\/uelzener.de\/magazin\/#organization"},"potentialAction":[{"@type":"SearchAction","target":{"@type":"EntryPoint","urlTemplate":"https:\/\/uelzener.de\/magazin\/?s={search_term_string}"},"query-input":{"@type":"PropertyValueSpecification","valueRequired":true,"valueName":"search_term_string"}}],"inLanguage":"de"},{"@type":"Organization","@id":"https:\/\/uelzener.de\/magazin\/#organization","name":"Uelzener Versicherungen","url":"https:\/\/uelzener.de\/magazin\/","logo":{"@type":"ImageObject","inLanguage":"de","@id":"https:\/\/uelzener.de\/magazin\/#\/schema\/logo\/image\/","url":"https:\/\/uelzener.de\/magazin\/app\/uploads\/2024\/11\/uelzener_allgemeine_versicherungsgesellschaft_a_g_logo.jpg","contentUrl":"https:\/\/uelzener.de\/magazin\/app\/uploads\/2024\/11\/uelzener_allgemeine_versicherungsgesellschaft_a_g_logo.jpg","width":200,"height":200,"caption":"Uelzener Versicherungen"},"image":{"@id":"https:\/\/uelzener.de\/magazin\/#\/schema\/logo\/image\/"},"sameAs":["https:\/\/www.facebook.com\/Uelzener","https:\/\/instagram.com\/uelzener","https:\/\/www.xing.com\/pages\/uelzenerallgemeineversicherungs-gesellschafta-g","https:\/\/www.youtube.com\/UelzenerVersicherungen"]}]}},"_links":{"self":[{"href":"https:\/\/uelzener.de\/magazin\/wp-json\/wp\/v2\/pages\/13751","targetHints":{"allow":["GET"]}}],"collection":[{"href":"https:\/\/uelzener.de\/magazin\/wp-json\/wp\/v2\/pages"}],"about":[{"href":"https:\/\/uelzener.de\/magazin\/wp-json\/wp\/v2\/types\/page"}],"author":[{"embeddable":true,"href":"https:\/\/uelzener.de\/magazin\/wp-json\/wp\/v2\/users\/11"}],"replies":[{"embeddable":true,"href":"https:\/\/uelzener.de\/magazin\/wp-json\/wp\/v2\/comments?post=13751"}],"version-history":[{"count":5,"href":"https:\/\/uelzener.de\/magazin\/wp-json\/wp\/v2\/pages\/13751\/revisions"}],"predecessor-version":[{"id":16250,"href":"https:\/\/uelzener.de\/magazin\/wp-json\/wp\/v2\/pages\/13751\/revisions\/16250"}],"up":[{"embeddable":true,"href":"https:\/\/uelzener.de\/magazin\/wp-json\/wp\/v2\/pages\/11706"}],"wp:featuredmedia":[{"embeddable":true,"href":"https:\/\/uelzener.de\/magazin\/wp-json\/wp\/v2\/media\/13765"}],"wp:attachment":[{"href":"https:\/\/uelzener.de\/magazin\/wp-json\/wp\/v2\/media?parent=13751"}],"curies":[{"name":"wp","href":"https:\/\/api.w.org\/{rel}","templated":true}]}}