{"id":13749,"date":"2022-09-16T15:26:21","date_gmt":"2022-09-16T13:26:21","guid":{"rendered":"https:\/\/uelzener.de\/magazin\/?page_id=13749"},"modified":"2023-04-18T14:12:24","modified_gmt":"2023-04-18T12:12:24","slug":"wuermer-pferd","status":"publish","type":"page","link":"https:\/\/uelzener.de\/magazin\/pferd\/tiergesundheit\/wuermer-pferd\/","title":{"rendered":"W\u00fcrmer beim Pferd: Vorbeugen und behandeln"},"content":{"rendered":"<p>Parasiten wie Faden- und Bandw\u00fcrmer geh\u00f6ren zu den verbreitetsten Krankheitserregern bei Pferden. Werden diese rechtzeitig erkannt, l\u00e4sst sich ein Wurmbefall mit heutigen Mitteln gut behandeln. Wie du eine Ansteckung mit W\u00fcrmern erkennst, diese behandeln und ihr am besten vorbeugen kannst, erf\u00e4hrst du in unserem Ratgeber.<\/p>\n<p>Manchmal ist einfach der Wurm drin: Besonders w\u00e4hrend der warmen Jahreszeit werden Pferde h\u00e4ufig von Parasiten geplagt. Sie nisten sich auf Haut und Fell ein oder warten auf dem Futter darauf, von ihren Wirten gefressen zu werden. Kaum ein Pferd kommt parasitenfrei durchs Jahr \u2013 deshalb ist eine gute Strategie f\u00fcr Entwurmungs- und Hygienema\u00dfnahmen so wichtig f\u00fcr verantwortungsbewusste Pferdebesitzer:innen und gesunde Pferde.<\/p>\n<h2><strong>Wie werden W\u00fcrmer \u00fcbertragen?<\/strong><\/h2>\n<p>W\u00fcrmer k\u00f6nnen sich \u00fcber verschiedene Wege auf oder in einem Pferd einnisten. Zu den h\u00e4ufigsten Arten der Ansteckung z\u00e4hlt die <em>orale<\/em> Aufnahme der W\u00fcrmer, Larven oder Wurmeier \u00fcber befallenes Futter oder Gras. Vom Verdauungstrakt wandern die Parasiten dann \u00fcber verschiedene Wege, zum Beispiel \u00fcber die Lunge oder die Bauchh\u00f6hle, \u00a0in den Darm. Dort nisten sie sich ein, vermehren sich und k\u00f6nnen auch andere Organe des Tieres befallen.<\/p>\n<p>Von einer <em>laktogenen<\/em> Aufnahme spricht man, wenn Fohlen die Parasiten \u00fcber die Muttermilch aufnehmen. Das ist zum Beispiel der Fall, wenn die Mutterstute bereits w\u00e4hrend der <a href=\"https:\/\/uelzener.de\/magazin\/pferd\/haeufige-fragen\/pferd-traechtig-wissenswertes-pflege-ernaehrung-vorsorge\/\">Tr\u00e4chtigkeit<\/a> oder nach der Geburt mit W\u00fcrmern infiziert war. \u00dcber das Blut k\u00f6nnen die W\u00fcrmer dann in die Milch der Stute gelangen und sich auf das Fohlen \u00fcbertragen.<\/p>\n<p>Eine <em>perkutane <\/em>Aufnahme von W\u00fcrmern erfolgt \u00fcber den direkten Hautkontakt. Das ist innerhalb von Herden h\u00e4ufig der Fall. Lecken sich Pferde zur Fellpflege gegenseitig ab oder knabbern aneinander, k\u00f6nnen Parasiten von der Haut in den Magen gelangen. Aber auch durch den Kontakt mit Pferde\u00e4pfeln anderer Artgenossen kann es zu Infektionen kommen.<\/p>\n<h2><strong>Wie sind die Symptome einer Verwurmung beim Pferd?<\/strong><\/h2>\n<p>Haben sich W\u00fcrmer in einem Pferd eingenistet, macht sich ein solcher Befall nicht immer unmittelbar bemerkbar. Oft zeigen sich zun\u00e4chst eher leichte Symptome, wie ein stumpfes und glanzloses Fell. Mit der Zeit k\u00f6nnen sich Krankheitsanzeichen jedoch intensivieren: Viele betroffene Pferde leiden beispielsweise an Appetitlosigkeit, verlieren Gewicht und sind anf\u00e4lliger f\u00fcr Koliken.<\/p>\n<p>W\u00fcrmer k\u00f6nnen bei Pferden also verschiedene Symptome ausl\u00f6sen. Vor allem bei eher milden Symptomen vermutet man nicht sofort einen Wurmbefall. Sp\u00e4testens, wenn sich die folgenden Krankheitsanzeichen zeigen, sollte eine tier\u00e4rztliche Untersuchung in Erw\u00e4gung gezogen werden:<\/p>\n<ul>\n<li><strong>Symptome im Bereich von Darm und Verdauung<\/strong>: Durchfall, Entz\u00fcndungen im Darm, Verstopfung und Koliken<\/li>\n<li><strong>Warnsignale am ganzen K\u00f6rper<\/strong>: Abmagerung, glanzloses stumpfes Fell, abgescheuerte Schweifr\u00fcbe durch permanentes Schubbern an W\u00e4nden oder Gegenst\u00e4nden<\/li>\n<li><strong>Kritischer Allgemeinzustand<\/strong>: Abgeschlagenheit, verminderte Leistungsbereitschaft, Appetitverlust und Fieber<\/li>\n<\/ul>\n<h2><strong>Welche Wurmarten gibt es?<\/strong><\/h2>\n<p>Die h\u00e4ufigsten Wurmarten bei Pferden und ihre Krankheitsfolgen haben wir in einer \u00dcbersicht zusammengestellt:<\/p>\n<ul>\n<li><strong>Bandw\u00fcrmer <\/strong>(Ancylocephala) kommen am h\u00e4ufigsten in der zweiten H\u00e4lfte der Weidezeit vor. \u00dcber Moosmilben, die ihnen als Zwischenwirt dienen, werden sie \u00fcber infiziertes Weidengras aufgenommen. Gelangt der Bandwurm in ein Pferd, siedelt er sich an der Ileoz\u00e4kalklappe (am Eingang von D\u00fcnndarm zum Blinddarm) an. Dort verursacht er Ulzerationen bis hin zu Perforationen. Im Zusammenhang mit Bandwurmbefall kann es auch zu IInvaginationen (Darmteile schieben sich ineinander) und Entz\u00fcndungen der befallenen Darmabschnitte kommen. Durchfall oder Verstopfung, Gewichtsverlust und <a href=\"https:\/\/uelzener.de\/magazin\/pferd\/tiergesundheit\/kolik-beim-pferd\/\">Koliken beim Pferd<\/a> k\u00f6nnen die Folgen sein.<\/li>\n<li><strong>Dasselfliegen<\/strong>(Oestridae) legen ihre Eier auf dem Fell von Tieren ab. Sie sind als kleine gelbe Punkte an den Gliedma\u00dfen oder im Brust- und Bauchbereich erkennbar. Bei der gegenseitigen oder eigenen Fellpflege nehmen Pferde sie \u00fcber das Maul auf. Die geschl\u00fcpften <strong>Magendasseln<\/strong> verursachen im Maul Entz\u00fcndungen und Schluckbeschwerden. Im Magen k\u00f6nnen sie sich anheften und Entz\u00fcndungen ausl\u00f6sen.<\/li>\n<li><strong>Gro\u00dfe Strongyliden <\/strong>(Strongylus vulgaris, Strongylus edentatus und Strongylus equinus) geh\u00f6ren zu den gef\u00e4hrlichsten Darmparasiten f\u00fcr Pferde. \u00dcber Larven werden diese von grasenden Pferden aufgenommen und gelangen in den Darm des Tieres. Dort entwickeln sie sich weiter und wandern dann durch die Darmschleimhaut in den Mesenterialgef\u00e4\u00dfen zur Aorta. Dort verursachen sie Blutgerinnsel (Thromben) und Entz\u00fcndungen, so dass es zu Verletzungen und Blutungen der betroffenen Regionen kommen. Im Darmtrakt selbst verursachen sie Durchfall und Darminfarkte. Durch die komplexe weitere Wanderung, die auch \u00fcber die Leber und Bauchspeicheldr\u00fcse l\u00e4uft, kann dieser Parasit erhebliche Sch\u00e4den anrichten, die nicht nur den Darm betreffen, sondern auch alle Organe, die von der Wanderung betroffen sind.<\/li>\n<li><strong>Kleine Strongyliden <\/strong>(Strongyloides westeri) Diese W\u00fcrmer ben\u00f6tigen wie ihre gro\u00dfen Namensvetter keine Zwischenwirte. Sie setzen sich nach der Aufnahme des infekti\u00f6sen Larvenstadium im Dickdarm fest. Dort sitzen sie als kleines Kn\u00f6tchen in der Darmwand und k\u00f6nnen einige Zeit verweilen ohne sich weiter zu entwickeln (Hypobiose). Die Larven k\u00f6nnen Wochen, Monate oder auch Jahre dort im Darm verbleiben und je nach Befall eine Entz\u00fcndungsreaktion hervorrufen. Die Problematik dieser W\u00fcrmer sind nicht nur die zunehmenden Resistenzen der Wurmmittel, sondern auch dass die Larven, die in der Darmwand sitzen nicht von den meisten Wurmkuren entfernt werden k\u00f6nnen. Dazu ben\u00f6tigt man den Wirkstoff Moxidectin. Bei einem massiven Befall mit kleinen Strongyliden kann es zu Durchf\u00e4llen, Koliken, Abmagerung und einer Sch\u00e4digung der Darmwand kommen, die t\u00f6dlich enden k\u00f6nnen.<\/li>\n<li><strong>Pfriemenschw\u00e4nze <\/strong>(Oxyuris equi) legen ihre Eier an der Schweifr\u00fcbe und um den Anus von Pferden ab. Dort verursachen sie starken Juckreiz, der zu kahl gescheuerten Schweifr\u00fcben f\u00fchrt. In seltenen F\u00e4llen kommt es zu st\u00e4rkeren Symptomen wie Unruhe, Koliken, Appetitlosigkeit und Entz\u00fcndungen.<\/li>\n<li><strong>Spulw\u00fcrmer<\/strong>(Parascaris equorum) stellen vor allem f\u00fcr Fohlen und junge Pferd bis zu einem Alter von drei Jahren ein Problem dar. Die Larven der Spulw\u00fcrmer gelangen \u00fcber das Futter oder kontaminiertes Wasser in den Darm der Tiere und wandern dann durch den Darm \u00fcber die Pfortader in die rechte Herzkammer und in die Lunge. Von gelangen sie dann \u00fcber die Luftr\u00f6hre in die Maulh\u00f6hle und werden abgeschluckt um sich dann im D\u00fcnndarm anzusiedeln. Dort k\u00f6nnen sie bei massivem Befall eine Verlegung des Darmabschnittes hervorrufen. Ansonsten sind die klinschen Symptome aufgrund der Wanderung sehr vielf\u00e4ltig. Es kann zu Koliken, Husten und Leistungsinsuffizienz kommen.<\/li>\n<\/ul>\n<h2><strong>Behandlung von W\u00fcrmern beim Pferd<\/strong><\/h2>\n<p>Vor einigen Jahren war es noch \u00fcblich, p\u00fcnktlich vier Mal im Jahr alle Pferde eines Bestands kollektiv mit einem vom Tierarzt verschriebenen Medikament zu entwurmen. Heute praktizieren viele Stall- und Pferdebesitzer:innen eine selektive Entwurmung, um Darm und Leber der Pferde zu schonen und vor allem um Resistenzen vorzubeugen.<\/p>\n<p>Bei der selektiven Entwurmung sammeln die Pferdebesitzer:innen \u00fcber mehrere Tage Kotproben und lassen diese im Labor untersuchen. Je nach Alter der Tiere, ihrem Allgemeinzustand und der Haltungsform f\u00e4llt eine solche Untersuchung mindestens zwei bis vier Mal im Jahr an. Ab einer bestimmten Wurmb\u00fcrde (Bei einem positiven Befund) wird dem betroffenen Pferd eine Wurmkur verabreicht. Die Wirkstoffe dieser Medikamente t\u00f6ten die Sch\u00e4dlinge ab und d\u00e4mmen deren Verbreitung ein. Die Kosten f\u00fcr eine solche Behandlung werden von einer <a href=\"https:\/\/uelzener.de\/pferd\/pferde-krankenversicherung\/\">Pferde-Krankenversicherung<\/a> abgedeckt.<\/p>\n<p>Tier\u00e4rzte empfehlen, auch tr\u00e4chtige Stuten und Fohlen ab der vierten Lebenswoche zu entwurmen. Das soll verhindern, dass sich die <a href=\"https:\/\/uelzener.de\/magazin\/pferd\/tiergesundheit\/parasiten-beim-pferd-das-solltest-du-wissen\/\">Parasiten<\/a> \u00fcber die Blutbahn in die Milch der Stute einschleusen k\u00f6nnen. In den sp\u00e4teren Lebensjahren werden Pferde dann gezielt mit wechselnden Pr\u00e4paraten behandelt, um zu verhindern, dass sie gegen\u00fcber bestimmten Wirkstoffen resistent werden.<\/p>\n<p><strong>Dem Wurmbefall beim Pferd vorbeugen<\/strong><\/p>\n<p>Ein gutes Hygienekonzept ist das A und O der Pr\u00e4vention. Auf gut gepflegten Paddocks und Weiden l\u00e4sst sich Parasitenbefall eind\u00e4mmen. Nachhaltiger Schutz f\u00fcr den Darm des Pferdes und das Portemonnaie der Besitzer:innen bieten die folgenden Ma\u00dfnahmen:<\/p>\n<ul>\n<li><strong>Pferdeboxen und Paddocks <\/strong>sollten regelm\u00e4\u00dfig gereinigt und desinfiziert sowie m\u00f6glichst trocken gehalten werden. Dazu geh\u00f6rt auch das Reinigen von Wasser- und Futtertr\u00f6gen.<\/li>\n<li>Ebenso wie der Stall sollten<strong> Weidefl\u00e4chen und Ausl\u00e4ufe <\/strong>sauber gehalten werden. Besonders wichtig ist es, Pferde\u00e4pfel mindestens zweimal in der Woche abzutragen.<\/li>\n<li>Beim Verdacht auf einen Befall mit Pfriemenschw\u00e4nzen beim Pferd sollten Pferdebesitzer:innen das Fell und die Region um den After <strong>\u00a0reinigen<\/strong>. Es wird eine Wurmkur verabreicht.<\/li>\n<\/ul>\n<h2><strong>Gut vorbereitet durch die Parasitenzeit <\/strong><\/h2>\n<p>Wurminfektionen sind sowohl f\u00fcr Halter:innen und Pferde eine Belastung, besonders wenn junge oder alte Tiere mit schlechterem Immunsystem betroffen sind. Zudem zeigen sich die Symptome eines Parasitenbefalls nicht immer eindeutig und k\u00f6nnen anderen Erkrankungen \u00e4hneln. Deshalb ist es wichtig, mit dem Tierarzt eine sinnvolle Strategie f\u00fcr den eigenen individuellen Entwurmungsbedarf zu besprechen. Dank einem guten Hygienekonzept, regelm\u00e4\u00dfigen Untersuchungen und der richtigen Behandlung im Ernstfall bleibt das geliebte Pferd hoffentlich langfristig gesund und von W\u00fcrmern verschont.<\/p>\n<p><a href=\"https:\/\/uelzener.de\/magazin\/pferd\/haeufige-fragen\/liste-haeufigste-pferdekrankheiten-operationen\/\">Mehr zu weiteren Pferdekrankheiten<\/a> hier im Uelzener Tiermagazin!<\/p>\n<h2><strong>FAQ: H\u00e4ufig gestellte Fragen zum Thema &#8222;W\u00fcrmer beim Pferd&#8220;<\/strong><\/h2>\n<h3><strong>Wie oft sollte man das Pferd entwurmen?<\/strong><\/h3>\n<p>Sofern das Pferd von einem positiven Befund betroffen wurde. Vor einigen Jahren war es noch \u00fcblich, p\u00fcnktlich vier Mal im Jahr alle Pferde eines Bestands kollektiv zu entwurmen.<\/p>\n<h3><strong>Wie lange scheiden Pferde W\u00fcrmer nach einer Wurmkur aus?<\/strong><\/h3>\n<p>Nach einer Wurmkur werden massiv Wurmeier ausgeschieden. Es ist daher ratsam die Pferde ein bis drei Tage nicht auf die Weide zu lassen bzw. die Box komplett auszur\u00e4umen und die Weide abzu\u00e4pfeln.<\/p>\n<h3><strong>Wie \u00e4u\u00dfert sich der Wurmbefall bei Pferden?<\/strong><\/h3>\n<p>W\u00fcrmer k\u00f6nnen bei Pferde verschiedene Symptome ausl\u00f6sen. <strong>Symptome im Bereich von Darm und Verdauung:<\/strong> Durchfall, Entz\u00fcndungen im Darm, Verstopfung und Koliken. <strong>Warnsignale am ganzen K\u00f6rper:<\/strong> Abmagerung, glanzloses stumpfes Fell, abgescheuerte Schweifr\u00fcbe durch permanentes Schubbern an W\u00e4nden oder Gegenst\u00e4nden. <strong>Kritischer Allgemeinzustand<\/strong>: Abgeschlagenheit, verminderte Leistungsbereitschaft, Appetitverlust und Fieber.<\/p>\n","protected":false},"excerpt":{"rendered":"<p>Parasiten wie Faden- und Bandw\u00fcrmer geh\u00f6ren zu den verbreitetsten Krankheitserregern bei Pferden. Werden diese rechtzeitig erkannt, l\u00e4sst sich ein Wurmbefall mit heutigen Mitteln gut behandeln. Wie du eine Ansteckung mit W\u00fcrmern erkennst, diese behandeln und ihr am besten vorbeugen kannst, erf\u00e4hrst du in unserem Ratgeber. Manchmal ist einfach der Wurm drin: Besonders w\u00e4hrend der warmen [&hellip;]<\/p>\n","protected":false},"author":11,"featured_media":13763,"parent":11706,"menu_order":35,"comment_status":"closed","ping_status":"closed","template":"templates\/blog.php","meta":{"_acf_changed":false,"_crdt_document":"","footnotes":"","beyondwords_generate_audio":"","beyondwords_project_id":"","beyondwords_content_id":"","beyondwords_preview_token":"","beyondwords_player_style":"","beyondwords_language_id":"","beyondwords_title_voice_id":"","beyondwords_body_voice_id":"","beyondwords_summary_voice_id":"","beyondwords_error_message":"","beyondwords_disabled":"","beyondwords_delete_content":"","beyondwords_podcast_id":"","beyondwords_hash":"","publish_post_to_speechkit":"","speechkit_hash":"","speechkit_generate_audio":"","speechkit_project_id":"","speechkit_podcast_id":"","speechkit_error_message":"","speechkit_disabled":"","speechkit_access_key":"","speechkit_error":"","speechkit_info":"","speechkit_response":"","speechkit_retries":"","speechkit_status":"","speechkit_updated_at":"","_speechkit_link":"","_speechkit_text":""},"class_list":["post-13749","page","type-page","status-publish","has-post-thumbnail","hentry"],"acf":[],"yoast_head":"<!-- This site is optimized with the Yoast SEO Premium plugin  - https:\/\/yoast.com\/product\/yoast-seo-premium-wordpress\/ -->\n<title>W\u00fcrmer beim Pferd: Das ist zu tun - Uelzener Tiermagazin<\/title>\n<meta name=\"description\" content=\"Hat dein Pferd W\u00fcrmer? \u2713 Symptome \u2713 Wurmarten bei Pferden \u2713 \u00dcbertragung &amp; Behandlung \u00bb Hier findest du alle Informationen!\" \/>\n<meta name=\"robots\" content=\"index, follow, max-snippet:-1, max-image-preview:large, max-video-preview:-1\" \/>\n<link rel=\"canonical\" href=\"https:\/\/uelzener.de\/magazin\/pferd\/tiergesundheit\/wuermer-pferd\/\" \/>\n<meta property=\"og:locale\" content=\"de_DE\" \/>\n<meta property=\"og:type\" content=\"article\" \/>\n<meta property=\"og:title\" content=\"W\u00fcrmer beim Pferd: Vorbeugen und behandeln\" \/>\n<meta property=\"og:description\" content=\"Hat dein Pferd W\u00fcrmer? \u2713 Symptome \u2713 Wurmarten bei Pferden \u2713 \u00dcbertragung &amp; Behandlung \u00bb Hier findest du alle Informationen!\" \/>\n<meta property=\"og:url\" content=\"https:\/\/uelzener.de\/magazin\/pferd\/tiergesundheit\/wuermer-pferd\/\" \/>\n<meta property=\"og:site_name\" content=\"Uelzener Tier-Magazin\" \/>\n<meta property=\"article:publisher\" content=\"https:\/\/www.facebook.com\/Uelzener\" \/>\n<meta property=\"article:modified_time\" content=\"2023-04-18T12:12:24+00:00\" \/>\n<meta property=\"og:image\" content=\"https:\/\/uelzener.de\/magazin\/app\/uploads\/2022\/09\/Entwurmung-beim-Pferd-im-Herbst.jpg\" \/>\n\t<meta property=\"og:image:width\" content=\"1025\" \/>\n\t<meta property=\"og:image:height\" content=\"450\" \/>\n\t<meta property=\"og:image:type\" content=\"image\/jpeg\" \/>\n<meta name=\"twitter:card\" content=\"summary_large_image\" \/>\n<meta name=\"twitter:label1\" content=\"Gesch\u00e4tzte Lesezeit\" \/>\n\t<meta name=\"twitter:data1\" content=\"7\u00a0Minuten\" \/>\n<script type=\"application\/ld+json\" class=\"yoast-schema-graph\">{\"@context\":\"https:\\\/\\\/schema.org\",\"@graph\":[{\"@type\":\"WebPage\",\"@id\":\"https:\\\/\\\/uelzener.de\\\/magazin\\\/pferd\\\/tiergesundheit\\\/wuermer-pferd\\\/\",\"url\":\"https:\\\/\\\/uelzener.de\\\/magazin\\\/pferd\\\/tiergesundheit\\\/wuermer-pferd\\\/\",\"name\":\"W\u00fcrmer beim Pferd: Das ist zu tun - Uelzener Tiermagazin\",\"isPartOf\":{\"@id\":\"https:\\\/\\\/uelzener.de\\\/magazin\\\/#website\"},\"primaryImageOfPage\":{\"@id\":\"https:\\\/\\\/uelzener.de\\\/magazin\\\/pferd\\\/tiergesundheit\\\/wuermer-pferd\\\/#primaryimage\"},\"image\":{\"@id\":\"https:\\\/\\\/uelzener.de\\\/magazin\\\/pferd\\\/tiergesundheit\\\/wuermer-pferd\\\/#primaryimage\"},\"thumbnailUrl\":\"https:\\\/\\\/uelzener.de\\\/magazin\\\/app\\\/uploads\\\/2022\\\/09\\\/Entwurmung-beim-Pferd-im-Herbst.jpg\",\"datePublished\":\"2022-09-16T13:26:21+00:00\",\"dateModified\":\"2023-04-18T12:12:24+00:00\",\"description\":\"Hat dein Pferd W\u00fcrmer? \u2713 Symptome \u2713 Wurmarten bei Pferden \u2713 \u00dcbertragung & Behandlung \u00bb Hier findest du alle Informationen!\",\"breadcrumb\":{\"@id\":\"https:\\\/\\\/uelzener.de\\\/magazin\\\/pferd\\\/tiergesundheit\\\/wuermer-pferd\\\/#breadcrumb\"},\"inLanguage\":\"de\",\"potentialAction\":[{\"@type\":\"ReadAction\",\"target\":[\"https:\\\/\\\/uelzener.de\\\/magazin\\\/pferd\\\/tiergesundheit\\\/wuermer-pferd\\\/\"]}]},{\"@type\":\"ImageObject\",\"inLanguage\":\"de\",\"@id\":\"https:\\\/\\\/uelzener.de\\\/magazin\\\/pferd\\\/tiergesundheit\\\/wuermer-pferd\\\/#primaryimage\",\"url\":\"https:\\\/\\\/uelzener.de\\\/magazin\\\/app\\\/uploads\\\/2022\\\/09\\\/Entwurmung-beim-Pferd-im-Herbst.jpg\",\"contentUrl\":\"https:\\\/\\\/uelzener.de\\\/magazin\\\/app\\\/uploads\\\/2022\\\/09\\\/Entwurmung-beim-Pferd-im-Herbst.jpg\",\"width\":1025,\"height\":450,\"caption\":\"Pferd bekommt von Reiterin und \u00c4rztin eine Wurmkur verabreicht.\"},{\"@type\":\"WebSite\",\"@id\":\"https:\\\/\\\/uelzener.de\\\/magazin\\\/#website\",\"url\":\"https:\\\/\\\/uelzener.de\\\/magazin\\\/\",\"name\":\"Uelzener Tiermagazin\",\"description\":\"Online Tierratgeber der Uelzener Versicherungen\",\"publisher\":{\"@id\":\"https:\\\/\\\/uelzener.de\\\/magazin\\\/#organization\"},\"potentialAction\":[{\"@type\":\"SearchAction\",\"target\":{\"@type\":\"EntryPoint\",\"urlTemplate\":\"https:\\\/\\\/uelzener.de\\\/magazin\\\/?s={search_term_string}\"},\"query-input\":{\"@type\":\"PropertyValueSpecification\",\"valueRequired\":true,\"valueName\":\"search_term_string\"}}],\"inLanguage\":\"de\"},{\"@type\":\"Organization\",\"@id\":\"https:\\\/\\\/uelzener.de\\\/magazin\\\/#organization\",\"name\":\"Uelzener Versicherungen\",\"url\":\"https:\\\/\\\/uelzener.de\\\/magazin\\\/\",\"logo\":{\"@type\":\"ImageObject\",\"inLanguage\":\"de\",\"@id\":\"https:\\\/\\\/uelzener.de\\\/magazin\\\/#\\\/schema\\\/logo\\\/image\\\/\",\"url\":\"https:\\\/\\\/uelzener.de\\\/magazin\\\/app\\\/uploads\\\/2024\\\/11\\\/uelzener_allgemeine_versicherungsgesellschaft_a_g_logo.jpg\",\"contentUrl\":\"https:\\\/\\\/uelzener.de\\\/magazin\\\/app\\\/uploads\\\/2024\\\/11\\\/uelzener_allgemeine_versicherungsgesellschaft_a_g_logo.jpg\",\"width\":200,\"height\":200,\"caption\":\"Uelzener Versicherungen\"},\"image\":{\"@id\":\"https:\\\/\\\/uelzener.de\\\/magazin\\\/#\\\/schema\\\/logo\\\/image\\\/\"},\"sameAs\":[\"https:\\\/\\\/www.facebook.com\\\/Uelzener\",\"https:\\\/\\\/instagram.com\\\/uelzener\",\"https:\\\/\\\/www.xing.com\\\/pages\\\/uelzenerallgemeineversicherungs-gesellschafta-g\",\"https:\\\/\\\/www.youtube.com\\\/UelzenerVersicherungen\"]}]}<\/script>\n<!-- \/ Yoast SEO Premium plugin. -->","yoast_head_json":{"title":"W\u00fcrmer beim Pferd: Das ist zu tun - Uelzener Tiermagazin","description":"Hat dein Pferd W\u00fcrmer? \u2713 Symptome \u2713 Wurmarten bei Pferden \u2713 \u00dcbertragung & Behandlung \u00bb Hier findest du alle Informationen!","robots":{"index":"index","follow":"follow","max-snippet":"max-snippet:-1","max-image-preview":"max-image-preview:large","max-video-preview":"max-video-preview:-1"},"canonical":"https:\/\/uelzener.de\/magazin\/pferd\/tiergesundheit\/wuermer-pferd\/","og_locale":"de_DE","og_type":"article","og_title":"W\u00fcrmer beim Pferd: Vorbeugen und behandeln","og_description":"Hat dein Pferd W\u00fcrmer? \u2713 Symptome \u2713 Wurmarten bei Pferden \u2713 \u00dcbertragung & Behandlung \u00bb Hier findest du alle Informationen!","og_url":"https:\/\/uelzener.de\/magazin\/pferd\/tiergesundheit\/wuermer-pferd\/","og_site_name":"Uelzener Tier-Magazin","article_publisher":"https:\/\/www.facebook.com\/Uelzener","article_modified_time":"2023-04-18T12:12:24+00:00","og_image":[{"width":1025,"height":450,"url":"https:\/\/uelzener.de\/magazin\/app\/uploads\/2022\/09\/Entwurmung-beim-Pferd-im-Herbst.jpg","type":"image\/jpeg"}],"twitter_card":"summary_large_image","twitter_misc":{"Gesch\u00e4tzte Lesezeit":"7\u00a0Minuten"},"schema":{"@context":"https:\/\/schema.org","@graph":[{"@type":"WebPage","@id":"https:\/\/uelzener.de\/magazin\/pferd\/tiergesundheit\/wuermer-pferd\/","url":"https:\/\/uelzener.de\/magazin\/pferd\/tiergesundheit\/wuermer-pferd\/","name":"W\u00fcrmer beim Pferd: Das ist zu tun - Uelzener Tiermagazin","isPartOf":{"@id":"https:\/\/uelzener.de\/magazin\/#website"},"primaryImageOfPage":{"@id":"https:\/\/uelzener.de\/magazin\/pferd\/tiergesundheit\/wuermer-pferd\/#primaryimage"},"image":{"@id":"https:\/\/uelzener.de\/magazin\/pferd\/tiergesundheit\/wuermer-pferd\/#primaryimage"},"thumbnailUrl":"https:\/\/uelzener.de\/magazin\/app\/uploads\/2022\/09\/Entwurmung-beim-Pferd-im-Herbst.jpg","datePublished":"2022-09-16T13:26:21+00:00","dateModified":"2023-04-18T12:12:24+00:00","description":"Hat dein Pferd W\u00fcrmer? \u2713 Symptome \u2713 Wurmarten bei Pferden \u2713 \u00dcbertragung & Behandlung \u00bb Hier findest du alle Informationen!","breadcrumb":{"@id":"https:\/\/uelzener.de\/magazin\/pferd\/tiergesundheit\/wuermer-pferd\/#breadcrumb"},"inLanguage":"de","potentialAction":[{"@type":"ReadAction","target":["https:\/\/uelzener.de\/magazin\/pferd\/tiergesundheit\/wuermer-pferd\/"]}]},{"@type":"ImageObject","inLanguage":"de","@id":"https:\/\/uelzener.de\/magazin\/pferd\/tiergesundheit\/wuermer-pferd\/#primaryimage","url":"https:\/\/uelzener.de\/magazin\/app\/uploads\/2022\/09\/Entwurmung-beim-Pferd-im-Herbst.jpg","contentUrl":"https:\/\/uelzener.de\/magazin\/app\/uploads\/2022\/09\/Entwurmung-beim-Pferd-im-Herbst.jpg","width":1025,"height":450,"caption":"Pferd bekommt von Reiterin und \u00c4rztin eine Wurmkur verabreicht."},{"@type":"WebSite","@id":"https:\/\/uelzener.de\/magazin\/#website","url":"https:\/\/uelzener.de\/magazin\/","name":"Uelzener Tiermagazin","description":"Online Tierratgeber der Uelzener Versicherungen","publisher":{"@id":"https:\/\/uelzener.de\/magazin\/#organization"},"potentialAction":[{"@type":"SearchAction","target":{"@type":"EntryPoint","urlTemplate":"https:\/\/uelzener.de\/magazin\/?s={search_term_string}"},"query-input":{"@type":"PropertyValueSpecification","valueRequired":true,"valueName":"search_term_string"}}],"inLanguage":"de"},{"@type":"Organization","@id":"https:\/\/uelzener.de\/magazin\/#organization","name":"Uelzener Versicherungen","url":"https:\/\/uelzener.de\/magazin\/","logo":{"@type":"ImageObject","inLanguage":"de","@id":"https:\/\/uelzener.de\/magazin\/#\/schema\/logo\/image\/","url":"https:\/\/uelzener.de\/magazin\/app\/uploads\/2024\/11\/uelzener_allgemeine_versicherungsgesellschaft_a_g_logo.jpg","contentUrl":"https:\/\/uelzener.de\/magazin\/app\/uploads\/2024\/11\/uelzener_allgemeine_versicherungsgesellschaft_a_g_logo.jpg","width":200,"height":200,"caption":"Uelzener Versicherungen"},"image":{"@id":"https:\/\/uelzener.de\/magazin\/#\/schema\/logo\/image\/"},"sameAs":["https:\/\/www.facebook.com\/Uelzener","https:\/\/instagram.com\/uelzener","https:\/\/www.xing.com\/pages\/uelzenerallgemeineversicherungs-gesellschafta-g","https:\/\/www.youtube.com\/UelzenerVersicherungen"]}]}},"_links":{"self":[{"href":"https:\/\/uelzener.de\/magazin\/wp-json\/wp\/v2\/pages\/13749","targetHints":{"allow":["GET"]}}],"collection":[{"href":"https:\/\/uelzener.de\/magazin\/wp-json\/wp\/v2\/pages"}],"about":[{"href":"https:\/\/uelzener.de\/magazin\/wp-json\/wp\/v2\/types\/page"}],"author":[{"embeddable":true,"href":"https:\/\/uelzener.de\/magazin\/wp-json\/wp\/v2\/users\/11"}],"replies":[{"embeddable":true,"href":"https:\/\/uelzener.de\/magazin\/wp-json\/wp\/v2\/comments?post=13749"}],"version-history":[{"count":7,"href":"https:\/\/uelzener.de\/magazin\/wp-json\/wp\/v2\/pages\/13749\/revisions"}],"predecessor-version":[{"id":15297,"href":"https:\/\/uelzener.de\/magazin\/wp-json\/wp\/v2\/pages\/13749\/revisions\/15297"}],"up":[{"embeddable":true,"href":"https:\/\/uelzener.de\/magazin\/wp-json\/wp\/v2\/pages\/11706"}],"wp:featuredmedia":[{"embeddable":true,"href":"https:\/\/uelzener.de\/magazin\/wp-json\/wp\/v2\/media\/13763"}],"wp:attachment":[{"href":"https:\/\/uelzener.de\/magazin\/wp-json\/wp\/v2\/media?parent=13749"}],"curies":[{"name":"wp","href":"https:\/\/api.w.org\/{rel}","templated":true}]}}