{"id":13717,"date":"2022-09-08T16:59:35","date_gmt":"2022-09-08T14:59:35","guid":{"rendered":"https:\/\/uelzener.de\/magazin\/?page_id=13717"},"modified":"2025-11-13T10:45:23","modified_gmt":"2025-11-13T09:45:23","slug":"hund-richtig-waschen","status":"publish","type":"page","link":"https:\/\/uelzener.de\/magazin\/hund\/pflege\/hund-richtig-waschen\/","title":{"rendered":"Den Hund richtig waschen: So klappt es!"},"content":{"rendered":"<p>Dein Hund muss mal wieder richtig gewaschen werden, aber von ihm fehlt jede Spur? Dabei ist die Pflege von Hundehaut und -fell wichtig f\u00fcr die Gesundheit deines Vierbeiners. Doch was tun, wenn der Hund einfach nicht in die Badewanne mag? Mit unseren Tipps und Tricks bist du f\u00fcr den n\u00e4chsten Waschtag perfekt gewappnet.<\/p>\n<p>Der Herbstanfang ist f\u00fcr viele Hunde die sch\u00f6nste Zeit des Jahres. Drau\u00dfen wird es langsam k\u00fchler, goldbunte Bl\u00e4tter und verhei\u00dfungsvolle Pf\u00fctzen bedecken den Boden. Auch viele <a href=\"https:\/\/uelzener.de\/magazin\/hund\/tipps-fuer-den-alltag\/deutschlands-schoenste-hundestraende\/\"><strong>Hundestr\u00e4nde<\/strong><\/a> hei\u00dfen ihre tierischen Besucher noch willkommen. Bei angenehmer Temperatur gibt es in der Natur also viel zu entdecken. Da kann es passieren, dass der Vierbeiner nach einem Schlammbad dreckig nach Hause kommt \u2013 und dann richtig gewaschen werden muss. Viele Hunde haben auch eine diebische Freude daran, sich in \u00dcbelriechendem zu w\u00e4lzen. An einem ausgiebigen Bad f\u00fchrt dann kein Weg vorbei, m\u00f6chte man Sand, Bl\u00e4tter oder Schlimmeres nicht auf dem eigenen Sofa haben.<\/p>\n<h2><strong>Hunde baden \u2013 ja oder nein?\u00a0<\/strong><\/h2>\n<p>Ob, wann und wie oft ein Hund gebadet werden sollte, h\u00e4ngt ganz von den Gewohnheiten und dem Charakter des Hundes ab. W\u00e4hrend aktive Tiere gern in Unterholz und See st\u00fcrmen und dabei ganz sch\u00f6n dreckig werden k\u00f6nnen, gehen es \u00e4ltere Artgenossen oft gem\u00fctlicher an. So kann es sein, dass manche Hunde w\u00f6chentlich und andere nur alle paar Monate ein Bad ben\u00f6tigen.<\/p>\n<p>In der Regel sollten Hunde bei Weitem nicht so oft gebadet werden, wie es bei uns Menschen der Fall ist. Zu h\u00e4ufiges Baden sch\u00e4digt die d\u00fcnne Schutzschicht der Hundehaut. Sie neigt dann zu Trockenheit, wird empfindlicher und anf\u00e4lliger f\u00fcr verschiedene Krankheitserreger wie Bakterien und Pilze. Hauterkrankungen, Schuppen und starker Juckreiz k\u00f6nnen die Folge sein. Daher gilt als Faustregel: Ein Hundebad steht meistens nur an, wenn sich der Schmutz nicht mehr aus dem Fell b\u00fcrsten l\u00e4sst. Ansonsten reicht es vollkommen aus, ein bis zwei Badetagen pro Quartal einzuplanen. Dann hat der sch\u00fctzende Fettfilm gen\u00fcgend Zeit, um sich wieder zu erholen.<\/p>\n<p>Wer seinen Welpen baden m\u00f6chte, der sollte wissen, dass die Haut junger Hunde besonders empfindlich ist. Ab dem vierten Lebensmonat ist ein gelegentliches Waschen des Welpen zwar zu vertreten, sollte aber nur bei Bedarf erfolgen.<\/p>\n<h2><strong>Was ist beim Baden zu beachten?<\/strong><\/h2>\n<p>Beim Baden des eigenen Vierbeiners gibt es einiges zu ber\u00fccksichtigen. Das Fell und die Haut von Hunden sind anders beschaffen als die von Menschen. Deswegen brauchen sie eine Pflege, die ganz auf ihre Bed\u00fcrfnisse abgestimmt ist und die sensible Haut nicht reizt.<\/p>\n<ul>\n<li><strong>Temperatur<\/strong>: Im Normalfall reicht es aus, das Fell, die <a href=\"https:\/\/uelzener.de\/magazin\/hund\/haltung\/hundepfote\/\">Pfoten<\/a> und den Afterbereich des Hundes vorsichtig mit k\u00fchlem Wasser abzuwaschen. Bereits warmes Wasser bei circa 38 \u00b0C kann zu Kreislaufproblemen f\u00fchren.<\/li>\n<li><strong>Hundeshampoo:<\/strong> Ein spezielles Hundeshampoo kommt dann zum Einsatz, wenn das Fell unangenehm riecht und sich Verkrustungen gebildet haben. Normale Shampoos aus dem Drogeriemarkt sind f\u00fcr Hunde jedoch ungeeignet. Sie sind auf menschliche Bed\u00fcrfnisse abgestimmt und schaden der Haut des Vierbeiners. Shampoos f\u00fcr Hunde sind sehr mild, haben einen niedrigen pH-Wert und kommen ohne reizende Duftstoffe aus. Auch kannst du dein eigenes <a href=\"https:\/\/uelzener.de\/magazin\/hund\/haeufige-fragen\/hundeshampoo-selber-machen\/\">Hundeshampoo selber machen<\/a> f\u00fcr eine besonders nat\u00fcrliche Pflege.<\/li>\n<li><strong>Allergien: <\/strong>Hunde mit Allergien brauchen eine besondere Pflege. Tier\u00e4rzt:innen k\u00f6nnen helfen, einen individuellen Pflegeplan zusammenzustellen. Dazu k\u00f6nnen Anti-Allergen-Shampoos, Lotionen und Sprays geh\u00f6ren. Auch die Wasch-Abst\u00e4nde variieren je nach Bedarf zwischen einer t\u00e4glichen oder w\u00f6chentlichen Dusche.<\/li>\n<li><strong>Fellwechsel:<\/strong> Im Fr\u00fchjahr und im Herbst steht bei Hunden der <a href=\"https:\/\/uelzener.de\/magazin\/hund\/pflege\/fellwechsel-hund\/\"><strong>Fellwechsel<\/strong><\/a> an. Normalerweise gen\u00fcgt es, das Fell des Vierbeiners gr\u00fcndlich auszuk\u00e4mmen. Das kann den Fellwechsel beschleunigen. Zus\u00e4tzliches Duschen oder Baden ist jedoch nicht n\u00f6tig.<\/li>\n<li><strong>Angst vor Wasser<\/strong>: Wer seinen Hund von klein auf mit positiver Verst\u00e4rkung an das Baden gew\u00f6hnt, schafft angenehme Erinnerungen. Mit viel Geduld, Leckerlis und Lob wird aus dem Waschen ein lieb gewonnenes Ritual.<\/li>\n<\/ul>\n<h2><strong>Praktische Tipps zum richtigen Waschen des Hundes<\/strong><\/h2>\n<p>Ob bei der zotteligen Fellnase oder bei Kleinkindern: Baden will ge\u00fcbt sein. Besonders <a href=\"https:\/\/uelzener.de\/magazin\/hund\/tipps-fuer-den-alltag\/erster-hund\/\"><strong>beim ersten Hund<\/strong><\/a> muss man sich als Team allm\u00e4hlich einspielen. Mit der Zeit entwickelt man dann im Hund-Mensch-Gespann seine eigenen Routinen. Das Baden muss also im Grunde nicht unangenehm sein, es braucht nur ein wenig <a href=\"https:\/\/uelzener.de\/magazin\/hund\/haltung\/zeitaufwand-hund\/\">Zeitaufwand<\/a>. Diese Tipps und Tricks dienen als Orientierung f\u00fcr ein erfolgreiches Hundebad:<\/p>\n<ol>\n<li>Vor dem eigentlichen Waschen wird das trockene Fell sorgf\u00e4ltig und in aller Ruhe <strong>geb\u00fcrstet<\/strong>. So werden Knoten und oberfl\u00e4chlicher Schmutz entfernt. Streicheleinheiten und lobende Worte geben dem Vierbeiner dabei ein Gef\u00fchl von Geborgenheit.<\/li>\n<li>Die Badewanne oder Dusche sollte vor dem Waschen <strong>rutschfest<\/strong> gemacht werden. Eine Antirutsch-Matte oder ein gro\u00dfes Handtuch geben selbst aufgeregten Vierbeinern den n\u00f6tigen Halt.<\/li>\n<li>Die <strong>Wassertemperatur<\/strong> und der -druck k\u00f6nnen auf dem Handr\u00fccken kurz getestet werden. Eine k\u00fchle bis h\u00f6chstens lauwarme Temperatur ist ideal, der Wasserdruck sollte nicht zu stark sein.<\/li>\n<li>Auf das feuchte Fell kann nun das <strong>Shampoo<\/strong> aufgetragen werden. Vom Kopf, der Bauchpartie bis zu den Beinen und Pfoten wird das Hundeshampoo mit den H\u00e4nden oder einem Schwamm gr\u00fcndlich einmassiert. Augen, Nase und Maul spart man aus. Medizinische Shampoos muss man meistens bis zu zehn Minuten einwirken lassen. Dann werden Fell, Hautfalten und Zehen gr\u00fcndlich abgesp\u00fclt.<\/li>\n<li>Nach dem Waschen wird der Hund mit einem Handtuch gut <strong>abgetrocknet<\/strong>. Auf knifflige K\u00f6rperpartien wie Ohren und Falten ist besonders zu achten. Dort schleusen sich Bakterien nur allzu gerne ein. Das \u00fcbersch\u00fcssige Wasser sch\u00fctteln die Fellnasen meist schwungvoll allein ab. Auf einen F\u00f6hn ist zu verzichten. Die F\u00f6hnluft ist f\u00fcr die Hundehaut zu hei\u00df und kann zu Verbrennungen f\u00fchren.<\/li>\n<li>Erst wenn das Fell vollst\u00e4ndig getrocknet ist, kann der Hund mit einer weichen Naturb\u00fcrste <strong>gek\u00e4mmt<\/strong> werden. Das Fell wird dann vorsichtig gegen den Strich geb\u00fcrstet, danach wird es von vorne nach hinten in Wuchsrichtung gek\u00e4mmt. Verfilzungen und Knoten l\u00f6st man am besten in Ruhe mit den Fingern und verschafft dem Hund so eine entspannte <a href=\"https:\/\/uelzener.de\/magazin\/hund\/pflege\/fellpflege-beim-hund\/\">Fellpflege<\/a>.<\/li>\n<\/ol>\n<h2><strong>Hundebad: Die einen lieben es, andere ertragen es<\/strong><\/h2>\n<p>Eine gr\u00fcndliche W\u00e4sche ist nicht f\u00fcr jedes Hundegem\u00fct ein Grund zur Freude. Zuweilen ist viel Geduld geboten, um den Vierbeiner langsam an die Dusche heranzuf\u00fchren. Mit etwas Fingerspitzengef\u00fchl l\u00e4sst sich auch ein \u00e4ngstlicher Hund gut bes\u00e4nftigen. Helfen ausreichend Lob, Streicheleinheiten und Leckerlis nicht aus, gibt es Alternativen: Manchmal reicht es bereits, den Hund gr\u00fcndlich zu b\u00fcrsten. Anschlie\u00dfend lassen sich schmutzige Stellen mit einem feuchten Tuch reinigen. F\u00fchrt an einer Dusche dennoch kein Weg vorbei, k\u00f6nnen erfahrene Hundefriseur:innen aushelfen. Sie wissen genau, wie mit nerv\u00f6sen Tieren umzugehen ist und sie sind f\u00fcr jeden Fall perfekt gewappnet.<\/p>\n<p>In jedem Fall ist viel Lob und positive Verst\u00e4rkung gefragt \u2013 so lernen die Vierbeiner mit der Zeit, den einst so gef\u00fcrchteten Waschtag mit Positivem zu verbinden.<\/p>\n<h2><strong>FAQ: H\u00e4ufig gestellte Fragen<\/strong><\/h2>\n<h3><strong>Muss man Hunde baden?<\/strong><\/h3>\n<p>Ob, wann und wie oft ein Hund gebadet werden sollte, h\u00e4ngt ganz von den Gewohnheiten und dem Charakter des Hundes ab. W\u00e4hrend aktive Tiere gern in Unterholz und See st\u00fcrmen und dabei ganz sch\u00f6n dreckig werden k\u00f6nnen, gehen es \u00e4ltere Artgenossen oft gem\u00fctlicher an. So kann es sein, dass manche Hunde w\u00f6chentlich und andere nur alle paar Monate ein Bad ben\u00f6tigen.<\/p>\n<h3><strong>Kann ich meinen Hund mit normalem Shampoo waschen?<\/strong><\/h3>\n<p>Normale Shampoos aus dem Drogeriemarkt sind f\u00fcr Hunde ungeeignet. Sie sind auf menschliche Bed\u00fcrfnisse abgestimmt und schaden der Haut des Vierbeiners. Shampoos f\u00fcr Hunde sind sehr mild, haben einen niedrigen pH-Wert und kommen ohne reizende Duftstoffe aus.<strong>\u00a0<\/strong><\/p>\n<h3><strong>Wie oft sollte ich meinen Hund baden?<\/strong><\/h3>\n<p>In der Regel sollten Hunde bei Weitem nicht so oft gebadet werden, wie es bei uns Menschen der Fall ist. Zu h\u00e4ufiges Baden sch\u00e4digt die d\u00fcnne Schutzschicht der Hundehaut. Daher gilt als Faustregel: Ein Hundebad steht meistens nur an, wenn sich der Schmutz nicht mehr aus dem Fell b\u00fcrsten l\u00e4sst.<\/p>\n","protected":false},"excerpt":{"rendered":"<p>Dein Hund muss mal wieder richtig gewaschen werden, aber von ihm fehlt jede Spur? Dabei ist die Pflege von Hundehaut und -fell wichtig f\u00fcr die Gesundheit deines Vierbeiners. Doch was tun, wenn der Hund einfach nicht in die Badewanne mag? Mit unseren Tipps und Tricks bist du f\u00fcr den n\u00e4chsten Waschtag perfekt gewappnet. Der Herbstanfang [&hellip;]<\/p>\n","protected":false},"author":9,"featured_media":13719,"parent":11697,"menu_order":1,"comment_status":"closed","ping_status":"closed","template":"templates\/blog.php","meta":{"_acf_changed":false,"_crdt_document":"","footnotes":"","beyondwords_generate_audio":"","beyondwords_project_id":"","beyondwords_content_id":"","beyondwords_preview_token":"","beyondwords_player_style":"","beyondwords_language_id":"","beyondwords_title_voice_id":"","beyondwords_body_voice_id":"","beyondwords_summary_voice_id":"","beyondwords_error_message":"","beyondwords_disabled":"","beyondwords_delete_content":"","beyondwords_podcast_id":"","beyondwords_hash":"","publish_post_to_speechkit":"","speechkit_hash":"","speechkit_generate_audio":"","speechkit_project_id":"","speechkit_podcast_id":"","speechkit_error_message":"","speechkit_disabled":"","speechkit_access_key":"","speechkit_error":"","speechkit_info":"","speechkit_response":"","speechkit_retries":"","speechkit_status":"","speechkit_updated_at":"","_speechkit_link":"","_speechkit_text":""},"class_list":["post-13717","page","type-page","status-publish","has-post-thumbnail","hentry"],"acf":[],"yoast_head":"<!-- This site is optimized with the Yoast SEO Premium plugin  - https:\/\/yoast.com\/product\/yoast-seo-premium-wordpress\/ -->\n<title>Den Hund richtig waschen: Das solltest du beachten \u2013 Uelzener<\/title>\n<meta name=\"description\" content=\"Den Hund richtig zu waschen ist nicht schwer \u2713 Tipps &amp; Tricks \u2713 Shampoo &amp; Allergien \u2713 Fellpflege \u2713 H\u00e4ufigkeit \u00bb Jetzt hier mehr erfahren!\" \/>\n<meta name=\"robots\" content=\"index, follow, max-snippet:-1, max-image-preview:large, max-video-preview:-1\" \/>\n<link rel=\"canonical\" href=\"https:\/\/uelzener.de\/magazin\/hund\/pflege\/hund-richtig-waschen\/\" \/>\n<meta property=\"og:locale\" content=\"de_DE\" \/>\n<meta property=\"og:type\" content=\"article\" \/>\n<meta property=\"og:title\" content=\"Den Hund richtig waschen: So klappt es!\" \/>\n<meta property=\"og:description\" content=\"Den Hund richtig zu waschen ist nicht schwer \u2713 Tipps &amp; Tricks \u2713 Shampoo &amp; Allergien \u2713 Fellpflege \u2713 H\u00e4ufigkeit \u00bb Jetzt hier mehr erfahren!\" \/>\n<meta property=\"og:url\" content=\"https:\/\/uelzener.de\/magazin\/hund\/pflege\/hund-richtig-waschen\/\" \/>\n<meta property=\"og:site_name\" content=\"Uelzener Tier-Magazin\" \/>\n<meta property=\"article:publisher\" content=\"https:\/\/www.facebook.com\/Uelzener\" \/>\n<meta property=\"article:modified_time\" content=\"2025-11-13T09:45:23+00:00\" \/>\n<meta property=\"og:image\" content=\"https:\/\/uelzener.de\/magazin\/app\/uploads\/2022\/09\/Hund-richtig-waschen.jpg\" \/>\n\t<meta property=\"og:image:width\" content=\"1025\" \/>\n\t<meta property=\"og:image:height\" content=\"450\" \/>\n\t<meta property=\"og:image:type\" content=\"image\/jpeg\" \/>\n<meta name=\"twitter:card\" content=\"summary_large_image\" \/>\n<meta name=\"twitter:label1\" content=\"Gesch\u00e4tzte Lesezeit\" \/>\n\t<meta name=\"twitter:data1\" content=\"8\u00a0Minuten\" \/>\n<script type=\"application\/ld+json\" class=\"yoast-schema-graph\">{\"@context\":\"https:\/\/schema.org\",\"@graph\":[{\"@type\":\"WebPage\",\"@id\":\"https:\/\/uelzener.de\/magazin\/hund\/pflege\/hund-richtig-waschen\/\",\"url\":\"https:\/\/uelzener.de\/magazin\/hund\/pflege\/hund-richtig-waschen\/\",\"name\":\"Den Hund richtig waschen: Das solltest du beachten \u2013 Uelzener\",\"isPartOf\":{\"@id\":\"https:\/\/uelzener.de\/magazin\/#website\"},\"primaryImageOfPage\":{\"@id\":\"https:\/\/uelzener.de\/magazin\/hund\/pflege\/hund-richtig-waschen\/#primaryimage\"},\"image\":{\"@id\":\"https:\/\/uelzener.de\/magazin\/hund\/pflege\/hund-richtig-waschen\/#primaryimage\"},\"thumbnailUrl\":\"https:\/\/uelzener.de\/magazin\/app\/uploads\/2022\/09\/Hund-richtig-waschen.jpg\",\"datePublished\":\"2022-09-08T14:59:35+00:00\",\"dateModified\":\"2025-11-13T09:45:23+00:00\",\"description\":\"Den Hund richtig zu waschen ist nicht schwer \u2713 Tipps & Tricks \u2713 Shampoo & Allergien \u2713 Fellpflege \u2713 H\u00e4ufigkeit \u00bb Jetzt hier mehr erfahren!\",\"breadcrumb\":{\"@id\":\"https:\/\/uelzener.de\/magazin\/hund\/pflege\/hund-richtig-waschen\/#breadcrumb\"},\"inLanguage\":\"de\",\"potentialAction\":[{\"@type\":\"ReadAction\",\"target\":[\"https:\/\/uelzener.de\/magazin\/hund\/pflege\/hund-richtig-waschen\/\"]}]},{\"@type\":\"ImageObject\",\"inLanguage\":\"de\",\"@id\":\"https:\/\/uelzener.de\/magazin\/hund\/pflege\/hund-richtig-waschen\/#primaryimage\",\"url\":\"https:\/\/uelzener.de\/magazin\/app\/uploads\/2022\/09\/Hund-richtig-waschen.jpg\",\"contentUrl\":\"https:\/\/uelzener.de\/magazin\/app\/uploads\/2022\/09\/Hund-richtig-waschen.jpg\",\"width\":1025,\"height\":450,\"caption\":\"Kleiner Hund steht nass in der Badewanne w\u00e4hrend er mit Shampoo eingerieben wird. Es ist nicht einfach seinen Hund richtig zu waschen.\"},{\"@type\":\"WebSite\",\"@id\":\"https:\/\/uelzener.de\/magazin\/#website\",\"url\":\"https:\/\/uelzener.de\/magazin\/\",\"name\":\"Uelzener Tiermagazin\",\"description\":\"Online Tierratgeber der Uelzener Versicherungen\",\"publisher\":{\"@id\":\"https:\/\/uelzener.de\/magazin\/#organization\"},\"potentialAction\":[{\"@type\":\"SearchAction\",\"target\":{\"@type\":\"EntryPoint\",\"urlTemplate\":\"https:\/\/uelzener.de\/magazin\/?s={search_term_string}\"},\"query-input\":{\"@type\":\"PropertyValueSpecification\",\"valueRequired\":true,\"valueName\":\"search_term_string\"}}],\"inLanguage\":\"de\"},{\"@type\":\"Organization\",\"@id\":\"https:\/\/uelzener.de\/magazin\/#organization\",\"name\":\"Uelzener Versicherungen\",\"url\":\"https:\/\/uelzener.de\/magazin\/\",\"logo\":{\"@type\":\"ImageObject\",\"inLanguage\":\"de\",\"@id\":\"https:\/\/uelzener.de\/magazin\/#\/schema\/logo\/image\/\",\"url\":\"https:\/\/uelzener.de\/magazin\/app\/uploads\/2024\/11\/uelzener_allgemeine_versicherungsgesellschaft_a_g_logo.jpg\",\"contentUrl\":\"https:\/\/uelzener.de\/magazin\/app\/uploads\/2024\/11\/uelzener_allgemeine_versicherungsgesellschaft_a_g_logo.jpg\",\"width\":200,\"height\":200,\"caption\":\"Uelzener Versicherungen\"},\"image\":{\"@id\":\"https:\/\/uelzener.de\/magazin\/#\/schema\/logo\/image\/\"},\"sameAs\":[\"https:\/\/www.facebook.com\/Uelzener\",\"https:\/\/instagram.com\/uelzener\",\"https:\/\/www.xing.com\/pages\/uelzenerallgemeineversicherungs-gesellschafta-g\",\"https:\/\/www.youtube.com\/UelzenerVersicherungen\"]}]}<\/script>\n<!-- \/ Yoast SEO Premium plugin. -->","yoast_head_json":{"title":"Den Hund richtig waschen: Das solltest du beachten \u2013 Uelzener","description":"Den Hund richtig zu waschen ist nicht schwer \u2713 Tipps & Tricks \u2713 Shampoo & Allergien \u2713 Fellpflege \u2713 H\u00e4ufigkeit \u00bb Jetzt hier mehr erfahren!","robots":{"index":"index","follow":"follow","max-snippet":"max-snippet:-1","max-image-preview":"max-image-preview:large","max-video-preview":"max-video-preview:-1"},"canonical":"https:\/\/uelzener.de\/magazin\/hund\/pflege\/hund-richtig-waschen\/","og_locale":"de_DE","og_type":"article","og_title":"Den Hund richtig waschen: So klappt es!","og_description":"Den Hund richtig zu waschen ist nicht schwer \u2713 Tipps & Tricks \u2713 Shampoo & Allergien \u2713 Fellpflege \u2713 H\u00e4ufigkeit \u00bb Jetzt hier mehr erfahren!","og_url":"https:\/\/uelzener.de\/magazin\/hund\/pflege\/hund-richtig-waschen\/","og_site_name":"Uelzener Tier-Magazin","article_publisher":"https:\/\/www.facebook.com\/Uelzener","article_modified_time":"2025-11-13T09:45:23+00:00","og_image":[{"width":1025,"height":450,"url":"https:\/\/uelzener.de\/magazin\/app\/uploads\/2022\/09\/Hund-richtig-waschen.jpg","type":"image\/jpeg"}],"twitter_card":"summary_large_image","twitter_misc":{"Gesch\u00e4tzte Lesezeit":"8\u00a0Minuten"},"schema":{"@context":"https:\/\/schema.org","@graph":[{"@type":"WebPage","@id":"https:\/\/uelzener.de\/magazin\/hund\/pflege\/hund-richtig-waschen\/","url":"https:\/\/uelzener.de\/magazin\/hund\/pflege\/hund-richtig-waschen\/","name":"Den Hund richtig waschen: Das solltest du beachten \u2013 Uelzener","isPartOf":{"@id":"https:\/\/uelzener.de\/magazin\/#website"},"primaryImageOfPage":{"@id":"https:\/\/uelzener.de\/magazin\/hund\/pflege\/hund-richtig-waschen\/#primaryimage"},"image":{"@id":"https:\/\/uelzener.de\/magazin\/hund\/pflege\/hund-richtig-waschen\/#primaryimage"},"thumbnailUrl":"https:\/\/uelzener.de\/magazin\/app\/uploads\/2022\/09\/Hund-richtig-waschen.jpg","datePublished":"2022-09-08T14:59:35+00:00","dateModified":"2025-11-13T09:45:23+00:00","description":"Den Hund richtig zu waschen ist nicht schwer \u2713 Tipps & Tricks \u2713 Shampoo & Allergien \u2713 Fellpflege \u2713 H\u00e4ufigkeit \u00bb Jetzt hier mehr erfahren!","breadcrumb":{"@id":"https:\/\/uelzener.de\/magazin\/hund\/pflege\/hund-richtig-waschen\/#breadcrumb"},"inLanguage":"de","potentialAction":[{"@type":"ReadAction","target":["https:\/\/uelzener.de\/magazin\/hund\/pflege\/hund-richtig-waschen\/"]}]},{"@type":"ImageObject","inLanguage":"de","@id":"https:\/\/uelzener.de\/magazin\/hund\/pflege\/hund-richtig-waschen\/#primaryimage","url":"https:\/\/uelzener.de\/magazin\/app\/uploads\/2022\/09\/Hund-richtig-waschen.jpg","contentUrl":"https:\/\/uelzener.de\/magazin\/app\/uploads\/2022\/09\/Hund-richtig-waschen.jpg","width":1025,"height":450,"caption":"Kleiner Hund steht nass in der Badewanne w\u00e4hrend er mit Shampoo eingerieben wird. Es ist nicht einfach seinen Hund richtig zu waschen."},{"@type":"WebSite","@id":"https:\/\/uelzener.de\/magazin\/#website","url":"https:\/\/uelzener.de\/magazin\/","name":"Uelzener Tiermagazin","description":"Online Tierratgeber der Uelzener Versicherungen","publisher":{"@id":"https:\/\/uelzener.de\/magazin\/#organization"},"potentialAction":[{"@type":"SearchAction","target":{"@type":"EntryPoint","urlTemplate":"https:\/\/uelzener.de\/magazin\/?s={search_term_string}"},"query-input":{"@type":"PropertyValueSpecification","valueRequired":true,"valueName":"search_term_string"}}],"inLanguage":"de"},{"@type":"Organization","@id":"https:\/\/uelzener.de\/magazin\/#organization","name":"Uelzener Versicherungen","url":"https:\/\/uelzener.de\/magazin\/","logo":{"@type":"ImageObject","inLanguage":"de","@id":"https:\/\/uelzener.de\/magazin\/#\/schema\/logo\/image\/","url":"https:\/\/uelzener.de\/magazin\/app\/uploads\/2024\/11\/uelzener_allgemeine_versicherungsgesellschaft_a_g_logo.jpg","contentUrl":"https:\/\/uelzener.de\/magazin\/app\/uploads\/2024\/11\/uelzener_allgemeine_versicherungsgesellschaft_a_g_logo.jpg","width":200,"height":200,"caption":"Uelzener Versicherungen"},"image":{"@id":"https:\/\/uelzener.de\/magazin\/#\/schema\/logo\/image\/"},"sameAs":["https:\/\/www.facebook.com\/Uelzener","https:\/\/instagram.com\/uelzener","https:\/\/www.xing.com\/pages\/uelzenerallgemeineversicherungs-gesellschafta-g","https:\/\/www.youtube.com\/UelzenerVersicherungen"]}]}},"_links":{"self":[{"href":"https:\/\/uelzener.de\/magazin\/wp-json\/wp\/v2\/pages\/13717","targetHints":{"allow":["GET"]}}],"collection":[{"href":"https:\/\/uelzener.de\/magazin\/wp-json\/wp\/v2\/pages"}],"about":[{"href":"https:\/\/uelzener.de\/magazin\/wp-json\/wp\/v2\/types\/page"}],"author":[{"embeddable":true,"href":"https:\/\/uelzener.de\/magazin\/wp-json\/wp\/v2\/users\/9"}],"replies":[{"embeddable":true,"href":"https:\/\/uelzener.de\/magazin\/wp-json\/wp\/v2\/comments?post=13717"}],"version-history":[{"count":14,"href":"https:\/\/uelzener.de\/magazin\/wp-json\/wp\/v2\/pages\/13717\/revisions"}],"predecessor-version":[{"id":19449,"href":"https:\/\/uelzener.de\/magazin\/wp-json\/wp\/v2\/pages\/13717\/revisions\/19449"}],"up":[{"embeddable":true,"href":"https:\/\/uelzener.de\/magazin\/wp-json\/wp\/v2\/pages\/11697"}],"wp:featuredmedia":[{"embeddable":true,"href":"https:\/\/uelzener.de\/magazin\/wp-json\/wp\/v2\/media\/13719"}],"wp:attachment":[{"href":"https:\/\/uelzener.de\/magazin\/wp-json\/wp\/v2\/media?parent=13717"}],"curies":[{"name":"wp","href":"https:\/\/api.w.org\/{rel}","templated":true}]}}