{"id":13713,"date":"2022-09-08T16:47:11","date_gmt":"2022-09-08T14:47:11","guid":{"rendered":"https:\/\/uelzener.de\/magazin\/?page_id=13713"},"modified":"2025-11-13T10:45:03","modified_gmt":"2025-11-13T09:45:03","slug":"hundekommandos","status":"publish","type":"page","link":"https:\/\/uelzener.de\/magazin\/hund\/erziehung-und-training\/hundekommandos\/","title":{"rendered":"Hundekommandos, die sitzen sollten"},"content":{"rendered":"<p>Vom klassischen \u201eSitz!\u201c \u00fcber das entspannte Laufen neben dem Fahrrad bis zum Pf\u00f6tchen geben: Gut sitzende Hundekommandos sind unentbehrlich f\u00fcr ein harmonisches Zusammenleben von Mensch und Hund. Dabei zeigt sich sehr deutlich, wer viel Zeit in die Erziehung seines Hundes investiert hat und wer ihn einfach gew\u00e4hren l\u00e4sst. Wie, wann und warum du das Training am besten anf\u00e4ngst, liest du hier.<\/p>\n<p>Es kann so sch\u00f6n sein, einen Hund zu haben. Ein Tier, das sich entspannt abends auf dem Sofa kraulen l\u00e4sst und bei Spazierg\u00e4ngen locker neben seinem Menschen trabt. Leider passiert zuweilen das Gegenteil: Schon der Junghund ist kr\u00e4ftig genug, seinen Menschen an der Leine zu anderen Hunden hinzuzerren und zweibeinige G\u00e4ste m\u00fcssen sich nach dem Begr\u00fc\u00dfungsritual umziehen. Damit genau das nicht passiert, ist ein strukturiertes Training von Kommandos und Verhaltensweisen notwendig \u2013 am besten ab dem <a href=\"https:\/\/uelzener.de\/magazin\/hund\/haltung\/welpe-zieht-ein\/\"><strong>Einzug des Welpen<\/strong><\/a> in sein neues Zuhause. So ersparst du dir in den folgenden Jahren viel \u00c4rger und Arbeit.<\/p>\n<h2>Warum ein Hund Kommandos beherrschen sollte<\/h2>\n<p>Hundekommandos, einige sprechen auch von Signalen oder Befehlen, bilden die Grundlage f\u00fcr ein harmonisches Leben mit dem <a href=\"https:\/\/uelzener.de\/magazin\/hund\/haeufige-fragen\/vom-nutztier-zum-haustier\/\">Hund als Haustier<\/a>. Das beginnt schon bei dem Verst\u00e4ndnis von \u201ebrav\u201c oder \u201efein\u201c als Lob oder dem Signal \u201eNein!\u201c, um eine Aktion zu unterlassen. Eine gute Erziehung bezieht sich immer darauf, dass gew\u00fcnschtes Verhalten belohnt und nicht erw\u00fcnschte Handlungen als solche gekennzeichnet und zuk\u00fcnftig unterlassen werden.<\/p>\n<p>Ein gut erzogener Hund ist nicht nur ein Wohlf\u00fchlfaktor f\u00fcr Zuhause, sondern gew\u00e4hrleistet auch eine gewisse Sicherheit im Alltag. Im Stra\u00dfenverkehr zum Beispiel kann ein unkontrollierbares Tier sich und andere Verkehrsteilnehmer schnell gef\u00e4hrden.<\/p>\n<p>Auch beim Zusammentreffen mit anderen Hunden oder Menschen bei einer <a href=\"https:\/\/uelzener.de\/magazin\/hund\/tipps-fuer-den-alltag\/gassi-gehen\/\" target=\"_blank\" rel=\"noopener\">Gassirunde<\/a> darf der Vierbeiner nicht einfach losst\u00fcrmen. Und schlie\u00dflich kann es sogar entscheidend f\u00fcr das Hundeleben sein, wenn er einen <a href=\"https:\/\/uelzener.de\/magazin\/hund\/tiergesundheit\/giftkoeder-hund-gefahr\/\" target=\"_blank\" rel=\"noopener\">Giftk\u00f6der<\/a> entdeckt und diesen aufgrund eines Befehls wieder ausspuckt. Eine <strong>Hunde-Krankenversicherung<\/strong> bietet dir weitere Sicherheit, wenn es doch einmal zum Ernstfall kommt und tier\u00e4rztliche Hilfe notwendig wird.<\/p>\n\n<div class=\"banner\">\n    <a href=\"https:\/\/uelzener.de\/hund\/hunde-krankenversicherung\/?agt=0000104925&sem=true&utm_medium=magazin&utm_source=wordpress&utm_campaign=hund_kv&utm_content=banner\">\n        <img decoding=\"async\" width=\"300\" height=\"212\" src=\"https:\/\/uelzener.de\/magazin\/app\/uploads\/2025\/01\/Hunde-Kranken-Versicherung.jpg\" class=\"attachment-medium size-medium\" alt=\"Banner Hunde-Kranken-Versicherung\" \/>    <\/a>\n<\/div>\n\n<p>Letztlich hat das gemeinsame Training aber auch positive Effekte f\u00fcr die Bindung zwischen Hundehalter:in und Hund. Das Tier freut sich \u00fcber die Aufmerksamkeit und wird mental ausgelastet. Daher ist es empfohlen, auch nach der Grundausbildung weitere Signale zu trainieren und <a href=\"https:\/\/uelzener.de\/magazin\/hund\/erziehung-und-training\/hund-kommandos-beibringen\/\"><strong>Hunden Kommandos beizubringen<\/strong><\/a> \u2013 am besten lebenslang.<\/p>\n<h2>Wie unterschiedlich Hundekommandos \u00fcbermittelt werden k\u00f6nnen<\/h2>\n<p>Menschen nutzen gesprochene Sprache f\u00fcr ihre Kommunikation und Hunde sind in der Lage, Worte mit Dingen oder Befehlen in Verbindung zu setzen. Entsprechend sind Signalw\u00f6rter der Standard unter den Hundekommandos. Studien kamen zuletzt zu dem Ergebnis, dass Hunde im Schnitt etwa 89 einzelne W\u00f6rter abspeichern und mit einer Handlung verkn\u00fcpfen k\u00f6nnen. Je nach Hund kann diese Zahl aber stark in beide Richtungen variieren. Au\u00dferdem achten sie auf den Tonfall deiner Nachricht. <span style=\"text-decoration: underline;\"><a href=\"https:\/\/uelzener.de\/magazin\/hund\/haeufige-fragen\/mit-hund-sprechen\/\"><strong>Wer mit seinem Hund spricht<\/strong><\/a><\/span>, sollte daher darauf achten, dass ein Lob auch wie ein Lob klingt. Besonders Welpen reagieren stark auf die Stimmlage.<\/p>\n<p>Dar\u00fcber hinaus k\u00f6nnen Hunde aber auch Gestik, Mimik und Verhalten interpretieren. H\u00e4ufig werden etwa bestimmte Handbewegungen mit deinem gesprochenen Signal verkn\u00fcpft. Auch Pfeifsignale h\u00f6rt man immer wieder, wenn man im Park spazieren geht.<\/p>\n<p>Signale k\u00f6nnen zudem mit technischen Hilfsmitteln gegeben oder unterst\u00fctzt werden. Klassisch dient dazu die Hundepfeife. Alternativ gibt es das Clickertraining. Der Clicker gibt bei Bet\u00e4tigung ein neutrales Klick-Ger\u00e4usch von sich, auf das der Hund konditioniert wird und eine Belohnung bekommt. Zentral ist dabei das Timing. Wenn das Tier genau in dem Moment, wenn es etwas richtig gemacht hat, das best\u00e4tigende Klickger\u00e4usch h\u00f6rt, kann sich schneller ein Lernerfolg einstellen.<\/p>\n<h2>So werden Hundekommandos trainiert<\/h2>\n<p>Zentral f\u00fcr das richtige Training eines Hundes ist ein passendes Lernumfeld. Besonders zu Beginn sollte er sich in einem vertrauten Umfeld aufhalten, in dem es m\u00f6glichst wenig Ablenkungen gibt.<\/p>\n<h3>Ein gutes Signalwort:<\/h3>\n<ul>\n<li>Ist leicht rufbar.<\/li>\n<li>Unterscheidet sich von anderen Kommandos.<\/li>\n<li>Kommt nicht zu h\u00e4ufig im Alltag vor.<\/li>\n<\/ul>\n<p>Schrittweise kann das Wort dann in vielen Wiederholungen trainiert werden. Ein euphorisches Lob oder eine Belohnung, wenn ein Befehl richtig ausgef\u00fchrt wurde, sind dabei essenziell. Die einzelnen Schritte, wie man einem Hund Kommandos beibringt, haben wir in diesem Beitrag ausf\u00fchrlich dargestellt.<\/p>\n<h2>Diese Grundkommandos sollte jeder Hund beherrschen<\/h2>\n<p>Einige Kommandos sollten als Grundlage f\u00fcr Hunde in der Erziehung zuerst trainiert werden:<\/p>\n<ul>\n<li><strong>Aus <\/strong>oder <strong>Nein<\/strong> sind wichtige Hundekommandos, um das Tier zum Aufh\u00f6ren zu bewegen. Von harmlosen Momenten, wenn ein Hund sein Spielzeug nicht loslassen will, bis zum m\u00f6glichen Fressen von potenziell t\u00f6dlichen Fundst\u00fccken decken die Befehle eine breite Spannweite ab. <strong>Aus <\/strong>wird oft verwendet, um eine gestartete Handlung zu unterbrechen, w\u00e4hrend <strong>Nein<\/strong> diese bereits zu Beginn unterbindet.<\/li>\n<li><strong>Schluss<\/strong>,<strong> Fertig<\/strong> oder <strong>Okay<\/strong> sind m\u00f6gliche Aufl\u00f6sesignale, um eine \u00dcbung zu beenden. Wenn der Vierbeiner etwa \u00fcber einige Sekunden ruhig liegen soll, dann wird ihm so die Erlaubnis gegeben, wieder aufzustehen.<\/li>\n<li><strong>Sitz <\/strong>signalisiert dem Hund, dass er sich ruhig an einer Stelle hinsetzen und dort warten soll. Das wird h\u00e4ufig genutzt, wenn der Hund nicht herumlaufen soll, etwa in der Bahn oder vor einem Gesch\u00e4ft beim Einkaufen. <strong>Platz <\/strong>ist hingegen das Kommando, damit sich der Hund hinlegt.<\/li>\n<li>Um einen Hund zur\u00fcckzurufen, sollte das Kommando gut rufbar und daher m\u00f6glichst kurz sein. Etabliert haben sich Signalw\u00f6rter wie <strong>Komm<\/strong> oder <strong>Hier<\/strong>. Wichtig ist vor allem, dass man sich auf ein Wort festlegt und nur dieses trainiert, damit der Befehl eindeutig ist.<\/li>\n<li>Kommandos wie <strong>Bleib<\/strong> und <strong>Weiter<\/strong> helfen dabei, die Bewegung des Hundes zu steuern. So kann es etwa gef\u00e4hrlich werden, wenn ein Hund einfach losst\u00fcrmt. Es kann aber auch beispielsweise beim Fahrradfahren hinderlich sein, wenn er an manchen Ecken immer wieder schn\u00fcffeln will oder die Witterung eines anderen Hundes aufnimmt und sich umsieht. Ein effektives Kommando kann auch im Falle das Weglaufen verhindern.<\/li>\n<li><strong>Bei Fu\u00df<\/strong> und <strong>Bei Mir<\/strong> bestimmen hingegen einen Raum, in dem sich das Tier bewegen darf. W\u00e4hrend <strong>Bei Fu\u00df<\/strong> signalisiert, dass der Hund dauerhaft an der Seite seiner Person bleiben soll, legt <strong>Bei Mir<\/strong> nur die N\u00e4he zum Menschen fest. Der Vierbeiner darf aber noch rund herum kreisen oder zum Beispiel die Seite wechseln, an der er l\u00e4uft.<\/li>\n<\/ul>\n\n<div class=\"related_articles boxed\">\n    <h2>Mehr zum Thema<\/h2>\n    \n    <div class=\"wrapper\"><div class=\"title align-center\"><h3><a href=\"https:\/\/uelzener.de\/magazin\/hund\/tipps-fuer-den-alltag\/hundenamen\/\">Hundenamen: Tipps zur Namenswahl<\/a><\/h3><\/div><div class=\"img align-center\"><img decoding=\"async\" width=\"315\" height=\"180\" src=\"https:\/\/uelzener.de\/magazin\/app\/uploads\/2023\/05\/hundenamen-315x180.jpg\" class=\"attachment-315x180 size-315x180 wp-post-image\" alt=\"Hund mit tollem Hundenamen schaut freudig hoch.\" \/><\/div><\/div><div class=\"wrapper\"><div class=\"title align-center\"><h3><a href=\"https:\/\/uelzener.de\/magazin\/hund\/tipps-fuer-den-alltag\/hund-entlaufen\/\">Hund entlaufen: So handelst du richtig!<\/a><\/h3><\/div><div class=\"img align-center\"><img decoding=\"async\" width=\"315\" height=\"180\" src=\"https:\/\/uelzener.de\/magazin\/app\/uploads\/2022\/09\/Hund-entlaufen-315x180.jpg\" class=\"attachment-315x180 size-315x180 wp-post-image\" alt=\"Kleiner entlaufender Hund wandert \u00fcber einen Pfad durch gr\u00fcne Wiesen.\" \/><\/div><\/div><div class=\"wrapper\"><div class=\"title align-center\"><h3><a href=\"https:\/\/uelzener.de\/magazin\/hund\/tipps-fuer-den-alltag\/zug-fahren-mit-hund-bahnreisen\/\">Zug fahren mit Hund: Wie es gelingt und was bei Bahnreisen zu beachten ist<\/a><\/h3><\/div><div class=\"img align-center\"><img decoding=\"async\" width=\"315\" height=\"180\" src=\"https:\/\/uelzener.de\/magazin\/app\/uploads\/2024\/08\/zugfahren-mit-hund-315x180.jpg\" class=\"attachment-315x180 size-315x180 wp-post-image\" alt=\"Hund im Zug.\" \/><\/div><\/div><\/div>\n\n<h2>Den Hund mit weiteren \u00dcbungen auslasten<\/h2>\n<p>Wenn ein Hund die genannten Grundkommandos beherrscht, dann sollte er im Alltag gut \u00fcber Signale zu kontrollieren sein. Dennoch hilft es, wenn man nun nicht mit dem Training aufh\u00f6rt, sondern weiterhin Zeit mit seinem Tier verbringt und es mental fordert. Je nach Charakter und Rasse k\u00f6nnen verschiedene weitere Hundebefehle helfen, das Tier auszulasten.<\/p>\n<ul>\n<li><strong>Such<\/strong> fordert etwa dazu auf, einer F\u00e4hrte zu folgen oder versteckte Leckerlis zu finden.<\/li>\n<li><strong>Bring <\/strong>oder <strong>Hol <\/strong>sind Aufforderungen zum Apportieren.<\/li>\n<li>Aber auch <strong>Gib Pfote<\/strong> oder <strong>Mach M\u00e4nnchen<\/strong> besch\u00e4ftigen den Hund f\u00fcr eine l\u00e4ngere Zeit, bis er es erlernt hat.<\/li>\n<\/ul>\n<p>Wer die Hundeerziehung konsequent und strukturiert angeht, der wird viel Freude mit seinem Vierbeiner haben. Von Sitz \u00fcber Platz bis Such \u2013 alle \u00dcbungen tragen nicht nur zu einem gut erzogenen Hund bei, sondern festigen auch die Bindung zwischen Mensch und Tier. Lob, Leckerlis und viel Liebe sind ebenfalls Schl\u00fcsselreize, die beim Hund das gew\u00fcnschte Verhalten festigen.<\/p>\n<p>Meistert dein Hund alle Kommandos spielend, so k\u00f6nnen Steigerungen wie <a href=\"https:\/\/uelzener.de\/magazin\/hund\/erziehung-und-training\/agility\/\">Agility<\/a> oder <a href=\"https:\/\/uelzener.de\/magazin\/hund\/erziehung-und-training\/zughundesport-bikejoering\/\">Bikej\u00f6ring<\/a> f\u00fcr euch auch interessante Themen werden.<\/p>\n<p>M\u00f6chtest du noch mehr wertvolle Tipps rund um die Vierbeiner? Dann schau doch dich doch weiter um im <a href=\"https:\/\/uelzener.de\/magazin\/hund\/\">Uelzener Hunderatgeber<\/a>.<\/p>\n<h2>FAQ: H\u00e4ufig gestellte Fragen<\/h2>\n<h3>Welche Hundekommandos sollte ein Welpe k\u00f6nnen?<\/h3>\n<p>Die wichtigsten Kommandos f\u00fcr das Welpentraining sind: Hierher, Sitz, Platz, Bleib und Aus.<\/p>\n<h3>Was sind die wichtigsten Kommandos?<\/h3>\n<p>Diese wichtigen Grundkommandos sollte jeder Hund beherrschen: Aus oder Nein; Sitz oder Platz; Bei Fu\u00df \/ Bei Mir; Komm oder Hier und Bleib. Wenn ein Hund diese Grundkommandos beherrscht, dann sollte im Alltag gut \u00fcber Signale zu kontrollieren sein.<\/p>\n<h3>Ab wann sollte dein Hund die Grundkommandos k\u00f6nnen?<\/h3>\n<p>Erst ab einem Alter von sechs oder sieben Monate sind Hunde gro\u00df genug die Grundkommandos zu erlernen.<\/p>\n","protected":false},"excerpt":{"rendered":"<p>Vom klassischen \u201eSitz!\u201c \u00fcber das entspannte Laufen neben dem Fahrrad bis zum Pf\u00f6tchen geben: Gut sitzende Hundekommandos sind unentbehrlich f\u00fcr ein harmonisches Zusammenleben von Mensch und Hund. Dabei zeigt sich sehr deutlich, wer viel Zeit in die Erziehung seines Hundes investiert hat und wer ihn einfach gew\u00e4hren l\u00e4sst. Wie, wann und warum du das Training [&hellip;]<\/p>\n","protected":false},"author":9,"featured_media":13714,"parent":11679,"menu_order":8,"comment_status":"closed","ping_status":"closed","template":"templates\/blog.php","meta":{"_acf_changed":false,"_crdt_document":"","footnotes":"","beyondwords_generate_audio":"0","beyondwords_project_id":"","beyondwords_content_id":"","beyondwords_preview_token":"","beyondwords_player_style":"","beyondwords_language_id":"","beyondwords_title_voice_id":"","beyondwords_body_voice_id":"","beyondwords_summary_voice_id":"","beyondwords_error_message":"","beyondwords_disabled":"","beyondwords_delete_content":"","beyondwords_podcast_id":"","beyondwords_hash":"","publish_post_to_speechkit":"","speechkit_hash":"","speechkit_generate_audio":"","speechkit_project_id":"","speechkit_podcast_id":"","speechkit_error_message":"","speechkit_disabled":"","speechkit_access_key":"","speechkit_error":"","speechkit_info":"","speechkit_response":"","speechkit_retries":"","speechkit_status":"","speechkit_updated_at":"","_speechkit_link":"","_speechkit_text":""},"class_list":["post-13713","page","type-page","status-publish","has-post-thumbnail","hentry"],"acf":[],"yoast_head":"<!-- This site is optimized with the Yoast SEO Premium plugin  - https:\/\/yoast.com\/product\/yoast-seo-premium-wordpress\/ -->\n<title>Hundekommandos \u2013 Diese solltest du und dein Hund kennen | Uelzener<\/title>\n<meta name=\"description\" content=\"Die wichtigsten Hundekommandos auf einen Blick \u2713 Liste an Grundkommandos \u2713 Tipps &amp; Tricks \u00bb Hier erf\u00e4hrst du mehr!\" \/>\n<meta name=\"robots\" content=\"index, follow, max-snippet:-1, max-image-preview:large, max-video-preview:-1\" \/>\n<link rel=\"canonical\" href=\"https:\/\/uelzener.de\/magazin\/hund\/erziehung-und-training\/hundekommandos\/\" \/>\n<meta property=\"og:locale\" content=\"de_DE\" \/>\n<meta property=\"og:type\" content=\"article\" \/>\n<meta property=\"og:title\" content=\"Hundekommandos, die sitzen sollten\" \/>\n<meta property=\"og:description\" content=\"Die wichtigsten Hundekommandos auf einen Blick \u2713 Liste an Grundkommandos \u2713 Tipps &amp; Tricks \u00bb Hier erf\u00e4hrst du mehr!\" \/>\n<meta property=\"og:url\" content=\"https:\/\/uelzener.de\/magazin\/hund\/erziehung-und-training\/hundekommandos\/\" \/>\n<meta property=\"og:site_name\" content=\"Uelzener Tier-Magazin\" \/>\n<meta property=\"article:publisher\" content=\"https:\/\/www.facebook.com\/Uelzener\" \/>\n<meta property=\"article:modified_time\" content=\"2025-11-13T09:45:03+00:00\" \/>\n<meta property=\"og:image\" content=\"https:\/\/uelzener.de\/magazin\/app\/uploads\/2022\/09\/Aufmerksamer-Hund-trainiert-mit-Besitzerin-Grundkommandos.jpg\" \/>\n\t<meta property=\"og:image:width\" content=\"1025\" \/>\n\t<meta property=\"og:image:height\" content=\"450\" \/>\n\t<meta property=\"og:image:type\" content=\"image\/jpeg\" \/>\n<meta name=\"twitter:card\" content=\"summary_large_image\" \/>\n<meta name=\"twitter:label1\" content=\"Gesch\u00e4tzte Lesezeit\" \/>\n\t<meta name=\"twitter:data1\" content=\"8\u00a0Minuten\" \/>\n<script type=\"application\/ld+json\" class=\"yoast-schema-graph\">{\"@context\":\"https:\/\/schema.org\",\"@graph\":[{\"@type\":\"WebPage\",\"@id\":\"https:\/\/uelzener.de\/magazin\/hund\/erziehung-und-training\/hundekommandos\/\",\"url\":\"https:\/\/uelzener.de\/magazin\/hund\/erziehung-und-training\/hundekommandos\/\",\"name\":\"Hundekommandos \u2013 Diese solltest du und dein Hund kennen | Uelzener\",\"isPartOf\":{\"@id\":\"https:\/\/uelzener.de\/magazin\/#website\"},\"primaryImageOfPage\":{\"@id\":\"https:\/\/uelzener.de\/magazin\/hund\/erziehung-und-training\/hundekommandos\/#primaryimage\"},\"image\":{\"@id\":\"https:\/\/uelzener.de\/magazin\/hund\/erziehung-und-training\/hundekommandos\/#primaryimage\"},\"thumbnailUrl\":\"https:\/\/uelzener.de\/magazin\/app\/uploads\/2022\/09\/Aufmerksamer-Hund-trainiert-mit-Besitzerin-Grundkommandos.jpg\",\"datePublished\":\"2022-09-08T14:47:11+00:00\",\"dateModified\":\"2025-11-13T09:45:03+00:00\",\"description\":\"Die wichtigsten Hundekommandos auf einen Blick \u2713 Liste an Grundkommandos \u2713 Tipps & Tricks \u00bb Hier erf\u00e4hrst du mehr!\",\"breadcrumb\":{\"@id\":\"https:\/\/uelzener.de\/magazin\/hund\/erziehung-und-training\/hundekommandos\/#breadcrumb\"},\"inLanguage\":\"de\",\"potentialAction\":[{\"@type\":\"ReadAction\",\"target\":[\"https:\/\/uelzener.de\/magazin\/hund\/erziehung-und-training\/hundekommandos\/\"]}]},{\"@type\":\"ImageObject\",\"inLanguage\":\"de\",\"@id\":\"https:\/\/uelzener.de\/magazin\/hund\/erziehung-und-training\/hundekommandos\/#primaryimage\",\"url\":\"https:\/\/uelzener.de\/magazin\/app\/uploads\/2022\/09\/Aufmerksamer-Hund-trainiert-mit-Besitzerin-Grundkommandos.jpg\",\"contentUrl\":\"https:\/\/uelzener.de\/magazin\/app\/uploads\/2022\/09\/Aufmerksamer-Hund-trainiert-mit-Besitzerin-Grundkommandos.jpg\",\"width\":1025,\"height\":450,\"caption\":\"Aufmerksamer Hund trainiert mit Frauchen das Hundekommando, gib Pfote.\"},{\"@type\":\"WebSite\",\"@id\":\"https:\/\/uelzener.de\/magazin\/#website\",\"url\":\"https:\/\/uelzener.de\/magazin\/\",\"name\":\"Uelzener Tiermagazin\",\"description\":\"Online Tierratgeber der Uelzener Versicherungen\",\"publisher\":{\"@id\":\"https:\/\/uelzener.de\/magazin\/#organization\"},\"potentialAction\":[{\"@type\":\"SearchAction\",\"target\":{\"@type\":\"EntryPoint\",\"urlTemplate\":\"https:\/\/uelzener.de\/magazin\/?s={search_term_string}\"},\"query-input\":{\"@type\":\"PropertyValueSpecification\",\"valueRequired\":true,\"valueName\":\"search_term_string\"}}],\"inLanguage\":\"de\"},{\"@type\":\"Organization\",\"@id\":\"https:\/\/uelzener.de\/magazin\/#organization\",\"name\":\"Uelzener Versicherungen\",\"url\":\"https:\/\/uelzener.de\/magazin\/\",\"logo\":{\"@type\":\"ImageObject\",\"inLanguage\":\"de\",\"@id\":\"https:\/\/uelzener.de\/magazin\/#\/schema\/logo\/image\/\",\"url\":\"https:\/\/uelzener.de\/magazin\/app\/uploads\/2024\/11\/uelzener_allgemeine_versicherungsgesellschaft_a_g_logo.jpg\",\"contentUrl\":\"https:\/\/uelzener.de\/magazin\/app\/uploads\/2024\/11\/uelzener_allgemeine_versicherungsgesellschaft_a_g_logo.jpg\",\"width\":200,\"height\":200,\"caption\":\"Uelzener Versicherungen\"},\"image\":{\"@id\":\"https:\/\/uelzener.de\/magazin\/#\/schema\/logo\/image\/\"},\"sameAs\":[\"https:\/\/www.facebook.com\/Uelzener\",\"https:\/\/instagram.com\/uelzener\",\"https:\/\/www.xing.com\/pages\/uelzenerallgemeineversicherungs-gesellschafta-g\",\"https:\/\/www.youtube.com\/UelzenerVersicherungen\"]}]}<\/script>\n<!-- \/ Yoast SEO Premium plugin. -->","yoast_head_json":{"title":"Hundekommandos \u2013 Diese solltest du und dein Hund kennen | Uelzener","description":"Die wichtigsten Hundekommandos auf einen Blick \u2713 Liste an Grundkommandos \u2713 Tipps & Tricks \u00bb Hier erf\u00e4hrst du mehr!","robots":{"index":"index","follow":"follow","max-snippet":"max-snippet:-1","max-image-preview":"max-image-preview:large","max-video-preview":"max-video-preview:-1"},"canonical":"https:\/\/uelzener.de\/magazin\/hund\/erziehung-und-training\/hundekommandos\/","og_locale":"de_DE","og_type":"article","og_title":"Hundekommandos, die sitzen sollten","og_description":"Die wichtigsten Hundekommandos auf einen Blick \u2713 Liste an Grundkommandos \u2713 Tipps & Tricks \u00bb Hier erf\u00e4hrst du mehr!","og_url":"https:\/\/uelzener.de\/magazin\/hund\/erziehung-und-training\/hundekommandos\/","og_site_name":"Uelzener Tier-Magazin","article_publisher":"https:\/\/www.facebook.com\/Uelzener","article_modified_time":"2025-11-13T09:45:03+00:00","og_image":[{"width":1025,"height":450,"url":"https:\/\/uelzener.de\/magazin\/app\/uploads\/2022\/09\/Aufmerksamer-Hund-trainiert-mit-Besitzerin-Grundkommandos.jpg","type":"image\/jpeg"}],"twitter_card":"summary_large_image","twitter_misc":{"Gesch\u00e4tzte Lesezeit":"8\u00a0Minuten"},"schema":{"@context":"https:\/\/schema.org","@graph":[{"@type":"WebPage","@id":"https:\/\/uelzener.de\/magazin\/hund\/erziehung-und-training\/hundekommandos\/","url":"https:\/\/uelzener.de\/magazin\/hund\/erziehung-und-training\/hundekommandos\/","name":"Hundekommandos \u2013 Diese solltest du und dein Hund kennen | Uelzener","isPartOf":{"@id":"https:\/\/uelzener.de\/magazin\/#website"},"primaryImageOfPage":{"@id":"https:\/\/uelzener.de\/magazin\/hund\/erziehung-und-training\/hundekommandos\/#primaryimage"},"image":{"@id":"https:\/\/uelzener.de\/magazin\/hund\/erziehung-und-training\/hundekommandos\/#primaryimage"},"thumbnailUrl":"https:\/\/uelzener.de\/magazin\/app\/uploads\/2022\/09\/Aufmerksamer-Hund-trainiert-mit-Besitzerin-Grundkommandos.jpg","datePublished":"2022-09-08T14:47:11+00:00","dateModified":"2025-11-13T09:45:03+00:00","description":"Die wichtigsten Hundekommandos auf einen Blick \u2713 Liste an Grundkommandos \u2713 Tipps & Tricks \u00bb Hier erf\u00e4hrst du mehr!","breadcrumb":{"@id":"https:\/\/uelzener.de\/magazin\/hund\/erziehung-und-training\/hundekommandos\/#breadcrumb"},"inLanguage":"de","potentialAction":[{"@type":"ReadAction","target":["https:\/\/uelzener.de\/magazin\/hund\/erziehung-und-training\/hundekommandos\/"]}]},{"@type":"ImageObject","inLanguage":"de","@id":"https:\/\/uelzener.de\/magazin\/hund\/erziehung-und-training\/hundekommandos\/#primaryimage","url":"https:\/\/uelzener.de\/magazin\/app\/uploads\/2022\/09\/Aufmerksamer-Hund-trainiert-mit-Besitzerin-Grundkommandos.jpg","contentUrl":"https:\/\/uelzener.de\/magazin\/app\/uploads\/2022\/09\/Aufmerksamer-Hund-trainiert-mit-Besitzerin-Grundkommandos.jpg","width":1025,"height":450,"caption":"Aufmerksamer Hund trainiert mit Frauchen das Hundekommando, gib Pfote."},{"@type":"WebSite","@id":"https:\/\/uelzener.de\/magazin\/#website","url":"https:\/\/uelzener.de\/magazin\/","name":"Uelzener Tiermagazin","description":"Online Tierratgeber der Uelzener Versicherungen","publisher":{"@id":"https:\/\/uelzener.de\/magazin\/#organization"},"potentialAction":[{"@type":"SearchAction","target":{"@type":"EntryPoint","urlTemplate":"https:\/\/uelzener.de\/magazin\/?s={search_term_string}"},"query-input":{"@type":"PropertyValueSpecification","valueRequired":true,"valueName":"search_term_string"}}],"inLanguage":"de"},{"@type":"Organization","@id":"https:\/\/uelzener.de\/magazin\/#organization","name":"Uelzener Versicherungen","url":"https:\/\/uelzener.de\/magazin\/","logo":{"@type":"ImageObject","inLanguage":"de","@id":"https:\/\/uelzener.de\/magazin\/#\/schema\/logo\/image\/","url":"https:\/\/uelzener.de\/magazin\/app\/uploads\/2024\/11\/uelzener_allgemeine_versicherungsgesellschaft_a_g_logo.jpg","contentUrl":"https:\/\/uelzener.de\/magazin\/app\/uploads\/2024\/11\/uelzener_allgemeine_versicherungsgesellschaft_a_g_logo.jpg","width":200,"height":200,"caption":"Uelzener Versicherungen"},"image":{"@id":"https:\/\/uelzener.de\/magazin\/#\/schema\/logo\/image\/"},"sameAs":["https:\/\/www.facebook.com\/Uelzener","https:\/\/instagram.com\/uelzener","https:\/\/www.xing.com\/pages\/uelzenerallgemeineversicherungs-gesellschafta-g","https:\/\/www.youtube.com\/UelzenerVersicherungen"]}]}},"_links":{"self":[{"href":"https:\/\/uelzener.de\/magazin\/wp-json\/wp\/v2\/pages\/13713","targetHints":{"allow":["GET"]}}],"collection":[{"href":"https:\/\/uelzener.de\/magazin\/wp-json\/wp\/v2\/pages"}],"about":[{"href":"https:\/\/uelzener.de\/magazin\/wp-json\/wp\/v2\/types\/page"}],"author":[{"embeddable":true,"href":"https:\/\/uelzener.de\/magazin\/wp-json\/wp\/v2\/users\/9"}],"replies":[{"embeddable":true,"href":"https:\/\/uelzener.de\/magazin\/wp-json\/wp\/v2\/comments?post=13713"}],"version-history":[{"count":22,"href":"https:\/\/uelzener.de\/magazin\/wp-json\/wp\/v2\/pages\/13713\/revisions"}],"predecessor-version":[{"id":19447,"href":"https:\/\/uelzener.de\/magazin\/wp-json\/wp\/v2\/pages\/13713\/revisions\/19447"}],"up":[{"embeddable":true,"href":"https:\/\/uelzener.de\/magazin\/wp-json\/wp\/v2\/pages\/11679"}],"wp:featuredmedia":[{"embeddable":true,"href":"https:\/\/uelzener.de\/magazin\/wp-json\/wp\/v2\/media\/13714"}],"wp:attachment":[{"href":"https:\/\/uelzener.de\/magazin\/wp-json\/wp\/v2\/media?parent=13713"}],"curies":[{"name":"wp","href":"https:\/\/api.w.org\/{rel}","templated":true}]}}