{"id":13708,"date":"2022-09-08T16:29:32","date_gmt":"2022-09-08T14:29:32","guid":{"rendered":"https:\/\/uelzener.de\/magazin\/?page_id=13708"},"modified":"2025-11-13T10:45:09","modified_gmt":"2025-11-13T09:45:09","slug":"hund-entlaufen","status":"publish","type":"page","link":"https:\/\/uelzener.de\/magazin\/hund\/tipps-fuer-den-alltag\/hund-entlaufen\/","title":{"rendered":"Hund entlaufen: So handelst du richtig!"},"content":{"rendered":"<p><strong>Dein Hund ist weggelaufen oder gilt seit Tagen als vermisst \u2013 ein b\u00f6ser Schreck f\u00fcr alle Hundebesitzer:innen. Nun hei\u00dft es, einen k\u00fchlen Kopf zu bewahren und wohl\u00fcberlegt zu handeln. Wie du dich am besten in dieser Situation verh\u00e4ltst und wie du vermeiden kannst, dass dein Hund in Zukunft entl\u00e4uft, erf\u00e4hrst du hier. <\/strong><\/p>\n<p>Allein im Jahr 2021 sind mehr als 113.000 Hunde und <a href=\"https:\/\/uelzener.de\/magazin\/katze\/tipps-fuer-den-alltag\/katze-entlaufen\/\"><u><strong>Katzen<\/strong><\/u><\/a> von zu Hause entlaufen. Die meisten von ihnen sind ganz von selbst zur\u00fcckgekehrt oder wurden nach einer erfolgreichen Suchaktion aufgefunden. Das ist zwar zun\u00e4chst beruhigend, dennoch sollte jeder Mensch mit Hund im Ernstfall wissen, wie zu handeln ist. So maximiert man die Wahrscheinlichkeit, dass der eigene Hund sicher und wohlbehalten wieder auftaucht.<\/p>\n<h2><strong>Warum Hunde weglaufen<\/strong><\/h2>\n<p>Hunde gehen aus vielen Gr\u00fcnden verloren: Bei einem Spaziergang erblickt der unangeleinte Vierbeiner ein Kaninchen oder einen Hundekumpel und rennt pl\u00f6tzlich weg. Oder man ist gemeinsam <span style=\"text-decoration: underline;\"><a href=\"https:\/\/uelzener.de\/magazin\/hund\/erziehung-und-training\/hund-fahrrad\/\"><strong>mit dem Fahrrad unterwegs<\/strong><\/a><\/span>, der Hund ist nicht angeleint und aus der Ferne ert\u00f6nt ein Knall. Solche ungl\u00fccklichen Zuf\u00e4lle k\u00f6nnen auch die umsichtigsten Hundehalter:innen treffen. Kennt man jedoch die wahrscheinlichsten Risiken, kann man schon fr\u00fch eingreifen oder noch besser pr\u00e4ventiv handeln:<\/p>\n<ul>\n<li>Fr\u00fcher oder sp\u00e4ter setzt bei den meisten Hunden der angeborene <strong>Jagdtrieb<\/strong> ein. Der Hund wittert auf einem Waldspaziergang eine interessante Duftspur oder ein Tier raschelt im Geb\u00fcsch. Gerne nehmen die Sp\u00fcrnasen dann die Verfolgung auf.<\/li>\n<li>Zwei Mal im Jahr setzt bei H\u00fcndinnen die <strong>L\u00e4ufigkeit<\/strong> ein, R\u00fcden legen oft lange Wege f\u00fcr ihre auserkorene H\u00fcndin zur\u00fcck. Aber auch Hundeweibchen zeigen sich manchmal weniger gehorsam als vorher. Sie h\u00f6ren dann nicht mehr auf Kommandos oder rennen auf Spazierg\u00e4ngen weg.<\/li>\n<li>\u00c4ngstliche Hunde ergreifen in einer <strong>ungewohnten Situation<\/strong> gelegentlich die Flucht. Pl\u00f6tzliche Ger\u00e4usche, der Schock nach einem Unfall oder anstehende Arztbesuche k\u00f6nnen Panik ausl\u00f6sen. Manche Hunde erstarren aus Angst und bewegen sich nicht vom Fleck, andere Hunde rennen hingegen vor der Gefahr weg.<\/li>\n<\/ul>\n<h2><strong>Was tun, wenn der Hund entlaufen ist?<\/strong><\/h2>\n<p>Panik, dem fliehenden Vierbeiner hinterherlaufen und unerm\u00fcdlich rufen und suchen \u2013 das sind die g\u00e4ngigsten Reaktionen von Hundebesitzer:innen, wenn der geliebte Hund entlaufen ist. Das ist mehr als verst\u00e4ndlich. Doch auch wenn es schwerf\u00e4llt, unter allen Umst\u00e4nden sollte Ruhe bewahrt werden. Hektische Reaktionen verschrecken Hunde nur noch mehr und erschweren zus\u00e4tzlich eine erfolgreiche Suche. Mit dieser To-Do-Liste beh\u00e4lt man in solchen Situationen ein ruhiges Gem\u00fct:<\/p>\n<ul>\n<li>In der Regel sollte man 15 bis 60 Minuten an der Stelle des Entlaufens <strong>warten<\/strong>. Hunde kehren oft an diesen Ort zur\u00fcck. Sollte es l\u00e4nger dauern oder man hat keine Zeit, kann man ein Kleidungsst\u00fcck an diese Stelle legen. Dadurch kann der vermisste Hund den Geruch seines Frauchens oder Herrchens weiterhin verfolgen.<\/li>\n<li>Sollte der Vierbeiner nach einigen Stunden weiterhin nicht auffindbar sein, <strong>meldet man sein Tier bei den verschiedenen Haustierregistern als vermisst<\/strong>. TASSO und der Deutsche Tierschutzbund bieten beispielsweise einen solchen Service an. Zus\u00e4tzlich ist es sinnvoll, auch die Polizei, Tier\u00e4rzte und Tierheime \u00fcber den Verlust zu informieren. Diese melden sich umgehend zur\u00fcck, sollte der Hund gefunden oder von jemandem gesichtet werden.<\/li>\n<li>Zus\u00e4tzlich k\u00f6nnen <strong>Suchplakate <\/strong>erstellt, in der Nachbarschaft und in der Umgebung aufgeh\u00e4ngt werden. Entweder druckt man ein solches Plakat selbst aus oder nutzt die Suchplakat-Vorlagen von offiziellen Haustierregistern. Der Vorteil: Auf Suchplakaten von Registern wird nicht die private Rufnummer, sondern die der jeweiligen Organisation angegeben. So kann man seine eigenen Daten sch\u00fctzen.<\/li>\n<li>Freunde und Familie k\u00f6nnen m\u00f6glicherweise ebenfalls bei der Suche helfen und Pl\u00e4tze aufsuchen, die dem Hund vertraut sind. Wer in Social Media gut vernetzt ist, kann das Foto des Tieres auch digital streuen und hoffen, dass es gesichtet wird. Und so machst du <a href=\"https:\/\/uelzener.de\/magazin\/hund\/tipps-fuer-den-alltag\/hunde-fotografieren\/\">gute Fotos von deinem Hund<\/a> \u2013 f\u00fcr den Fall der F\u00e4lle!<\/li>\n<li>Auf <strong>die Suche<\/strong> sollten sich grunds\u00e4tzlich nur Menschen begeben, die den Hund bereits gut kennen. Fremde Menschen k\u00f6nnten den bereits nerv\u00f6sen Vierbeiner noch mehr ver\u00e4ngstigen.<\/li>\n<\/ul>\n<h2><strong>Der Hund wurde gefunden \u2013 wie nun richtig zu handeln ist<\/strong><\/h2>\n<p>Der Hund ist wieder zur\u00fcckgekehrt, nachdem man bangend im Wald gewartet und stundenlang Ausschau gehalten hat? Die Erleichterung ist dann nat\u00fcrlich gro\u00df und die Zusammenkunft umso sch\u00f6ner. Gerne m\u00f6chte man jubeln und dem geliebten Vierbeiner entgegenrennen. Starke Reaktionen k\u00f6nnten ihn jedoch verschrecken. Schlie\u00dflich sind entlaufene Tiere nicht selten ver\u00e4ngstigt.<\/p>\n<p>Besser ist es, mit langsamen Bewegungen in die Hocke zu gehen und ihn in aller Ruhe zu locken. Optimal sollte die K\u00f6rperhaltung offen und die Stimme freundlich sein. F\u00fcr sein Verschwinden ist der Hund unter keinen Umst\u00e4nden zu bestrafen \u2013 stattdessen sollte es ausgiebiges Lob und Leckerlis geben. So merkt der Hund schnell, dass er sich bei seinem Menschen sicher und geborgen f\u00fchlen kann.<\/p>\n<h2><strong>So vermeidest du, dass dein Hund wegl\u00e4uft<\/strong><\/h2>\n<p>Dass ein Hund wegrennt, l\u00e4sst sich nicht immer vermeiden. Selbst bei aller Vorsicht gibt es immer wieder Ungl\u00fccksf\u00e4lle und unberechenbare Faktoren. Im Vorfeld kann man trotzdem einige Ma\u00dfnahmen ergreifen, um sich und seinen Vierbeiner nachhaltig zu sch\u00fctzen:<\/p>\n<ul>\n<li>Wichtig ist die <strong>Kennzeichnung des Hundes durch einen Mikro-Chip<\/strong>. In manchen Bundesl\u00e4ndern ist diese sogar gesetzlich vorgeschrieben. Tier\u00e4rzte f\u00fchren einen kleinen Chip mit einer Spritze unter die Haut ein. Der Chip enth\u00e4lt eine 15-stellige Nummer, die dann bei einer Organisation wie FINDEFIX oder Tasso registriert werden muss. Dadurch k\u00f6nnen vermisste Hunde zuverl\u00e4ssig ausfindig gemacht und mit dem Besitzer oder der Besitzerin zusammengef\u00fchrt werden. Mit einer <span style=\"text-decoration: underline;\"><strong>Hunde-Krankenversicherung<\/strong> <\/span>fallen auch keine weiteren Kosten f\u00fcr diesen kleinen Eingriff an.<\/li>\n<li>Damit ein Hund gar nicht erst wegrennt, steht eine <strong>tiergerechte Erziehung<\/strong> an erster Stelle: Ist der Hund zu jeder Zeit abrufbereit? H\u00f6rt er auf die Kommandos \u201eSitz\u201c, \u201eHalt\u201c und \u201eKomm\u201c? Erst wenn ein Hund auf diese Kommandos h\u00f6rt, kann ein Spaziergang auch ohne Leine genossen werden. Eine vertrauensvolle Bindung zwischen Mensch und Tier ist das beste Mittel zur Pr\u00e4vention.<\/li>\n<\/ul>\n\n<div class=\"banner\">\n    <a href=\"https:\/\/uelzener.de\/hund\/hunde-krankenversicherung\/?agt=0000104925&sem=true&utm_medium=magazin&utm_source=wordpress&utm_campaign=hund_kv&utm_content=banner\">\n        <img decoding=\"async\" width=\"300\" height=\"212\" src=\"https:\/\/uelzener.de\/magazin\/app\/uploads\/2025\/01\/Hunde-Kranken-Versicherung.jpg\" class=\"attachment-medium size-medium\" alt=\"Banner Hunde-Kranken-Versicherung\" \/>    <\/a>\n<\/div>\n\n<h2><strong>Den Hund im Blick haben<\/strong><\/h2>\n<p>Ob jung oder alt, anh\u00e4nglich oder ein eigenst\u00e4ndiger Charakter \u2013 Hunde laufen aus vielen Gr\u00fcnden weg. Als Hundebesitzer:in mag man sich Vorw\u00fcrfe machen, schlie\u00dflich f\u00fchlt man sich f\u00fcr das Wohl seines Tieres verantwortlich. Doch nicht immer l\u00e4sst sich verhindern, dass der Vierbeiner auf einem Spaziergang das Weite sucht. Laute Ger\u00e4usche, ungl\u00fcckliche Zuf\u00e4lle und der Jagdtrieb lassen sich vom Menschen nicht kontrollieren.<\/p>\n<p>Daf\u00fcr ist anschlie\u00dfend ein planm\u00e4\u00dfiges Handeln umso wichtiger: Gl\u00fccklicherweise ist es im Zeitalter des Internets einfacher denn je, seinen Hund online zu tracken. Zus\u00e4tzlich zum <a href=\"https:\/\/uelzener.de\/magazin\/hund\/haeufige-fragen\/halsband-oder-geschirr\/\" target=\"_blank\" rel=\"noopener\">Brustgeschirr<\/a> kann dem Hund ein spezieller GPS-Tracker f\u00fcr Haustiere angelegt werden. In Verbindung mit einer App l\u00e4sst sich der aktuelle Standort des Tieres jederzeit abrufen. Als Hundebesitzer:in beh\u00e4lt man dadurch einen k\u00fchlen Kopf und hat seinen geliebten Vierbeiner immer im Blick.<\/p>\n<h2><strong>FAQ: H\u00e4ufig gestellte Fragen<\/strong><\/h2>\n<h3><strong>Wie lang k\u00f6nnen entlaufene Hunde \u00fcberleben?<\/strong><\/h3>\n<p>Die meisten entlaufenen Hunde kehren von selbst zur\u00fcck oder wurden nach einer erfolgreichen Suchaktion gefunden. Hunde k\u00f6nnen in der K\u00e4lte, ohne Futter und ohne Kontakte tagelang \u00fcberleben.<\/p>\n<h3><strong>Was tun, wenn der Hund entlaufen ist?<\/strong><\/h3>\n<p>Ruhe bewahren und die erste Stunde an der Stelle des Entlaufens warten. Sollte es l\u00e4nger dauern, kann man ein Kleidungsst\u00fcck an die Stelle legen. Meldung bei einem Haustierregister, erstellen und aufh\u00e4ngen von Suchplakaten. Freunde und Familie mit informieren und um Unterst\u00fctzung bitten &#8211; auch \u00fcber Social Media.<\/p>\n<h3><strong>Wie findet ein Hund wieder nach Hause?<\/strong><\/h3>\n<p>Der Hund versucht instinktiv wieder nach Hause zur\u00fcckzufinden. Er kehrt auch oft an den Ort zur\u00fcck, wo er von seinem Herrchen oder Frauchen getrennt wurde. Deshalb sollte man auch \u00f6fters an die Stelle zur\u00fcckkehren, wo man seinen Hund zuletzt gesehen hat.<\/p>\n","protected":false},"excerpt":{"rendered":"<p>Dein Hund ist weggelaufen oder gilt seit Tagen als vermisst \u2013 ein b\u00f6ser Schreck f\u00fcr alle Hundebesitzer:innen. Nun hei\u00dft es, einen k\u00fchlen Kopf zu bewahren und wohl\u00fcberlegt zu handeln. Wie du dich am besten in dieser Situation verh\u00e4ltst und wie du vermeiden kannst, dass dein Hund in Zukunft entl\u00e4uft, erf\u00e4hrst du hier. Allein im Jahr [&hellip;]<\/p>\n","protected":false},"author":9,"featured_media":13709,"parent":11707,"menu_order":8,"comment_status":"closed","ping_status":"closed","template":"templates\/blog.php","meta":{"_acf_changed":false,"_crdt_document":"","footnotes":"","beyondwords_generate_audio":"0","beyondwords_project_id":"","beyondwords_content_id":"","beyondwords_preview_token":"","beyondwords_player_style":"","beyondwords_language_id":"","beyondwords_title_voice_id":"","beyondwords_body_voice_id":"","beyondwords_summary_voice_id":"","beyondwords_error_message":"","beyondwords_disabled":"","beyondwords_delete_content":"","beyondwords_podcast_id":"","beyondwords_hash":"","publish_post_to_speechkit":"","speechkit_hash":"","speechkit_generate_audio":"","speechkit_project_id":"","speechkit_podcast_id":"","speechkit_error_message":"","speechkit_disabled":"","speechkit_access_key":"","speechkit_error":"","speechkit_info":"","speechkit_response":"","speechkit_retries":"","speechkit_status":"","speechkit_updated_at":"","_speechkit_link":"","_speechkit_text":""},"class_list":["post-13708","page","type-page","status-publish","has-post-thumbnail","hentry"],"acf":[],"yoast_head":"<!-- This site is optimized with the Yoast SEO Premium plugin  - https:\/\/yoast.com\/product\/yoast-seo-premium-wordpress\/ -->\n<title>Hund entlaufen \u2013 Das solltest du tun und Tipps zum Vorbeugen! | Uelzener<\/title>\n<meta name=\"description\" content=\"Tipps f\u00fcr dich, falls dein Hund entlaufen ist \u2713 To-Do-Liste \u2713 Vorbeugen \u2713 Hund finden \u00bb Behalte Ruhe &amp; folge diesen Tipps!\" \/>\n<meta name=\"robots\" content=\"index, follow, max-snippet:-1, max-image-preview:large, max-video-preview:-1\" \/>\n<link rel=\"canonical\" href=\"https:\/\/uelzener.de\/magazin\/hund\/tipps-fuer-den-alltag\/hund-entlaufen\/\" \/>\n<meta property=\"og:locale\" content=\"de_DE\" \/>\n<meta property=\"og:type\" content=\"article\" \/>\n<meta property=\"og:title\" content=\"Hund entlaufen: So handelst du richtig!\" \/>\n<meta property=\"og:description\" content=\"Tipps f\u00fcr dich, falls dein Hund entlaufen ist \u2713 To-Do-Liste \u2713 Vorbeugen \u2713 Hund finden \u00bb Behalte Ruhe &amp; folge diesen Tipps!\" \/>\n<meta property=\"og:url\" content=\"https:\/\/uelzener.de\/magazin\/hund\/tipps-fuer-den-alltag\/hund-entlaufen\/\" \/>\n<meta property=\"og:site_name\" content=\"Uelzener Tier-Magazin\" \/>\n<meta property=\"article:publisher\" content=\"https:\/\/www.facebook.com\/Uelzener\" \/>\n<meta property=\"article:modified_time\" content=\"2025-11-13T09:45:09+00:00\" \/>\n<meta property=\"og:image\" content=\"https:\/\/uelzener.de\/magazin\/app\/uploads\/2022\/09\/Hund-entlaufen.jpg\" \/>\n\t<meta property=\"og:image:width\" content=\"1025\" \/>\n\t<meta property=\"og:image:height\" content=\"450\" \/>\n\t<meta property=\"og:image:type\" content=\"image\/jpeg\" \/>\n<meta name=\"twitter:card\" content=\"summary_large_image\" \/>\n<meta name=\"twitter:label1\" content=\"Gesch\u00e4tzte Lesezeit\" \/>\n\t<meta name=\"twitter:data1\" content=\"7\u00a0Minuten\" \/>\n<script type=\"application\/ld+json\" class=\"yoast-schema-graph\">{\"@context\":\"https:\/\/schema.org\",\"@graph\":[{\"@type\":\"WebPage\",\"@id\":\"https:\/\/uelzener.de\/magazin\/hund\/tipps-fuer-den-alltag\/hund-entlaufen\/\",\"url\":\"https:\/\/uelzener.de\/magazin\/hund\/tipps-fuer-den-alltag\/hund-entlaufen\/\",\"name\":\"Hund entlaufen \u2013 Das solltest du tun und Tipps zum Vorbeugen! | Uelzener\",\"isPartOf\":{\"@id\":\"https:\/\/uelzener.de\/magazin\/#website\"},\"primaryImageOfPage\":{\"@id\":\"https:\/\/uelzener.de\/magazin\/hund\/tipps-fuer-den-alltag\/hund-entlaufen\/#primaryimage\"},\"image\":{\"@id\":\"https:\/\/uelzener.de\/magazin\/hund\/tipps-fuer-den-alltag\/hund-entlaufen\/#primaryimage\"},\"thumbnailUrl\":\"https:\/\/uelzener.de\/magazin\/app\/uploads\/2022\/09\/Hund-entlaufen.jpg\",\"datePublished\":\"2022-09-08T14:29:32+00:00\",\"dateModified\":\"2025-11-13T09:45:09+00:00\",\"description\":\"Tipps f\u00fcr dich, falls dein Hund entlaufen ist \u2713 To-Do-Liste \u2713 Vorbeugen \u2713 Hund finden \u00bb Behalte Ruhe & folge diesen Tipps!\",\"breadcrumb\":{\"@id\":\"https:\/\/uelzener.de\/magazin\/hund\/tipps-fuer-den-alltag\/hund-entlaufen\/#breadcrumb\"},\"inLanguage\":\"de\",\"potentialAction\":[{\"@type\":\"ReadAction\",\"target\":[\"https:\/\/uelzener.de\/magazin\/hund\/tipps-fuer-den-alltag\/hund-entlaufen\/\"]}]},{\"@type\":\"ImageObject\",\"inLanguage\":\"de\",\"@id\":\"https:\/\/uelzener.de\/magazin\/hund\/tipps-fuer-den-alltag\/hund-entlaufen\/#primaryimage\",\"url\":\"https:\/\/uelzener.de\/magazin\/app\/uploads\/2022\/09\/Hund-entlaufen.jpg\",\"contentUrl\":\"https:\/\/uelzener.de\/magazin\/app\/uploads\/2022\/09\/Hund-entlaufen.jpg\",\"width\":1025,\"height\":450,\"caption\":\"Kleiner entlaufender Hund wandert \u00fcber einen Pfad durch gr\u00fcne Wiesen.\"},{\"@type\":\"WebSite\",\"@id\":\"https:\/\/uelzener.de\/magazin\/#website\",\"url\":\"https:\/\/uelzener.de\/magazin\/\",\"name\":\"Uelzener Tiermagazin\",\"description\":\"Online Tierratgeber der Uelzener Versicherungen\",\"publisher\":{\"@id\":\"https:\/\/uelzener.de\/magazin\/#organization\"},\"potentialAction\":[{\"@type\":\"SearchAction\",\"target\":{\"@type\":\"EntryPoint\",\"urlTemplate\":\"https:\/\/uelzener.de\/magazin\/?s={search_term_string}\"},\"query-input\":{\"@type\":\"PropertyValueSpecification\",\"valueRequired\":true,\"valueName\":\"search_term_string\"}}],\"inLanguage\":\"de\"},{\"@type\":\"Organization\",\"@id\":\"https:\/\/uelzener.de\/magazin\/#organization\",\"name\":\"Uelzener Versicherungen\",\"url\":\"https:\/\/uelzener.de\/magazin\/\",\"logo\":{\"@type\":\"ImageObject\",\"inLanguage\":\"de\",\"@id\":\"https:\/\/uelzener.de\/magazin\/#\/schema\/logo\/image\/\",\"url\":\"https:\/\/uelzener.de\/magazin\/app\/uploads\/2024\/11\/uelzener_allgemeine_versicherungsgesellschaft_a_g_logo.jpg\",\"contentUrl\":\"https:\/\/uelzener.de\/magazin\/app\/uploads\/2024\/11\/uelzener_allgemeine_versicherungsgesellschaft_a_g_logo.jpg\",\"width\":200,\"height\":200,\"caption\":\"Uelzener Versicherungen\"},\"image\":{\"@id\":\"https:\/\/uelzener.de\/magazin\/#\/schema\/logo\/image\/\"},\"sameAs\":[\"https:\/\/www.facebook.com\/Uelzener\",\"https:\/\/instagram.com\/uelzener\",\"https:\/\/www.xing.com\/pages\/uelzenerallgemeineversicherungs-gesellschafta-g\",\"https:\/\/www.youtube.com\/UelzenerVersicherungen\"]}]}<\/script>\n<!-- \/ Yoast SEO Premium plugin. -->","yoast_head_json":{"title":"Hund entlaufen \u2013 Das solltest du tun und Tipps zum Vorbeugen! | Uelzener","description":"Tipps f\u00fcr dich, falls dein Hund entlaufen ist \u2713 To-Do-Liste \u2713 Vorbeugen \u2713 Hund finden \u00bb Behalte Ruhe & folge diesen Tipps!","robots":{"index":"index","follow":"follow","max-snippet":"max-snippet:-1","max-image-preview":"max-image-preview:large","max-video-preview":"max-video-preview:-1"},"canonical":"https:\/\/uelzener.de\/magazin\/hund\/tipps-fuer-den-alltag\/hund-entlaufen\/","og_locale":"de_DE","og_type":"article","og_title":"Hund entlaufen: So handelst du richtig!","og_description":"Tipps f\u00fcr dich, falls dein Hund entlaufen ist \u2713 To-Do-Liste \u2713 Vorbeugen \u2713 Hund finden \u00bb Behalte Ruhe & folge diesen Tipps!","og_url":"https:\/\/uelzener.de\/magazin\/hund\/tipps-fuer-den-alltag\/hund-entlaufen\/","og_site_name":"Uelzener Tier-Magazin","article_publisher":"https:\/\/www.facebook.com\/Uelzener","article_modified_time":"2025-11-13T09:45:09+00:00","og_image":[{"width":1025,"height":450,"url":"https:\/\/uelzener.de\/magazin\/app\/uploads\/2022\/09\/Hund-entlaufen.jpg","type":"image\/jpeg"}],"twitter_card":"summary_large_image","twitter_misc":{"Gesch\u00e4tzte Lesezeit":"7\u00a0Minuten"},"schema":{"@context":"https:\/\/schema.org","@graph":[{"@type":"WebPage","@id":"https:\/\/uelzener.de\/magazin\/hund\/tipps-fuer-den-alltag\/hund-entlaufen\/","url":"https:\/\/uelzener.de\/magazin\/hund\/tipps-fuer-den-alltag\/hund-entlaufen\/","name":"Hund entlaufen \u2013 Das solltest du tun und Tipps zum Vorbeugen! | Uelzener","isPartOf":{"@id":"https:\/\/uelzener.de\/magazin\/#website"},"primaryImageOfPage":{"@id":"https:\/\/uelzener.de\/magazin\/hund\/tipps-fuer-den-alltag\/hund-entlaufen\/#primaryimage"},"image":{"@id":"https:\/\/uelzener.de\/magazin\/hund\/tipps-fuer-den-alltag\/hund-entlaufen\/#primaryimage"},"thumbnailUrl":"https:\/\/uelzener.de\/magazin\/app\/uploads\/2022\/09\/Hund-entlaufen.jpg","datePublished":"2022-09-08T14:29:32+00:00","dateModified":"2025-11-13T09:45:09+00:00","description":"Tipps f\u00fcr dich, falls dein Hund entlaufen ist \u2713 To-Do-Liste \u2713 Vorbeugen \u2713 Hund finden \u00bb Behalte Ruhe & folge diesen Tipps!","breadcrumb":{"@id":"https:\/\/uelzener.de\/magazin\/hund\/tipps-fuer-den-alltag\/hund-entlaufen\/#breadcrumb"},"inLanguage":"de","potentialAction":[{"@type":"ReadAction","target":["https:\/\/uelzener.de\/magazin\/hund\/tipps-fuer-den-alltag\/hund-entlaufen\/"]}]},{"@type":"ImageObject","inLanguage":"de","@id":"https:\/\/uelzener.de\/magazin\/hund\/tipps-fuer-den-alltag\/hund-entlaufen\/#primaryimage","url":"https:\/\/uelzener.de\/magazin\/app\/uploads\/2022\/09\/Hund-entlaufen.jpg","contentUrl":"https:\/\/uelzener.de\/magazin\/app\/uploads\/2022\/09\/Hund-entlaufen.jpg","width":1025,"height":450,"caption":"Kleiner entlaufender Hund wandert \u00fcber einen Pfad durch gr\u00fcne Wiesen."},{"@type":"WebSite","@id":"https:\/\/uelzener.de\/magazin\/#website","url":"https:\/\/uelzener.de\/magazin\/","name":"Uelzener Tiermagazin","description":"Online Tierratgeber der Uelzener Versicherungen","publisher":{"@id":"https:\/\/uelzener.de\/magazin\/#organization"},"potentialAction":[{"@type":"SearchAction","target":{"@type":"EntryPoint","urlTemplate":"https:\/\/uelzener.de\/magazin\/?s={search_term_string}"},"query-input":{"@type":"PropertyValueSpecification","valueRequired":true,"valueName":"search_term_string"}}],"inLanguage":"de"},{"@type":"Organization","@id":"https:\/\/uelzener.de\/magazin\/#organization","name":"Uelzener Versicherungen","url":"https:\/\/uelzener.de\/magazin\/","logo":{"@type":"ImageObject","inLanguage":"de","@id":"https:\/\/uelzener.de\/magazin\/#\/schema\/logo\/image\/","url":"https:\/\/uelzener.de\/magazin\/app\/uploads\/2024\/11\/uelzener_allgemeine_versicherungsgesellschaft_a_g_logo.jpg","contentUrl":"https:\/\/uelzener.de\/magazin\/app\/uploads\/2024\/11\/uelzener_allgemeine_versicherungsgesellschaft_a_g_logo.jpg","width":200,"height":200,"caption":"Uelzener Versicherungen"},"image":{"@id":"https:\/\/uelzener.de\/magazin\/#\/schema\/logo\/image\/"},"sameAs":["https:\/\/www.facebook.com\/Uelzener","https:\/\/instagram.com\/uelzener","https:\/\/www.xing.com\/pages\/uelzenerallgemeineversicherungs-gesellschafta-g","https:\/\/www.youtube.com\/UelzenerVersicherungen"]}]}},"_links":{"self":[{"href":"https:\/\/uelzener.de\/magazin\/wp-json\/wp\/v2\/pages\/13708","targetHints":{"allow":["GET"]}}],"collection":[{"href":"https:\/\/uelzener.de\/magazin\/wp-json\/wp\/v2\/pages"}],"about":[{"href":"https:\/\/uelzener.de\/magazin\/wp-json\/wp\/v2\/types\/page"}],"author":[{"embeddable":true,"href":"https:\/\/uelzener.de\/magazin\/wp-json\/wp\/v2\/users\/9"}],"replies":[{"embeddable":true,"href":"https:\/\/uelzener.de\/magazin\/wp-json\/wp\/v2\/comments?post=13708"}],"version-history":[{"count":10,"href":"https:\/\/uelzener.de\/magazin\/wp-json\/wp\/v2\/pages\/13708\/revisions"}],"predecessor-version":[{"id":19448,"href":"https:\/\/uelzener.de\/magazin\/wp-json\/wp\/v2\/pages\/13708\/revisions\/19448"}],"up":[{"embeddable":true,"href":"https:\/\/uelzener.de\/magazin\/wp-json\/wp\/v2\/pages\/11707"}],"wp:featuredmedia":[{"embeddable":true,"href":"https:\/\/uelzener.de\/magazin\/wp-json\/wp\/v2\/media\/13709"}],"wp:attachment":[{"href":"https:\/\/uelzener.de\/magazin\/wp-json\/wp\/v2\/media?parent=13708"}],"curies":[{"name":"wp","href":"https:\/\/api.w.org\/{rel}","templated":true}]}}