{"id":13642,"date":"2022-08-24T14:58:42","date_gmt":"2022-08-24T12:58:42","guid":{"rendered":"https:\/\/uelzener.de\/magazin\/?page_id=13642"},"modified":"2026-01-06T18:10:28","modified_gmt":"2026-01-06T17:10:28","slug":"katze-beerdigen","status":"publish","type":"page","link":"https:\/\/uelzener.de\/magazin\/katze\/haltung\/katze-beerdigen\/","title":{"rendered":"Abschied nehmen: Die geliebte Katze beerdigen"},"content":{"rendered":"<p>Der Abschied von einem geliebten Haustier ist f\u00fcr viele Menschen eine hochemotionale Angelegenheit. Auch wenn die Trauer noch anh\u00e4lt, ist es wichtig, Trost zu finden und die eigene Katze in liebevoller Erinnerung zu behalten. Wer sich schon fr\u00fch \u00fcber Abschieds- und Bestattungsm\u00f6glichkeiten Gedanken macht, erleichtert sich diese ohnehin schwere Zeit.<\/p>\n<p>F\u00fcr viele Menschen sind Katzen ein fester Bestandteil der Familie. Ein verschmuster Gef\u00e4hrte, eine emotionale St\u00fctze im Alltag. Egal wie tr\u00fcb und anstrengend der Tag war \u2013 eine Kuscheleinheit mit der Katze auf der Couch kann vieles wiedergutmachen. Stirbt das geliebte Tier, f\u00e4llt pl\u00f6tzlich ein gro\u00dfer und gesch\u00e4tzter Teil des normalen Lebens weg. Vielen Katzenhalter:innen ist es daher wichtig, in angemessener Weise Abschied von ihrem tierischen Familienmitglied nehmen zu k\u00f6nnen.<\/p>\n<h2><strong>Wenn die Katze stirbt<\/strong><\/h2>\n<p>Katzen sagt man 7 Leben nach \u2013 und doch ist auch ihre Lebenszeit leider begrenzt. Die durchschnittliche Lebenserwartung von Hauskatzen betr\u00e4gt etwa 15 Jahre. Das ist mehr als bei vielen anderen Haustieren. Wie alt die individuelle Katze aber tats\u00e4chlich wird, h\u00e4ngt von verschiedenen Faktoren ab: Freig\u00e4ngerkatzen haben oft ein k\u00fcrzeres Leben als ihre h\u00e4uslichen Artgenossen.<\/p>\n<p>Aufgrund von <a href=\"https:\/\/uelzener.de\/magazin\/katze\/haeufige-fragen\/katze-im-strassenverkehr-ueberfahren-was-passiert-nach-einem-unfall\/\">Unf\u00e4llen<\/a> oder Umweltgefahren wie <a href=\"https:\/\/uelzener.de\/magazin\/katze\/tiergesundheit\/giftige-pflanzen-fuer-katzen\/\"><strong>giftigen Pflanzen<\/strong><\/a> oder <a href=\"https:\/\/uelzener.de\/magazin\/katze\/ernaehrung\/katze-schokolade\/\">Schokolade<\/a> in der Wohnung werden sie im Schnitt nur 8 Jahre alt. Je nach der Ern\u00e4hrung, der Umgebung und der Pflege erreichen manche Katzen aber auch ein stolzes Alter von 20 Jahren. <a href=\"https:\/\/uelzener.de\/magazin\/katze\/haeufige-fragen\/wie-alt-werden-katzen\/\">Lies auch hier im Magazin nach, wie alt Katzen werden k\u00f6nnen.<\/a> F\u00fcr den Menschen m\u00f6gen 20 Jahre nicht viel sein, rechnet man aber <a href=\"https:\/\/uelzener.de\/magazin\/katze\/haeufige-fragen\/katzenjahre-in-menschenjahre\/\"><strong>Katzenjahre in Menschenjahre<\/strong><\/a> um, hat das Tier stolze 96 Jahre gelebt.<\/p>\n<p>Erreicht eine Katze ihr nat\u00fcrliches Lebensende, sp\u00fcrt sie es meist instinktiv und zeigt es auch in ihrer K\u00f6rpersprache. Manche Tiere ziehen sich zur\u00fcck und m\u00f6gen nicht mehr fressen. Sie suchen sich dann einen Ort, an dem sie ungest\u00f6rt ihre letzte Ruhe finden k\u00f6nnen. Auch wenn es nicht leicht ist, diese Entscheidung sollten Katzenbesitzer:innen akzeptieren und das Tier gew\u00e4hren lassen. Hat das Tier Schmerzen oder ist schwer krank, so kann es auch eine:n Veterin\u00e4rmediziner:in von seinen Leiden erl\u00f6sen. Die Katzenhalter:innen erhalten in der Tierarztpraxis eine ausf\u00fchrliche Beratung, das Tier wird noch einmal untersucht und dann in Narkose versetzt. Es schl\u00e4ft also friedlich ein, bis der Herzstillstand einsetzt. Eine <strong>Katzen-Krankenversicherung<\/strong> kann die Kosten f\u00fcr die Behandlung erstatten.<\/p>\n\n<div class=\"banner\">\n    <a href=\"https:\/\/uelzener.de\/katze\/katzen-krankenversicherung\/?agt=0000104925&sem=true&utm_medium=magazin&utm_source=wordpress&utm_campaign=katze_kv&utm_content=banner\">\n        <img decoding=\"async\" width=\"300\" height=\"212\" src=\"https:\/\/uelzener.de\/magazin\/app\/uploads\/2025\/01\/Katzen-Kranken-Versicherung.jpg\" class=\"attachment-medium size-medium\" alt=\"Banner Katzen-Kranken-Versicherung\" \/>    <\/a>\n<\/div>\n\n<h2><strong>Die eigene Katze beerdigen<\/strong><\/h2>\n<p>Ist das Tier gestorben, so kann man ihm auf verschiedene Arten eine letzte Ruhest\u00e4tte gew\u00e4hren. Wurde die Katze in der Tierarztpraxis eingeschl\u00e4fert, so kann man sie dort lassen. Sie wird dann in ein Krematorium gebracht. Alternativ nimmt man sie mit nach Hause und k\u00fcmmert sich selbst um die Bestattung. Es ist verboten, gr\u00f6\u00dfere Tierk\u00f6rper \u00fcber den Hausm\u00fcll oder die Biotonne zu entsorgen. Auch eine Beerdigung im Wald ist gesetzlich verboten, nicht einmal die Asche darf hier verstreut werden. Wer dagegen verst\u00f6\u00dft, riskiert ein hohes Bu\u00dfgeld. Legal sind die folgenden M\u00f6glichkeiten, eine Katze zu beerdigen:<\/p>\n<h4 style=\"text-align: left;\">Im Garten bestatten<\/h4>\n<p>Wer ein eigenes Grundst\u00fcck besitzt, darf seine Katze in den meisten Bundesl\u00e4ndern <strong>im Garten<\/strong> <strong>begraben<\/strong>. Trotzdem gibt es einiges zu beachten: Das Grundst\u00fcck darf nicht in der N\u00e4he eines Wasserschutzgebietes liegen. Auch muss das Grab mindestens einen Meter von \u00f6ffentlichen Fl\u00e4chen entfernt und mindestens 60 cm tief sein. Katzen, die an einer meldepflichtigen Krankheit litten, darf man nicht im Garten beerdigen. Den Katzenk\u00f6rper kann man in eine Wolldecke einwickeln, aber auch Zeitungen und Pappkartons eignen sich. Diese werden schneller abgebaut als Plastikt\u00fcten. Die Regelungen variieren in jeder Gemeinde, am besten informiert man sich also im Vorfeld.<\/p>\n<h4 style=\"text-align: left;\">Tierkrematorium<\/h4>\n<p>In speziellen <strong>Tierkrematorien<\/strong> kann man sein geliebtes Tier ein\u00e4schern lassen. Kleinere Tiere von weniger als einem Kilo K\u00f6rpergewicht werden gemeinsam mit anderen Tieren einge\u00e4schert und in einer Sammelurne beigesetzt. Bei gr\u00f6\u00dferen Tieren wie Hunden und Katzen ist eine separate Ein\u00e4scherung \u00fcblich. Viele Tierbestatter gew\u00e4hren in Abschiedsr\u00e4umen Mensch und Tier noch einen letzten gemeinsamen Moment \u2013 auch d\u00fcrfen eine Kuscheldecke oder das Lieblingsspielzeug mitgegeben werden. Die Asche wird anschlie\u00dfend in eine Urne gebettet und man kann diese mit nach Hause nehmen.<\/p>\n<h4 style=\"text-align: left;\">Tierfriedhof<\/h4>\n<p>Viele St\u00e4dte und Gemeinden besitzen eigene<strong> Tierfriedh\u00f6fe <\/strong>werden k\u00f6nnen. Gegen eine bestimmte Geb\u00fchr kann man dort f\u00fcr seine verstorbene Katze ein Grab mieten. Ein eigenes Grab ist zwar kostspielig, bietet aber auch einen Anlaufpunkt. Schlie\u00dflich kann man das geliebte Tier dort besuchen und das Grab auch noch Jahre sp\u00e4ter selbst pflegen.<\/p>\n<h4 style=\"text-align: left;\">Gemeinsamer Friedhof<\/h4>\n<p>Es gibt auch Friedh\u00f6fe, auf denen <strong>Mensch und Tier gemeinsam bestattet<\/strong> Zwar wird man in eine separate Urne gebettet, bestattet wird man dann aber in einem gemeinsamen Grab mit seiner Katze oder seinem Hund.<\/p>\n<h2><strong>Tipps, um mit dem Verlust umzugehen<\/strong><\/h2>\n<p>Trauer ist eine gesunde und nat\u00fcrliche Reaktion auf einen Verlust. Es kann hilfreich sein, zu wissen, dass auch andere diese Erfahrung gemacht haben. Der Prozess dauert jedoch und ist bei jedem Menschen anders. Es gibt daher keinen normalen Zeitplan, bis die ersten grauen Wolken nach dem Verlust vorbeigezogen sind. Wichtig ist es, in dieser Zeit seinen eigenen Gef\u00fchlen Raum zu geben und m\u00f6glichst offen dar\u00fcber zu reden.<\/p>\n<p>Gew\u00f6hnlich durchlebt ein Mensch nach einem Verlust verschiedene Phasen. Diese gehen mal schneller oder langsamer vorbei. Es gibt aber verschiedene Strategien, trotz der Trauer die Zuversicht zu behalten:<\/p>\n<ul>\n<li>Insbesondere Familien kann es helfen, offen <strong>\u00fcber den Tod der Katze zu sprechen<\/strong>. Kinder verstehen nicht immer, weswegen die geliebte Katze pl\u00f6tzlich nicht mehr da ist. Sie brauchen in dieser Zeit Zuwendung von ihren Eltern. Als Elternteil oder alleinstehender Mensch kann man Trost bei Freunden finden oder psychologische Hilfe in Anspruch nehmen.<\/li>\n<li>Durch ein pers\u00f6nliches <strong>Andenken <\/strong>kann das Haustier auch nach dem Tod pr\u00e4sent bleiben. Es gibt hier verschiedene M\u00f6glichkeiten: Aus der Asche des Tieres lassen sich Schmuckst\u00fccke anfertigen, manche basteln ein Fotoalbum oder erstellen einen Pfotenabdruck. So wie der eigene Kummer sind auch Andenken eine Sache der individuellen Vorlieben.<\/li>\n<li>Auch <strong>Ablenkung<\/strong> geh\u00f6rt zur Selbstf\u00fcrsorge. Es tut gut, sch\u00f6ne Dinge zu unternehmen und an andere Themen zu denken. Freunde zu treffen, Sport zu machen oder sich einen lang gehegten Wunsch zu erf\u00fcllen \u2013 Ablenkungsman\u00f6ver wirken manchmal so gut wie ein intensives Gespr\u00e4ch.<\/li>\n<\/ul>\n<h2><strong>Abschied nehmen: Wenn die Katze stirbt<\/strong><\/h2>\n<p>Alle wissen theoretisch, dass der Tod zum Leben geh\u00f6rt. Trotzdem: Ob Mensch oder Tier, mit oder ohne Vorbereitung, der Abschied f\u00e4llt allen schwer. Wer sich zu Lebzeiten vorbereitet, braucht sich im Moment der Trauer um weniger zu k\u00fcmmern. Grundst\u00fccksbesitzer:innen k\u00f6nnen ihre Katze ganz nah bei sich beerdigen, n\u00e4mlich im eigenen Garten. Auch eine Ein\u00e4scherung bietet sich f\u00fcr Menschen mit einem schmalen Budget an \u2013 die Urne l\u00e4sst sich individuell gestalten und an einem besonderen Platz aufbewahren. Bestattungen auf dem Friedhof bieten hingegen einen Ort, an dem man sein Haustier besuchen kann. Die letztendliche Entscheidung spricht man am besten in Ruhe mit seinen Liebsten ab. Auch Tierbestatter:innen lassen sich f\u00fcr eine individuelle Beratung gern Zeit.<\/p>\n\n<div class=\"related_articles boxed\">\n    <h2>Mehr zum Thema<\/h2>\n    \n    <div class=\"wrapper\"><div class=\"title align-center\"><h3><a href=\"https:\/\/uelzener.de\/magazin\/katze\/tiergesundheit\/katze-koerpersprache-schmerzen\/\">K\u00f6rpersprache: Wie zeigen Katzen Schmerzen?<\/a><\/h3><\/div><div class=\"img align-center\"><img decoding=\"async\" width=\"315\" height=\"180\" src=\"https:\/\/uelzener.de\/magazin\/app\/uploads\/2022\/09\/Schmerzen-erkennen-bei-Katzen-315x180.jpg\" class=\"attachment-315x180 size-315x180 wp-post-image\" alt=\"K\u00f6rpersprache: Eine dreifarbige Katze liegt und schaut m\u00fcde.\" \/><\/div><\/div><div class=\"wrapper\"><div class=\"title align-center\"><h3><a href=\"https:\/\/uelzener.de\/magazin\/katze\/tiergesundheit\/haeufigste-krankheiten-unfaelle-bei-katzen\/\">Die h\u00e4ufigsten Krankheiten und Unf\u00e4lle bei Katzen<\/a><\/h3><\/div><div class=\"img align-center\"><img decoding=\"async\" width=\"315\" height=\"180\" src=\"https:\/\/uelzener.de\/magazin\/app\/uploads\/2026\/01\/haeufige-krankheiten-unfaelle-bei-katzen-315x180.jpg\" class=\"attachment-315x180 size-315x180 wp-post-image\" alt=\"Katze beim Arzt.\" \/><\/div><\/div><\/div>\n\n<h2><strong>FAQ: H\u00e4ufig gestellte Fragen<\/strong><\/h2>\n<h3><strong>Darf man Katzen im Garten begraben?<\/strong><\/h3>\n<p>Wer ein eigenes Grundst\u00fcck besitzt, darf seine Katze in den meisten Bundesl\u00e4ndern im eigenen Garten begraben. Das Grundst\u00fcck darf jedoch nicht in der N\u00e4he eines Wasserschutzgebietes liegen.<\/p>\n<h3><strong>Wie tief muss man eine Katze im Garten begraben?<\/strong><\/h3>\n<p>Das Grab muss mindestens 60 cm tief und mindestens einen Meter von \u00f6ffentlichen Fl\u00e4chen entfernt sein.<\/p>\n<h3><strong>Wie lange braucht eine Katze zum Verwesen?<\/strong><\/h3>\n<p>Je nach Beschaffenheit der Erde \u2013 trocken oder feucht \u2013 und Gr\u00f6\u00dfe des Tieres kann der Verwesungsprozess mehrere Jahre dauern. Am l\u00e4ngsten dauert es, bis die Knochen zersetzt sind.<\/p>\n","protected":false},"excerpt":{"rendered":"<p>Der Abschied von einem geliebten Haustier ist f\u00fcr viele Menschen eine hochemotionale Angelegenheit. Auch wenn die Trauer noch anh\u00e4lt, ist es wichtig, Trost zu finden und die eigene Katze in liebevoller Erinnerung zu behalten. Wer sich schon fr\u00fch \u00fcber Abschieds- und Bestattungsm\u00f6glichkeiten Gedanken macht, erleichtert sich diese ohnehin schwere Zeit. F\u00fcr viele Menschen sind Katzen [&hellip;]<\/p>\n","protected":false},"author":9,"featured_media":13665,"parent":11683,"menu_order":2,"comment_status":"closed","ping_status":"closed","template":"templates\/blog.php","meta":{"_acf_changed":false,"_crdt_document":"","footnotes":"","beyondwords_generate_audio":"0","beyondwords_project_id":"","beyondwords_content_id":"","beyondwords_preview_token":"","beyondwords_player_style":"","beyondwords_language_id":"","beyondwords_title_voice_id":"","beyondwords_body_voice_id":"","beyondwords_summary_voice_id":"","beyondwords_error_message":"","beyondwords_disabled":"","beyondwords_delete_content":"","beyondwords_podcast_id":"","beyondwords_hash":"","publish_post_to_speechkit":"","speechkit_hash":"","speechkit_generate_audio":"","speechkit_project_id":"","speechkit_podcast_id":"","speechkit_error_message":"","speechkit_disabled":"","speechkit_access_key":"","speechkit_error":"","speechkit_info":"","speechkit_response":"","speechkit_retries":"","speechkit_status":"","speechkit_updated_at":"","_speechkit_link":"","_speechkit_text":""},"class_list":["post-13642","page","type-page","status-publish","has-post-thumbnail","hentry"],"acf":[],"yoast_head":"<!-- This site is optimized with the Yoast SEO Premium plugin  - https:\/\/yoast.com\/product\/yoast-seo-premium-wordpress\/ -->\n<title>Die eigene Katze beerdigen \u2013 darauf solltest du achten | Uelzener<\/title>\n<meta name=\"description\" content=\"Die Katze richtig beerdigen \u2714 Im Garten? \u2714 Im Wald? \u27a4 Finde hier heraus, auf was du achten solltest, wenn deine Katze stirbt!\" \/>\n<meta name=\"robots\" content=\"index, follow, max-snippet:-1, max-image-preview:large, max-video-preview:-1\" \/>\n<link rel=\"canonical\" href=\"https:\/\/uelzener.de\/magazin\/katze\/haltung\/katze-beerdigen\/\" \/>\n<meta property=\"og:locale\" content=\"de_DE\" \/>\n<meta property=\"og:type\" content=\"article\" \/>\n<meta property=\"og:title\" content=\"Abschied nehmen: Die geliebte Katze beerdigen\" \/>\n<meta property=\"og:description\" content=\"Die Katze richtig beerdigen \u2714 Im Garten? \u2714 Im Wald? \u27a4 Finde hier heraus, auf was du achten solltest, wenn deine Katze stirbt!\" \/>\n<meta property=\"og:url\" content=\"https:\/\/uelzener.de\/magazin\/katze\/haltung\/katze-beerdigen\/\" \/>\n<meta property=\"og:site_name\" content=\"Uelzener Tier-Magazin\" \/>\n<meta property=\"article:publisher\" content=\"https:\/\/www.facebook.com\/Uelzener\" \/>\n<meta property=\"article:modified_time\" content=\"2026-01-06T17:10:28+00:00\" \/>\n<meta property=\"og:image\" content=\"https:\/\/uelzener.de\/magazin\/app\/uploads\/2022\/08\/katze-beerdigen.jpg\" \/>\n\t<meta property=\"og:image:width\" content=\"1025\" \/>\n\t<meta property=\"og:image:height\" content=\"450\" \/>\n\t<meta property=\"og:image:type\" content=\"image\/jpeg\" \/>\n<meta name=\"twitter:card\" content=\"summary_large_image\" \/>\n<meta name=\"twitter:label1\" content=\"Gesch\u00e4tzte Lesezeit\" \/>\n\t<meta name=\"twitter:data1\" content=\"7\u00a0Minuten\" \/>\n<script type=\"application\/ld+json\" class=\"yoast-schema-graph\">{\"@context\":\"https:\/\/schema.org\",\"@graph\":[{\"@type\":\"WebPage\",\"@id\":\"https:\/\/uelzener.de\/magazin\/katze\/haltung\/katze-beerdigen\/\",\"url\":\"https:\/\/uelzener.de\/magazin\/katze\/haltung\/katze-beerdigen\/\",\"name\":\"Die eigene Katze beerdigen \u2013 darauf solltest du achten | Uelzener\",\"isPartOf\":{\"@id\":\"https:\/\/uelzener.de\/magazin\/#website\"},\"primaryImageOfPage\":{\"@id\":\"https:\/\/uelzener.de\/magazin\/katze\/haltung\/katze-beerdigen\/#primaryimage\"},\"image\":{\"@id\":\"https:\/\/uelzener.de\/magazin\/katze\/haltung\/katze-beerdigen\/#primaryimage\"},\"thumbnailUrl\":\"https:\/\/uelzener.de\/magazin\/app\/uploads\/2022\/08\/katze-beerdigen.jpg\",\"datePublished\":\"2022-08-24T12:58:42+00:00\",\"dateModified\":\"2026-01-06T17:10:28+00:00\",\"description\":\"Die Katze richtig beerdigen \u2714 Im Garten? \u2714 Im Wald? \u27a4 Finde hier heraus, auf was du achten solltest, wenn deine Katze stirbt!\",\"breadcrumb\":{\"@id\":\"https:\/\/uelzener.de\/magazin\/katze\/haltung\/katze-beerdigen\/#breadcrumb\"},\"inLanguage\":\"de\",\"potentialAction\":[{\"@type\":\"ReadAction\",\"target\":[\"https:\/\/uelzener.de\/magazin\/katze\/haltung\/katze-beerdigen\/\"]}]},{\"@type\":\"ImageObject\",\"inLanguage\":\"de\",\"@id\":\"https:\/\/uelzener.de\/magazin\/katze\/haltung\/katze-beerdigen\/#primaryimage\",\"url\":\"https:\/\/uelzener.de\/magazin\/app\/uploads\/2022\/08\/katze-beerdigen.jpg\",\"contentUrl\":\"https:\/\/uelzener.de\/magazin\/app\/uploads\/2022\/08\/katze-beerdigen.jpg\",\"width\":1025,\"height\":450,\"caption\":\"Alte helle Katze schl\u00e4ft im Sonnenschein. Sie zu beerdigen wird eine L\u00fccke hinterlassen.\"},{\"@type\":\"WebSite\",\"@id\":\"https:\/\/uelzener.de\/magazin\/#website\",\"url\":\"https:\/\/uelzener.de\/magazin\/\",\"name\":\"Uelzener Tiermagazin\",\"description\":\"Online Tierratgeber der Uelzener Versicherungen\",\"publisher\":{\"@id\":\"https:\/\/uelzener.de\/magazin\/#organization\"},\"potentialAction\":[{\"@type\":\"SearchAction\",\"target\":{\"@type\":\"EntryPoint\",\"urlTemplate\":\"https:\/\/uelzener.de\/magazin\/?s={search_term_string}\"},\"query-input\":{\"@type\":\"PropertyValueSpecification\",\"valueRequired\":true,\"valueName\":\"search_term_string\"}}],\"inLanguage\":\"de\"},{\"@type\":\"Organization\",\"@id\":\"https:\/\/uelzener.de\/magazin\/#organization\",\"name\":\"Uelzener Versicherungen\",\"url\":\"https:\/\/uelzener.de\/magazin\/\",\"logo\":{\"@type\":\"ImageObject\",\"inLanguage\":\"de\",\"@id\":\"https:\/\/uelzener.de\/magazin\/#\/schema\/logo\/image\/\",\"url\":\"https:\/\/uelzener.de\/magazin\/app\/uploads\/2024\/11\/uelzener_allgemeine_versicherungsgesellschaft_a_g_logo.jpg\",\"contentUrl\":\"https:\/\/uelzener.de\/magazin\/app\/uploads\/2024\/11\/uelzener_allgemeine_versicherungsgesellschaft_a_g_logo.jpg\",\"width\":200,\"height\":200,\"caption\":\"Uelzener Versicherungen\"},\"image\":{\"@id\":\"https:\/\/uelzener.de\/magazin\/#\/schema\/logo\/image\/\"},\"sameAs\":[\"https:\/\/www.facebook.com\/Uelzener\",\"https:\/\/instagram.com\/uelzener\",\"https:\/\/www.xing.com\/pages\/uelzenerallgemeineversicherungs-gesellschafta-g\",\"https:\/\/www.youtube.com\/UelzenerVersicherungen\"]}]}<\/script>\n<!-- \/ Yoast SEO Premium plugin. -->","yoast_head_json":{"title":"Die eigene Katze beerdigen \u2013 darauf solltest du achten | Uelzener","description":"Die Katze richtig beerdigen \u2714 Im Garten? \u2714 Im Wald? \u27a4 Finde hier heraus, auf was du achten solltest, wenn deine Katze stirbt!","robots":{"index":"index","follow":"follow","max-snippet":"max-snippet:-1","max-image-preview":"max-image-preview:large","max-video-preview":"max-video-preview:-1"},"canonical":"https:\/\/uelzener.de\/magazin\/katze\/haltung\/katze-beerdigen\/","og_locale":"de_DE","og_type":"article","og_title":"Abschied nehmen: Die geliebte Katze beerdigen","og_description":"Die Katze richtig beerdigen \u2714 Im Garten? \u2714 Im Wald? \u27a4 Finde hier heraus, auf was du achten solltest, wenn deine Katze stirbt!","og_url":"https:\/\/uelzener.de\/magazin\/katze\/haltung\/katze-beerdigen\/","og_site_name":"Uelzener Tier-Magazin","article_publisher":"https:\/\/www.facebook.com\/Uelzener","article_modified_time":"2026-01-06T17:10:28+00:00","og_image":[{"width":1025,"height":450,"url":"https:\/\/uelzener.de\/magazin\/app\/uploads\/2022\/08\/katze-beerdigen.jpg","type":"image\/jpeg"}],"twitter_card":"summary_large_image","twitter_misc":{"Gesch\u00e4tzte Lesezeit":"7\u00a0Minuten"},"schema":{"@context":"https:\/\/schema.org","@graph":[{"@type":"WebPage","@id":"https:\/\/uelzener.de\/magazin\/katze\/haltung\/katze-beerdigen\/","url":"https:\/\/uelzener.de\/magazin\/katze\/haltung\/katze-beerdigen\/","name":"Die eigene Katze beerdigen \u2013 darauf solltest du achten | Uelzener","isPartOf":{"@id":"https:\/\/uelzener.de\/magazin\/#website"},"primaryImageOfPage":{"@id":"https:\/\/uelzener.de\/magazin\/katze\/haltung\/katze-beerdigen\/#primaryimage"},"image":{"@id":"https:\/\/uelzener.de\/magazin\/katze\/haltung\/katze-beerdigen\/#primaryimage"},"thumbnailUrl":"https:\/\/uelzener.de\/magazin\/app\/uploads\/2022\/08\/katze-beerdigen.jpg","datePublished":"2022-08-24T12:58:42+00:00","dateModified":"2026-01-06T17:10:28+00:00","description":"Die Katze richtig beerdigen \u2714 Im Garten? \u2714 Im Wald? \u27a4 Finde hier heraus, auf was du achten solltest, wenn deine Katze stirbt!","breadcrumb":{"@id":"https:\/\/uelzener.de\/magazin\/katze\/haltung\/katze-beerdigen\/#breadcrumb"},"inLanguage":"de","potentialAction":[{"@type":"ReadAction","target":["https:\/\/uelzener.de\/magazin\/katze\/haltung\/katze-beerdigen\/"]}]},{"@type":"ImageObject","inLanguage":"de","@id":"https:\/\/uelzener.de\/magazin\/katze\/haltung\/katze-beerdigen\/#primaryimage","url":"https:\/\/uelzener.de\/magazin\/app\/uploads\/2022\/08\/katze-beerdigen.jpg","contentUrl":"https:\/\/uelzener.de\/magazin\/app\/uploads\/2022\/08\/katze-beerdigen.jpg","width":1025,"height":450,"caption":"Alte helle Katze schl\u00e4ft im Sonnenschein. Sie zu beerdigen wird eine L\u00fccke hinterlassen."},{"@type":"WebSite","@id":"https:\/\/uelzener.de\/magazin\/#website","url":"https:\/\/uelzener.de\/magazin\/","name":"Uelzener Tiermagazin","description":"Online Tierratgeber der Uelzener Versicherungen","publisher":{"@id":"https:\/\/uelzener.de\/magazin\/#organization"},"potentialAction":[{"@type":"SearchAction","target":{"@type":"EntryPoint","urlTemplate":"https:\/\/uelzener.de\/magazin\/?s={search_term_string}"},"query-input":{"@type":"PropertyValueSpecification","valueRequired":true,"valueName":"search_term_string"}}],"inLanguage":"de"},{"@type":"Organization","@id":"https:\/\/uelzener.de\/magazin\/#organization","name":"Uelzener Versicherungen","url":"https:\/\/uelzener.de\/magazin\/","logo":{"@type":"ImageObject","inLanguage":"de","@id":"https:\/\/uelzener.de\/magazin\/#\/schema\/logo\/image\/","url":"https:\/\/uelzener.de\/magazin\/app\/uploads\/2024\/11\/uelzener_allgemeine_versicherungsgesellschaft_a_g_logo.jpg","contentUrl":"https:\/\/uelzener.de\/magazin\/app\/uploads\/2024\/11\/uelzener_allgemeine_versicherungsgesellschaft_a_g_logo.jpg","width":200,"height":200,"caption":"Uelzener Versicherungen"},"image":{"@id":"https:\/\/uelzener.de\/magazin\/#\/schema\/logo\/image\/"},"sameAs":["https:\/\/www.facebook.com\/Uelzener","https:\/\/instagram.com\/uelzener","https:\/\/www.xing.com\/pages\/uelzenerallgemeineversicherungs-gesellschafta-g","https:\/\/www.youtube.com\/UelzenerVersicherungen"]}]}},"_links":{"self":[{"href":"https:\/\/uelzener.de\/magazin\/wp-json\/wp\/v2\/pages\/13642","targetHints":{"allow":["GET"]}}],"collection":[{"href":"https:\/\/uelzener.de\/magazin\/wp-json\/wp\/v2\/pages"}],"about":[{"href":"https:\/\/uelzener.de\/magazin\/wp-json\/wp\/v2\/types\/page"}],"author":[{"embeddable":true,"href":"https:\/\/uelzener.de\/magazin\/wp-json\/wp\/v2\/users\/9"}],"replies":[{"embeddable":true,"href":"https:\/\/uelzener.de\/magazin\/wp-json\/wp\/v2\/comments?post=13642"}],"version-history":[{"count":20,"href":"https:\/\/uelzener.de\/magazin\/wp-json\/wp\/v2\/pages\/13642\/revisions"}],"predecessor-version":[{"id":19689,"href":"https:\/\/uelzener.de\/magazin\/wp-json\/wp\/v2\/pages\/13642\/revisions\/19689"}],"up":[{"embeddable":true,"href":"https:\/\/uelzener.de\/magazin\/wp-json\/wp\/v2\/pages\/11683"}],"wp:featuredmedia":[{"embeddable":true,"href":"https:\/\/uelzener.de\/magazin\/wp-json\/wp\/v2\/media\/13665"}],"wp:attachment":[{"href":"https:\/\/uelzener.de\/magazin\/wp-json\/wp\/v2\/media?parent=13642"}],"curies":[{"name":"wp","href":"https:\/\/api.w.org\/{rel}","templated":true}]}}