{"id":13640,"date":"2022-08-22T17:21:16","date_gmt":"2022-08-22T15:21:16","guid":{"rendered":"https:\/\/uelzener.de\/magazin\/?page_id=13640"},"modified":"2024-12-16T10:35:56","modified_gmt":"2024-12-16T09:35:56","slug":"unbeliebte-gerueche-bei-katzen","status":"publish","type":"page","link":"https:\/\/uelzener.de\/magazin\/katze\/tipps-fuer-den-alltag\/unbeliebte-gerueche-bei-katzen\/","title":{"rendered":"Nachteil einer feinen Nase: Ger\u00fcche, die Katzen nicht m\u00f6gen"},"content":{"rendered":"<p><strong>So fein wie das Riechorgan des Hundes ist eine Katzennase zwar nicht, im Vergleich zu uns Menschen ist ihr Geruchssinn aber doch um ein Vielfaches ausgepr\u00e4gter. Viele Ger\u00fcche, die wir nur direkt an ihrer Quelle wahrnehmen, sind f\u00fcr die Samtpfoten sehr intensiv. Leider sind deshalb f\u00fcr sie auch menschliche Erfindungen wie Parf\u00fcms oft nur schwer zu ertragen \u2013 hier erf\u00e4hrst du, wie deine Katze dich gut riechen kann.<\/strong><\/p>\n<p>Eigentlich ist die Beziehung zur eigenen Katze eng und bei jeder Gelegenheit kommt sie zum Schmusen oder Spielen vorbei. Und doch gibt es Situationen, in denen sie pl\u00f6tzlich kehrtmacht und N\u00e4he meidet. Man \u00fcberlegt, was man falsch gemacht haben k\u00f6nnte und kommt zu keinem Schluss. Die Gunst der Katzennase entscheidet sich n\u00e4mlich an Kleinigkeiten: Seien es die Finger, an denen nach dem Sch\u00e4len einer Mandarine noch der Geruch haftet oder das Parf\u00fcm, das man f\u00fcr seine Verabredung aufgetragen hat. F\u00fcr uns dezente D\u00fcfte wirken auf eine feine Katzennase deutlich intensiver.<\/p>\n<p>Obwohl Augen und Ohren f\u00fcr eine Katze die wichtigsten Sinne sind, verlassen sie sich auch auf ihre Nase. Als noch blindes Kitten orientieren sie sich so die ersten Tage nach ihrer Mutter, ihr Territorium markieren sie durch Duftmarken und auch das Futter muss immer erst einen Geruchstest bestehen: Riecht die angebotene Nahrung schlecht oder kann die Katze sie durch eine verschnupfte Nase nicht kontrollieren, dann wird sie vermutlich nichts essen.<\/p>\n<h2><strong>Welchen Geruch m\u00f6gen Katzen nicht?<\/strong><\/h2>\n<p>Das Problem einer solch feinen Nase ist f\u00fcr die Vierbeiner, dass sie alle Ger\u00fcche in ihrem Umfeld st\u00e4rker erleben. Auch von Menschen verspr\u00fchte angenehme D\u00fcfte werden so schnell zur Geruchsbel\u00e4stigung f\u00fcr die Katze. Folgende Ger\u00fcche sollten im direkten Umfeld der Katze eher vermieden werden:<\/p>\n<ul>\n<li>Um unangenehme Ger\u00fcche zu verdecken oder einen individuell als angenehm empfundenen Duft zu verbreiten, greifen viele Menschen auf <strong>Raumd\u00fcfte <\/strong>zur\u00fcck. Wahlweise als Spray, Duftkerze oder R\u00e4ucherst\u00e4bchen riecht es dann nach Fr\u00fcchten oder in der Weihnachtszeit gern nach Gew\u00fcrzen. F\u00fcr die feine Katzennase ist dieser Duft allerdings sehr intensiv und dadurch h\u00e4ufig unangenehm. Besonders den Duft von Zitrusfr\u00fcchten meiden die meisten Katzen.<\/li>\n<li>Auch <strong>Haushaltsreiniger <\/strong>sind durch die verbreiteten Zitronen- oder Orangend\u00fcfte unangenehm f\u00fcr die Katze. Zus\u00e4tzlich haben die Reiniger h\u00e4ufig einen bei\u00dfenden Geruch, der die Ablehnung der Samtpfote noch verst\u00e4rkt. Beim Saubermachen sollte die Katze daher im Idealfall in einem anderen Zimmer sein und es sollte anschlie\u00dfend gut gel\u00fcftet werden. Selbst ein dezenter Reiniger-Geruch am Futternapf kann mitunter zum Futterstreik f\u00fchren.<\/li>\n<li>Insbesondere beim <strong>Katzenklo<\/strong> achten die Samtpfoten sehr auf Sauberkeit und Frische. T\u00e4glich sollte dieses deshalb mindestens einmal gereinigt werden. Auch hier sind f\u00fcr den Menschen angenehme Duftstoffe eher hinderlich und sogar spezielle Katzendeos k\u00f6nnen von den Tieren abgelehnt werden. Ist das Katzenklo nicht sauber oder stimmt der Geruch nicht, wird die Katze es in der Regel nicht mehr benutzen.<\/li>\n<li><strong>Zigarettenrauch <\/strong>ist f\u00fcr viele Menschen unangenehm und geh\u00f6rt auch zu den Ger\u00fcchen, die Katzen nicht m\u00f6gen. Zus\u00e4tzlich kann das Passivrauchen bei Katzen ebenso zu Krebserkrankungen f\u00fchren wie beim Menschen. Raucher:innen sollten daher besser nach drau\u00dfen gehen, um die Katze und ihre Luft nicht zu belasten.<\/li>\n<li>Riecht der eigene Vierbeiner eine <strong>fremde Katze<\/strong> in seinem Territorium, missf\u00e4llt ihm das meistens. Katzen markieren ihr eigenes Revier und hinterlassen Duftspuren, die bei der eigenen Orientierung helfen, aber auch fremde Katzen warnen, dass dieses Gebiet bereits besetzt ist. Ein Eindringling kann das Haustier in Alarmbereitschaft versetzen. Wer mit seiner <strong><a href=\"https:\/\/uelzener.de\/magazin\/katze\/erziehung-und-training\/mit-der-katze-spazieren-gehen\/\">Katze spazieren<\/a><\/strong> geht, sollte daher die n\u00f6tige Zeit f\u00fcr die Duftmarkierungen lassen, aber auch das Verhalten des Tieres beobachten.<\/li>\n<\/ul>\n<h2><strong>Welchen Duft m\u00f6gen Katzen au\u00dferdem nicht?<\/strong><\/h2>\n<p>Die Liste an allt\u00e4glichen Ger\u00fcchen, die eine Katze als unangenehm empfindet, umfasst auch viele Bereiche, die man oft gar nicht in Erw\u00e4gung ziehen w\u00fcrde. Wenn die Katze pl\u00f6tzlich Abstand zu ihrem Menschen sucht, dann kann das mit folgenden D\u00fcften zusammenh\u00e4ngen:<\/p>\n<ul>\n<li>Bei <strong>K\u00fcchenaromen<\/strong> denken viele Menschen vermutlich an angenehme D\u00fcfte. Insbesondere Zwiebeln und Knoblauch k\u00f6nnen die Katze allerdings auf Abstand halten. Sowohl der Vorgang des Kochens, als auch die sp\u00e4tere Ausd\u00fcnstung durch den Menschen, riecht f\u00fcr die Tiere zu penetrant. Aber auch der Duft von Kaffeesatz, Essig, Zimt, Senf und die schon erw\u00e4hnten Zitrusfr\u00fcchte haben eine \u00e4hnliche Wirkung. Schon der bleibende Geruch nach dem Sch\u00e4len einer Mandarine kann eine Kuschelrunde verhindern.<\/li>\n<li>\u00c4hnlich wie beim Raumaroma kann es sein, dass die Katze <strong>Parf\u00fcm <\/strong>ablehnt, weil es so intensiv duftet. Im Alltag mit der Samtpfote sollte man sich daher also nur dezent parf\u00fcmieren. Wer ein Date hat, kann sich katzenfreundlich erst an der Haust\u00fcr mit Parf\u00fcm bespr\u00fchen.<\/li>\n<li>Viele Menschen integrieren <strong>Teebaum\u00f6l <\/strong>in ihre Hautpflege. Es ist auch ein Mittel gegen <a href=\"https:\/\/uelzener.de\/magazin\/katze\/tipps-fuer-den-alltag\/floehe-bei-katzen\/\">Fl\u00f6he<\/a> bei Menschen. Auf Katzen wirkt es hingegen giftig und kann sogar t\u00f6dlich sein, weshalb sie niemals damit in Kontakt kommen sollten. Der intensive Geruch ist den Vierbeinern ebenfalls unangenehm. Auch Eukalyptus und Menthol-Ger\u00fcche, die viele Menschen bei Krankheiten sch\u00e4tzen, m\u00f6gen Katzen eher nicht. Der Geruch von Baldrian hingegen ist bei vielen Katzen sehr beliebt.<\/li>\n<li>Dazu gesellen sich einige weitere f\u00fcr Katzen <strong>unangenehm riechende Pflanzen. <\/strong>\u00c4therische D\u00fcfte meiden sie in der Regel, Zitrusd\u00fcfte genauso. Der Harfenstrauch wird nach einer Marketingidee eines schw\u00e4bischen G\u00e4rtners sogar als \u201eVerpiss-dich-Pflanze\u201c bezeichnet, da er auf Katzen eine so absto\u00dfende Wirkung haben soll. Etwas weniger drastisch ist auch der Name \u201eKatzenschreck\u201c gel\u00e4ufig. Unabh\u00e4ngig vom Geruch sind aber auch tats\u00e4chlich einige <a href=\"https:\/\/uelzener.de\/magazin\/katze\/tiergesundheit\/giftige-pflanzen-fuer-katzen\/\"><strong>Pflanzen giftig<\/strong><\/a> f\u00fcr unsere Katzen.<\/li>\n<li>Eine Sonderrolle unter den Pflanzen nimmt der <strong>Lavendel <\/strong>ein. Teilweise wird dieser Geruch verschm\u00e4ht, weil er so intensiv ist, einige Katzen m\u00f6gen den Lavendel-Geruch jedoch. Als konzentriertes \u00d6l wirkt Lavendel aber auf alle Katzen giftig und sollte daher nicht in ihrer Reichweite sein. Auch ein \u00fcberm\u00e4\u00dfiger Verzehr der Pflanze kann sch\u00e4dliche Wirkungen entfalten.<\/li>\n<\/ul>\n<h2><strong>Was die Katze gut riechen kann<\/strong><\/h2>\n<p>Wer weiterhin gem\u00fctlich mit seiner Katze kuscheln m\u00f6chte, sollte diese abschreckenden Ger\u00fcche m\u00f6glichst vermeiden. Um die Katzennase zu schonen, k\u00f6nnen Tierfreund:innen stattdessen versuchen, von Katzen geliebte Ger\u00fcche in ihren Alltag zu integrieren. Bevor die <strong><a href=\"https:\/\/uelzener.de\/magazin\/katze\/haltung\/katze-in-nachbars-garten\/\">Katze in Nachbars Garten<\/a><\/strong> geht, kann man zum Beispiel selbst einen katzenfreundlichen Kr\u00e4utergarten anlegen. Neben der bekannten Katzenminze ist etwa der Duft von Rosmarin bei vielen Katzen beliebt. Auch Katzengras bietet neben der M\u00f6glichkeit zur Erfrischung einen angenehmen Duft.<\/p>\n<h2><strong>FAQ: H\u00e4ufig gestellte Fragen<\/strong><\/h2>\n<h3><strong>Welchen Geruch m\u00f6gen Katzen nicht?<\/strong><\/h3>\n<p>Vorsicht ist geboten bei Raumd\u00fcften (z. B. Sprays oder Duftkerzen) sowie Haushaltsreiniger. Aber auch bei K\u00fcchenaromen, Parf\u00fcms und Teebaum\u00f6l sollte man sehr zur\u00fcckhaltend sein.<\/p>\n<h3><strong>Wie wirken sich unangenehme Ger\u00fcche auf Katzen aus?<\/strong><\/h3>\n<p>Im Vergleich zu uns Menschen ist der Geruchssinn einer Katze um ein Vielfaches ausgepr\u00e4gter. Viele Ger\u00fcche, die wir nur direkt an ihrer Quelle wahrnehmen, sind f\u00fcr die Samtpfoten sehr intensiv. Leider sind deshalb f\u00fcr sie auch menschliche Erfindungen wie Parf\u00fcms oft nur schwer zu ertragen.<\/p>\n<h3><strong>Welche Ger\u00fcche vertreiben Katzen aus dem Garten?<\/strong><\/h3>\n<p>\u00c4therische D\u00fcfte und Zitrusd\u00fcfte sowie der Harfenstrauch (auch als &#8222;Verpiss-dich-Pflanze&#8220; bekannt) sowie mitunter Lavendel halten Katzen aus dem Garten fern.<\/p>\n","protected":false},"excerpt":{"rendered":"<p>So fein wie das Riechorgan des Hundes ist eine Katzennase zwar nicht, im Vergleich zu uns Menschen ist ihr Geruchssinn aber doch um ein Vielfaches ausgepr\u00e4gter. Viele Ger\u00fcche, die wir nur direkt an ihrer Quelle wahrnehmen, sind f\u00fcr die Samtpfoten sehr intensiv. Leider sind deshalb f\u00fcr sie auch menschliche Erfindungen wie Parf\u00fcms oft nur schwer [&hellip;]<\/p>\n","protected":false},"author":9,"featured_media":13662,"parent":11709,"menu_order":0,"comment_status":"closed","ping_status":"closed","template":"templates\/blog.php","meta":{"_acf_changed":false,"_crdt_document":"","footnotes":"","beyondwords_generate_audio":"","beyondwords_project_id":"","beyondwords_content_id":"","beyondwords_preview_token":"","beyondwords_player_style":"","beyondwords_language_id":"","beyondwords_title_voice_id":"","beyondwords_body_voice_id":"","beyondwords_summary_voice_id":"","beyondwords_error_message":"","beyondwords_disabled":"","beyondwords_delete_content":"","beyondwords_podcast_id":"","beyondwords_hash":"","publish_post_to_speechkit":"","speechkit_hash":"","speechkit_generate_audio":"","speechkit_project_id":"","speechkit_podcast_id":"","speechkit_error_message":"","speechkit_disabled":"","speechkit_access_key":"","speechkit_error":"","speechkit_info":"","speechkit_response":"","speechkit_retries":"","speechkit_status":"","speechkit_updated_at":"","_speechkit_link":"","_speechkit_text":""},"class_list":["post-13640","page","type-page","status-publish","has-post-thumbnail","hentry"],"acf":[],"yoast_head":"<!-- This site is optimized with the Yoast SEO Premium plugin  - https:\/\/yoast.com\/product\/yoast-seo-premium-wordpress\/ -->\n<title>Unbeliebte Ger\u00fcche bei Katzen kennen lernen | Uelzener<\/title>\n<meta name=\"description\" content=\"Diese Ger\u00fcche mag deine Katze nicht: \u2714 Pflanzen \u2714 Reiniger \u2714 Heilmittel \u2714 K\u00fcche \u27a4 Finde jetzt hier mehr heraus!\" \/>\n<meta name=\"robots\" content=\"index, follow, max-snippet:-1, max-image-preview:large, max-video-preview:-1\" \/>\n<link rel=\"canonical\" href=\"https:\/\/uelzener.de\/magazin\/katze\/tipps-fuer-den-alltag\/unbeliebte-gerueche-bei-katzen\/\" \/>\n<meta property=\"og:locale\" content=\"de_DE\" \/>\n<meta property=\"og:type\" content=\"article\" \/>\n<meta property=\"og:title\" content=\"Nachteil einer feinen Nase: Ger\u00fcche, die Katzen nicht m\u00f6gen\" \/>\n<meta property=\"og:description\" content=\"Diese Ger\u00fcche mag deine Katze nicht: \u2714 Pflanzen \u2714 Reiniger \u2714 Heilmittel \u2714 K\u00fcche \u27a4 Finde jetzt hier mehr heraus!\" \/>\n<meta property=\"og:url\" content=\"https:\/\/uelzener.de\/magazin\/katze\/tipps-fuer-den-alltag\/unbeliebte-gerueche-bei-katzen\/\" \/>\n<meta property=\"og:site_name\" content=\"Uelzener Tier-Magazin\" \/>\n<meta property=\"article:publisher\" content=\"https:\/\/www.facebook.com\/Uelzener\" \/>\n<meta property=\"article:modified_time\" content=\"2024-12-16T09:35:56+00:00\" \/>\n<meta property=\"og:image\" content=\"https:\/\/uelzener.de\/magazin\/app\/uploads\/2022\/08\/gerueche-die-katzen-nicht-moegen.jpg\" \/>\n\t<meta property=\"og:image:width\" content=\"1025\" \/>\n\t<meta property=\"og:image:height\" content=\"450\" \/>\n\t<meta property=\"og:image:type\" content=\"image\/jpeg\" \/>\n<meta name=\"twitter:card\" content=\"summary_large_image\" \/>\n<meta name=\"twitter:label1\" content=\"Gesch\u00e4tzte Lesezeit\" \/>\n\t<meta name=\"twitter:data1\" content=\"5\u00a0Minuten\" \/>\n<script type=\"application\/ld+json\" class=\"yoast-schema-graph\">{\"@context\":\"https:\\\/\\\/schema.org\",\"@graph\":[{\"@type\":\"WebPage\",\"@id\":\"https:\\\/\\\/uelzener.de\\\/magazin\\\/katze\\\/tipps-fuer-den-alltag\\\/unbeliebte-gerueche-bei-katzen\\\/\",\"url\":\"https:\\\/\\\/uelzener.de\\\/magazin\\\/katze\\\/tipps-fuer-den-alltag\\\/unbeliebte-gerueche-bei-katzen\\\/\",\"name\":\"Unbeliebte Ger\u00fcche bei Katzen kennen lernen | Uelzener\",\"isPartOf\":{\"@id\":\"https:\\\/\\\/uelzener.de\\\/magazin\\\/#website\"},\"primaryImageOfPage\":{\"@id\":\"https:\\\/\\\/uelzener.de\\\/magazin\\\/katze\\\/tipps-fuer-den-alltag\\\/unbeliebte-gerueche-bei-katzen\\\/#primaryimage\"},\"image\":{\"@id\":\"https:\\\/\\\/uelzener.de\\\/magazin\\\/katze\\\/tipps-fuer-den-alltag\\\/unbeliebte-gerueche-bei-katzen\\\/#primaryimage\"},\"thumbnailUrl\":\"https:\\\/\\\/uelzener.de\\\/magazin\\\/app\\\/uploads\\\/2022\\\/08\\\/gerueche-die-katzen-nicht-moegen.jpg\",\"datePublished\":\"2022-08-22T15:21:16+00:00\",\"dateModified\":\"2024-12-16T09:35:56+00:00\",\"description\":\"Diese Ger\u00fcche mag deine Katze nicht: \u2714 Pflanzen \u2714 Reiniger \u2714 Heilmittel \u2714 K\u00fcche \u27a4 Finde jetzt hier mehr heraus!\",\"breadcrumb\":{\"@id\":\"https:\\\/\\\/uelzener.de\\\/magazin\\\/katze\\\/tipps-fuer-den-alltag\\\/unbeliebte-gerueche-bei-katzen\\\/#breadcrumb\"},\"inLanguage\":\"de\",\"potentialAction\":[{\"@type\":\"ReadAction\",\"target\":[\"https:\\\/\\\/uelzener.de\\\/magazin\\\/katze\\\/tipps-fuer-den-alltag\\\/unbeliebte-gerueche-bei-katzen\\\/\"]}]},{\"@type\":\"ImageObject\",\"inLanguage\":\"de\",\"@id\":\"https:\\\/\\\/uelzener.de\\\/magazin\\\/katze\\\/tipps-fuer-den-alltag\\\/unbeliebte-gerueche-bei-katzen\\\/#primaryimage\",\"url\":\"https:\\\/\\\/uelzener.de\\\/magazin\\\/app\\\/uploads\\\/2022\\\/08\\\/gerueche-die-katzen-nicht-moegen.jpg\",\"contentUrl\":\"https:\\\/\\\/uelzener.de\\\/magazin\\\/app\\\/uploads\\\/2022\\\/08\\\/gerueche-die-katzen-nicht-moegen.jpg\",\"width\":1025,\"height\":450,\"caption\":\"Gl\u00fcckskatze riecht an Hand eines Menschen, es gibt viele Ger\u00fcche die Katzen nicht m\u00f6gen.\"},{\"@type\":\"WebSite\",\"@id\":\"https:\\\/\\\/uelzener.de\\\/magazin\\\/#website\",\"url\":\"https:\\\/\\\/uelzener.de\\\/magazin\\\/\",\"name\":\"Uelzener Tiermagazin\",\"description\":\"Online Tierratgeber der Uelzener Versicherungen\",\"publisher\":{\"@id\":\"https:\\\/\\\/uelzener.de\\\/magazin\\\/#organization\"},\"potentialAction\":[{\"@type\":\"SearchAction\",\"target\":{\"@type\":\"EntryPoint\",\"urlTemplate\":\"https:\\\/\\\/uelzener.de\\\/magazin\\\/?s={search_term_string}\"},\"query-input\":{\"@type\":\"PropertyValueSpecification\",\"valueRequired\":true,\"valueName\":\"search_term_string\"}}],\"inLanguage\":\"de\"},{\"@type\":\"Organization\",\"@id\":\"https:\\\/\\\/uelzener.de\\\/magazin\\\/#organization\",\"name\":\"Uelzener Versicherungen\",\"url\":\"https:\\\/\\\/uelzener.de\\\/magazin\\\/\",\"logo\":{\"@type\":\"ImageObject\",\"inLanguage\":\"de\",\"@id\":\"https:\\\/\\\/uelzener.de\\\/magazin\\\/#\\\/schema\\\/logo\\\/image\\\/\",\"url\":\"https:\\\/\\\/uelzener.de\\\/magazin\\\/app\\\/uploads\\\/2024\\\/11\\\/uelzener_allgemeine_versicherungsgesellschaft_a_g_logo.jpg\",\"contentUrl\":\"https:\\\/\\\/uelzener.de\\\/magazin\\\/app\\\/uploads\\\/2024\\\/11\\\/uelzener_allgemeine_versicherungsgesellschaft_a_g_logo.jpg\",\"width\":200,\"height\":200,\"caption\":\"Uelzener Versicherungen\"},\"image\":{\"@id\":\"https:\\\/\\\/uelzener.de\\\/magazin\\\/#\\\/schema\\\/logo\\\/image\\\/\"},\"sameAs\":[\"https:\\\/\\\/www.facebook.com\\\/Uelzener\",\"https:\\\/\\\/instagram.com\\\/uelzener\",\"https:\\\/\\\/www.xing.com\\\/pages\\\/uelzenerallgemeineversicherungs-gesellschafta-g\",\"https:\\\/\\\/www.youtube.com\\\/UelzenerVersicherungen\"]}]}<\/script>\n<!-- \/ Yoast SEO Premium plugin. -->","yoast_head_json":{"title":"Unbeliebte Ger\u00fcche bei Katzen kennen lernen | Uelzener","description":"Diese Ger\u00fcche mag deine Katze nicht: \u2714 Pflanzen \u2714 Reiniger \u2714 Heilmittel \u2714 K\u00fcche \u27a4 Finde jetzt hier mehr heraus!","robots":{"index":"index","follow":"follow","max-snippet":"max-snippet:-1","max-image-preview":"max-image-preview:large","max-video-preview":"max-video-preview:-1"},"canonical":"https:\/\/uelzener.de\/magazin\/katze\/tipps-fuer-den-alltag\/unbeliebte-gerueche-bei-katzen\/","og_locale":"de_DE","og_type":"article","og_title":"Nachteil einer feinen Nase: Ger\u00fcche, die Katzen nicht m\u00f6gen","og_description":"Diese Ger\u00fcche mag deine Katze nicht: \u2714 Pflanzen \u2714 Reiniger \u2714 Heilmittel \u2714 K\u00fcche \u27a4 Finde jetzt hier mehr heraus!","og_url":"https:\/\/uelzener.de\/magazin\/katze\/tipps-fuer-den-alltag\/unbeliebte-gerueche-bei-katzen\/","og_site_name":"Uelzener Tier-Magazin","article_publisher":"https:\/\/www.facebook.com\/Uelzener","article_modified_time":"2024-12-16T09:35:56+00:00","og_image":[{"width":1025,"height":450,"url":"https:\/\/uelzener.de\/magazin\/app\/uploads\/2022\/08\/gerueche-die-katzen-nicht-moegen.jpg","type":"image\/jpeg"}],"twitter_card":"summary_large_image","twitter_misc":{"Gesch\u00e4tzte Lesezeit":"5\u00a0Minuten"},"schema":{"@context":"https:\/\/schema.org","@graph":[{"@type":"WebPage","@id":"https:\/\/uelzener.de\/magazin\/katze\/tipps-fuer-den-alltag\/unbeliebte-gerueche-bei-katzen\/","url":"https:\/\/uelzener.de\/magazin\/katze\/tipps-fuer-den-alltag\/unbeliebte-gerueche-bei-katzen\/","name":"Unbeliebte Ger\u00fcche bei Katzen kennen lernen | Uelzener","isPartOf":{"@id":"https:\/\/uelzener.de\/magazin\/#website"},"primaryImageOfPage":{"@id":"https:\/\/uelzener.de\/magazin\/katze\/tipps-fuer-den-alltag\/unbeliebte-gerueche-bei-katzen\/#primaryimage"},"image":{"@id":"https:\/\/uelzener.de\/magazin\/katze\/tipps-fuer-den-alltag\/unbeliebte-gerueche-bei-katzen\/#primaryimage"},"thumbnailUrl":"https:\/\/uelzener.de\/magazin\/app\/uploads\/2022\/08\/gerueche-die-katzen-nicht-moegen.jpg","datePublished":"2022-08-22T15:21:16+00:00","dateModified":"2024-12-16T09:35:56+00:00","description":"Diese Ger\u00fcche mag deine Katze nicht: \u2714 Pflanzen \u2714 Reiniger \u2714 Heilmittel \u2714 K\u00fcche \u27a4 Finde jetzt hier mehr heraus!","breadcrumb":{"@id":"https:\/\/uelzener.de\/magazin\/katze\/tipps-fuer-den-alltag\/unbeliebte-gerueche-bei-katzen\/#breadcrumb"},"inLanguage":"de","potentialAction":[{"@type":"ReadAction","target":["https:\/\/uelzener.de\/magazin\/katze\/tipps-fuer-den-alltag\/unbeliebte-gerueche-bei-katzen\/"]}]},{"@type":"ImageObject","inLanguage":"de","@id":"https:\/\/uelzener.de\/magazin\/katze\/tipps-fuer-den-alltag\/unbeliebte-gerueche-bei-katzen\/#primaryimage","url":"https:\/\/uelzener.de\/magazin\/app\/uploads\/2022\/08\/gerueche-die-katzen-nicht-moegen.jpg","contentUrl":"https:\/\/uelzener.de\/magazin\/app\/uploads\/2022\/08\/gerueche-die-katzen-nicht-moegen.jpg","width":1025,"height":450,"caption":"Gl\u00fcckskatze riecht an Hand eines Menschen, es gibt viele Ger\u00fcche die Katzen nicht m\u00f6gen."},{"@type":"WebSite","@id":"https:\/\/uelzener.de\/magazin\/#website","url":"https:\/\/uelzener.de\/magazin\/","name":"Uelzener Tiermagazin","description":"Online Tierratgeber der Uelzener Versicherungen","publisher":{"@id":"https:\/\/uelzener.de\/magazin\/#organization"},"potentialAction":[{"@type":"SearchAction","target":{"@type":"EntryPoint","urlTemplate":"https:\/\/uelzener.de\/magazin\/?s={search_term_string}"},"query-input":{"@type":"PropertyValueSpecification","valueRequired":true,"valueName":"search_term_string"}}],"inLanguage":"de"},{"@type":"Organization","@id":"https:\/\/uelzener.de\/magazin\/#organization","name":"Uelzener Versicherungen","url":"https:\/\/uelzener.de\/magazin\/","logo":{"@type":"ImageObject","inLanguage":"de","@id":"https:\/\/uelzener.de\/magazin\/#\/schema\/logo\/image\/","url":"https:\/\/uelzener.de\/magazin\/app\/uploads\/2024\/11\/uelzener_allgemeine_versicherungsgesellschaft_a_g_logo.jpg","contentUrl":"https:\/\/uelzener.de\/magazin\/app\/uploads\/2024\/11\/uelzener_allgemeine_versicherungsgesellschaft_a_g_logo.jpg","width":200,"height":200,"caption":"Uelzener Versicherungen"},"image":{"@id":"https:\/\/uelzener.de\/magazin\/#\/schema\/logo\/image\/"},"sameAs":["https:\/\/www.facebook.com\/Uelzener","https:\/\/instagram.com\/uelzener","https:\/\/www.xing.com\/pages\/uelzenerallgemeineversicherungs-gesellschafta-g","https:\/\/www.youtube.com\/UelzenerVersicherungen"]}]}},"_links":{"self":[{"href":"https:\/\/uelzener.de\/magazin\/wp-json\/wp\/v2\/pages\/13640","targetHints":{"allow":["GET"]}}],"collection":[{"href":"https:\/\/uelzener.de\/magazin\/wp-json\/wp\/v2\/pages"}],"about":[{"href":"https:\/\/uelzener.de\/magazin\/wp-json\/wp\/v2\/types\/page"}],"author":[{"embeddable":true,"href":"https:\/\/uelzener.de\/magazin\/wp-json\/wp\/v2\/users\/9"}],"replies":[{"embeddable":true,"href":"https:\/\/uelzener.de\/magazin\/wp-json\/wp\/v2\/comments?post=13640"}],"version-history":[{"count":6,"href":"https:\/\/uelzener.de\/magazin\/wp-json\/wp\/v2\/pages\/13640\/revisions"}],"predecessor-version":[{"id":14262,"href":"https:\/\/uelzener.de\/magazin\/wp-json\/wp\/v2\/pages\/13640\/revisions\/14262"}],"up":[{"embeddable":true,"href":"https:\/\/uelzener.de\/magazin\/wp-json\/wp\/v2\/pages\/11709"}],"wp:featuredmedia":[{"embeddable":true,"href":"https:\/\/uelzener.de\/magazin\/wp-json\/wp\/v2\/media\/13662"}],"wp:attachment":[{"href":"https:\/\/uelzener.de\/magazin\/wp-json\/wp\/v2\/media?parent=13640"}],"curies":[{"name":"wp","href":"https:\/\/api.w.org\/{rel}","templated":true}]}}