{"id":13607,"date":"2022-08-17T14:28:17","date_gmt":"2022-08-17T12:28:17","guid":{"rendered":"https:\/\/uelzener.de\/magazin\/?page_id=13607"},"modified":"2025-09-03T12:50:57","modified_gmt":"2025-09-03T10:50:57","slug":"berufe-mit-pferden","status":"publish","type":"page","link":"https:\/\/uelzener.de\/magazin\/pferd\/erziehung-und-training\/berufe-mit-pferden\/","title":{"rendered":"Berufe mit Pferden: Vom Hobby zum Beruf"},"content":{"rendered":"<p><strong>Egal ob schon von Kind auf oder erst im Erwachsenenalter: F\u00fcr viele Pferdemenschen ist es ein Traum, das Hobby zum Beruf machen zu k\u00f6nnen.<\/strong><strong>\u00a0Wer die Leidenschaft zum Pferd beibeh\u00e4lt und zu seinem Broterwerb macht, kann unter anderem Tier\u00e4rzt:in, Pferdewirt:in oder Hufschmied:in werden. Ganz richtig gelesen: Die Bandbreite, wie man mit einem Pferd arbeiten kann, umfasst weit mehr als Reiten und Stallarbeit.<\/strong><\/p>\n<p>Sieht man ein Pferd auf der Weide stehen, denkt man gar nicht daran, wie viele Menschen regelm\u00e4\u00dfig rund um dieses Tier arbeiten. Jemand muss das Pferd versorgen, damit es immer ausreichend Futter, Wasser und einen sauberen Stall hat. F\u00fcr seine Gesundheit sind Tier\u00e4rzt:innen zust\u00e4ndig. Die Hufe \u00fcberpr\u00fcfen wiederum ein:e Schmied:in oder Hufpfleger:in. Und dann wird das Tier ja auch zu einem Zweck gehalten \u2013 sei es beispielsweise entspanntes Reiten, Zucht oder Leistungssport. Auch hier gibt es Trainingsstunden, Anleitungen und Vorbereitungen, f\u00fcr die eine oder mehrere Personen verantwortlich sind.<\/p>\n<p>Auf ein Pferd kommen somit schnell einige Menschen, die regelm\u00e4\u00dfig mit dem Tier zusammen sind, weil sie ihrem Beruf nachgehen. Gemeinsam haben sie alle, dass sie im Laufe ihrer Ausbildung einiges \u00fcber Pferde gelernt haben, damit sie bestm\u00f6glich mit ihnen arbeiten k\u00f6nnen.<\/p>\n<h2><strong>Die Arbeit als Pferdewirt:in \u2013 von der Ausbildung bis zum Meister<\/strong><\/h2>\n<p>Der umfassendste Beruf mit Pferden ist die Arbeit als Pferdewirt:in. Vor Beginn der dreij\u00e4hrigen Ausbildung sollte man sich bereits Gedanken \u00fcber eine Spezialisierung machen. Pferdewirt:innen vertiefen ihr Wissen grunds\u00e4tzlich in einem von f\u00fcnf Bereichen:<\/p>\n<ul>\n<li><strong>Klassische Reitausbildung: <\/strong>Sp\u00e4ter arbeiten diese Menschen meist als Reitlehrer:innen oder Trainer:innen im Turniersport. Auch das Einreiten von Pferden als Bereiter:in sowie die Ausbildung eines <a href=\"https:\/\/uelzener.de\/magazin\/pferd\/erziehung-und-training\/das-lehrpferd\/\">Lehrpferdes<\/a> sind m\u00f6gliche Berufsfelder.<\/li>\n<li><strong>Pferdehaltung und Service:<\/strong> Auf diese Vertiefung folgt in der Regel die Arbeit in einer Pferdepension. Auch landwirtschaftliche Betriebe k\u00f6nnen Jobs in diesem Bereich bieten.<\/li>\n<li><strong>Pferderennen:<\/strong> Auch Pferderennen sind ein vielschichtiges Arbeitsfeld. Neben der direkten Arbeit an Renntagen z\u00e4hlt auch die Beurteilung von Pferden zu diesem T\u00e4tigkeitsfeld.<\/li>\n<li><strong>Pferdezucht:<\/strong> Pferdez\u00fcchter:innen k\u00fcmmern sich um alle Schritte von der Befruchtung und der Aufzucht bis zur Pflege der Fohlen. \u00dcber mehrere Pferdegenerationen kann so ein bedeutsamer Stammbaum entstehen. Diese Arbeit findet meist in Gest\u00fcten oder Deckstationen statt.<\/li>\n<li><strong>Spezialreitweisen:<\/strong> Neben der klassischen Reitausbildung werden hier auch Stile wie das Westernreiten und das Reiten von Gangpferden vermittelt.<\/li>\n<\/ul>\n<p>In den ersten beiden Ausbildungsjahren lernen alle Auszubildenden die Grundlagen im Umgang mit Pferden. Im dritten Jahr folgen dann die vertiefenden Inhalte. Voraussetzung f\u00fcr die Ausbildung zu Pferdewirt oder -wirtin sind gute Reitkenntnisse und einige Erfahrung mit Pferden. Zus\u00e4tzlich ist zudem in der Regel mindestens ein anerkanntes Reitabzeichen vorzuweisen. Wer die Ausbildung abschlie\u00dft, erf\u00fcllt nach zwei Jahren Berufserfahrung die Voraussetzungen f\u00fcr eine Fortbildung zum Pferdewirtschaftsmeister:in. Diese dauert dann weitere zwei Jahre und berechtigt die neuen Meister:innen selbst auszubilden und beispielsweise einen eigenen Pferdetrieb zu f\u00fchren. Wenn es so weit ist, kann unser <a href=\"https:\/\/uelzener.de\/magazin\/pferd\/haeufige-fragen\/existenzgruender-rabatt-pferdehaftpflicht-fuer-selbststaendige\/\">Existenzgr\u00fcnderrabatt<\/a> dir sicher noch ein St\u00fcck weiterhelfen.<\/p>\n<h2><strong>Weitere Pferdeberufe im \u00dcberblick<\/strong><\/h2>\n<p>Pferdewirt:innen sind vielseitig ausgebildet und in ebenso unterschiedlichen Jobs besch\u00e4ftigt. Das hei\u00dft aber nicht, dass sie alle T\u00e4tigkeiten ausf\u00fchren k\u00f6nnen, die die artgerechte Pferdehaltung erfordert. Die folgende \u00dcbersicht zeigt, mit welchen Menschen aus anderen Ausbildungsberufen Pferdewirt:innen t\u00e4glich zusammenarbeiten:<\/p>\n<ul>\n<li><strong>Hufschmied:innen<\/strong> lernen entweder im Metallbau mit Kernbereich Hufbeschlag ihr Handwerk und machen einen anschlie\u00dfenden Lehrgang oder starten in anderen Fachrichtungen und schlie\u00dfen eine zweij\u00e4hrige Weiterbildung an. In der Regel erfolgt das Ende der Ausbildung mit der Hufbeschlagspr\u00fcfung nach drei bis f\u00fcnf Jahren. In Folge arbeiten sie meist selbstst\u00e4ndig und suchen ihre Kund:innen an unterschiedlichen H\u00f6fen auf. Dabei bearbeiten sie die Hufe, passen neue Eisen an und korrigieren Huffehlstellungen. Einige von ihnen bearbeiten auch Barhufer und passen <a href=\"https:\/\/uelzener.de\/magazin\/pferd\/erziehung-und-training\/pferdetraining-auf-gefrorenem-boden\/\">Hufschuhe<\/a> individuell an. Insgesamt ist die Hufpflege eine k\u00f6rperlich sehr fordernde Arbeit. Ein ausgepr\u00e4gtes Talent zum Umgang mit Pferden ist n\u00f6tig, um das <a href=\"https:\/\/uelzener.de\/magazin\/pferd\/haeufige-fragen\/vertrauen-vom-pferd-erkennen-so-zeigen-sie-ihr-vertrauen\/\">Vertrauen des Pferdes<\/a> zu gewinnen und die Hufe sicher bearbeiten zu k\u00f6nnen.<\/li>\n<li>Wer sich eher um gesundheitliche Aspekte k\u00fcmmern m\u00f6chte, kann sich als <strong>Tier\u00e4rzt:in <\/strong>verwirklichen. Das Studium der Veterin\u00e4rmedizin mit Staatsexamen dauert in der Regel elf Semester. Voraussetzung sind ein gutes naturwissenschaftliches Verst\u00e4ndnis und die Bereitschaft, k\u00f6rperlich zu arbeiten. Auch sollte man den Anblick von Blut vertragen k\u00f6nnen. Schlie\u00dflich wird man sp\u00e4ter regelm\u00e4\u00dfig Untersuchungen und Operationen durchf\u00fchren oder <strong><a href=\"https:\/\/uelzener.de\/magazin\/pferd\/tiergesundheit\/erste-hilfe-beim-pferd\/\">Erste Hilfe bei einem Pferd<\/a><\/strong> leisten m\u00fcssen. Im Anschluss an das Studium kann eine weitere vierj\u00e4hrige Weiterbildung zum Fachtierarzt oder -\u00e4rztin f\u00fcr Pferde erfolgen. Auch eine Spezialisierung in Bereichen wie Pferdechirurgie oder der Betreuung von Pferdesportveranstaltungen ist denkbar. Tier\u00e4rzt:innen k\u00f6nnen auch in der Forschung oder im Tierschutz Arbeit finden.<\/li>\n<li><strong>Sattler:innen <\/strong>arbeiten haupts\u00e4chlich handwerklich mit Leder. Nach einer dreij\u00e4hrigen Ausbildung folgt die Gesellenpr\u00fcfung. W\u00e4hrend die meisten im Fachbereich Fahrzeugsattlerei ausgebildet werden, gibt es auch eine spezielle Ausbildung zur Reitsportsattlerei, die f\u00fcr Pferdeinteressierte spannend sein d\u00fcrfte. Die Arbeit besteht haupts\u00e4chlich darin, f\u00fcr die verschiedenen Pferder\u00fccken und Einsatzm\u00f6glichkeiten S\u00e4ttel zu finden und gegebenenfalls anzupassen. Daf\u00fcr sind genaue Kenntnisse der Pferdeanatomie und der typischen Bewegungsabl\u00e4ufe notwendig. Schlie\u00dflich soll das Pferd nicht unter Druckstellen oder Verspannungen leiden. Sattelzubeh\u00f6r wird h\u00e4ufig ma\u00dfgeschneidert hergestellt, weshalb es regelm\u00e4\u00dfig zu engem Kontakt mit den Tieren kommt.<\/li>\n<li>Auch wenn der Beruf durch das Auto stark verdr\u00e4ngt wurde, gibt es heute noch <strong>Kutscher:innen<\/strong>. Meist kommen diese \u00fcber die Ausbildung als Pferdewirt:in im Bereich Haltung und Service in die Branche. Generell ist ein <strong><a href=\"https:\/\/uelzener.de\/magazin\/pferd\/erziehung-und-training\/kutschenfuehrerschein\/\">Kutschenf\u00fchrerschein<\/a><\/strong> zu empfehlen, aber bisher nicht gesetzlich verpflichtend. Wer allerdings gewerblich Personen transportieren m\u00f6chte, braucht eine Bescheinigung der Klasse B. Bei ihrer t\u00e4glichen Arbeit mit Pferden brauchen Kutscher:innen gute Kenntnisse \u00fcber das Wohlbefinden ihrer Tiere. Dar\u00fcber hinaus sind sie aber auch f\u00fcr die Organisation der Fahrten und ihre G\u00e4ste verantwortlich.<\/li>\n<li>Die Arbeit als <strong>Reitlehrer:in<\/strong> ist kein Ausbildungsberuf und nicht alle haben die Pferdewirt-Ausbildung abgeschlossen. Stattdessen k\u00f6nnen erfahrene Reiter:innen Lehrg\u00e4nge abschlie\u00dfen und so nach und nach die Trainerscheine C bis A erlangen. Daf\u00fcr werden im Vorfeld allerdings unter anderem die Mitgliedschaft in einem Reitverein, das Reitabzeichen 4 und das Longierabzeichen 5 ben\u00f6tigt. An Reitschulen oder auf Reiterh\u00f6fen k\u00f6nnen diese Menschen dann Reitanf\u00e4nger:innen sowie fortgeschrittene Reiter:innen ausbilden und im Umgang mit dem Pferd schulen. Sie unterst\u00fctzen etwa bei der richtigen Hilfengebung beim Reiten und f\u00fchren ihre Sch\u00fcler:innen an eine gymnastizierende und gesundheitsbewusste Reitweise heran. Da vor allem Anf\u00e4nger:innen, h\u00e4ufig Kinder oder Jugendliche, intensive Anleitung ben\u00f6tigen, sind viel Geduld und Einf\u00fchlungsverm\u00f6gen und ein guter Umgang mit Mensch und Pferd wichtig.<\/li>\n<\/ul>\n<h2><strong>Mit dem Pferd seine Berufung finden<\/strong><\/h2>\n<p>Wer sich nichts Sch\u00f6neres vorstellen kann, als viele Stunden t\u00e4glich mit Pferden zusammenzuarbeiten, der hat Gl\u00fcck: Je nach Interessenlage tun sich viele unterschiedliche Pferdeberufe auf, zum Beispiel auch als Turnierhelfer:in. Von den verschiedenen Arten, wie man direkt mit den Tieren arbeiten kann, \u00fcber medizinische T\u00e4tigkeiten, bis hin zur handwerklichen Arbeit am Zubeh\u00f6r, sind die M\u00f6glichkeiten breit gef\u00e4chert. Ein grundlegendes Verst\u00e4ndnis f\u00fcr die Besonderheiten und das Verhalten von Pferden braucht man in jedem dieser Berufe. Daher ist es ratsam, schon vor dem Einstieg ins Arbeitsleben seine ersten Erfahrungen mit den Tieren zu sammeln.<\/p>\n\n<div class=\"related_articles boxed\">\n    <h2>Mehr zum Thema<\/h2>\n    \n    <div class=\"wrapper\"><div class=\"title align-center\"><h3><a href=\"https:\/\/uelzener.de\/magazin\/pferd\/haeufige-fragen\/turnierhelfer-wer-haftet-wenn-etwas-passiert\/\">Turnierhelfer: Wer haftet, wenn etwas passiert?<\/a><\/h3><\/div><div class=\"img align-center\"><img decoding=\"async\" width=\"315\" height=\"180\" src=\"https:\/\/uelzener.de\/magazin\/app\/uploads\/2019\/06\/e8be0d41-51d4-4d41-b57e-2fb26f80022f-315x180.jpg\" class=\"attachment-315x180 size-315x180 wp-post-image\" alt=\"Die Tunierhelferin verl\u00e4dt das Pferd in den Anh\u00e4nger.\" srcset=\"https:\/\/uelzener.de\/magazin\/app\/uploads\/2019\/06\/e8be0d41-51d4-4d41-b57e-2fb26f80022f-315x180.jpg 315w, https:\/\/uelzener.de\/magazin\/app\/uploads\/2019\/06\/e8be0d41-51d4-4d41-b57e-2fb26f80022f-650x369.jpg 650w\" sizes=\"(max-width: 315px) 100vw, 315px\" \/><\/div><\/div><div class=\"wrapper\"><div class=\"title align-center\"><h3><a href=\"https:\/\/uelzener.de\/magazin\/pferd\/haeufige-fragen\/existenzgruender-rabatt-pferdehaftpflicht-fuer-selbststaendige\/\">Existenzgr\u00fcnder-Rabatt: Unsere Pferdehaftpflicht-St\u00fctze f\u00fcr Selbstst\u00e4ndige<\/a><\/h3><\/div><div class=\"img align-center\"><img decoding=\"async\" width=\"315\" height=\"180\" src=\"https:\/\/uelzener.de\/magazin\/app\/uploads\/2023\/02\/existenzgruender-rabatt-stallbesitzerin-315x180.jpg\" class=\"attachment-315x180 size-315x180 wp-post-image\" alt=\"Existenzgr\u00fcnder-Rabatt erm\u00f6glicht es einer Selbstst\u00e4ndigen sich hauptberuflich mit Pferden zu besch\u00e4ftigen.\" \/><\/div><\/div><div class=\"wrapper\"><div class=\"title align-center\"><h3><a href=\"https:\/\/uelzener.de\/magazin\/pferd\/erziehung-und-training\/online-reitschulen\/\">Online-Reitschulen: Reiten lernen im digitalen Zeitalter<\/a><\/h3><\/div><div class=\"img align-center\"><img decoding=\"async\" width=\"315\" height=\"180\" src=\"https:\/\/uelzener.de\/magazin\/app\/uploads\/2023\/08\/online-reitschule-junge-frau-315x180.jpg\" class=\"attachment-315x180 size-315x180 wp-post-image\" alt=\"Junge Frau nimmt am Laptop Unterricht bei einer Online-Reitschule.\" \/><\/div><\/div><\/div>\n\n<h2><strong>FAQ: H\u00e4ufig gestellte Fragen<\/strong><\/h2>\n<h3><strong>Welche Ausbildung ben\u00f6tige ich, um mit Pferden zu arbeiten?<\/strong><\/h3>\n<p>Wer die Leidenschaft zum Pferd beibeh\u00e4lt und zu einem Broterwerb macht, kann unter anderem Tier\u00e4rzt:in, Pferdewirt:in oder Hufschmied:in werden. Ein grundlegendes Verst\u00e4ndnis f\u00fcr die Besonderheiten und das Verhalten von Pferden braucht man in jedem dieser Berufe. Daher ist es ratsam, schon vor dem Einstieg ins Arbeitsleben seine ersten Erfahrungen mit den Tieren zu sammeln.<\/p>\n<h3><strong>Gibt es viele M\u00f6glichkeiten mit Pferden zu arbeiten?<\/strong><\/h3>\n<p>Die Berufe rund ums Pferd sind sehr vielf\u00e4ltig. \u00dcber medizinische T\u00e4tigkeiten bis zur handwerklichen Arbeit am Zubeh\u00f6r sind die M\u00f6glichkeiten breit gef\u00e4chert. Man unterscheidet z. B.: folgende Berufe: Pferdewirt:in, Reiterlehrer:in, Tiermedizinische:r Fachangestellte:r sowie Tier\u00e4rzt:in, oder Hufschmied:in und Pferdephysiotherapeut:in und viele weitere.<\/p>\n<h3><strong>Wie lange dauert die Ausbildung zum Pferdewirt?<\/strong><\/h3>\n<p>Die reine Ausbildungsdauer f\u00fcr Pferdewirt:innen betr\u00e4gt in der Regel drei Jahre. Vor Beginn der dreij\u00e4hrigen Ausbildung sollte man sich bereits Gedanken \u00fcber eine Spezialisierung machen. Pferdewirt:innen vertiefen ihr Wissen grunds\u00e4tzlich in einem von f\u00fcnf Bereichen: Klassische Reitausbildung, Pferdehaltung und Service, Pferderennen, Pferdezucht und Spezialreitweisen.<\/p>\n","protected":false},"excerpt":{"rendered":"<p>Egal ob schon von Kind auf oder erst im Erwachsenenalter: F\u00fcr viele Pferdemenschen ist es ein Traum, das Hobby zum Beruf machen zu k\u00f6nnen.\u00a0Wer die Leidenschaft zum Pferd beibeh\u00e4lt und zu seinem Broterwerb macht, kann unter anderem Tier\u00e4rzt:in, Pferdewirt:in oder Hufschmied:in werden. Ganz richtig gelesen: Die Bandbreite, wie man mit einem Pferd arbeiten kann, umfasst [&hellip;]<\/p>\n","protected":false},"author":9,"featured_media":13623,"parent":11689,"menu_order":5,"comment_status":"closed","ping_status":"closed","template":"templates\/blog.php","meta":{"_acf_changed":false,"_crdt_document":"","footnotes":"","beyondwords_generate_audio":"","beyondwords_project_id":"","beyondwords_content_id":"","beyondwords_preview_token":"","beyondwords_player_style":"","beyondwords_language_id":"","beyondwords_title_voice_id":"","beyondwords_body_voice_id":"","beyondwords_summary_voice_id":"","beyondwords_error_message":"","beyondwords_disabled":"","beyondwords_delete_content":"","beyondwords_podcast_id":"","beyondwords_hash":"","publish_post_to_speechkit":"","speechkit_hash":"","speechkit_generate_audio":"","speechkit_project_id":"","speechkit_podcast_id":"","speechkit_error_message":"","speechkit_disabled":"","speechkit_access_key":"","speechkit_error":"","speechkit_info":"","speechkit_response":"","speechkit_retries":"","speechkit_status":"","speechkit_updated_at":"","_speechkit_link":"","_speechkit_text":""},"class_list":["post-13607","page","type-page","status-publish","has-post-thumbnail","hentry"],"acf":[],"yoast_head":"<!-- This site is optimized with the Yoast SEO Premium plugin  - https:\/\/yoast.com\/product\/yoast-seo-premium-wordpress\/ -->\n<title>Berufe mit Pferden - Diese Berufe gibt es! | Uelzener<\/title>\n<meta name=\"description\" content=\"Das Hobby zum Beruf machen: Eine \u00dcbersicht an verschiedenen Berufen mit Pferden \u2714 Ausbildung &amp; Aufgaben \u27a4 Hier mehr erfahren!\" \/>\n<meta name=\"robots\" content=\"index, follow, max-snippet:-1, max-image-preview:large, max-video-preview:-1\" \/>\n<link rel=\"canonical\" href=\"https:\/\/uelzener.de\/magazin\/pferd\/erziehung-und-training\/berufe-mit-pferden\/\" \/>\n<meta property=\"og:locale\" content=\"de_DE\" \/>\n<meta property=\"og:type\" content=\"article\" \/>\n<meta property=\"og:title\" content=\"Berufe mit Pferden: Vom Hobby zum Beruf\" \/>\n<meta property=\"og:description\" content=\"Das Hobby zum Beruf machen: Eine \u00dcbersicht an verschiedenen Berufen mit Pferden \u2714 Ausbildung &amp; Aufgaben \u27a4 Hier mehr erfahren!\" \/>\n<meta property=\"og:url\" content=\"https:\/\/uelzener.de\/magazin\/pferd\/erziehung-und-training\/berufe-mit-pferden\/\" \/>\n<meta property=\"og:site_name\" content=\"Uelzener Tier-Magazin\" \/>\n<meta property=\"article:publisher\" content=\"https:\/\/www.facebook.com\/Uelzener\" \/>\n<meta property=\"article:modified_time\" content=\"2025-09-03T10:50:57+00:00\" \/>\n<meta property=\"og:image\" content=\"https:\/\/uelzener.de\/magazin\/app\/uploads\/2022\/08\/Header_Magazin.jpg\" \/>\n\t<meta property=\"og:image:width\" content=\"1025\" \/>\n\t<meta property=\"og:image:height\" content=\"450\" \/>\n\t<meta property=\"og:image:type\" content=\"image\/jpeg\" \/>\n<meta name=\"twitter:card\" content=\"summary_large_image\" \/>\n<meta name=\"twitter:label1\" content=\"Gesch\u00e4tzte Lesezeit\" \/>\n\t<meta name=\"twitter:data1\" content=\"8\u00a0Minuten\" \/>\n<script type=\"application\/ld+json\" class=\"yoast-schema-graph\">{\"@context\":\"https:\/\/schema.org\",\"@graph\":[{\"@type\":\"WebPage\",\"@id\":\"https:\/\/uelzener.de\/magazin\/pferd\/erziehung-und-training\/berufe-mit-pferden\/\",\"url\":\"https:\/\/uelzener.de\/magazin\/pferd\/erziehung-und-training\/berufe-mit-pferden\/\",\"name\":\"Berufe mit Pferden - Diese Berufe gibt es! | Uelzener\",\"isPartOf\":{\"@id\":\"https:\/\/uelzener.de\/magazin\/#website\"},\"primaryImageOfPage\":{\"@id\":\"https:\/\/uelzener.de\/magazin\/pferd\/erziehung-und-training\/berufe-mit-pferden\/#primaryimage\"},\"image\":{\"@id\":\"https:\/\/uelzener.de\/magazin\/pferd\/erziehung-und-training\/berufe-mit-pferden\/#primaryimage\"},\"thumbnailUrl\":\"https:\/\/uelzener.de\/magazin\/app\/uploads\/2022\/08\/Header_Magazin.jpg\",\"datePublished\":\"2022-08-17T12:28:17+00:00\",\"dateModified\":\"2025-09-03T10:50:57+00:00\",\"description\":\"Das Hobby zum Beruf machen: Eine \u00dcbersicht an verschiedenen Berufen mit Pferden \u2714 Ausbildung & Aufgaben \u27a4 Hier mehr erfahren!\",\"breadcrumb\":{\"@id\":\"https:\/\/uelzener.de\/magazin\/pferd\/erziehung-und-training\/berufe-mit-pferden\/#breadcrumb\"},\"inLanguage\":\"de\",\"potentialAction\":[{\"@type\":\"ReadAction\",\"target\":[\"https:\/\/uelzener.de\/magazin\/pferd\/erziehung-und-training\/berufe-mit-pferden\/\"]}]},{\"@type\":\"ImageObject\",\"inLanguage\":\"de\",\"@id\":\"https:\/\/uelzener.de\/magazin\/pferd\/erziehung-und-training\/berufe-mit-pferden\/#primaryimage\",\"url\":\"https:\/\/uelzener.de\/magazin\/app\/uploads\/2022\/08\/Header_Magazin.jpg\",\"contentUrl\":\"https:\/\/uelzener.de\/magazin\/app\/uploads\/2022\/08\/Header_Magazin.jpg\",\"width\":1025,\"height\":450,\"caption\":\"Reitlehrerin unterrichtet Reitsch\u00fclerin auf wei\u00dfem Pferd an der Longe, sie hat ihr Hobby zum Beruf gemacht.\"},{\"@type\":\"WebSite\",\"@id\":\"https:\/\/uelzener.de\/magazin\/#website\",\"url\":\"https:\/\/uelzener.de\/magazin\/\",\"name\":\"Uelzener Tiermagazin\",\"description\":\"Online Tierratgeber der Uelzener Versicherungen\",\"publisher\":{\"@id\":\"https:\/\/uelzener.de\/magazin\/#organization\"},\"potentialAction\":[{\"@type\":\"SearchAction\",\"target\":{\"@type\":\"EntryPoint\",\"urlTemplate\":\"https:\/\/uelzener.de\/magazin\/?s={search_term_string}\"},\"query-input\":{\"@type\":\"PropertyValueSpecification\",\"valueRequired\":true,\"valueName\":\"search_term_string\"}}],\"inLanguage\":\"de\"},{\"@type\":\"Organization\",\"@id\":\"https:\/\/uelzener.de\/magazin\/#organization\",\"name\":\"Uelzener Versicherungen\",\"url\":\"https:\/\/uelzener.de\/magazin\/\",\"logo\":{\"@type\":\"ImageObject\",\"inLanguage\":\"de\",\"@id\":\"https:\/\/uelzener.de\/magazin\/#\/schema\/logo\/image\/\",\"url\":\"https:\/\/uelzener.de\/magazin\/app\/uploads\/2024\/11\/uelzener_allgemeine_versicherungsgesellschaft_a_g_logo.jpg\",\"contentUrl\":\"https:\/\/uelzener.de\/magazin\/app\/uploads\/2024\/11\/uelzener_allgemeine_versicherungsgesellschaft_a_g_logo.jpg\",\"width\":200,\"height\":200,\"caption\":\"Uelzener Versicherungen\"},\"image\":{\"@id\":\"https:\/\/uelzener.de\/magazin\/#\/schema\/logo\/image\/\"},\"sameAs\":[\"https:\/\/www.facebook.com\/Uelzener\",\"https:\/\/instagram.com\/uelzener\",\"https:\/\/www.xing.com\/pages\/uelzenerallgemeineversicherungs-gesellschafta-g\",\"https:\/\/www.youtube.com\/UelzenerVersicherungen\"]}]}<\/script>\n<!-- \/ Yoast SEO Premium plugin. -->","yoast_head_json":{"title":"Berufe mit Pferden - Diese Berufe gibt es! | Uelzener","description":"Das Hobby zum Beruf machen: Eine \u00dcbersicht an verschiedenen Berufen mit Pferden \u2714 Ausbildung & Aufgaben \u27a4 Hier mehr erfahren!","robots":{"index":"index","follow":"follow","max-snippet":"max-snippet:-1","max-image-preview":"max-image-preview:large","max-video-preview":"max-video-preview:-1"},"canonical":"https:\/\/uelzener.de\/magazin\/pferd\/erziehung-und-training\/berufe-mit-pferden\/","og_locale":"de_DE","og_type":"article","og_title":"Berufe mit Pferden: Vom Hobby zum Beruf","og_description":"Das Hobby zum Beruf machen: Eine \u00dcbersicht an verschiedenen Berufen mit Pferden \u2714 Ausbildung & Aufgaben \u27a4 Hier mehr erfahren!","og_url":"https:\/\/uelzener.de\/magazin\/pferd\/erziehung-und-training\/berufe-mit-pferden\/","og_site_name":"Uelzener Tier-Magazin","article_publisher":"https:\/\/www.facebook.com\/Uelzener","article_modified_time":"2025-09-03T10:50:57+00:00","og_image":[{"width":1025,"height":450,"url":"https:\/\/uelzener.de\/magazin\/app\/uploads\/2022\/08\/Header_Magazin.jpg","type":"image\/jpeg"}],"twitter_card":"summary_large_image","twitter_misc":{"Gesch\u00e4tzte Lesezeit":"8\u00a0Minuten"},"schema":{"@context":"https:\/\/schema.org","@graph":[{"@type":"WebPage","@id":"https:\/\/uelzener.de\/magazin\/pferd\/erziehung-und-training\/berufe-mit-pferden\/","url":"https:\/\/uelzener.de\/magazin\/pferd\/erziehung-und-training\/berufe-mit-pferden\/","name":"Berufe mit Pferden - Diese Berufe gibt es! | Uelzener","isPartOf":{"@id":"https:\/\/uelzener.de\/magazin\/#website"},"primaryImageOfPage":{"@id":"https:\/\/uelzener.de\/magazin\/pferd\/erziehung-und-training\/berufe-mit-pferden\/#primaryimage"},"image":{"@id":"https:\/\/uelzener.de\/magazin\/pferd\/erziehung-und-training\/berufe-mit-pferden\/#primaryimage"},"thumbnailUrl":"https:\/\/uelzener.de\/magazin\/app\/uploads\/2022\/08\/Header_Magazin.jpg","datePublished":"2022-08-17T12:28:17+00:00","dateModified":"2025-09-03T10:50:57+00:00","description":"Das Hobby zum Beruf machen: Eine \u00dcbersicht an verschiedenen Berufen mit Pferden \u2714 Ausbildung & Aufgaben \u27a4 Hier mehr erfahren!","breadcrumb":{"@id":"https:\/\/uelzener.de\/magazin\/pferd\/erziehung-und-training\/berufe-mit-pferden\/#breadcrumb"},"inLanguage":"de","potentialAction":[{"@type":"ReadAction","target":["https:\/\/uelzener.de\/magazin\/pferd\/erziehung-und-training\/berufe-mit-pferden\/"]}]},{"@type":"ImageObject","inLanguage":"de","@id":"https:\/\/uelzener.de\/magazin\/pferd\/erziehung-und-training\/berufe-mit-pferden\/#primaryimage","url":"https:\/\/uelzener.de\/magazin\/app\/uploads\/2022\/08\/Header_Magazin.jpg","contentUrl":"https:\/\/uelzener.de\/magazin\/app\/uploads\/2022\/08\/Header_Magazin.jpg","width":1025,"height":450,"caption":"Reitlehrerin unterrichtet Reitsch\u00fclerin auf wei\u00dfem Pferd an der Longe, sie hat ihr Hobby zum Beruf gemacht."},{"@type":"WebSite","@id":"https:\/\/uelzener.de\/magazin\/#website","url":"https:\/\/uelzener.de\/magazin\/","name":"Uelzener Tiermagazin","description":"Online Tierratgeber der Uelzener Versicherungen","publisher":{"@id":"https:\/\/uelzener.de\/magazin\/#organization"},"potentialAction":[{"@type":"SearchAction","target":{"@type":"EntryPoint","urlTemplate":"https:\/\/uelzener.de\/magazin\/?s={search_term_string}"},"query-input":{"@type":"PropertyValueSpecification","valueRequired":true,"valueName":"search_term_string"}}],"inLanguage":"de"},{"@type":"Organization","@id":"https:\/\/uelzener.de\/magazin\/#organization","name":"Uelzener Versicherungen","url":"https:\/\/uelzener.de\/magazin\/","logo":{"@type":"ImageObject","inLanguage":"de","@id":"https:\/\/uelzener.de\/magazin\/#\/schema\/logo\/image\/","url":"https:\/\/uelzener.de\/magazin\/app\/uploads\/2024\/11\/uelzener_allgemeine_versicherungsgesellschaft_a_g_logo.jpg","contentUrl":"https:\/\/uelzener.de\/magazin\/app\/uploads\/2024\/11\/uelzener_allgemeine_versicherungsgesellschaft_a_g_logo.jpg","width":200,"height":200,"caption":"Uelzener Versicherungen"},"image":{"@id":"https:\/\/uelzener.de\/magazin\/#\/schema\/logo\/image\/"},"sameAs":["https:\/\/www.facebook.com\/Uelzener","https:\/\/instagram.com\/uelzener","https:\/\/www.xing.com\/pages\/uelzenerallgemeineversicherungs-gesellschafta-g","https:\/\/www.youtube.com\/UelzenerVersicherungen"]}]}},"_links":{"self":[{"href":"https:\/\/uelzener.de\/magazin\/wp-json\/wp\/v2\/pages\/13607","targetHints":{"allow":["GET"]}}],"collection":[{"href":"https:\/\/uelzener.de\/magazin\/wp-json\/wp\/v2\/pages"}],"about":[{"href":"https:\/\/uelzener.de\/magazin\/wp-json\/wp\/v2\/types\/page"}],"author":[{"embeddable":true,"href":"https:\/\/uelzener.de\/magazin\/wp-json\/wp\/v2\/users\/9"}],"replies":[{"embeddable":true,"href":"https:\/\/uelzener.de\/magazin\/wp-json\/wp\/v2\/comments?post=13607"}],"version-history":[{"count":11,"href":"https:\/\/uelzener.de\/magazin\/wp-json\/wp\/v2\/pages\/13607\/revisions"}],"predecessor-version":[{"id":19122,"href":"https:\/\/uelzener.de\/magazin\/wp-json\/wp\/v2\/pages\/13607\/revisions\/19122"}],"up":[{"embeddable":true,"href":"https:\/\/uelzener.de\/magazin\/wp-json\/wp\/v2\/pages\/11689"}],"wp:featuredmedia":[{"embeddable":true,"href":"https:\/\/uelzener.de\/magazin\/wp-json\/wp\/v2\/media\/13623"}],"wp:attachment":[{"href":"https:\/\/uelzener.de\/magazin\/wp-json\/wp\/v2\/media?parent=13607"}],"curies":[{"name":"wp","href":"https:\/\/api.w.org\/{rel}","templated":true}]}}