{"id":13550,"date":"2022-07-22T10:43:44","date_gmt":"2022-07-22T08:43:44","guid":{"rendered":"https:\/\/uelzener.de\/magazin\/?page_id=13550"},"modified":"2023-11-03T13:57:20","modified_gmt":"2023-11-03T12:57:20","slug":"insektenstich-katze","status":"publish","type":"page","link":"https:\/\/uelzener.de\/magazin\/katze\/tiergesundheit\/insektenstich-katze\/","title":{"rendered":"Insektenstich bei deiner Katze? Das solltest du wissen!"},"content":{"rendered":"<p>Abenteuerlustige Katzen genie\u00dfen es, wenn im Sommer die Tier- und Pflanzenwelt zu neuem Leben erwacht. Besonders summende Insekten k\u00f6nnen faszinieren \u2013 aber leider auch schmerzhaft zustechen. In der Regel sind diese Attacken zwar unangenehm, aber harmlos. Dennoch solltest du vorbereitet sein, damit du im Fall einer allergischen Reaktion schnell eingreifen kannst.<\/p>\n<p>Es ist warm, die Sonne lacht, der Garten lockt mit bl\u00fchenden Pflanzen und anderen Abenteuern: <strong>Freig\u00e4ngerkatzen<\/strong> sind in den warmen Sommermonaten in ihrem Element und leben ihren <strong>Jagdtrieb<\/strong> voll aus. Manche haben es dabei auf Fliegen abgesehen, machen aber auch vor Wespen, Bienen und Hornissen nicht halt. Auch <strong>im Futternapf<\/strong> k\u00f6nnen sich Insekten tummeln, wenn Katzenfutter zu lange liegenbleibt. Frisst die Katze davon, kann sie leicht eine <strong>Wespe oder Biene verschlucken<\/strong>. Maul und Pfoten sind also besonders gef\u00e4hrdete K\u00f6rperregionen.<\/p>\n<p>Grunds\u00e4tzlich sind Insektenstiche durch Wespen, Bienen und Hornissen zwar<strong> schmerzhaft, aber nicht gef\u00e4hrlich<\/strong>. Anders sieht es aus, wenn die Katze in den <strong>Mund- und Rachenraum oder die Atemwege<\/strong> gestochen wird. Auch im Falle einer <strong>Allergie<\/strong> gegen das Insektengift ist schnelle <strong>tier\u00e4rztliche Hilfe<\/strong> gefragt.<\/p>\n<h2><strong>Symptome eines Insektenstichs bei deiner Katze <\/strong><\/h2>\n<p>Naturgem\u00e4\u00df lassen sich Katzen m\u00f6glichst <strong>nicht anmerken, wenn sie Schmerzen haben<\/strong>, um keine Schw\u00e4che auszustrahlen. Katzenhalter:innen sollten daher <strong>aufmerksam beobachten<\/strong>, wie sich ihr Haustier verh\u00e4lt. \u00c4hnlich wie bei einem <a href=\"https:\/\/uelzener.de\/magazin\/hund\/tiergesundheit\/insektenstich-hund-wespenstich-bienenstich\/\"><strong>Insektenstich beim Hund<\/strong><\/a> verursacht auch bei Katzen meist der Moment des Stichs die deutlichsten Symptome:<\/p>\n<ul>\n<li><strong>Schmerzenslaute: <\/strong>Da ein Insektenstich f\u00fcr die Katze meist \u00fcberraschend kommt und schmerzhaft ist, miaut sie in der Regel laut auf.<\/li>\n<li><strong>Deckung suchen:<\/strong> Als Reaktion auf den Schmerz fl\u00fcchtet die Samtpfote vor der Gefahr und sucht sich ein Versteck. F\u00fcr den Menschen sieht das so aus, als w\u00fcrde die Katze unkontrolliert fliehen.<\/li>\n<li><strong>Schwellung an der Einstichstelle:<\/strong> An der Stichstelle schwillt die Haut an. Diese Schwellung kann sich ausbreiten \u2013 allerdings nur begrenzt, falls keine allergische Reaktion stattfindet.<\/li>\n<li><strong>Ablecken:<\/strong> Zur K\u00fchlung leckt die Katze die geschwollene Stelle ab. Das hilft auf der einen Seite gegen die Schwellung und beruhigt die Katze andererseits. Das Lecken hat also seine Berechtigung.<\/li>\n<\/ul>\n<p>Wenn eine Katze <strong>allergisch<\/strong> reagiert, treten die bereits genannten Symptome in st\u00e4rkerem Ausma\u00df auf und weitere kommen hinzu. Bei diesen Reaktionen sollte sofort eine <strong>Tierarztpraxis<\/strong> aufgesucht werden:<\/p>\n<ul>\n<li><strong>Starke Schwellung: <\/strong>Schwillt die Haut immer st\u00e4rker an und breitet sich die Schwellung weitfl\u00e4chig aus, kann das auf eine allergische Reaktion hindeuten.<\/li>\n<li><strong>Bildung von Quaddeln:<\/strong> An der Einstichstelle k\u00f6nnen sich zudem mit Fl\u00fcssigkeit gef\u00fcllte Bl\u00e4schen bilden.<\/li>\n<li><strong>Atemnot und Kreislaufprobleme:<\/strong> Wenn in Folge eines Insektenstichs Atemnot und Kreislaufprobleme auftreten, handelt es sich meist um eine ausgepr\u00e4gte allergische Reaktion.<\/li>\n<li><strong>Anaphylaktischer Schock:<\/strong> In seltenen Extremf\u00e4llen kann die allergische Reaktion bis zum Kreislaufstillstand f\u00fchren, dem sogenannten anaphylaktischen Schock. Entsprechend wichtig ist es, dass nach einem Insektenstich schnell reagiert wird. Bei ersten Anzeichen einer allergischen Reaktion muss sofort ein Tierarzt oder eine Tier\u00e4rztin gerufen werden.<\/li>\n<\/ul>\n<h2><strong>Wenn ein Insekt die Katze in die Pfote oder Nase sticht<\/strong><\/h2>\n<p>Es kann vorkommen, dass eine Katze in ein am Boden liegendes Insekt tritt oder auf andere Art in die <strong>Pfote gestochen<\/strong> wird. Tritt <strong>keine allergische Reaktion<\/strong> auf, ist das<strong> nicht weiter bedrohlich<\/strong>. Es mindert aber das Wohlbefinden der Katze f\u00fcr die n\u00e4chsten Stunden oder Tage deutlich. Schmerzt die Stelle stark, wird die Katze versuchen, die Pfote weniger zu belasten.<\/p>\n<p>Auch ein<strong> Stich in die Nase muss nicht lebensbedrohlich sein<\/strong>, kann aber stark einschr\u00e4nken: Schwillt die empfindliche Nase zu, kann die Katze zwar noch atmen. Ihr ausgepr\u00e4gter <strong>Geruchssinn<\/strong> ist allerdings <strong>stark verringert<\/strong>. Das kann wiederum dazu f\u00fchren, dass die Katze nichts mehr frisst und sich nicht \u00fcber Ger\u00fcche orientieren kann.<\/p>\n<p><strong>Insektenstiche in die Pfote oder Nase sollten daher tier\u00e4rztlich behandelt werden<\/strong>, damit die Schwellung schnell zur\u00fcckgeht und die Katze nicht zu lange eingeschr\u00e4nkt ist.<\/p>\n<h2><strong>Erste Hilfe nach einem Insektenstich leisten<\/strong><\/h2>\n<p>Wer sieht, wie die Katze von einem Insekt gestochen wird, kann durch<strong> schnelles Eingreifen<\/strong> helfen:<\/p>\n<ol>\n<li>Dazu n\u00e4hert man sich dem gestressten Tier vorsichtig und versucht, es zu <strong>beruhigen<\/strong>.<\/li>\n<li>Steckt noch ein<strong> Stachel in der Haut<\/strong>, wird dieser vorsichtig mit einer <strong>Pinzette entfernt<\/strong>. Wichtig dabei ist, dass der Stachel nicht abbricht, sonst kann sich die Einstichstelle entz\u00fcnden.<\/li>\n<li>Sinnvoll ist, die <strong>Stelle<\/strong> anschlie\u00dfend mit <strong>warmem Wasser<\/strong> abzuwaschen, um R\u00fcckst\u00e4nde des Giftes zu zerst\u00f6ren.<\/li>\n<li>Dann wird die <strong>Stichstelle gek\u00fchlt<\/strong>, wenn sich der Stubentiger nicht schon selbst ableckt.<\/li>\n<li>Um eine <strong>allergische Reaktion<\/strong> festzustellen, muss nun genau <strong>beobachtet<\/strong> werden, ob die Katze insgesamt oder im Bereich der Schwellung auff\u00e4llige Symptome zeigt.<\/li>\n<li>Bei einem <strong>Stich im Mund- oder Rachenbereich oder in die Nase<\/strong> k\u00f6nnen weitere Ma\u00dfnahmen notwendig sein. Besonders wichtig ist, dass die Katze <strong>keine Atemnot<\/strong> bekommt. Andernfalls ist anzuraten, sie sofort in der Tierarztpraxis vorzustellen.<\/li>\n<\/ol>\n<h2><strong>Wie Tier\u00e4rzt:innen der Katze helfen <\/strong><\/h2>\n<p>Wenn tier\u00e4rztliche Hilfe ben\u00f6tigt wird, sollten sich im Idealfall zwei Personen um den Transport k\u00fcmmern. Einer kann sich dann auf die Katze, der andere auf den Stra\u00dfenverkehr konzentrieren. In der tier\u00e4rztlichen Praxis erh\u00e4lt das verletzte Tier meist <strong>Cortison<\/strong>. Das Medikament hilft dabei, die k\u00f6rperlichen Reaktionen auf den Insektenstich abzuschw\u00e4chen. Eine <strong>k\u00fchlende Salbe <\/strong>vermindert die Schwellung.<\/p>\n<p>Wer auf diese Art lernen muss, dass die eigene Katze auf Insektenstiche allergisch reagiert, kann sich in der Praxis ein <strong>Notfallmedikament<\/strong> mitgeben lassen. Damit kann man in der Zukunft schneller auf eine Atemnot reagieren und die Katze schon auf dem Weg zur Tierarztpraxis stabilisieren.<\/p>\n<h2><strong>Einem Insektenstich bei der Katze vorbeugen<\/strong><\/h2>\n<p>Der beste Schutz ist bekanntlich, eine Gefahr gar nicht entstehen zu lassen. <strong>Trinkschale und Futternapf<\/strong> sollten daher im Sommer immer auf Insekten \u00fcberpr\u00fcft und regelm\u00e4\u00dfig gereinigt werden. Befindet sich auf dem Grundst\u00fcck ein <strong>Wespennest<\/strong>, ist dieses durch Expert:innen z\u00fcgig zu entfernen. Insbesondere Bodennester werden sonst schnell zur Gefahr.<\/p>\n<p>Ist eine Allergie bei der Katze bekannt, kann diese durch eine <strong>Hyposensibilisierung<\/strong> behandelt werden. Auch eine <strong>Katzen-Krankenversicherung<\/strong> beruhigt im Sommer die Nerven, wenn es pl\u00f6tzlich zu einem <strong>Notfall<\/strong> und dadurch zu <strong>hohen Behandlungskosten<\/strong> kommt.<\/p>\n\n<div class=\"banner\">\n    <a href=\"https:\/\/uelzener.de\/katze\/katzen-krankenversicherung\/?agt=0000104925&sem=true&utm_medium=magazin&utm_source=wordpress&utm_campaign=katze_kv&utm_content=banner\">\n        <img decoding=\"async\" width=\"300\" height=\"212\" src=\"https:\/\/uelzener.de\/magazin\/app\/uploads\/2025\/01\/Katzen-Kranken-Versicherung.jpg\" class=\"attachment-medium size-medium\" alt=\"Banner Katzen-Kranken-Versicherung\" \/>    <\/a>\n<\/div>\n\n<p>Schlie\u00dflich kann man versuchen, die Katze davon <strong>abzuhalten, Insekten zu jagen<\/strong>. Allerdings d\u00fcrfte der Reiz der surrenden Tiere f\u00fcr die meisten Katzen zu gro\u00df sein. G\u00e4nzlich verhindern l\u00e4sst sich bei einer Katze leider weder der schmerzhafte Hornissen-, Bienen- oder Wespenstich noch der unscheinbare M\u00fcckenstich oder ein <strong><a href=\"https:\/\/uelzener.de\/magazin\/katze\/tiergesundheit\/zecken-bei-katzen\/\">Zeckenbiss<\/a><\/strong>. Aber wer wei\u00df, worauf er zu achten hat und zudem den <a href=\"https:\/\/uelzener.de\/magazin\/katze\/haltung\/garten-katzensicher-machen\/\">Garten noch katzensicher macht<\/a>, der kann sich auch im Sommer entspannen.<\/p>\n<h2><strong>FAQ: H\u00e4ufig gestellte Fragen<\/strong><\/h2>\n<h3><strong>Wie erkenne ich, ob meine Katze von einer Biene oder Wespe gestochen wurde?<\/strong><\/h3>\n<p>Da ein Insektenstich \u00fcberraschend kommt und schmerzhaft ist, miaut die Katze in der Regel laut auf.<\/p>\n<p>Als Reaktion auf den Schmerz fl\u00fcchtet die Samtpfote und sucht sich ein Versteck. Es sieht so aus, als w\u00fcrde die Katzen unkontrolliert fliehen. An der Stichstelle schwillt die Haut \u2013 es kann auch zu eventuelle allergischen Reaktionen kommen. Zur K\u00fchlung leckt die Katze die geschwollene Stelle ab.<\/p>\n<h3><strong>Wann muss die Katze beim Wespenstich zum Tierarzt?<\/strong><\/h3>\n<p>Wenn du eine allergische Reaktion feststellst, sollte die Katze genau beobachtet werden, ob insgesamt oder im Bereich der Schwellung auff\u00e4llige Symptome gezeigt werden. Bei einem Stich im Mund- oder Rachenbereich bzw. in der Nase k\u00f6nnen weitere Ma\u00dfnahmen notwendig sei. Hier ist wichtig, dass die Katze keine Atemnot bekommt. Anderenfalls ist es ratsam sofort in die n\u00e4chste Tierarztpraxis zu fahren.<\/p>\n<h3><strong>Was sollte ich tun, wenn meine Katze einen Insektenstich hat?<\/strong><\/h3>\n<p>Wer sieht, wie die Katze von einem Insekt gestochen wird, kann durch schnelles Eingreifen helfen:<\/p>\n<p>Vorsichtig dem Tier n\u00e4hern und versuchen es zu beruhigen. Steckt noch ein Stachel in der Haut, sollte dieser vorsichtig mit einer Pinzette entfernt werden. Anschlie\u00dfend sollte die Einstichstelle mit warmen Wasser abgewaschen werden um R\u00fcckst\u00e4nde des Giftes zu zerst\u00f6ren. Dann ist die Stelle zu k\u00fchlen, wenn sich der Stubentiger nicht schon selbst ableckt.\u00a0 Um eine allergische Reaktion festzustellen, muss nun genau beobachtet werden, ob die Katze insgesamt oder im Bereich der Schwellung auff\u00e4llige Symptome zeigt. Bei Stichen im Mund- oder Rachenbereich bzw. in die Nase k\u00f6nnen weitere Ma\u00dfnahmen notwendig sein. Besonders wichtig ist, dass die Katze keine Atemnot bekommt. Andernfalls ist anzuraten, sie sofort in der n\u00e4chsten Tierarztpraxis vorzustellen.<\/p>\n","protected":false},"excerpt":{"rendered":"<p>Abenteuerlustige Katzen genie\u00dfen es, wenn im Sommer die Tier- und Pflanzenwelt zu neuem Leben erwacht. Besonders summende Insekten k\u00f6nnen faszinieren \u2013 aber leider auch schmerzhaft zustechen. In der Regel sind diese Attacken zwar unangenehm, aber harmlos. Dennoch solltest du vorbereitet sein, damit du im Fall einer allergischen Reaktion schnell eingreifen kannst. Es ist warm, die [&hellip;]<\/p>\n","protected":false},"author":9,"featured_media":13556,"parent":11712,"menu_order":39,"comment_status":"closed","ping_status":"closed","template":"templates\/blog.php","meta":{"_acf_changed":false,"_crdt_document":"","footnotes":"","beyondwords_generate_audio":"0","beyondwords_project_id":"","beyondwords_content_id":"","beyondwords_preview_token":"","beyondwords_player_style":"","beyondwords_language_id":"","beyondwords_title_voice_id":"","beyondwords_body_voice_id":"","beyondwords_summary_voice_id":"","beyondwords_error_message":"","beyondwords_disabled":"","beyondwords_delete_content":"","beyondwords_podcast_id":"","beyondwords_hash":"","publish_post_to_speechkit":"","speechkit_hash":"","speechkit_generate_audio":"","speechkit_project_id":"","speechkit_podcast_id":"","speechkit_error_message":"","speechkit_disabled":"","speechkit_access_key":"","speechkit_error":"","speechkit_info":"","speechkit_response":"","speechkit_retries":"","speechkit_status":"","speechkit_updated_at":"","_speechkit_link":"","_speechkit_text":""},"class_list":["post-13550","page","type-page","status-publish","has-post-thumbnail","hentry"],"acf":[],"yoast_head":"<!-- This site is optimized with the Yoast SEO Premium plugin  - https:\/\/yoast.com\/product\/yoast-seo-premium-wordpress\/ -->\n<title>Insektenstich bei Katzen \u2013 das ist zu tun | Uelzener<\/title>\n<meta name=\"description\" content=\"Insektenstiche bei Katzen erkennen und behandeln \u2714 Hornissen- &amp; Bienenstiche \u2714 Symptome \u2714 Vorbeugen \u27a4 Hier mehr erfahren!\" \/>\n<meta name=\"robots\" content=\"index, follow, max-snippet:-1, max-image-preview:large, max-video-preview:-1\" \/>\n<link rel=\"canonical\" href=\"https:\/\/uelzener.de\/magazin\/katze\/tiergesundheit\/insektenstich-katze\/\" \/>\n<meta property=\"og:locale\" content=\"de_DE\" \/>\n<meta property=\"og:type\" content=\"article\" \/>\n<meta property=\"og:title\" content=\"Insektenstich bei deiner Katze? Das solltest du wissen!\" \/>\n<meta property=\"og:description\" content=\"Insektenstiche bei Katzen erkennen und behandeln \u2714 Hornissen- &amp; Bienenstiche \u2714 Symptome \u2714 Vorbeugen \u27a4 Hier mehr erfahren!\" \/>\n<meta property=\"og:url\" content=\"https:\/\/uelzener.de\/magazin\/katze\/tiergesundheit\/insektenstich-katze\/\" \/>\n<meta property=\"og:site_name\" content=\"Uelzener Tier-Magazin\" \/>\n<meta property=\"article:publisher\" content=\"https:\/\/www.facebook.com\/Uelzener\" \/>\n<meta property=\"article:modified_time\" content=\"2023-11-03T12:57:20+00:00\" \/>\n<meta property=\"og:image\" content=\"https:\/\/uelzener.de\/magazin\/app\/uploads\/2022\/07\/Header_Magazin_Insektenstich.jpg\" \/>\n\t<meta property=\"og:image:width\" content=\"1025\" \/>\n\t<meta property=\"og:image:height\" content=\"450\" \/>\n\t<meta property=\"og:image:type\" content=\"image\/jpeg\" \/>\n<meta name=\"twitter:card\" content=\"summary_large_image\" \/>\n<meta name=\"twitter:label1\" content=\"Gesch\u00e4tzte Lesezeit\" \/>\n\t<meta name=\"twitter:data1\" content=\"6\u00a0Minuten\" \/>\n<script type=\"application\/ld+json\" class=\"yoast-schema-graph\">{\"@context\":\"https:\/\/schema.org\",\"@graph\":[{\"@type\":\"WebPage\",\"@id\":\"https:\/\/uelzener.de\/magazin\/katze\/tiergesundheit\/insektenstich-katze\/\",\"url\":\"https:\/\/uelzener.de\/magazin\/katze\/tiergesundheit\/insektenstich-katze\/\",\"name\":\"Insektenstich bei Katzen \u2013 das ist zu tun | Uelzener\",\"isPartOf\":{\"@id\":\"https:\/\/uelzener.de\/magazin\/#website\"},\"primaryImageOfPage\":{\"@id\":\"https:\/\/uelzener.de\/magazin\/katze\/tiergesundheit\/insektenstich-katze\/#primaryimage\"},\"image\":{\"@id\":\"https:\/\/uelzener.de\/magazin\/katze\/tiergesundheit\/insektenstich-katze\/#primaryimage\"},\"thumbnailUrl\":\"https:\/\/uelzener.de\/magazin\/app\/uploads\/2022\/07\/Header_Magazin_Insektenstich.jpg\",\"datePublished\":\"2022-07-22T08:43:44+00:00\",\"dateModified\":\"2023-11-03T12:57:20+00:00\",\"description\":\"Insektenstiche bei Katzen erkennen und behandeln \u2714 Hornissen- & Bienenstiche \u2714 Symptome \u2714 Vorbeugen \u27a4 Hier mehr erfahren!\",\"breadcrumb\":{\"@id\":\"https:\/\/uelzener.de\/magazin\/katze\/tiergesundheit\/insektenstich-katze\/#breadcrumb\"},\"inLanguage\":\"de\",\"potentialAction\":[{\"@type\":\"ReadAction\",\"target\":[\"https:\/\/uelzener.de\/magazin\/katze\/tiergesundheit\/insektenstich-katze\/\"]}]},{\"@type\":\"ImageObject\",\"inLanguage\":\"de\",\"@id\":\"https:\/\/uelzener.de\/magazin\/katze\/tiergesundheit\/insektenstich-katze\/#primaryimage\",\"url\":\"https:\/\/uelzener.de\/magazin\/app\/uploads\/2022\/07\/Header_Magazin_Insektenstich.jpg\",\"contentUrl\":\"https:\/\/uelzener.de\/magazin\/app\/uploads\/2022\/07\/Header_Magazin_Insektenstich.jpg\",\"width\":1025,\"height\":450,\"caption\":\"Katze liegt im Gras und beobachtet eine Biene, Vorsicht vor Insektenstichen ist geboten.\"},{\"@type\":\"WebSite\",\"@id\":\"https:\/\/uelzener.de\/magazin\/#website\",\"url\":\"https:\/\/uelzener.de\/magazin\/\",\"name\":\"Uelzener Tiermagazin\",\"description\":\"Online Tierratgeber der Uelzener Versicherungen\",\"publisher\":{\"@id\":\"https:\/\/uelzener.de\/magazin\/#organization\"},\"potentialAction\":[{\"@type\":\"SearchAction\",\"target\":{\"@type\":\"EntryPoint\",\"urlTemplate\":\"https:\/\/uelzener.de\/magazin\/?s={search_term_string}\"},\"query-input\":{\"@type\":\"PropertyValueSpecification\",\"valueRequired\":true,\"valueName\":\"search_term_string\"}}],\"inLanguage\":\"de\"},{\"@type\":\"Organization\",\"@id\":\"https:\/\/uelzener.de\/magazin\/#organization\",\"name\":\"Uelzener Versicherungen\",\"url\":\"https:\/\/uelzener.de\/magazin\/\",\"logo\":{\"@type\":\"ImageObject\",\"inLanguage\":\"de\",\"@id\":\"https:\/\/uelzener.de\/magazin\/#\/schema\/logo\/image\/\",\"url\":\"https:\/\/uelzener.de\/magazin\/app\/uploads\/2024\/11\/uelzener_allgemeine_versicherungsgesellschaft_a_g_logo.jpg\",\"contentUrl\":\"https:\/\/uelzener.de\/magazin\/app\/uploads\/2024\/11\/uelzener_allgemeine_versicherungsgesellschaft_a_g_logo.jpg\",\"width\":200,\"height\":200,\"caption\":\"Uelzener Versicherungen\"},\"image\":{\"@id\":\"https:\/\/uelzener.de\/magazin\/#\/schema\/logo\/image\/\"},\"sameAs\":[\"https:\/\/www.facebook.com\/Uelzener\",\"https:\/\/instagram.com\/uelzener\",\"https:\/\/www.xing.com\/pages\/uelzenerallgemeineversicherungs-gesellschafta-g\",\"https:\/\/www.youtube.com\/UelzenerVersicherungen\"]}]}<\/script>\n<!-- \/ Yoast SEO Premium plugin. -->","yoast_head_json":{"title":"Insektenstich bei Katzen \u2013 das ist zu tun | Uelzener","description":"Insektenstiche bei Katzen erkennen und behandeln \u2714 Hornissen- & Bienenstiche \u2714 Symptome \u2714 Vorbeugen \u27a4 Hier mehr erfahren!","robots":{"index":"index","follow":"follow","max-snippet":"max-snippet:-1","max-image-preview":"max-image-preview:large","max-video-preview":"max-video-preview:-1"},"canonical":"https:\/\/uelzener.de\/magazin\/katze\/tiergesundheit\/insektenstich-katze\/","og_locale":"de_DE","og_type":"article","og_title":"Insektenstich bei deiner Katze? Das solltest du wissen!","og_description":"Insektenstiche bei Katzen erkennen und behandeln \u2714 Hornissen- & Bienenstiche \u2714 Symptome \u2714 Vorbeugen \u27a4 Hier mehr erfahren!","og_url":"https:\/\/uelzener.de\/magazin\/katze\/tiergesundheit\/insektenstich-katze\/","og_site_name":"Uelzener Tier-Magazin","article_publisher":"https:\/\/www.facebook.com\/Uelzener","article_modified_time":"2023-11-03T12:57:20+00:00","og_image":[{"width":1025,"height":450,"url":"https:\/\/uelzener.de\/magazin\/app\/uploads\/2022\/07\/Header_Magazin_Insektenstich.jpg","type":"image\/jpeg"}],"twitter_card":"summary_large_image","twitter_misc":{"Gesch\u00e4tzte Lesezeit":"6\u00a0Minuten"},"schema":{"@context":"https:\/\/schema.org","@graph":[{"@type":"WebPage","@id":"https:\/\/uelzener.de\/magazin\/katze\/tiergesundheit\/insektenstich-katze\/","url":"https:\/\/uelzener.de\/magazin\/katze\/tiergesundheit\/insektenstich-katze\/","name":"Insektenstich bei Katzen \u2013 das ist zu tun | Uelzener","isPartOf":{"@id":"https:\/\/uelzener.de\/magazin\/#website"},"primaryImageOfPage":{"@id":"https:\/\/uelzener.de\/magazin\/katze\/tiergesundheit\/insektenstich-katze\/#primaryimage"},"image":{"@id":"https:\/\/uelzener.de\/magazin\/katze\/tiergesundheit\/insektenstich-katze\/#primaryimage"},"thumbnailUrl":"https:\/\/uelzener.de\/magazin\/app\/uploads\/2022\/07\/Header_Magazin_Insektenstich.jpg","datePublished":"2022-07-22T08:43:44+00:00","dateModified":"2023-11-03T12:57:20+00:00","description":"Insektenstiche bei Katzen erkennen und behandeln \u2714 Hornissen- & Bienenstiche \u2714 Symptome \u2714 Vorbeugen \u27a4 Hier mehr erfahren!","breadcrumb":{"@id":"https:\/\/uelzener.de\/magazin\/katze\/tiergesundheit\/insektenstich-katze\/#breadcrumb"},"inLanguage":"de","potentialAction":[{"@type":"ReadAction","target":["https:\/\/uelzener.de\/magazin\/katze\/tiergesundheit\/insektenstich-katze\/"]}]},{"@type":"ImageObject","inLanguage":"de","@id":"https:\/\/uelzener.de\/magazin\/katze\/tiergesundheit\/insektenstich-katze\/#primaryimage","url":"https:\/\/uelzener.de\/magazin\/app\/uploads\/2022\/07\/Header_Magazin_Insektenstich.jpg","contentUrl":"https:\/\/uelzener.de\/magazin\/app\/uploads\/2022\/07\/Header_Magazin_Insektenstich.jpg","width":1025,"height":450,"caption":"Katze liegt im Gras und beobachtet eine Biene, Vorsicht vor Insektenstichen ist geboten."},{"@type":"WebSite","@id":"https:\/\/uelzener.de\/magazin\/#website","url":"https:\/\/uelzener.de\/magazin\/","name":"Uelzener Tiermagazin","description":"Online Tierratgeber der Uelzener Versicherungen","publisher":{"@id":"https:\/\/uelzener.de\/magazin\/#organization"},"potentialAction":[{"@type":"SearchAction","target":{"@type":"EntryPoint","urlTemplate":"https:\/\/uelzener.de\/magazin\/?s={search_term_string}"},"query-input":{"@type":"PropertyValueSpecification","valueRequired":true,"valueName":"search_term_string"}}],"inLanguage":"de"},{"@type":"Organization","@id":"https:\/\/uelzener.de\/magazin\/#organization","name":"Uelzener Versicherungen","url":"https:\/\/uelzener.de\/magazin\/","logo":{"@type":"ImageObject","inLanguage":"de","@id":"https:\/\/uelzener.de\/magazin\/#\/schema\/logo\/image\/","url":"https:\/\/uelzener.de\/magazin\/app\/uploads\/2024\/11\/uelzener_allgemeine_versicherungsgesellschaft_a_g_logo.jpg","contentUrl":"https:\/\/uelzener.de\/magazin\/app\/uploads\/2024\/11\/uelzener_allgemeine_versicherungsgesellschaft_a_g_logo.jpg","width":200,"height":200,"caption":"Uelzener Versicherungen"},"image":{"@id":"https:\/\/uelzener.de\/magazin\/#\/schema\/logo\/image\/"},"sameAs":["https:\/\/www.facebook.com\/Uelzener","https:\/\/instagram.com\/uelzener","https:\/\/www.xing.com\/pages\/uelzenerallgemeineversicherungs-gesellschafta-g","https:\/\/www.youtube.com\/UelzenerVersicherungen"]}]}},"_links":{"self":[{"href":"https:\/\/uelzener.de\/magazin\/wp-json\/wp\/v2\/pages\/13550","targetHints":{"allow":["GET"]}}],"collection":[{"href":"https:\/\/uelzener.de\/magazin\/wp-json\/wp\/v2\/pages"}],"about":[{"href":"https:\/\/uelzener.de\/magazin\/wp-json\/wp\/v2\/types\/page"}],"author":[{"embeddable":true,"href":"https:\/\/uelzener.de\/magazin\/wp-json\/wp\/v2\/users\/9"}],"replies":[{"embeddable":true,"href":"https:\/\/uelzener.de\/magazin\/wp-json\/wp\/v2\/comments?post=13550"}],"version-history":[{"count":8,"href":"https:\/\/uelzener.de\/magazin\/wp-json\/wp\/v2\/pages\/13550\/revisions"}],"predecessor-version":[{"id":16576,"href":"https:\/\/uelzener.de\/magazin\/wp-json\/wp\/v2\/pages\/13550\/revisions\/16576"}],"up":[{"embeddable":true,"href":"https:\/\/uelzener.de\/magazin\/wp-json\/wp\/v2\/pages\/11712"}],"wp:featuredmedia":[{"embeddable":true,"href":"https:\/\/uelzener.de\/magazin\/wp-json\/wp\/v2\/media\/13556"}],"wp:attachment":[{"href":"https:\/\/uelzener.de\/magazin\/wp-json\/wp\/v2\/media?parent=13550"}],"curies":[{"name":"wp","href":"https:\/\/api.w.org\/{rel}","templated":true}]}}