{"id":13545,"date":"2024-01-22T00:40:38","date_gmt":"2024-01-21T23:40:38","guid":{"rendered":"https:\/\/uelzener.de\/magazin\/?page_id=13545"},"modified":"2025-04-28T10:06:58","modified_gmt":"2025-04-28T08:06:58","slug":"wohnungskatze-beschaeftigen","status":"publish","type":"page","link":"https:\/\/uelzener.de\/magazin\/katze\/haltung\/wohnungskatze-beschaeftigen\/","title":{"rendered":"Wohnungskatze besch\u00e4ftigen: Tipps f\u00fcr den Alltag"},"content":{"rendered":"<p>Freig\u00e4ngerkatzen streifen oft Stunden durch ihr Revier oder verschwinden gar f\u00fcr Tage. W\u00e4hrenddessen halten sich reine Wohnungskatzen in einem viel kleineren Areal auf. Damit sie gesund bleiben und nicht \u00fcbergewichtig werden, sind gute Ideen der Katzenhalterinnen und Katzenhalter gefragt. Mit ein paar einfachen Ma\u00dfnahmen kannst du auch dicke Katzen und schnurrende Schmusekatzen mit eher gem\u00fctlichem Charakter zu einem Sportprogramm animieren.<\/p>\n<p>Einige Tierfreundinnen und Tierfreunde kennen das sicherlich: Es ist Wochenende, es stehen keine Termine an, man w\u00fcrde am liebsten den ganzen Tag im Sessel lesen oder die n\u00e4chste Serie schauen. Trotzdem wei\u00df man, dass es sinnvoll ist, sich aufzuraffen \u2013 und zumindest ein wenig aktiv zu werden, im Haushalt zu arbeiten, einen kleinen Spaziergang zu machen oder ins Fitnessstudio zu fahren.<\/p>\n<p>Bei <strong>Wohnungskatzen<\/strong> ist die Situation sehr \u00e4hnlich. An einem typischen Arbeitstag stehen sie morgens mit ihren Menschen auf, verbringen dann einige Stunden allein und warten auf die Streichel- und Spieleinheiten am Abend. Wenn in einem solchen Alltag keine Anreize auftauchen, die zur Bewegung oder ein bisschen Sport animieren, dann wird die Katze sich der Langeweile hingeben, d\u00f6sen und faulenzen und nach und nach Gewicht zulegen. Das Sch\u00f6ne daran ist: Ebenso wie beim Menschen ist es nie zu sp\u00e4t, Aktivit\u00e4t ins Leben einer <a href=\"https:\/\/uelzener.de\/magazin\/katze\/tiergesundheit\/gewichtsprobleme-bei-katzen-zu-dick-oder-duenn\/\" target=\"_blank\" rel=\"noopener\">dicken Katze<\/a> zu bringen. Alles, was man braucht, sind ein paar gute Ideen.<\/p>\n<h2><strong>Katzen ausreichend Bewegung verschaffen<\/strong><\/h2>\n<p>Katzen ohne Freigang neigen eher dazu, ein paar Pfunde zu viel auf den Rippen anzusammeln. Vierbeinige Kumpel k\u00f6nnen hier Abhilfe schaffen: Grunds\u00e4tzlich sind Tiere in\u00a0Mehrkatzenhaushalten durch die Gesellschaft automatisch aktiver und es treten seltener Probleme durch zu wenig Bewegung auf. Auch Folgen von Einsamkeit, wie aggressives oder depressives Verhalten oder <a href=\"https:\/\/uelzener.de\/magazin\/katze\/haeufige-fragen\/katze-zerkratzt-sofa\/\">am Sofa kratzen<\/a>, wird so vorgebeugt. Aber auch Zweibeiner k\u00f6nnen zus\u00e4tzliche Bewegungsanreize in Form kleiner Sportprogramme f\u00fcr ihre Wohnungskatzen schaffen.<\/p>\n<h3 style=\"text-align: left;\">1. Futter erjagen<strong><br \/>\n<\/strong><\/h3>\n<p>Um einer Wohnungskatze Besch\u00e4ftigungsm\u00f6glichkeiten zu bieten, kann beispielsweise das Ritual des F\u00fctterns herhalten. So kann eine dicke Katze ihrem Trockenfutter hinterherjagen oder dieses an versteckten Orten im Haus suchen. Das ist dann wie ein kurzes Sportprogramm, das sie sinnvoll in Bewegung bringt. Auch erh\u00f6hte Plattformen, die erst erklettert werden m\u00fcssen, eignen sich bei ausreichender Fitness f\u00fcr die Mahlzeiten. Damit nicht zu viel gef\u00fcttert wird, sollte die Menge genau abgestimmt sein und auch die Zwischendurch-Leckerlis in die Gesamtfuttermenge miteingerechnet werden. Da Katzen dazu neigen, eher zu wenig zu trinken, sollte Wasser jederzeit und leicht zug\u00e4nglich zur Verf\u00fcgung stehen.<\/p>\n<h3 style=\"text-align: left;\">2. Wohnung katzengerecht einrichten<strong><br \/>\n<\/strong><\/h3>\n<p>Auch die Wohnungseinrichtung kann zu mehr Sport motivieren. F\u00fcr die Grundbed\u00fcrfnisse brauchen Katzen Kratzb\u00e4ume, Orte zum Verstecken und Schlafen sowie Katzenklos. Es gibt Systeme f\u00fcr die Wand, die die Samtpfote zum Springen und Klettern animieren. Selbst bei geringer Wohnfl\u00e4che kann sich das Tier so in den einsamen Stunden vielseitig besch\u00e4ftigen und in kurzen Einheiten Sport treiben. Vorsicht ist allerdings bei erh\u00f6hten Plattformen geboten, durch die die Fenster leichter zu erreichen sind. Ein kritischer Blick auf Kippfenster und Treppenh\u00e4user sind nur zwei Aspekte, die beachtet werden sollten, wenn man die <a href=\"https:\/\/uelzener.de\/magazin\/katze\/haltung\/wohnung-katzensicher-machen\/\"><strong>Wohnung katzensicher<\/strong><\/a> machen m\u00f6chte. Wer seiner Katze auf einem <a href=\"https:\/\/uelzener.de\/magazin\/katze\/haltung\/balkon-katzensicher-machen\/\"><strong>Balkon<\/strong> <\/a>frische Luft und eventuell eine Katzenwiese anbieten m\u00f6chte, muss auch diesen entsprechend absichern.<\/p>\n\n<div class=\"related_articles boxed\">\n    <h2>Mehr zum Thema<\/h2>\n    \n    <div class=\"wrapper\"><div class=\"title align-center\"><h3><a href=\"https:\/\/uelzener.de\/magazin\/katze\/haeufige-fragen\/katze-zerkratzt-sofa\/\">Katze zerkratzt Sofa: Was tun?<\/a><\/h3><\/div><div class=\"img align-center\"><img decoding=\"async\" width=\"315\" height=\"180\" src=\"https:\/\/uelzener.de\/magazin\/app\/uploads\/2023\/03\/katze-zerkratzt-sofa-315x180.jpg\" class=\"attachment-315x180 size-315x180 wp-post-image\" alt=\"Getigerte Katze zerkratzt graues Sofa.\" \/><\/div><\/div><div class=\"wrapper\"><div class=\"title align-center\"><h3><a href=\"https:\/\/uelzener.de\/magazin\/katze\/tiergesundheit\/demenz-bei-katzen\/\">Demenz bei Katzen: Wissenswertes zum kognitiven Dysfunktionssyndrom<\/a><\/h3><\/div><div class=\"img align-center\"><img decoding=\"async\" width=\"315\" height=\"180\" src=\"https:\/\/uelzener.de\/magazin\/app\/uploads\/2024\/11\/demenz-bei-katzen-315x180.jpg\" class=\"attachment-315x180 size-315x180 wp-post-image\" alt=\"Eine alte demente Katze auf dem Scho\u00df einer Frau.\" \/><\/div><\/div><div class=\"wrapper\"><div class=\"title align-center\"><h3><a href=\"https:\/\/uelzener.de\/magazin\/katze\/haltung\/den-richtigen-kratzbaum-waehlen\/\">Den richtigen Kratzbaum w\u00e4hlen: Praktische Tipps zum Kauf<\/a><\/h3><\/div><div class=\"img align-center\"><img decoding=\"async\" width=\"315\" height=\"180\" src=\"https:\/\/uelzener.de\/magazin\/app\/uploads\/2024\/05\/kratzbaum-315x180.jpg\" class=\"attachment-315x180 size-315x180 wp-post-image\" alt=\"Katze steht auf Kratzbaum.\" \/><\/div><\/div><\/div>\n\n<h3 style=\"text-align: left;\">3. Geeignetes Katzenspielzeug anbieten<strong><br \/>\n<\/strong><\/h3>\n<p>Als nat\u00fcrliche J\u00e4ger sollten Katzen grunds\u00e4tzlich die M\u00f6glichkeit haben, dass sie springen, sich anpirschen, aber auch jagen k\u00f6nnen. Bei diesen Sportprogrammen werden unterschiedliche Muskeln beansprucht und trainiert. Es hilft au\u00dferdem, wenn manche Gegenst\u00e4nde, die nicht zum Grundbedarf geh\u00f6ren, ab und zu ausgetauscht werden, sodass die Katze immer wieder Abwechslung bekommt und nicht das Interesse verliert.<\/p>\n<h3>4. Laufrad<\/h3>\n<p>Ein Laufrad ist eine hervorragende M\u00f6glichkeit, seine Katze in Bewegung zu bringen. Vielen Katzen macht das Laufen im Laufrad so viel Freude, dass sie sich gern und freiwillig bewegen. So kann man dieses Sportprogramm ganz leicht in den Alltag seiner dicken Katze integrieren. Laufr\u00e4der gibt es in verschiedenen Ausf\u00fchrungen. Das Prinzip ist jedoch immer dasselbe. Das Laufrad ist mit einem Material ausgelegt, auf dem Katzen gut laufen k\u00f6nnen. \u00dcber eine Eigenbewegung nach vorne bringen sie das Rad in Schwung. Je schneller die Katze l\u00e4uft, desto schneller dreht sich das Rad. Um einer Katze zu zeigen, wie sie das Laufrad nutzen kann, lockt man sie am besten mit Leckerlis. So begreifen Katzen meist schnell, wie sie das Rad in Bewegung bringen und wie viel Spa\u00df sie mit ihrem Sportprogramm haben k\u00f6nnen.<\/p>\n<h2 style=\"text-align: left;\">Spielzeuge k\u00f6nnen viele verschiedene Reize ansprechen<\/h2>\n<p>Dinge wie Stoffm\u00e4use oder Spielangeln wecken den Jagdinstinkt der Tiere. Entsprechend sollten auch die typischen Jagdmuster nachgeahmt werden. Eine Maus oder das Anh\u00e4ngsel der Spielangel bewegen sich niemals auf die Katze zu, sondern fl\u00fcchten schnell und im Zickzack-Muster. Wahlweise kann eine nach <a href=\"https:\/\/uelzener.de\/magazin\/katze\/haeufige-fragen\/katzenminze-wirkung-auf-katzen\/\">Katzenminze<\/a> duftende Maus auch versteckt werden und besch\u00e4ftigt die Mieze hoffentlich f\u00fcr einige Minuten.<\/p>\n<p>Auch das Futter kann mit Katzenspielzeug kombiniert werden. In Form von Intelligenzspielzeugen fordert das eher die mentalen F\u00e4higkeiten einer Katze. Dinge, die nur mit einigem Aufwand das Futter preisgeben, besch\u00e4ftigen langfristig und belohnen die Anstrengungen der Katze mit einem Beuteerfolg.<\/p>\n<p>Viele Katzenhalterinnen und Katzenhalter haben dar\u00fcber hinaus die Erfahrung gemacht, dass ein Karton manchmal interessanter f\u00fcr das Tier sein kann als der Inhalt. Auch Knistern und Rascheln wecken schnell die Neugier.<\/p>\n<h2>Den richtigen Zeitpunkt zum Spielen finden<\/h2>\n<p>Zwar sollen sprichw\u00f6rtlich keine schlafenden Hunde geweckt werden, aber auch f\u00fcr Katzen gilt diese Regel. Motiviertes Spielen kann nicht erzwungen werden \u2013 das f\u00fchrt nur zu Stress oder zumindest entsteht keine Motivation. Stattdessen sollte man den richtigen Zeitpunkt f\u00fcr Spiel und Sport abpassen, wenn der Stubentiger ohnehin umherstreift. Gerade in der D\u00e4mmerung sind die meisten Katzen aktiv und freuen sich \u00fcber Besch\u00e4ftigung.<\/p>\n<p>Dar\u00fcber hinaus m\u00fcssen aber auch Menschen in der richtigen Stimmung f\u00fcr die gemeinsame Zeit sein. Wer eigentlich keine Zeit hat oder stark gestresst ist, wird dieses Gef\u00fchl automatisch auch dem Heimtier vermitteln und so die Lust am Spielen st\u00f6ren.<\/p>\n<h2>Wie die Wohnungskatze sich genug bewegt<\/h2>\n<p>Wer seine Katze mit Anreizen zur Bewegung unterst\u00fctzen m\u00f6chte, ohne dass sie Freigang bekommt, sollte gleich mehrere Tipps ber\u00fccksichtigen. Diese sind vor allem auch f\u00fcr dicke Katzen hilfreich:<\/p>\n<ul>\n<li>Spielzeuge k\u00f6nnen die Katze sowohl k\u00f6rperlich als auch mental fordern und f\u00f6rdern.<\/li>\n<li>Die Wohnung kann abwechslungsreich gestaltet werden, damit die Katze auch ein bisschen klettern und springen kann.<\/li>\n<li>Zwei zueinander passende Wohnungskatzen besch\u00e4ftigen sich gegenseitig automatisch. <a href=\"https:\/\/uelzener.de\/magazin\/katze\/haeufige-fragen\/katzenversicherung-fuer-2-katzen\/\">Was du alles \u00fcber die Katzenversicherung f\u00fcr 2 Katzen wissen musst<\/a>.<\/li>\n<li>Futterspiele und verstecktes Futter animieren zur Bewegung.<\/li>\n<li>T\u00e4gliches Streicheln und Kuscheln verbessern die Bindung zum Menschen und motivieren dadurch, mehr Zeit mit diesem zu verbringen und gemeinsam zu spielen.<\/li>\n<\/ul>\n\n<div class=\"banner\">\n    <a href=\"https:\/\/uelzener.de\/katze\/katzen-krankenversicherung\/?agt=0000104925&sem=true&utm_medium=magazin&utm_source=wordpress&utm_campaign=katze_kv&utm_content=banner\">\n        <img decoding=\"async\" width=\"300\" height=\"212\" src=\"https:\/\/uelzener.de\/magazin\/app\/uploads\/2025\/01\/Katzen-Kranken-Versicherung.jpg\" class=\"attachment-medium size-medium\" alt=\"Banner Katzen-Kranken-Versicherung\" \/>    <\/a>\n<\/div>\n\n<h2>FAQ: H\u00e4ufig gestellte Fragen<\/h2>\n<h3>Welche Katzen eignen sich am besten als Wohnungskatzen?<\/h3>\n<p>Jede Katze hat ihre speziellen Bed\u00fcrfnisse. Auch von den Rassen her sind einige Tiere ruhiger und verschmuster, andere neugieriger und auch etwas wilder. Folgende Rassen haben sich u. a. f\u00fcr die Haltung in einer Wohnung bew\u00e4hrt: Ragdoll, Sphynx, Perser, Birma-Katzen, Russian Blue, Maine Coone, British Kurzhaar oder die Norwegische Waldkatze.<\/p>\n<h3>Welche M\u00f6glichkeiten gibt es, Wohnungskatzen zu besch\u00e4ftigen?<\/h3>\n<p>Grunds\u00e4tzlich sind Tiere in Mehrkatzenhaushalten aktiver. Lebt die Katze als Einzeltier im Haushalt, sollte sich z. B. die F\u00fctterung an das nat\u00fcrliche Verhalten der Katze anlehnen. So kann eine Katze ihrem Trockenfutter hinterherjagen oder dieses an versteckten Orten im Haus suchen. Auch erh\u00f6hte Plattformen, die erst erklettert werden m\u00fcssen, eignen sich bei ausreichender Fitness f\u00fcr die Mahlzeiten. Doch auch Spielzeuge wie z. B. Stoffm\u00e4use oder Spielangeln k\u00f6nnen viele verschiedene Reize anbieten.<\/p>\n<h3>Wie viel Bewegung braucht eine Katze am Tag?<\/h3>\n<p>Bewegung und Sport halten gesund und machen gl\u00fccklich. Das gilt auch f\u00fcr Katzen. Wie viel Bewegung eine Katze braucht, ist abh\u00e4ngig von ihrem Alter, der Gesundheit und dem Lebensstil. Um gesund und motiviert zu bleiben, k\u00f6nnen \u00fcber den Tag verteilt mehrere Spielpausen eingelegt werden. Das gilt vor allem auch f\u00fcr dicke Katzen. Eine allgemeine Formel, wie viel Bewegung am Tag angemessen ist, gibt es dabei nicht. Zieht sich die Katze zur\u00fcck, hat sie sich erst einmal ausgetobt.<\/p>\n","protected":false},"excerpt":{"rendered":"<p>Freig\u00e4ngerkatzen streifen oft Stunden durch ihr Revier oder verschwinden gar f\u00fcr Tage. W\u00e4hrenddessen halten sich reine Wohnungskatzen in einem viel kleineren Areal auf. Damit sie gesund bleiben und nicht \u00fcbergewichtig werden, sind gute Ideen der Katzenhalterinnen und Katzenhalter gefragt. Mit ein paar einfachen Ma\u00dfnahmen kannst du auch dicke Katzen und schnurrende Schmusekatzen mit eher gem\u00fctlichem [&hellip;]<\/p>\n","protected":false},"author":9,"featured_media":13552,"parent":11683,"menu_order":11,"comment_status":"closed","ping_status":"closed","template":"templates\/blog.php","meta":{"_acf_changed":false,"_crdt_document":"","footnotes":"","beyondwords_generate_audio":"0","beyondwords_project_id":"","beyondwords_content_id":"","beyondwords_preview_token":"","beyondwords_player_style":"","beyondwords_language_id":"","beyondwords_title_voice_id":"","beyondwords_body_voice_id":"","beyondwords_summary_voice_id":"","beyondwords_error_message":"","beyondwords_disabled":"","beyondwords_delete_content":"","beyondwords_podcast_id":"","beyondwords_hash":"","publish_post_to_speechkit":"","speechkit_hash":"","speechkit_generate_audio":"","speechkit_project_id":"","speechkit_podcast_id":"","speechkit_error_message":"","speechkit_disabled":"","speechkit_access_key":"","speechkit_error":"","speechkit_info":"","speechkit_response":"","speechkit_retries":"","speechkit_status":"","speechkit_updated_at":"","_speechkit_link":"","_speechkit_text":""},"class_list":["post-13545","page","type-page","status-publish","has-post-thumbnail","hentry"],"acf":[],"yoast_head":"<!-- This site is optimized with the Yoast SEO Premium plugin  - https:\/\/yoast.com\/product\/yoast-seo-premium-wordpress\/ -->\n<title>Wohnungskatzen besch\u00e4ftigen \u2013 so gelingt es | Uelzener<\/title>\n<meta name=\"description\" content=\"Die Wohnungskatze richtig besch\u00e4ftigen \u2714 Bewegung &amp; Spielen \u2714 Tipps f\u00fcr Besch\u00e4ftigungen in der Wohnung \u27a4 Hier mehr erfahren!\" \/>\n<meta name=\"robots\" content=\"index, follow, max-snippet:-1, max-image-preview:large, max-video-preview:-1\" \/>\n<link rel=\"canonical\" href=\"https:\/\/uelzener.de\/magazin\/katze\/haltung\/wohnungskatze-beschaeftigen\/\" \/>\n<meta property=\"og:locale\" content=\"de_DE\" \/>\n<meta property=\"og:type\" content=\"article\" \/>\n<meta property=\"og:title\" content=\"Wohnungskatze besch\u00e4ftigen: Tipps f\u00fcr den Alltag\" \/>\n<meta property=\"og:description\" content=\"Die Wohnungskatze richtig besch\u00e4ftigen \u2714 Bewegung &amp; Spielen \u2714 Tipps f\u00fcr Besch\u00e4ftigungen in der Wohnung \u27a4 Hier mehr erfahren!\" \/>\n<meta property=\"og:url\" content=\"https:\/\/uelzener.de\/magazin\/katze\/haltung\/wohnungskatze-beschaeftigen\/\" \/>\n<meta property=\"og:site_name\" content=\"Uelzener Tier-Magazin\" \/>\n<meta property=\"article:publisher\" content=\"https:\/\/www.facebook.com\/Uelzener\" \/>\n<meta property=\"article:modified_time\" content=\"2025-04-28T08:06:58+00:00\" \/>\n<meta property=\"og:image\" content=\"https:\/\/uelzener.de\/magazin\/app\/uploads\/2022\/07\/Header_Magazin_Wohnungskatze-beschaeftigen.jpg\" \/>\n\t<meta property=\"og:image:width\" content=\"1025\" \/>\n\t<meta property=\"og:image:height\" content=\"450\" \/>\n\t<meta property=\"og:image:type\" content=\"image\/jpeg\" \/>\n<meta name=\"twitter:card\" content=\"summary_large_image\" \/>\n<meta name=\"twitter:label1\" content=\"Gesch\u00e4tzte Lesezeit\" \/>\n\t<meta name=\"twitter:data1\" content=\"8\u00a0Minuten\" \/>\n<script type=\"application\/ld+json\" class=\"yoast-schema-graph\">{\"@context\":\"https:\/\/schema.org\",\"@graph\":[{\"@type\":\"WebPage\",\"@id\":\"https:\/\/uelzener.de\/magazin\/katze\/haltung\/wohnungskatze-beschaeftigen\/\",\"url\":\"https:\/\/uelzener.de\/magazin\/katze\/haltung\/wohnungskatze-beschaeftigen\/\",\"name\":\"Wohnungskatzen besch\u00e4ftigen \u2013 so gelingt es | Uelzener\",\"isPartOf\":{\"@id\":\"https:\/\/uelzener.de\/magazin\/#website\"},\"primaryImageOfPage\":{\"@id\":\"https:\/\/uelzener.de\/magazin\/katze\/haltung\/wohnungskatze-beschaeftigen\/#primaryimage\"},\"image\":{\"@id\":\"https:\/\/uelzener.de\/magazin\/katze\/haltung\/wohnungskatze-beschaeftigen\/#primaryimage\"},\"thumbnailUrl\":\"https:\/\/uelzener.de\/magazin\/app\/uploads\/2022\/07\/Header_Magazin_Wohnungskatze-beschaeftigen.jpg\",\"datePublished\":\"2024-01-21T23:40:38+00:00\",\"dateModified\":\"2025-04-28T08:06:58+00:00\",\"description\":\"Die Wohnungskatze richtig besch\u00e4ftigen \u2714 Bewegung & Spielen \u2714 Tipps f\u00fcr Besch\u00e4ftigungen in der Wohnung \u27a4 Hier mehr erfahren!\",\"breadcrumb\":{\"@id\":\"https:\/\/uelzener.de\/magazin\/katze\/haltung\/wohnungskatze-beschaeftigen\/#breadcrumb\"},\"inLanguage\":\"de\",\"potentialAction\":[{\"@type\":\"ReadAction\",\"target\":[\"https:\/\/uelzener.de\/magazin\/katze\/haltung\/wohnungskatze-beschaeftigen\/\"]}]},{\"@type\":\"ImageObject\",\"inLanguage\":\"de\",\"@id\":\"https:\/\/uelzener.de\/magazin\/katze\/haltung\/wohnungskatze-beschaeftigen\/#primaryimage\",\"url\":\"https:\/\/uelzener.de\/magazin\/app\/uploads\/2022\/07\/Header_Magazin_Wohnungskatze-beschaeftigen.jpg\",\"contentUrl\":\"https:\/\/uelzener.de\/magazin\/app\/uploads\/2022\/07\/Header_Magazin_Wohnungskatze-beschaeftigen.jpg\",\"width\":1025,\"height\":450,\"caption\":\"Katze springt in der Wohnung von Stuhl zu Stuhl, eine Wohnungskatze zu besch\u00e4ftigen ist nicht leicht.\"},{\"@type\":\"WebSite\",\"@id\":\"https:\/\/uelzener.de\/magazin\/#website\",\"url\":\"https:\/\/uelzener.de\/magazin\/\",\"name\":\"Uelzener Tiermagazin\",\"description\":\"Online Tierratgeber der Uelzener Versicherungen\",\"publisher\":{\"@id\":\"https:\/\/uelzener.de\/magazin\/#organization\"},\"potentialAction\":[{\"@type\":\"SearchAction\",\"target\":{\"@type\":\"EntryPoint\",\"urlTemplate\":\"https:\/\/uelzener.de\/magazin\/?s={search_term_string}\"},\"query-input\":{\"@type\":\"PropertyValueSpecification\",\"valueRequired\":true,\"valueName\":\"search_term_string\"}}],\"inLanguage\":\"de\"},{\"@type\":\"Organization\",\"@id\":\"https:\/\/uelzener.de\/magazin\/#organization\",\"name\":\"Uelzener Versicherungen\",\"url\":\"https:\/\/uelzener.de\/magazin\/\",\"logo\":{\"@type\":\"ImageObject\",\"inLanguage\":\"de\",\"@id\":\"https:\/\/uelzener.de\/magazin\/#\/schema\/logo\/image\/\",\"url\":\"https:\/\/uelzener.de\/magazin\/app\/uploads\/2024\/11\/uelzener_allgemeine_versicherungsgesellschaft_a_g_logo.jpg\",\"contentUrl\":\"https:\/\/uelzener.de\/magazin\/app\/uploads\/2024\/11\/uelzener_allgemeine_versicherungsgesellschaft_a_g_logo.jpg\",\"width\":200,\"height\":200,\"caption\":\"Uelzener Versicherungen\"},\"image\":{\"@id\":\"https:\/\/uelzener.de\/magazin\/#\/schema\/logo\/image\/\"},\"sameAs\":[\"https:\/\/www.facebook.com\/Uelzener\",\"https:\/\/instagram.com\/uelzener\",\"https:\/\/www.xing.com\/pages\/uelzenerallgemeineversicherungs-gesellschafta-g\",\"https:\/\/www.youtube.com\/UelzenerVersicherungen\"]}]}<\/script>\n<!-- \/ Yoast SEO Premium plugin. -->","yoast_head_json":{"title":"Wohnungskatzen besch\u00e4ftigen \u2013 so gelingt es | Uelzener","description":"Die Wohnungskatze richtig besch\u00e4ftigen \u2714 Bewegung & Spielen \u2714 Tipps f\u00fcr Besch\u00e4ftigungen in der Wohnung \u27a4 Hier mehr erfahren!","robots":{"index":"index","follow":"follow","max-snippet":"max-snippet:-1","max-image-preview":"max-image-preview:large","max-video-preview":"max-video-preview:-1"},"canonical":"https:\/\/uelzener.de\/magazin\/katze\/haltung\/wohnungskatze-beschaeftigen\/","og_locale":"de_DE","og_type":"article","og_title":"Wohnungskatze besch\u00e4ftigen: Tipps f\u00fcr den Alltag","og_description":"Die Wohnungskatze richtig besch\u00e4ftigen \u2714 Bewegung & Spielen \u2714 Tipps f\u00fcr Besch\u00e4ftigungen in der Wohnung \u27a4 Hier mehr erfahren!","og_url":"https:\/\/uelzener.de\/magazin\/katze\/haltung\/wohnungskatze-beschaeftigen\/","og_site_name":"Uelzener Tier-Magazin","article_publisher":"https:\/\/www.facebook.com\/Uelzener","article_modified_time":"2025-04-28T08:06:58+00:00","og_image":[{"width":1025,"height":450,"url":"https:\/\/uelzener.de\/magazin\/app\/uploads\/2022\/07\/Header_Magazin_Wohnungskatze-beschaeftigen.jpg","type":"image\/jpeg"}],"twitter_card":"summary_large_image","twitter_misc":{"Gesch\u00e4tzte Lesezeit":"8\u00a0Minuten"},"schema":{"@context":"https:\/\/schema.org","@graph":[{"@type":"WebPage","@id":"https:\/\/uelzener.de\/magazin\/katze\/haltung\/wohnungskatze-beschaeftigen\/","url":"https:\/\/uelzener.de\/magazin\/katze\/haltung\/wohnungskatze-beschaeftigen\/","name":"Wohnungskatzen besch\u00e4ftigen \u2013 so gelingt es | Uelzener","isPartOf":{"@id":"https:\/\/uelzener.de\/magazin\/#website"},"primaryImageOfPage":{"@id":"https:\/\/uelzener.de\/magazin\/katze\/haltung\/wohnungskatze-beschaeftigen\/#primaryimage"},"image":{"@id":"https:\/\/uelzener.de\/magazin\/katze\/haltung\/wohnungskatze-beschaeftigen\/#primaryimage"},"thumbnailUrl":"https:\/\/uelzener.de\/magazin\/app\/uploads\/2022\/07\/Header_Magazin_Wohnungskatze-beschaeftigen.jpg","datePublished":"2024-01-21T23:40:38+00:00","dateModified":"2025-04-28T08:06:58+00:00","description":"Die Wohnungskatze richtig besch\u00e4ftigen \u2714 Bewegung & Spielen \u2714 Tipps f\u00fcr Besch\u00e4ftigungen in der Wohnung \u27a4 Hier mehr erfahren!","breadcrumb":{"@id":"https:\/\/uelzener.de\/magazin\/katze\/haltung\/wohnungskatze-beschaeftigen\/#breadcrumb"},"inLanguage":"de","potentialAction":[{"@type":"ReadAction","target":["https:\/\/uelzener.de\/magazin\/katze\/haltung\/wohnungskatze-beschaeftigen\/"]}]},{"@type":"ImageObject","inLanguage":"de","@id":"https:\/\/uelzener.de\/magazin\/katze\/haltung\/wohnungskatze-beschaeftigen\/#primaryimage","url":"https:\/\/uelzener.de\/magazin\/app\/uploads\/2022\/07\/Header_Magazin_Wohnungskatze-beschaeftigen.jpg","contentUrl":"https:\/\/uelzener.de\/magazin\/app\/uploads\/2022\/07\/Header_Magazin_Wohnungskatze-beschaeftigen.jpg","width":1025,"height":450,"caption":"Katze springt in der Wohnung von Stuhl zu Stuhl, eine Wohnungskatze zu besch\u00e4ftigen ist nicht leicht."},{"@type":"WebSite","@id":"https:\/\/uelzener.de\/magazin\/#website","url":"https:\/\/uelzener.de\/magazin\/","name":"Uelzener Tiermagazin","description":"Online Tierratgeber der Uelzener Versicherungen","publisher":{"@id":"https:\/\/uelzener.de\/magazin\/#organization"},"potentialAction":[{"@type":"SearchAction","target":{"@type":"EntryPoint","urlTemplate":"https:\/\/uelzener.de\/magazin\/?s={search_term_string}"},"query-input":{"@type":"PropertyValueSpecification","valueRequired":true,"valueName":"search_term_string"}}],"inLanguage":"de"},{"@type":"Organization","@id":"https:\/\/uelzener.de\/magazin\/#organization","name":"Uelzener Versicherungen","url":"https:\/\/uelzener.de\/magazin\/","logo":{"@type":"ImageObject","inLanguage":"de","@id":"https:\/\/uelzener.de\/magazin\/#\/schema\/logo\/image\/","url":"https:\/\/uelzener.de\/magazin\/app\/uploads\/2024\/11\/uelzener_allgemeine_versicherungsgesellschaft_a_g_logo.jpg","contentUrl":"https:\/\/uelzener.de\/magazin\/app\/uploads\/2024\/11\/uelzener_allgemeine_versicherungsgesellschaft_a_g_logo.jpg","width":200,"height":200,"caption":"Uelzener Versicherungen"},"image":{"@id":"https:\/\/uelzener.de\/magazin\/#\/schema\/logo\/image\/"},"sameAs":["https:\/\/www.facebook.com\/Uelzener","https:\/\/instagram.com\/uelzener","https:\/\/www.xing.com\/pages\/uelzenerallgemeineversicherungs-gesellschafta-g","https:\/\/www.youtube.com\/UelzenerVersicherungen"]}]}},"_links":{"self":[{"href":"https:\/\/uelzener.de\/magazin\/wp-json\/wp\/v2\/pages\/13545","targetHints":{"allow":["GET"]}}],"collection":[{"href":"https:\/\/uelzener.de\/magazin\/wp-json\/wp\/v2\/pages"}],"about":[{"href":"https:\/\/uelzener.de\/magazin\/wp-json\/wp\/v2\/types\/page"}],"author":[{"embeddable":true,"href":"https:\/\/uelzener.de\/magazin\/wp-json\/wp\/v2\/users\/9"}],"replies":[{"embeddable":true,"href":"https:\/\/uelzener.de\/magazin\/wp-json\/wp\/v2\/comments?post=13545"}],"version-history":[{"count":23,"href":"https:\/\/uelzener.de\/magazin\/wp-json\/wp\/v2\/pages\/13545\/revisions"}],"predecessor-version":[{"id":18448,"href":"https:\/\/uelzener.de\/magazin\/wp-json\/wp\/v2\/pages\/13545\/revisions\/18448"}],"up":[{"embeddable":true,"href":"https:\/\/uelzener.de\/magazin\/wp-json\/wp\/v2\/pages\/11683"}],"wp:featuredmedia":[{"embeddable":true,"href":"https:\/\/uelzener.de\/magazin\/wp-json\/wp\/v2\/media\/13552"}],"wp:attachment":[{"href":"https:\/\/uelzener.de\/magazin\/wp-json\/wp\/v2\/media?parent=13545"}],"curies":[{"name":"wp","href":"https:\/\/api.w.org\/{rel}","templated":true}]}}