{"id":13542,"date":"2022-07-22T10:42:07","date_gmt":"2022-07-22T08:42:07","guid":{"rendered":"https:\/\/uelzener.de\/magazin\/?page_id=13542"},"modified":"2025-04-15T09:54:02","modified_gmt":"2025-04-15T07:54:02","slug":"verschmuste-katzenrassen","status":"publish","type":"page","link":"https:\/\/uelzener.de\/magazin\/katze\/haeufige-fragen\/verschmuste-katzenrassen\/","title":{"rendered":"Verschmuste Katzenrassen: Diese Stubentiger kuscheln gern"},"content":{"rendered":"<p>\u201eTypisch Katze!\u201c, denkt man, wenn sich der Stubentiger schnurrend anschmiegt. Das Wort \u201eSchmusekatze\u201c hat es sogar als Synonym f\u00fcr verkuschelte Menschen in den Sprachgebrauch geschafft. Aber was steckt dahinter \u2013 kuschelt wirklich jede Katze gern? Und welche Katzenrassen sind besonders verschmuste Exemplare? Das und noch viel mehr erf\u00e4hrst du hier.<\/p>\n<p>Ein langer und stressiger Arbeitstag ist vorbei, m\u00fchsam schleppt man sich zum Sofa. Dann kommt die Katze, schmiegt sich an und mit jedem Schnurren kehrt ein bisschen mehr Ruhe ein. Diese <a href=\"https:\/\/uelzener.de\/magazin\/katze\/haeufige-fragen\/schnurren-kuscheln-troesten-wie-katzen-uns-gluecklich-und-gesund-machen\/\"><strong>beruhigende Wirkung auf uns Menschen<\/strong><\/a> ist vielfach wissenschaftlich erforscht. Aber was hat die Katze davon? Kuschelt sie gern, weil sie wei\u00df, dass es ihren Menschen erfreut? Oder hat sie selbst einen angeborenen Drang, K\u00f6rperkontakt zu pflegen? Die Antwortet lautet: jein!<\/p>\n<h2><strong>Von der Wildkatze zur zahmen Hauskatze<\/strong><\/h2>\n<p>Die wildlebende Falbkatze gilt als urspr\u00fcngliche Form unserer heutigen Hauskatze. Da sie aus W\u00fcstenregionen mit geringem Futterangebot stammt, w\u00e4re jeder Artgenosse in ihrem Territorium ein Konkurrent. Daher streifen erwachsene Tiere als Einzelg\u00e4nger umher und verteidigen ihr Gebiet.<\/p>\n<p>Kuscheln kannten Wildkatzen urspr\u00fcnglich deshalb nur aus ihren <strong>Kindertagen<\/strong>. In dieser Zeit ist <strong>K\u00f6rperkontakt \u00fcberlebenswichtig<\/strong>: Neugeborene Kitten k\u00f6nnen ihre K\u00f6rpertemperatur erst nach einigen Wochen regulieren und ben\u00f6tigen daher die <strong>W\u00e4rme ihrer Mutter<\/strong> und Geschwister. Schmusen ist f\u00fcr sie eng verbunden mit dem Gef\u00fchl von Sicherheit, W\u00e4rme und Geborgenheit.<\/p>\n<p>Mit der zunehmenden N\u00e4he zu menschlichen Siedlungen und damit zu einem erh\u00f6hten Futterangebot kam es dazu, dass sich Falbkatzen teilweise zu Katzenkolonien zusammenschlossen. In diesen Gruppen kuschelten verwandte Fellnasen auch im Erwachsenenalter miteinander. Auch in heutigen <strong>Mehrkatzenhaushalten<\/strong> sind die Tiere in der Regel aus einem Wurf oder kennen sich zumindest seit ihrer Jugend. Fremde erwachsene Katzen werden meist nur dann im Familienkreis akzeptiert, wenn ihr Wesen und ihre Art mit den bereits vorhandenen Tieren <strong>harmonieren<\/strong>.<\/p>\n<h2><strong>Verschmuste Katzen wurden fr\u00fch sozialisiert<\/strong><\/h2>\n<p>Woran liegt es also, dass manche Hauskatzen keinen Sinn im Schmusen zu erkennen scheinen und andere am liebsten schnurrend auf dem K\u00f6rper ihres Menschen einschlafen? Ob die eigene Katze menschliche N\u00e4he und Ber\u00fchrungen mag, h\u00e4ngt auch von ihren<strong> fr\u00fchen Erfahrungen<\/strong> ab. Wenn ein Kitten schon in den<strong> ersten Wochen<\/strong> seines Lebens <strong>positive Erfahrungen mit Menschen<\/strong> sammelt, wird auch die erwachsene Katze ihren Halter:innen in der Regel offener gegen\u00fcberstehen. Hierf\u00fcr empfiehlt sich eine <strong>schrittweise Ann\u00e4herung<\/strong>:<\/p>\n<ul>\n<li><strong>Die ersten Lebenstage eines K\u00e4tzchens: <\/strong>Bei ersten Untersuchungen und beim regelm\u00e4\u00dfigen Wiegen lernt das Kitten menschliche Ber\u00fchrungen kennen.<\/li>\n<li><strong>Ab der zweiten Woche:<\/strong> Nun kann man den Kontakt etwas steigern. Mehrmals t\u00e4glich wird das Kitten f\u00fcr einige Minuten sanft an die Hand gew\u00f6hnt.<\/li>\n<li><strong>Bis zur siebten Lebenswoche:<\/strong> Mit der Zeit k\u00f6nnen Katzenfreund:innen die Ber\u00fchrung des Jungtiers auf insgesamt etwa eine Stunde am Tag ausweiten. Das K\u00e4tzchen sollte jedoch nie gestresst sein. Ihre Emotionen, egal ob positiver oder negativer Art, bestimmen bis zur siebten Woche zu einem Gro\u00dfteil, wie die Samtpfote Menschen in Zukunft betrachten wird.<\/li>\n<\/ul>\n<p>Auch <strong>\u00e4ltere Tiere<\/strong> k\u00f6nnen sich m\u00f6glicherweise noch<strong> sp\u00e4ter an den Kontakt mit Menschen gew\u00f6hnen<\/strong>. Dann braucht es allerdings vor allem eines: <strong>Geduld<\/strong>. Gerade scheue Tiere brauchen meist einige Zeit in der N\u00e4he eines Menschen, bis sie sich entschlie\u00dfen, Kontakt aufzunehmen. Die Entscheidung, dass auch Streicheln in Ordnung ist, geht immer von der Katze aus und wird mitunter sehr pl\u00f6tzlich gef\u00e4llt. Als Angebot f\u00fcr unaufdringlichen K\u00f6rperkontakt kann der Mensch die Hand beil\u00e4ufig so anbieten, dass die Katze sie im Vorbeigehen streifen kann. Schmiegt sie sich daraufhin an den Menschen und streckt sich der Hand entgegen, gilt das als Aufforderung zum Streicheln.<\/p>\n<p>Kommt die Katze durch einen sehr <strong>pl\u00f6tzlichen Sinneswandel<\/strong> zum Kuscheln, sollte man sie genau beobachten. M\u00f6glicherweise liegt der<strong> \u00fcberraschende N\u00e4hebedarf<\/strong> auch daran, dass es <strong>dem Tier nicht gut geht<\/strong>. Umgekehrt kann auch ein pl\u00f6tzlicher <strong>Verzicht auf Streicheln<\/strong> bedeuten, dass die Katze <strong>Schmerzen<\/strong> hat. Gibt es weitere Symptome, die f\u00fcr eine <strong>Krankheit<\/strong> sprechen, so ist sicherheitshalber <strong>tiermedizinische Hilfe<\/strong> angeraten.<\/p>\n<h2><strong>Welche Katzenrasse ist verschmust und ruhig?<\/strong><\/h2>\n<p>Durch den intensiveren Kontakt mit Menschen sind vor allem <a href=\"https:\/\/uelzener.de\/magazin\/katze\/haltung\/wohnungskatze-beschaeftigen\/\" target=\"_blank\" rel=\"noopener\"><strong>Wohnungskatzen<\/strong><\/a> in der Regel <strong>kuschelfreudig<\/strong>. Die<strong> enge Verbindung<\/strong> zu ihren Halter:innen bedeutet, dass verschmuste Katzen \u00fcblicherweise <strong>mehr Zeit<\/strong> einfordern. Damit das Wohlbefinden nicht leidet, sollte man sie <strong>nicht zu lange allein lassen<\/strong>. Das hei\u00dft aber nicht, dass Freig\u00e4nger nicht auch verschmust sein k\u00f6nnen \u2013 sie sind nur seltener da.<\/p>\n<p>Zudem gibt es <strong>Katzenrassen<\/strong>, die typischerweise besonders verschmust sind:<\/p>\n<ul>\n<li><a href=\"https:\/\/uelzener.de\/magazin\/katze\/rasseportrait\/balinesen\/\" target=\"_blank\" rel=\"noopener\"><strong>Balinesen<\/strong><\/a> gelten als aufgeweckte und neugierige Tiere. Insbesondere in Einzelhaltung sind sie meist sehr auf eine Person fixiert. Sie suchen die menschliche N\u00e4he f\u00fcr ausgiebige Kuscheleinheiten.<\/li>\n<li>Die <a href=\"https:\/\/uelzener.de\/magazin\/katze\/rasseportrait\/britisch-kurzhaar\/\"><strong>Britisch Kurzhaar<\/strong><\/a>\u00a0gilt gemeinhin als gem\u00fctlich, ruhig und gelassen. Zwar ist sie bei Fremden mitunter zur\u00fcckhaltend, zeigt sich aber besonders anh\u00e4nglich gegen\u00fcber vertrauten Personen.<\/li>\n<li><a href=\"https:\/\/uelzener.de\/magazin\/katze\/rasseportrait\/kartaeuser-katze\/\"><strong>Chartreux (Kart\u00e4user)<\/strong><\/a> ist eine Katzenrasse, die viel Energie aus gegenseitiger Zuneigung gewinnt. Der gute Umgang mit Kindern macht sie zu einer ausgezeichneten Familienkatze. Obwohl sie sehr menschenbezogen ist, m\u00f6chte sie auch ihren eigenen Willen durchsetzen.<\/li>\n<li>Die <a href=\"https:\/\/uelzener.de\/magazin\/katze\/rasseportrait\/heilige-birma\/\"><strong>Heilige Birma<\/strong><\/a> ist vor allem bei Kindern und \u00e4lteren Menschen durch ihre ruhige Art beliebt. Sie ist sehr gesellig und kuschelt entsprechend gerne, braucht diese Zuwendung allerdings auch in gro\u00dfem Umfang. Dieser Wohnungskatze sollte man viel Zeit widmen.<\/li>\n<li>Als gr\u00f6\u00dfte Hauskatze ist die <a href=\"https:\/\/uelzener.de\/magazin\/katze\/rasseportrait\/maine-coon\/\"><strong>Maine Coon<\/strong><\/a> mit ihrem dichten Fell ein zuverl\u00e4ssiges Kuscheltier. Die obligatorische Fellpflege kann mit Streicheleinheiten verbunden werden und macht menschlichen Kontakt zwingend notwendig. F\u00fchlt sie sich wohl, wird diese Katze das mit einem besonders markanten Schnurren zeigen.<\/li>\n<li>Sie gilt mitunter als entspannteste oder friedlichste aller Katzenarten: Die <strong>Perserkatze<\/strong> darf daher auf keinen Fall in dieser Liste fehlen. Wie die Maine Coon ben\u00f6tigt sie viel Fellpflege. Durch ihre starke Pr\u00e4gung auf Menschen geh\u00f6rt sie zu den verschmustesten Katzen.<\/li>\n<li><strong><a href=\"https:\/\/uelzener.de\/magazin\/katze\/rasseportrait\/siamkatze\/\">Siamkatzen<\/a> <\/strong>gelten als sehr extrovertierte Tiere, die viel Aufmerksamkeit brauchen und diese auch einfordern. Ihr hohes Kontaktbed\u00fcrfnis resultiert in vielen Streicheleinheiten. An der Siamkatze zeigt sich besonders gut, dass verschmuste Katzenrassen zwar meistens Wohnungskatzen sind, aber auch als Freig\u00e4nger gehalten werden k\u00f6nnen.<\/li>\n<li>Mit der <strong>Singapura <\/strong>gilt auch die kleinste Hauskatze als \u00e4u\u00dferst verschmust. Diese kleinen Miezen brauchen viel Gesellschaft und sollten daher idealerweise in Mehrkatzenhaushalten leben. Mit ihren Artgenossen und ihren Halter:innen gibt es dann viele m\u00f6gliche Kuschelpartner.<\/li>\n<\/ul>\n<p>Und wie ist es mit Gl\u00fcckskatzen? Sind sie besonders verschmust? Jetzt im Magazin-Artikel den Charakter von <a href=\"https:\/\/uelzener.de\/magazin\/katze\/rasseportrait\/glueckskatze-dreifarbig-schildpatt\/\">Gl\u00fcckskatzen<\/a> erfahren.<\/p>\n<h2><strong>Wunsch nach Streicheleinheiten ist individuell<\/strong><\/h2>\n<p>In den <strong>Rassestandards<\/strong> der verschiedenen Katzenarten ist ein<strong> typisches Aussehen<\/strong> sowie ein bestimmter <strong>Charakter<\/strong> samt Verhalten festgelegt. Diese Beschreibungen beziehen sich allerdings nur auf<strong> \u00fcber mehrere Generationen reinrassig gez\u00fcchtete Tiere<\/strong>. Bei Mischlingen kann es daher zu Abweichungen kommen. Gewissenhafte Z\u00fcchter:innen werden daher immer die Herkunft im Detail nachweisen k\u00f6nnen. Katzen im Tierheim sind hingegen zwar meist Mischlinge, es werden aber auch reinrassige Tiere aufgenommen.<\/p>\n<p>Dar\u00fcber hinaus tickt jedes Tier ein bisschen anders. Wie oft, wo und wie lange es gestreichelt werden m\u00f6chte, ist ganz <strong>individuell<\/strong> und kann auch <strong>tagesformabh\u00e4ngig<\/strong> sein. Eine Kuscheleinheit erfordert daher gerade zu Beginn die <strong>volle Aufmerksamkeit des Menschen<\/strong>, um die <strong>Signale<\/strong> des Stubentigers zu erkennen. Grunds\u00e4tzlich empfehlen sich <strong>mehrere kurze Streichelmomente<\/strong>, anstatt die Geduld des Tieres \u00fcberzustrapazieren. Da <strong>Vertrauen<\/strong> ein zentraler Bestandteil einer Mensch-Katzen-Beziehung ist, braucht es au\u00dferdem <strong>Geduld<\/strong> und ein liebevolles Einlassen auf sein Gegen\u00fcber.<\/p>\n<h2><strong>Kuscheln braucht Zeit<\/strong><\/h2>\n<p>Von der kleinen Singapura \u00fcber die Perserkatze bis zur gro\u00dfen Maine Coon sind einige Katzenrassen besonders verschmust. Wer gern mit seiner Katze kuscheln m\u00f6chte, sollte sich daher<strong> vor der Anschaffung genau informieren<\/strong>, ob die Rasse oder das individuelle Tier sich auf ausgiebige Streicheleinheiten einlassen k\u00f6nnte. Es gilt zudem daran zu denken, dass eine verschmuste Katze in der Regel auch mehr Zeit mit dieser T\u00e4tigkeit verbringen m\u00f6chte \u2013 vorzugsweise schnurrend gemeinsam mit ihrem Menschen auf dem Sofa.<\/p>\n<h2><strong>FAQ: H\u00e4ufig gestellte Fragen<\/strong><\/h2>\n<h3><strong>Sind Britisch Kurzhaar Katzen verschmust?<\/strong><\/h3>\n<p>Sie ist sehr menschenbezogen und m\u00f6chte auch von ihren Menschen beachtet werden. Ihr angenehmes Temperament macht sie zum idealen Zuwachs f\u00fcr Familien mit Kindern oder Hunden. Wird sie nicht beachtet, wird sie mit kr\u00e4ftiger Stimme das Recht auf Streicheleinheiten einfordern. Und anders herum: Wenn es mit dem kuscheln reicht, macht sie das ihrem Mensch genauso freundlich aber auch bestimmt klar.<\/p>\n<h3><strong>Welche Katzen sind verschmust?<\/strong><\/h3>\n<p>Manche Katzenhalter finden das selbstst\u00e4ndige und eigensinnige Wesen ihres Tieres interessant. Andere w\u00fcnschen sich eine anh\u00e4ngliche und kuschelbed\u00fcrftige Katze. Zu den verschmustesten Rassen geh\u00f6ren u. a. Maine Coon, Perser, Ragdoll, British Kurzhaar, Bengal, Singapura, Siam, Balinesen, Abessinier, \u00c4gyptische Mau.<\/p>\n<h3><strong>Welche Katzen sind sehr zutraulich?<\/strong><\/h3>\n<p>Manche Wohnungskatzen gehen offen und neugierig auf Menschen zu. Andere verstecken sich, sobald ein unbekannter Mensch in ihre N\u00e4he kommt. Als besonders zutraulich gelten u. a. : Burma-Katze, Balineser, British Kurzhaar, Savannah, Sibirische Katze, Snowshoe, Sphynx, T\u00fcrkisch Angora.<\/p>\n","protected":false},"excerpt":{"rendered":"<p>\u201eTypisch Katze!\u201c, denkt man, wenn sich der Stubentiger schnurrend anschmiegt. Das Wort \u201eSchmusekatze\u201c hat es sogar als Synonym f\u00fcr verkuschelte Menschen in den Sprachgebrauch geschafft. Aber was steckt dahinter \u2013 kuschelt wirklich jede Katze gern? Und welche Katzenrassen sind besonders verschmuste Exemplare? Das und noch viel mehr erf\u00e4hrst du hier. Ein langer und stressiger Arbeitstag [&hellip;]<\/p>\n","protected":false},"author":9,"featured_media":13554,"parent":11691,"menu_order":34,"comment_status":"closed","ping_status":"closed","template":"templates\/blog.php","meta":{"_acf_changed":false,"_crdt_document":"","footnotes":"","beyondwords_generate_audio":"0","beyondwords_project_id":"","beyondwords_content_id":"","beyondwords_preview_token":"","beyondwords_player_style":"","beyondwords_language_id":"","beyondwords_title_voice_id":"","beyondwords_body_voice_id":"","beyondwords_summary_voice_id":"","beyondwords_error_message":"","beyondwords_disabled":"","beyondwords_delete_content":"","beyondwords_podcast_id":"","beyondwords_hash":"","publish_post_to_speechkit":"","speechkit_hash":"","speechkit_generate_audio":"","speechkit_project_id":"","speechkit_podcast_id":"","speechkit_error_message":"","speechkit_disabled":"","speechkit_access_key":"","speechkit_error":"","speechkit_info":"","speechkit_response":"","speechkit_retries":"","speechkit_status":"","speechkit_updated_at":"","_speechkit_link":"","_speechkit_text":""},"class_list":["post-13542","page","type-page","status-publish","has-post-thumbnail","hentry"],"acf":[],"yoast_head":"<!-- This site is optimized with the Yoast SEO Premium plugin  - https:\/\/yoast.com\/product\/yoast-seo-premium-wordpress\/ -->\n<title>Verschmuste Katzenrassen - Kuschelkatzen | Uelzener<\/title>\n<meta name=\"description\" content=\"Das sind die besten Schmusetiger \u2714 verschmust &amp; ruhig \u2714 verschiedene Katzen zum schmusen \u27a4 Hier mehr erfahren!\" \/>\n<meta name=\"robots\" content=\"index, follow, max-snippet:-1, max-image-preview:large, max-video-preview:-1\" \/>\n<link rel=\"canonical\" href=\"https:\/\/uelzener.de\/magazin\/katze\/haeufige-fragen\/verschmuste-katzenrassen\/\" \/>\n<meta property=\"og:locale\" content=\"de_DE\" \/>\n<meta property=\"og:type\" content=\"article\" \/>\n<meta property=\"og:title\" content=\"Verschmuste Katzenrassen: Diese Stubentiger kuscheln gern\" \/>\n<meta property=\"og:description\" content=\"Das sind die besten Schmusetiger \u2714 verschmust &amp; ruhig \u2714 verschiedene Katzen zum schmusen \u27a4 Hier mehr erfahren!\" \/>\n<meta property=\"og:url\" content=\"https:\/\/uelzener.de\/magazin\/katze\/haeufige-fragen\/verschmuste-katzenrassen\/\" \/>\n<meta property=\"og:site_name\" content=\"Uelzener Tier-Magazin\" \/>\n<meta property=\"article:publisher\" content=\"https:\/\/www.facebook.com\/Uelzener\" \/>\n<meta property=\"article:modified_time\" content=\"2025-04-15T07:54:02+00:00\" \/>\n<meta property=\"og:image\" content=\"https:\/\/uelzener.de\/magazin\/app\/uploads\/2022\/07\/Header_Magazin_Verschmuste-Katzen.jpg\" \/>\n\t<meta property=\"og:image:width\" content=\"1025\" \/>\n\t<meta property=\"og:image:height\" content=\"450\" \/>\n\t<meta property=\"og:image:type\" content=\"image\/jpeg\" \/>\n<meta name=\"twitter:card\" content=\"summary_large_image\" \/>\n<meta name=\"twitter:label1\" content=\"Gesch\u00e4tzte Lesezeit\" \/>\n\t<meta name=\"twitter:data1\" content=\"8\u00a0Minuten\" \/>\n<script type=\"application\/ld+json\" class=\"yoast-schema-graph\">{\"@context\":\"https:\/\/schema.org\",\"@graph\":[{\"@type\":\"WebPage\",\"@id\":\"https:\/\/uelzener.de\/magazin\/katze\/haeufige-fragen\/verschmuste-katzenrassen\/\",\"url\":\"https:\/\/uelzener.de\/magazin\/katze\/haeufige-fragen\/verschmuste-katzenrassen\/\",\"name\":\"Verschmuste Katzenrassen - Kuschelkatzen | Uelzener\",\"isPartOf\":{\"@id\":\"https:\/\/uelzener.de\/magazin\/#website\"},\"primaryImageOfPage\":{\"@id\":\"https:\/\/uelzener.de\/magazin\/katze\/haeufige-fragen\/verschmuste-katzenrassen\/#primaryimage\"},\"image\":{\"@id\":\"https:\/\/uelzener.de\/magazin\/katze\/haeufige-fragen\/verschmuste-katzenrassen\/#primaryimage\"},\"thumbnailUrl\":\"https:\/\/uelzener.de\/magazin\/app\/uploads\/2022\/07\/Header_Magazin_Verschmuste-Katzen.jpg\",\"datePublished\":\"2022-07-22T08:42:07+00:00\",\"dateModified\":\"2025-04-15T07:54:02+00:00\",\"description\":\"Das sind die besten Schmusetiger \u2714 verschmust & ruhig \u2714 verschiedene Katzen zum schmusen \u27a4 Hier mehr erfahren!\",\"breadcrumb\":{\"@id\":\"https:\/\/uelzener.de\/magazin\/katze\/haeufige-fragen\/verschmuste-katzenrassen\/#breadcrumb\"},\"inLanguage\":\"de\",\"potentialAction\":[{\"@type\":\"ReadAction\",\"target\":[\"https:\/\/uelzener.de\/magazin\/katze\/haeufige-fragen\/verschmuste-katzenrassen\/\"]}]},{\"@type\":\"ImageObject\",\"inLanguage\":\"de\",\"@id\":\"https:\/\/uelzener.de\/magazin\/katze\/haeufige-fragen\/verschmuste-katzenrassen\/#primaryimage\",\"url\":\"https:\/\/uelzener.de\/magazin\/app\/uploads\/2022\/07\/Header_Magazin_Verschmuste-Katzen.jpg\",\"contentUrl\":\"https:\/\/uelzener.de\/magazin\/app\/uploads\/2022\/07\/Header_Magazin_Verschmuste-Katzen.jpg\",\"width\":1025,\"height\":450,\"caption\":\"Katze schmust mit Besitzer in Wohnung vor der Couch. Jede Katzenrasse ist unterschiedlich was das schmusen angeht.\"},{\"@type\":\"WebSite\",\"@id\":\"https:\/\/uelzener.de\/magazin\/#website\",\"url\":\"https:\/\/uelzener.de\/magazin\/\",\"name\":\"Uelzener Tiermagazin\",\"description\":\"Online Tierratgeber der Uelzener Versicherungen\",\"publisher\":{\"@id\":\"https:\/\/uelzener.de\/magazin\/#organization\"},\"potentialAction\":[{\"@type\":\"SearchAction\",\"target\":{\"@type\":\"EntryPoint\",\"urlTemplate\":\"https:\/\/uelzener.de\/magazin\/?s={search_term_string}\"},\"query-input\":{\"@type\":\"PropertyValueSpecification\",\"valueRequired\":true,\"valueName\":\"search_term_string\"}}],\"inLanguage\":\"de\"},{\"@type\":\"Organization\",\"@id\":\"https:\/\/uelzener.de\/magazin\/#organization\",\"name\":\"Uelzener Versicherungen\",\"url\":\"https:\/\/uelzener.de\/magazin\/\",\"logo\":{\"@type\":\"ImageObject\",\"inLanguage\":\"de\",\"@id\":\"https:\/\/uelzener.de\/magazin\/#\/schema\/logo\/image\/\",\"url\":\"https:\/\/uelzener.de\/magazin\/app\/uploads\/2024\/11\/uelzener_allgemeine_versicherungsgesellschaft_a_g_logo.jpg\",\"contentUrl\":\"https:\/\/uelzener.de\/magazin\/app\/uploads\/2024\/11\/uelzener_allgemeine_versicherungsgesellschaft_a_g_logo.jpg\",\"width\":200,\"height\":200,\"caption\":\"Uelzener Versicherungen\"},\"image\":{\"@id\":\"https:\/\/uelzener.de\/magazin\/#\/schema\/logo\/image\/\"},\"sameAs\":[\"https:\/\/www.facebook.com\/Uelzener\",\"https:\/\/instagram.com\/uelzener\",\"https:\/\/www.xing.com\/pages\/uelzenerallgemeineversicherungs-gesellschafta-g\",\"https:\/\/www.youtube.com\/UelzenerVersicherungen\"]}]}<\/script>\n<!-- \/ Yoast SEO Premium plugin. -->","yoast_head_json":{"title":"Verschmuste Katzenrassen - Kuschelkatzen | Uelzener","description":"Das sind die besten Schmusetiger \u2714 verschmust & ruhig \u2714 verschiedene Katzen zum schmusen \u27a4 Hier mehr erfahren!","robots":{"index":"index","follow":"follow","max-snippet":"max-snippet:-1","max-image-preview":"max-image-preview:large","max-video-preview":"max-video-preview:-1"},"canonical":"https:\/\/uelzener.de\/magazin\/katze\/haeufige-fragen\/verschmuste-katzenrassen\/","og_locale":"de_DE","og_type":"article","og_title":"Verschmuste Katzenrassen: Diese Stubentiger kuscheln gern","og_description":"Das sind die besten Schmusetiger \u2714 verschmust & ruhig \u2714 verschiedene Katzen zum schmusen \u27a4 Hier mehr erfahren!","og_url":"https:\/\/uelzener.de\/magazin\/katze\/haeufige-fragen\/verschmuste-katzenrassen\/","og_site_name":"Uelzener Tier-Magazin","article_publisher":"https:\/\/www.facebook.com\/Uelzener","article_modified_time":"2025-04-15T07:54:02+00:00","og_image":[{"width":1025,"height":450,"url":"https:\/\/uelzener.de\/magazin\/app\/uploads\/2022\/07\/Header_Magazin_Verschmuste-Katzen.jpg","type":"image\/jpeg"}],"twitter_card":"summary_large_image","twitter_misc":{"Gesch\u00e4tzte Lesezeit":"8\u00a0Minuten"},"schema":{"@context":"https:\/\/schema.org","@graph":[{"@type":"WebPage","@id":"https:\/\/uelzener.de\/magazin\/katze\/haeufige-fragen\/verschmuste-katzenrassen\/","url":"https:\/\/uelzener.de\/magazin\/katze\/haeufige-fragen\/verschmuste-katzenrassen\/","name":"Verschmuste Katzenrassen - Kuschelkatzen | Uelzener","isPartOf":{"@id":"https:\/\/uelzener.de\/magazin\/#website"},"primaryImageOfPage":{"@id":"https:\/\/uelzener.de\/magazin\/katze\/haeufige-fragen\/verschmuste-katzenrassen\/#primaryimage"},"image":{"@id":"https:\/\/uelzener.de\/magazin\/katze\/haeufige-fragen\/verschmuste-katzenrassen\/#primaryimage"},"thumbnailUrl":"https:\/\/uelzener.de\/magazin\/app\/uploads\/2022\/07\/Header_Magazin_Verschmuste-Katzen.jpg","datePublished":"2022-07-22T08:42:07+00:00","dateModified":"2025-04-15T07:54:02+00:00","description":"Das sind die besten Schmusetiger \u2714 verschmust & ruhig \u2714 verschiedene Katzen zum schmusen \u27a4 Hier mehr erfahren!","breadcrumb":{"@id":"https:\/\/uelzener.de\/magazin\/katze\/haeufige-fragen\/verschmuste-katzenrassen\/#breadcrumb"},"inLanguage":"de","potentialAction":[{"@type":"ReadAction","target":["https:\/\/uelzener.de\/magazin\/katze\/haeufige-fragen\/verschmuste-katzenrassen\/"]}]},{"@type":"ImageObject","inLanguage":"de","@id":"https:\/\/uelzener.de\/magazin\/katze\/haeufige-fragen\/verschmuste-katzenrassen\/#primaryimage","url":"https:\/\/uelzener.de\/magazin\/app\/uploads\/2022\/07\/Header_Magazin_Verschmuste-Katzen.jpg","contentUrl":"https:\/\/uelzener.de\/magazin\/app\/uploads\/2022\/07\/Header_Magazin_Verschmuste-Katzen.jpg","width":1025,"height":450,"caption":"Katze schmust mit Besitzer in Wohnung vor der Couch. Jede Katzenrasse ist unterschiedlich was das schmusen angeht."},{"@type":"WebSite","@id":"https:\/\/uelzener.de\/magazin\/#website","url":"https:\/\/uelzener.de\/magazin\/","name":"Uelzener Tiermagazin","description":"Online Tierratgeber der Uelzener Versicherungen","publisher":{"@id":"https:\/\/uelzener.de\/magazin\/#organization"},"potentialAction":[{"@type":"SearchAction","target":{"@type":"EntryPoint","urlTemplate":"https:\/\/uelzener.de\/magazin\/?s={search_term_string}"},"query-input":{"@type":"PropertyValueSpecification","valueRequired":true,"valueName":"search_term_string"}}],"inLanguage":"de"},{"@type":"Organization","@id":"https:\/\/uelzener.de\/magazin\/#organization","name":"Uelzener Versicherungen","url":"https:\/\/uelzener.de\/magazin\/","logo":{"@type":"ImageObject","inLanguage":"de","@id":"https:\/\/uelzener.de\/magazin\/#\/schema\/logo\/image\/","url":"https:\/\/uelzener.de\/magazin\/app\/uploads\/2024\/11\/uelzener_allgemeine_versicherungsgesellschaft_a_g_logo.jpg","contentUrl":"https:\/\/uelzener.de\/magazin\/app\/uploads\/2024\/11\/uelzener_allgemeine_versicherungsgesellschaft_a_g_logo.jpg","width":200,"height":200,"caption":"Uelzener Versicherungen"},"image":{"@id":"https:\/\/uelzener.de\/magazin\/#\/schema\/logo\/image\/"},"sameAs":["https:\/\/www.facebook.com\/Uelzener","https:\/\/instagram.com\/uelzener","https:\/\/www.xing.com\/pages\/uelzenerallgemeineversicherungs-gesellschafta-g","https:\/\/www.youtube.com\/UelzenerVersicherungen"]}]}},"_links":{"self":[{"href":"https:\/\/uelzener.de\/magazin\/wp-json\/wp\/v2\/pages\/13542","targetHints":{"allow":["GET"]}}],"collection":[{"href":"https:\/\/uelzener.de\/magazin\/wp-json\/wp\/v2\/pages"}],"about":[{"href":"https:\/\/uelzener.de\/magazin\/wp-json\/wp\/v2\/types\/page"}],"author":[{"embeddable":true,"href":"https:\/\/uelzener.de\/magazin\/wp-json\/wp\/v2\/users\/9"}],"replies":[{"embeddable":true,"href":"https:\/\/uelzener.de\/magazin\/wp-json\/wp\/v2\/comments?post=13542"}],"version-history":[{"count":9,"href":"https:\/\/uelzener.de\/magazin\/wp-json\/wp\/v2\/pages\/13542\/revisions"}],"predecessor-version":[{"id":18404,"href":"https:\/\/uelzener.de\/magazin\/wp-json\/wp\/v2\/pages\/13542\/revisions\/18404"}],"up":[{"embeddable":true,"href":"https:\/\/uelzener.de\/magazin\/wp-json\/wp\/v2\/pages\/11691"}],"wp:featuredmedia":[{"embeddable":true,"href":"https:\/\/uelzener.de\/magazin\/wp-json\/wp\/v2\/media\/13554"}],"wp:attachment":[{"href":"https:\/\/uelzener.de\/magazin\/wp-json\/wp\/v2\/media?parent=13542"}],"curies":[{"name":"wp","href":"https:\/\/api.w.org\/{rel}","templated":true}]}}