{"id":13521,"date":"2022-07-14T14:40:32","date_gmt":"2022-07-14T12:40:32","guid":{"rendered":"https:\/\/uelzener.de\/magazin\/?page_id=13521"},"modified":"2025-06-26T08:44:29","modified_gmt":"2025-06-26T06:44:29","slug":"pferd-hitzschlag-vermeiden","status":"publish","type":"page","link":"https:\/\/uelzener.de\/magazin\/pferd\/tipps-fuer-den-alltag\/pferd-hitzschlag-vermeiden\/","title":{"rendered":"Pferd bei Hitze: Hitzschlag vermeiden"},"content":{"rendered":"<p class=\"ai-optimize-introduction ai-optimize-6\">Strahlende Sonne, ein wolkenloser Himmel: Viele Reiter:innen freuen sich \u00fcber das Sommerwetter. So manchem Pferd geht es allerdings anders \u2013 viele bevorzugen Temperaturen zwischen f\u00fcnf und 15 Grad Celsius. Pferdefreund:innen sollten deshalb pr\u00e4ventiv handeln, um eine \u00dcberhitzung oder gar einen Hitzschlag bei ihrem Sch\u00fctzling zu vermeiden.<\/p>\n<p class=\"ai-optimize-7\">Pferde machen es instinktiv richtig: Bei hohen Temperaturen suchen sie sich ein schattiges Pl\u00e4tzchen, um der direkten Sonneneinstrahlung zu entgehen. Gleichzeitig ruhen sie in den hei\u00dfesten Stunden des Tages, um ihren Organismus nicht zu \u00fcberanspruchen. Auf der heimischen Weide und im Stall sollten deshalb immer <strong>gen\u00fcgend Schattenspender und Wasserquellen f\u00fcr alle Herdenmitglieder<\/strong> vorhanden sein.<\/p>\n<p class=\"ai-optimize-8\">Im Sommer ist allerdings auch die <strong>Hochsaison f\u00fcr Turniere oder Urlaubsreisen<\/strong> mit dem Pferd. Unterwegs ist es oft nicht so einfach, ideale Bedingungen bei hohen Temperaturen zu schaffen. Denn Pferdeh\u00e4nger heizen sich bei direkter Sonneneinstrahlung besonders schnell auf. Auch hohe Belastungen beim Reiten k\u00f6nnen empfindlichen Pferden zu viel werden.<\/p>\n<h2 class=\"ai-optimize-9\"><strong>Wohlf\u00fchltemperatur von Pferden ist individuell<\/strong><\/h2>\n<p class=\"ai-optimize-10\">Die Wohlf\u00fchltemperatur von Pferden unterscheidet sich je nach Alter, Rasse und Gesundheitszustand.<strong> Bei sehr jungen, alten und kr\u00e4nkelnden Tieren ist bei Hitze prinzipiell Vorsicht angesagt, grunds\u00e4tzlich kann die W\u00e4rme aber jedem Tier zu viel werden.<\/strong> Ein Hitzschlag droht zum Gl\u00fcck nicht aus heiterem Himmel, sondern k\u00fcndigt sich immer schon im Vorfeld anhand verschiedener Symptome an. Um rechtzeitig reagieren zu k\u00f6nnen, ist es daher wichtig, dass man das eigene Pferd genau beobachtet.<\/p>\n<h2 class=\"ai-optimize-11\"><strong>Das eigene Pferd kennenlernen<\/strong><\/h2>\n<p class=\"ai-optimize-12\">Eine drohende \u00dcberhitzung ist bei Pferden besonders an der<strong> K\u00f6rpertemperatur, dem Puls und der Atmung<\/strong> zu beobachten. Da die jeweiligen Werte von Tier zu Tier schwanken, ist es wichtig zu wissen, wie das eigene Pferd im Ruhezustand bei normalen Temperaturen tickt.<\/p>\n<p class=\"ai-optimize-13\">Die <strong>K\u00f6rpertemperatur<\/strong> von Pferden liegt im <strong>Normalfall<\/strong> zwischen <strong>37 und 38 Grad Celsius<\/strong>. Bei Belastung kann diese Temperatur auf 39, bei starker Anstrengung sogar kurzzeitig auf 40 Grad ansteigen. Im Ruhezustand entsprechen diese Werte leichtem und normalem Fieber. <strong>Hohes Fieber<\/strong> kann hingegen <strong>42 Grad<\/strong> erreichen \u2013 jenseits dieser Grenze wird es dann kritisch. Um die<strong> individuelle Normaltemperatur<\/strong> eines einzelnen Pferdes zu <strong>ermitteln<\/strong>, sollte diese <strong>regelm\u00e4\u00dfig im Ruhezustand gemessen<\/strong> werden. Bei Hitze und Anstrengung kann dann schnell reagiert werden, wenn die Werte zu stark steigen.<\/p>\n<p class=\"ai-optimize-14\">Ebenso wie Menschen regulieren Pferde ihre Temperatur \u00fcber <strong>Schwitzen<\/strong>. Voraussetzung ist aber, dass der Schwei\u00df verdampfen kann. Herrscht hohe Luftfeuchtigkeit oder die Bel\u00fcftung ist schlecht, wird dieser nat\u00fcrliche Vorgang behindert. Es droht ein Hitzschlag.<\/p>\n<p class=\"ai-optimize-15\">Auch die <strong>Atemfrequenz ist individuell<\/strong> unterschiedlich. In der Regel machen die Tiere <strong>acht bis 16 Atemz\u00fcge pro Minute<\/strong>, wenn sie entspannt sind. Wenn man schr\u00e4g von hinten auf das Pferd schaut, lassen sich die einzelnen Atemz\u00fcge an der Seite des Pferdes gut beobachten. Sind sie mit dem blo\u00dfen Auge nicht gut zu erkennen, hilft ein Stethoskop.<\/p>\n<p class=\"ai-optimize-16\">Der <strong>Ruhepuls<\/strong> liegt zwischen <strong>24 und 48 Schl\u00e4gen in einer Minute<\/strong>. Gemessen wird dieser wahlweise an der Arterie am Unterkieferrand, in der Herzregion auf der linken Pferdeseite oder an den Fesseln. Auch hier k\u00f6nnen Stethoskop oder spezielle Pulsmessger\u00e4te f\u00fcr Pferde unterst\u00fctzen.<\/p>\n<p class=\"ai-optimize-17\">Wer diese drei Werte im Normalzustand f\u00fcr sein Pferd kennt, kann <strong>bei Hitze regelm\u00e4\u00dfig \u00fcberpr\u00fcfen<\/strong>, ob bei dem Tier alles in Ordnung ist. Sp\u00e4testens 30 Minuten nach einer h\u00f6heren Belastung sollten die Werte aus dem Ruhezustand wieder erreicht werden.<\/p>\n<h2 class=\"ai-optimize-18\"><strong>Symptome eines Hitzschlags beim Pferd erkennen<\/strong><\/h2>\n<p class=\"ai-optimize-19\">Zus\u00e4tzlich zu den drei messbaren Werten K\u00f6rpertemperatur, Atemz\u00fcge und Pulsschlag liefert ein Pferd auch <strong>optisch Hinweise<\/strong> auf eine drohende \u00dcberhitzung. Bei Belastung kann ein Pferd 30 bis 40 Liter Wasser ausschwitzen. Werden Trense und Satteldecke nass und das Fell des Pferdes f\u00e4rbt sich dunkel vom Schwei\u00df, ist dies ein Zeichen, dass die Feuchtigkeit nicht ausreichend schnell verdunsten kann. Das Pferd hat jetzt besonders bei hohen Temperaturen dringend eine <a href=\"https:\/\/uelzener.de\/magazin\/pferd\/erziehung-und-training\/pferdetraining-wann-und-wie-pausen-machen\/\">Pause<\/a> und Abk\u00fchlung n\u00f6tig.<\/p>\n<p class=\"ai-optimize-20\">Neben einem Hitzestau ist auch <strong>Wassermangel<\/strong> ein Risiko im Sommer und kann dazu f\u00fchren, dass ein Pferd austrocknet. Eine Dehydrierung l\u00e4sst sich mit einem <strong>Hautfaltentest \u00fcberpr\u00fcfen<\/strong>: Wenn man mit den Fingern eine Hautfalte im Nackenbereich bildet und diese sich erst nach drei bis vier Sekunden wieder gl\u00e4ttet, fehlt dem Pferd Fl\u00fcssigkeit.<\/p>\n<p class=\"ai-optimize-21\">Droht dem Pferd ein <strong>Hitzschlag<\/strong>, kann sich das in folgenden <strong>Symptomen<\/strong> \u00e4u\u00dfern:<\/p>\n<ul>\n<li class=\"ai-optimize-22\">erh\u00f6hte K\u00f6rpertemperatur,<\/li>\n<li class=\"ai-optimize-23\">dauerhaft schnellere Atmung und beschleunigter Puls,<\/li>\n<li class=\"ai-optimize-24\">starker Schwei\u00dfausbruch,<\/li>\n<li class=\"ai-optimize-25\">dunkel verf\u00e4rbte Schleimh\u00e4ute,<\/li>\n<li class=\"ai-optimize-26\">Dehydration (festzustellen durch den Hautfaltentest),<\/li>\n<li class=\"ai-optimize-27\">wahrnehmbarer Leistungsabfall und langsame Erholung,<\/li>\n<li class=\"ai-optimize-28\">zunehmende Apathie,<\/li>\n<li class=\"ai-optimize-29\">taumelnder Gang bis hin zum Stolpern und St\u00fcrzen,<\/li>\n<li class=\"ai-optimize-30\">Verdauungsprobleme und Durchfall.<\/li>\n<\/ul>\n<h2 class=\"ai-optimize-31\"><strong>Erste-Hilfe-Ma\u00dfnahmen zum Abk\u00fchlen bei Hitzschlag<\/strong><\/h2>\n<ol>\n<li class=\"ai-optimize-32\">Kommt es beim Pferd zum Hitzschlag, ist sofort ein <strong>Tierarzt oder eine Tier\u00e4rztin zu verst\u00e4ndigen<\/strong>. Bis die helfende Person eintrifft, sollten unbedingt einige Erste-Hilfe-Ma\u00dfnahmen beim Tier erfolgen. Was dabei genau zu tun ist, h\u00e4ngt vom Zustand des Pferdes ab.<\/li>\n<li class=\"ai-optimize-33\">Wirkt es nur apathisch, kann sich aber noch bewegen, sollte es <strong>sofort in den Schatten oder einen k\u00fchlen Stall<\/strong> gef\u00fchrt werden. Immer wieder kann in kleinen Mengen temperiertes (kein eiskaltes!) Wasser angeboten werden. Es hilft, wenn das Pferd Gras fressen kann. Darin sind neben Wasser auch Mineralien und Zucker enthalten.<\/li>\n<li class=\"ai-optimize-34\">Steht das Pferd noch, l\u00e4sst sich aber nicht mehr zum Laufen animieren, sollte an diesem Ort ein <strong>Schattenspender aufgebaut werden<\/strong>. In einem H\u00e4nger oder Stall sollte zudem eine <strong>gute Luftzirkulation<\/strong> erm\u00f6glicht werden. Um das Pferd abzuk\u00fchlen, kann es vorsichtig mit einem <strong>Schwamm<\/strong> oder einem <strong>Handtuch<\/strong> mit lauwarmem Wasser <strong>abgewaschen<\/strong> werden. Damit kein Hitzestau entsteht, ist das Wasser mit einem <strong>Schwei\u00dfmesser abzuwischen<\/strong>.<\/li>\n<li class=\"ai-optimize-35\">Bricht das Pferd sogar zusammen oder legt sich freiwillig auf den Boden, ist ein Sonnenschutz essenziell. Das Pferd sollte aber nicht abgedeckt werden. <strong>K\u00fchlende T\u00fccher<\/strong> k\u00f6nnen auf<strong> Kopf und Nacken<\/strong> gelegt und um die Fesseln gewickelt werden, wenn es das Pferd zul\u00e4sst. Diese sollten in <strong>kurzen Abst\u00e4nden gewechselt<\/strong> werden. In diesem Zustand darf das Tier allerdings nicht mehr gef\u00fcttert oder getr\u00e4nkt werden: Der Schluckreflex kann gest\u00f6rt sein. Tier\u00e4rzt:innen k\u00f6nnen die Fl\u00fcssigkeitszufuhr \u00fcber einen Tropf gew\u00e4hrleisten.<\/li>\n<li class=\"ai-optimize-36\">Um in einer solchen Situation einen k\u00fchlen Kopf bewahren zu k\u00f6nnen, sollten Pferdehalter:innen regelm\u00e4\u00dfig <strong>Erste-Hilfe-Kurse besuchen<\/strong>. Neben den Ma\u00dfnahmen bei \u00dcberhitzung werden diese beispielsweise auch f\u00fcr <strong><a href=\"https:\/\/uelzener.de\/magazin\/pferd\/tipps-fuer-den-alltag\/reitunfall-erste-hilfe\/\">Erste-Hilfe-Ma\u00dfnahmen bei einem Reitunfall<\/a><\/strong> angeboten.<\/li>\n<\/ol>\n<h2 class=\"ai-optimize-37\"><strong>Dem Hitzschlag beim Pferd vorbeugen<\/strong><\/h2>\n<p class=\"ai-optimize-38\">Die hilfreichste Ma\u00dfnahme gegen einen Hitzschlag ist die <strong>Pr\u00e4vention<\/strong>: Es sollte also gar nicht erst so weit kommen, dass das Pferd medizinische Hilfe braucht. <strong>Schattenspendende Ma\u00dfnahmen<\/strong> und ein <strong>genaues Beobachten<\/strong>, wann einem Pferd die W\u00e4rme zu viel wird, k\u00f6nnen einem Tierarztbesuch vorbeugen. Wird dennoch tiermedizinische Hilfe ben\u00f6tigt, kann es schnell teuer werden. Wer eine <strong>Tierkrankenversicherung<\/strong> abgeschlossen hat, ist auf der sicheren Seite.<\/p>\n<p class=\"ai-optimize-39\">\n<div class=\"banner\">\n    <a href=\"https:\/\/uelzener.de\/pferd\/herden-versicherung\/?agt=0000104925&sem=true&utm_medium=magazin&utm_source=wordpress&utm_campaign=pferd_kv&utm_content=banner    \">\n        <img decoding=\"async\" width=\"300\" height=\"212\" src=\"https:\/\/uelzener.de\/magazin\/app\/uploads\/2025\/01\/Pferde-Kranken-Versicherung.jpg\" class=\"attachment-medium size-medium\" alt=\"Banner Pferde-Kranken-Versicherung\" \/>    <\/a>\n<\/div>\n<\/p>\n<p class=\"ai-optimize-40\"><a href=\"https:\/\/uelzener.de\/magazin\/pferd\/erziehung-und-training\/medical-training-bei-pferden\/\" target=\"_blank\" rel=\"noopener\"><strong>Medical Training<\/strong><\/a> ist ebenfalls sehr sinnvoll, um ein Pferd im Falle von Kreislaufproblemen und \u00dcberhitzung gut behandeln zu k\u00f6nnen. Empfohlen ist etwa ein Training, bei dem das Pferd lernt, mit allen vier Hufen ruhig in Wassereimern zu stehen. Hilfreich kann auch sein, wenn das Tier an k\u00fchle T\u00fccher auf Kopf und Nacken gew\u00f6hnt ist.<\/p>\n<p class=\"ai-optimize-41\">Da die <strong>Hitze im Pferdeanh\u00e4nger<\/strong> besonders schnell ansteigt, sollte zudem darauf geachtet werden, dass das Pferd nicht durch schwere Transport-Gamaschen unn\u00f6tig erhitzt wird. Ebenso sind die k\u00fchlen <strong>Morgen- und Abendstunden<\/strong> deutlich besser f\u00fcr eine Fahrt geeignet als die Mittagshitze. Im Stillstand sollten daher alle Fenster und T\u00fcren ge\u00f6ffnet werden, um die Luft zirkulieren zu lassen. Au\u00dferdem empfiehlt es sich, den H\u00e4nger <strong>im Schatten zu parken<\/strong> oder mit einem <strong>Sonnensegel<\/strong> selbst f\u00fcr Schutz zu sorgen. Auch eine <strong>nasse Decke<\/strong> auf dem <strong>Anh\u00e4ngerdach<\/strong> kann helfen.<\/p>\n<h2 class=\"ai-optimize-42\"><strong>Schattig durch den Sommer<\/strong><\/h2>\n<p class=\"ai-optimize-43\">Der Sommer ist f\u00fcr viele Menschen die sch\u00f6nste Jahreszeit, weil es lange hell und meistens warm ist. Pferden wird es allerdings h\u00e4ufig zu hei\u00df \u2013 vor allem, wenn sie nicht ihren nat\u00fcrlichen Bed\u00fcrfnissen bei Hitze nachgehen k\u00f6nnen: <strong>Schatten aufsuchen und ruhen<\/strong>. Das hilft auch Tieren, die im Sommer zu einem <a href=\"https:\/\/uelzener.de\/magazin\/pferd\/tiergesundheit\/sommerekzem-pferd\/\"><strong>Ekzem<\/strong><\/a>\u00a0neigen und zum Schutz eingedeckt sind. Pferdehalter:innen sollten daher mit einigen einfachen Vorsichtsma\u00dfnahmen ihr M\u00f6glichstes tun, um ihr geliebtes Tier vor \u00dcberhitzung zu sch\u00fctzen und bei der Abk\u00fchlung zu helfen.<\/p>\n<h2 class=\"ai-optimize-44\"><strong>FAQ: H\u00e4ufig gestellte Fragen<\/strong><\/h2>\n<h3 class=\"ai-optimize-45\"><strong>Reiten im Sommer \u2013 Wie sch\u00fctze ich mein Pferd vor Hitze?<\/strong><\/h3>\n<p class=\"ai-optimize-46\">Pferde machen es instinktiv richtig: Bei hohen Temperaturen suchen sie sich ein schattiges Pl\u00e4tzchen, um der direkten Sonneneinstrahlung zu entgehen. Gleichzeitig ruhen sie in den hei\u00dfesten Stunden des Tages, um ihren Organismus nicht zu \u00fcberanspruchen. Auf der heimischen Weide und im Stall sollten deshalb immer gen\u00fcgend Schattenspender und Wasserquellen f\u00fcr alle Herdenmitglieder vorhanden sein.<\/p>\n<h3 class=\"ai-optimize-47\"><strong>Kann Hitze gef\u00e4hrlich f\u00fcr mein Pferd werden?<\/strong><\/h3>\n<p class=\"ai-optimize-48\">Neben einem Hitzestau ist auch Wassermangel ein Risiko im Sommer und kann dazu f\u00fchren, dass ein Pferd austrocknet. Kommt es beim Pferd zum Hitzschlag, ist sofort ein Tierarzt oder eine Tier\u00e4rztin zu verst\u00e4ndigen. Bis die helfende Person eintrifft, sollten unbedingt einige Erste-Hilfe-Ma\u00dfnahmen beim Tier erfolgen.<\/p>\n<h3 class=\"ai-optimize-49\"><strong>Kann mein Pferd einen Hitzschlag bekommen? <\/strong><\/h3>\n<p class=\"ai-optimize-50\">Die hilfreichste Ma\u00dfnahme gegen einen Hitzschlag ist die Pr\u00e4vention: Es sollte also gar nicht erst soweit kommen, dass das Pferd medizinische Hilfe braucht. Schattenspendende Ma\u00dfnahmen und ein genaues Beobachten, wann einem Pferd die W\u00e4rme zu viel wird, k\u00f6nnen einem Tierarztbesuch vorbeugen.<\/p>\n<p class=\"ai-optimize-51\">Medical Training ist ebenfalls sehr sinnvoll, um ein Pferd im Falle von Kreislaufproblemen und \u00dcberhitzung gut behandeln zu k\u00f6nnen. Empfohlen ist etwa ein Training, bei dem das Pferd lernt, mit allen vier Hufen ruhig in Wassereimern zu stehen. Hilfreich kann auch sein, wenn das Tier an k\u00fchle T\u00fccher auf Kopf und Nacken gew\u00f6hnt ist.<\/p>\n","protected":false},"excerpt":{"rendered":"<p>Strahlende Sonne, ein wolkenloser Himmel: Viele Reiter:innen freuen sich \u00fcber das Sommerwetter. So manchem Pferd geht es allerdings anders \u2013 viele bevorzugen Temperaturen zwischen f\u00fcnf und 15 Grad Celsius. Pferdefreund:innen sollten deshalb pr\u00e4ventiv handeln, um eine \u00dcberhitzung oder gar einen Hitzschlag bei ihrem Sch\u00fctzling zu vermeiden. Pferde machen es instinktiv richtig: Bei hohen Temperaturen suchen [&hellip;]<\/p>\n","protected":false},"author":9,"featured_media":13533,"parent":11703,"menu_order":18,"comment_status":"closed","ping_status":"closed","template":"templates\/blog.php","meta":{"_acf_changed":false,"_crdt_document":"","footnotes":"","beyondwords_generate_audio":"","beyondwords_project_id":"","beyondwords_content_id":"","beyondwords_preview_token":"","beyondwords_player_style":"","beyondwords_language_id":"","beyondwords_title_voice_id":"","beyondwords_body_voice_id":"","beyondwords_summary_voice_id":"","beyondwords_error_message":"","beyondwords_disabled":"","beyondwords_delete_content":"","beyondwords_podcast_id":"","beyondwords_hash":"","publish_post_to_speechkit":"","speechkit_hash":"","speechkit_generate_audio":"","speechkit_project_id":"","speechkit_podcast_id":"","speechkit_error_message":"","speechkit_disabled":"","speechkit_access_key":"","speechkit_error":"","speechkit_info":"","speechkit_response":"","speechkit_retries":"","speechkit_status":"","speechkit_updated_at":"","_speechkit_link":"","_speechkit_text":""},"class_list":["post-13521","page","type-page","status-publish","has-post-thumbnail","hentry"],"acf":[],"yoast_head":"<!-- This site is optimized with the Yoast SEO Premium plugin  - https:\/\/yoast.com\/product\/yoast-seo-premium-wordpress\/ -->\n<title>Pferd &amp; Hitze \u2013 Tipps zum abk\u00fchlen &amp; Hitzschlag vorbeugen | Uelzener<\/title>\n<meta name=\"description\" content=\"Erste-Hilfe-Ma\u00dfnahmen beim Hitzschlag beim Pferd \u2714 Symptome \u2714 Abk\u00fchlung \u27a4 Hier passende Tipps gegen Hitze finden!\" \/>\n<meta name=\"robots\" content=\"index, follow, max-snippet:-1, max-image-preview:large, max-video-preview:-1\" \/>\n<link rel=\"canonical\" href=\"https:\/\/uelzener.de\/magazin\/pferd\/tipps-fuer-den-alltag\/pferd-hitzschlag-vermeiden\/\" \/>\n<meta property=\"og:locale\" content=\"de_DE\" \/>\n<meta property=\"og:type\" content=\"article\" \/>\n<meta property=\"og:title\" content=\"Pferd bei Hitze: Hitzschlag vermeiden\" \/>\n<meta property=\"og:description\" content=\"Erste-Hilfe-Ma\u00dfnahmen beim Hitzschlag beim Pferd \u2714 Symptome \u2714 Abk\u00fchlung \u27a4 Hier passende Tipps gegen Hitze finden!\" \/>\n<meta property=\"og:url\" content=\"https:\/\/uelzener.de\/magazin\/pferd\/tipps-fuer-den-alltag\/pferd-hitzschlag-vermeiden\/\" \/>\n<meta property=\"og:site_name\" content=\"Uelzener Tier-Magazin\" \/>\n<meta property=\"article:publisher\" content=\"https:\/\/www.facebook.com\/Uelzener\" \/>\n<meta property=\"article:modified_time\" content=\"2025-06-26T06:44:29+00:00\" \/>\n<meta property=\"og:image\" content=\"https:\/\/uelzener.de\/magazin\/app\/uploads\/2022\/07\/Header_Magazin_Hitzetipps.jpg\" \/>\n\t<meta property=\"og:image:width\" content=\"1025\" \/>\n\t<meta property=\"og:image:height\" content=\"450\" \/>\n\t<meta property=\"og:image:type\" content=\"image\/jpeg\" \/>\n<meta name=\"twitter:card\" content=\"summary_large_image\" \/>\n<meta name=\"twitter:label1\" content=\"Gesch\u00e4tzte Lesezeit\" \/>\n\t<meta name=\"twitter:data1\" content=\"9\u00a0Minuten\" \/>\n<script type=\"application\/ld+json\" class=\"yoast-schema-graph\">{\"@context\":\"https:\/\/schema.org\",\"@graph\":[{\"@type\":\"WebPage\",\"@id\":\"https:\/\/uelzener.de\/magazin\/pferd\/tipps-fuer-den-alltag\/pferd-hitzschlag-vermeiden\/\",\"url\":\"https:\/\/uelzener.de\/magazin\/pferd\/tipps-fuer-den-alltag\/pferd-hitzschlag-vermeiden\/\",\"name\":\"Pferd & Hitze \u2013 Tipps zum abk\u00fchlen & Hitzschlag vorbeugen | Uelzener\",\"isPartOf\":{\"@id\":\"https:\/\/uelzener.de\/magazin\/#website\"},\"primaryImageOfPage\":{\"@id\":\"https:\/\/uelzener.de\/magazin\/pferd\/tipps-fuer-den-alltag\/pferd-hitzschlag-vermeiden\/#primaryimage\"},\"image\":{\"@id\":\"https:\/\/uelzener.de\/magazin\/pferd\/tipps-fuer-den-alltag\/pferd-hitzschlag-vermeiden\/#primaryimage\"},\"thumbnailUrl\":\"https:\/\/uelzener.de\/magazin\/app\/uploads\/2022\/07\/Header_Magazin_Hitzetipps.jpg\",\"datePublished\":\"2022-07-14T12:40:32+00:00\",\"dateModified\":\"2025-06-26T06:44:29+00:00\",\"description\":\"Erste-Hilfe-Ma\u00dfnahmen beim Hitzschlag beim Pferd \u2714 Symptome \u2714 Abk\u00fchlung \u27a4 Hier passende Tipps gegen Hitze finden!\",\"breadcrumb\":{\"@id\":\"https:\/\/uelzener.de\/magazin\/pferd\/tipps-fuer-den-alltag\/pferd-hitzschlag-vermeiden\/#breadcrumb\"},\"inLanguage\":\"de\",\"potentialAction\":[{\"@type\":\"ReadAction\",\"target\":[\"https:\/\/uelzener.de\/magazin\/pferd\/tipps-fuer-den-alltag\/pferd-hitzschlag-vermeiden\/\"]}]},{\"@type\":\"ImageObject\",\"inLanguage\":\"de\",\"@id\":\"https:\/\/uelzener.de\/magazin\/pferd\/tipps-fuer-den-alltag\/pferd-hitzschlag-vermeiden\/#primaryimage\",\"url\":\"https:\/\/uelzener.de\/magazin\/app\/uploads\/2022\/07\/Header_Magazin_Hitzetipps.jpg\",\"contentUrl\":\"https:\/\/uelzener.de\/magazin\/app\/uploads\/2022\/07\/Header_Magazin_Hitzetipps.jpg\",\"width\":1025,\"height\":450,\"caption\":\"Braunes Pferd steht im Sommer auf der Weide. Vorsicht ist geboten bei der Hitze.\"},{\"@type\":\"WebSite\",\"@id\":\"https:\/\/uelzener.de\/magazin\/#website\",\"url\":\"https:\/\/uelzener.de\/magazin\/\",\"name\":\"Uelzener Tiermagazin\",\"description\":\"Online Tierratgeber der Uelzener Versicherungen\",\"publisher\":{\"@id\":\"https:\/\/uelzener.de\/magazin\/#organization\"},\"potentialAction\":[{\"@type\":\"SearchAction\",\"target\":{\"@type\":\"EntryPoint\",\"urlTemplate\":\"https:\/\/uelzener.de\/magazin\/?s={search_term_string}\"},\"query-input\":{\"@type\":\"PropertyValueSpecification\",\"valueRequired\":true,\"valueName\":\"search_term_string\"}}],\"inLanguage\":\"de\"},{\"@type\":\"Organization\",\"@id\":\"https:\/\/uelzener.de\/magazin\/#organization\",\"name\":\"Uelzener Versicherungen\",\"url\":\"https:\/\/uelzener.de\/magazin\/\",\"logo\":{\"@type\":\"ImageObject\",\"inLanguage\":\"de\",\"@id\":\"https:\/\/uelzener.de\/magazin\/#\/schema\/logo\/image\/\",\"url\":\"https:\/\/uelzener.de\/magazin\/app\/uploads\/2024\/11\/uelzener_allgemeine_versicherungsgesellschaft_a_g_logo.jpg\",\"contentUrl\":\"https:\/\/uelzener.de\/magazin\/app\/uploads\/2024\/11\/uelzener_allgemeine_versicherungsgesellschaft_a_g_logo.jpg\",\"width\":200,\"height\":200,\"caption\":\"Uelzener Versicherungen\"},\"image\":{\"@id\":\"https:\/\/uelzener.de\/magazin\/#\/schema\/logo\/image\/\"},\"sameAs\":[\"https:\/\/www.facebook.com\/Uelzener\",\"https:\/\/instagram.com\/uelzener\",\"https:\/\/www.xing.com\/pages\/uelzenerallgemeineversicherungs-gesellschafta-g\",\"https:\/\/www.youtube.com\/UelzenerVersicherungen\"]}]}<\/script>\n<!-- \/ Yoast SEO Premium plugin. -->","yoast_head_json":{"title":"Pferd & Hitze \u2013 Tipps zum abk\u00fchlen & Hitzschlag vorbeugen | Uelzener","description":"Erste-Hilfe-Ma\u00dfnahmen beim Hitzschlag beim Pferd \u2714 Symptome \u2714 Abk\u00fchlung \u27a4 Hier passende Tipps gegen Hitze finden!","robots":{"index":"index","follow":"follow","max-snippet":"max-snippet:-1","max-image-preview":"max-image-preview:large","max-video-preview":"max-video-preview:-1"},"canonical":"https:\/\/uelzener.de\/magazin\/pferd\/tipps-fuer-den-alltag\/pferd-hitzschlag-vermeiden\/","og_locale":"de_DE","og_type":"article","og_title":"Pferd bei Hitze: Hitzschlag vermeiden","og_description":"Erste-Hilfe-Ma\u00dfnahmen beim Hitzschlag beim Pferd \u2714 Symptome \u2714 Abk\u00fchlung \u27a4 Hier passende Tipps gegen Hitze finden!","og_url":"https:\/\/uelzener.de\/magazin\/pferd\/tipps-fuer-den-alltag\/pferd-hitzschlag-vermeiden\/","og_site_name":"Uelzener Tier-Magazin","article_publisher":"https:\/\/www.facebook.com\/Uelzener","article_modified_time":"2025-06-26T06:44:29+00:00","og_image":[{"width":1025,"height":450,"url":"https:\/\/uelzener.de\/magazin\/app\/uploads\/2022\/07\/Header_Magazin_Hitzetipps.jpg","type":"image\/jpeg"}],"twitter_card":"summary_large_image","twitter_misc":{"Gesch\u00e4tzte Lesezeit":"9\u00a0Minuten"},"schema":{"@context":"https:\/\/schema.org","@graph":[{"@type":"WebPage","@id":"https:\/\/uelzener.de\/magazin\/pferd\/tipps-fuer-den-alltag\/pferd-hitzschlag-vermeiden\/","url":"https:\/\/uelzener.de\/magazin\/pferd\/tipps-fuer-den-alltag\/pferd-hitzschlag-vermeiden\/","name":"Pferd & Hitze \u2013 Tipps zum abk\u00fchlen & Hitzschlag vorbeugen | Uelzener","isPartOf":{"@id":"https:\/\/uelzener.de\/magazin\/#website"},"primaryImageOfPage":{"@id":"https:\/\/uelzener.de\/magazin\/pferd\/tipps-fuer-den-alltag\/pferd-hitzschlag-vermeiden\/#primaryimage"},"image":{"@id":"https:\/\/uelzener.de\/magazin\/pferd\/tipps-fuer-den-alltag\/pferd-hitzschlag-vermeiden\/#primaryimage"},"thumbnailUrl":"https:\/\/uelzener.de\/magazin\/app\/uploads\/2022\/07\/Header_Magazin_Hitzetipps.jpg","datePublished":"2022-07-14T12:40:32+00:00","dateModified":"2025-06-26T06:44:29+00:00","description":"Erste-Hilfe-Ma\u00dfnahmen beim Hitzschlag beim Pferd \u2714 Symptome \u2714 Abk\u00fchlung \u27a4 Hier passende Tipps gegen Hitze finden!","breadcrumb":{"@id":"https:\/\/uelzener.de\/magazin\/pferd\/tipps-fuer-den-alltag\/pferd-hitzschlag-vermeiden\/#breadcrumb"},"inLanguage":"de","potentialAction":[{"@type":"ReadAction","target":["https:\/\/uelzener.de\/magazin\/pferd\/tipps-fuer-den-alltag\/pferd-hitzschlag-vermeiden\/"]}]},{"@type":"ImageObject","inLanguage":"de","@id":"https:\/\/uelzener.de\/magazin\/pferd\/tipps-fuer-den-alltag\/pferd-hitzschlag-vermeiden\/#primaryimage","url":"https:\/\/uelzener.de\/magazin\/app\/uploads\/2022\/07\/Header_Magazin_Hitzetipps.jpg","contentUrl":"https:\/\/uelzener.de\/magazin\/app\/uploads\/2022\/07\/Header_Magazin_Hitzetipps.jpg","width":1025,"height":450,"caption":"Braunes Pferd steht im Sommer auf der Weide. Vorsicht ist geboten bei der Hitze."},{"@type":"WebSite","@id":"https:\/\/uelzener.de\/magazin\/#website","url":"https:\/\/uelzener.de\/magazin\/","name":"Uelzener Tiermagazin","description":"Online Tierratgeber der Uelzener Versicherungen","publisher":{"@id":"https:\/\/uelzener.de\/magazin\/#organization"},"potentialAction":[{"@type":"SearchAction","target":{"@type":"EntryPoint","urlTemplate":"https:\/\/uelzener.de\/magazin\/?s={search_term_string}"},"query-input":{"@type":"PropertyValueSpecification","valueRequired":true,"valueName":"search_term_string"}}],"inLanguage":"de"},{"@type":"Organization","@id":"https:\/\/uelzener.de\/magazin\/#organization","name":"Uelzener Versicherungen","url":"https:\/\/uelzener.de\/magazin\/","logo":{"@type":"ImageObject","inLanguage":"de","@id":"https:\/\/uelzener.de\/magazin\/#\/schema\/logo\/image\/","url":"https:\/\/uelzener.de\/magazin\/app\/uploads\/2024\/11\/uelzener_allgemeine_versicherungsgesellschaft_a_g_logo.jpg","contentUrl":"https:\/\/uelzener.de\/magazin\/app\/uploads\/2024\/11\/uelzener_allgemeine_versicherungsgesellschaft_a_g_logo.jpg","width":200,"height":200,"caption":"Uelzener Versicherungen"},"image":{"@id":"https:\/\/uelzener.de\/magazin\/#\/schema\/logo\/image\/"},"sameAs":["https:\/\/www.facebook.com\/Uelzener","https:\/\/instagram.com\/uelzener","https:\/\/www.xing.com\/pages\/uelzenerallgemeineversicherungs-gesellschafta-g","https:\/\/www.youtube.com\/UelzenerVersicherungen"]}]}},"_links":{"self":[{"href":"https:\/\/uelzener.de\/magazin\/wp-json\/wp\/v2\/pages\/13521","targetHints":{"allow":["GET"]}}],"collection":[{"href":"https:\/\/uelzener.de\/magazin\/wp-json\/wp\/v2\/pages"}],"about":[{"href":"https:\/\/uelzener.de\/magazin\/wp-json\/wp\/v2\/types\/page"}],"author":[{"embeddable":true,"href":"https:\/\/uelzener.de\/magazin\/wp-json\/wp\/v2\/users\/9"}],"replies":[{"embeddable":true,"href":"https:\/\/uelzener.de\/magazin\/wp-json\/wp\/v2\/comments?post=13521"}],"version-history":[{"count":10,"href":"https:\/\/uelzener.de\/magazin\/wp-json\/wp\/v2\/pages\/13521\/revisions"}],"predecessor-version":[{"id":18612,"href":"https:\/\/uelzener.de\/magazin\/wp-json\/wp\/v2\/pages\/13521\/revisions\/18612"}],"up":[{"embeddable":true,"href":"https:\/\/uelzener.de\/magazin\/wp-json\/wp\/v2\/pages\/11703"}],"wp:featuredmedia":[{"embeddable":true,"href":"https:\/\/uelzener.de\/magazin\/wp-json\/wp\/v2\/media\/13533"}],"wp:attachment":[{"href":"https:\/\/uelzener.de\/magazin\/wp-json\/wp\/v2\/media?parent=13521"}],"curies":[{"name":"wp","href":"https:\/\/api.w.org\/{rel}","templated":true}]}}