{"id":13515,"date":"2022-07-14T14:40:55","date_gmt":"2022-07-14T12:40:55","guid":{"rendered":"https:\/\/uelzener.de\/magazin\/?page_id=13515"},"modified":"2025-01-23T16:27:48","modified_gmt":"2025-01-23T15:27:48","slug":"pferd-mensch-beziehung","status":"publish","type":"page","link":"https:\/\/uelzener.de\/magazin\/pferd\/erziehung-und-training\/pferd-mensch-beziehung\/","title":{"rendered":"Pferd und Mensch: Grundlagen einer guten Beziehung"},"content":{"rendered":"<p>L\u00e4ngst sind Pferde mehr als Arbeitstiere oder Sportger\u00e4te. Viele Reiter:innen streben eine freundschaftliche Partnerschaft zwischen Mensch und Pferd an. Die Basis einer solchen Beziehung ist gegenseitiges Vertrauen und ein respektvoller Umgang miteinander. Das erfordert vor allem Zeit und Aufmerksamkeit, um die Sprache der Pferde zu verstehen.<\/p>\n<p>Im Prinzip sind die Grundlagen einer Freundschaft mit einem Pferd sehr \u00e4hnlich wie bei einer Freundschaft unter Menschen: <strong>Zeit, Aufmerksamkeit und Verst\u00e4ndnis f\u00fcr das Gegen\u00fcber sind wichtige Voraussetzungen<\/strong>. Anders ist vor allem, dass wir die menschliche Sprache von klein auf erlernt haben und sie uns in Fleisch und Blut \u00fcbergegangen ist. Wer sich auf das Hobby Reiten und damit das Fluchttier Pferd einl\u00e4sst, b\u00e4ndelt aber mit einer v\u00f6llig anderen Gattung an.<\/p>\n<p>Um das n\u00f6tige Basiswissen im Umgang mit dem Pferd zu lernen, bietet es sich deshalb an, <strong>theoretischen und praktischen Unterricht<\/strong> zu nehmen. Ein geduldiges <strong>Lehrpferd<\/strong> in einer guten Reitschule verzeiht kleine Unsicherheiten eher als ein junges Pferd, das selbst erst am Anfang seiner Ausbildung steht. Zudem lernt man unter Anweisung von Pferdetrainer:innen leicht die K\u00f6rpersprache von Pferden und eine funktionierende Kommunikation zwischen Mensch und Tier kennen. Bei der Arbeit mit einem eigenen Pferd kann man dann sp\u00e4ter immer wieder Revue passieren lassen, wie ein entspanntes Pferd aussieht und eine Trainingsstunde optimal verl\u00e4uft.<\/p>\n\n<div class=\"related_articles boxed\">\n    <h2>Mehr zum Thema<\/h2>\n    \n    <div class=\"wrapper\"><div class=\"title align-center\"><h3><a href=\"https:\/\/uelzener.de\/magazin\/pferd\/erziehung-und-training\/das-lehrpferd\/\">Das Lehrpferd<\/a><\/h3><\/div><div class=\"img align-center\"><img decoding=\"async\" width=\"315\" height=\"180\" src=\"https:\/\/uelzener.de\/magazin\/app\/uploads\/2021\/09\/1024x450_Nahaufnahme_Reitpferd-mit-Reiterin-315x180.jpg\" class=\"attachment-315x180 size-315x180 wp-post-image\" alt=\"Ein dunkles Reitpferd mit Trense l\u00e4uft \u00fcber eine Wiese, es ist ein Lehrpferd.\" \/><\/div><\/div><div class=\"wrapper\"><div class=\"title align-center\"><h3><a href=\"https:\/\/uelzener.de\/magazin\/hund\/erziehung-und-training\/medical-training-hund\/\">Medical Training f\u00fcr Hunde: Ohne Stress zum Tierarzt<\/a><\/h3><\/div><div class=\"img align-center\"><img decoding=\"async\" width=\"315\" height=\"180\" src=\"https:\/\/uelzener.de\/magazin\/app\/uploads\/2020\/01\/2c7abc46-1b7c-4981-9495-4d205c65b938-315x180.jpg\" class=\"attachment-315x180 size-315x180 wp-post-image\" alt=\"Ein Hund sitzt entspannt beim Arzt im blauen Kittel. Mit dem Medical Training kann Hunden die Nervosit\u00e4t beim Tierarztbesuch genommen werden.\" \/><\/div><\/div><\/div>\n\n<h2><strong>Warum ist eine gute Beziehung zwischen Mensch und Pferd wichtig?<\/strong><\/h2>\n<p>Verschiedene Aspekte verdeutlichen, warum eine positive Verbindung zwischen Mensch und Pferd anzustreben ist:<\/p>\n<ul>\n<li><strong>Von der Arbeit zum Hobby:<\/strong> In den Jahrtausenden, die Pferde und Menschen bereits miteinander zu tun haben, hat sich der Kontakt zu und der Einsatz von Pferden stark ver\u00e4ndert. Das Pferd wird heute eher als Partner und Freund betrachtet. Da es nun also vorrangig um eine sch\u00f6ne gemeinsame Zeit geht, sollte diese auch positiv gestaltet werden.<\/li>\n<li><strong>Jeden Tag Seite an Seite:<\/strong> Zudem ist die Entscheidung f\u00fcr die Pferdehaltung langfristig bindend. Je nach Rasse werden Pferde 30 Jahre und noch \u00e4lter. Entsprechend lange muss man sich nahezu t\u00e4glich um sein Tier k\u00fcmmern. Freuen sich Pferd und Reiter:in jeden Tag aufs Neue, bereichert das das ganze Leben.<\/li>\n<li><strong>Ob Turnierpferd, Freizeitpferd oder Pflegepferd:<\/strong> Der Gro\u00dfteil der Pferde ist deutlich gr\u00f6\u00dfer, schwerer und kr\u00e4ftiger als ein Mensch. Es ist also auch ein Sicherheitsaspekt, wenn der oder die Reiter:in dem Tier vertrauen kann. Und umgekehrt wird weniger passieren, wenn auch das Pferd dem Menschen vertraut.<\/li>\n<li><strong>Gesund bleiben:<\/strong> Stress ist schlecht f\u00fcr den ganzen Organismus. Wer seinem Freizeitpartner aber vertraut und sich bei ihm wohlf\u00fchlt, der tut t\u00e4glich etwas f\u00fcr seine Gesundheit \u2013 das gilt sowohl f\u00fcr Pferde als auch f\u00fcr Menschen. Tier\u00e4rzt:innen vermuten, dass die Dunkelziffer der Pferde mit Magengeschw\u00fcren sehr hoch ist. Das kann neben mangelhafter F\u00fctterung an \u00dcberforderung, zu hartem Training oder einer schlechten Bindung zum Menschen liegen.<\/li>\n<\/ul>\n<h2><strong>Wie Pferd und Mensch Vertrauen aufbauen<\/strong><\/h2>\n<p>Zentral f\u00fcr eine tiefe Verbindung zum eigenen Pferd ist, dass man dem Tier seine<strong> ungeteilte Aufmerksamkeit<\/strong> widmet. Das bedeutet nicht nur, dass man sich w\u00e4hrend der gemeinsamen Zeit nicht dauerhaft mit anderen Personen unterh\u00e4lt oder mit dem Handy besch\u00e4ftigt ist. Es geht vor allem darum, dass man die vielen kleinen Reaktionen und Gesten eines Pferdes bemerkt und so lernt, was das individuelle Tier mag \u2013 oder eben nicht mag.<\/p>\n<p>Manche Tiere lassen sich beispielsweise in bestimmten K\u00f6rperregionen ungern anfassen. W\u00e4hrend das eine Pferd seine <strong>Lieblingskraulstelle<\/strong> hinter dem Ohr hat, zieht das andere ein Kratzen an der Schweifr\u00fcbe vor. Wie man das herausfindet? Einfach ausprobieren und genau hinsehen! Senkt das Pferd den Kopf und schlie\u00dft gen\u00fcsslich die Augen, dann hat man die perfekte Stelle gefunden. Auch Lecken und Kauen gilt als gutes Zeichen. Weicht das Pferd hingegen zur\u00fcck oder legt die Ohren an, dann sollte man sich eine andere Stelle aussuchen, den Druck variieren \u2013 oder das Unterfangen Kontaktaufnahme auf einen anderen Tag verschieben. Denn ebenso wie Menschen sind auch <strong>Pferde nicht jeden Tag gleich zug\u00e4nglich<\/strong>. Das Sch\u00f6ne ist: Wer die Lieblingskraulstelle des eigenen Pferdes kennt, kann Lob irgendwann besser durch solche Gesten als durch ein Leckerli ausdr\u00fccken.<\/p>\n<p>Hilfreich ist, wenn man das Pferd schon <strong>als junges Tier kennenlernt und Teil seiner Sozialisierung und Ausbildung<\/strong> wird. Wer ein <a href=\"https:\/\/uelzener.de\/magazin\/pferd\/erziehung-und-training\/fohlen-erziehen-die-verschiedenen-rollen-in-der-sozialisierung\/\"><strong>Fohlen aufzieht<\/strong><\/a> und schon fr\u00fch an die eigene Person gew\u00f6hnt, der verschafft sich einen deutlichen Vertrauensvorsprung und wei\u00df genau, welchen Charakter das Tier hat.<\/p>\n<p>Grunds\u00e4tzlich ist es eine gute Idee, die gemeinsame Zeit so zu gestalten, dass Mensch und Pferd <strong>beide Spa\u00df<\/strong> daran haben. Statt konzentrierten Trainings unter dem Sattel darf es also auch mal ein gem\u00fctlicher Spaziergang mit <a href=\"https:\/\/uelzener.de\/magazin\/pferd\/erziehung-und-training\/pferdetraining-wann-und-wie-pausen-machen\/\">Pause<\/a> zum Grasen sein. Auch <strong>Bodenarbeit<\/strong> hat nicht nur seine Berechtigung zum Muskelaufbau, sondern <strong>pr\u00e4gt auch die Bindung<\/strong> zwischen Mensch und Pferd.<\/p>\n<h2><strong>Das richtige Auftreten vor dem Pferd<\/strong><\/h2>\n<p>Pferdefreunde sollten sich nicht nur bewusst machen, welchen Pferdetyp sie gerade vor sich haben. Es ist auch wichtig, das <strong>eigene Auftreten zu reflektieren<\/strong>. So sollte man ruhig und gelassen mit einem Tier umgehen, Sicherheit ausstrahlen und dem Pferd die Zeit lassen, die es braucht. Klappt etwas nicht, ist es unbedingt sinnvoll, eine <strong>Pause<\/strong> einzulegen anstatt durch Frust oder Wut etwas zu tun, was das <a href=\"https:\/\/uelzener.de\/magazin\/pferd\/haeufige-fragen\/vertrauen-vom-pferd-erkennen-so-zeigen-sie-ihr-vertrauen\/\">Vertrauen<\/a> gef\u00e4hrdet.<\/p>\n<p><strong>Kompetenz und Ruhe<\/strong> im Umgang geben dem Pferd ein Gef\u00fchl von Sicherheit. Eine<strong> gewohnte Umgebung<\/strong> verst\u00e4rkt diese Wirkung. F\u00f6rderlich ist au\u00dferdem, wenn das Tier das Gef\u00fchl bekommt, es k\u00f6nne sich frei entscheiden, ob es eine \u00dcbung mitmacht oder nicht. Nur mit dieser <strong>Freiheit<\/strong> kann es \u00fcberhaupt signalisieren, wenn ihm eine Situation unangenehm ist.<\/p>\n<p>Respektvolles Verhalten ist nat\u00fcrlich keine Einbahnstra\u00dfe. Wenn das Pferd eindeutig signalisiert, dass es in der <strong>Rangordnung<\/strong> \u00fcber dem Menschen steht, kann dies gef\u00e4hrlich werden. Rempelt es seinen Menschen am Putzplatz an oder zieht ihm beim F\u00fchren den Strick aus der Hand, so ist das Verh\u00e4ltnis eindeutig. Eine ruhige und selbstsichere K\u00f6rpersprache und ein klares Nein k\u00f6nnen dem vorbeugen. <strong>Konsequenz<\/strong> ist dabei entscheidend und sollte dem Pferd bereits ab dem ersten <a href=\"https:\/\/uelzener.de\/magazin\/pferd\/erziehung-und-training\/fuehrtraining-pferd\/\"><strong>F\u00fchrtraining<\/strong><\/a> vermittelt werden.<\/p>\n<h2><strong>Wie ein Pferd sein Vertrauen zeigt<\/strong><\/h2>\n<p>Wer sich auf sein Pferd einl\u00e4sst und <strong>Verst\u00e4ndnis<\/strong> f\u00fcr dessen individuelle Eigenheiten entwickelt, der legt damit den Grundstein einer guten Pferd-Mensch-Beziehung. Das Pferd wird seine Zuneigung in Form von vielen Vertrauensbeweisen zeigen.<\/p>\n<p>Generell wird ein gesch\u00e4tzter Mensch f\u00fcr das Pferd schnell zu einer Art <strong>zweibeinigem Herdenmitglied<\/strong>. Entsprechend h\u00e4lt es sich h\u00e4ufig in der N\u00e4he auf oder folgt einige Schritte. Ist ein Pferd angebunden, beispielsweise beim Putzen, so entlastet es gern ein Bein, wenn es sich entspannt. Der Kopf h\u00e4ngt tief, die Ohren schrecken nicht mehr bei jedem Ger\u00e4usch hoch \u2013 ein gro\u00dfes Kompliment vom Fluchttier Pferd. Auch ist es nicht selbstverst\u00e4ndlich f\u00fcr ein Pferd, sich am ganzen K\u00f6rper ber\u00fchren zu lassen und sogar die Hufe zu geben.<\/p>\n<p>Auch die Begr\u00fc\u00dfung kann freudig wiehernd ausfallen. Andere Pferde werfen ihrem Menschen nur einen minimalistischen Blick zu. Wer sein Pferd kennt, wird die Reaktion einzusch\u00e4tzen wissen.<\/p>\n\n<div class=\"related_articles boxed\">\n    <h2>Mehr zum Thema<\/h2>\n    \n    <div class=\"wrapper\"><div class=\"title align-center\"><h3><a href=\"https:\/\/uelzener.de\/magazin\/hund\/erziehung-und-training\/medical-training-hund\/\">Medical Training f\u00fcr Hunde: Ohne Stress zum Tierarzt<\/a><\/h3><\/div><div class=\"img align-center\"><img decoding=\"async\" width=\"315\" height=\"180\" src=\"https:\/\/uelzener.de\/magazin\/app\/uploads\/2020\/01\/2c7abc46-1b7c-4981-9495-4d205c65b938-315x180.jpg\" class=\"attachment-315x180 size-315x180 wp-post-image\" alt=\"Ein Hund sitzt entspannt beim Arzt im blauen Kittel. Mit dem Medical Training kann Hunden die Nervosit\u00e4t beim Tierarztbesuch genommen werden.\" \/><\/div><\/div><div class=\"wrapper\"><div class=\"title align-center\"><h3><a href=\"https:\/\/uelzener.de\/magazin\/pferd\/erziehung-und-training\/das-lehrpferd\/\">Das Lehrpferd<\/a><\/h3><\/div><div class=\"img align-center\"><img decoding=\"async\" width=\"315\" height=\"180\" src=\"https:\/\/uelzener.de\/magazin\/app\/uploads\/2021\/09\/1024x450_Nahaufnahme_Reitpferd-mit-Reiterin-315x180.jpg\" class=\"attachment-315x180 size-315x180 wp-post-image\" alt=\"Ein dunkles Reitpferd mit Trense l\u00e4uft \u00fcber eine Wiese, es ist ein Lehrpferd.\" \/><\/div><\/div><\/div>\n\n<h2><strong>Der Beginn einer wunderbaren Freundschaft<\/strong><\/h2>\n<p>Ein Pferd ist heute in der Regel ein Freund und <strong>kein Sportger\u00e4t oder reines Arbeitstier<\/strong>. Entsprechend <strong>respektvoll<\/strong> sollten Pferdehalter:innen und Reiter:innen mit ihren Tieren umgehen. Eine <strong>positive Beziehung<\/strong> motiviert dabei nicht nur, die gemeinsame Zeit befriedigend zu gestalten, sondern macht die Zusammenarbeit auch bedeutend einfacher und sicherer. Gute Kommunikation <strong>beginnt im Kopf<\/strong>: Mit unseren Tipps gelingt es bald, das eigene Pferd einzusch\u00e4tzen und sein Vertrauen zu gewinnen. St\u00e4rke die Bindung auch durch <a href=\"https:\/\/uelzener.de\/magazin\/pferd\/haltung\/pferdespielzeug-gegen-langeweile-bei-pferden\/\">das Spielen mit deinem Pferd<\/a>.<\/p>\n<h2><span style=\"font-weight: normal !msorm;\"><strong>FAQ: H\u00e4ufig gestellte Fragen<\/strong><\/span><\/h2>\n<h3><span style=\"font-weight: normal !msorm;\"><strong>Wie erreiche ich eine gute Mensch-Pferd-Beziehung?<\/strong><\/span><\/h3>\n<p>Zentral f\u00fcr eine tiefe Verbindung zum eigenen Pferd ist, dass man dem Tier seine ungeteilte Aufmerksamkeit widmet. Das bedeutet nicht nur, dass man sich w\u00e4hrend der gemeinsamen Zeit nicht dauerhaft mit anderen Personen unterh\u00e4lt oder mit dem Handy besch\u00e4ftigt ist. Es geht vor allem darum, dass man die vielen kleinen Reaktionen und Gesten eines Pferdes bemerkt und so lernt, was das individuelle Tier mag \u2013 oder eben nicht mag.<\/p>\n<h3><span style=\"font-weight: normal !msorm;\"><strong>Was zeichnet eine gute Mensch-Pferd-Beziehung aus?<\/strong><\/span><\/h3>\n<p>Das Pferd wird heute eher als Partner und Freund betrachtet. Da es nun also vorrangig um eine sch\u00f6ne gemeinsame Zeit geht, sollte diese auch positiv gestaltet werden. Zudem ist die Entscheidung f\u00fcr die Pferdehaltung langfristig bindend. Je nach Rasse werden Pferde 30 Jahre und noch \u00e4lter. Freuen sich Pferd und Reiter:in jeden Tag aufs Neue, bereichert das das ganze Leben. Wer seinem Freizeitpartner vertraut und sich bei ihm wohlf\u00fchlt, der tut t\u00e4glich etwas f\u00fcr seine Gesundheit \u2013 das gilt sowohl f\u00fcr Pferde als auch f\u00fcr Menschen.<\/p>\n<h3><span style=\"font-weight: normal !msorm;\"><strong>Kan<\/strong><\/span><span style=\"font-weight: normal !msorm;\"><strong>n ein Pferd einen Menschen lieben?<\/strong><\/span><\/h3>\n<p>Wer sich auf sein Pferd einl\u00e4sst und Verst\u00e4ndnis f\u00fcr dessen individuelle Eigenheiten entwickelt, der legt damit den Grundstein einer guten Pferd-Mensch-Beziehung. Das Pferd wird seine Zuneigung in Form von vielen Vertrauensbeweisen zeigen.<\/p>\n","protected":false},"excerpt":{"rendered":"<p>L\u00e4ngst sind Pferde mehr als Arbeitstiere oder Sportger\u00e4te. Viele Reiter:innen streben eine freundschaftliche Partnerschaft zwischen Mensch und Pferd an. Die Basis einer solchen Beziehung ist gegenseitiges Vertrauen und ein respektvoller Umgang miteinander. Das erfordert vor allem Zeit und Aufmerksamkeit, um die Sprache der Pferde zu verstehen. Im Prinzip sind die Grundlagen einer Freundschaft mit einem [&hellip;]<\/p>\n","protected":false},"author":9,"featured_media":13532,"parent":11689,"menu_order":47,"comment_status":"closed","ping_status":"closed","template":"templates\/blog.php","meta":{"_acf_changed":false,"_crdt_document":"","footnotes":"","beyondwords_generate_audio":"","beyondwords_project_id":"","beyondwords_content_id":"","beyondwords_preview_token":"","beyondwords_player_style":"","beyondwords_language_id":"","beyondwords_title_voice_id":"","beyondwords_body_voice_id":"","beyondwords_summary_voice_id":"","beyondwords_error_message":"","beyondwords_disabled":"","beyondwords_delete_content":"","beyondwords_podcast_id":"","beyondwords_hash":"","publish_post_to_speechkit":"","speechkit_hash":"","speechkit_generate_audio":"","speechkit_project_id":"","speechkit_podcast_id":"","speechkit_error_message":"","speechkit_disabled":"","speechkit_access_key":"","speechkit_error":"","speechkit_info":"","speechkit_response":"","speechkit_retries":"","speechkit_status":"","speechkit_updated_at":"","_speechkit_link":"","_speechkit_text":""},"class_list":["post-13515","page","type-page","status-publish","has-post-thumbnail","hentry"],"acf":[],"yoast_head":"<!-- This site is optimized with the Yoast SEO Premium plugin  - https:\/\/yoast.com\/product\/yoast-seo-premium-wordpress\/ -->\n<title>Die Pferd-Mensch-Beziehung richtig pflegen | Uelzener<\/title>\n<meta name=\"description\" content=\"Tipps f\u00fcr eine gute Pferd-Mensch-Beziehung \u2714 Vertrauen aufbauen \u2714 Verbindung herstellen \u27a4 Hier mehr erfahren!\" \/>\n<meta name=\"robots\" content=\"index, follow, max-snippet:-1, max-image-preview:large, max-video-preview:-1\" \/>\n<link rel=\"canonical\" href=\"https:\/\/uelzener.de\/magazin\/pferd\/erziehung-und-training\/pferd-mensch-beziehung\/\" \/>\n<meta property=\"og:locale\" content=\"de_DE\" \/>\n<meta property=\"og:type\" content=\"article\" \/>\n<meta property=\"og:title\" content=\"Pferd und Mensch: Grundlagen einer guten Beziehung\" \/>\n<meta property=\"og:description\" content=\"Tipps f\u00fcr eine gute Pferd-Mensch-Beziehung \u2714 Vertrauen aufbauen \u2714 Verbindung herstellen \u27a4 Hier mehr erfahren!\" \/>\n<meta property=\"og:url\" content=\"https:\/\/uelzener.de\/magazin\/pferd\/erziehung-und-training\/pferd-mensch-beziehung\/\" \/>\n<meta property=\"og:site_name\" content=\"Uelzener Tier-Magazin\" \/>\n<meta property=\"article:publisher\" content=\"https:\/\/www.facebook.com\/Uelzener\" \/>\n<meta property=\"article:modified_time\" content=\"2025-01-23T15:27:48+00:00\" \/>\n<meta property=\"og:image\" content=\"https:\/\/uelzener.de\/magazin\/app\/uploads\/2022\/07\/Header_Magazin_Pferd-Mensch-Beziehung.jpg\" \/>\n\t<meta property=\"og:image:width\" content=\"1025\" \/>\n\t<meta property=\"og:image:height\" content=\"450\" \/>\n\t<meta property=\"og:image:type\" content=\"image\/jpeg\" \/>\n<meta name=\"twitter:card\" content=\"summary_large_image\" \/>\n<meta name=\"twitter:label1\" content=\"Gesch\u00e4tzte Lesezeit\" \/>\n\t<meta name=\"twitter:data1\" content=\"7\u00a0Minuten\" \/>\n<script type=\"application\/ld+json\" class=\"yoast-schema-graph\">{\"@context\":\"https:\/\/schema.org\",\"@graph\":[{\"@type\":\"WebPage\",\"@id\":\"https:\/\/uelzener.de\/magazin\/pferd\/erziehung-und-training\/pferd-mensch-beziehung\/\",\"url\":\"https:\/\/uelzener.de\/magazin\/pferd\/erziehung-und-training\/pferd-mensch-beziehung\/\",\"name\":\"Die Pferd-Mensch-Beziehung richtig pflegen | Uelzener\",\"isPartOf\":{\"@id\":\"https:\/\/uelzener.de\/magazin\/#website\"},\"primaryImageOfPage\":{\"@id\":\"https:\/\/uelzener.de\/magazin\/pferd\/erziehung-und-training\/pferd-mensch-beziehung\/#primaryimage\"},\"image\":{\"@id\":\"https:\/\/uelzener.de\/magazin\/pferd\/erziehung-und-training\/pferd-mensch-beziehung\/#primaryimage\"},\"thumbnailUrl\":\"https:\/\/uelzener.de\/magazin\/app\/uploads\/2022\/07\/Header_Magazin_Pferd-Mensch-Beziehung.jpg\",\"datePublished\":\"2022-07-14T12:40:55+00:00\",\"dateModified\":\"2025-01-23T15:27:48+00:00\",\"description\":\"Tipps f\u00fcr eine gute Pferd-Mensch-Beziehung \u2714 Vertrauen aufbauen \u2714 Verbindung herstellen \u27a4 Hier mehr erfahren!\",\"breadcrumb\":{\"@id\":\"https:\/\/uelzener.de\/magazin\/pferd\/erziehung-und-training\/pferd-mensch-beziehung\/#breadcrumb\"},\"inLanguage\":\"de\",\"potentialAction\":[{\"@type\":\"ReadAction\",\"target\":[\"https:\/\/uelzener.de\/magazin\/pferd\/erziehung-und-training\/pferd-mensch-beziehung\/\"]}]},{\"@type\":\"ImageObject\",\"inLanguage\":\"de\",\"@id\":\"https:\/\/uelzener.de\/magazin\/pferd\/erziehung-und-training\/pferd-mensch-beziehung\/#primaryimage\",\"url\":\"https:\/\/uelzener.de\/magazin\/app\/uploads\/2022\/07\/Header_Magazin_Pferd-Mensch-Beziehung.jpg\",\"contentUrl\":\"https:\/\/uelzener.de\/magazin\/app\/uploads\/2022\/07\/Header_Magazin_Pferd-Mensch-Beziehung.jpg\",\"width\":1025,\"height\":450,\"caption\":\"Frau lehnt sich an ihr hellbraunes Pferd, sie haben eine innige Beziehung.\"},{\"@type\":\"WebSite\",\"@id\":\"https:\/\/uelzener.de\/magazin\/#website\",\"url\":\"https:\/\/uelzener.de\/magazin\/\",\"name\":\"Uelzener Tiermagazin\",\"description\":\"Online Tierratgeber der Uelzener Versicherungen\",\"publisher\":{\"@id\":\"https:\/\/uelzener.de\/magazin\/#organization\"},\"potentialAction\":[{\"@type\":\"SearchAction\",\"target\":{\"@type\":\"EntryPoint\",\"urlTemplate\":\"https:\/\/uelzener.de\/magazin\/?s={search_term_string}\"},\"query-input\":{\"@type\":\"PropertyValueSpecification\",\"valueRequired\":true,\"valueName\":\"search_term_string\"}}],\"inLanguage\":\"de\"},{\"@type\":\"Organization\",\"@id\":\"https:\/\/uelzener.de\/magazin\/#organization\",\"name\":\"Uelzener Versicherungen\",\"url\":\"https:\/\/uelzener.de\/magazin\/\",\"logo\":{\"@type\":\"ImageObject\",\"inLanguage\":\"de\",\"@id\":\"https:\/\/uelzener.de\/magazin\/#\/schema\/logo\/image\/\",\"url\":\"https:\/\/uelzener.de\/magazin\/app\/uploads\/2024\/11\/uelzener_allgemeine_versicherungsgesellschaft_a_g_logo.jpg\",\"contentUrl\":\"https:\/\/uelzener.de\/magazin\/app\/uploads\/2024\/11\/uelzener_allgemeine_versicherungsgesellschaft_a_g_logo.jpg\",\"width\":200,\"height\":200,\"caption\":\"Uelzener Versicherungen\"},\"image\":{\"@id\":\"https:\/\/uelzener.de\/magazin\/#\/schema\/logo\/image\/\"},\"sameAs\":[\"https:\/\/www.facebook.com\/Uelzener\",\"https:\/\/instagram.com\/uelzener\",\"https:\/\/www.xing.com\/pages\/uelzenerallgemeineversicherungs-gesellschafta-g\",\"https:\/\/www.youtube.com\/UelzenerVersicherungen\"]}]}<\/script>\n<!-- \/ Yoast SEO Premium plugin. -->","yoast_head_json":{"title":"Die Pferd-Mensch-Beziehung richtig pflegen | Uelzener","description":"Tipps f\u00fcr eine gute Pferd-Mensch-Beziehung \u2714 Vertrauen aufbauen \u2714 Verbindung herstellen \u27a4 Hier mehr erfahren!","robots":{"index":"index","follow":"follow","max-snippet":"max-snippet:-1","max-image-preview":"max-image-preview:large","max-video-preview":"max-video-preview:-1"},"canonical":"https:\/\/uelzener.de\/magazin\/pferd\/erziehung-und-training\/pferd-mensch-beziehung\/","og_locale":"de_DE","og_type":"article","og_title":"Pferd und Mensch: Grundlagen einer guten Beziehung","og_description":"Tipps f\u00fcr eine gute Pferd-Mensch-Beziehung \u2714 Vertrauen aufbauen \u2714 Verbindung herstellen \u27a4 Hier mehr erfahren!","og_url":"https:\/\/uelzener.de\/magazin\/pferd\/erziehung-und-training\/pferd-mensch-beziehung\/","og_site_name":"Uelzener Tier-Magazin","article_publisher":"https:\/\/www.facebook.com\/Uelzener","article_modified_time":"2025-01-23T15:27:48+00:00","og_image":[{"width":1025,"height":450,"url":"https:\/\/uelzener.de\/magazin\/app\/uploads\/2022\/07\/Header_Magazin_Pferd-Mensch-Beziehung.jpg","type":"image\/jpeg"}],"twitter_card":"summary_large_image","twitter_misc":{"Gesch\u00e4tzte Lesezeit":"7\u00a0Minuten"},"schema":{"@context":"https:\/\/schema.org","@graph":[{"@type":"WebPage","@id":"https:\/\/uelzener.de\/magazin\/pferd\/erziehung-und-training\/pferd-mensch-beziehung\/","url":"https:\/\/uelzener.de\/magazin\/pferd\/erziehung-und-training\/pferd-mensch-beziehung\/","name":"Die Pferd-Mensch-Beziehung richtig pflegen | Uelzener","isPartOf":{"@id":"https:\/\/uelzener.de\/magazin\/#website"},"primaryImageOfPage":{"@id":"https:\/\/uelzener.de\/magazin\/pferd\/erziehung-und-training\/pferd-mensch-beziehung\/#primaryimage"},"image":{"@id":"https:\/\/uelzener.de\/magazin\/pferd\/erziehung-und-training\/pferd-mensch-beziehung\/#primaryimage"},"thumbnailUrl":"https:\/\/uelzener.de\/magazin\/app\/uploads\/2022\/07\/Header_Magazin_Pferd-Mensch-Beziehung.jpg","datePublished":"2022-07-14T12:40:55+00:00","dateModified":"2025-01-23T15:27:48+00:00","description":"Tipps f\u00fcr eine gute Pferd-Mensch-Beziehung \u2714 Vertrauen aufbauen \u2714 Verbindung herstellen \u27a4 Hier mehr erfahren!","breadcrumb":{"@id":"https:\/\/uelzener.de\/magazin\/pferd\/erziehung-und-training\/pferd-mensch-beziehung\/#breadcrumb"},"inLanguage":"de","potentialAction":[{"@type":"ReadAction","target":["https:\/\/uelzener.de\/magazin\/pferd\/erziehung-und-training\/pferd-mensch-beziehung\/"]}]},{"@type":"ImageObject","inLanguage":"de","@id":"https:\/\/uelzener.de\/magazin\/pferd\/erziehung-und-training\/pferd-mensch-beziehung\/#primaryimage","url":"https:\/\/uelzener.de\/magazin\/app\/uploads\/2022\/07\/Header_Magazin_Pferd-Mensch-Beziehung.jpg","contentUrl":"https:\/\/uelzener.de\/magazin\/app\/uploads\/2022\/07\/Header_Magazin_Pferd-Mensch-Beziehung.jpg","width":1025,"height":450,"caption":"Frau lehnt sich an ihr hellbraunes Pferd, sie haben eine innige Beziehung."},{"@type":"WebSite","@id":"https:\/\/uelzener.de\/magazin\/#website","url":"https:\/\/uelzener.de\/magazin\/","name":"Uelzener Tiermagazin","description":"Online Tierratgeber der Uelzener Versicherungen","publisher":{"@id":"https:\/\/uelzener.de\/magazin\/#organization"},"potentialAction":[{"@type":"SearchAction","target":{"@type":"EntryPoint","urlTemplate":"https:\/\/uelzener.de\/magazin\/?s={search_term_string}"},"query-input":{"@type":"PropertyValueSpecification","valueRequired":true,"valueName":"search_term_string"}}],"inLanguage":"de"},{"@type":"Organization","@id":"https:\/\/uelzener.de\/magazin\/#organization","name":"Uelzener Versicherungen","url":"https:\/\/uelzener.de\/magazin\/","logo":{"@type":"ImageObject","inLanguage":"de","@id":"https:\/\/uelzener.de\/magazin\/#\/schema\/logo\/image\/","url":"https:\/\/uelzener.de\/magazin\/app\/uploads\/2024\/11\/uelzener_allgemeine_versicherungsgesellschaft_a_g_logo.jpg","contentUrl":"https:\/\/uelzener.de\/magazin\/app\/uploads\/2024\/11\/uelzener_allgemeine_versicherungsgesellschaft_a_g_logo.jpg","width":200,"height":200,"caption":"Uelzener Versicherungen"},"image":{"@id":"https:\/\/uelzener.de\/magazin\/#\/schema\/logo\/image\/"},"sameAs":["https:\/\/www.facebook.com\/Uelzener","https:\/\/instagram.com\/uelzener","https:\/\/www.xing.com\/pages\/uelzenerallgemeineversicherungs-gesellschafta-g","https:\/\/www.youtube.com\/UelzenerVersicherungen"]}]}},"_links":{"self":[{"href":"https:\/\/uelzener.de\/magazin\/wp-json\/wp\/v2\/pages\/13515","targetHints":{"allow":["GET"]}}],"collection":[{"href":"https:\/\/uelzener.de\/magazin\/wp-json\/wp\/v2\/pages"}],"about":[{"href":"https:\/\/uelzener.de\/magazin\/wp-json\/wp\/v2\/types\/page"}],"author":[{"embeddable":true,"href":"https:\/\/uelzener.de\/magazin\/wp-json\/wp\/v2\/users\/9"}],"replies":[{"embeddable":true,"href":"https:\/\/uelzener.de\/magazin\/wp-json\/wp\/v2\/comments?post=13515"}],"version-history":[{"count":12,"href":"https:\/\/uelzener.de\/magazin\/wp-json\/wp\/v2\/pages\/13515\/revisions"}],"predecessor-version":[{"id":18150,"href":"https:\/\/uelzener.de\/magazin\/wp-json\/wp\/v2\/pages\/13515\/revisions\/18150"}],"up":[{"embeddable":true,"href":"https:\/\/uelzener.de\/magazin\/wp-json\/wp\/v2\/pages\/11689"}],"wp:featuredmedia":[{"embeddable":true,"href":"https:\/\/uelzener.de\/magazin\/wp-json\/wp\/v2\/media\/13532"}],"wp:attachment":[{"href":"https:\/\/uelzener.de\/magazin\/wp-json\/wp\/v2\/media?parent=13515"}],"curies":[{"name":"wp","href":"https:\/\/api.w.org\/{rel}","templated":true}]}}