{"id":13496,"date":"2022-07-07T16:01:55","date_gmt":"2022-07-07T14:01:55","guid":{"rendered":"https:\/\/uelzener.de\/magazin\/?page_id=13496"},"modified":"2025-10-30T11:29:12","modified_gmt":"2025-10-30T10:29:12","slug":"erste-hilfe-hund-bienenstich-oder-wespenstich","status":"publish","type":"page","link":"https:\/\/uelzener.de\/magazin\/hund\/tiergesundheit\/erste-hilfe-hund-bienenstich-oder-wespenstich\/","title":{"rendered":"Bienenstich oder Wespenstich: Erste Hilfe f\u00fcr den Hund"},"content":{"rendered":"<p><strong>Hunde sind von Natur aus neugierig und lieben es, ihre Nase zum Schn\u00fcffeln \u00fcberall hineinzustecken. Frisst ein Hund bei einer Entdeckungstour eine Wespe oder Biene oder wird versehentlich gestochen, ist die Aufregung gro\u00df. Wie du deinen Vierbeiner vor einem Wespen- oder Bienenstich sch\u00fctzen kannst, welche Symptome auftreten und wie diese zu behandeln sind, erf\u00e4hrst du in diesem Artikel.<\/strong><\/p>\n<p>Wespen- und Bienenstiche treten am h\u00e4ufigsten in den <strong>Fr\u00fchlings-, Sommer- und fr\u00fchen Herbstmonaten<\/strong> auf. Je nach der abgegebenen Menge an Gift, der betroffenen K\u00f6rperpartie und der Sensibilit\u00e4t des Tieres verlaufen Insektenstiche ganz unterschiedlich. Da tollende Hunde meist an den Pfoten oder im Gesicht von einzelnen Insekten gestochen werden, kommen sie in der Regel mit einfachen Schwellungen davon. Zwar sind diese f\u00fcr unsere Vierbeiner schmerzhaft, gef\u00e4hrlich sind sie aber nicht.<\/p>\n<p>Anders sieht es bei Stichen an der Zunge und im <strong>Maul- oder Rachenraum<\/strong> aus. Oft versuchen neugierige Hunde aus Spa\u00df, Insekten zu fressen. Aber auch beim Essen oder Trinken aus dem Napf k\u00f6nnen Bienen und Wespen versehentlich ins Maul geraten und verschluckt werden. Auf dem Weg in den Magen kann es dann zu einem Stich kommen. Das dabei freigesetzte Gift kann <strong>Schwellungen in den Atemwegen<\/strong> des Vierbeiners verursachen, die das Luftholen erschweren. In ernsten F\u00e4llen kommt es zu einer richtigen <strong>Atemnot<\/strong>. Verletzungen in diesem Bereich sind gef\u00e4hrlich und sollten schnellstens in einer Tierarztpraxis behandelt werden.<\/p>\n<h2><strong>Was sind die Symptome eines Bienen- oder Wespenstichs?<\/strong><\/h2>\n<p>Ein Bienenstich ist leicht erkennbar, da der Stachel der Biene einen Widerhaken besitzt. Dieser setzt sich in der Haut des Opfers fest und bleibt \u00fcblicherweise auch nach dem Stich stecken. Wespen hinterlassen hingegen keinen Stachel. Manche Wespenarten bauen ihre Nester in der Erde, daher kann dein Hund versehentlich reintreten.<strong> Rennt dein Hund ohne erkennbaren Grund weg, jault oder humpelt, kann ein Wespenstich vermutet werden.<\/strong> Es k\u00f6nnte sich in diesem Fall aber auch um einen <a href=\"https:\/\/uelzener.de\/magazin\/hund\/tiergesundheit\/zecken-hund\/\"><strong>Zeckenbiss<\/strong><\/a> oder den Angriff eines anderen Insekts, beispielsweise einer Bremse oder Stechm\u00fccke, handeln.<\/p>\n<p>\u00dcblicherweise bleiben Stiche durch Bienen oder Wespen zun\u00e4chst oft unbemerkt. Ihre Folgen werden meist erst deutlich erkennbar, wenn sich der \u00dcbelt\u00e4ter l\u00e4ngst aus dem Staub gemacht hat:<\/p>\n<ul>\n<li><strong>Ver\u00e4ndertes Verhalten:<\/strong> Auf den Schreck eines Stichs folgen h\u00e4ufig kurze Laut\u00e4u\u00dferungen wie Jaulen, Kl\u00e4ffen oder Winseln. Aufgrund von Schmerzen und Hautreizungen kauen, lecken oder reiben Hunde oft an der Einstichstelle. Ist die <a href=\"https:\/\/uelzener.de\/magazin\/hund\/haltung\/hundepfote\/\">Hundepfote<\/a> betroffen, k\u00f6nnen sie auch humpeln.<\/li>\n<li><strong>Leichte k\u00f6rperliche Symptome: <\/strong>Nach einem Stich entstehen Quaddeln und R\u00f6tungen im Gesicht, an der Pfote oder am K\u00f6rper. Sie gehen meist innerhalb von Stunden bis wenigen Tagen zur\u00fcck.<\/li>\n<li><strong>Schwere k\u00f6rperliche Symptome: <\/strong>Ernster wird es, wenn es dem Hund schlagartig schlecht geht, er sich erbricht, r\u00f6chelt und schlecht atmen kann. Wird er sogar bewusstlos oder ist apathisch, zittert und zeigt Anzeichen eines Schocks, kann es sich um eine starke allergische Reaktion handeln.<\/li>\n<\/ul>\n<h2><strong>Allergische Reaktionen beim Hund nach einem Bienen- oder Wespenstich<\/strong><\/h2>\n<p>Viele Hundebesitzer:innen sorgen sich im Sommer, dass ihr Tier im Falle eines Bienenstichs oder Wespenstichs allergisch reagieren k\u00f6nnte. Die Symptome setzen dann meist schnell ein:<\/p>\n<ul>\n<li>Bei einer moderaten allergischen Reaktion k\u00f6nnen <strong>innerhalb von Sekunden bis wenigen Minuten Schwellungen<\/strong> am Kopf oder am K\u00f6rper des Tieres auftreten.<\/li>\n<li>Im seltenen Fall eines <strong>anaphylaktischen Schocks<\/strong> wird das Hormon Histamin in gro\u00dfen Mengen freigesetzt, die Blutgef\u00e4\u00dfe erweitern sich und der Blutdruck des Hundes f\u00e4llt rasch ab. In diesem Fall geben Tier\u00e4rzt:innen entz\u00fcndungshemmende Mittel und Antihistaminika, um die Gefahr schnell einzud\u00e4mmen. Wer seinen allergischen Hund langfristig vor solchen unangenehmen Zwischenf\u00e4llen sch\u00fctzen m\u00f6chte, kann eine Hyposensibilisierung durchf\u00fchren lassen.<\/li>\n<\/ul>\n<h2><strong>Mein Hund wurde gestochen \u2013 was tun?<\/strong><\/h2>\n<p>Die meisten Stiche k\u00f6nnen zu Hause behandelt werden, aber es gibt auch F\u00e4lle, die ernster sind. <strong>Stiche im Maul oder im Rachen, mehrere Stiche auf einmal und allergische Reaktionen sind allesamt Notf\u00e4lle und m\u00fcssen dringend tier\u00e4rztlich behandelt werden.<\/strong> Die Art der Behandlung ist zudem abh\u00e4ngig von der betroffenen K\u00f6rperstelle, der Insektenart und dem Schweregrad der Reaktion. Wie in den verschiedenen F\u00e4llen zu handeln ist, kannst du aus der folgenden \u00dcbersicht entnehmen:<\/p>\n<ol>\n<li>Der Hund sollte zun\u00e4chst <strong>beruhigt<\/strong> und die <strong>Einstichstelle untersucht<\/strong> werden.<\/li>\n<li>Falls ein <strong>Bienenstachel<\/strong> sichtbar ist, ist dieser mit einem geeigneten Gegenstand \u2013 beispielsweise einer Pinzette \u2013 vorsichtig zu <strong>entfernen<\/strong>. Sonst k\u00f6nnte der Stachel weiterhin Gift in den Hundek\u00f6rper absondern.<\/li>\n<li>Harmlose Stiche k\u00f6nnen mit einem eingewickelten Eisbeutel oder kaltem Wasser <strong>gek\u00fchlt<\/strong> werden. Auch im Halsbereich lassen sich solche Wickel anbringen.<\/li>\n<li>Wenn der oder die Hundehalter:in ernsthafte Folgen wie eine <strong>allergische Reaktion, einen Schock oder Atembeschwerden<\/strong> bef\u00fcrchtet, sollte eine <strong>Tierarztpraxis<\/strong> unterst\u00fctzen. Dort erh\u00e4lt der Hund Antihistaminika, um die Wirkung des Giftes zu blockieren. Eine vorab abgeschlossene <strong>Hunde-Krankenversicherung<\/strong> sch\u00fctzt vor hohen Behandlungskosten.<\/li>\n<li>Allergien bleiben bei Hunden ein Leben lang bestehen. In tier\u00e4rztlicher Absprache kann f\u00fcr den n\u00e4chsten Stich eine individuelle <strong>Notfalltasche<\/strong> zusammengestellt werden.<\/li>\n<\/ol>\n\n<div class=\"banner\">\n    <a href=\"https:\/\/uelzener.de\/hund\/hunde-krankenversicherung\/?agt=0000104925&sem=true&utm_medium=magazin&utm_source=wordpress&utm_campaign=hund_kv&utm_content=banner\">\n        <img decoding=\"async\" width=\"300\" height=\"212\" src=\"https:\/\/uelzener.de\/magazin\/app\/uploads\/2025\/01\/Hunde-Kranken-Versicherung.jpg\" class=\"attachment-medium size-medium\" alt=\"Banner Hunde-Kranken-Versicherung\" \/>    <\/a>\n<\/div>\n\n<h2><strong>Wie kann man einen Hund vor Bienen und Wespen sch\u00fctzen?<\/strong><\/h2>\n<p>Es gibt einige Sicherheitsvorkehrungen, die Hundehalter:innen treffen k\u00f6nnen, um ihre Tiere vor den schmerzhaften Stichen von Bienen oder Wespen zu sch\u00fctzen. Dazu z\u00e4hlen die folgenden Tipps:<\/p>\n<ul>\n<li><strong>Training<\/strong>: Bereits im Welpenalter kann ein Hund lernen, dass Insekten keine Spielgef\u00e4hrten sind. Dabei kann es hilfreich sein, dem Hund nicht beizubringen, Leckerlis in der Luft zu schnappen \u2013 denn das Verhalten wird m\u00f6glicherweise auf herumschwirrende Insekten \u00fcbertragen.<\/li>\n<li><strong>Sauberkeit<\/strong>: Wasser- und Futtern\u00e4pfe locken gerne Insekten an. In den Sommermonaten bieten sich regelm\u00e4\u00dfige Kontrollen der N\u00e4pfe an. Nach der F\u00fctterung sollten die Reste wegger\u00e4umt werden.<\/li>\n<li><strong>Vorbereitung: <\/strong>Bienen und Wespen summen am liebsten w\u00e4hrend der warmen Jahreszeit auf blumigen Wiesen und in G\u00e4rten \u2013 also zur selben Zeit, zu der auch Hundehalter:innen sich gern mit ihren Tieren drau\u00dfen aufhalten. Wer auf Nummer sicher gehen m\u00f6chte, nimmt ein angepasstes Notfall-Set mit. Haben die wehrhaften Insekten sogar ein Nest im Garten oder am Haus gebaut, sind Fachleute vonn\u00f6ten, um es sicher zu entfernen.<\/li>\n<\/ul>\n<h2><strong>Ein Bienenstich ist meist kein Beinbruch<\/strong><\/h2>\n<p>Gl\u00fccklicherweise ist es beim Hund in den meisten F\u00e4llen wie beim Menschen: Bienen- oder Wespenstiche sind unangenehm, tun aber meist nur kurze Zeit weh. Wer richtig viel Pech hat und allergisch ist oder in den Rachen oder Hals gestochen wird, ben\u00f6tigt allerdings schnell medizinische Hilfe. Dennoch, Wespen und Bienen geh\u00f6ren einfach zum Sommer dazu und sind wichtig f\u00fcr alle \u00d6kosysteme. Wer umsichtig ist und <strong>Ruhe bewahrt<\/strong>, der handelt mit unseren Tipps auch dann richtig, wenn der Hund in eine Biene oder Wespe tritt oder eines der Insekten sogar frisst.<\/p>\n<h2><strong>FAQ: H\u00e4ufig gestellte Fragen<\/strong><\/h2>\n<h3><strong>Ist es schlimm, wenn Hunde von einer Biene gestochen werden?<\/strong><\/h3>\n<p>Gl\u00fccklicherweise ist es bei unseren Vierbeinern in den meisten F\u00e4llen wie bei uns Menschen. Bienen- oder Wespenstiche sind unangenehm, tun aber meist nur kurze Zeit weh. Bei Stichen an der Zunge und im Maul-Rachenraum gilt: Verletzungen in diesen Bereichen sollten am besten in einer Tierarztpraxis behandelt werden.<\/p>\n<h3><strong>Was passiert, wenn ein Hund eine Biene frisst?<\/strong><\/h3>\n<p>Auf dem Weg in den Magen kann es zu einem Stich kommen. Das dabei freigesetzte Gift kann Schwellungen in den Atemwegen des Hundes verursachen, die das Luftholen erschweren.<\/p>\n<h3><strong>Welche erste Hilfema\u00dfnahmen kann ich beim Hund durchf\u00fchren, wenn er gestochen wurde?<\/strong><\/h3>\n<ul>\n<li>Der Hunde sollte beruhigt und die Einstichstelle untersucht werden.<\/li>\n<li>Falls ein Stachel erkennbar ist, ist dieser z. B. mit einer Pinzette vorsichtig zu entfernen.<\/li>\n<li>Harmlose Stiche k\u00f6nnen mit einem Eisbeutel oder kaltem Wasser gek\u00fchlt werden.<\/li>\n<li>Bei allergischen Reaktionen oder Atembeschwerden sollte ein Tierarzt hinzugezogen werden.<\/li>\n<\/ul>\n","protected":false},"excerpt":{"rendered":"<p>Hunde sind von Natur aus neugierig und lieben es, ihre Nase zum Schn\u00fcffeln \u00fcberall hineinzustecken. Frisst ein Hund bei einer Entdeckungstour eine Wespe oder Biene oder wird versehentlich gestochen, ist die Aufregung gro\u00df. Wie du deinen Vierbeiner vor einem Wespen- oder Bienenstich sch\u00fctzen kannst, welche Symptome auftreten und wie diese zu behandeln sind, erf\u00e4hrst du [&hellip;]<\/p>\n","protected":false},"author":9,"featured_media":13501,"parent":11701,"menu_order":67,"comment_status":"closed","ping_status":"closed","template":"templates\/blog.php","meta":{"_acf_changed":false,"_crdt_document":"","footnotes":"","beyondwords_generate_audio":"0","beyondwords_project_id":"","beyondwords_content_id":"","beyondwords_preview_token":"","beyondwords_player_style":"","beyondwords_language_id":"","beyondwords_title_voice_id":"","beyondwords_body_voice_id":"","beyondwords_summary_voice_id":"","beyondwords_error_message":"","beyondwords_disabled":"","beyondwords_delete_content":"","beyondwords_podcast_id":"","beyondwords_hash":"","publish_post_to_speechkit":"","speechkit_hash":"","speechkit_generate_audio":"","speechkit_project_id":"","speechkit_podcast_id":"","speechkit_error_message":"","speechkit_disabled":"","speechkit_access_key":"","speechkit_error":"","speechkit_info":"","speechkit_response":"","speechkit_retries":"","speechkit_status":"","speechkit_updated_at":"","_speechkit_link":"","_speechkit_text":""},"class_list":["post-13496","page","type-page","status-publish","has-post-thumbnail","hentry"],"acf":[],"yoast_head":"<!-- This site is optimized with the Yoast SEO Premium plugin  - https:\/\/yoast.com\/product\/yoast-seo-premium-wordpress\/ -->\n<title>Erste Hilfe bei einem Bienenstich beim Hund | Uelzener<\/title>\n<meta name=\"description\" content=\"Wespenstich beim Hund oder dein Hund frisst eine Biene? Wir haben Tipps zur Vorbeugung und Behandlung bei Bienenstich \u25b6 Jetzt lesen!\" \/>\n<meta name=\"robots\" content=\"index, follow, max-snippet:-1, max-image-preview:large, max-video-preview:-1\" \/>\n<link rel=\"canonical\" href=\"https:\/\/uelzener.de\/magazin\/hund\/tiergesundheit\/erste-hilfe-hund-bienenstich-oder-wespenstich\/\" \/>\n<meta property=\"og:locale\" content=\"de_DE\" \/>\n<meta property=\"og:type\" content=\"article\" \/>\n<meta property=\"og:title\" content=\"Bienenstich oder Wespenstich: Erste Hilfe f\u00fcr den Hund\" \/>\n<meta property=\"og:description\" content=\"Wespenstich beim Hund oder dein Hund frisst eine Biene? Wir haben Tipps zur Vorbeugung und Behandlung bei Bienenstich \u25b6 Jetzt lesen!\" \/>\n<meta property=\"og:url\" content=\"https:\/\/uelzener.de\/magazin\/hund\/tiergesundheit\/erste-hilfe-hund-bienenstich-oder-wespenstich\/\" \/>\n<meta property=\"og:site_name\" content=\"Uelzener Tier-Magazin\" \/>\n<meta property=\"article:publisher\" content=\"https:\/\/www.facebook.com\/Uelzener\" \/>\n<meta property=\"article:modified_time\" content=\"2025-10-30T10:29:12+00:00\" \/>\n<meta property=\"og:image\" content=\"https:\/\/uelzener.de\/magazin\/app\/uploads\/2022\/07\/Header_Bienenstich.jpg\" \/>\n\t<meta property=\"og:image:width\" content=\"1024\" \/>\n\t<meta property=\"og:image:height\" content=\"450\" \/>\n\t<meta property=\"og:image:type\" content=\"image\/jpeg\" \/>\n<meta name=\"twitter:card\" content=\"summary_large_image\" \/>\n<meta name=\"twitter:label1\" content=\"Gesch\u00e4tzte Lesezeit\" \/>\n\t<meta name=\"twitter:data1\" content=\"7\u00a0Minuten\" \/>\n<script type=\"application\/ld+json\" class=\"yoast-schema-graph\">{\"@context\":\"https:\/\/schema.org\",\"@graph\":[{\"@type\":\"WebPage\",\"@id\":\"https:\/\/uelzener.de\/magazin\/hund\/tiergesundheit\/erste-hilfe-hund-bienenstich-oder-wespenstich\/\",\"url\":\"https:\/\/uelzener.de\/magazin\/hund\/tiergesundheit\/erste-hilfe-hund-bienenstich-oder-wespenstich\/\",\"name\":\"Erste Hilfe bei einem Bienenstich beim Hund | Uelzener\",\"isPartOf\":{\"@id\":\"https:\/\/uelzener.de\/magazin\/#website\"},\"primaryImageOfPage\":{\"@id\":\"https:\/\/uelzener.de\/magazin\/hund\/tiergesundheit\/erste-hilfe-hund-bienenstich-oder-wespenstich\/#primaryimage\"},\"image\":{\"@id\":\"https:\/\/uelzener.de\/magazin\/hund\/tiergesundheit\/erste-hilfe-hund-bienenstich-oder-wespenstich\/#primaryimage\"},\"thumbnailUrl\":\"https:\/\/uelzener.de\/magazin\/app\/uploads\/2022\/07\/Header_Bienenstich.jpg\",\"datePublished\":\"2022-07-07T14:01:55+00:00\",\"dateModified\":\"2025-10-30T10:29:12+00:00\",\"description\":\"Wespenstich beim Hund oder dein Hund frisst eine Biene? Wir haben Tipps zur Vorbeugung und Behandlung bei Bienenstich \u25b6 Jetzt lesen!\",\"breadcrumb\":{\"@id\":\"https:\/\/uelzener.de\/magazin\/hund\/tiergesundheit\/erste-hilfe-hund-bienenstich-oder-wespenstich\/#breadcrumb\"},\"inLanguage\":\"de\",\"potentialAction\":[{\"@type\":\"ReadAction\",\"target\":[\"https:\/\/uelzener.de\/magazin\/hund\/tiergesundheit\/erste-hilfe-hund-bienenstich-oder-wespenstich\/\"]}]},{\"@type\":\"ImageObject\",\"inLanguage\":\"de\",\"@id\":\"https:\/\/uelzener.de\/magazin\/hund\/tiergesundheit\/erste-hilfe-hund-bienenstich-oder-wespenstich\/#primaryimage\",\"url\":\"https:\/\/uelzener.de\/magazin\/app\/uploads\/2022\/07\/Header_Bienenstich.jpg\",\"contentUrl\":\"https:\/\/uelzener.de\/magazin\/app\/uploads\/2022\/07\/Header_Bienenstich.jpg\",\"width\":1024,\"height\":450,\"caption\":\"Hund wird von einer Biene in die Schnauzte gestochen.\"},{\"@type\":\"WebSite\",\"@id\":\"https:\/\/uelzener.de\/magazin\/#website\",\"url\":\"https:\/\/uelzener.de\/magazin\/\",\"name\":\"Uelzener Tiermagazin\",\"description\":\"Online Tierratgeber der Uelzener Versicherungen\",\"publisher\":{\"@id\":\"https:\/\/uelzener.de\/magazin\/#organization\"},\"potentialAction\":[{\"@type\":\"SearchAction\",\"target\":{\"@type\":\"EntryPoint\",\"urlTemplate\":\"https:\/\/uelzener.de\/magazin\/?s={search_term_string}\"},\"query-input\":{\"@type\":\"PropertyValueSpecification\",\"valueRequired\":true,\"valueName\":\"search_term_string\"}}],\"inLanguage\":\"de\"},{\"@type\":\"Organization\",\"@id\":\"https:\/\/uelzener.de\/magazin\/#organization\",\"name\":\"Uelzener Versicherungen\",\"url\":\"https:\/\/uelzener.de\/magazin\/\",\"logo\":{\"@type\":\"ImageObject\",\"inLanguage\":\"de\",\"@id\":\"https:\/\/uelzener.de\/magazin\/#\/schema\/logo\/image\/\",\"url\":\"https:\/\/uelzener.de\/magazin\/app\/uploads\/2024\/11\/uelzener_allgemeine_versicherungsgesellschaft_a_g_logo.jpg\",\"contentUrl\":\"https:\/\/uelzener.de\/magazin\/app\/uploads\/2024\/11\/uelzener_allgemeine_versicherungsgesellschaft_a_g_logo.jpg\",\"width\":200,\"height\":200,\"caption\":\"Uelzener Versicherungen\"},\"image\":{\"@id\":\"https:\/\/uelzener.de\/magazin\/#\/schema\/logo\/image\/\"},\"sameAs\":[\"https:\/\/www.facebook.com\/Uelzener\",\"https:\/\/instagram.com\/uelzener\",\"https:\/\/www.xing.com\/pages\/uelzenerallgemeineversicherungs-gesellschafta-g\",\"https:\/\/www.youtube.com\/UelzenerVersicherungen\"]}]}<\/script>\n<!-- \/ Yoast SEO Premium plugin. -->","yoast_head_json":{"title":"Erste Hilfe bei einem Bienenstich beim Hund | Uelzener","description":"Wespenstich beim Hund oder dein Hund frisst eine Biene? Wir haben Tipps zur Vorbeugung und Behandlung bei Bienenstich \u25b6 Jetzt lesen!","robots":{"index":"index","follow":"follow","max-snippet":"max-snippet:-1","max-image-preview":"max-image-preview:large","max-video-preview":"max-video-preview:-1"},"canonical":"https:\/\/uelzener.de\/magazin\/hund\/tiergesundheit\/erste-hilfe-hund-bienenstich-oder-wespenstich\/","og_locale":"de_DE","og_type":"article","og_title":"Bienenstich oder Wespenstich: Erste Hilfe f\u00fcr den Hund","og_description":"Wespenstich beim Hund oder dein Hund frisst eine Biene? Wir haben Tipps zur Vorbeugung und Behandlung bei Bienenstich \u25b6 Jetzt lesen!","og_url":"https:\/\/uelzener.de\/magazin\/hund\/tiergesundheit\/erste-hilfe-hund-bienenstich-oder-wespenstich\/","og_site_name":"Uelzener Tier-Magazin","article_publisher":"https:\/\/www.facebook.com\/Uelzener","article_modified_time":"2025-10-30T10:29:12+00:00","og_image":[{"width":1024,"height":450,"url":"https:\/\/uelzener.de\/magazin\/app\/uploads\/2022\/07\/Header_Bienenstich.jpg","type":"image\/jpeg"}],"twitter_card":"summary_large_image","twitter_misc":{"Gesch\u00e4tzte Lesezeit":"7\u00a0Minuten"},"schema":{"@context":"https:\/\/schema.org","@graph":[{"@type":"WebPage","@id":"https:\/\/uelzener.de\/magazin\/hund\/tiergesundheit\/erste-hilfe-hund-bienenstich-oder-wespenstich\/","url":"https:\/\/uelzener.de\/magazin\/hund\/tiergesundheit\/erste-hilfe-hund-bienenstich-oder-wespenstich\/","name":"Erste Hilfe bei einem Bienenstich beim Hund | Uelzener","isPartOf":{"@id":"https:\/\/uelzener.de\/magazin\/#website"},"primaryImageOfPage":{"@id":"https:\/\/uelzener.de\/magazin\/hund\/tiergesundheit\/erste-hilfe-hund-bienenstich-oder-wespenstich\/#primaryimage"},"image":{"@id":"https:\/\/uelzener.de\/magazin\/hund\/tiergesundheit\/erste-hilfe-hund-bienenstich-oder-wespenstich\/#primaryimage"},"thumbnailUrl":"https:\/\/uelzener.de\/magazin\/app\/uploads\/2022\/07\/Header_Bienenstich.jpg","datePublished":"2022-07-07T14:01:55+00:00","dateModified":"2025-10-30T10:29:12+00:00","description":"Wespenstich beim Hund oder dein Hund frisst eine Biene? Wir haben Tipps zur Vorbeugung und Behandlung bei Bienenstich \u25b6 Jetzt lesen!","breadcrumb":{"@id":"https:\/\/uelzener.de\/magazin\/hund\/tiergesundheit\/erste-hilfe-hund-bienenstich-oder-wespenstich\/#breadcrumb"},"inLanguage":"de","potentialAction":[{"@type":"ReadAction","target":["https:\/\/uelzener.de\/magazin\/hund\/tiergesundheit\/erste-hilfe-hund-bienenstich-oder-wespenstich\/"]}]},{"@type":"ImageObject","inLanguage":"de","@id":"https:\/\/uelzener.de\/magazin\/hund\/tiergesundheit\/erste-hilfe-hund-bienenstich-oder-wespenstich\/#primaryimage","url":"https:\/\/uelzener.de\/magazin\/app\/uploads\/2022\/07\/Header_Bienenstich.jpg","contentUrl":"https:\/\/uelzener.de\/magazin\/app\/uploads\/2022\/07\/Header_Bienenstich.jpg","width":1024,"height":450,"caption":"Hund wird von einer Biene in die Schnauzte gestochen."},{"@type":"WebSite","@id":"https:\/\/uelzener.de\/magazin\/#website","url":"https:\/\/uelzener.de\/magazin\/","name":"Uelzener Tiermagazin","description":"Online Tierratgeber der Uelzener Versicherungen","publisher":{"@id":"https:\/\/uelzener.de\/magazin\/#organization"},"potentialAction":[{"@type":"SearchAction","target":{"@type":"EntryPoint","urlTemplate":"https:\/\/uelzener.de\/magazin\/?s={search_term_string}"},"query-input":{"@type":"PropertyValueSpecification","valueRequired":true,"valueName":"search_term_string"}}],"inLanguage":"de"},{"@type":"Organization","@id":"https:\/\/uelzener.de\/magazin\/#organization","name":"Uelzener Versicherungen","url":"https:\/\/uelzener.de\/magazin\/","logo":{"@type":"ImageObject","inLanguage":"de","@id":"https:\/\/uelzener.de\/magazin\/#\/schema\/logo\/image\/","url":"https:\/\/uelzener.de\/magazin\/app\/uploads\/2024\/11\/uelzener_allgemeine_versicherungsgesellschaft_a_g_logo.jpg","contentUrl":"https:\/\/uelzener.de\/magazin\/app\/uploads\/2024\/11\/uelzener_allgemeine_versicherungsgesellschaft_a_g_logo.jpg","width":200,"height":200,"caption":"Uelzener Versicherungen"},"image":{"@id":"https:\/\/uelzener.de\/magazin\/#\/schema\/logo\/image\/"},"sameAs":["https:\/\/www.facebook.com\/Uelzener","https:\/\/instagram.com\/uelzener","https:\/\/www.xing.com\/pages\/uelzenerallgemeineversicherungs-gesellschafta-g","https:\/\/www.youtube.com\/UelzenerVersicherungen"]}]}},"_links":{"self":[{"href":"https:\/\/uelzener.de\/magazin\/wp-json\/wp\/v2\/pages\/13496","targetHints":{"allow":["GET"]}}],"collection":[{"href":"https:\/\/uelzener.de\/magazin\/wp-json\/wp\/v2\/pages"}],"about":[{"href":"https:\/\/uelzener.de\/magazin\/wp-json\/wp\/v2\/types\/page"}],"author":[{"embeddable":true,"href":"https:\/\/uelzener.de\/magazin\/wp-json\/wp\/v2\/users\/9"}],"replies":[{"embeddable":true,"href":"https:\/\/uelzener.de\/magazin\/wp-json\/wp\/v2\/comments?post=13496"}],"version-history":[{"count":9,"href":"https:\/\/uelzener.de\/magazin\/wp-json\/wp\/v2\/pages\/13496\/revisions"}],"predecessor-version":[{"id":19413,"href":"https:\/\/uelzener.de\/magazin\/wp-json\/wp\/v2\/pages\/13496\/revisions\/19413"}],"up":[{"embeddable":true,"href":"https:\/\/uelzener.de\/magazin\/wp-json\/wp\/v2\/pages\/11701"}],"wp:featuredmedia":[{"embeddable":true,"href":"https:\/\/uelzener.de\/magazin\/wp-json\/wp\/v2\/media\/13501"}],"wp:attachment":[{"href":"https:\/\/uelzener.de\/magazin\/wp-json\/wp\/v2\/media?parent=13496"}],"curies":[{"name":"wp","href":"https:\/\/api.w.org\/{rel}","templated":true}]}}