{"id":13492,"date":"2022-07-07T16:14:48","date_gmt":"2022-07-07T14:14:48","guid":{"rendered":"https:\/\/uelzener.de\/magazin\/?page_id=13492"},"modified":"2023-09-20T11:34:11","modified_gmt":"2023-09-20T09:34:11","slug":"hund-frisst-bei-hitze-nicht","status":"publish","type":"page","link":"https:\/\/uelzener.de\/magazin\/hund\/ernaehrung\/hund-frisst-bei-hitze-nicht\/","title":{"rendered":"Hund frisst nicht bei Hitze: Muss ich mir Sorgen machen?"},"content":{"rendered":"<p><strong>Wenn es im Sommer hei\u00df wird, versp\u00fcren manche Menschen pl\u00f6tzlich keinen gro\u00dfen Appetit mehr. Vielen Hunden geht es nicht anders. Dabei handelt es sich um einen ganz nat\u00fcrlichen Prozess, der gleich mehrere Ausl\u00f6ser haben kann. In diesem Artikel erf\u00e4hrst du, wie du deinem Hund hilfst, auch bei Hitze noch ausreichend Futter und Wasser zu sich zu nehmen.<\/strong><\/p>\n<p>Es ist warm, der Hund bewegt sich schwerf\u00e4llig zum Futternapf, schn\u00fcffelt kurz und wendet sich dann wieder ab? Viele Tierbesitzer:innen machen sich Sorgen, wenn ihr Hund <strong>im Sommer weniger isst oder ganze Mahlzeiten ausfallen l\u00e4sst<\/strong>. Sie fragen sich, ob Hunde bei Hitze grunds\u00e4tzlich weniger fressen oder ob ihr Tier <strong>krank<\/strong> ist? Keine Sorge: Meist ist es ganz normal, wenn sich das Fressverhalten eines Hundes langsam \u00e4ndert, sobald im Fr\u00fchling die Temperaturen steigen und die Sonne wieder mehr scheint.<\/p>\n<h2><strong>Wieso frisst mein Hund im Sommer schlecht?<\/strong><\/h2>\n<p>Der Grund f\u00fcr den ver\u00e4nderten Appetit ist, dass im Sommer f\u00fcr viele Dinge <strong>weniger Energie<\/strong> ben\u00f6tigt wird. Muss ein Hundek\u00f6rper im Winter noch viel Arbeit aufbringen, um seine K\u00f6rpertemperatur aufrecht zu erhalten, ist dazu im Sommer weniger Anstrengung notwendig. Statt zu schwitzen, k\u00fchlen sich Hunde \u00fcber ausgiebiges Hecheln ab und <strong>ben\u00f6tigen statt Nahrung eher Wasser<\/strong>. Au\u00dferdem unternehmen viele Tiere bei hei\u00dfen Temperaturen <strong>keine gro\u00dfen k\u00f6rperlichen Anstrengungen<\/strong>, sondern machen es sich lieber in einer k\u00fchlen und schattigen Ecke gem\u00fctlich. Die Futterverweigerung ist also <strong>ganz nat\u00fcrlich<\/strong>.<\/p>\n<p>Wieviel Energie ein Hund allgemein in seinem Alltag ben\u00f6tigt, h\u00e4ngt von verschiedenen Faktoren ab:<\/p>\n<ul>\n<li><strong>Gewicht und Gr\u00f6\u00dfe: <\/strong>Je gr\u00f6\u00dfer und schwerer ein Hund ist, desto mehr Energie muss er f\u00fcr k\u00f6rperliche Aktivit\u00e4ten, aber auch f\u00fcr die allgemeine W\u00e4rmeregulierung aufbringen.<\/li>\n<li><strong>Umgebungstemperatur: <\/strong>Wenn ein Hund gro\u00dfe Unterschiede zwischen K\u00f6rpertemperatur und Umgebungstemperatur ausgleichen muss, ben\u00f6tigt er mehr Futter.<\/li>\n<li><strong>Alter: <\/strong>Welpen ben\u00f6tigen grunds\u00e4tzlich mehr Energie, da sie zus\u00e4tzlich zu den allgemeinen Aktivit\u00e4ten auch noch ihr Wachstum bew\u00e4ltigen m\u00fcssen. Alte Tiere sind hingegen meist weniger aktiv und senken damit ihren Futterbedarf.<\/li>\n<li><strong>Aktivit\u00e4t: <\/strong>Je mehr k\u00f6rperliche Aktivit\u00e4ten ein Hund aus\u00fcbt, desto eher wird er seine Reserven wieder am Futternapf auff\u00fcllen wollen.<\/li>\n<li><strong>Unterschiede bei den Hunderassen: <\/strong>Zus\u00e4tzlich zu den zuvor genannten Aspekten unterscheidet sich der Energiebedarf au\u00dferdem je nach Hunderasse. Insbesondere Eigenschaften wie ein langes oder ein dichtes Fell k\u00f6nnen den W\u00e4rmehaushalt eines Hundes sehr beeinflussen.<\/li>\n<\/ul>\n<h2><strong>Welche anderen Gr\u00fcnde kann es f\u00fcr Appetitlosigkeit beim Hund geben?<\/strong><\/h2>\n<p>Wenn ein Hund bei warmem Wetter schlecht frisst, kann das also v\u00f6llig normal sein. Auch schnelle Wetterumschw\u00fcnge, eine Hitzewelle oder die <a href=\"https:\/\/uelzener.de\/magazin\/hund\/haeufige-fragen\/reiseapotheke-fuer-hund-checkliste-tipps\/\">Reise<\/a> an einen deutlich w\u00e4rmeren Urlaubsort k\u00f6nnen den <strong>Kreislauf<\/strong> unserer Vierbeiner belasten. Nat\u00fcrlich kann ein Hund auch unter anderen Belastungen leiden: <strong>Stress, Erkrankungen, Zahnprobleme<\/strong> oder eine Ver\u00e4nderung im Hormonhaushalt durch <strong>L\u00e4ufigkeit<\/strong> k\u00f6nnen ebenfalls Ausl\u00f6ser f\u00fcr eine Futterverweigerung sein. Auch nach einer <strong><a href=\"https:\/\/uelzener.de\/magazin\/hund\/tiergesundheit\/impfungen-hund\/\">Impfung<\/a><\/strong> kann der Napf kurzzeitig gemieden werden. Das Tier sollte daher immer beobachtet werden, ob neben der Appetitlosigkeit auch <strong>andere k\u00f6rperliche Symptome<\/strong> wie <a href=\"https:\/\/uelzener.de\/magazin\/hund\/haeufige-fragen\/durchfall-beim-hund-verdauung\/\">Durchfall<\/a>, Schlappheit oder Erbrechen auftreten. In einem solchen Fall gilt es, <strong>Hilfe in der Tierarztpraxis<\/strong> zu suchen.<\/p>\n<h2><strong>Das richtige Hundefutter f\u00fcr den Sommer<\/strong><\/h2>\n<p>Generell k\u00f6nnen Hundehalter:innen ihren geliebten Haustieren <a href=\"https:\/\/uelzener.de\/magazin\/hund\/ernaehrung\/nassfutter-vs-trockenfutter\/\">Nass- oder Trockenfutter<\/a> anbieten. <strong>Nassfutter<\/strong> bietet bei warmem Wetter den Vorteil, dass es automatisch mit <strong>mehr Fl\u00fcssigkeit<\/strong> versorgt und damit vor dem Austrocknen sch\u00fctzt. <strong>Trockenfutter<\/strong> ist hingegen <strong>l\u00e4nger haltbar<\/strong>. Wer es mit Wasser mischt, kann so bei der Fl\u00fcssigkeitsaufnahme helfen. Diese weiteren Tipps sollten beim F\u00fctterungsmanagement im Sommer beachtet werden:<\/p>\n<ul>\n<li><strong>F\u00fctterungszeiten beachten:<\/strong> Da Hunde bei Hitze weniger fressen, sollten die Mahlzeiten eher in den k\u00fchleren Morgen- und Abendstunden angeboten werden.<\/li>\n<li><strong>Futter richtig lagern:<\/strong> Sowohl Nass- als auch Trockenfutter sollten k\u00fchl, sonnengesch\u00fctzt und trocken aufbewahrt werden. Angebrochenes Dosenfutter kann in einem verschlie\u00dfbaren Gef\u00e4\u00df noch eine Weile im K\u00fchlschrank gelagert werden. Wer rohes Fleisch verf\u00fcttert, sogenanntes <a href=\"https:\/\/uelzener.de\/magazin\/hund\/ernaehrung\/barfen-fuer-hunde\/\">BARF (biologisch artgerechtes rohes Futter<\/a>), sollte unbedingt auf eine ununterbrochene K\u00fchlkette achten.<\/li>\n<li><strong>Futter auf Zimmertemperatur erw\u00e4rmen:<\/strong> Es klingt zwar verlockend, eine gek\u00fchlte Mahlzeit direkt aus dem K\u00fchlschrank zu verf\u00fcttern, um den Hund zu erfrischen. Dennoch sollte das Futter immer zuerst auf Zimmertemperatur erw\u00e4rmt werden. Ansonsten drohen Bauchschmerzen und Kreislaufprobleme. Auch Wasser sollte nicht zu k\u00fchl serviert werden.<\/li>\n<li><strong>Napf optimal<\/strong> <strong>aufstellen<\/strong>: Der Futternapf und die Wasserschale stehen am besten an einem schattigen Ort. Es ist ratsam, beides regelm\u00e4\u00dfig zu reinigen und abgestandenes Wasser auszutauschen. W\u00e4hrend das Futter bei Hitze schneller verdirbt, sammeln sich au\u00dferdem schnell Fliegen, Wespen und Ungeziefer im Napf. Wer das Nassfutter beim Aufw\u00e4rmen abdeckt, kann dem entgegenwirken. Verirrt sich trotzdem eine Biene in den Napf, sollte man immer vorbereitet sein, was es bei einem <strong><a href=\"https:\/\/uelzener.de\/magazin\/hund\/tiergesundheit\/erste-hilfe-hund-bienenstich-oder-wespenstich\">Bienenstich<\/a><\/strong> zu tun gilt.<\/li>\n<\/ul>\n<h2><strong>Den Hund bei Hitze unterst\u00fctzen<\/strong><\/h2>\n<p>Wer seinem Hund dennoch tags\u00fcber etwas zu fressen anbieten m\u00f6chte, kann im Sommer auch auf <strong>leichte Snacks<\/strong> ausweichen. Gerade rohe Gem\u00fcsesorten, zum Beispiel Karotten, Zucchini oder Feldsalat, versorgen den Vierbeiner mit Vitaminen und Fl\u00fcssigkeit. Zudem stellen leichte Lebensmittel keine sonderliche Belastung f\u00fcr den Magen und die Verdauung dar. Gerade im Sommer ist der Ratschlag, den <a href=\"https:\/\/uelzener.de\/magazin\/hund\/ernaehrung\/hunde-nach-17-uhr-fuettern\/\">Hund nicht nach 17:00 Uhr zu f\u00fcttern<\/a>, nicht allzu ernst zu nehmen. Es bleibt drau\u00dfen lange hell im Sommer und die Gassirunde nach einer Mahlzeit kann so entsprechend auch bequem nach hinten verlagert werden.<\/p>\n<p>Jenseits der Ern\u00e4hrung sorgt vor allem <strong>Abk\u00fchlung<\/strong> f\u00fcr dankbare Hundeaugen. Die Palette an M\u00f6glichkeiten scheint dabei endlos. Zuhause kann jeder seinem Tier ein schattiges Pl\u00e4tzchen bereiten und beispielsweise den Korb oder die Decke auf kalten Fliesen ausbreiten. An besonders hei\u00dfen Tagen ist es au\u00dferdem eine willkommene Erfrischung, wenn sich der Vierbeiner auf einem k\u00fchlen, feuchten Handtuch entspannen kann. Man sollte allerdings davon absehen, dieses \u00fcber den Hund zu legen: In einem solchen Fall kann schnell ein Hitzestau entstehen. Auch das \u00dcbergie\u00dfen mit kaltem Wasser ist nicht zu empfehlen, da der Kreislauf eines erhitzten Tieres damit \u00fcberfordert wird. Bei Ausfl\u00fcgen in die Natur sollten Herrchen oder Frauchen immer ausreichend Trinkwasser f\u00fcr Hund und Mensch mitf\u00fchren.<\/p>\n<p>Wasser zum Baden bietet eine weitere Erfrischungsm\u00f6glichkeit. Wenn der <strong><a href=\"https:\/\/uelzener.de\/magazin\/hund\/tiergesundheit\/schwimmen-mit-hund-tipps-fuer-mehr-sicherheit-am-badestrand\/\">Hund schwimmen<\/a><\/strong> mag, ist das eine gern genutzte Chance, um ein bisschen Aktivit\u00e4t in den Sommertag zu bringen. Besonders gut geeignet, weil die Wasserwerte regelm\u00e4\u00dfig \u00fcberpr\u00fcft werden und das Gel\u00e4nde passend gestaltet ist, ist der Besuch eines <a href=\"https:\/\/uelzener.de\/magazin\/hund\/tipps-fuer-den-alltag\/deutschlands-schoenste-hundestraende\"><strong>Hundestrands<\/strong><\/a>. Bei aller Freude \u00fcber Abk\u00fchlung ist jedoch immer zu beachten, dass ein Hund beim Schwimmen sowohl durch die Wassertemperatur unterk\u00fchlen, als auch durch die Anstrengung \u00fcberhitzen kann.<\/p>\n<h2><strong>Frisst der Hund schlecht bei Hitze, ist das grunds\u00e4tzlich kein Problem<\/strong><\/h2>\n<p>Wenn die Temperaturen steigen, sinkt der Appetit. Verantwortlich f\u00fcr diese Grundregel ist, dass die Temperaturregelung des Hundes weniger gefordert ist und das Tier sich vielleicht eine Stunde mehr in den Schatten legt als \u00fcblich. Da allerdings auch andere Ursachen, beispielsweise ein Hitzschlag, verantwortlich f\u00fcr die Appetitlosigkeit sein k\u00f6nnen, sollte der Vierbeiner immer genau beobachtet werden. <strong>Frisst der Hund auf Dauer nichts, ist ein Besuch in einer Tierarztpraxis zu empfehlen.<\/strong><\/p>\n<h2><strong>FAQ: H\u00e4ufig gestellte Fragen<\/strong><\/h2>\n<h3><strong>Warum frisst mein Hund bei Hitze nicht?<\/strong><\/h3>\n<p>Bei hei\u00dfen Temperaturen unternehmen viele Hunde keine gro\u00dfen k\u00f6rperlichen Anstrengungen, sondern machen es sich lieber in einer k\u00fchlen oder schattigen Ecke gem\u00fctlich. Es ist meist ganz normal, wenn sich das Fressverhalten langsam \u00e4ndert, sobald im Fr\u00fchling die Temperaturen steigen und die die Sonne wieder mehr scheint.<\/p>\n<h3><strong>Haben Hunde bei Hitze weniger Hunger?<\/strong><\/h3>\n<p>Im Sommer wird f\u00fcr viele Dinge weniger Energie ben\u00f6tigt. Muss ein Hundek\u00f6rper im Winter noch viel Arbeit aufbringen, um seine K\u00f6rpertemperatur aufrecht zu erhalten, ist dazu im Sommer weniger Anstrengung notwendig. Statt zu schwitzen k\u00fchlen sich Hunde \u00fcber ausgiebiges Hecheln ab und ben\u00f6tigen statt Nahrung eher Wasser. So erkennst du \u00fcbrigens <a href=\"https:\/\/uelzener.de\/magazin\/hund\/ernaehrung\/hund-hunger-anzeichen\/\">die Anzeichen vom richtigen Hunger beim Hund<\/a>.<\/p>\n<h3><strong>Was d\u00fcrfen Hunde im Sommer essen?<\/strong><\/h3>\n<p>Generell k\u00f6nnen Hundehalter:innen auch im Sommer ihren geliebten Haustieren Nass- oder Trockenfutter anbieten. Nassfutter bietet bei warmem Wetter den Vorteil, dass es automatisch mit mehr Fl\u00fcssigkeit versorgt und damit vor dem Austrocknen sch\u00fctzt.<\/p>\n","protected":false},"excerpt":{"rendered":"<p>Wenn es im Sommer hei\u00df wird, versp\u00fcren manche Menschen pl\u00f6tzlich keinen gro\u00dfen Appetit mehr. Vielen Hunden geht es nicht anders. Dabei handelt es sich um einen ganz nat\u00fcrlichen Prozess, der gleich mehrere Ausl\u00f6ser haben kann. In diesem Artikel erf\u00e4hrst du, wie du deinem Hund hilfst, auch bei Hitze noch ausreichend Futter und Wasser zu sich [&hellip;]<\/p>\n","protected":false},"author":9,"featured_media":13506,"parent":11674,"menu_order":10,"comment_status":"closed","ping_status":"closed","template":"templates\/blog.php","meta":{"_acf_changed":false,"_crdt_document":"","footnotes":"","beyondwords_generate_audio":"","beyondwords_project_id":"","beyondwords_content_id":"","beyondwords_preview_token":"","beyondwords_player_style":"","beyondwords_language_id":"","beyondwords_title_voice_id":"","beyondwords_body_voice_id":"","beyondwords_summary_voice_id":"","beyondwords_error_message":"","beyondwords_disabled":"","beyondwords_delete_content":"","beyondwords_podcast_id":"","beyondwords_hash":"","publish_post_to_speechkit":"","speechkit_hash":"","speechkit_generate_audio":"","speechkit_project_id":"","speechkit_podcast_id":"","speechkit_error_message":"","speechkit_disabled":"","speechkit_access_key":"","speechkit_error":"","speechkit_info":"","speechkit_response":"","speechkit_retries":"","speechkit_status":"","speechkit_updated_at":"","_speechkit_link":"","_speechkit_text":""},"class_list":["post-13492","page","type-page","status-publish","has-post-thumbnail","hentry"],"acf":[],"yoast_head":"<!-- This site is optimized with the Yoast SEO Premium plugin  - https:\/\/yoast.com\/product\/yoast-seo-premium-wordpress\/ -->\n<title>Dein Hund frisst bei Hitze nicht? Wir haben Tipps | Uelzener<\/title>\n<meta name=\"description\" content=\"Dein Hund frisst nicht bei Hitze und du wei\u00dft nicht, was du tun kannst? F\u00fctterungstipps und mehr hier! \u25b6 Jetzt informieren!\" \/>\n<meta name=\"robots\" content=\"index, follow, max-snippet:-1, max-image-preview:large, max-video-preview:-1\" \/>\n<link rel=\"canonical\" href=\"https:\/\/uelzener.de\/magazin\/hund\/ernaehrung\/hund-frisst-bei-hitze-nicht\/\" \/>\n<meta property=\"og:locale\" content=\"de_DE\" \/>\n<meta property=\"og:type\" content=\"article\" \/>\n<meta property=\"og:title\" content=\"Hund frisst nicht bei Hitze: Muss ich mir Sorgen machen?\" \/>\n<meta property=\"og:description\" content=\"Dein Hund frisst nicht bei Hitze und du wei\u00dft nicht, was du tun kannst? F\u00fctterungstipps und mehr hier! \u25b6 Jetzt informieren!\" \/>\n<meta property=\"og:url\" content=\"https:\/\/uelzener.de\/magazin\/hund\/ernaehrung\/hund-frisst-bei-hitze-nicht\/\" \/>\n<meta property=\"og:site_name\" content=\"Uelzener Tier-Magazin\" \/>\n<meta property=\"article:publisher\" content=\"https:\/\/www.facebook.com\/Uelzener\" \/>\n<meta property=\"article:modified_time\" content=\"2023-09-20T09:34:11+00:00\" \/>\n<meta property=\"og:image\" content=\"https:\/\/uelzener.de\/magazin\/app\/uploads\/2022\/07\/Header_Hund-frisst-bei-Hitze-nicht.jpg\" \/>\n\t<meta property=\"og:image:width\" content=\"1024\" \/>\n\t<meta property=\"og:image:height\" content=\"450\" \/>\n\t<meta property=\"og:image:type\" content=\"image\/jpeg\" \/>\n<meta name=\"twitter:card\" content=\"summary_large_image\" \/>\n<meta name=\"twitter:label1\" content=\"Gesch\u00e4tzte Lesezeit\" \/>\n\t<meta name=\"twitter:data1\" content=\"6\u00a0Minuten\" \/>\n<script type=\"application\/ld+json\" class=\"yoast-schema-graph\">{\"@context\":\"https:\\\/\\\/schema.org\",\"@graph\":[{\"@type\":\"WebPage\",\"@id\":\"https:\\\/\\\/uelzener.de\\\/magazin\\\/hund\\\/ernaehrung\\\/hund-frisst-bei-hitze-nicht\\\/\",\"url\":\"https:\\\/\\\/uelzener.de\\\/magazin\\\/hund\\\/ernaehrung\\\/hund-frisst-bei-hitze-nicht\\\/\",\"name\":\"Dein Hund frisst bei Hitze nicht? Wir haben Tipps | Uelzener\",\"isPartOf\":{\"@id\":\"https:\\\/\\\/uelzener.de\\\/magazin\\\/#website\"},\"primaryImageOfPage\":{\"@id\":\"https:\\\/\\\/uelzener.de\\\/magazin\\\/hund\\\/ernaehrung\\\/hund-frisst-bei-hitze-nicht\\\/#primaryimage\"},\"image\":{\"@id\":\"https:\\\/\\\/uelzener.de\\\/magazin\\\/hund\\\/ernaehrung\\\/hund-frisst-bei-hitze-nicht\\\/#primaryimage\"},\"thumbnailUrl\":\"https:\\\/\\\/uelzener.de\\\/magazin\\\/app\\\/uploads\\\/2022\\\/07\\\/Header_Hund-frisst-bei-Hitze-nicht.jpg\",\"datePublished\":\"2022-07-07T14:14:48+00:00\",\"dateModified\":\"2023-09-20T09:34:11+00:00\",\"description\":\"Dein Hund frisst nicht bei Hitze und du wei\u00dft nicht, was du tun kannst? F\u00fctterungstipps und mehr hier! \u25b6 Jetzt informieren!\",\"breadcrumb\":{\"@id\":\"https:\\\/\\\/uelzener.de\\\/magazin\\\/hund\\\/ernaehrung\\\/hund-frisst-bei-hitze-nicht\\\/#breadcrumb\"},\"inLanguage\":\"de\",\"potentialAction\":[{\"@type\":\"ReadAction\",\"target\":[\"https:\\\/\\\/uelzener.de\\\/magazin\\\/hund\\\/ernaehrung\\\/hund-frisst-bei-hitze-nicht\\\/\"]}]},{\"@type\":\"ImageObject\",\"inLanguage\":\"de\",\"@id\":\"https:\\\/\\\/uelzener.de\\\/magazin\\\/hund\\\/ernaehrung\\\/hund-frisst-bei-hitze-nicht\\\/#primaryimage\",\"url\":\"https:\\\/\\\/uelzener.de\\\/magazin\\\/app\\\/uploads\\\/2022\\\/07\\\/Header_Hund-frisst-bei-Hitze-nicht.jpg\",\"contentUrl\":\"https:\\\/\\\/uelzener.de\\\/magazin\\\/app\\\/uploads\\\/2022\\\/07\\\/Header_Hund-frisst-bei-Hitze-nicht.jpg\",\"width\":1024,\"height\":450,\"caption\":\"Kleiner grauer Hund liegt m\u00fcde vor seinem Napf und frisst wegen der Hitze nicht.\"},{\"@type\":\"WebSite\",\"@id\":\"https:\\\/\\\/uelzener.de\\\/magazin\\\/#website\",\"url\":\"https:\\\/\\\/uelzener.de\\\/magazin\\\/\",\"name\":\"Uelzener Tiermagazin\",\"description\":\"Online Tierratgeber der Uelzener Versicherungen\",\"publisher\":{\"@id\":\"https:\\\/\\\/uelzener.de\\\/magazin\\\/#organization\"},\"potentialAction\":[{\"@type\":\"SearchAction\",\"target\":{\"@type\":\"EntryPoint\",\"urlTemplate\":\"https:\\\/\\\/uelzener.de\\\/magazin\\\/?s={search_term_string}\"},\"query-input\":{\"@type\":\"PropertyValueSpecification\",\"valueRequired\":true,\"valueName\":\"search_term_string\"}}],\"inLanguage\":\"de\"},{\"@type\":\"Organization\",\"@id\":\"https:\\\/\\\/uelzener.de\\\/magazin\\\/#organization\",\"name\":\"Uelzener Versicherungen\",\"url\":\"https:\\\/\\\/uelzener.de\\\/magazin\\\/\",\"logo\":{\"@type\":\"ImageObject\",\"inLanguage\":\"de\",\"@id\":\"https:\\\/\\\/uelzener.de\\\/magazin\\\/#\\\/schema\\\/logo\\\/image\\\/\",\"url\":\"https:\\\/\\\/uelzener.de\\\/magazin\\\/app\\\/uploads\\\/2024\\\/11\\\/uelzener_allgemeine_versicherungsgesellschaft_a_g_logo.jpg\",\"contentUrl\":\"https:\\\/\\\/uelzener.de\\\/magazin\\\/app\\\/uploads\\\/2024\\\/11\\\/uelzener_allgemeine_versicherungsgesellschaft_a_g_logo.jpg\",\"width\":200,\"height\":200,\"caption\":\"Uelzener Versicherungen\"},\"image\":{\"@id\":\"https:\\\/\\\/uelzener.de\\\/magazin\\\/#\\\/schema\\\/logo\\\/image\\\/\"},\"sameAs\":[\"https:\\\/\\\/www.facebook.com\\\/Uelzener\",\"https:\\\/\\\/instagram.com\\\/uelzener\",\"https:\\\/\\\/www.xing.com\\\/pages\\\/uelzenerallgemeineversicherungs-gesellschafta-g\",\"https:\\\/\\\/www.youtube.com\\\/UelzenerVersicherungen\"]}]}<\/script>\n<!-- \/ Yoast SEO Premium plugin. -->","yoast_head_json":{"title":"Dein Hund frisst bei Hitze nicht? Wir haben Tipps | Uelzener","description":"Dein Hund frisst nicht bei Hitze und du wei\u00dft nicht, was du tun kannst? F\u00fctterungstipps und mehr hier! \u25b6 Jetzt informieren!","robots":{"index":"index","follow":"follow","max-snippet":"max-snippet:-1","max-image-preview":"max-image-preview:large","max-video-preview":"max-video-preview:-1"},"canonical":"https:\/\/uelzener.de\/magazin\/hund\/ernaehrung\/hund-frisst-bei-hitze-nicht\/","og_locale":"de_DE","og_type":"article","og_title":"Hund frisst nicht bei Hitze: Muss ich mir Sorgen machen?","og_description":"Dein Hund frisst nicht bei Hitze und du wei\u00dft nicht, was du tun kannst? F\u00fctterungstipps und mehr hier! \u25b6 Jetzt informieren!","og_url":"https:\/\/uelzener.de\/magazin\/hund\/ernaehrung\/hund-frisst-bei-hitze-nicht\/","og_site_name":"Uelzener Tier-Magazin","article_publisher":"https:\/\/www.facebook.com\/Uelzener","article_modified_time":"2023-09-20T09:34:11+00:00","og_image":[{"width":1024,"height":450,"url":"https:\/\/uelzener.de\/magazin\/app\/uploads\/2022\/07\/Header_Hund-frisst-bei-Hitze-nicht.jpg","type":"image\/jpeg"}],"twitter_card":"summary_large_image","twitter_misc":{"Gesch\u00e4tzte Lesezeit":"6\u00a0Minuten"},"schema":{"@context":"https:\/\/schema.org","@graph":[{"@type":"WebPage","@id":"https:\/\/uelzener.de\/magazin\/hund\/ernaehrung\/hund-frisst-bei-hitze-nicht\/","url":"https:\/\/uelzener.de\/magazin\/hund\/ernaehrung\/hund-frisst-bei-hitze-nicht\/","name":"Dein Hund frisst bei Hitze nicht? Wir haben Tipps | Uelzener","isPartOf":{"@id":"https:\/\/uelzener.de\/magazin\/#website"},"primaryImageOfPage":{"@id":"https:\/\/uelzener.de\/magazin\/hund\/ernaehrung\/hund-frisst-bei-hitze-nicht\/#primaryimage"},"image":{"@id":"https:\/\/uelzener.de\/magazin\/hund\/ernaehrung\/hund-frisst-bei-hitze-nicht\/#primaryimage"},"thumbnailUrl":"https:\/\/uelzener.de\/magazin\/app\/uploads\/2022\/07\/Header_Hund-frisst-bei-Hitze-nicht.jpg","datePublished":"2022-07-07T14:14:48+00:00","dateModified":"2023-09-20T09:34:11+00:00","description":"Dein Hund frisst nicht bei Hitze und du wei\u00dft nicht, was du tun kannst? F\u00fctterungstipps und mehr hier! \u25b6 Jetzt informieren!","breadcrumb":{"@id":"https:\/\/uelzener.de\/magazin\/hund\/ernaehrung\/hund-frisst-bei-hitze-nicht\/#breadcrumb"},"inLanguage":"de","potentialAction":[{"@type":"ReadAction","target":["https:\/\/uelzener.de\/magazin\/hund\/ernaehrung\/hund-frisst-bei-hitze-nicht\/"]}]},{"@type":"ImageObject","inLanguage":"de","@id":"https:\/\/uelzener.de\/magazin\/hund\/ernaehrung\/hund-frisst-bei-hitze-nicht\/#primaryimage","url":"https:\/\/uelzener.de\/magazin\/app\/uploads\/2022\/07\/Header_Hund-frisst-bei-Hitze-nicht.jpg","contentUrl":"https:\/\/uelzener.de\/magazin\/app\/uploads\/2022\/07\/Header_Hund-frisst-bei-Hitze-nicht.jpg","width":1024,"height":450,"caption":"Kleiner grauer Hund liegt m\u00fcde vor seinem Napf und frisst wegen der Hitze nicht."},{"@type":"WebSite","@id":"https:\/\/uelzener.de\/magazin\/#website","url":"https:\/\/uelzener.de\/magazin\/","name":"Uelzener Tiermagazin","description":"Online Tierratgeber der Uelzener Versicherungen","publisher":{"@id":"https:\/\/uelzener.de\/magazin\/#organization"},"potentialAction":[{"@type":"SearchAction","target":{"@type":"EntryPoint","urlTemplate":"https:\/\/uelzener.de\/magazin\/?s={search_term_string}"},"query-input":{"@type":"PropertyValueSpecification","valueRequired":true,"valueName":"search_term_string"}}],"inLanguage":"de"},{"@type":"Organization","@id":"https:\/\/uelzener.de\/magazin\/#organization","name":"Uelzener Versicherungen","url":"https:\/\/uelzener.de\/magazin\/","logo":{"@type":"ImageObject","inLanguage":"de","@id":"https:\/\/uelzener.de\/magazin\/#\/schema\/logo\/image\/","url":"https:\/\/uelzener.de\/magazin\/app\/uploads\/2024\/11\/uelzener_allgemeine_versicherungsgesellschaft_a_g_logo.jpg","contentUrl":"https:\/\/uelzener.de\/magazin\/app\/uploads\/2024\/11\/uelzener_allgemeine_versicherungsgesellschaft_a_g_logo.jpg","width":200,"height":200,"caption":"Uelzener Versicherungen"},"image":{"@id":"https:\/\/uelzener.de\/magazin\/#\/schema\/logo\/image\/"},"sameAs":["https:\/\/www.facebook.com\/Uelzener","https:\/\/instagram.com\/uelzener","https:\/\/www.xing.com\/pages\/uelzenerallgemeineversicherungs-gesellschafta-g","https:\/\/www.youtube.com\/UelzenerVersicherungen"]}]}},"_links":{"self":[{"href":"https:\/\/uelzener.de\/magazin\/wp-json\/wp\/v2\/pages\/13492","targetHints":{"allow":["GET"]}}],"collection":[{"href":"https:\/\/uelzener.de\/magazin\/wp-json\/wp\/v2\/pages"}],"about":[{"href":"https:\/\/uelzener.de\/magazin\/wp-json\/wp\/v2\/types\/page"}],"author":[{"embeddable":true,"href":"https:\/\/uelzener.de\/magazin\/wp-json\/wp\/v2\/users\/9"}],"replies":[{"embeddable":true,"href":"https:\/\/uelzener.de\/magazin\/wp-json\/wp\/v2\/comments?post=13492"}],"version-history":[{"count":16,"href":"https:\/\/uelzener.de\/magazin\/wp-json\/wp\/v2\/pages\/13492\/revisions"}],"predecessor-version":[{"id":16259,"href":"https:\/\/uelzener.de\/magazin\/wp-json\/wp\/v2\/pages\/13492\/revisions\/16259"}],"up":[{"embeddable":true,"href":"https:\/\/uelzener.de\/magazin\/wp-json\/wp\/v2\/pages\/11674"}],"wp:featuredmedia":[{"embeddable":true,"href":"https:\/\/uelzener.de\/magazin\/wp-json\/wp\/v2\/media\/13506"}],"wp:attachment":[{"href":"https:\/\/uelzener.de\/magazin\/wp-json\/wp\/v2\/media?parent=13492"}],"curies":[{"name":"wp","href":"https:\/\/api.w.org\/{rel}","templated":true}]}}