{"id":13486,"date":"2022-07-07T16:07:25","date_gmt":"2022-07-07T14:07:25","guid":{"rendered":"https:\/\/uelzener.de\/magazin\/?page_id=13486"},"modified":"2025-11-13T11:44:21","modified_gmt":"2025-11-13T10:44:21","slug":"deutschlands-schoenste-hundestraende","status":"publish","type":"page","link":"https:\/\/uelzener.de\/magazin\/hund\/tipps-fuer-den-alltag\/deutschlands-schoenste-hundestraende\/","title":{"rendered":"Mit dem Hund ans Meer: Deutschlands sch\u00f6nste Hundestr\u00e4nde"},"content":{"rendered":"<p>Sommer, Sonne, Meer \u2013 wenn es um Ausfl\u00fcge ans Wasser geht, m\u00f6chten viele Hundebesitzer:innen ihren pelzigen Gef\u00e4hrten am liebsten sofort einpacken und mitnehmen. An Nord- und Ostsee sind Hunde aber vielerorts ungebetene G\u00e4ste. Damit dein n\u00e4chster Strandurlaub ein tierischer Erfolg wird, stellen wir die sch\u00f6nsten Hundestr\u00e4nde Deutschlands vor und erkl\u00e4ren, was zu beachten ist.<\/p>\n<p>Stundenlang ohne Leine am Strand laufen, im warmen Sand buddeln, im Wasser toben \u2013 ein Ausflug zum Strand ist f\u00fcr viele Hunde das Nonplusultra. Damit es keinen \u00c4rger rund um Leinenpflicht, Hinterlassenschaften oder Ruhest\u00f6rung gibt, sollten Hundebesitzer:innen vorher abkl\u00e4ren, ob ihr Wunschziel wirklich hundefreundlich ist.<\/p>\n<h2><strong>Wann ist ein Strand ein Hundestrand?<\/strong><\/h2>\n<p>An vielen Str\u00e4nden sind Hunde in der Hauptsaison leider nicht willkommen. Ohnehin ist eher davon abzuraten, mit einem temperamentvollen Tier einen \u00fcberf\u00fcllten und m\u00f6glicherweise auch \u00fcberhitzten Strandabschnitt aufzusuchen. Im Fr\u00fchjahr, Herbst und Winter lassen viele Gemeinden Vierbeiner zwar zu, oft gilt aber auch dort eine Leinenpflicht. Deshalb lohnt es sich, gezielt ausgewiesene Hundestr\u00e4nde anzusteuern: An diesen hundefreundlichen Strandabschnitten d\u00fcrfen die Vierbeiner in jeder Jahreszeit toben, spielen, baden und am Strand liegen.<\/p>\n<p>H\u00e4ufig hat sich dort auch eine hundegerechte Infrastruktur angesiedelt. Tierfreundliche Unterk\u00fcnfte, Gesch\u00e4fte f\u00fcr den t\u00e4glichen Bedarf eines Hundes und sogar lokale Tier\u00e4rzt:innen sorgen f\u00fcr einen Allround-Service, der den Urlaub zum entspannten Vergn\u00fcgen macht. Sollte der Hund w\u00e4hrend des Aufenthalts am Meer also einmal kr\u00e4nkeln oder beispielsweise <strong><a href=\"https:\/\/uelzener.de\/magazin\/hund\/ernaehrung\/hund-frisst-bei-hitze-nicht\/\">bei Hitze nicht fressen<\/a><\/strong>, gibt es Unterst\u00fctzung mit fachlicher Expertise. So k\u00f6nnen auch Tierhalter:innen mit einem alten oder chronisch kranken Tier die Reise wagen.<\/p>\n<h2><strong>Auf zum Hundestrand an der Nordsee<\/strong><\/h2>\n<p>Auszeiten an der Nordsee sind faszinierend. Das raue Meer ist gepr\u00e4gt von den Gezeiten und bietet viel Abwechslung: Bei Flut kann man wunderbar schwimmen und wenn sich das Wasser bei Ebbe zur\u00fcckzieht, machen Wattwanderungen Spa\u00df. Auch D\u00fcnen, Deiche und gr\u00fcne Wiesen laden zu Spazierg\u00e4ngen ein \u2013 sofern sie f\u00fcr den Publikumsverkehr freigegeben sind. Zum Schutz von bedrohten Wildtierarten gilt an der Nordsee vielerorts Leinenpflicht. Auf Hundewiesen, gekennzeichneten Gebieten und abseits der Hauptsaison d\u00fcrfen Hunde dennoch auch leinenfrei die Umgebung erkunden. Hier sind die sch\u00f6nsten Ecken f\u00fcr aktive Hunde zu finden, die die weite Natur lieben:<\/p>\n<ul>\n<li>Sylt: Auf der schleswig-holsteinischen Nordseeinsel Sylt gibt es insgesamt 16 Hundestr\u00e4nde, die sich von der Nord- bis an die S\u00fcdspitze des beliebten Urlaubsziels erstrecken. An vielen dieser Str\u00e4nde d\u00fcrfen Vierbeiner auch ohne Leine toben. In Absprache mit Wattf\u00fchrer:innen d\u00fcrfen Hunde ebenfalls an Wattwanderungen teilnehmen. Den meisten Freiraum genie\u00dfen Vierbeiner in der Nebensaison. Vom 1. November bis zum 14. M\u00e4rz gilt die Leinenpflicht nur an stark besuchten Hundestr\u00e4nden. Wer auch mal ohne Hund etwas auf der Insel unternehmen m\u00f6chte, kann ihn nach Absprache im Tierheim Sylt betreuen lassen.<\/li>\n<li>F\u00f6hr: Sylts Nachbarinsel F\u00f6hr bietet Hundebesitzer:innen insgesamt sechs Hundestr\u00e4nde. Auf dem gro\u00dfen Hundeauslaufgel\u00e4nde in Wyk und auf Utersum d\u00fcrfen Vierbeiner ungezwungen die Gegend erkunden. Auf der restlichen Insel sowie im Nationalpark Wattenmeer sind Hunde zugunsten von Wildtieren an der Leine zu halten.<\/li>\n<li>Cuxhaven: F\u00fcr Wattwander-Fans ist der Hundestrand Sahlenburg im nieders\u00e4chsischen Cuxhaven perfekt geeignet. Von da aus l\u00e4sst sich zu Fu\u00df die Insel Neuwerk gut erreichen. Zwar gilt am Strand, im Wattenmeer und im Wernerwald die Leinenpflicht, doch ist f\u00fcr Hunde gut gesorgt: Von Hundeduschen \u00fcber Trinkwasserstationen bis hin zu Beutelspendern und Hunde-WCs ist alles verf\u00fcgbar, was verantwortungsbewusste Tierbesitzer:innen brauchen. Auch die Hundestr\u00e4nde in D\u00f6se, Grimmersh\u00f6rn und Altenbruch bieten eine hundefreundliche Infrastruktur.<\/li>\n<\/ul>\n<p><a href=\"https:\/\/uelzener.de\/magazin\/hund\/tipps-fuer-den-alltag\/wandern-mit-hund-tipps-tricks\/\">Hier noch mehr Tipps f\u00fcr Wanderungen mit Hunden, was es generell zu beachten gibt plus einer Checkliste, damit du nichts vergisst.<\/a><\/p>\n<h2><strong>Traumziel Hundestrand an der Ostsee<\/strong><\/h2>\n<p>Viele Hundebesitzer:innen sch\u00e4tzen die Ostsee als Reiseziel mit ihren weichen Sandstr\u00e4nden, dem ruhigen Wellengang und einer lauen Brise. An vielen Orten d\u00fcrfen Hunde auch ohne Leine im Sand buddeln und am Strand toben. Einige Hotels an der Ostsee haben Menschen mit Hund sogar zur Zielgruppe auserkoren: So gibt es Unterk\u00fcnfte, die Hunde geb\u00fchrenfrei willkommen hei\u00dfen und \u00fcber einen eigenen Zugang zum Meer f\u00fcr die vierbeinigen G\u00e4ste verf\u00fcgen.<\/p>\n<p>Insgesamt hat die Ostsee mit \u00fcber 50 Hundestr\u00e4nden entlang der K\u00fcste viel zu bieten:<\/p>\n<ul>\n<li>Gr\u00f6mitz: Der Hundestrand Gr\u00f6mitz gilt als einer der sch\u00f6nsten Hundestr\u00e4nde Schleswig-Holsteins. Mit gleich zwei Hundehotels und zwei weitl\u00e4ufigen Strandabschnitten f\u00fchlen sich Mensch und Tier hier pudelwohl. Sowohl am Nordstrand als auch am Lensterstrand kann der feine Sand leinenfrei beschn\u00fcffelt werden. Toben und schwimmen sind ausdr\u00fccklich erlaubt. Schattige Waldwege sorgen auch im Sommer f\u00fcr Abk\u00fchlung und Entspannung vom Strandtrubel. F\u00fcr Trinkwasser, M\u00fclleimer und Kotbeutelstationen ist ebenfalls gesorgt.<\/li>\n<li>Eckernf\u00f6rde ist ein wahres Hundeparadies: Zwischen dem Haupt- und dem S\u00fcdstrand liegt der 500 Meter lange Hundestrand. Entlang der Eckernf\u00f6rder Bucht finden sich vier weitere Str\u00e4nde, an denen man leinenfrei ins Wasser darf. F\u00fcr Abwechslung sorgen unter anderem Wanderausfl\u00fcge in den Naturpark H\u00fcttener Berge oder an den Binnensee Windebyer Noor. Das einzige Manko: W\u00e4hrend der Saison tummeln sich hier viele Tourist:innen.<\/li>\n<li>Schlei: In der Region Schlei-Ostsee sind Hunde ebenfalls willkommen. Die Landschaft ist vielseitig, die Hundestr\u00e4nde zahlreich. Das Wasser der Schlei ist nicht zu tief und durch die Mischung aus S\u00fc\u00df- und Salzwasser auch f\u00fcr empfindliche Vierbeiner gut geeignet. Zwischen den verschiedenen Urlaubsdomizilen und urigen Ortschaften finden sich gen\u00fcgend Gr\u00fcnfl\u00e4chen zum Auslaufen, Ballspielen und Pause machen.<\/li>\n<\/ul>\n<h2><strong>Tipps f\u00fcr einen erfolgreichen Strandurlaub<\/strong><\/h2>\n<p>Bevor es mit Sack und Pack an den Strand geht, sind einige Vorbereitungen erforderlich. Allgemeine <strong><a href=\"https:\/\/uelzener.de\/magazin\/hund\/tipps-fuer-den-alltag\/urlaub-mit-hund-tipps\/\">Tipps zum Urlaub mit Hund<\/a><\/strong> findest du hier. Besonders wichtig ist nat\u00fcrlich, dass das Tier fit genug f\u00fcr die Reise und sein <strong>Impfstatus<\/strong> vollst\u00e4ndig ist. Des Weiteren sollte die Packliste bei einem Urlaub im Sommer auch eine Reiseapotheke f\u00fcr den Hund, einen Sonnenschirm sowie eine spezielle Sonnencreme enthalten \u2013 denn insbesondere Vierbeiner mit d\u00fcnnem Fell und heller Haut k\u00f6nnen genau wie Menschen einen Sonnenbrand bekommen.<\/p>\n\n<div class=\"related_articles boxed\">\n    <h2>Mehr zum Thema<\/h2>\n    \n    <div class=\"wrapper\"><div class=\"title align-center\"><h3><a href=\"https:\/\/uelzener.de\/magazin\/hund\/tiergesundheit\/hund-frisst-sand\/\">Hund frisst Sand: Was dahintersteckt und wann es gef\u00e4hrlich wird<\/a><\/h3><\/div><div class=\"img align-center\"><img decoding=\"async\" width=\"315\" height=\"180\" src=\"https:\/\/uelzener.de\/magazin\/app\/uploads\/2024\/08\/hund-frisst-sand-315x180.jpg\" class=\"attachment-315x180 size-315x180 wp-post-image\" alt=\"Hund buddelt am Strand und frisst Sand.\" \/><\/div><\/div><div class=\"wrapper\"><div class=\"title align-center\"><h3><a href=\"https:\/\/uelzener.de\/magazin\/hund\/pflege\/sonnencreme-fuer-hunde\/\">Sonnencreme f\u00fcr Hunde: So sch\u00fctzt du deinen Vierbeiner<\/a><\/h3><\/div><div class=\"img align-center\"><img decoding=\"async\" width=\"315\" height=\"180\" src=\"https:\/\/uelzener.de\/magazin\/app\/uploads\/2025\/07\/sonnencreme-hunde-315x180.jpg\" class=\"attachment-315x180 size-315x180 wp-post-image\" alt=\"Zwei Hunde in der Sonne am Strand.\" \/><\/div><\/div><div class=\"wrapper\"><div class=\"title align-center\"><h3><a href=\"https:\/\/uelzener.de\/magazin\/hund\/haeufige-fragen\/reiseapotheke-fuer-hund-checkliste-tipps\/\">Reiseapotheke f\u00fcr den Hund: Checkliste und Tipps<\/a><\/h3><\/div><div class=\"img align-center\"><img decoding=\"async\" width=\"315\" height=\"180\" src=\"https:\/\/uelzener.de\/magazin\/app\/uploads\/2023\/02\/reiseapotheke-hund-315x180.jpg\" class=\"attachment-315x180 size-315x180 wp-post-image\" alt=\"Hund neben orangenem Trolley. Bei Reisen auch an die Reiseapotheke f\u00fcr den Hund denken.\" \/><\/div><\/div><\/div>\n\n<p>Sicher geht, wer sich schon zu Hause gut \u00fcber Regeln und Gepflogenheiten am Urlaubsort informiert. Hundestrand-Apps und offizielle Webseiten geben Auskunft, ob eine Leine erforderlich ist oder Tiere frei toben d\u00fcrfen.<\/p>\n<p>Besonders im Urlaub zahlt sich ein strukturiertes Hundetraining aus. Schlie\u00dflich m\u00f6chte niemand seinem Hund an einem kilometerlangen Sandstrand hinterherrennen, nur weil das Tier eine M\u00f6we verfolgt. Und auch wo es viel Platz gibt, ist gegenseitige R\u00fccksichtnahme genauso wichtig wie zu Hause im Park. Das gilt auch f\u00fcr die Hinterlassenschaften des Hundes, die in mitgebrachten oder vor Ort auffindbaren Kotbeuteln entsorgt werden sollten.<\/p>\n<h2><strong>Ostsee oder Nordsee \u2013 wohin soll es gehen? <\/strong><\/h2>\n<p>St\u00fcrmische Nordseek\u00fcste oder sanfte Ostsee? Deutschlands Hundestr\u00e4nde haben f\u00fcr jeden Geschmack etwas zu bieten. D\u00fcnen, W\u00e4lder und hundefreundliche Str\u00e4nde in Schleswig-Holstein und Niedersachsen sind in jeder Jahreszeit eine Reise wert. Und wer sich vorher gut informiert, der kann Wasser, Sand und das Zusammensein mit dem eigenen Hund ganz entspannt genie\u00dfen.<\/p>\n<h2><strong>FAQ: H\u00e4ufig gestellte Fragen<\/strong><\/h2>\n<h3><strong>Wo gibt es die besten Hundestr\u00e4nde?<\/strong><\/h3>\n<p>Auf den Inseln Sylt und F\u00f6hr und bei Cuxhaven, Grimmersh\u00f6rn und Altenbruch gibt es an der Nordsee sch\u00f6ne Hundestr\u00e4nde. Hundebesitzer die eher weiche Sandstr\u00e4nde und ruhigeren Wellengang bevorzugen, f\u00fchlen sich z. B. in Gr\u00f6mitz und der Region Schlei-Ostsee sehr wohl.<\/p>\n<h3><strong>Wo d\u00fcrfen Hunde an der Nordsee frei laufen?<\/strong><\/h3>\n<p>Nordseeseitig d\u00fcrfen Hunde an einigen Str\u00e4nde auf Sylt und z. B. in Wyk auf F\u00f6hr und auf Utersum frei laufen. Den meisten Freiraum genie\u00dfen Vierbeiner in der Nebensaison. In den Wintermonaten gilt vielerorts Leinenpflicht nur an stark besuchten Hundestr\u00e4nden.<\/p>\n<h3><strong>Wo ist es mit dem Hund an der Ostsee am sch\u00f6nsten?<\/strong><\/h3>\n<p>Der Hundestrand in Gr\u00f6mitz gilt als einer der sch\u00f6nsten Hundestr\u00e4nde Schleswig-Holsteins. F\u00fcr viele Hundebesitzer ist aber auch Eckernf\u00f6rde und seinem 500 m langen Hundestrand sehr sch\u00f6n. Auch in der Region Schlei-Ostsee sind Hunde sehr willkommen.<\/p>\n","protected":false},"excerpt":{"rendered":"<p>Sommer, Sonne, Meer \u2013 wenn es um Ausfl\u00fcge ans Wasser geht, m\u00f6chten viele Hundebesitzer:innen ihren pelzigen Gef\u00e4hrten am liebsten sofort einpacken und mitnehmen. An Nord- und Ostsee sind Hunde aber vielerorts ungebetene G\u00e4ste. Damit dein n\u00e4chster Strandurlaub ein tierischer Erfolg wird, stellen wir die sch\u00f6nsten Hundestr\u00e4nde Deutschlands vor und erkl\u00e4ren, was zu beachten ist. Stundenlang [&hellip;]<\/p>\n","protected":false},"author":9,"featured_media":13504,"parent":11707,"menu_order":24,"comment_status":"closed","ping_status":"closed","template":"templates\/blog.php","meta":{"_acf_changed":false,"_crdt_document":"","footnotes":"","beyondwords_generate_audio":"","beyondwords_project_id":"","beyondwords_content_id":"","beyondwords_preview_token":"","beyondwords_player_style":"","beyondwords_language_id":"","beyondwords_title_voice_id":"","beyondwords_body_voice_id":"","beyondwords_summary_voice_id":"","beyondwords_error_message":"","beyondwords_disabled":"","beyondwords_delete_content":"","beyondwords_podcast_id":"","beyondwords_hash":"","publish_post_to_speechkit":"","speechkit_hash":"","speechkit_generate_audio":"","speechkit_project_id":"","speechkit_podcast_id":"","speechkit_error_message":"","speechkit_disabled":"","speechkit_access_key":"","speechkit_error":"","speechkit_info":"","speechkit_response":"","speechkit_retries":"","speechkit_status":"","speechkit_updated_at":"","_speechkit_link":"","_speechkit_text":""},"class_list":["post-13486","page","type-page","status-publish","has-post-thumbnail","hentry"],"acf":[],"yoast_head":"<!-- This site is optimized with the Yoast SEO Premium plugin  - https:\/\/yoast.com\/product\/yoast-seo-premium-wordpress\/ -->\n<title>Die sch\u00f6nsten Hundestr\u00e4nde in Deutschland | Uelzener<\/title>\n<meta name=\"description\" content=\"Die sch\u00f6nsten Hundestr\u00e4nde finden \u2713 Hundestrand an der Nordsee &amp; Ostsee \u2713 Regeln \u25b6 Jetzt mehr erfahren und Strand finden!\" \/>\n<meta name=\"robots\" content=\"index, follow, max-snippet:-1, max-image-preview:large, max-video-preview:-1\" \/>\n<link rel=\"canonical\" href=\"https:\/\/uelzener.de\/magazin\/hund\/tipps-fuer-den-alltag\/deutschlands-schoenste-hundestraende\/\" \/>\n<meta property=\"og:locale\" content=\"de_DE\" \/>\n<meta property=\"og:type\" content=\"article\" \/>\n<meta property=\"og:title\" content=\"Mit dem Hund ans Meer: Deutschlands sch\u00f6nste Hundestr\u00e4nde\" \/>\n<meta property=\"og:description\" content=\"Die sch\u00f6nsten Hundestr\u00e4nde finden \u2713 Hundestrand an der Nordsee &amp; Ostsee \u2713 Regeln \u25b6 Jetzt mehr erfahren und Strand finden!\" \/>\n<meta property=\"og:url\" content=\"https:\/\/uelzener.de\/magazin\/hund\/tipps-fuer-den-alltag\/deutschlands-schoenste-hundestraende\/\" \/>\n<meta property=\"og:site_name\" content=\"Uelzener Tier-Magazin\" \/>\n<meta property=\"article:publisher\" content=\"https:\/\/www.facebook.com\/Uelzener\" \/>\n<meta property=\"article:modified_time\" content=\"2025-11-13T10:44:21+00:00\" \/>\n<meta property=\"og:image\" content=\"https:\/\/uelzener.de\/magazin\/app\/uploads\/2022\/07\/Header_Schoenste-Hundestraende.jpg\" \/>\n\t<meta property=\"og:image:width\" content=\"1024\" \/>\n\t<meta property=\"og:image:height\" content=\"450\" \/>\n\t<meta property=\"og:image:type\" content=\"image\/jpeg\" \/>\n<meta name=\"twitter:card\" content=\"summary_large_image\" \/>\n<meta name=\"twitter:label1\" content=\"Gesch\u00e4tzte Lesezeit\" \/>\n\t<meta name=\"twitter:data1\" content=\"7\u00a0Minuten\" \/>\n<script type=\"application\/ld+json\" class=\"yoast-schema-graph\">{\"@context\":\"https:\/\/schema.org\",\"@graph\":[{\"@type\":\"WebPage\",\"@id\":\"https:\/\/uelzener.de\/magazin\/hund\/tipps-fuer-den-alltag\/deutschlands-schoenste-hundestraende\/\",\"url\":\"https:\/\/uelzener.de\/magazin\/hund\/tipps-fuer-den-alltag\/deutschlands-schoenste-hundestraende\/\",\"name\":\"Die sch\u00f6nsten Hundestr\u00e4nde in Deutschland | Uelzener\",\"isPartOf\":{\"@id\":\"https:\/\/uelzener.de\/magazin\/#website\"},\"primaryImageOfPage\":{\"@id\":\"https:\/\/uelzener.de\/magazin\/hund\/tipps-fuer-den-alltag\/deutschlands-schoenste-hundestraende\/#primaryimage\"},\"image\":{\"@id\":\"https:\/\/uelzener.de\/magazin\/hund\/tipps-fuer-den-alltag\/deutschlands-schoenste-hundestraende\/#primaryimage\"},\"thumbnailUrl\":\"https:\/\/uelzener.de\/magazin\/app\/uploads\/2022\/07\/Header_Schoenste-Hundestraende.jpg\",\"datePublished\":\"2022-07-07T14:07:25+00:00\",\"dateModified\":\"2025-11-13T10:44:21+00:00\",\"description\":\"Die sch\u00f6nsten Hundestr\u00e4nde finden \u2713 Hundestrand an der Nordsee & Ostsee \u2713 Regeln \u25b6 Jetzt mehr erfahren und Strand finden!\",\"breadcrumb\":{\"@id\":\"https:\/\/uelzener.de\/magazin\/hund\/tipps-fuer-den-alltag\/deutschlands-schoenste-hundestraende\/#breadcrumb\"},\"inLanguage\":\"de\",\"potentialAction\":[{\"@type\":\"ReadAction\",\"target\":[\"https:\/\/uelzener.de\/magazin\/hund\/tipps-fuer-den-alltag\/deutschlands-schoenste-hundestraende\/\"]}]},{\"@type\":\"ImageObject\",\"inLanguage\":\"de\",\"@id\":\"https:\/\/uelzener.de\/magazin\/hund\/tipps-fuer-den-alltag\/deutschlands-schoenste-hundestraende\/#primaryimage\",\"url\":\"https:\/\/uelzener.de\/magazin\/app\/uploads\/2022\/07\/Header_Schoenste-Hundestraende.jpg\",\"contentUrl\":\"https:\/\/uelzener.de\/magazin\/app\/uploads\/2022\/07\/Header_Schoenste-Hundestraende.jpg\",\"width\":1024,\"height\":450,\"caption\":\"Frau sitzt mit Hund am Strand vor D\u00fcnen, sie besuchen gerne Hundestr\u00e4nde.\"},{\"@type\":\"WebSite\",\"@id\":\"https:\/\/uelzener.de\/magazin\/#website\",\"url\":\"https:\/\/uelzener.de\/magazin\/\",\"name\":\"Uelzener Tiermagazin\",\"description\":\"Online Tierratgeber der Uelzener Versicherungen\",\"publisher\":{\"@id\":\"https:\/\/uelzener.de\/magazin\/#organization\"},\"potentialAction\":[{\"@type\":\"SearchAction\",\"target\":{\"@type\":\"EntryPoint\",\"urlTemplate\":\"https:\/\/uelzener.de\/magazin\/?s={search_term_string}\"},\"query-input\":{\"@type\":\"PropertyValueSpecification\",\"valueRequired\":true,\"valueName\":\"search_term_string\"}}],\"inLanguage\":\"de\"},{\"@type\":\"Organization\",\"@id\":\"https:\/\/uelzener.de\/magazin\/#organization\",\"name\":\"Uelzener Versicherungen\",\"url\":\"https:\/\/uelzener.de\/magazin\/\",\"logo\":{\"@type\":\"ImageObject\",\"inLanguage\":\"de\",\"@id\":\"https:\/\/uelzener.de\/magazin\/#\/schema\/logo\/image\/\",\"url\":\"https:\/\/uelzener.de\/magazin\/app\/uploads\/2024\/11\/uelzener_allgemeine_versicherungsgesellschaft_a_g_logo.jpg\",\"contentUrl\":\"https:\/\/uelzener.de\/magazin\/app\/uploads\/2024\/11\/uelzener_allgemeine_versicherungsgesellschaft_a_g_logo.jpg\",\"width\":200,\"height\":200,\"caption\":\"Uelzener Versicherungen\"},\"image\":{\"@id\":\"https:\/\/uelzener.de\/magazin\/#\/schema\/logo\/image\/\"},\"sameAs\":[\"https:\/\/www.facebook.com\/Uelzener\",\"https:\/\/instagram.com\/uelzener\",\"https:\/\/www.xing.com\/pages\/uelzenerallgemeineversicherungs-gesellschafta-g\",\"https:\/\/www.youtube.com\/UelzenerVersicherungen\"]}]}<\/script>\n<!-- \/ Yoast SEO Premium plugin. -->","yoast_head_json":{"title":"Die sch\u00f6nsten Hundestr\u00e4nde in Deutschland | Uelzener","description":"Die sch\u00f6nsten Hundestr\u00e4nde finden \u2713 Hundestrand an der Nordsee & Ostsee \u2713 Regeln \u25b6 Jetzt mehr erfahren und Strand finden!","robots":{"index":"index","follow":"follow","max-snippet":"max-snippet:-1","max-image-preview":"max-image-preview:large","max-video-preview":"max-video-preview:-1"},"canonical":"https:\/\/uelzener.de\/magazin\/hund\/tipps-fuer-den-alltag\/deutschlands-schoenste-hundestraende\/","og_locale":"de_DE","og_type":"article","og_title":"Mit dem Hund ans Meer: Deutschlands sch\u00f6nste Hundestr\u00e4nde","og_description":"Die sch\u00f6nsten Hundestr\u00e4nde finden \u2713 Hundestrand an der Nordsee & Ostsee \u2713 Regeln \u25b6 Jetzt mehr erfahren und Strand finden!","og_url":"https:\/\/uelzener.de\/magazin\/hund\/tipps-fuer-den-alltag\/deutschlands-schoenste-hundestraende\/","og_site_name":"Uelzener Tier-Magazin","article_publisher":"https:\/\/www.facebook.com\/Uelzener","article_modified_time":"2025-11-13T10:44:21+00:00","og_image":[{"width":1024,"height":450,"url":"https:\/\/uelzener.de\/magazin\/app\/uploads\/2022\/07\/Header_Schoenste-Hundestraende.jpg","type":"image\/jpeg"}],"twitter_card":"summary_large_image","twitter_misc":{"Gesch\u00e4tzte Lesezeit":"7\u00a0Minuten"},"schema":{"@context":"https:\/\/schema.org","@graph":[{"@type":"WebPage","@id":"https:\/\/uelzener.de\/magazin\/hund\/tipps-fuer-den-alltag\/deutschlands-schoenste-hundestraende\/","url":"https:\/\/uelzener.de\/magazin\/hund\/tipps-fuer-den-alltag\/deutschlands-schoenste-hundestraende\/","name":"Die sch\u00f6nsten Hundestr\u00e4nde in Deutschland | Uelzener","isPartOf":{"@id":"https:\/\/uelzener.de\/magazin\/#website"},"primaryImageOfPage":{"@id":"https:\/\/uelzener.de\/magazin\/hund\/tipps-fuer-den-alltag\/deutschlands-schoenste-hundestraende\/#primaryimage"},"image":{"@id":"https:\/\/uelzener.de\/magazin\/hund\/tipps-fuer-den-alltag\/deutschlands-schoenste-hundestraende\/#primaryimage"},"thumbnailUrl":"https:\/\/uelzener.de\/magazin\/app\/uploads\/2022\/07\/Header_Schoenste-Hundestraende.jpg","datePublished":"2022-07-07T14:07:25+00:00","dateModified":"2025-11-13T10:44:21+00:00","description":"Die sch\u00f6nsten Hundestr\u00e4nde finden \u2713 Hundestrand an der Nordsee & Ostsee \u2713 Regeln \u25b6 Jetzt mehr erfahren und Strand finden!","breadcrumb":{"@id":"https:\/\/uelzener.de\/magazin\/hund\/tipps-fuer-den-alltag\/deutschlands-schoenste-hundestraende\/#breadcrumb"},"inLanguage":"de","potentialAction":[{"@type":"ReadAction","target":["https:\/\/uelzener.de\/magazin\/hund\/tipps-fuer-den-alltag\/deutschlands-schoenste-hundestraende\/"]}]},{"@type":"ImageObject","inLanguage":"de","@id":"https:\/\/uelzener.de\/magazin\/hund\/tipps-fuer-den-alltag\/deutschlands-schoenste-hundestraende\/#primaryimage","url":"https:\/\/uelzener.de\/magazin\/app\/uploads\/2022\/07\/Header_Schoenste-Hundestraende.jpg","contentUrl":"https:\/\/uelzener.de\/magazin\/app\/uploads\/2022\/07\/Header_Schoenste-Hundestraende.jpg","width":1024,"height":450,"caption":"Frau sitzt mit Hund am Strand vor D\u00fcnen, sie besuchen gerne Hundestr\u00e4nde."},{"@type":"WebSite","@id":"https:\/\/uelzener.de\/magazin\/#website","url":"https:\/\/uelzener.de\/magazin\/","name":"Uelzener Tiermagazin","description":"Online Tierratgeber der Uelzener Versicherungen","publisher":{"@id":"https:\/\/uelzener.de\/magazin\/#organization"},"potentialAction":[{"@type":"SearchAction","target":{"@type":"EntryPoint","urlTemplate":"https:\/\/uelzener.de\/magazin\/?s={search_term_string}"},"query-input":{"@type":"PropertyValueSpecification","valueRequired":true,"valueName":"search_term_string"}}],"inLanguage":"de"},{"@type":"Organization","@id":"https:\/\/uelzener.de\/magazin\/#organization","name":"Uelzener Versicherungen","url":"https:\/\/uelzener.de\/magazin\/","logo":{"@type":"ImageObject","inLanguage":"de","@id":"https:\/\/uelzener.de\/magazin\/#\/schema\/logo\/image\/","url":"https:\/\/uelzener.de\/magazin\/app\/uploads\/2024\/11\/uelzener_allgemeine_versicherungsgesellschaft_a_g_logo.jpg","contentUrl":"https:\/\/uelzener.de\/magazin\/app\/uploads\/2024\/11\/uelzener_allgemeine_versicherungsgesellschaft_a_g_logo.jpg","width":200,"height":200,"caption":"Uelzener Versicherungen"},"image":{"@id":"https:\/\/uelzener.de\/magazin\/#\/schema\/logo\/image\/"},"sameAs":["https:\/\/www.facebook.com\/Uelzener","https:\/\/instagram.com\/uelzener","https:\/\/www.xing.com\/pages\/uelzenerallgemeineversicherungs-gesellschafta-g","https:\/\/www.youtube.com\/UelzenerVersicherungen"]}]}},"_links":{"self":[{"href":"https:\/\/uelzener.de\/magazin\/wp-json\/wp\/v2\/pages\/13486","targetHints":{"allow":["GET"]}}],"collection":[{"href":"https:\/\/uelzener.de\/magazin\/wp-json\/wp\/v2\/pages"}],"about":[{"href":"https:\/\/uelzener.de\/magazin\/wp-json\/wp\/v2\/types\/page"}],"author":[{"embeddable":true,"href":"https:\/\/uelzener.de\/magazin\/wp-json\/wp\/v2\/users\/9"}],"replies":[{"embeddable":true,"href":"https:\/\/uelzener.de\/magazin\/wp-json\/wp\/v2\/comments?post=13486"}],"version-history":[{"count":16,"href":"https:\/\/uelzener.de\/magazin\/wp-json\/wp\/v2\/pages\/13486\/revisions"}],"predecessor-version":[{"id":19487,"href":"https:\/\/uelzener.de\/magazin\/wp-json\/wp\/v2\/pages\/13486\/revisions\/19487"}],"up":[{"embeddable":true,"href":"https:\/\/uelzener.de\/magazin\/wp-json\/wp\/v2\/pages\/11707"}],"wp:featuredmedia":[{"embeddable":true,"href":"https:\/\/uelzener.de\/magazin\/wp-json\/wp\/v2\/media\/13504"}],"wp:attachment":[{"href":"https:\/\/uelzener.de\/magazin\/wp-json\/wp\/v2\/media?parent=13486"}],"curies":[{"name":"wp","href":"https:\/\/api.w.org\/{rel}","templated":true}]}}