{"id":13469,"date":"2025-10-03T10:00:37","date_gmt":"2025-10-03T08:00:37","guid":{"rendered":"https:\/\/uelzener.de\/magazin\/?page_id=13469"},"modified":"2025-10-14T15:41:47","modified_gmt":"2025-10-14T13:41:47","slug":"zahnstein-bei-der-katze-erkennen-und-behandeln","status":"publish","type":"page","link":"https:\/\/uelzener.de\/magazin\/katze\/tiergesundheit\/zahnstein-bei-der-katze-erkennen-und-behandeln\/","title":{"rendered":"Zahnstein bei der Katze: Erkennen und behandeln"},"content":{"rendered":"<p><span style=\"font-weight: 400;\">Gesunde Z\u00e4hne sind f\u00fcr unsere Samtpfoten genauso wichtig f\u00fcr uns Menschen. Auch bei Katzen gibt es Zahnerkrankungen, die mit Schmerzen einhergehen, die Nahrungsaufnahme erschweren und die Lebensqualit\u00e4t erheblich beeintr\u00e4chtigen k\u00f6nnen. Eine h\u00e4ufige Ursache f\u00fcr Zahnprobleme sind Plaque und Zahnstein. Sie enthalten Bakterien, die zu Entz\u00fcndungen des Zahnfleisches f\u00fchren k\u00f6nnen. Bleiben diese unbehandelt, kann es passieren, dass tieferliegendes Gewebe und Knochen allm\u00e4hlich zerst\u00f6rt werden und die Z\u00e4hne keinen Halt mehr finden. Um dem vorzubeugen, ist es wichtig, Zahnstein bei Katzen fr\u00fchzeitig zu erkennen. Wie das gelingt und was du tun kannst, wenn du Bel\u00e4ge auf den Z\u00e4hnen deiner Katze entdeckst, verraten wir dir in diesem Artikel.<\/span><\/p>\n<h2>Warum Plaque und Zahnstein bei Katzen problematisch sind<\/h2>\n<p>Plaque und Zahnstein treten bei Katzen relativ h\u00e4ufig auf, wobei \u00e4ltere Tiere st\u00e4rker betroffen sind als Jungkatzen. Es handelt sich um Ablagerungen, die aus Nahrungsresten, Bakterien und Speichel bestehen und sich auf der Zahnoberfl\u00e4che und in den Zwischenr\u00e4umen absetzen. Zuerst bildet sich ein weicher, wei\u00df-gelblicher Film, die sogenannte Plaque. Wird diese Schicht nicht entfernt, verh\u00e4rtet sie sich durch die im Speichel enthaltenen Mineralien und entwickelt sich zu hartn\u00e4ckigem, gelblich-braunem Zahnstein, der mit seiner rauen Oberfl\u00e4che die Anlagerung weiterer Plaque-Schichten beg\u00fcnstigt.<\/p>\n<p>Wenn sich Plaque und Zahnstein auf den Z\u00e4hnen sammeln, hat das zur Folge, dass sich dort auch immer mehr Bakterien ansiedeln. Manche von ihnen bilden S\u00e4uren, die die Mikroflora des Zahnfleisches aus dem Gleichgewicht bringen, was die Entstehung von Entz\u00fcndungen beg\u00fcnstigt. Zuerst kommt es zu einer Gingivitis, einer Entz\u00fcndung des Zahnfleischs. Bleibt diese unbehandelt, entsteht daraus eine Parodontitis, eine Entz\u00fcndung des Zahnbettes. Schreitet sie fort, werden tiefergehende Strukturen des Halteapparats zerst\u00f6rt, was zu Zahnverlust und zum Abbau des Kieferknochens f\u00fchren kann.<\/p>\n<p>Entz\u00fcndungen im Maul bergen aber noch ein weiteres Risiko: Bakterien k\u00f6nnen sich \u00fcber die Blutbahn im gesamten K\u00f6rper der Katze verteilen und Herz, Leber oder Niere befallen, was schwerwiegende gesundheitliche Probleme mit sich bringt. Aus diesem Grund ist es wichtig, Plaque und Zahnstein rechtzeitig zu erkennen und regelm\u00e4\u00dfig zu entfernen.<\/p>\n<h2>Zahnstein bei der Katze erkennen<\/h2>\n<p><span style=\"font-weight: 400;\">Wenn eine Katze Zahnstein hat, ist das \u00fcblicherweise an sichtbaren, gelb-br\u00e4unlichen Bel\u00e4gen auf den Z\u00e4hnen zu erkennen, die sich vor allem an den Zahnoberfl\u00e4chen, in den Zwischenr\u00e4umen und am \u00dcbergang zum Zahnfleisch zeigen. In fortgeschrittenem Stadium k\u00f6nnen noch weitere Symptome hinzukommen:<\/span><\/p>\n<ul>\n<li style=\"font-weight: 400;\" aria-level=\"1\"><span style=\"font-weight: 400;\">Mundgeruch<\/span><\/li>\n<li style=\"font-weight: 400;\" aria-level=\"1\"><span style=\"font-weight: 400;\">Ger\u00f6tetes oder geschwollenes Zahnfleisch<\/span><\/li>\n<li style=\"font-weight: 400;\" aria-level=\"1\"><span style=\"font-weight: 400;\">Zahnfleischbluten (erkennbar an r\u00f6tlichem Speichel)<\/span><\/li>\n<li style=\"font-weight: 400;\" aria-level=\"1\"><span style=\"font-weight: 400;\">Schwierigkeiten beim Fressen (ver\u00e4ndertes Kauverhalten, Fressunlust)<\/span><\/li>\n<li style=\"font-weight: 400;\" aria-level=\"1\"><span style=\"font-weight: 400;\">Erh\u00f6hte Schmerzempfindlichkeit, beispielsweise bei kaltem Futter<\/span><\/li>\n<li style=\"font-weight: 400;\" aria-level=\"1\"><span style=\"font-weight: 400;\">Appetitlosigkeit\u00a0<\/span><\/li>\n<li style=\"font-weight: 400;\" aria-level=\"1\"><span style=\"font-weight: 400;\">Gereiztheit<\/span><\/li>\n<\/ul>\n<p><span style=\"font-weight: 400;\">Da Katzen dazu neigen, Schmerzen zu \u00fcberspielen und sich nicht anmerken zu lassen, wenn sie angeschlagen sind, ist ein ver\u00e4ndertes Fressverhalten immer ein Warnsignal, das ernst genommen werden sollte. Kommen Symptome wie blutiger Speichel oder Zahnfleischschwellungen hinzu, deutet das darauf hin, dass bereits etwas im Argen liegt. In dem Fall ist ein Besuch beim Tierarzt oder bei der Tier\u00e4rztin notwendig.<\/span><\/p>\n<h2>Zahnstein bei der Katze entfernen<\/h2>\n<p><span style=\"font-weight: 400;\">Generell sollten die Z\u00e4hne j\u00fcngerer Katzen mindestens im j\u00e4hrlichen Rhythmus vom Tierarzt oder von der Tier\u00e4rztin auf Zahnstein kontrolliert werden. Bei \u00e4lteren Tieren und solchen, die zu Zahnbelag neigen, sind Check-ups in k\u00fcrzeren Intervallen sinnvoll. Empfehlenswert ist zudem, das Maul der Katze zu Hause regelm\u00e4\u00dfig zu \u00fcberpr\u00fcfen. L\u00e4sst sich der Zahnstein nicht mehr mithilfe einer Zahnb\u00fcrste oder mit dem Finger beseitigen, muss er professionell entfernt werden. Abzuwarten ist keine gute Idee, denn dadurch steigt das Risiko, dass sich tiefergehende Probleme entwickeln.<\/span><\/p>\n<p><span style=\"font-weight: 400;\">Eine professionelle Zahnreinigung kann nur in einer Tierarztpraxis oder Tierklinik durchgef\u00fchrt werden. F\u00fcr die Behandlung wird die Katze in der Regel unter Vollnarkose gesetzt, damit sich das Tier die Untersuchung gefallen l\u00e4sst und die behandelnde Person sicher arbeiten kann. Mit einem Ultraschallger\u00e4t wird jeder einzelne Zahn vom Zahnstein befreit und anschlie\u00dfend poliert, damit nicht so schnell neue Ablagerungen entstehen. W\u00e4hrend der Zahnreinigung werden au\u00dferdem s\u00e4mtliche Z\u00e4hne gr\u00fcndlich untersucht und auch die Zahntaschen behandelt. Mitunter kann es notwendig sein, einen oder mehrere Z\u00e4hne zu ziehen, beispielsweise wenn sie sich bereits gelockert haben oder so stark gesch\u00e4digt sind, dass ein Erhalt nicht mehr m\u00f6glich ist.<\/span><\/p>\n<p><span style=\"font-weight: 400;\">Eine Zahnextraktion ist auch dann notwendig, wenn das Tier an FORL (<\/span><i><span style=\"font-weight: 400;\">Feline odontoklastische resorptive L\u00e4sionen<\/span><\/i><span style=\"font-weight: 400;\">) erkrankt ist. Hierbei handelt es sich um eine Autoimmunst\u00f6rung, bei der k\u00f6rpereigene Zellen die Zahnsubstanz abbauen. Da dieser Prozess meist an der Zahnwurzel beginnt, bleiben die Entwicklungen von au\u00dfen zun\u00e4chst unsichtbar. Sollte sich der Verdacht auf FORL w\u00e4hrend der Zahnreinigung erh\u00e4rten, wird im Regelfall eine Dentalr\u00f6ntgenaufnahme angefertigt, um Schwere und Ausma\u00df der Erkrankung einsch\u00e4tzen zu k\u00f6nnen und zu bestimmen, welche Z\u00e4hne entfernt werden m\u00fcssen. Gut zu wissen: Die <\/span><span style=\"font-weight: 400;\">Uelzener Zahnversicherung f\u00fcr Katzen<\/span><span style=\"font-weight: 400;\"> \u00fcbernimmt bis zu 100 % der Kosten f\u00fcr Zahn- und Kieferbehandlungen, so dass du kein finanzielles Risiko f\u00fcrchten musst.<\/span><\/p>\n\n<div class=\"banner\">\n    <a href=\"https:\/\/uelzener.de\/katze\/katzen-zahn-versicherung\/?agt=0000104925&sem=true&utm_medium=magazin&utm_source=wordpress&utm_campaign=katze_zahn&utm_content=banner\">\n        <img decoding=\"async\" width=\"300\" height=\"212\" src=\"https:\/\/uelzener.de\/magazin\/app\/uploads\/2025\/08\/Katzen-Zahn-Versicherung.jpg\" class=\"attachment-medium size-medium\" alt=\"Banner Katzen-Zahn-Versicherung\" \/>    <\/a>\n<\/div>\n\n<p><span style=\"font-weight: 400;\">Im Anschluss an die Behandlung erh\u00e4lt die Katze meist ein Schmerzmittel oder auch ein Antibiotikum, um Entz\u00fcndungen vorzubeugen und die Heilung zu beschleunigen.\u00a0<\/span><\/p>\n<h2>Zahnsteinbildung bei der Katze vorbeugen<\/h2>\n<p><span style=\"font-weight: 400;\">Die wirksamste Methode, um Zahnstein vorzubeugen, ist gr\u00fcndliches und regelm\u00e4\u00dfiges Z\u00e4hneputzen. Im Idealfall wird die Katze schon von klein auf an den Ablauf herangef\u00fchrt. Aber auch \u00e4ltere Tiere k\u00f6nnen sich an das Z\u00e4hneputzen gew\u00f6hnen. Voraussetzung daf\u00fcr ist, dass sie etwas Positives mit der Zahnhygiene verbinden. In dem Zusammenhang ist es wichtig, das Training kleinschrittig aufzubauen und die Katze immer wieder zu belohnen. Zuerst streichst du mit der Hand oder den Fingern sanft \u00fcber ihr Maul. L\u00e4sst sie sich das gefallen, versuchst du, das Maul zu \u00f6ffnen und die Innenseite der Lippen mit dem Finger zu streicheln. Wenn das gut klappt, f\u00e4ngst du an, Zahn f\u00fcr Zahn zu massieren. Hat sich die Katze an das Gef\u00fchl gew\u00f6hnt, solltest du dazu \u00fcbergehen, einen Fingerling, eine spezielle Tierzahnb\u00fcrste oder auch eine Kinderzahnb\u00fcrste zu verwenden, da das hygienischer ist. Es besteht auch die M\u00f6glichkeit, Zahncreme zur Hilfe zu nehmen. Wichtig dabei ist allerdings, dass es sich um eine spezielle Zahncreme f\u00fcr Tiere handelt, die kein Fluorid enth\u00e4lt.\u00a0<\/span><\/p>\n<p><span style=\"font-weight: 400;\">Unterst\u00fctzend k\u00f6nnen weitere Hilfsmittel bei der Zahnpflege sinnvoll sein. So gibt es zum Beispiel Trinkwasserzus\u00e4tze, Kauspielzeuge und Zahnpflege-Snacks, die zur Zahnhygiene beitragen k\u00f6nnen. Empfehlenswert ist auch, regelm\u00e4\u00dfig Trockenfutter anzubieten. Durch die harte Konsistenz wird zum einen der mechanische Abrieb von Bel\u00e4gen und die Durchblutung des Zahnfleischs gef\u00f6rdert \u2013 zum anderen braucht die Katze l\u00e4nger zum Kauen. Dadurch produziert sie mehr Speichel, was die Zahnreinigung ebenfalls unterst\u00fctzt.<\/span><\/p>\n\n<div class=\"related_articles boxed\">\n    <h2>Mehr zum Thema<\/h2>\n    \n    <div class=\"wrapper\"><div class=\"title align-center\"><h3><a href=\"https:\/\/uelzener.de\/magazin\/katze\/haeufige-fragen\/katze-versichern-ja-oder-nein\/\">Katze versichern: Ja oder nein. Alle Vor- und Nachteile<\/a><\/h3><\/div><div class=\"img align-center\"><img decoding=\"async\" width=\"315\" height=\"180\" src=\"https:\/\/uelzener.de\/magazin\/app\/uploads\/2023\/01\/katze-strasse-315x180.jpg\" class=\"attachment-315x180 size-315x180 wp-post-image\" alt=\"Katze l\u00e4uft an der Stra\u00dfe entlang. Eine Versicherung sch\u00fctzt, wenn etwas passiert.\" \/><\/div><\/div><div class=\"wrapper\"><div class=\"title align-center\"><h3><a href=\"https:\/\/uelzener.de\/magazin\/katze\/tiergesundheit\/zahnpflege-katze-zaehne-putzen\/\">Zahnpflege f\u00fcr Katzen: Z\u00e4hneputzen als sinnvolle Prophylaxe<\/a><\/h3><\/div><div class=\"img align-center\"><img decoding=\"async\" width=\"315\" height=\"180\" src=\"https:\/\/uelzener.de\/magazin\/app\/uploads\/2023\/01\/zahnpflege-katze-315x180.jpg\" class=\"attachment-315x180 size-315x180 wp-post-image\" alt=\"Zahnpflege bei Katzen kann mit einer Fingerzahnb\u00fcrste vorgenommen werden.\" \/><\/div><\/div><div class=\"wrapper\"><div class=\"title align-center\"><h3><a href=\"https:\/\/uelzener.de\/magazin\/katze\/tiergesundheit\/forl-zahnextraktion-bei-katzen\/\">FORL: Wenn die Zahnextraktion Katzenleben retten kann<\/a><\/h3><\/div><div class=\"img align-center\"><img decoding=\"async\" width=\"315\" height=\"180\" src=\"https:\/\/uelzener.de\/magazin\/app\/uploads\/2023\/01\/forl-zahnextraktion-bei-katzen-315x180.jpg\" class=\"attachment-315x180 size-315x180 wp-post-image\" alt=\"Katze wird auf FORL untersucht. Eventuell wird eine Zahnextraktion n\u00f6tig.\" \/><\/div><\/div><\/div>\n\n<h2>Fazit<\/h2>\n<p><span style=\"font-weight: 400;\">Zahnstein kann bei Katzen erhebliche gesundheitliche Probleme verursachen. Aus diesem Grund solltest du Vorsorgema\u00dfnahmen ergreifen, indem du deine Samtpfote ans Z\u00e4hneputzen gew\u00f6hnst. Auch tier\u00e4rztliche Untersuchungen sind wichtig, um Zahnprobleme m\u00f6glichst fr\u00fchzeitig zu erkennen. Eine professionelle Zahnreinigung hilft dabei, hartn\u00e4ckige Bel\u00e4ge zu entfernen und damit verbundenen Zahnerkrankungen vorzubeugen. Wer die Zahngesundheit seines Stubentigers im Blick beh\u00e4lt, legt einen wichtigen Grundstein f\u00fcr ein gl\u00fcckliches und unbeschwertes Katzenleben.\u00a0\u00a0\u00a0<\/span><\/p>\n<h2>FAQ: H\u00e4ufig gestellte Fragen zu Zahnstein bei Katzen<\/h2>\n<h3>Ist die Zahnsteinentfernung f\u00fcr Katzen schmerzhaft?<\/h3>\n<p><span style=\"font-weight: 400;\">Nein, eine Zahnreinigung erfolgt immer unter Narkose. Nach dem Eingriff kann das Zahnfleisch etwas weh tun. Aus diesem Grund wird im Anschluss meist noch Schmerzmittel verabreicht.<\/span><\/p>\n<h3>Kann ich Zahnstein selbst bei meiner Katze entfernen?<\/h3>\n<p><span style=\"font-weight: 400;\">Handelt es sich um weiche Bel\u00e4ge, die sich mit wenig Druck wegputzen lassen, spricht nichts dagegen. Bei hartn\u00e4ckigem Zahnstein muss jedoch der Tierarzt bzw. die Tier\u00e4rztin zu Rate gezogen werden. Das Risiko ist zu gro\u00df, im Eigenversuch Verletzungen zu verursachen. Das w\u00e4re f\u00fcr die Katze nicht nur schmerzhaft, sondern kann auch ernste Sch\u00e4den anrichten und die Bindung zwischen Mensch und Tier nachhaltig st\u00f6ren.<\/span><\/p>\n<h3>Wie lange dauert eine professionelle Zahnreinigung bei Katzen?<\/h3>\n<p><span style=\"font-weight: 400;\">Das h\u00e4ngt vom Zustand der Z\u00e4hne ab. Bei leichtem Zahnstein nimmt eine professionelle Zahnreinigung meist nicht l\u00e4nger als 30 bis 45 Minuten in Anspruch. Sind die Bel\u00e4ge jedoch hartn\u00e4ckig und m\u00fcssen au\u00dferdem Z\u00e4hne gezogen werden, kann das Prozedere mehrere Stunden dauern.<\/span><\/p>\n","protected":false},"excerpt":{"rendered":"<p>Gesunde Z\u00e4hne sind f\u00fcr unsere Samtpfoten genauso wichtig f\u00fcr uns Menschen. Auch bei Katzen gibt es Zahnerkrankungen, die mit Schmerzen einhergehen, die Nahrungsaufnahme erschweren und die Lebensqualit\u00e4t erheblich beeintr\u00e4chtigen k\u00f6nnen. Eine h\u00e4ufige Ursache f\u00fcr Zahnprobleme sind Plaque und Zahnstein. Sie enthalten Bakterien, die zu Entz\u00fcndungen des Zahnfleisches f\u00fchren k\u00f6nnen. Bleiben diese unbehandelt, kann es passieren, [&hellip;]<\/p>\n","protected":false},"author":9,"featured_media":13472,"parent":11712,"menu_order":43,"comment_status":"closed","ping_status":"closed","template":"templates\/blog.php","meta":{"_acf_changed":false,"_crdt_document":"","footnotes":"","beyondwords_generate_audio":"0","beyondwords_project_id":"","beyondwords_content_id":"","beyondwords_preview_token":"","beyondwords_player_style":"","beyondwords_language_id":"","beyondwords_title_voice_id":"","beyondwords_body_voice_id":"","beyondwords_summary_voice_id":"","beyondwords_error_message":"","beyondwords_disabled":"","beyondwords_delete_content":"","beyondwords_podcast_id":"","beyondwords_hash":"","publish_post_to_speechkit":"","speechkit_hash":"","speechkit_generate_audio":"","speechkit_project_id":"","speechkit_podcast_id":"","speechkit_error_message":"","speechkit_disabled":"","speechkit_access_key":"","speechkit_error":"","speechkit_info":"","speechkit_response":"","speechkit_retries":"","speechkit_status":"","speechkit_updated_at":"","_speechkit_link":"","_speechkit_text":""},"class_list":["post-13469","page","type-page","status-publish","has-post-thumbnail","hentry"],"acf":[],"yoast_head":"<!-- This site is optimized with the Yoast SEO Premium plugin  - https:\/\/yoast.com\/product\/yoast-seo-premium-wordpress\/ -->\n<title>Wenn die Katze Zahnstein hat | Uelzener<\/title>\n<meta name=\"description\" content=\"Katzen haben h\u00e4ufig Erkrankungen an den Z\u00e4hnen. betreffen ihre Z\u00e4hne. \u25b6 Erfahre bei uns: \u2713 Zahnstein erkennen \u2713 Zahnstein vorbeugen\" \/>\n<meta name=\"robots\" content=\"index, follow, max-snippet:-1, max-image-preview:large, max-video-preview:-1\" \/>\n<link rel=\"canonical\" href=\"https:\/\/uelzener.de\/magazin\/katze\/tiergesundheit\/zahnstein-bei-der-katze-erkennen-und-behandeln\/\" \/>\n<meta property=\"og:locale\" content=\"de_DE\" \/>\n<meta property=\"og:type\" content=\"article\" \/>\n<meta property=\"og:title\" content=\"Zahnstein bei der Katze: Erkennen und behandeln\" \/>\n<meta property=\"og:description\" content=\"Katzen haben h\u00e4ufig Erkrankungen an den Z\u00e4hnen. betreffen ihre Z\u00e4hne. \u25b6 Erfahre bei uns: \u2713 Zahnstein erkennen \u2713 Zahnstein vorbeugen\" \/>\n<meta property=\"og:url\" content=\"https:\/\/uelzener.de\/magazin\/katze\/tiergesundheit\/zahnstein-bei-der-katze-erkennen-und-behandeln\/\" \/>\n<meta property=\"og:site_name\" content=\"Uelzener Tier-Magazin\" \/>\n<meta property=\"article:publisher\" content=\"https:\/\/www.facebook.com\/Uelzener\" \/>\n<meta property=\"article:modified_time\" content=\"2025-10-14T13:41:47+00:00\" \/>\n<meta property=\"og:image\" content=\"https:\/\/uelzener.de\/magazin\/app\/uploads\/2022\/06\/Katze-Zahnstein.jpg\" \/>\n\t<meta property=\"og:image:width\" content=\"1024\" \/>\n\t<meta property=\"og:image:height\" content=\"450\" \/>\n\t<meta property=\"og:image:type\" content=\"image\/jpeg\" \/>\n<meta name=\"twitter:card\" content=\"summary_large_image\" \/>\n<meta name=\"twitter:label1\" content=\"Gesch\u00e4tzte Lesezeit\" \/>\n\t<meta name=\"twitter:data1\" content=\"8\u00a0Minuten\" \/>\n<script type=\"application\/ld+json\" class=\"yoast-schema-graph\">{\"@context\":\"https:\/\/schema.org\",\"@graph\":[{\"@type\":\"WebPage\",\"@id\":\"https:\/\/uelzener.de\/magazin\/katze\/tiergesundheit\/zahnstein-bei-der-katze-erkennen-und-behandeln\/\",\"url\":\"https:\/\/uelzener.de\/magazin\/katze\/tiergesundheit\/zahnstein-bei-der-katze-erkennen-und-behandeln\/\",\"name\":\"Wenn die Katze Zahnstein hat | Uelzener\",\"isPartOf\":{\"@id\":\"https:\/\/uelzener.de\/magazin\/#website\"},\"primaryImageOfPage\":{\"@id\":\"https:\/\/uelzener.de\/magazin\/katze\/tiergesundheit\/zahnstein-bei-der-katze-erkennen-und-behandeln\/#primaryimage\"},\"image\":{\"@id\":\"https:\/\/uelzener.de\/magazin\/katze\/tiergesundheit\/zahnstein-bei-der-katze-erkennen-und-behandeln\/#primaryimage\"},\"thumbnailUrl\":\"https:\/\/uelzener.de\/magazin\/app\/uploads\/2022\/06\/Katze-Zahnstein.jpg\",\"datePublished\":\"2025-10-03T08:00:37+00:00\",\"dateModified\":\"2025-10-14T13:41:47+00:00\",\"description\":\"Katzen haben h\u00e4ufig Erkrankungen an den Z\u00e4hnen. betreffen ihre Z\u00e4hne. \u25b6 Erfahre bei uns: \u2713 Zahnstein erkennen \u2713 Zahnstein vorbeugen\",\"breadcrumb\":{\"@id\":\"https:\/\/uelzener.de\/magazin\/katze\/tiergesundheit\/zahnstein-bei-der-katze-erkennen-und-behandeln\/#breadcrumb\"},\"inLanguage\":\"de\",\"potentialAction\":[{\"@type\":\"ReadAction\",\"target\":[\"https:\/\/uelzener.de\/magazin\/katze\/tiergesundheit\/zahnstein-bei-der-katze-erkennen-und-behandeln\/\"]}]},{\"@type\":\"ImageObject\",\"inLanguage\":\"de\",\"@id\":\"https:\/\/uelzener.de\/magazin\/katze\/tiergesundheit\/zahnstein-bei-der-katze-erkennen-und-behandeln\/#primaryimage\",\"url\":\"https:\/\/uelzener.de\/magazin\/app\/uploads\/2022\/06\/Katze-Zahnstein.jpg\",\"contentUrl\":\"https:\/\/uelzener.de\/magazin\/app\/uploads\/2022\/06\/Katze-Zahnstein.jpg\",\"width\":1024,\"height\":450,\"caption\":\"Katze mit Zahnb\u00fcrste entfernt ihren Zahnstein.\"},{\"@type\":\"WebSite\",\"@id\":\"https:\/\/uelzener.de\/magazin\/#website\",\"url\":\"https:\/\/uelzener.de\/magazin\/\",\"name\":\"Uelzener Tiermagazin\",\"description\":\"Online Tierratgeber der Uelzener Versicherungen\",\"publisher\":{\"@id\":\"https:\/\/uelzener.de\/magazin\/#organization\"},\"potentialAction\":[{\"@type\":\"SearchAction\",\"target\":{\"@type\":\"EntryPoint\",\"urlTemplate\":\"https:\/\/uelzener.de\/magazin\/?s={search_term_string}\"},\"query-input\":{\"@type\":\"PropertyValueSpecification\",\"valueRequired\":true,\"valueName\":\"search_term_string\"}}],\"inLanguage\":\"de\"},{\"@type\":\"Organization\",\"@id\":\"https:\/\/uelzener.de\/magazin\/#organization\",\"name\":\"Uelzener Versicherungen\",\"url\":\"https:\/\/uelzener.de\/magazin\/\",\"logo\":{\"@type\":\"ImageObject\",\"inLanguage\":\"de\",\"@id\":\"https:\/\/uelzener.de\/magazin\/#\/schema\/logo\/image\/\",\"url\":\"https:\/\/uelzener.de\/magazin\/app\/uploads\/2024\/11\/uelzener_allgemeine_versicherungsgesellschaft_a_g_logo.jpg\",\"contentUrl\":\"https:\/\/uelzener.de\/magazin\/app\/uploads\/2024\/11\/uelzener_allgemeine_versicherungsgesellschaft_a_g_logo.jpg\",\"width\":200,\"height\":200,\"caption\":\"Uelzener Versicherungen\"},\"image\":{\"@id\":\"https:\/\/uelzener.de\/magazin\/#\/schema\/logo\/image\/\"},\"sameAs\":[\"https:\/\/www.facebook.com\/Uelzener\",\"https:\/\/instagram.com\/uelzener\",\"https:\/\/www.xing.com\/pages\/uelzenerallgemeineversicherungs-gesellschafta-g\",\"https:\/\/www.youtube.com\/UelzenerVersicherungen\"]}]}<\/script>\n<!-- \/ Yoast SEO Premium plugin. -->","yoast_head_json":{"title":"Wenn die Katze Zahnstein hat | Uelzener","description":"Katzen haben h\u00e4ufig Erkrankungen an den Z\u00e4hnen. betreffen ihre Z\u00e4hne. \u25b6 Erfahre bei uns: \u2713 Zahnstein erkennen \u2713 Zahnstein vorbeugen","robots":{"index":"index","follow":"follow","max-snippet":"max-snippet:-1","max-image-preview":"max-image-preview:large","max-video-preview":"max-video-preview:-1"},"canonical":"https:\/\/uelzener.de\/magazin\/katze\/tiergesundheit\/zahnstein-bei-der-katze-erkennen-und-behandeln\/","og_locale":"de_DE","og_type":"article","og_title":"Zahnstein bei der Katze: Erkennen und behandeln","og_description":"Katzen haben h\u00e4ufig Erkrankungen an den Z\u00e4hnen. betreffen ihre Z\u00e4hne. \u25b6 Erfahre bei uns: \u2713 Zahnstein erkennen \u2713 Zahnstein vorbeugen","og_url":"https:\/\/uelzener.de\/magazin\/katze\/tiergesundheit\/zahnstein-bei-der-katze-erkennen-und-behandeln\/","og_site_name":"Uelzener Tier-Magazin","article_publisher":"https:\/\/www.facebook.com\/Uelzener","article_modified_time":"2025-10-14T13:41:47+00:00","og_image":[{"width":1024,"height":450,"url":"https:\/\/uelzener.de\/magazin\/app\/uploads\/2022\/06\/Katze-Zahnstein.jpg","type":"image\/jpeg"}],"twitter_card":"summary_large_image","twitter_misc":{"Gesch\u00e4tzte Lesezeit":"8\u00a0Minuten"},"schema":{"@context":"https:\/\/schema.org","@graph":[{"@type":"WebPage","@id":"https:\/\/uelzener.de\/magazin\/katze\/tiergesundheit\/zahnstein-bei-der-katze-erkennen-und-behandeln\/","url":"https:\/\/uelzener.de\/magazin\/katze\/tiergesundheit\/zahnstein-bei-der-katze-erkennen-und-behandeln\/","name":"Wenn die Katze Zahnstein hat | Uelzener","isPartOf":{"@id":"https:\/\/uelzener.de\/magazin\/#website"},"primaryImageOfPage":{"@id":"https:\/\/uelzener.de\/magazin\/katze\/tiergesundheit\/zahnstein-bei-der-katze-erkennen-und-behandeln\/#primaryimage"},"image":{"@id":"https:\/\/uelzener.de\/magazin\/katze\/tiergesundheit\/zahnstein-bei-der-katze-erkennen-und-behandeln\/#primaryimage"},"thumbnailUrl":"https:\/\/uelzener.de\/magazin\/app\/uploads\/2022\/06\/Katze-Zahnstein.jpg","datePublished":"2025-10-03T08:00:37+00:00","dateModified":"2025-10-14T13:41:47+00:00","description":"Katzen haben h\u00e4ufig Erkrankungen an den Z\u00e4hnen. betreffen ihre Z\u00e4hne. \u25b6 Erfahre bei uns: \u2713 Zahnstein erkennen \u2713 Zahnstein vorbeugen","breadcrumb":{"@id":"https:\/\/uelzener.de\/magazin\/katze\/tiergesundheit\/zahnstein-bei-der-katze-erkennen-und-behandeln\/#breadcrumb"},"inLanguage":"de","potentialAction":[{"@type":"ReadAction","target":["https:\/\/uelzener.de\/magazin\/katze\/tiergesundheit\/zahnstein-bei-der-katze-erkennen-und-behandeln\/"]}]},{"@type":"ImageObject","inLanguage":"de","@id":"https:\/\/uelzener.de\/magazin\/katze\/tiergesundheit\/zahnstein-bei-der-katze-erkennen-und-behandeln\/#primaryimage","url":"https:\/\/uelzener.de\/magazin\/app\/uploads\/2022\/06\/Katze-Zahnstein.jpg","contentUrl":"https:\/\/uelzener.de\/magazin\/app\/uploads\/2022\/06\/Katze-Zahnstein.jpg","width":1024,"height":450,"caption":"Katze mit Zahnb\u00fcrste entfernt ihren Zahnstein."},{"@type":"WebSite","@id":"https:\/\/uelzener.de\/magazin\/#website","url":"https:\/\/uelzener.de\/magazin\/","name":"Uelzener Tiermagazin","description":"Online Tierratgeber der Uelzener Versicherungen","publisher":{"@id":"https:\/\/uelzener.de\/magazin\/#organization"},"potentialAction":[{"@type":"SearchAction","target":{"@type":"EntryPoint","urlTemplate":"https:\/\/uelzener.de\/magazin\/?s={search_term_string}"},"query-input":{"@type":"PropertyValueSpecification","valueRequired":true,"valueName":"search_term_string"}}],"inLanguage":"de"},{"@type":"Organization","@id":"https:\/\/uelzener.de\/magazin\/#organization","name":"Uelzener Versicherungen","url":"https:\/\/uelzener.de\/magazin\/","logo":{"@type":"ImageObject","inLanguage":"de","@id":"https:\/\/uelzener.de\/magazin\/#\/schema\/logo\/image\/","url":"https:\/\/uelzener.de\/magazin\/app\/uploads\/2024\/11\/uelzener_allgemeine_versicherungsgesellschaft_a_g_logo.jpg","contentUrl":"https:\/\/uelzener.de\/magazin\/app\/uploads\/2024\/11\/uelzener_allgemeine_versicherungsgesellschaft_a_g_logo.jpg","width":200,"height":200,"caption":"Uelzener Versicherungen"},"image":{"@id":"https:\/\/uelzener.de\/magazin\/#\/schema\/logo\/image\/"},"sameAs":["https:\/\/www.facebook.com\/Uelzener","https:\/\/instagram.com\/uelzener","https:\/\/www.xing.com\/pages\/uelzenerallgemeineversicherungs-gesellschafta-g","https:\/\/www.youtube.com\/UelzenerVersicherungen"]}]}},"_links":{"self":[{"href":"https:\/\/uelzener.de\/magazin\/wp-json\/wp\/v2\/pages\/13469","targetHints":{"allow":["GET"]}}],"collection":[{"href":"https:\/\/uelzener.de\/magazin\/wp-json\/wp\/v2\/pages"}],"about":[{"href":"https:\/\/uelzener.de\/magazin\/wp-json\/wp\/v2\/types\/page"}],"author":[{"embeddable":true,"href":"https:\/\/uelzener.de\/magazin\/wp-json\/wp\/v2\/users\/9"}],"replies":[{"embeddable":true,"href":"https:\/\/uelzener.de\/magazin\/wp-json\/wp\/v2\/comments?post=13469"}],"version-history":[{"count":11,"href":"https:\/\/uelzener.de\/magazin\/wp-json\/wp\/v2\/pages\/13469\/revisions"}],"predecessor-version":[{"id":19344,"href":"https:\/\/uelzener.de\/magazin\/wp-json\/wp\/v2\/pages\/13469\/revisions\/19344"}],"up":[{"embeddable":true,"href":"https:\/\/uelzener.de\/magazin\/wp-json\/wp\/v2\/pages\/11712"}],"wp:featuredmedia":[{"embeddable":true,"href":"https:\/\/uelzener.de\/magazin\/wp-json\/wp\/v2\/media\/13472"}],"wp:attachment":[{"href":"https:\/\/uelzener.de\/magazin\/wp-json\/wp\/v2\/media?parent=13469"}],"curies":[{"name":"wp","href":"https:\/\/api.w.org\/{rel}","templated":true}]}}