{"id":13465,"date":"2022-06-26T13:43:23","date_gmt":"2022-06-26T11:43:23","guid":{"rendered":"https:\/\/uelzener.de\/magazin\/?page_id=13465"},"modified":"2025-11-13T11:49:45","modified_gmt":"2025-11-13T10:49:45","slug":"haben-katzen-ein-zeitgefuehl","status":"publish","type":"page","link":"https:\/\/uelzener.de\/magazin\/katze\/tipps-fuer-den-alltag\/haben-katzen-ein-zeitgefuehl\/","title":{"rendered":"Haben Katzen ein Zeitgef\u00fchl?"},"content":{"rendered":"<p>Es ist Wochenende. Endlich einmal richtig ausschlafen, denkt man sich, und schaltet den Wecker aus. Ein sch\u00f6ner Plan, w\u00e4re da nicht die geliebte Katze, die p\u00fcnktlich in den fr\u00fchen Morgenstunden ins Bett springt und einem auf die Nase patscht. Ziemlich sicher kann sie nicht die Uhr lesen \u2013 aber wozu auch, wenn das innere Uhrwerk \u00e4hnlich genau tickt. Aber wie ausgepr\u00e4gt ist es eigentlich, dieses Zeitgef\u00fchl von Katzen?<\/p>\n<p>Die Untersuchung des Zeitgef\u00fchls verschiedener Tierarten ist in der Forschung ein beliebtes Thema. Kanarienv\u00f6gel reagieren beispielsweise weniger auf zeitliche als auf lichtspezifische Umst\u00e4nde: Selbst wenn der dunklere Abend noch viele Stunden entfernt ist, reicht es meist, den K\u00e4fig abzudunkeln und die V\u00f6gel werden ruhiger. Katzen hingegen orientieren sich an einer <strong>Vielzahl wiederkehrender Abl\u00e4ufe<\/strong> und lieben es, wenn es m\u00f6glichst <strong>zu keiner Abweichung ihrer Tagesplanung<\/strong> kommt: Sie sind die sprichw\u00f6rtlichen Gewohnheitstiere.<\/p>\n<p>Von Tier zu Tier kommt es dabei zu unterschiedlichen Auspr\u00e4gungen. Die einen beharren nahezu minutengenau auf ihrer Bedienung, andere sehen es etwas lockerer. Gerade Hauskatzen lieben ihre festen Abl\u00e4ufe. So verbringen unsere Samtpfoten etwa <strong>16 Stunden des Tages mit Schlafen<\/strong> oder zumindest gen\u00fcsslichen Nickerchen. Erfahre mehr dazu in unserem Beitrag <a href=\"https:\/\/uelzener.de\/magazin\/katze\/tipps-fuer-den-alltag\/katzen-und-deren-schlaf-was-dauer-und-schlafplatz-ueber-deine-katze-aussagen\/\">Katzen und deren Schlaf: Was Dauer und Schlafplatz \u00fcber deine Katze aussagen<\/a>. Weitere zwei bis drei Stunden investieren sie in die eigene <strong>Fellpflege<\/strong>. Bleiben also noch gute f\u00fcnf Stunden f\u00fcr <strong>die Mahlzeiten, Streifz\u00fcge und ausgiebige Kuscheleinheiten<\/strong> mit Katzenkollegen oder mit ihren Menschen.<\/p>\n<h2><strong>Das Zeitgef\u00fchl von Katzen<\/strong><\/h2>\n<p>Katzen orientieren sich in ihrem Alltag an vielen <strong>naturgegebenen Zeitmarkierungen<\/strong>. Bei diesen Faktoren handelt es sich etwa um das <strong>Tageslicht<\/strong>, das in seiner unterschiedlichen Intensit\u00e4t eingeordnet wird: Als D\u00e4mmerungsj\u00e4ger nutzen viele Stubentiger insbesondere die fr\u00fchen Morgen- und die Abendstunden f\u00fcr ihre Aktivit\u00e4ten. Freig\u00e4nger erkunden in dieser Zeit beispielsweise ihr Revier auf einem immer gleichen Weg oder sehen nach, was sich in fremden Territorien tut. Ein weiteres Merkmal aus der Natur ist das <strong>Vogelzwitschern<\/strong>, das t\u00e4glich zu einer etwa gleichen Zeit einsetzt und sp\u00e4ter zu einem ebenso festen Zeitpunkt wieder abebbt. Auch Ger\u00e4usche aus benachbarten H\u00e4usern oder vom Verkehr auf der Stra\u00dfe deuten auf einen neuen Tag hin.<\/p>\n<p>Den gr\u00f6\u00dften Einfluss auf das Zeitgef\u00fchl von Katzen hat jedoch der <strong>Tagesablauf ihrer Menschen<\/strong>. Wenn die Katzenmama oder der Katzenpapa morgens aufsteht, dann kommen die Ger\u00e4usche ins Haus und es gibt bald Futter. Geht der oder die Katzenhalter:in zur Arbeit, hat die Katze Zeit f\u00fcr ihre eigenen Pl\u00e4ne und kann vor allem viele Nickerchen machen. Abends folgen dann wieder Kuschel- oder Spieleinheiten mit den Menschen, danach geht es gemeinsam in die K\u00fcche zum Dosen\u00f6ffner und schon ist der Tag vorbei.<\/p>\n<h2><strong>Katzen merken sich feste Tagesabl\u00e4ufe<\/strong><\/h2>\n<p>An dieser Stelle kommt das gute <strong>Langzeitged\u00e4chtnis<\/strong> der Katze ins Spiel. Sie kann aus ihren Erfahrungen ableiten, dass in einem festen Abstand nach den ersten Lichtstrahlen des Morgens und dem Zwitschern der V\u00f6gel bald Leben ins Haus kommen wird. Der Wecker klingelt, ein Mensch steht auf. M\u00f6glicherweise folgt ein Gang zur Kaffeemaschine oder ins Badezimmer. F\u00fcr die Katze sind das viele Bestandteile, die Schritt f\u00fcr Schritt zur F\u00fctterung hinf\u00fchren.<\/p>\n<p>Wer jeden Tag zu einer festen Uhrzeit aufsteht und die immer gleiche Routine durchl\u00e4uft, wird daher auch am Wochenende p\u00fcnktlich von der Katze geweckt. Bleibt man liegen und ignoriert sie, dann endet das meist in einem emp\u00f6rten Miauen, bis endlich das Fr\u00fchst\u00fcck serviert wird. Auch geschlossene T\u00fcren k\u00f6nnen entschlossene Stubentiger meist nicht davon abhalten, ihrem \u00c4rger \u00fcber die Zeitverschiebung Ausdruck zu verleihen. Erfahrene Katzenhalter:innen werden es wissen: Meist ist es f\u00fcr alle Seiten angenehmer, auch am Wochenende zeitig aufzustehen und die Bed\u00fcrfnisse des Tieres zu erf\u00fcllen. Danach k\u00f6nnen weitere Kuscheleinheiten im Bett oder auf dem Sofa beidseitig wieder genossen werden.<\/p>\n<h2><strong>Abweichungen vom Tagesablauf der Katze<\/strong><\/h2>\n<p>Kleine Abweichungen sind meist kein Problem und werden h\u00f6chstens mit einem kurzen Protest-Miauen abgetan. Kommt es im Zeitplan des Haustiers allerdings zu gr\u00f6\u00dferen pl\u00f6tzlichen \u00c4nderungen, kann das Folgen haben.<\/p>\n<p><strong>Gro\u00dfe Ver\u00e4nderungen im Tagesablauf oder der gesamten Lebenssituation k\u00f6nnen Stress und Angst im Gewohnheitstier Katze ausl\u00f6sen<\/strong>. Die immer gleiche Routine gibt nicht nur ihrem Zeitgef\u00fchl eine Grundlage, sondern bietet auch <strong>Sicherheit<\/strong>: Alles ist wie immer, nichts ist ungew\u00f6hnlich, keine Gefahr. Wer an seinem Tagesablauf grundlegend etwas ver\u00e4ndern will, sollte entsprechend aufmerksam beobachten, ob die Katze mit den \u00c4nderungen gut zurechtkommt oder sich Stress-Symptome zeigen. Dabei kann es sich beispielsweise um <strong>Appetitlosigkeit, Durchfall oder Erbrechen<\/strong> handeln. Auch <strong>Protestpinkeln<\/strong> oder <strong>pl\u00f6tzlicher R\u00fcckzug<\/strong> von den \u00fcblichen Kuschelstunden k\u00f6nnen Anzeichen f\u00fcr psychisches Unwohlsein bedeuten.<\/p>\n\n<div class=\"related_articles boxed\">\n    <h2>Mehr zum Thema<\/h2>\n    \n    <div class=\"wrapper\"><div class=\"title align-center\"><h3><a href=\"https:\/\/uelzener.de\/magazin\/katze\/tiergesundheit\/katze-durchfall-verdauung\/\">Katzenverdauung: H\u00e4ufigkeit des Stuhlgangs, Durchfall und Tipps f\u00fcr eine gesunde Verdauung<\/a><\/h3><\/div><div class=\"img align-center\"><img decoding=\"async\" width=\"315\" height=\"180\" src=\"https:\/\/uelzener.de\/magazin\/app\/uploads\/2023\/08\/katze-verdauung-durchfall-315x180.jpg\" class=\"attachment-315x180 size-315x180 wp-post-image\" alt=\"Katze verrichtet auf gr\u00fcnem Rasen ihr Gesch\u00e4ft.\" \/><\/div><\/div><div class=\"wrapper\"><div class=\"title align-center\"><h3><a href=\"https:\/\/uelzener.de\/magazin\/katze\/haltung\/warum-pinkelt-meine-katze-ueberall-hin\/\">Warum pinkelt meine Katze \u00fcberall hin? Ursachen, L\u00f6sungen &#038; Tipps<\/a><\/h3><\/div><div class=\"img align-center\"><img decoding=\"async\" width=\"315\" height=\"180\" src=\"https:\/\/uelzener.de\/magazin\/app\/uploads\/2025\/06\/unsauberkeit-katze-315x180.jpg\" class=\"attachment-315x180 size-315x180 wp-post-image\" alt=\"Katze hockt bei einer gelben Pf\u00fctze, sie hat in die Wohnung gepinkelt.\" \/><\/div><\/div><\/div>\n\n<p>Au\u00dferdem sollte, wenn sich eine Ver\u00e4nderung anbahnt, etwa durch einen neuen Job oder eine weitere Person im Haushalt, die Katze nach M\u00f6glichkeit schrittweise daran gew\u00f6hnt werden. Auf eine kontinuierliche Verschiebung der Fr\u00fchst\u00fcckszeit um einige Minuten nach hinten kann sie sich einstellen \u2013 auf ein Fr\u00fchst\u00fcck, das pl\u00f6tzlich Stunden sp\u00e4ter als normal stattfindet, hingegen weniger. Die <a href=\"https:\/\/uelzener.de\/magazin\/katze\/haeufige-fragen\/zeitumstellung-tiere\/\"><strong>Zeitumstellung<\/strong> ist auch f\u00fcr Katzen ein Problem<\/a>, weswegen man sensible Tiere auch bei der Zeitumstellung auf Sommerzeit im Fr\u00fchjahr und Winterzeit im Herbst beobachten sollte.<\/p>\n<h2><strong>So gew\u00f6hnst du deine Katze an neue Abl\u00e4ufe<\/strong><\/h2>\n<p>Manche Ver\u00e4nderungen lassen sich nicht verhindern: Ein schreiendes Baby ist eben pl\u00f6tzlich da und alle im Haus m\u00fcssen sich darauf einstellen. In einem solchen Fall sollte man <strong>der eigenen Katze Zeit geben, dass sie sich an die neue Situation in ihrem eigenen Tempo gew\u00f6hnen kann<\/strong>. Sie braucht Zeit, damit sich ein neuer Tagesablauf verfestigt. Dabei kann es helfen, <strong>neue Routinen aufzubauen<\/strong> und dem Haustier so wieder mehr <strong>Sicherheit zu bieten<\/strong>. Gibt es beispielsweise nun jeden Tag eine <strong>feste Zeit zum Spielen und Schmusen<\/strong>, dann kann sich die Katze daran neu orientieren.<\/p>\n<p>Nach einem Umzug kann es zudem hilfreich sein, wenn der Katze zu Beginn nur ein <strong>fester Raum <\/strong>zur Verf\u00fcgung steht, in dem mit Futter, Wasser, Katzentoilette und Spielzeug alle notwendigen Grundlagen vorhanden sind, die sie zum Leben braucht. Gew\u00f6hnt sie sich an dieses Zimmer mit seinem Licht und seinen Ger\u00e4uschen, dann kann sie in Zukunft immer wieder an diesen vertrauten und sicheren Ort zur\u00fcckkehren.<\/p>\n<h2><strong>Kontakt zum Menschen gibt der Katze Sicherheit<\/strong><\/h2>\n<p>In einer solchen g\u00e4nzlich neuen Lebenssituation hilft es den meisten Katzen enorm, wenn ihre <strong>Menschen viel Zeit mit ihnen verbringen<\/strong> und auf diese Art beim Eingew\u00f6hnen helfen. Hier gilt es selbstverst\u00e4ndlich immer zu ber\u00fccksichtigen, ob der Stubentiger von seiner Pers\u00f6nlichkeit \u00fcberhaupt ein so geselliges Tier ist. Im Zweifel braucht er einfach etwas Zeit.<\/p>\n<p>Kurz und knapp gesagt: Ja, Katzen haben ein Zeitgef\u00fchl. Zwar orientiert sich dieses nicht an den Zeigern einer Uhr, aber die festen Abl\u00e4ufe eines jeden Tages bieten der Samtpfote eine ebenso gute Orientierung. Aus diesem Grund sollten \u00fcbliche Abl\u00e4ufe im Alltag auch nur vorsichtig und kontinuierlich ge\u00e4ndert werden, damit ein Grundger\u00fcst erhalten bleibt und sich die Katze an die Ver\u00e4nderungen gew\u00f6hnen kann.<\/p>\n<p>M\u00f6chtest du noch mehr interessante Fakten und Hintergrundwissen rund um die Fellb\u00e4lle? Dann st\u00f6ber weiter im <a href=\"https:\/\/uelzener.de\/magazin\/katze\/\">Uelzener Katzenratgeber<\/a> oder lies dich jetzt gleich schlau zu <a href=\"https:\/\/uelzener.de\/magazin\/katze\/haeufige-fragen\/dna-uebereinstimmung-katze-mensch\/\">D.N.A.-\u00dcbereinstimmung zwischen Katze und Menschen<\/a>.<\/p>\n<h2><strong>FAQ: H\u00e4ufig gestellte Fragen\u00a0\u00a0<\/strong><\/h2>\n<h3><strong>Haben Katzen ein Zeitgef\u00fchl?<\/strong><\/h3>\n<p>Ja, auch Katzen haben ein Zeitgef\u00fchl. Anders als wir Menschen leben sie nicht nach Stunden und Minuten, sondern richten sich nach wiederkehrenden Abl\u00e4ufen innerhalb eines Tages.<\/p>\n<h3><strong>Woher wissen Katzen, wie sp\u00e4t es ist?<\/strong><\/h3>\n<p>Katzen orientieren sich an naturgegebenen Zeitmarkierungen, wie dem Tageslicht und dem Vogelgezwitscher. Aber auch der Tagesablauf ihrer Menschen hat einen gro\u00dfen Einfluss auf ihr Zeitgef\u00fchl.<\/p>\n<h3><strong>Wie gew\u00f6hne ich meine Katze an neue Tagesabl\u00e4ufe?<\/strong><\/h3>\n<p>Bei Ver\u00e4nderungen brauchen Katzen Zeit, um sich an die neue Situation und die neuen Abl\u00e4ufe zu gew\u00f6hnen. Hierbei hilft es Katzen, neue Routinen aufzubauen und z. B. feste Zeiten zum Spielen und Kuscheln zu etablieren.<\/p>\n<h3><strong>Haben Katzen ein Problem mit der Zeitumstellung?<\/strong><\/h3>\n<p>Sensible Katzen k\u00f6nnen auch empfindlich auf die Zeitumstellung im Fr\u00fchjahr und Herbst reagieren. In dieser Zeit sollten Halter:innen ihre Samtpfote gut beobachten und auf Stressanzeichen achten.<\/p>\n","protected":false},"excerpt":{"rendered":"<p>Es ist Wochenende. Endlich einmal richtig ausschlafen, denkt man sich, und schaltet den Wecker aus. Ein sch\u00f6ner Plan, w\u00e4re da nicht die geliebte Katze, die p\u00fcnktlich in den fr\u00fchen Morgenstunden ins Bett springt und einem auf die Nase patscht. Ziemlich sicher kann sie nicht die Uhr lesen \u2013 aber wozu auch, wenn das innere Uhrwerk [&hellip;]<\/p>\n","protected":false},"author":9,"featured_media":13476,"parent":11709,"menu_order":6,"comment_status":"closed","ping_status":"closed","template":"templates\/blog.php","meta":{"_acf_changed":false,"_crdt_document":"","footnotes":"","beyondwords_generate_audio":"","beyondwords_project_id":"","beyondwords_content_id":"","beyondwords_preview_token":"","beyondwords_player_style":"","beyondwords_language_id":"","beyondwords_title_voice_id":"","beyondwords_body_voice_id":"","beyondwords_summary_voice_id":"","beyondwords_error_message":"","beyondwords_disabled":"","beyondwords_delete_content":"","beyondwords_podcast_id":"","beyondwords_hash":"","publish_post_to_speechkit":"","speechkit_hash":"","speechkit_generate_audio":"","speechkit_project_id":"","speechkit_podcast_id":"","speechkit_error_message":"","speechkit_disabled":"","speechkit_access_key":"","speechkit_error":"","speechkit_info":"","speechkit_response":"","speechkit_retries":"","speechkit_status":"","speechkit_updated_at":"","_speechkit_link":"","_speechkit_text":""},"class_list":["post-13465","page","type-page","status-publish","has-post-thumbnail","hentry"],"acf":[],"yoast_head":"<!-- This site is optimized with the Yoast SEO Premium plugin  - https:\/\/yoast.com\/product\/yoast-seo-premium-wordpress\/ -->\n<title>Haben Katzen ein Zeitgef\u00fchl? | Uelzener<\/title>\n<meta name=\"description\" content=\"Das \u2713 Zeitgef\u00fchl von \u2713 Katzen basiert auf immer gleichen Abl\u00e4ufen. Diese sollten nur vorsichtig ge\u00e4ndert werden. \u25b6 Hier erf\u00e4hrst du mehr!\" \/>\n<meta name=\"robots\" content=\"index, follow, max-snippet:-1, max-image-preview:large, max-video-preview:-1\" \/>\n<link rel=\"canonical\" href=\"https:\/\/uelzener.de\/magazin\/katze\/tipps-fuer-den-alltag\/haben-katzen-ein-zeitgefuehl\/\" \/>\n<meta property=\"og:locale\" content=\"de_DE\" \/>\n<meta property=\"og:type\" content=\"article\" \/>\n<meta property=\"og:title\" content=\"Haben Katzen ein Zeitgef\u00fchl?\" \/>\n<meta property=\"og:description\" content=\"Das \u2713 Zeitgef\u00fchl von \u2713 Katzen basiert auf immer gleichen Abl\u00e4ufen. Diese sollten nur vorsichtig ge\u00e4ndert werden. \u25b6 Hier erf\u00e4hrst du mehr!\" \/>\n<meta property=\"og:url\" content=\"https:\/\/uelzener.de\/magazin\/katze\/tipps-fuer-den-alltag\/haben-katzen-ein-zeitgefuehl\/\" \/>\n<meta property=\"og:site_name\" content=\"Uelzener Tier-Magazin\" \/>\n<meta property=\"article:publisher\" content=\"https:\/\/www.facebook.com\/Uelzener\" \/>\n<meta property=\"article:modified_time\" content=\"2025-11-13T10:49:45+00:00\" \/>\n<meta property=\"og:image\" content=\"https:\/\/uelzener.de\/magazin\/app\/uploads\/2022\/06\/Zeitgefuehl-Katze.jpg\" \/>\n\t<meta property=\"og:image:width\" content=\"1024\" \/>\n\t<meta property=\"og:image:height\" content=\"450\" \/>\n\t<meta property=\"og:image:type\" content=\"image\/jpeg\" \/>\n<meta name=\"twitter:card\" content=\"summary_large_image\" \/>\n<meta name=\"twitter:label1\" content=\"Gesch\u00e4tzte Lesezeit\" \/>\n\t<meta name=\"twitter:data1\" content=\"8\u00a0Minuten\" \/>\n<script type=\"application\/ld+json\" class=\"yoast-schema-graph\">{\"@context\":\"https:\/\/schema.org\",\"@graph\":[{\"@type\":\"WebPage\",\"@id\":\"https:\/\/uelzener.de\/magazin\/katze\/tipps-fuer-den-alltag\/haben-katzen-ein-zeitgefuehl\/\",\"url\":\"https:\/\/uelzener.de\/magazin\/katze\/tipps-fuer-den-alltag\/haben-katzen-ein-zeitgefuehl\/\",\"name\":\"Haben Katzen ein Zeitgef\u00fchl? | Uelzener\",\"isPartOf\":{\"@id\":\"https:\/\/uelzener.de\/magazin\/#website\"},\"primaryImageOfPage\":{\"@id\":\"https:\/\/uelzener.de\/magazin\/katze\/tipps-fuer-den-alltag\/haben-katzen-ein-zeitgefuehl\/#primaryimage\"},\"image\":{\"@id\":\"https:\/\/uelzener.de\/magazin\/katze\/tipps-fuer-den-alltag\/haben-katzen-ein-zeitgefuehl\/#primaryimage\"},\"thumbnailUrl\":\"https:\/\/uelzener.de\/magazin\/app\/uploads\/2022\/06\/Zeitgefuehl-Katze.jpg\",\"datePublished\":\"2022-06-26T11:43:23+00:00\",\"dateModified\":\"2025-11-13T10:49:45+00:00\",\"description\":\"Das \u2713 Zeitgef\u00fchl von \u2713 Katzen basiert auf immer gleichen Abl\u00e4ufen. Diese sollten nur vorsichtig ge\u00e4ndert werden. \u25b6 Hier erf\u00e4hrst du mehr!\",\"breadcrumb\":{\"@id\":\"https:\/\/uelzener.de\/magazin\/katze\/tipps-fuer-den-alltag\/haben-katzen-ein-zeitgefuehl\/#breadcrumb\"},\"inLanguage\":\"de\",\"potentialAction\":[{\"@type\":\"ReadAction\",\"target\":[\"https:\/\/uelzener.de\/magazin\/katze\/tipps-fuer-den-alltag\/haben-katzen-ein-zeitgefuehl\/\"]}]},{\"@type\":\"ImageObject\",\"inLanguage\":\"de\",\"@id\":\"https:\/\/uelzener.de\/magazin\/katze\/tipps-fuer-den-alltag\/haben-katzen-ein-zeitgefuehl\/#primaryimage\",\"url\":\"https:\/\/uelzener.de\/magazin\/app\/uploads\/2022\/06\/Zeitgefuehl-Katze.jpg\",\"contentUrl\":\"https:\/\/uelzener.de\/magazin\/app\/uploads\/2022\/06\/Zeitgefuehl-Katze.jpg\",\"width\":1024,\"height\":450,\"caption\":\"Katze liegt in der Sonne, sie hat v\u00f6llig die Zeit vergessen.\"},{\"@type\":\"WebSite\",\"@id\":\"https:\/\/uelzener.de\/magazin\/#website\",\"url\":\"https:\/\/uelzener.de\/magazin\/\",\"name\":\"Uelzener Tiermagazin\",\"description\":\"Online Tierratgeber der Uelzener Versicherungen\",\"publisher\":{\"@id\":\"https:\/\/uelzener.de\/magazin\/#organization\"},\"potentialAction\":[{\"@type\":\"SearchAction\",\"target\":{\"@type\":\"EntryPoint\",\"urlTemplate\":\"https:\/\/uelzener.de\/magazin\/?s={search_term_string}\"},\"query-input\":{\"@type\":\"PropertyValueSpecification\",\"valueRequired\":true,\"valueName\":\"search_term_string\"}}],\"inLanguage\":\"de\"},{\"@type\":\"Organization\",\"@id\":\"https:\/\/uelzener.de\/magazin\/#organization\",\"name\":\"Uelzener Versicherungen\",\"url\":\"https:\/\/uelzener.de\/magazin\/\",\"logo\":{\"@type\":\"ImageObject\",\"inLanguage\":\"de\",\"@id\":\"https:\/\/uelzener.de\/magazin\/#\/schema\/logo\/image\/\",\"url\":\"https:\/\/uelzener.de\/magazin\/app\/uploads\/2024\/11\/uelzener_allgemeine_versicherungsgesellschaft_a_g_logo.jpg\",\"contentUrl\":\"https:\/\/uelzener.de\/magazin\/app\/uploads\/2024\/11\/uelzener_allgemeine_versicherungsgesellschaft_a_g_logo.jpg\",\"width\":200,\"height\":200,\"caption\":\"Uelzener Versicherungen\"},\"image\":{\"@id\":\"https:\/\/uelzener.de\/magazin\/#\/schema\/logo\/image\/\"},\"sameAs\":[\"https:\/\/www.facebook.com\/Uelzener\",\"https:\/\/instagram.com\/uelzener\",\"https:\/\/www.xing.com\/pages\/uelzenerallgemeineversicherungs-gesellschafta-g\",\"https:\/\/www.youtube.com\/UelzenerVersicherungen\"]}]}<\/script>\n<!-- \/ Yoast SEO Premium plugin. -->","yoast_head_json":{"title":"Haben Katzen ein Zeitgef\u00fchl? | Uelzener","description":"Das \u2713 Zeitgef\u00fchl von \u2713 Katzen basiert auf immer gleichen Abl\u00e4ufen. Diese sollten nur vorsichtig ge\u00e4ndert werden. \u25b6 Hier erf\u00e4hrst du mehr!","robots":{"index":"index","follow":"follow","max-snippet":"max-snippet:-1","max-image-preview":"max-image-preview:large","max-video-preview":"max-video-preview:-1"},"canonical":"https:\/\/uelzener.de\/magazin\/katze\/tipps-fuer-den-alltag\/haben-katzen-ein-zeitgefuehl\/","og_locale":"de_DE","og_type":"article","og_title":"Haben Katzen ein Zeitgef\u00fchl?","og_description":"Das \u2713 Zeitgef\u00fchl von \u2713 Katzen basiert auf immer gleichen Abl\u00e4ufen. Diese sollten nur vorsichtig ge\u00e4ndert werden. \u25b6 Hier erf\u00e4hrst du mehr!","og_url":"https:\/\/uelzener.de\/magazin\/katze\/tipps-fuer-den-alltag\/haben-katzen-ein-zeitgefuehl\/","og_site_name":"Uelzener Tier-Magazin","article_publisher":"https:\/\/www.facebook.com\/Uelzener","article_modified_time":"2025-11-13T10:49:45+00:00","og_image":[{"width":1024,"height":450,"url":"https:\/\/uelzener.de\/magazin\/app\/uploads\/2022\/06\/Zeitgefuehl-Katze.jpg","type":"image\/jpeg"}],"twitter_card":"summary_large_image","twitter_misc":{"Gesch\u00e4tzte Lesezeit":"8\u00a0Minuten"},"schema":{"@context":"https:\/\/schema.org","@graph":[{"@type":"WebPage","@id":"https:\/\/uelzener.de\/magazin\/katze\/tipps-fuer-den-alltag\/haben-katzen-ein-zeitgefuehl\/","url":"https:\/\/uelzener.de\/magazin\/katze\/tipps-fuer-den-alltag\/haben-katzen-ein-zeitgefuehl\/","name":"Haben Katzen ein Zeitgef\u00fchl? | Uelzener","isPartOf":{"@id":"https:\/\/uelzener.de\/magazin\/#website"},"primaryImageOfPage":{"@id":"https:\/\/uelzener.de\/magazin\/katze\/tipps-fuer-den-alltag\/haben-katzen-ein-zeitgefuehl\/#primaryimage"},"image":{"@id":"https:\/\/uelzener.de\/magazin\/katze\/tipps-fuer-den-alltag\/haben-katzen-ein-zeitgefuehl\/#primaryimage"},"thumbnailUrl":"https:\/\/uelzener.de\/magazin\/app\/uploads\/2022\/06\/Zeitgefuehl-Katze.jpg","datePublished":"2022-06-26T11:43:23+00:00","dateModified":"2025-11-13T10:49:45+00:00","description":"Das \u2713 Zeitgef\u00fchl von \u2713 Katzen basiert auf immer gleichen Abl\u00e4ufen. Diese sollten nur vorsichtig ge\u00e4ndert werden. \u25b6 Hier erf\u00e4hrst du mehr!","breadcrumb":{"@id":"https:\/\/uelzener.de\/magazin\/katze\/tipps-fuer-den-alltag\/haben-katzen-ein-zeitgefuehl\/#breadcrumb"},"inLanguage":"de","potentialAction":[{"@type":"ReadAction","target":["https:\/\/uelzener.de\/magazin\/katze\/tipps-fuer-den-alltag\/haben-katzen-ein-zeitgefuehl\/"]}]},{"@type":"ImageObject","inLanguage":"de","@id":"https:\/\/uelzener.de\/magazin\/katze\/tipps-fuer-den-alltag\/haben-katzen-ein-zeitgefuehl\/#primaryimage","url":"https:\/\/uelzener.de\/magazin\/app\/uploads\/2022\/06\/Zeitgefuehl-Katze.jpg","contentUrl":"https:\/\/uelzener.de\/magazin\/app\/uploads\/2022\/06\/Zeitgefuehl-Katze.jpg","width":1024,"height":450,"caption":"Katze liegt in der Sonne, sie hat v\u00f6llig die Zeit vergessen."},{"@type":"WebSite","@id":"https:\/\/uelzener.de\/magazin\/#website","url":"https:\/\/uelzener.de\/magazin\/","name":"Uelzener Tiermagazin","description":"Online Tierratgeber der Uelzener Versicherungen","publisher":{"@id":"https:\/\/uelzener.de\/magazin\/#organization"},"potentialAction":[{"@type":"SearchAction","target":{"@type":"EntryPoint","urlTemplate":"https:\/\/uelzener.de\/magazin\/?s={search_term_string}"},"query-input":{"@type":"PropertyValueSpecification","valueRequired":true,"valueName":"search_term_string"}}],"inLanguage":"de"},{"@type":"Organization","@id":"https:\/\/uelzener.de\/magazin\/#organization","name":"Uelzener Versicherungen","url":"https:\/\/uelzener.de\/magazin\/","logo":{"@type":"ImageObject","inLanguage":"de","@id":"https:\/\/uelzener.de\/magazin\/#\/schema\/logo\/image\/","url":"https:\/\/uelzener.de\/magazin\/app\/uploads\/2024\/11\/uelzener_allgemeine_versicherungsgesellschaft_a_g_logo.jpg","contentUrl":"https:\/\/uelzener.de\/magazin\/app\/uploads\/2024\/11\/uelzener_allgemeine_versicherungsgesellschaft_a_g_logo.jpg","width":200,"height":200,"caption":"Uelzener Versicherungen"},"image":{"@id":"https:\/\/uelzener.de\/magazin\/#\/schema\/logo\/image\/"},"sameAs":["https:\/\/www.facebook.com\/Uelzener","https:\/\/instagram.com\/uelzener","https:\/\/www.xing.com\/pages\/uelzenerallgemeineversicherungs-gesellschafta-g","https:\/\/www.youtube.com\/UelzenerVersicherungen"]}]}},"_links":{"self":[{"href":"https:\/\/uelzener.de\/magazin\/wp-json\/wp\/v2\/pages\/13465","targetHints":{"allow":["GET"]}}],"collection":[{"href":"https:\/\/uelzener.de\/magazin\/wp-json\/wp\/v2\/pages"}],"about":[{"href":"https:\/\/uelzener.de\/magazin\/wp-json\/wp\/v2\/types\/page"}],"author":[{"embeddable":true,"href":"https:\/\/uelzener.de\/magazin\/wp-json\/wp\/v2\/users\/9"}],"replies":[{"embeddable":true,"href":"https:\/\/uelzener.de\/magazin\/wp-json\/wp\/v2\/comments?post=13465"}],"version-history":[{"count":9,"href":"https:\/\/uelzener.de\/magazin\/wp-json\/wp\/v2\/pages\/13465\/revisions"}],"predecessor-version":[{"id":19513,"href":"https:\/\/uelzener.de\/magazin\/wp-json\/wp\/v2\/pages\/13465\/revisions\/19513"}],"up":[{"embeddable":true,"href":"https:\/\/uelzener.de\/magazin\/wp-json\/wp\/v2\/pages\/11709"}],"wp:featuredmedia":[{"embeddable":true,"href":"https:\/\/uelzener.de\/magazin\/wp-json\/wp\/v2\/media\/13476"}],"wp:attachment":[{"href":"https:\/\/uelzener.de\/magazin\/wp-json\/wp\/v2\/media?parent=13465"}],"curies":[{"name":"wp","href":"https:\/\/api.w.org\/{rel}","templated":true}]}}