{"id":13450,"date":"2022-06-16T12:33:36","date_gmt":"2022-06-16T10:33:36","guid":{"rendered":"https:\/\/uelzener.de\/magazin\/?page_id=13450"},"modified":"2025-09-11T10:11:54","modified_gmt":"2025-09-11T08:11:54","slug":"parasiten-beim-pferd-das-solltest-du-wissen","status":"publish","type":"page","link":"https:\/\/uelzener.de\/magazin\/pferd\/tiergesundheit\/parasiten-beim-pferd-das-solltest-du-wissen\/","title":{"rendered":"Parasiten beim Pferd: Das solltest du wissen!"},"content":{"rendered":"<p>So wie andere freilaufende Tiere werden auch Pferde von Parasiten geplagt. Diese Sch\u00e4dlinge machen es sich meist w\u00e4hrend der warmen Jahreszeit auf unseren Vierbeinern gem\u00fctlich. Haut- und Infektionskrankheiten k\u00f6nnen die Folge von Bissen und Stichen sein. Welche Parasiten f\u00fcr dein Pferd gef\u00e4hrlich sind, wie einem Befall vorgebeugt und dieser behandelt werden kann, erf\u00e4hrst du in diesem Artikel.<\/p>\n<h2><strong>Parasitenbefall auf der Haut und im Fell<\/strong><\/h2>\n<p>Sommerzeit ist Insektenzeit \u2013 zum gro\u00dfen Leidwesen f\u00fcr Pferd und Reiter:in. Leider sind manche der fliegenden Plagegeister nicht nur l\u00e4stig, sondern k\u00f6nnen auch Krankheiten ausl\u00f6sen. Besonders im Reitstall, wo es herrlich nach Schwei\u00df, Mist und anderen verlockenden Duftnoten riecht, gibt es Ungeziefer wie Sand am Meer. Oft bleiben die kleinen Qu\u00e4lgeister unerkannt und nisten sich auf der Haut und der M\u00e4hne des Pferdes ein. Manche von ihnen stechen, andere bei\u00dfen oder legen ihre Eier im Fell des Tieres ab.<\/p>\n<p>Auch wenn nicht alle Parasiten f\u00fcr dein Pferd gef\u00e4hrlich sind, reagieren viele Vierbeiner dennoch empfindlich auf die Insektenplage. Was h\u00e4ufig mit einem blo\u00dfen Juckreiz anf\u00e4ngt, kann sich mit der Zeit zu einer fiesen Entz\u00fcndung entwickeln. Um einem solchen Befall vorzubeugen, ist es wichtig, sich mit den Merkmalen der einzelnen Parasitenarten vertraut zu machen.<\/p>\n<h2><strong>Diese Parasiten sind f\u00fcr dein Pferd gef\u00e4hrlich <\/strong><\/h2>\n<p>Die meisten Ektoparasiten (Au\u00dfenparasiten) k\u00f6nnen in <strong>zwei Gruppen<\/strong> eingeteilt werden. Zur Gruppe der <strong>Insekten<\/strong> geh\u00f6ren Arten wie die Hirschlaus, die Dasselfliege, Bremsen und verschiedene M\u00fcckenarten. Zu den <strong>Spinnentieren<\/strong> z\u00e4hlen <a href=\"https:\/\/uelzener.de\/magazin\/pferd\/tiergesundheit\/milbenbefall-beim-pferd\/\" target=\"_blank\" rel=\"noopener\">Milben<\/a> und Zecken. W\u00e4hrend sich Parasiten wie Haarlinge gern ein <strong>Leben lang auf ihrem Wirt aufhalten<\/strong> und schwer aufzufinden sind, handelt es sich bei den meisten Insekten eher um <strong>Kurzzeitbesucher<\/strong>.<\/p>\n<p>Hier findest du eine Liste der h\u00e4ufigsten Parasitenarten mit Hinweisen, wie diese zu erkennen sind und welche Krankheiten sie ausl\u00f6sen k\u00f6nnen:<\/p>\n<h3>Spinnentiere:<\/h3>\n<ul>\n<li>Die Larven der <strong>Herbstgrasmilbe <\/strong>(Neotrombicula autumnalis) schl\u00fcpfen im Sp\u00e4tsommer bis Fr\u00fchherbst. Sie sind winzig klein, behaart und rot. Vom Gras aus suchen sie sich einen geeigneten Wirt. Mit bis zu tausend Larven sammeln sie sich an d\u00fcnnh\u00e4utigen Stellen am Pferd. Der Befall l\u00f6st beim Tier einen starken Juckreiz aus. Dieser kann sich durch <strong>Hautkrusten oder offene Wunden<\/strong> bemerkbar machen, die sich leicht entz\u00fcnden.<\/li>\n<li><strong>Zecken <\/strong>(Ixodida) sind blutsaugende Parasiten, die sich an Tieren festsetzen. Sie \u00e4hneln kleinen Spinnen und sind in der Regel r\u00f6tlich, dunkelbraun oder schwarz gef\u00e4rbt. Die Gr\u00f6\u00dfe einer Zecke ist einem Sesamkorn (1-3 mm) vergleichbar. Nach dem Blutsaugen schwillt der K\u00f6rper auf die Gr\u00f6\u00dfe einer Kaffeebohne an. Bei ihrer Nahrungsaufnahme am Hauptwirt k\u00f6nnen Zecken eine Reihe von Krankheiten \u00fcbertragen. Dazu geh\u00f6ren die <strong>Borreliose, Ehrlichiose, Piroplasmose und Anaplasmose<\/strong>.<\/li>\n<\/ul>\n<h3><strong>Insekten:<\/strong><\/h3>\n<ul>\n<li>Alle Arten der <strong>Bremsen-Familie <\/strong>(Tabanidae) sind Blutsauger. Sie \u00e4hneln der gew\u00f6hnlichen Hausfliege, sind aber weitaus gr\u00f6\u00dfer. Pferdebremsen verursachen schmerzhafte Stiche und k\u00f6nnen in ihrer Zielgruppe Panik ausl\u00f6sen. Sie werden h\u00e4ufig bei ihren F\u00fctterungsversuchen unterbrochen, sodass sie von Pferd zu Pferd wandern und dabei <strong>Hautkrankheiten und Borreliose<\/strong> \u00fcbertragen. In seltenen F\u00e4llen \u00fcbertragen sie Viren wie die <a href=\"https:\/\/uelzener.de\/magazin\/pferd\/tiergesundheit\/equine-infektioese-anaemie\/\">Equine Infekti\u00f6se An\u00e4mie<\/a>.<\/li>\n<li><strong>Dasselfliegen <\/strong>(Oestridae) sehen wie d\u00fcrre Honigbienen aus. Ihre Larven sind klein, rund und gelblich-orange. Indirekt ist die Eiablage der Dasselfliege f\u00fcr das Pferd allenfalls l\u00e4stig. Bei direktem Kontakt mit Larven im Maul und dem Magen-Darm-Trakt kommt es zu <strong>Reizungen<\/strong> sowie zur Bildung von Eitertaschen und einem Streifensommerekzem kommen. Dies tritt vor allem im Bereich der Backengegend auf, weil die Larven wandern. Die Eiablage der Dasselfliege ist gut sichtbar und erfolgt meist an den Vordergliedma\u00dfen, sodass das Pferd diese gut ablecken kann.<\/li>\n<li><strong>Haarlinge<\/strong> geh\u00f6ren zur Gattung der Tierl\u00e4use (Phthiraptera). Wie die meisten L\u00e4use sind sie winzig, fl\u00fcgellos und meist hellbraun gef\u00e4rbt. Sie ern\u00e4hren sich nicht vom Blut des Tieres, sondern von dessen Hautschuppen. Das f\u00fchrt zu einem starken <strong>Juckreiz und Entz\u00fcndungen<\/strong> an den betroffenen Stellen.<\/li>\n<li><strong>Hirschlausfliegen <\/strong>(Lipoptena cervi) werden oft als \u201efliegende Zecken\u201c bezeichnet, da sie ihnen recht \u00e4hnlich sehen, aber gefl\u00fcgelt sind. Sie greifen Pferde direkt an und krabbeln f\u00fcr ihre Mahlzeit in die N\u00e4he der M\u00e4hne oder zum After. Der Biss dieses Insekts ist f\u00fcr Pferde schmerzhaft und kann panische Angst bis hin zu <a href=\"https:\/\/uelzener.de\/magazin\/pferd\/tiergesundheit\/kolik-beim-pferd\/\">Stresskoliken<\/a> ausl\u00f6sen.<\/li>\n<li><strong>Kriebelm\u00fccken <\/strong>(Simuliidae) sind fliegen\u00e4hnlich, haben eine schwarze Farbe und deutlich hervorstehende Augen. Die Bisswunden sind meistens an den Ohren, dem Hals und Bauch von Pferden zu finden. Die Wunden schwellen an und sondern Eiter ab. Werden sie nicht behandelt, kann es zu <strong>Ekzemen<\/strong> kommen.<\/li>\n<li><strong>Stechm\u00fccken <\/strong>(Culicidae) werden bis zu zehn Millimeter gro\u00df, sind dunkelbraun und haben einen langen, d\u00fcnnen K\u00f6rper. Als ber\u00fcchtigte Blutsauger stechen sie Pferde vor allem an der Brust, am Bauch oder am M\u00e4hnenkamm. An den betroffenen Stellen bilden sich Schwellungen \u2013 Quaddeln oder \u00d6deme \u2013 und in seltenen F\u00e4llen \u00fcbertragen die Stiche Viren und Bakterien. Diese k\u00f6nnen Infekti\u00f6se An\u00e4mie oder das West-Nil-Fieber ausl\u00f6sen. Da letztere Krankheit sehr ernsthafte Folgen wie <strong>L\u00e4hmungen oder Blindheit<\/strong> haben kann, empfehlen Tier\u00e4rzt:innen eine Impfung.<\/li>\n<li><a href=\"https:\/\/uelzener.de\/magazin\/pferd\/tiergesundheit\/wuermer-pferd\/\"><strong><strong>W\u00fcrmer beim Pferd <\/strong><\/strong><\/a>(Endoparasiten) k\u00f6nnen \u00fcber das Grasen auf der Weide in das Pferd gelangen. Die meisten W\u00fcrmer k\u00f6nnen durch eine Entwurmung beseitigt werden. Solltest du Verdacht auf W\u00fcrmer bei deinem Pferd haben, wolltest du einen Tierarzt oder eine Tier\u00e4rztin kontaktieren.<\/li>\n<\/ul>\n<h2><strong>Pferde vor den Parasiten sch\u00fctzen<\/strong><\/h2>\n<p>Wenn Pferde vom <strong>Fr\u00fchling bis zum Herbst auf der Weide grasen<\/strong>, sind sie besonders anf\u00e4llig f\u00fcr Parasiten. Larven und Zecken halten sich gern auf feuchtem Gras auf und andere Insekten fliegen ihre Opfer direkt an. Pferdebesitzer k\u00f6nnen einige Vorkehrungen treffen, um die Parasitengefahr einzud\u00e4mmen:<\/p>\n<ul>\n<li><strong>Ordnung und Sauberkeit<\/strong> sind das A und O. Halte daher Weiden, Stallwerkzeuge und alle Anlagen sauber. In Pferde\u00e4pfeln machen es sich Parasiten gern gem\u00fctlich, daher sollte Mist m\u00f6glichst weit entfernt gelagert und regelm\u00e4\u00dfig abtransportiert werden. Auch Trinkwasser ist m\u00f6glichst frisch anzubieten.<\/li>\n<li>Schwirrende Plagen kannst du mit <strong>dem richtigen Equipment<\/strong> <a href=\"https:\/\/uelzener.de\/magazin\/pferd\/pflege\/fliegenschutz-fuer-pferde-ohne-chemie-diy-fliegensprays\/\" target=\"_blank\" rel=\"noopener\">Fliegenschutz f\u00fcr Pferde<\/a> oder Fliegendecken sowie Bremsenfallen halten Insekten fern. Insektenschutzsprays sind ebenfalls wirksam gegen Stechm\u00fccken, Fliegen und Zecken. Wer es lieber nat\u00fcrlich mag, kann sein Pferd auch mit Knoblauch einreiben.<\/li>\n<li>Durch die <strong>Pflege <\/strong>bek\u00e4mpfst du den m\u00f6glichen aktuellen Parasitenbefall am Pferd. Das hei\u00dft: Gr\u00fcndlich putzen, mit speziellen Shampoos waschen und sorgf\u00e4ltig abtrocknen. Bei einem Fliegenbefall kann dieser direkt mit dem Wasserschlauch beseitigt werden, Zecken lassen sich gut mit einer speziellen Zange entfernen. Larven werden mit Dasselmessern aus dem Fell gel\u00f6st. Taste hierf\u00fcr dein Pferd t\u00e4glich ab und halte nach Parasiten Ausschau.<\/li>\n<\/ul>\n\n<div class=\"related_articles boxed\">\n    <h2>Mehr zum Thema<\/h2>\n    \n    <div class=\"wrapper\"><div class=\"title align-center\"><h3><a href=\"https:\/\/uelzener.de\/magazin\/pferd\/pflege\/pferd-richtig-putzen\/\">Pferd richtig putzen: Wissenswertes rund um die Pflege<\/a><\/h3><\/div><div class=\"img align-center\"><img decoding=\"async\" width=\"315\" height=\"180\" src=\"https:\/\/uelzener.de\/magazin\/app\/uploads\/2024\/06\/pferd-richtig-putzen-315x180.jpg\" class=\"attachment-315x180 size-315x180 wp-post-image\" alt=\"Mann putzt ein Pferd im Freien.\" \/><\/div><\/div><div class=\"wrapper\"><div class=\"title align-center\"><h3><a href=\"https:\/\/uelzener.de\/magazin\/pferd\/pflege\/diy-hufoel-natuerliche-hufpflege-selber-machen\/\">DIY Huf\u00f6l: Nat\u00fcrliche Hufpflege selber machen<\/a><\/h3><\/div><div class=\"img align-center\"><img decoding=\"async\" width=\"315\" height=\"180\" src=\"https:\/\/uelzener.de\/magazin\/app\/uploads\/2024\/06\/hufoel-315x180.jpg\" class=\"attachment-315x180 size-315x180 wp-post-image\" alt=\"Hufen werden mit Huf\u00f6l eingepinselt.\" \/><\/div><\/div><div class=\"wrapper\"><div class=\"title align-center\"><h3><a href=\"https:\/\/uelzener.de\/magazin\/pferd\/tipps-fuer-den-alltag\/das-richtige-eindecken-deines-pferdes\/\">Das richtige Eindecken deines Pferdes<\/a><\/h3><\/div><div class=\"img align-center\"><img decoding=\"async\" width=\"315\" height=\"180\" src=\"https:\/\/uelzener.de\/magazin\/app\/uploads\/2023\/11\/pferd-einecken-315x180.jpg\" class=\"attachment-315x180 size-315x180 wp-post-image\" alt=\"Eingedecktes Pferd steht in verschneiter Landschaft.\" \/><\/div><\/div><\/div>\n\n<h2><strong>Parasitenbefall \u2013 das ist zu tun!<\/strong><\/h2>\n<p>Leider ist die sch\u00f6ne Sommerzeit gleichzeitig Parasitenzeit. So l\u00e4stig es auch sein mag, Insekten geh\u00f6ren einfach dazu. Wer sein Pferd regelm\u00e4\u00dfig gut pflegt, putzt und ein offenes Auge f\u00fcr Parasitenbefall hat, der kann Probleme oft gleich zu Beginn eind\u00e4mmen. Bei leichten Stichen durch Parasiten und harmlosen Entz\u00fcndungen helfen Wundsalben. Wollen die Stellen jedoch gar nicht abheilen und zeigt dein Pferd zus\u00e4tzlich Krankheitssymptome wie Abgeschlagenheit oder Fieber, dann sollte ein Tierarzt oder eine Tier\u00e4rztin unterst\u00fctzen. Damit du vor hohen m\u00f6glichen Kosten gesch\u00fctzt bist, solltest du eine Pferde-Krankenversicherung abschlie\u00dfen.<\/p>\n\n<div class=\"banner\">\n    <a href=\"https:\/\/uelzener.de\/pferd\/herden-versicherung\/?agt=0000104925&sem=true&utm_medium=magazin&utm_source=wordpress&utm_campaign=pferd_kv&utm_content=banner    \">\n        <img decoding=\"async\" width=\"300\" height=\"212\" src=\"https:\/\/uelzener.de\/magazin\/app\/uploads\/2025\/01\/Pferde-Kranken-Versicherung.jpg\" class=\"attachment-medium size-medium\" alt=\"Banner Pferde-Kranken-Versicherung\" \/>    <\/a>\n<\/div>\n\n<h2><strong>FAQ: H\u00e4ufig gestellte Fragen<\/strong><\/h2>\n<h3><strong>Welche Parasiten sind f\u00fcr mein Pferd gef\u00e4hrlich?<\/strong><\/h3>\n<p>Es gibt zwei unterschiedliche Arten an Parasiten: Insekten und Spinnentiere. Folgende Parasiten sind gef\u00e4hrlich f\u00fcr dein Pferd:<\/p>\n<ul>\n<li><a href=\"https:\/\/uelzener.de\/magazin\/pferd\/tiergesundheit\/herbstgrasmilben-beim-pferd-befall-erkennen-und-behandeln\/\" target=\"_blank\" rel=\"noopener\">Herbstgrasmilben<\/a><\/li>\n<li>Zecken<\/li>\n<li><a href=\"https:\/\/uelzener.de\/magazin\/pferd\/tiergesundheit\/was-hilft-gegen-pferdebremsen\/\" target=\"_blank\" rel=\"noopener\">Bremsen<\/a><\/li>\n<li>Haarlinge<\/li>\n<li>Hirschlausfliegen<\/li>\n<li>Kriebelm\u00fccken<\/li>\n<li>Stechm\u00fccken<\/li>\n<li>W\u00fcrmer<\/li>\n<\/ul>\n<h3><strong>Wie kann ich einen Parasitenbefall bei meinem Pferd erkennen?<\/strong><\/h3>\n<p>Die Symptome eines Parasitenbefalls beim Pferd sind je nach Parasit sehr unterschiedlich. Bei manchen Parasiten sind es \u00e4u\u00dfere Erscheinungen wie eine ger\u00f6tete und geschwollene Haut, bei anderen sind es k\u00f6rperliche Beeintr\u00e4chtigungen.<\/p>\n<h3><strong>Wie kann ich mein Pferd vor Parasiten sch\u00fctzen?<\/strong><\/h3>\n<p>Je nach Parasit unterscheiden sich die Vorsorgema\u00dfnahmen. Immerhin hilft aber schon eine regelm\u00e4\u00dfige Fellpflege, um den Plagegeistern vorzubeugen. Durch das K\u00e4mmen des Fells werden Parasiten teilweise schon rausgek\u00e4mmt und du kannst schneller Auff\u00e4lligkeiten erkennen.<\/p>\n<p><a href=\"https:\/\/uelzener.de\/magazin\/pferd\/haeufige-fragen\/liste-haeufigste-pferdekrankheiten-operationen\/\">Mehr zu weiteren Pferdekrankheiten<\/a> hier im Uelzener Tiermagazin!<\/p>\n","protected":false},"excerpt":{"rendered":"<p>So wie andere freilaufende Tiere werden auch Pferde von Parasiten geplagt. Diese Sch\u00e4dlinge machen es sich meist w\u00e4hrend der warmen Jahreszeit auf unseren Vierbeinern gem\u00fctlich. Haut- und Infektionskrankheiten k\u00f6nnen die Folge von Bissen und Stichen sein. Welche Parasiten f\u00fcr dein Pferd gef\u00e4hrlich sind, wie einem Befall vorgebeugt und dieser behandelt werden kann, erf\u00e4hrst du in [&hellip;]<\/p>\n","protected":false},"author":3,"featured_media":13451,"parent":11706,"menu_order":68,"comment_status":"closed","ping_status":"closed","template":"templates\/blog.php","meta":{"_acf_changed":false,"_crdt_document":"","footnotes":"","beyondwords_generate_audio":"","beyondwords_project_id":"","beyondwords_content_id":"","beyondwords_preview_token":"","beyondwords_player_style":"","beyondwords_language_id":"","beyondwords_title_voice_id":"","beyondwords_body_voice_id":"","beyondwords_summary_voice_id":"","beyondwords_error_message":"","beyondwords_disabled":"","beyondwords_delete_content":"","beyondwords_podcast_id":"","beyondwords_hash":"","publish_post_to_speechkit":"","speechkit_hash":"","speechkit_generate_audio":"","speechkit_project_id":"","speechkit_podcast_id":"","speechkit_error_message":"","speechkit_disabled":"","speechkit_access_key":"","speechkit_error":"","speechkit_info":"","speechkit_response":"","speechkit_retries":"","speechkit_status":"","speechkit_updated_at":"","_speechkit_link":"","_speechkit_text":""},"class_list":["post-13450","page","type-page","status-publish","has-post-thumbnail","hentry"],"acf":[],"yoast_head":"<!-- This site is optimized with the Yoast SEO Premium plugin  - https:\/\/yoast.com\/product\/yoast-seo-premium-wordpress\/ -->\n<title>Parasiten beim Pferd: Das solltest du wissen! | Uelzener<\/title>\n<meta name=\"description\" content=\"Alle Informationen zu Parasiten beim Pferd \u2713 Arten von Parasiten \u2713 Parasiten vorbeugen \u2713 Behandlung \u25b6 Hier mehr erfahren!\" \/>\n<meta name=\"robots\" content=\"index, follow, max-snippet:-1, max-image-preview:large, max-video-preview:-1\" \/>\n<link rel=\"canonical\" href=\"https:\/\/uelzener.de\/magazin\/pferd\/tiergesundheit\/parasiten-beim-pferd-das-solltest-du-wissen\/\" \/>\n<meta property=\"og:locale\" content=\"de_DE\" \/>\n<meta property=\"og:type\" content=\"article\" \/>\n<meta property=\"og:title\" content=\"Parasiten beim Pferd: Das solltest du wissen!\" \/>\n<meta property=\"og:description\" content=\"Alle Informationen zu Parasiten beim Pferd \u2713 Arten von Parasiten \u2713 Parasiten vorbeugen \u2713 Behandlung \u25b6 Hier mehr erfahren!\" \/>\n<meta property=\"og:url\" content=\"https:\/\/uelzener.de\/magazin\/pferd\/tiergesundheit\/parasiten-beim-pferd-das-solltest-du-wissen\/\" \/>\n<meta property=\"og:site_name\" content=\"Uelzener Tier-Magazin\" \/>\n<meta property=\"article:publisher\" content=\"https:\/\/www.facebook.com\/Uelzener\" \/>\n<meta property=\"article:modified_time\" content=\"2025-09-11T08:11:54+00:00\" \/>\n<meta property=\"og:image\" content=\"https:\/\/uelzener.de\/magazin\/app\/uploads\/2022\/06\/Parasiten-beim-Pferd.jpg\" \/>\n\t<meta property=\"og:image:width\" content=\"1024\" \/>\n\t<meta property=\"og:image:height\" content=\"450\" \/>\n\t<meta property=\"og:image:type\" content=\"image\/jpeg\" \/>\n<meta name=\"twitter:card\" content=\"summary_large_image\" \/>\n<meta name=\"twitter:label1\" content=\"Gesch\u00e4tzte Lesezeit\" \/>\n\t<meta name=\"twitter:data1\" content=\"8\u00a0Minuten\" \/>\n<script type=\"application\/ld+json\" class=\"yoast-schema-graph\">{\"@context\":\"https:\/\/schema.org\",\"@graph\":[{\"@type\":\"WebPage\",\"@id\":\"https:\/\/uelzener.de\/magazin\/pferd\/tiergesundheit\/parasiten-beim-pferd-das-solltest-du-wissen\/\",\"url\":\"https:\/\/uelzener.de\/magazin\/pferd\/tiergesundheit\/parasiten-beim-pferd-das-solltest-du-wissen\/\",\"name\":\"Parasiten beim Pferd: Das solltest du wissen! | Uelzener\",\"isPartOf\":{\"@id\":\"https:\/\/uelzener.de\/magazin\/#website\"},\"primaryImageOfPage\":{\"@id\":\"https:\/\/uelzener.de\/magazin\/pferd\/tiergesundheit\/parasiten-beim-pferd-das-solltest-du-wissen\/#primaryimage\"},\"image\":{\"@id\":\"https:\/\/uelzener.de\/magazin\/pferd\/tiergesundheit\/parasiten-beim-pferd-das-solltest-du-wissen\/#primaryimage\"},\"thumbnailUrl\":\"https:\/\/uelzener.de\/magazin\/app\/uploads\/2022\/06\/Parasiten-beim-Pferd.jpg\",\"datePublished\":\"2022-06-16T10:33:36+00:00\",\"dateModified\":\"2025-09-11T08:11:54+00:00\",\"description\":\"Alle Informationen zu Parasiten beim Pferd \u2713 Arten von Parasiten \u2713 Parasiten vorbeugen \u2713 Behandlung \u25b6 Hier mehr erfahren!\",\"breadcrumb\":{\"@id\":\"https:\/\/uelzener.de\/magazin\/pferd\/tiergesundheit\/parasiten-beim-pferd-das-solltest-du-wissen\/#breadcrumb\"},\"inLanguage\":\"de\",\"potentialAction\":[{\"@type\":\"ReadAction\",\"target\":[\"https:\/\/uelzener.de\/magazin\/pferd\/tiergesundheit\/parasiten-beim-pferd-das-solltest-du-wissen\/\"]}]},{\"@type\":\"ImageObject\",\"inLanguage\":\"de\",\"@id\":\"https:\/\/uelzener.de\/magazin\/pferd\/tiergesundheit\/parasiten-beim-pferd-das-solltest-du-wissen\/#primaryimage\",\"url\":\"https:\/\/uelzener.de\/magazin\/app\/uploads\/2022\/06\/Parasiten-beim-Pferd.jpg\",\"contentUrl\":\"https:\/\/uelzener.de\/magazin\/app\/uploads\/2022\/06\/Parasiten-beim-Pferd.jpg\",\"width\":1024,\"height\":450,\"caption\":\"Pferd mit Parasiten Fliegen\"},{\"@type\":\"WebSite\",\"@id\":\"https:\/\/uelzener.de\/magazin\/#website\",\"url\":\"https:\/\/uelzener.de\/magazin\/\",\"name\":\"Uelzener Tiermagazin\",\"description\":\"Online Tierratgeber der Uelzener Versicherungen\",\"publisher\":{\"@id\":\"https:\/\/uelzener.de\/magazin\/#organization\"},\"potentialAction\":[{\"@type\":\"SearchAction\",\"target\":{\"@type\":\"EntryPoint\",\"urlTemplate\":\"https:\/\/uelzener.de\/magazin\/?s={search_term_string}\"},\"query-input\":{\"@type\":\"PropertyValueSpecification\",\"valueRequired\":true,\"valueName\":\"search_term_string\"}}],\"inLanguage\":\"de\"},{\"@type\":\"Organization\",\"@id\":\"https:\/\/uelzener.de\/magazin\/#organization\",\"name\":\"Uelzener Versicherungen\",\"url\":\"https:\/\/uelzener.de\/magazin\/\",\"logo\":{\"@type\":\"ImageObject\",\"inLanguage\":\"de\",\"@id\":\"https:\/\/uelzener.de\/magazin\/#\/schema\/logo\/image\/\",\"url\":\"https:\/\/uelzener.de\/magazin\/app\/uploads\/2024\/11\/uelzener_allgemeine_versicherungsgesellschaft_a_g_logo.jpg\",\"contentUrl\":\"https:\/\/uelzener.de\/magazin\/app\/uploads\/2024\/11\/uelzener_allgemeine_versicherungsgesellschaft_a_g_logo.jpg\",\"width\":200,\"height\":200,\"caption\":\"Uelzener Versicherungen\"},\"image\":{\"@id\":\"https:\/\/uelzener.de\/magazin\/#\/schema\/logo\/image\/\"},\"sameAs\":[\"https:\/\/www.facebook.com\/Uelzener\",\"https:\/\/instagram.com\/uelzener\",\"https:\/\/www.xing.com\/pages\/uelzenerallgemeineversicherungs-gesellschafta-g\",\"https:\/\/www.youtube.com\/UelzenerVersicherungen\"]}]}<\/script>\n<!-- \/ Yoast SEO Premium plugin. -->","yoast_head_json":{"title":"Parasiten beim Pferd: Das solltest du wissen! | Uelzener","description":"Alle Informationen zu Parasiten beim Pferd \u2713 Arten von Parasiten \u2713 Parasiten vorbeugen \u2713 Behandlung \u25b6 Hier mehr erfahren!","robots":{"index":"index","follow":"follow","max-snippet":"max-snippet:-1","max-image-preview":"max-image-preview:large","max-video-preview":"max-video-preview:-1"},"canonical":"https:\/\/uelzener.de\/magazin\/pferd\/tiergesundheit\/parasiten-beim-pferd-das-solltest-du-wissen\/","og_locale":"de_DE","og_type":"article","og_title":"Parasiten beim Pferd: Das solltest du wissen!","og_description":"Alle Informationen zu Parasiten beim Pferd \u2713 Arten von Parasiten \u2713 Parasiten vorbeugen \u2713 Behandlung \u25b6 Hier mehr erfahren!","og_url":"https:\/\/uelzener.de\/magazin\/pferd\/tiergesundheit\/parasiten-beim-pferd-das-solltest-du-wissen\/","og_site_name":"Uelzener Tier-Magazin","article_publisher":"https:\/\/www.facebook.com\/Uelzener","article_modified_time":"2025-09-11T08:11:54+00:00","og_image":[{"width":1024,"height":450,"url":"https:\/\/uelzener.de\/magazin\/app\/uploads\/2022\/06\/Parasiten-beim-Pferd.jpg","type":"image\/jpeg"}],"twitter_card":"summary_large_image","twitter_misc":{"Gesch\u00e4tzte Lesezeit":"8\u00a0Minuten"},"schema":{"@context":"https:\/\/schema.org","@graph":[{"@type":"WebPage","@id":"https:\/\/uelzener.de\/magazin\/pferd\/tiergesundheit\/parasiten-beim-pferd-das-solltest-du-wissen\/","url":"https:\/\/uelzener.de\/magazin\/pferd\/tiergesundheit\/parasiten-beim-pferd-das-solltest-du-wissen\/","name":"Parasiten beim Pferd: Das solltest du wissen! | Uelzener","isPartOf":{"@id":"https:\/\/uelzener.de\/magazin\/#website"},"primaryImageOfPage":{"@id":"https:\/\/uelzener.de\/magazin\/pferd\/tiergesundheit\/parasiten-beim-pferd-das-solltest-du-wissen\/#primaryimage"},"image":{"@id":"https:\/\/uelzener.de\/magazin\/pferd\/tiergesundheit\/parasiten-beim-pferd-das-solltest-du-wissen\/#primaryimage"},"thumbnailUrl":"https:\/\/uelzener.de\/magazin\/app\/uploads\/2022\/06\/Parasiten-beim-Pferd.jpg","datePublished":"2022-06-16T10:33:36+00:00","dateModified":"2025-09-11T08:11:54+00:00","description":"Alle Informationen zu Parasiten beim Pferd \u2713 Arten von Parasiten \u2713 Parasiten vorbeugen \u2713 Behandlung \u25b6 Hier mehr erfahren!","breadcrumb":{"@id":"https:\/\/uelzener.de\/magazin\/pferd\/tiergesundheit\/parasiten-beim-pferd-das-solltest-du-wissen\/#breadcrumb"},"inLanguage":"de","potentialAction":[{"@type":"ReadAction","target":["https:\/\/uelzener.de\/magazin\/pferd\/tiergesundheit\/parasiten-beim-pferd-das-solltest-du-wissen\/"]}]},{"@type":"ImageObject","inLanguage":"de","@id":"https:\/\/uelzener.de\/magazin\/pferd\/tiergesundheit\/parasiten-beim-pferd-das-solltest-du-wissen\/#primaryimage","url":"https:\/\/uelzener.de\/magazin\/app\/uploads\/2022\/06\/Parasiten-beim-Pferd.jpg","contentUrl":"https:\/\/uelzener.de\/magazin\/app\/uploads\/2022\/06\/Parasiten-beim-Pferd.jpg","width":1024,"height":450,"caption":"Pferd mit Parasiten Fliegen"},{"@type":"WebSite","@id":"https:\/\/uelzener.de\/magazin\/#website","url":"https:\/\/uelzener.de\/magazin\/","name":"Uelzener Tiermagazin","description":"Online Tierratgeber der Uelzener Versicherungen","publisher":{"@id":"https:\/\/uelzener.de\/magazin\/#organization"},"potentialAction":[{"@type":"SearchAction","target":{"@type":"EntryPoint","urlTemplate":"https:\/\/uelzener.de\/magazin\/?s={search_term_string}"},"query-input":{"@type":"PropertyValueSpecification","valueRequired":true,"valueName":"search_term_string"}}],"inLanguage":"de"},{"@type":"Organization","@id":"https:\/\/uelzener.de\/magazin\/#organization","name":"Uelzener Versicherungen","url":"https:\/\/uelzener.de\/magazin\/","logo":{"@type":"ImageObject","inLanguage":"de","@id":"https:\/\/uelzener.de\/magazin\/#\/schema\/logo\/image\/","url":"https:\/\/uelzener.de\/magazin\/app\/uploads\/2024\/11\/uelzener_allgemeine_versicherungsgesellschaft_a_g_logo.jpg","contentUrl":"https:\/\/uelzener.de\/magazin\/app\/uploads\/2024\/11\/uelzener_allgemeine_versicherungsgesellschaft_a_g_logo.jpg","width":200,"height":200,"caption":"Uelzener Versicherungen"},"image":{"@id":"https:\/\/uelzener.de\/magazin\/#\/schema\/logo\/image\/"},"sameAs":["https:\/\/www.facebook.com\/Uelzener","https:\/\/instagram.com\/uelzener","https:\/\/www.xing.com\/pages\/uelzenerallgemeineversicherungs-gesellschafta-g","https:\/\/www.youtube.com\/UelzenerVersicherungen"]}]}},"_links":{"self":[{"href":"https:\/\/uelzener.de\/magazin\/wp-json\/wp\/v2\/pages\/13450","targetHints":{"allow":["GET"]}}],"collection":[{"href":"https:\/\/uelzener.de\/magazin\/wp-json\/wp\/v2\/pages"}],"about":[{"href":"https:\/\/uelzener.de\/magazin\/wp-json\/wp\/v2\/types\/page"}],"author":[{"embeddable":true,"href":"https:\/\/uelzener.de\/magazin\/wp-json\/wp\/v2\/users\/3"}],"replies":[{"embeddable":true,"href":"https:\/\/uelzener.de\/magazin\/wp-json\/wp\/v2\/comments?post=13450"}],"version-history":[{"count":17,"href":"https:\/\/uelzener.de\/magazin\/wp-json\/wp\/v2\/pages\/13450\/revisions"}],"predecessor-version":[{"id":19192,"href":"https:\/\/uelzener.de\/magazin\/wp-json\/wp\/v2\/pages\/13450\/revisions\/19192"}],"up":[{"embeddable":true,"href":"https:\/\/uelzener.de\/magazin\/wp-json\/wp\/v2\/pages\/11706"}],"wp:featuredmedia":[{"embeddable":true,"href":"https:\/\/uelzener.de\/magazin\/wp-json\/wp\/v2\/media\/13451"}],"wp:attachment":[{"href":"https:\/\/uelzener.de\/magazin\/wp-json\/wp\/v2\/media?parent=13450"}],"curies":[{"name":"wp","href":"https:\/\/api.w.org\/{rel}","templated":true}]}}