{"id":13447,"date":"2022-06-17T12:33:03","date_gmt":"2022-06-17T10:33:03","guid":{"rendered":"https:\/\/uelzener.de\/magazin\/?page_id=13447"},"modified":"2025-09-03T12:53:59","modified_gmt":"2025-09-03T10:53:59","slug":"13-beliebte-sprueche-mit-pferden-und-ihre-bedeutung","status":"publish","type":"page","link":"https:\/\/uelzener.de\/magazin\/pferd\/tipps-fuer-den-alltag\/13-beliebte-sprueche-mit-pferden-und-ihre-bedeutung\/","title":{"rendered":"13 beliebte Spr\u00fcche mit Pferden und ihre Bedeutung"},"content":{"rendered":"<p><strong>Pferde sind treue Begleiter in der Menschheitsgeschichte. Entsprechend sind sie in unserer Sprache in unz\u00e4hligen Sprichw\u00f6rtern verewigt. Insbesondere bei vielen alten Redensarten geraten Bedeutung und Herkunft h\u00e4ufig in Vergessenheit und das Sprichwort macht sich selbstst\u00e4ndig. Warum erz\u00e4hlen wir etwas vom Pferd oder gucken einem geschenkten Gaul nicht ins Maul? In diesem Beitrag erf\u00e4hrst du, was hinter den Spr\u00fcchen steckt. <\/strong><\/p>\n<h2><strong>Sprichw\u00f6rter mit Pferden sind vielseitig<\/strong><\/h2>\n<p>Es gibt mittlerweile sehr viele Spr\u00fcche mit Pferden. Auch die <strong>Bedeutungen unterscheiden<\/strong> sich dabei sehr stark. Wo der eine Pferdespruch sich mit dem Thema Gl\u00fcck auseinandersetzt, geht es in dem n\u00e4chsten um eine Aufforderung, sich zu beeilen. Viele der Redewendungen sind selbsterkl\u00e4rend. Das beste Pferd im <a href=\"https:\/\/uelzener.de\/magazin\/pferd\/tiergesundheit\/stallklima-pferd\/\">Stall<\/a> oder das sprichw\u00f6rtliche Zugpferd sind schlicht die wertvollsten Mitarbeiter:innen einer Firma oder die Verkaufsschlager im Warensortiment. Wer arbeitet wie ein Pferd, schuftet bis zur Ersch\u00f6pfung. Und schlie\u00dflich ist das Setzen auf das richtige oder falsche Pferd auch abseits der Rennbahn mit Erfolg oder Verlust verbunden. Andere Spr\u00fcche mit Pferden sind hingegen schwieriger zu verstehen. Im Folgenden werden die g\u00e4ngigsten Sprichworte mit Pferden aufgelistet und deren Bedeutung erkl\u00e4rt.<\/p>\n<h3><strong>Jemandem etwas vom Pferd erz\u00e4hlen<\/strong><\/h3>\n<p>Wer anderen etwas vom Pferd erz\u00e4hlt, <strong>l\u00fcgt oder verbreitet zumindest Unsinn<\/strong>. Als g\u00e4ngige Herkunft f\u00fcr das Sprichwort gilt der Mythos um das Trojanische Pferd, mit dem die Griechen Troja eroberten.<\/p>\n<p>Eine andere Erkl\u00e4rung bezieht sich auf eine Wortungenauigkeit. Demnach k\u00f6nnte auch \u201eetwas vom Pferd herab erz\u00e4hlen\u201c gemeint sein. Da der Besitz eines Reitpferdes haupts\u00e4chlich Adligen vorbehalten war, konnten diese aus erh\u00f6hter Position herab sprechen und den in der Regel ungebildeten <strong>armen Menschen vieles als Wahrheit verkaufen<\/strong>. Aus dieser Situation resultiert auch ein weiteres Sprichwort: N\u00e4mlich das <strong>Sitzen auf dem hohen Ross<\/strong>, wenn jemand arrogant ist.<\/p>\n<p>Eine dritte m\u00f6gliche Erkl\u00e4rung zur Herkunft des Sprichworts bietet der <strong>Pferdehandel<\/strong>. Wollte der H\u00e4ndler oder die H\u00e4ndlerin das Tier verkaufen, wurden vermutlich einige Details aufgeh\u00fcbscht oder g\u00e4nzlich erfunden und andere bewusst weggelassen.<\/p>\n<h3><strong>Ich glaub, mich tritt ein Pferd!<\/strong><\/h3>\n<p>Umgangssprachlich wird mit dieser Redensart eine <strong>positive oder negative \u00dcberraschung<\/strong> ausgedr\u00fcckt, da auch der Pferdetritt \u00fcberraschend kommt. Das tretende Pferd ist dabei in bester tierischer Gesellschaft: Alternativ laust einen auch der Affe, das Schwein pfeift oder der Elch knutscht.<\/p>\n<h3><strong>Einem geschenkten Gaul schaut man nicht ins Maul<\/strong><\/h3>\n<p>Im Pferdehandel war und ist es \u00fcblich, einem zum Verkauf stehenden Tier gr\u00fcndlich ins Maul zu sehen, um die Z\u00e4hne zu \u00fcberpr\u00fcfen. Stark abgeriebene Z\u00e4hne deuten darauf hin, dass das Pferd m\u00f6glicherweise \u00e4lter ist, als es angepriesen wird. Einem geschenkten Gaul nicht ins Maul zu schauen, bedeutet daher, dass man ein <strong>Geschenk nicht nach seinem Wert beurteilen<\/strong> oder es hinterfragen sollte.<\/p>\n<h3><strong>Du kannst aus einem Ackergaul kein Rennpferd machen<\/strong><\/h3>\n<p>Die Redewendung &#8222;Du kannst aus einem Ackergaul kein Rennpferd machen&#8220; bedeutet, dass man die F\u00e4higkeiten und Eigenschaften eines Individuums nicht grundlegend ver\u00e4ndern kann. Es wird oft <strong>verwendet, um zu sagen, dass jemand nicht in der Lage ist, sich dramatisch zu verbessern oder seine nat\u00fcrlichen Begabungen zu \u00e4ndern<\/strong>. In deinem Fall, wenn es um Tierthemen geht, k\u00f6nnte das bedeuten, dass man nicht erwarten kann, aus einem Hund, einer Katze oder einem Pferd eine v\u00f6llig andere Tierart zu machen. Es ist wichtig, die nat\u00fcrlichen Eigenschaften und F\u00e4higkeiten der Tiere zu respektieren und in deinen Artikeln dar\u00fcber zu informieren.<\/p>\n<h3><strong>Ich hab\u2018 schon Pferde kotzen sehen!<\/strong><\/h3>\n<p>Wer behauptet, er oder sie habe schon Pferde kotzen sehen, m\u00f6chte damit eine <strong>Situation ironisch kommentieren<\/strong>. Rein physiologisch sind Pferde n\u00e4mlich nicht dazu in der Lage, sich zu \u00fcbergeben. Sagt das eigene Kind beispielsweise, dass es ab sofort jeden Tag sein Zimmer aufr\u00e4umen wird und man antwortet mit diesem Sprichwort, dann zeigt das, wie wenig man an die Wahrheit dieser Aussage glaubt. Oft wird die Redensart noch erweitert: Dann hat man das Pferd sogar vor der Apotheke kotzen sehen, wo Hilfe also unmittelbar in der N\u00e4he gewesen w\u00e4re.<\/p>\n<h3><strong>Das Pferd von hinten aufz\u00e4umen<\/strong><\/h3>\n<p>Z\u00e4umt jemand das Pferd von hinten auf, geht er oder sie eine <strong>Aufgabe grunds\u00e4tzlich falsch oder in falscher Reihenfolge<\/strong> an \u2013 Synonym zu den Phrasen, das Pferd beim Schwanz aufzuz\u00e4umen oder den Karren nicht vor das Pferd zu spannen. Dass Martin Luther diese Phrase in der \u00dcberlieferung h\u00e4ufig gebrauchte, verdeutlicht, dass sie bereits im 16. Jahrhundert verbreitet war.<\/p>\n<h3><strong>Mit dir kann ich Pferde stehlen!<\/strong><\/h3>\n<p>Im 17. Jahrhundert tauchte das Sprichwort auf, man k\u00f6nne gemeinsam Pferde stehlen. Zu dieser Zeit waren Pferde so kostbar, dass ertappte Diebe h\u00e4ufig geh\u00e4ngt wurden. Wer einen Freund an seiner Seite hat, mit der er dieses Risiko eingehen w\u00fcrde, dr\u00fcckt somit <a href=\"https:\/\/uelzener.de\/magazin\/pferd\/haeufige-fragen\/vertrauen-vom-pferd-erkennen-so-zeigen-sie-ihr-vertrauen\/\">sein <strong>absolutes Vertrauen<\/strong><\/a> aus.<\/p>\n<h3><strong>Sich die Sporen verdienen<\/strong><\/h3>\n<p>Wenn etwa im Beruf davon die Rede ist, jemand m\u00fcsse sich erst seine Sporen verdienen, dann bedeutet das, man muss <strong>erst eine eigene Leistung erbracht haben<\/strong>. Das geht zur\u00fcck ins Mittelalter. Um Ritter zu werden, mussten Knappen eine lange Ausbildungszeit \u00fcberstehen. Erst mit dem Ritterschlag zum Ende der Lehre wurden ihnen dann Sporen als Belohnung gegeben. Bei Turnieren folgte dann der Beweis, ob die Sporen auch wirklich verdient waren.<\/p>\n<h3><strong>Ross und Reiter beim Namen nennen<\/strong><\/h3>\n<p>Wenn Ross und Reiter beim Namen genannt werden sollen, ist eine genaue <strong>Aussprache gefordert<\/strong>, was und wen man mit einer Aussage meint. Im Mittelalter hat diese Aufgabe der Herold, also ein Ausrufer, \u00fcbernommen. Waren bei einem Turnier Ross und Reiter in ihre R\u00fcstungen geh\u00fcllt, konnte man diese kaum noch identifizieren. Da erfolgreiche Turnierpferde \u00e4u\u00dferst wertvoll waren und einige Bekanntheit erlangten, wurden Ross und Reiter namentlich angek\u00fcndigt.<\/p>\n<h3><strong>Dazu bringen mich keine zehn Pferde <\/strong><\/h3>\n<p>Pferde sind sehr starke Tiere, die ganze Kutschen ziehen k\u00f6nnen. Wenn jemand also behauptet, sie oder ihn w\u00fcrden keine zehn Pferde zu etwas bewegen k\u00f6nnen, dann spricht das f\u00fcr <strong>hochgradigen Widerwillen<\/strong>.<\/p>\n\n<div class=\"related_articles boxed\">\n    <h2>Mehr zum Thema<\/h2>\n    \n    <div class=\"wrapper\"><div class=\"title align-center\"><h3><a href=\"https:\/\/uelzener.de\/magazin\/pferd\/haeufige-fragen\/pferdemaedchen-klischees-vorurteile-und-halbwahrheiten\/\">Pferdem\u00e4dchen: Klischees, Vorurteile und (Halb)Wahrheiten<\/a><\/h3><\/div><div class=\"img align-center\"><img decoding=\"async\" width=\"315\" height=\"180\" src=\"https:\/\/uelzener.de\/magazin\/app\/uploads\/2023\/07\/pferdemaedchen-315x180.jpg\" class=\"attachment-315x180 size-315x180 wp-post-image\" alt=\"M\u00e4dchen sitzt lachend auf einem Pferd. Erf\u00fcllt sie das Bild eines Pferdem\u00e4dchens?\" \/><\/div><\/div><div class=\"wrapper\"><div class=\"title align-center\"><h3><a href=\"https:\/\/uelzener.de\/magazin\/pferd\/haeufige-fragen\/das-pferd-von-pippi-langstrumpf-20-spannende-fakten\/\">Das Pferd von Pippi Langstrumpf: 20 spannende Fakten<\/a><\/h3><\/div><div class=\"img align-center\"><img decoding=\"async\" width=\"315\" height=\"180\" src=\"https:\/\/uelzener.de\/magazin\/app\/uploads\/2023\/05\/pippi-langstrumpf-briefmarke-315x180.jpg\" class=\"attachment-315x180 size-315x180 wp-post-image\" alt=\"Briefmarke zeigt Pippi Langstrumpf und das Pferd Kleiner Onkel als Zeichnung.\" \/><\/div><\/div><div class=\"wrapper\"><div class=\"title align-center\"><h3><a href=\"https:\/\/uelzener.de\/magazin\/pferd\/rasseportrait\/knabstrupper\/\">Der Knabstrupper<\/a><\/h3><\/div><div class=\"img align-center\"><img decoding=\"async\" width=\"315\" height=\"180\" src=\"https:\/\/uelzener.de\/magazin\/app\/uploads\/2019\/03\/032de328-29bf-4e16-89bd-6e15d4b2c559-315x180.jpg\" class=\"attachment-315x180 size-315x180 wp-post-image\" alt=\"Ein wei\u00dfer Knabstrupper mit schwarzen Punkten galoppiert \u00fcber eine gr\u00fcne Wiese\" srcset=\"https:\/\/uelzener.de\/magazin\/app\/uploads\/2019\/03\/032de328-29bf-4e16-89bd-6e15d4b2c559-315x180.jpg 315w, https:\/\/uelzener.de\/magazin\/app\/uploads\/2019\/03\/032de328-29bf-4e16-89bd-6e15d4b2c559-650x369.jpg 650w\" sizes=\"(max-width: 315px) 100vw, 315px\" \/><\/div><\/div><\/div>\n\n<h3><strong>Schwing die Hufe<\/strong><\/h3>\n<p>Ein vergleichsweise junges Sprichwort ist, in die Hufe zu kommen oder die Hufe zu schwingen. In der Jugendsprache der 1980er Jahre entstand diese Aufforderung, jemand solle sich <strong>beeilen<\/strong>. Mit den Hufen sind dabei wahlweise die Schuhe oder die F\u00fc\u00dfe der Person gemeint.<\/p>\n<h3><strong>Sich in etwas vergaloppieren<\/strong><\/h3>\n<p>Passend zu der schnellen und gesprungenen Pferdegangart vergaloppiert sich jemand, der etwas anf\u00e4ngt, das sich bald als <strong>Irrtum<\/strong> herausstellt. Im \u00fcbertragenen Sinn ist diese Person schnell in eine falsche Richtung gelaufen, ohne den Irrtum gleich zu bemerken.<\/p>\n<h3><strong>Ein gutes Pferd springt nicht h\u00f6her als es muss<\/strong><\/h3>\n<p>Ein Pferd, das nur so hoch springt, wie es muss, setzt f\u00fcr die Bew\u00e4ltigung seiner <strong>Aufgabe exakt so viel Energie ein, wie f\u00fcr den Erfolg notwendig ist<\/strong>. Besonders im Sport findet dieses Sprichwort h\u00e4ufige Verwendung, wenn eine Mannschaft nur knapp gegen eine andere gewonnen hat. Die Herkunft ist nicht genau gekl\u00e4rt. W\u00e4hrend ein altes chinesisches Sprichwort mit \u201eEin gutes Pferd springt knapp\u201c \u00fcbersetzt wird, wird die Redewendung im Deutschen dem ehemaligen Verkehrsminister Georg Leber zugeschrieben.<\/p>\n<h3><strong>Jemanden an die Kandare nehmen<\/strong><\/h3>\n<p>Auf Dressurturnieren ist es immer wieder zu sehen: An einer Kandare hat man im sprichw\u00f6rtlichen Sinn <strong>wenig Freiheiten<\/strong> und muss mit streng kontrollierter Durchf\u00fchrung einer \u00dcbung rechnen.<\/p>\n<h2><strong>Sprichw\u00f6rter mit Pferden verstehen und nutzen<\/strong><\/h2>\n<p>Wenn du die vielen Sprichw\u00f6rter verstehst, kannst du sie einfach in deinem Alltag einbauen und nutzen. Jedes Sprichwort \u00fcber ein Pferd kann in einer anderen Situation verwendet werden und gibt deiner Unterhaltung eine ganz besondere Note.<\/p>\n","protected":false},"excerpt":{"rendered":"<p>Pferde sind treue Begleiter in der Menschheitsgeschichte. Entsprechend sind sie in unserer Sprache in unz\u00e4hligen Sprichw\u00f6rtern verewigt. Insbesondere bei vielen alten Redensarten geraten Bedeutung und Herkunft h\u00e4ufig in Vergessenheit und das Sprichwort macht sich selbstst\u00e4ndig. Warum erz\u00e4hlen wir etwas vom Pferd oder gucken einem geschenkten Gaul nicht ins Maul? In diesem Beitrag erf\u00e4hrst du, was [&hellip;]<\/p>\n","protected":false},"author":3,"featured_media":13448,"parent":11703,"menu_order":17,"comment_status":"closed","ping_status":"closed","template":"templates\/blog.php","meta":{"_acf_changed":false,"_crdt_document":"","footnotes":"","beyondwords_generate_audio":"0","beyondwords_project_id":"","beyondwords_content_id":"","beyondwords_preview_token":"","beyondwords_player_style":"","beyondwords_language_id":"","beyondwords_title_voice_id":"","beyondwords_body_voice_id":"","beyondwords_summary_voice_id":"","beyondwords_error_message":"","beyondwords_disabled":"","beyondwords_delete_content":"","beyondwords_podcast_id":"","beyondwords_hash":"","publish_post_to_speechkit":"","speechkit_hash":"","speechkit_generate_audio":"","speechkit_project_id":"","speechkit_podcast_id":"","speechkit_error_message":"","speechkit_disabled":"","speechkit_access_key":"","speechkit_error":"","speechkit_info":"","speechkit_response":"","speechkit_retries":"","speechkit_status":"","speechkit_updated_at":"","_speechkit_link":"","_speechkit_text":""},"class_list":["post-13447","page","type-page","status-publish","has-post-thumbnail","hentry"],"acf":[],"yoast_head":"<!-- This site is optimized with the Yoast SEO Premium plugin  - https:\/\/yoast.com\/product\/yoast-seo-premium-wordpress\/ -->\n<title>Spr\u00fcche mit Pferd verstehen | Uelzener<\/title>\n<meta name=\"description\" content=\"13 tolle Sprichw\u00f6rter mit Pferden \u2713 Bedeutung \u2713 Herkunft \u25b6 Hier alle Sprichw\u00f6rter entdecken &amp; einfach benutzen!\" \/>\n<meta name=\"robots\" content=\"index, follow, max-snippet:-1, max-image-preview:large, max-video-preview:-1\" \/>\n<link rel=\"canonical\" href=\"https:\/\/uelzener.de\/magazin\/pferd\/tipps-fuer-den-alltag\/13-beliebte-sprueche-mit-pferden-und-ihre-bedeutung\/\" \/>\n<meta property=\"og:locale\" content=\"de_DE\" \/>\n<meta property=\"og:type\" content=\"article\" \/>\n<meta property=\"og:title\" content=\"13 beliebte Spr\u00fcche mit Pferden und ihre Bedeutung\" \/>\n<meta property=\"og:description\" content=\"13 tolle Sprichw\u00f6rter mit Pferden \u2713 Bedeutung \u2713 Herkunft \u25b6 Hier alle Sprichw\u00f6rter entdecken &amp; einfach benutzen!\" \/>\n<meta property=\"og:url\" content=\"https:\/\/uelzener.de\/magazin\/pferd\/tipps-fuer-den-alltag\/13-beliebte-sprueche-mit-pferden-und-ihre-bedeutung\/\" \/>\n<meta property=\"og:site_name\" content=\"Uelzener Tier-Magazin\" \/>\n<meta property=\"article:publisher\" content=\"https:\/\/www.facebook.com\/Uelzener\" \/>\n<meta property=\"article:modified_time\" content=\"2025-09-03T10:53:59+00:00\" \/>\n<meta property=\"og:image\" content=\"https:\/\/uelzener.de\/magazin\/app\/uploads\/2022\/06\/Pferdesprueche.jpg\" \/>\n\t<meta property=\"og:image:width\" content=\"1024\" \/>\n\t<meta property=\"og:image:height\" content=\"450\" \/>\n\t<meta property=\"og:image:type\" content=\"image\/jpeg\" \/>\n<meta name=\"twitter:card\" content=\"summary_large_image\" \/>\n<meta name=\"twitter:label1\" content=\"Gesch\u00e4tzte Lesezeit\" \/>\n\t<meta name=\"twitter:data1\" content=\"7\u00a0Minuten\" \/>\n<script type=\"application\/ld+json\" class=\"yoast-schema-graph\">{\"@context\":\"https:\/\/schema.org\",\"@graph\":[{\"@type\":\"WebPage\",\"@id\":\"https:\/\/uelzener.de\/magazin\/pferd\/tipps-fuer-den-alltag\/13-beliebte-sprueche-mit-pferden-und-ihre-bedeutung\/\",\"url\":\"https:\/\/uelzener.de\/magazin\/pferd\/tipps-fuer-den-alltag\/13-beliebte-sprueche-mit-pferden-und-ihre-bedeutung\/\",\"name\":\"Spr\u00fcche mit Pferd verstehen | Uelzener\",\"isPartOf\":{\"@id\":\"https:\/\/uelzener.de\/magazin\/#website\"},\"primaryImageOfPage\":{\"@id\":\"https:\/\/uelzener.de\/magazin\/pferd\/tipps-fuer-den-alltag\/13-beliebte-sprueche-mit-pferden-und-ihre-bedeutung\/#primaryimage\"},\"image\":{\"@id\":\"https:\/\/uelzener.de\/magazin\/pferd\/tipps-fuer-den-alltag\/13-beliebte-sprueche-mit-pferden-und-ihre-bedeutung\/#primaryimage\"},\"thumbnailUrl\":\"https:\/\/uelzener.de\/magazin\/app\/uploads\/2022\/06\/Pferdesprueche.jpg\",\"datePublished\":\"2022-06-17T10:33:03+00:00\",\"dateModified\":\"2025-09-03T10:53:59+00:00\",\"description\":\"13 tolle Sprichw\u00f6rter mit Pferden \u2713 Bedeutung \u2713 Herkunft \u25b6 Hier alle Sprichw\u00f6rter entdecken & einfach benutzen!\",\"breadcrumb\":{\"@id\":\"https:\/\/uelzener.de\/magazin\/pferd\/tipps-fuer-den-alltag\/13-beliebte-sprueche-mit-pferden-und-ihre-bedeutung\/#breadcrumb\"},\"inLanguage\":\"de\",\"potentialAction\":[{\"@type\":\"ReadAction\",\"target\":[\"https:\/\/uelzener.de\/magazin\/pferd\/tipps-fuer-den-alltag\/13-beliebte-sprueche-mit-pferden-und-ihre-bedeutung\/\"]}]},{\"@type\":\"ImageObject\",\"inLanguage\":\"de\",\"@id\":\"https:\/\/uelzener.de\/magazin\/pferd\/tipps-fuer-den-alltag\/13-beliebte-sprueche-mit-pferden-und-ihre-bedeutung\/#primaryimage\",\"url\":\"https:\/\/uelzener.de\/magazin\/app\/uploads\/2022\/06\/Pferdesprueche.jpg\",\"contentUrl\":\"https:\/\/uelzener.de\/magazin\/app\/uploads\/2022\/06\/Pferdesprueche.jpg\",\"width\":1024,\"height\":450,\"caption\":\"Pferdebeine auf Sand im Sonnenuntergang.\"},{\"@type\":\"WebSite\",\"@id\":\"https:\/\/uelzener.de\/magazin\/#website\",\"url\":\"https:\/\/uelzener.de\/magazin\/\",\"name\":\"Uelzener Tiermagazin\",\"description\":\"Online Tierratgeber der Uelzener Versicherungen\",\"publisher\":{\"@id\":\"https:\/\/uelzener.de\/magazin\/#organization\"},\"potentialAction\":[{\"@type\":\"SearchAction\",\"target\":{\"@type\":\"EntryPoint\",\"urlTemplate\":\"https:\/\/uelzener.de\/magazin\/?s={search_term_string}\"},\"query-input\":{\"@type\":\"PropertyValueSpecification\",\"valueRequired\":true,\"valueName\":\"search_term_string\"}}],\"inLanguage\":\"de\"},{\"@type\":\"Organization\",\"@id\":\"https:\/\/uelzener.de\/magazin\/#organization\",\"name\":\"Uelzener Versicherungen\",\"url\":\"https:\/\/uelzener.de\/magazin\/\",\"logo\":{\"@type\":\"ImageObject\",\"inLanguage\":\"de\",\"@id\":\"https:\/\/uelzener.de\/magazin\/#\/schema\/logo\/image\/\",\"url\":\"https:\/\/uelzener.de\/magazin\/app\/uploads\/2024\/11\/uelzener_allgemeine_versicherungsgesellschaft_a_g_logo.jpg\",\"contentUrl\":\"https:\/\/uelzener.de\/magazin\/app\/uploads\/2024\/11\/uelzener_allgemeine_versicherungsgesellschaft_a_g_logo.jpg\",\"width\":200,\"height\":200,\"caption\":\"Uelzener Versicherungen\"},\"image\":{\"@id\":\"https:\/\/uelzener.de\/magazin\/#\/schema\/logo\/image\/\"},\"sameAs\":[\"https:\/\/www.facebook.com\/Uelzener\",\"https:\/\/instagram.com\/uelzener\",\"https:\/\/www.xing.com\/pages\/uelzenerallgemeineversicherungs-gesellschafta-g\",\"https:\/\/www.youtube.com\/UelzenerVersicherungen\"]}]}<\/script>\n<!-- \/ Yoast SEO Premium plugin. -->","yoast_head_json":{"title":"Spr\u00fcche mit Pferd verstehen | Uelzener","description":"13 tolle Sprichw\u00f6rter mit Pferden \u2713 Bedeutung \u2713 Herkunft \u25b6 Hier alle Sprichw\u00f6rter entdecken & einfach benutzen!","robots":{"index":"index","follow":"follow","max-snippet":"max-snippet:-1","max-image-preview":"max-image-preview:large","max-video-preview":"max-video-preview:-1"},"canonical":"https:\/\/uelzener.de\/magazin\/pferd\/tipps-fuer-den-alltag\/13-beliebte-sprueche-mit-pferden-und-ihre-bedeutung\/","og_locale":"de_DE","og_type":"article","og_title":"13 beliebte Spr\u00fcche mit Pferden und ihre Bedeutung","og_description":"13 tolle Sprichw\u00f6rter mit Pferden \u2713 Bedeutung \u2713 Herkunft \u25b6 Hier alle Sprichw\u00f6rter entdecken & einfach benutzen!","og_url":"https:\/\/uelzener.de\/magazin\/pferd\/tipps-fuer-den-alltag\/13-beliebte-sprueche-mit-pferden-und-ihre-bedeutung\/","og_site_name":"Uelzener Tier-Magazin","article_publisher":"https:\/\/www.facebook.com\/Uelzener","article_modified_time":"2025-09-03T10:53:59+00:00","og_image":[{"width":1024,"height":450,"url":"https:\/\/uelzener.de\/magazin\/app\/uploads\/2022\/06\/Pferdesprueche.jpg","type":"image\/jpeg"}],"twitter_card":"summary_large_image","twitter_misc":{"Gesch\u00e4tzte Lesezeit":"7\u00a0Minuten"},"schema":{"@context":"https:\/\/schema.org","@graph":[{"@type":"WebPage","@id":"https:\/\/uelzener.de\/magazin\/pferd\/tipps-fuer-den-alltag\/13-beliebte-sprueche-mit-pferden-und-ihre-bedeutung\/","url":"https:\/\/uelzener.de\/magazin\/pferd\/tipps-fuer-den-alltag\/13-beliebte-sprueche-mit-pferden-und-ihre-bedeutung\/","name":"Spr\u00fcche mit Pferd verstehen | Uelzener","isPartOf":{"@id":"https:\/\/uelzener.de\/magazin\/#website"},"primaryImageOfPage":{"@id":"https:\/\/uelzener.de\/magazin\/pferd\/tipps-fuer-den-alltag\/13-beliebte-sprueche-mit-pferden-und-ihre-bedeutung\/#primaryimage"},"image":{"@id":"https:\/\/uelzener.de\/magazin\/pferd\/tipps-fuer-den-alltag\/13-beliebte-sprueche-mit-pferden-und-ihre-bedeutung\/#primaryimage"},"thumbnailUrl":"https:\/\/uelzener.de\/magazin\/app\/uploads\/2022\/06\/Pferdesprueche.jpg","datePublished":"2022-06-17T10:33:03+00:00","dateModified":"2025-09-03T10:53:59+00:00","description":"13 tolle Sprichw\u00f6rter mit Pferden \u2713 Bedeutung \u2713 Herkunft \u25b6 Hier alle Sprichw\u00f6rter entdecken & einfach benutzen!","breadcrumb":{"@id":"https:\/\/uelzener.de\/magazin\/pferd\/tipps-fuer-den-alltag\/13-beliebte-sprueche-mit-pferden-und-ihre-bedeutung\/#breadcrumb"},"inLanguage":"de","potentialAction":[{"@type":"ReadAction","target":["https:\/\/uelzener.de\/magazin\/pferd\/tipps-fuer-den-alltag\/13-beliebte-sprueche-mit-pferden-und-ihre-bedeutung\/"]}]},{"@type":"ImageObject","inLanguage":"de","@id":"https:\/\/uelzener.de\/magazin\/pferd\/tipps-fuer-den-alltag\/13-beliebte-sprueche-mit-pferden-und-ihre-bedeutung\/#primaryimage","url":"https:\/\/uelzener.de\/magazin\/app\/uploads\/2022\/06\/Pferdesprueche.jpg","contentUrl":"https:\/\/uelzener.de\/magazin\/app\/uploads\/2022\/06\/Pferdesprueche.jpg","width":1024,"height":450,"caption":"Pferdebeine auf Sand im Sonnenuntergang."},{"@type":"WebSite","@id":"https:\/\/uelzener.de\/magazin\/#website","url":"https:\/\/uelzener.de\/magazin\/","name":"Uelzener Tiermagazin","description":"Online Tierratgeber der Uelzener Versicherungen","publisher":{"@id":"https:\/\/uelzener.de\/magazin\/#organization"},"potentialAction":[{"@type":"SearchAction","target":{"@type":"EntryPoint","urlTemplate":"https:\/\/uelzener.de\/magazin\/?s={search_term_string}"},"query-input":{"@type":"PropertyValueSpecification","valueRequired":true,"valueName":"search_term_string"}}],"inLanguage":"de"},{"@type":"Organization","@id":"https:\/\/uelzener.de\/magazin\/#organization","name":"Uelzener Versicherungen","url":"https:\/\/uelzener.de\/magazin\/","logo":{"@type":"ImageObject","inLanguage":"de","@id":"https:\/\/uelzener.de\/magazin\/#\/schema\/logo\/image\/","url":"https:\/\/uelzener.de\/magazin\/app\/uploads\/2024\/11\/uelzener_allgemeine_versicherungsgesellschaft_a_g_logo.jpg","contentUrl":"https:\/\/uelzener.de\/magazin\/app\/uploads\/2024\/11\/uelzener_allgemeine_versicherungsgesellschaft_a_g_logo.jpg","width":200,"height":200,"caption":"Uelzener Versicherungen"},"image":{"@id":"https:\/\/uelzener.de\/magazin\/#\/schema\/logo\/image\/"},"sameAs":["https:\/\/www.facebook.com\/Uelzener","https:\/\/instagram.com\/uelzener","https:\/\/www.xing.com\/pages\/uelzenerallgemeineversicherungs-gesellschafta-g","https:\/\/www.youtube.com\/UelzenerVersicherungen"]}]}},"_links":{"self":[{"href":"https:\/\/uelzener.de\/magazin\/wp-json\/wp\/v2\/pages\/13447","targetHints":{"allow":["GET"]}}],"collection":[{"href":"https:\/\/uelzener.de\/magazin\/wp-json\/wp\/v2\/pages"}],"about":[{"href":"https:\/\/uelzener.de\/magazin\/wp-json\/wp\/v2\/types\/page"}],"author":[{"embeddable":true,"href":"https:\/\/uelzener.de\/magazin\/wp-json\/wp\/v2\/users\/3"}],"replies":[{"embeddable":true,"href":"https:\/\/uelzener.de\/magazin\/wp-json\/wp\/v2\/comments?post=13447"}],"version-history":[{"count":8,"href":"https:\/\/uelzener.de\/magazin\/wp-json\/wp\/v2\/pages\/13447\/revisions"}],"predecessor-version":[{"id":19124,"href":"https:\/\/uelzener.de\/magazin\/wp-json\/wp\/v2\/pages\/13447\/revisions\/19124"}],"up":[{"embeddable":true,"href":"https:\/\/uelzener.de\/magazin\/wp-json\/wp\/v2\/pages\/11703"}],"wp:featuredmedia":[{"embeddable":true,"href":"https:\/\/uelzener.de\/magazin\/wp-json\/wp\/v2\/media\/13448"}],"wp:attachment":[{"href":"https:\/\/uelzener.de\/magazin\/wp-json\/wp\/v2\/media?parent=13447"}],"curies":[{"name":"wp","href":"https:\/\/api.w.org\/{rel}","templated":true}]}}