{"id":13434,"date":"2022-06-10T12:13:39","date_gmt":"2022-06-10T10:13:39","guid":{"rendered":"https:\/\/uelzener.de\/magazin\/?page_id=13434"},"modified":"2025-07-28T14:02:26","modified_gmt":"2025-07-28T12:02:26","slug":"urlaub-mit-hund-tipps","status":"publish","type":"page","link":"https:\/\/uelzener.de\/magazin\/hund\/tipps-fuer-den-alltag\/urlaub-mit-hund-tipps\/","title":{"rendered":"Urlaub mit dem Hund: Tipps f\u00fcr eine hundefreundliche Reise"},"content":{"rendered":"<p>Im Urlaub m\u00f6chte man die Liebsten um sich haben und so auch den Hund. Dabei stellst du dir als Hundebesitzer:in vielleicht viele Fragen, ob der Urlaub mit dem Hund so einfach ist. Eines k\u00f6nnen wir sagen: Urlaub mit dem Hund macht Spa\u00df und ist auch nichts so kompliziert, wie du vielleicht im ersten Moment denkst. In diesem Beitrag findest du hilfreiche Tipps f\u00fcr deinen Urlaub mit dem Hund. Erfahre alles zur Vorbereitung, zum Reiseablauf und welche Ziele sich f\u00fcr einen hundefreundlichen Urlaub besonders gut eignen.<\/p>\n<h2><strong>Reisen mit dem Hund \u2013 vieles ist m\u00f6glich<\/strong><\/h2>\n<p><strong>H\u00fcttenurlaub in den Alpen, Sonnenbaden am Strand oder Natur pur auf dem Campingplatz<\/strong> \u2013 immer mehr Urlaubsziele \u00f6ffnen ihre T\u00fcren f\u00fcr vierbeinige G\u00e4ste. Das freut besonders jene Hundehalter:innen, die sich die freie Zeit gar nicht ohne ihren treuen Gef\u00e4hrten vorstellen k\u00f6nnen. Urlaubszeit bietet endlich die Gelegenheit, stundenlang gemeinsam durch die Natur zu streifen oder auch einfach einmal nichts zu tun. Die Voraussetzung f\u00fcr eine entspannte Zeit ist allerdings, dass die <strong>Reise gut vorbereitet ist<\/strong> und an ein Ziel f\u00fchrt, das die wichtigsten Bed\u00fcrfnisse erf\u00fcllt.<\/p>\n<h2><strong>Vorbereitungs-Tipps f\u00fcr den Urlaub mit Hund<\/strong><\/h2>\n<p>Wer sich unsicher ist, ob der eigene Hund reisetauglich ist, kann sich diesbez\u00fcglich beim Tierarzt erkundigen. Hier wird der Impfstatus \u00fcberpr\u00fcft und <strong>Risiken bez\u00fcglich etwaiger Vorerkrankungen besprochen<\/strong>. Der Arzt oder die \u00c4rztin kann dir auch sagen, ob dein Hund f\u00fcr gro\u00dfe Klimaver\u00e4nderungen geeignet ist oder du dir lieber ein anderes Land aussuchen solltest.<\/p>\n\n<div class=\"banner\">\n    <a href=\"https:\/\/uelzener.de\/hund\/?agt=0000104925&sem=true&utm_medium=magazin&utm_source=wordpress&utm_campaign=hund&utm_content=banner\">\n        <img decoding=\"async\" width=\"300\" height=\"212\" src=\"https:\/\/uelzener.de\/magazin\/app\/uploads\/2023\/10\/Hunde-Versicherung.jpg\" class=\"attachment-medium size-medium\" alt=\"Banner Hunde-Versicherung\" \/>    <\/a>\n<\/div>\n\n<h3><strong>Internationale Bestimmungen f\u00fcr Reisen mit dem Hund<\/strong><\/h3>\n<p>Seit Juli 2011 gelten bei Reisen in und au\u00dferhalb der EU-Grenzen spezielle Einreisebestimmungen f\u00fcr Hunde. So muss der Hund einen <strong>Mikrochip tragen<\/strong>, wenn er von Deutschland in einen anderen EU-Staat oder aus einem Drittland in einen EU-Staat einreisen will. Bei Grenz\u00fcbertritt in einen EU-Staat sind Hundebesitzer:innen zudem dazu verpflichtet, einen <strong>EU-Heimtierausweis<\/strong> mit sich zu tragen. Dieser kann nur von Tier\u00e4rzt:innen ausgestellt werden und enth\u00e4lt <strong>Informationen zur Mikrochip-Nummer, zu <\/strong><a href=\"https:\/\/uelzener.de\/magazin\/hund\/tiergesundheit\/impfungen-hund\/\"><strong>Impfungen bei deinem Hund<\/strong><\/a><strong> sowie zum letzten Stand der Wurm- und Zeckenbehandlung<\/strong>. Zwar entf\u00e4llt die Pflicht zur <strong>Tollwutimpfung<\/strong> bei Reisen innerhalb Deutschlands, doch ist sie beim \u00dcberschreiten der Landesgrenzen verpflichtend. Damit die Impfung wirksam ist, sollte sie mindestens 21 Tage zur\u00fcckliegen und je nach Hersteller alle ein bis drei Jahre aufgefrischt werden.<\/p>\n<h3><strong>Reiseapotheke \u2013 das sollte nicht fehlen<\/strong><\/h3>\n<p>Ist die <a href=\"https:\/\/uelzener.de\/magazin\/hund\/haeufige-fragen\/reiseapotheke-fuer-hund-checkliste-tipps\/\">Reiseapotheke f\u00fcr den Hund<\/a> schon gepackt? Im Falle von leichten Verletzungen und komplikationsfreien Erkrankungen kann ein Griff in die eigene Reiseapotheke helfen. Falls Unsicherheiten bei der richtigen Medikamentenauswahl bestehen, helfen die Ansprechpartner:innen der Tierarztpraxis sicher gern weiter.<\/p>\n<p>Folgende Produkte sollten \u2013 je nach Urlaubsziel \u2013 in der Packliste nicht fehlen:<\/p>\n<ul>\n<li><strong>Medikamente: <\/strong>Tabletten gegen Reise\u00fcbelkeitsowie gegen <a href=\"https:\/\/uelzener.de\/magazin\/hund\/haeufige-fragen\/durchfall-beim-hund-verdauung\/\">Durchfall<\/a>, Beruhigungsmittel, Schmerzmittel, Zeckenschutz, Elektrolytgetr\u00e4nke<\/li>\n<li><strong>Verbandsmaterialien:<\/strong> Kompresse, Watte, Polstermaterialien, Elastikbinde, Klebeband und Verbandsschere<\/li>\n<li><strong>Mittel zur Wundbehandlung: <\/strong>Wund- und Heilsalbe, Desinfektionsmittel f\u00fcr Wunden, organisch gebundenes Jod<\/li>\n<li><strong>Hygieneartikel: <\/strong>Ohrreiniger, Augentropfen, Wattest\u00e4bchen, Flohkamm und Zeckenzange<\/li>\n<li><strong>Sonstiges: <\/strong>Taschenlampe, Fieberthermometer und die Kontaktdaten von Tierarzt oder -\u00e4rztin<\/li>\n<\/ul>\n<h2><strong>Reisen mit dem Hund: Tipps f\u00fcr das Urlaubsziel<\/strong><\/h2>\n<p>Beim ersten gemeinsamen Urlaub ist es ratsam, nicht allzu weit zu verreisen. Bei einer kurzen Auto- oder Zugfahrt kannst du herausfinden, ob sich dein Hund in einem fremden Umfeld wohlf\u00fchlt. Oder ob er zu \u00dcbelkeit neigt oder \u00e4ngstlich in seiner Transportbox sitzt.<\/p>\n<p>Wohin es Hund und Halter:in zieht, ist nat\u00fcrlich eine Sache von <strong>individuellen Vorlieben<\/strong>. Manche Urlaubsziele eignen sich f\u00fcr die Reise mit Hund aber besonders gut:<\/p>\n<ul>\n<li><strong>Strandurlaub: <\/strong>Sonne und frische Meeresluft sind rund ums Jahr ein Traum f\u00fcr viele Mensch-Hund-Gespanne. Lebhafte Hunde lieben es, im Wasser zu planschen und im Sand zu buddeln. Mit etwas Gl\u00fcck sind auch andere Hunde zum Spielen vor Ort. F\u00fcr den Strandurlaub mit dem Hund ist unser Tipp, dass du dir <strong>spezielle Hundestr\u00e4nde<\/strong> raussuchst, damit dein Vierbeiner ganzj\u00e4hrig ohne Leine im Sand und Wasser toben kann. Aber nicht nur an <a href=\"https:\/\/uelzener.de\/magazin\/hund\/tipps-fuer-den-alltag\/hundestrand-ostsee\/\"><strong>Hundestr\u00e4nden an der Ostsee<\/strong><\/a> oder <a href=\"https:\/\/uelzener.de\/magazin\/hund\/tipps-fuer-den-alltag\/hundestrand-nordsee\/\"><strong>Nordsee<\/strong><\/a> kann dein Hund Badespa\u00df genie\u00dfen: viele regul\u00e4re Str\u00e4nde \u00f6ffnen ihre Tore im Herbst und Winter f\u00fcr die vierbeinigen G\u00e4ste.<\/li>\n<li><strong>Wanderurlaub: <\/strong>Urlaube in bergigen Regionen bieten sich zu jeder Jahreszeit an und sind besonders f\u00fcr fitte Hunde geeignet. Von Fr\u00fchling bis Herbst l\u00e4sst es sich hervorragend an der frischen Bergluft <a href=\"https:\/\/uelzener.de\/magazin\/hund\/tipps-fuer-den-alltag\/wandern-mit-hund-tipps-tricks\/\">wandern mit deinem Hund<\/a>. <strong>Je nach dem Fitnesszustand<\/strong> deines Hundes kannst du Wanderrouten mit unterschiedlichen Schwierigkeitsgraden w\u00e4hlen. F\u00fcr kleinere Hunde sind kurze Strecken mit wenig Steigung empfehlenswert. H\u00fcte- und Jagdhunden kann man hingegen grunds\u00e4tzlich auch l\u00e4ngere Strecken zutrauen.<\/li>\n<li><strong>Wellnessurlaub: <\/strong>Mittlerweile gibt es in Deutschland, \u00d6sterreich und Italien viele <strong>Wellnesshotels, die auch Fellnasen willkommen hei\u00dfen<\/strong>. Dabei kommt jeder auf seine Kosten: Mensch und Tier k\u00f6nnen sich beispielsweise bei einer Massage durchkneten lassen. Auf die Vierbeiner warten Hundeduschen, qualifizierte Hundetrainer:innen und einige Hotels bieten Gassi-Services an. Oft ist es den Hunden gestattet, sowohl im Hotel als auch auf dem angrenzenden Gel\u00e4nde frei herumzulaufen. Befindet sich die Unterkunft in der Natur, l\u00e4sst sich der Wellness-Urlaub mit Ausfl\u00fcgen an der frischen Luft verbinden.<\/li>\n<\/ul>\n<h2><strong>Die richtige Unterkunft f\u00fcr den Urlaub mit Hund \u2013 unsere Tipps<\/strong><\/h2>\n<p>Viele Hundehalter:innen schw\u00f6ren auf Ferienh\u00e4user, wenn sie mit ihrem Vierbeiner verreisen wollen. Entscheidend ist nat\u00fcrlich, dass die Vermieter:innen Hunde zulassen und das Haus oder die <strong>Ferienwohnung geeignet<\/strong> sind, ein Tier zu beherbergen. Das sollte vor der Buchung explizit gekl\u00e4rt werden. Beispielsweise ist man mit einem gro\u00dfen Hund schlecht beraten, wenn man eine enge Bergh\u00fctte mit steiler Treppe mietet. Mehr Unabh\u00e4ngigkeit bietet eine Reise mit dem eigenen oder einem gemieteten Wohnmobil, das nat\u00fcrlich auch den Bed\u00fcrfnissen des Hundes entsprechen sollte. In diesem Fall empfehlen sich <a href=\"https:\/\/uelzener.de\/magazin\/hund\/tipps-fuer-den-alltag\/camping-mit-hund\/\" target=\"_blank\" rel=\"noopener\">hundefreundliche Campingpl\u00e4tze<\/a> oder zumindest abgelegene Stellpl\u00e4tze, damit andere Reisende sich nicht gest\u00f6rt f\u00fchlen.<\/p>\n<h2><strong>Die optimale Anreise f\u00fcr Mensch und Hund<\/strong><\/h2>\n<p>Welches Verkehrsmittel gew\u00e4hlt wird, h\u00e4ngt vom Reiseziel und auch von den Vorlieben von Mensch und Hund ab. Grunds\u00e4tzlich ist es am bequemsten, den <strong>Hund bei einer Autofahrt <\/strong>zu transportieren , weil man problemlos <strong>das notwendige Gep\u00e4ck mitnehmen<\/strong> kann und jederzeit Pausen m\u00f6glich sind.<\/p>\n<p>Ob der Hund mit ins <strong>Flugzeug<\/strong> darf, wird von jeder Fluggesellschaft <strong>individuell geregelt<\/strong>: G\u00fcnstigere Fluganbieter untersagen in den meisten F\u00e4llen, einen Hund mitzunehmen. Bei anderen Fluggesellschaften d\u00fcrfen Hunde entweder <strong>im Kabinen- oder Frachtraum mitfliegen<\/strong>. Der vierbeinige Passagier muss sp\u00e4testens 48 Stunden vor dem Abflug angemeldet werden. Je nach Gr\u00f6\u00dfe des Hundes und der Transportbox k\u00f6nnen <strong>Geb\u00fchren von bis zu 200 Euro<\/strong> anfallen.<\/p>\n<p>Dabei ist aber zu bedenken, dass Flugreisen f\u00fcr Hunde <strong>viel Stress<\/strong> bedeuten. Fremde Menschen, enge R\u00e4umlichkeiten und die ungewohnte Umgebung behagen den meisten Tieren nicht. Besonders beim Transport im Frachtraum fehlt der Kontakt zur menschlichen Bezugsperson. Falls eine Flugreise mit dem Hund unumg\u00e4nglich ist, solltest du deinen Vierbeiner schon <strong>fr\u00fch an seine Transportbox gew\u00f6hnen<\/strong>. Diese sollte m\u00f6glichst bequem sein und genug Freiraum zum Hinlegen und Drehen bieten. Vor dem Reisebeginn darf noch einmal <strong>ausgiebig ausgetobt<\/strong> werden, bevor es in den Flieger geht. In Absprache mit der Tierarztpraxis kann auch ein leichtes Beruhigungsmittel sinnvoll sein.<\/p>\n\n<div class=\"related_articles boxed\">\n    <h2>Mehr zum Thema<\/h2>\n    \n    <div class=\"wrapper\"><div class=\"title align-center\"><h3><a href=\"https:\/\/uelzener.de\/magazin\/hund\/erziehung-und-training\/hund-im-auto\/\">Mit Hund im Auto: So gew\u00f6hnst du deinen Vierbeiner an den Transport!<\/a><\/h3><\/div><div class=\"img align-center\"><img decoding=\"async\" width=\"315\" height=\"180\" src=\"https:\/\/uelzener.de\/magazin\/app\/uploads\/2022\/06\/Header-Autofahren-mit-Hund-315x180.jpg\" class=\"attachment-315x180 size-315x180 wp-post-image\" alt=\"Hund sitzt auf dem Fahrersitz und schaut aus dem Fenster. Ist in freudiger Erwartung.\" \/><\/div><\/div><div class=\"wrapper\"><div class=\"title align-center\"><h3><a href=\"https:\/\/uelzener.de\/magazin\/hund\/erziehung-und-training\/hundebox-training-ueben\/\">Hundebox: Hund an die Transportbox gew\u00f6hnen<\/a><\/h3><\/div><div class=\"img align-center\"><img decoding=\"async\" width=\"315\" height=\"180\" src=\"https:\/\/uelzener.de\/magazin\/app\/uploads\/2024\/03\/hundebox-training-315x180.jpg\" class=\"attachment-315x180 size-315x180 wp-post-image\" alt=\"Hund im Hundebox f\u00fcrs Auto.\" \/><\/div><\/div><\/div>\n\n<h2><strong>Ab in den Urlaub mit Hund<\/strong><\/h2>\n<p>Wenn du im Urlaub mit deinem Hund diese Tipps beachtest, kannst du dich auf eine erholsame Reise mit deinem Vierbeiner freuen. Egal, ob dein Hund gern schwimmt, buddelt, rennt oder auf Entdeckungstour geht \u2013 er wird jede Minute des gemeinsamen Urlaubs genie\u00dfen. Und f\u00fcr die Bindung zwischen Mensch und Hund ist es Gold wert, hin und wieder zusammen ohne Zeitdruck entspannte Stunden genie\u00dfen zu k\u00f6nnen.<\/p>\n<p><img decoding=\"async\" class=\"alignnone wp-image-18747 size-large\" src=\"https:\/\/uelzener.de\/magazin\/app\/uploads\/2025\/07\/infografik-urlaub-mit-hund-1024x1024.jpg\" alt=\"Infografik der Uelzener Versicherungen: Urlaub mit Hund.\" width=\"1024\" height=\"1024\" srcset=\"https:\/\/uelzener.de\/magazin\/app\/uploads\/2025\/07\/infografik-urlaub-mit-hund-1024x1024.jpg 1024w, https:\/\/uelzener.de\/magazin\/app\/uploads\/2025\/07\/infografik-urlaub-mit-hund-300x300.jpg 300w, https:\/\/uelzener.de\/magazin\/app\/uploads\/2025\/07\/infografik-urlaub-mit-hund-150x150.jpg 150w, https:\/\/uelzener.de\/magazin\/app\/uploads\/2025\/07\/infografik-urlaub-mit-hund-768x768.jpg 768w, https:\/\/uelzener.de\/magazin\/app\/uploads\/2025\/07\/infografik-urlaub-mit-hund-1536x1536.jpg 1536w, https:\/\/uelzener.de\/magazin\/app\/uploads\/2025\/07\/infografik-urlaub-mit-hund-2048x2048.jpg 2048w, https:\/\/uelzener.de\/magazin\/app\/uploads\/2025\/07\/infografik-urlaub-mit-hund-1026x1026.jpg 1026w, https:\/\/uelzener.de\/magazin\/app\/uploads\/2025\/07\/infografik-urlaub-mit-hund-668x668.jpg 668w\" sizes=\"(max-width: 1024px) 100vw, 1024px\" \/><\/p>\n<h2><strong>FAQ: H\u00e4ufig gestellte Fragen<\/strong><\/h2>\n<h3><strong>Was sollte ich bei einem Urlaub mit Hund im Ferienhaus beachten?<\/strong><\/h3>\n<p>Ob dein Hund mit in das Ferienhaus darf, solltest du vorher mit dem Vermieter oder der Vermieterin kl\u00e4ren. Au\u00dferdem solltest du schauen, dass das Ferienhaus zu den Bed\u00fcrfnissen deines Hundes passt.<\/p>\n<h3><strong>Wo kann man am besten mit dem Hund Urlaub machen?<\/strong><\/h3>\n<p>F\u00fcr einen erfolgreichen Urlaub mit deinem Hund ist unser Tipp, das Reiseziel nach den Bed\u00fcrfnissen deines Hundes und dir zu richten. Liebt dein Hund Wasser? Dann ist ein Strandurlaub passend. Liebt er es sich auszupowern, k\u00f6nntest du \u00fcber einen Urlaub in den Bergen nachdenken.<\/p>\n<h3><strong>Was muss man f\u00fcr den Hund mit in den Urlaub nehmen?<\/strong><\/h3>\n<p>In den Urlaub mit deinem Hund solltest du auf jeden Fall eine gute Reiseapotheke einpacken. Auch das Lieblingsspielzeug deines Hundes sollte nicht fehlen. Je nachdem, wo die Reise hingeht, musst du nat\u00fcrlich auch an die Grundausstattung denken.<\/p>\n","protected":false},"excerpt":{"rendered":"<p>Im Urlaub m\u00f6chte man die Liebsten um sich haben und so auch den Hund. Dabei stellst du dir als Hundebesitzer:in vielleicht viele Fragen, ob der Urlaub mit dem Hund so einfach ist. Eines k\u00f6nnen wir sagen: Urlaub mit dem Hund macht Spa\u00df und ist auch nichts so kompliziert, wie du vielleicht im ersten Moment denkst. [&hellip;]<\/p>\n","protected":false},"author":9,"featured_media":13435,"parent":11707,"menu_order":22,"comment_status":"closed","ping_status":"closed","template":"templates\/blog.php","meta":{"_acf_changed":false,"_crdt_document":"","footnotes":"","beyondwords_generate_audio":"","beyondwords_project_id":"","beyondwords_content_id":"","beyondwords_preview_token":"","beyondwords_player_style":"","beyondwords_language_id":"","beyondwords_title_voice_id":"","beyondwords_body_voice_id":"","beyondwords_summary_voice_id":"","beyondwords_error_message":"","beyondwords_disabled":"","beyondwords_delete_content":"","beyondwords_podcast_id":"","beyondwords_hash":"","publish_post_to_speechkit":"","speechkit_hash":"","speechkit_generate_audio":"","speechkit_project_id":"","speechkit_podcast_id":"","speechkit_error_message":"","speechkit_disabled":"","speechkit_access_key":"","speechkit_error":"","speechkit_info":"","speechkit_response":"","speechkit_retries":"","speechkit_status":"","speechkit_updated_at":"","_speechkit_link":"","_speechkit_text":""},"class_list":["post-13434","page","type-page","status-publish","has-post-thumbnail","hentry"],"acf":[],"yoast_head":"<!-- This site is optimized with the Yoast SEO Premium plugin  - https:\/\/yoast.com\/product\/yoast-seo-premium-wordpress\/ -->\n<title>Urlaub mit dem Hund \u2013 Tipps und Tricks | Uelzener<\/title>\n<meta name=\"description\" content=\"Reisen mit dem Hund: Tipps f\u00fcr euren gemeinsamen Urlaub \u2713 Vorbereitung \u2713 Anreise \u2713 Reisezielen \u2713 \u25b6 Hier mehr erfahren!\" \/>\n<meta name=\"robots\" content=\"index, follow, max-snippet:-1, max-image-preview:large, max-video-preview:-1\" \/>\n<link rel=\"canonical\" href=\"https:\/\/uelzener.de\/magazin\/hund\/tipps-fuer-den-alltag\/urlaub-mit-hund-tipps\/\" \/>\n<meta property=\"og:locale\" content=\"de_DE\" \/>\n<meta property=\"og:type\" content=\"article\" \/>\n<meta property=\"og:title\" content=\"Urlaub mit dem Hund: Tipps f\u00fcr eine hundefreundliche Reise\" \/>\n<meta property=\"og:description\" content=\"Reisen mit dem Hund: Tipps f\u00fcr euren gemeinsamen Urlaub \u2713 Vorbereitung \u2713 Anreise \u2713 Reisezielen \u2713 \u25b6 Hier mehr erfahren!\" \/>\n<meta property=\"og:url\" content=\"https:\/\/uelzener.de\/magazin\/hund\/tipps-fuer-den-alltag\/urlaub-mit-hund-tipps\/\" \/>\n<meta property=\"og:site_name\" content=\"Uelzener Tier-Magazin\" \/>\n<meta property=\"article:publisher\" content=\"https:\/\/www.facebook.com\/Uelzener\" \/>\n<meta property=\"article:modified_time\" content=\"2025-07-28T12:02:26+00:00\" \/>\n<meta property=\"og:image\" content=\"https:\/\/uelzener.de\/magazin\/app\/uploads\/2022\/06\/Header_Urlaub-Hund.jpg\" \/>\n\t<meta property=\"og:image:width\" content=\"1024\" \/>\n\t<meta property=\"og:image:height\" content=\"450\" \/>\n\t<meta property=\"og:image:type\" content=\"image\/jpeg\" \/>\n<meta name=\"twitter:card\" content=\"summary_large_image\" \/>\n<meta name=\"twitter:label1\" content=\"Gesch\u00e4tzte Lesezeit\" \/>\n\t<meta name=\"twitter:data1\" content=\"8\u00a0Minuten\" \/>\n<script type=\"application\/ld+json\" class=\"yoast-schema-graph\">{\"@context\":\"https:\/\/schema.org\",\"@graph\":[{\"@type\":\"WebPage\",\"@id\":\"https:\/\/uelzener.de\/magazin\/hund\/tipps-fuer-den-alltag\/urlaub-mit-hund-tipps\/\",\"url\":\"https:\/\/uelzener.de\/magazin\/hund\/tipps-fuer-den-alltag\/urlaub-mit-hund-tipps\/\",\"name\":\"Urlaub mit dem Hund \u2013 Tipps und Tricks | Uelzener\",\"isPartOf\":{\"@id\":\"https:\/\/uelzener.de\/magazin\/#website\"},\"primaryImageOfPage\":{\"@id\":\"https:\/\/uelzener.de\/magazin\/hund\/tipps-fuer-den-alltag\/urlaub-mit-hund-tipps\/#primaryimage\"},\"image\":{\"@id\":\"https:\/\/uelzener.de\/magazin\/hund\/tipps-fuer-den-alltag\/urlaub-mit-hund-tipps\/#primaryimage\"},\"thumbnailUrl\":\"https:\/\/uelzener.de\/magazin\/app\/uploads\/2022\/06\/Header_Urlaub-Hund.jpg\",\"datePublished\":\"2022-06-10T10:13:39+00:00\",\"dateModified\":\"2025-07-28T12:02:26+00:00\",\"description\":\"Reisen mit dem Hund: Tipps f\u00fcr euren gemeinsamen Urlaub \u2713 Vorbereitung \u2713 Anreise \u2713 Reisezielen \u2713 \u25b6 Hier mehr erfahren!\",\"breadcrumb\":{\"@id\":\"https:\/\/uelzener.de\/magazin\/hund\/tipps-fuer-den-alltag\/urlaub-mit-hund-tipps\/#breadcrumb\"},\"inLanguage\":\"de\",\"potentialAction\":[{\"@type\":\"ReadAction\",\"target\":[\"https:\/\/uelzener.de\/magazin\/hund\/tipps-fuer-den-alltag\/urlaub-mit-hund-tipps\/\"]}]},{\"@type\":\"ImageObject\",\"inLanguage\":\"de\",\"@id\":\"https:\/\/uelzener.de\/magazin\/hund\/tipps-fuer-den-alltag\/urlaub-mit-hund-tipps\/#primaryimage\",\"url\":\"https:\/\/uelzener.de\/magazin\/app\/uploads\/2022\/06\/Header_Urlaub-Hund.jpg\",\"contentUrl\":\"https:\/\/uelzener.de\/magazin\/app\/uploads\/2022\/06\/Header_Urlaub-Hund.jpg\",\"width\":1024,\"height\":450,\"caption\":\"Mann in kariertem Hemd sitzt mit Hund am Strand unter blauem Himmel. Er macht seinen Urlaub gerne mit Hund.\"},{\"@type\":\"WebSite\",\"@id\":\"https:\/\/uelzener.de\/magazin\/#website\",\"url\":\"https:\/\/uelzener.de\/magazin\/\",\"name\":\"Uelzener Tiermagazin\",\"description\":\"Online Tierratgeber der Uelzener Versicherungen\",\"publisher\":{\"@id\":\"https:\/\/uelzener.de\/magazin\/#organization\"},\"potentialAction\":[{\"@type\":\"SearchAction\",\"target\":{\"@type\":\"EntryPoint\",\"urlTemplate\":\"https:\/\/uelzener.de\/magazin\/?s={search_term_string}\"},\"query-input\":{\"@type\":\"PropertyValueSpecification\",\"valueRequired\":true,\"valueName\":\"search_term_string\"}}],\"inLanguage\":\"de\"},{\"@type\":\"Organization\",\"@id\":\"https:\/\/uelzener.de\/magazin\/#organization\",\"name\":\"Uelzener Versicherungen\",\"url\":\"https:\/\/uelzener.de\/magazin\/\",\"logo\":{\"@type\":\"ImageObject\",\"inLanguage\":\"de\",\"@id\":\"https:\/\/uelzener.de\/magazin\/#\/schema\/logo\/image\/\",\"url\":\"https:\/\/uelzener.de\/magazin\/app\/uploads\/2024\/11\/uelzener_allgemeine_versicherungsgesellschaft_a_g_logo.jpg\",\"contentUrl\":\"https:\/\/uelzener.de\/magazin\/app\/uploads\/2024\/11\/uelzener_allgemeine_versicherungsgesellschaft_a_g_logo.jpg\",\"width\":200,\"height\":200,\"caption\":\"Uelzener Versicherungen\"},\"image\":{\"@id\":\"https:\/\/uelzener.de\/magazin\/#\/schema\/logo\/image\/\"},\"sameAs\":[\"https:\/\/www.facebook.com\/Uelzener\",\"https:\/\/instagram.com\/uelzener\",\"https:\/\/www.xing.com\/pages\/uelzenerallgemeineversicherungs-gesellschafta-g\",\"https:\/\/www.youtube.com\/UelzenerVersicherungen\"]}]}<\/script>\n<!-- \/ Yoast SEO Premium plugin. -->","yoast_head_json":{"title":"Urlaub mit dem Hund \u2013 Tipps und Tricks | Uelzener","description":"Reisen mit dem Hund: Tipps f\u00fcr euren gemeinsamen Urlaub \u2713 Vorbereitung \u2713 Anreise \u2713 Reisezielen \u2713 \u25b6 Hier mehr erfahren!","robots":{"index":"index","follow":"follow","max-snippet":"max-snippet:-1","max-image-preview":"max-image-preview:large","max-video-preview":"max-video-preview:-1"},"canonical":"https:\/\/uelzener.de\/magazin\/hund\/tipps-fuer-den-alltag\/urlaub-mit-hund-tipps\/","og_locale":"de_DE","og_type":"article","og_title":"Urlaub mit dem Hund: Tipps f\u00fcr eine hundefreundliche Reise","og_description":"Reisen mit dem Hund: Tipps f\u00fcr euren gemeinsamen Urlaub \u2713 Vorbereitung \u2713 Anreise \u2713 Reisezielen \u2713 \u25b6 Hier mehr erfahren!","og_url":"https:\/\/uelzener.de\/magazin\/hund\/tipps-fuer-den-alltag\/urlaub-mit-hund-tipps\/","og_site_name":"Uelzener Tier-Magazin","article_publisher":"https:\/\/www.facebook.com\/Uelzener","article_modified_time":"2025-07-28T12:02:26+00:00","og_image":[{"width":1024,"height":450,"url":"https:\/\/uelzener.de\/magazin\/app\/uploads\/2022\/06\/Header_Urlaub-Hund.jpg","type":"image\/jpeg"}],"twitter_card":"summary_large_image","twitter_misc":{"Gesch\u00e4tzte Lesezeit":"8\u00a0Minuten"},"schema":{"@context":"https:\/\/schema.org","@graph":[{"@type":"WebPage","@id":"https:\/\/uelzener.de\/magazin\/hund\/tipps-fuer-den-alltag\/urlaub-mit-hund-tipps\/","url":"https:\/\/uelzener.de\/magazin\/hund\/tipps-fuer-den-alltag\/urlaub-mit-hund-tipps\/","name":"Urlaub mit dem Hund \u2013 Tipps und Tricks | Uelzener","isPartOf":{"@id":"https:\/\/uelzener.de\/magazin\/#website"},"primaryImageOfPage":{"@id":"https:\/\/uelzener.de\/magazin\/hund\/tipps-fuer-den-alltag\/urlaub-mit-hund-tipps\/#primaryimage"},"image":{"@id":"https:\/\/uelzener.de\/magazin\/hund\/tipps-fuer-den-alltag\/urlaub-mit-hund-tipps\/#primaryimage"},"thumbnailUrl":"https:\/\/uelzener.de\/magazin\/app\/uploads\/2022\/06\/Header_Urlaub-Hund.jpg","datePublished":"2022-06-10T10:13:39+00:00","dateModified":"2025-07-28T12:02:26+00:00","description":"Reisen mit dem Hund: Tipps f\u00fcr euren gemeinsamen Urlaub \u2713 Vorbereitung \u2713 Anreise \u2713 Reisezielen \u2713 \u25b6 Hier mehr erfahren!","breadcrumb":{"@id":"https:\/\/uelzener.de\/magazin\/hund\/tipps-fuer-den-alltag\/urlaub-mit-hund-tipps\/#breadcrumb"},"inLanguage":"de","potentialAction":[{"@type":"ReadAction","target":["https:\/\/uelzener.de\/magazin\/hund\/tipps-fuer-den-alltag\/urlaub-mit-hund-tipps\/"]}]},{"@type":"ImageObject","inLanguage":"de","@id":"https:\/\/uelzener.de\/magazin\/hund\/tipps-fuer-den-alltag\/urlaub-mit-hund-tipps\/#primaryimage","url":"https:\/\/uelzener.de\/magazin\/app\/uploads\/2022\/06\/Header_Urlaub-Hund.jpg","contentUrl":"https:\/\/uelzener.de\/magazin\/app\/uploads\/2022\/06\/Header_Urlaub-Hund.jpg","width":1024,"height":450,"caption":"Mann in kariertem Hemd sitzt mit Hund am Strand unter blauem Himmel. Er macht seinen Urlaub gerne mit Hund."},{"@type":"WebSite","@id":"https:\/\/uelzener.de\/magazin\/#website","url":"https:\/\/uelzener.de\/magazin\/","name":"Uelzener Tiermagazin","description":"Online Tierratgeber der Uelzener Versicherungen","publisher":{"@id":"https:\/\/uelzener.de\/magazin\/#organization"},"potentialAction":[{"@type":"SearchAction","target":{"@type":"EntryPoint","urlTemplate":"https:\/\/uelzener.de\/magazin\/?s={search_term_string}"},"query-input":{"@type":"PropertyValueSpecification","valueRequired":true,"valueName":"search_term_string"}}],"inLanguage":"de"},{"@type":"Organization","@id":"https:\/\/uelzener.de\/magazin\/#organization","name":"Uelzener Versicherungen","url":"https:\/\/uelzener.de\/magazin\/","logo":{"@type":"ImageObject","inLanguage":"de","@id":"https:\/\/uelzener.de\/magazin\/#\/schema\/logo\/image\/","url":"https:\/\/uelzener.de\/magazin\/app\/uploads\/2024\/11\/uelzener_allgemeine_versicherungsgesellschaft_a_g_logo.jpg","contentUrl":"https:\/\/uelzener.de\/magazin\/app\/uploads\/2024\/11\/uelzener_allgemeine_versicherungsgesellschaft_a_g_logo.jpg","width":200,"height":200,"caption":"Uelzener Versicherungen"},"image":{"@id":"https:\/\/uelzener.de\/magazin\/#\/schema\/logo\/image\/"},"sameAs":["https:\/\/www.facebook.com\/Uelzener","https:\/\/instagram.com\/uelzener","https:\/\/www.xing.com\/pages\/uelzenerallgemeineversicherungs-gesellschafta-g","https:\/\/www.youtube.com\/UelzenerVersicherungen"]}]}},"_links":{"self":[{"href":"https:\/\/uelzener.de\/magazin\/wp-json\/wp\/v2\/pages\/13434","targetHints":{"allow":["GET"]}}],"collection":[{"href":"https:\/\/uelzener.de\/magazin\/wp-json\/wp\/v2\/pages"}],"about":[{"href":"https:\/\/uelzener.de\/magazin\/wp-json\/wp\/v2\/types\/page"}],"author":[{"embeddable":true,"href":"https:\/\/uelzener.de\/magazin\/wp-json\/wp\/v2\/users\/9"}],"replies":[{"embeddable":true,"href":"https:\/\/uelzener.de\/magazin\/wp-json\/wp\/v2\/comments?post=13434"}],"version-history":[{"count":9,"href":"https:\/\/uelzener.de\/magazin\/wp-json\/wp\/v2\/pages\/13434\/revisions"}],"predecessor-version":[{"id":18748,"href":"https:\/\/uelzener.de\/magazin\/wp-json\/wp\/v2\/pages\/13434\/revisions\/18748"}],"up":[{"embeddable":true,"href":"https:\/\/uelzener.de\/magazin\/wp-json\/wp\/v2\/pages\/11707"}],"wp:featuredmedia":[{"embeddable":true,"href":"https:\/\/uelzener.de\/magazin\/wp-json\/wp\/v2\/media\/13435"}],"wp:attachment":[{"href":"https:\/\/uelzener.de\/magazin\/wp-json\/wp\/v2\/media?parent=13434"}],"curies":[{"name":"wp","href":"https:\/\/api.w.org\/{rel}","templated":true}]}}