{"id":13419,"date":"2022-05-22T13:31:03","date_gmt":"2022-05-22T11:31:03","guid":{"rendered":"https:\/\/uelzener.de\/magazin\/?page_id=13419"},"modified":"2025-08-25T13:30:03","modified_gmt":"2025-08-25T11:30:03","slug":"katzen-und-deren-schlaf-was-dauer-und-schlafplatz-ueber-deine-katze-aussagen","status":"publish","type":"page","link":"https:\/\/uelzener.de\/magazin\/katze\/tipps-fuer-den-alltag\/katzen-und-deren-schlaf-was-dauer-und-schlafplatz-ueber-deine-katze-aussagen\/","title":{"rendered":"Katzen und deren Schlaf: Was Dauer und Schlafplatz \u00fcber deine Katze aussagen"},"content":{"rendered":"<p>Insbesondere Hauskatzen gelten oft als tr\u00e4ge und vermitteln das Gef\u00fchl, sie w\u00fcrden ihr halbes Leben verschlafen. Dieser Eindruck ist sogar noch untertrieben: Katzen schlafen und d\u00f6sen im Durchschnitt bis zu zwei Drittel des Tages. Alles, was du \u00fcber deine Katze und ihren Schlaf wissen solltest, erf\u00e4hrst du in diesem Beitrag!<\/p>\n<h2><strong>Das Schlafbed\u00fcrfnis und dessen Hintergr\u00fcnde<\/strong><\/h2>\n<p>Katzen brauchen in ihrem Alltag eine <strong>Menge Energie<\/strong>. Vor allem Freig\u00e4nger ersch\u00f6pfen sich beim Jagen und Spielen im Garten. Aber auch Hauskatzen <strong>toben <\/strong>gern mit ihren Artgenossen oder Besitzer:innen, <strong>klettern<\/strong> auf Kratzb\u00e4ume und Regale oder <strong>jagen<\/strong> Staubk\u00f6rnchen hinterher. Anschlie\u00dfend ist nat\u00fcrlich eine Ruhepause dringend n\u00f6tig. Dar\u00fcber hinaus verbraucht auch die konstante Aufmerksamkeit f\u00fcr potenzielle Gefahren einige Ressourcen. \u00dcber den Schlaf und kleine Nickerchen finden die Samtpfoten ihren erholsamen Ausgleich.<\/p>\n<h2><strong>Wie viel schlafen Katzen?<\/strong><\/h2>\n<p>In der Regel schlafen Katzen etwa <strong>12 bis 16 Stunden<\/strong> am Tag. Einige Faktoren k\u00f6nnen diese Dauer beeinflussen. So schlafen beispielsweise alte Katzen meist l\u00e4nger als junge Tiere und auch Einfl\u00fcsse wie der Gesundheitszustand, die Jahreszeit und das Temperament spielen eine Rolle bei der Schlafdauer. Zudem gibt es <strong>Unterschiede bei den verschiedenen Katzenrassen<\/strong>: <a href=\"https:\/\/uelzener.de\/magazin\/katze\/rasseportrait\/siamkatze\/\">Siamkatzen<\/a> gelten zum Beispiel als Haustiere, die weniger Schlaf ben\u00f6tigen, eine <a href=\"https:\/\/uelzener.de\/magazin\/katze\/rasseportrait\/britisch-kurzhaar\/\">Britisch Kurzhaar<\/a> wird hingegen im Schnitt eher l\u00e4nger schlafen.<\/p>\n<p>Beim Gro\u00dfteil der Schlafzeit von Katzen handelt es sich um <strong>leichten Schlaf<\/strong>. In diesem Zustand d\u00f6st die Katze mehr, als dass sie schl\u00e4ft. Sie ist dabei jederzeit in der Lage, auf Ver\u00e4nderungen in ihrer Umwelt zu reagieren. Diese <strong>Entspannungsphase dauert im Normalfall maximal 30 Minuten<\/strong> und wird durch kurze Wachphasen unterbrochen. Hier s\u00e4ubert sich die Mieze oder \u00fcberpr\u00fcft, ob sich in ihrem Umfeld etwas ver\u00e4ndert hat.<\/p>\n<p>Demgegen\u00fcber steht der <strong>Tiefschlaf<\/strong>, in dem die Katze sich <strong>v\u00f6llig entspannt und m\u00f6glicherweise sogar tr\u00e4umt<\/strong>. Ein leichtes Zucken der Pfoten, leise Ger\u00e4usche oder eine Kaubewegung deuten auf Tr\u00e4ume hin. Insgesamt dauert diese Phase jedoch immer nur rund sechs Minuten pro Einheit und insgesamt etwa vier Stunden am Tag. Viele <strong>Katzen passen ihren Schlaf dem Schlafrhythmus ihrer Besitzer:innen an<\/strong> und ruhen in der Nacht oder wenn alle au\u00dfer Haus sind. Wer seine Nachtruhe st\u00f6rungsfrei genie\u00dfen m\u00f6chte, sollte daher nach der Arbeit mit seinem Haustier spielen, sodass dieses <strong>k\u00f6rperlich und geistig ausgelastet<\/strong> ist. Eine <strong>zweite Katze<\/strong> im Haus kann ebenfalls dabei unterst\u00fctzen, den Stubentiger m\u00fcde zu spielen.<\/p>\n<h2><strong>Ein guter Schlafplatz f\u00fcr die Katze<\/strong><\/h2>\n<p>Die Katze sucht zum Schlaf in der Regel einen Ort aus, der <strong>warm, sicher und ruhig<\/strong> ist. Au\u00dferdem bevorzugen sie erh\u00f6hte Pl\u00e4tze, von denen sie zu jeder Zeit einen <strong>guten Blick auf die Umgebung<\/strong> haben, selbst wenn sie f\u00fcr den Gefahren-Check nur ein Auge halb \u00f6ffnen oder durch die Lider blinzeln. Viele <a href=\"https:\/\/uelzener.de\/magazin\/katze\/haeufige-fragen\/katze-karton\/\">Katzen lieben Kartons<\/a>, um ihr Schlafbed\u00fcrfnis zu befriedigen.<\/p>\n<p>Als R\u00fcckzugsort bietet sich ein <strong>h\u00f6hlenartiger Schlafplatz<\/strong> an, aber auch die <strong>Fensterbank oder das Sofa<\/strong> werden h\u00e4ufig auserkoren. Wer seinem Liebling ein geeignetes Katzenbett bereitstellen m\u00f6chte, sollte unbedingt bedenken, dass die Katze <strong>genug Platz zum Ausstrecken und Drehen<\/strong> haben sollte. Allen guten Intentionen zum Trotz wird die Katze jedoch ganz f\u00fcr sich allein entscheiden, welchen Platz sie sich letztlich aussucht \u2013 und vielleicht \u00e4ndert sie ihre Meinung sp\u00e4ter wieder.<\/p>\n<p>Alternativ kann <strong>das eigene Bett als Schlafplatz f\u00fcr die Katze<\/strong> dienen. Wer sich jedoch dagegen entscheidet, sollte diese Entscheidung von Anfang an konsequent umsetzen und auch keine kurzen Kuscheleinheiten dort erlauben. Einige Bindungsforscher:innen vertreten allerdings die Meinung, dass es bei Kitten f\u00f6rderlich sein kann, sie im eigenen Bett willkommen zu hei\u00dfen. Das <strong>st\u00e4rke die Beziehung zu ihren Menschen<\/strong>.<\/p>\n<h2><strong>Die verschiedenen Schlafpositionen von Katzen<\/strong><\/h2>\n<p>Die Schlafposition, in der deine Katze schl\u00e4ft, verr\u00e4t in vielen F\u00e4llen etwas \u00fcber ihren <strong>k\u00f6rperlichen Zustand<\/strong>, aber auch \u00fcber ihren <strong>Gef\u00fchlshaushalt<\/strong>. Manchmal ist die Schlafposition allerdings einfach eine <strong>Aussage \u00fcber das Wetter und die Jahreszeit<\/strong>: Herrschen beispielsweise k\u00fchle Temperaturen, dann rollen sich Katzen gerne ein und verstecken den Kopf unter dem eigenen K\u00f6rper. Ist es hingegen sehr warm, strecken sich die Haustiere aus und regulieren so ihre K\u00f6rpertemperatur.<\/p>\n<p>Spielen die Temperaturen keine gro\u00dfe Rolle, dann gilt die Faustregel: <strong>Je entspannter der K\u00f6rper einer Katze im Schlaf<\/strong> ist und je weniger man das Gef\u00fchl hat, ihr K\u00f6rper w\u00e4re schon auf eine Flucht oder einen Angriff vorbereitet, <strong>desto sicherer und vertrauter f\u00fchlt sie sich.<\/strong><\/p>\n<p>\u00dcblicherweise schlafen Katzen in diesen Positionen:<\/p>\n<ul>\n<li><strong>Auf den Pfoten:<\/strong> Wenn eine Katze auf ihren vier Pfoten ruht, dann spricht das in der Regel f\u00fcr Unsicherheit. Aus dieser Position kann das Tier zu jeder Zeit aufspringen und fl\u00fcchten.<\/li>\n<li><strong>Auf dem R\u00fccken:<\/strong> Schl\u00e4ft eine Katze auf dem R\u00fccken, dr\u00fcckt sie damit gr\u00f6\u00dftm\u00f6gliches Vertrauen gegen\u00fcber ihren Halter:innen aus. F\u00e4llt es auf dem R\u00fccken allgemein schon schwer, den Bauch zu verteidigen, ist dies w\u00e4hrend des Schlafes unm\u00f6glich. Die Katze ist in dem Schlaf entspannt und f\u00fchlt sich in ihrem Umfeld vollkommen sicher.<\/li>\n<li><strong>Eingerollt:<\/strong> Die eingerollt schlafende Katze ist wohl das g\u00e4ngigste Bild. In der Natur hilft die Position beim Schutz vor Regen und K\u00e4lte. Aber auch in der Wohnung kann die Mieze so eine wohlige W\u00e4rme aufrechterhalten. Mitunter rollen sich Katzen nur halb ein und ziehen die Gliedma\u00dfen an den K\u00f6rper oder verdecken sich die Augen.<\/li>\n<li><strong>Kopf nicht abgelegt: <\/strong>Legt eine Katze ihren Kopf nicht auf den eigenen K\u00f6rper, den Boden oder ein Kissen, dann ist sie h\u00f6chstens am D\u00f6sen. Die Muskulatur steht noch unter Spannung.<\/li>\n<li><strong>Seitenlage: <\/strong>Schl\u00e4ft eine Katze ausgestreckt auf der Seite, ist ihr vermutlich warm und sie ist entspannt.<\/li>\n<\/ul>\n<h2><strong>Jede Katze schl\u00e4ft individuell<\/strong><\/h2>\n<p>Die Vorlieben von Katzen unterscheiden sich nicht nur bei der Wahl ihrer Schlafpl\u00e4tze. Auch ihre <strong>Schlafdauer kann aus einer Vielzahl an Gr\u00fcnden variieren<\/strong>. Hat sich die Anzahl und Dauer der Schl\u00e4fchen einmal eingependelt, wird sich eine gesunde Mieze jedoch wie das sprichw\u00f6rtliche <strong>Gewohnheitstier benehmen und ihrem Schlafverhalten treu bleiben<\/strong>.<\/p>\n<p>Katzenbesitzer:innen sollten ihr Haustier daher genau beobachten: Auch wenn die Katze sich nichts anmerken lassen m\u00f6chte, sind <strong>pl\u00f6tzliche Ver\u00e4nderungen<\/strong> ihrer Schlafzeiten oder ein Wechsel zu einem leichter erreichbaren Schlafplatz <strong>erste Anzeichen daf\u00fcr, dass mit der Fellnase etwas nicht stimmen k\u00f6nnte<\/strong>. Es empfiehlt sich in einem solchen Fall, das Tier \u00e4rztlich untersuchen zu lassen.<\/p>\n\n<div class=\"banner\">\n    <a href=\"https:\/\/uelzener.de\/katze\/katzen-krankenversicherung\/?agt=0000104925&sem=true&utm_medium=magazin&utm_source=wordpress&utm_campaign=katze_kv&utm_content=banner\">\n        <img decoding=\"async\" width=\"300\" height=\"212\" src=\"https:\/\/uelzener.de\/magazin\/app\/uploads\/2025\/01\/Katzen-Kranken-Versicherung.jpg\" class=\"attachment-medium size-medium\" alt=\"Banner Katzen-Kranken-Versicherung\" \/>    <\/a>\n<\/div>\n\n<h2><strong>Dem Schlafverhalten der Katze auf der Spur<\/strong><\/h2>\n<p>Ein Nickerchen hier, ein P\u00e4uschen da: Katzen lieben es, sich vom Jagen und Spielen gen\u00fcsslich d\u00f6send oder tief schlafend zu erholen. Wer einen geeigneten Schlafplatz anbietet und sie nicht beim Schlafen st\u00f6rt, dem dreht die eigene Katze vielleicht auch irgendwann vertrauensvoll den Bauch zu und streckt ihm die Pf\u00f6tchen entgegen.<\/p>\n<h2><strong>FAQ: H\u00e4ufig gestellte Fragen<\/strong><\/h2>\n<h3><strong>Wie viele Stunden schlafen Katzen?<\/strong><\/h3>\n<p>Katzen schlafen im Durchschnitt 12 bis 16 Stunden am Tag. Dabei handelt es sich hierbei nicht durchg\u00e4ngig um einen tiefen Schlaf, sondern einen Gro\u00dfteil der Zeit d\u00f6sen die Katzen nur.<\/p>\n<h3><strong>Sollte die eigene Katze mit im Bett schlafen?<\/strong><\/h3>\n<p>Wenn es dich nicht st\u00f6rt, wenn deine Katze mit bei dir im Bett schl\u00e4ft, spricht generell nichts dagegen. Es kann hingegen sogar gut f\u00fcr Beziehen zwischen Mensch und Katze sein.<\/p>\n<h3><strong>Wie schlafen Katzen am liebsten?<\/strong><\/h3>\n<p>Katzen bevorzugen einen Schlafplatz, der Sicherheit bietet und von dem sie alles im Blick haben. Die <a href=\"https:\/\/uelzener.de\/magazin\/katze\/tiergesundheit\/schlafposition-bei-katzen\/\">Schlafposition der Katze<\/a> ist ganz individuell, kann allerdings auch etwas \u00fcber das Befinden der Katze aussagen.<\/p>\n","protected":false},"excerpt":{"rendered":"<p>Insbesondere Hauskatzen gelten oft als tr\u00e4ge und vermitteln das Gef\u00fchl, sie w\u00fcrden ihr halbes Leben verschlafen. Dieser Eindruck ist sogar noch untertrieben: Katzen schlafen und d\u00f6sen im Durchschnitt bis zu zwei Drittel des Tages. Alles, was du \u00fcber deine Katze und ihren Schlaf wissen solltest, erf\u00e4hrst du in diesem Beitrag! Das Schlafbed\u00fcrfnis und dessen Hintergr\u00fcnde [&hellip;]<\/p>\n","protected":false},"author":3,"featured_media":13420,"parent":11709,"menu_order":1,"comment_status":"closed","ping_status":"closed","template":"templates\/blog.php","meta":{"_acf_changed":false,"_crdt_document":"","footnotes":"","beyondwords_generate_audio":"","beyondwords_project_id":"","beyondwords_content_id":"","beyondwords_preview_token":"","beyondwords_player_style":"","beyondwords_language_id":"","beyondwords_title_voice_id":"","beyondwords_body_voice_id":"","beyondwords_summary_voice_id":"","beyondwords_error_message":"","beyondwords_disabled":"","beyondwords_delete_content":"","beyondwords_podcast_id":"","beyondwords_hash":"","publish_post_to_speechkit":"","speechkit_hash":"","speechkit_generate_audio":"","speechkit_project_id":"","speechkit_podcast_id":"","speechkit_error_message":"","speechkit_disabled":"","speechkit_access_key":"","speechkit_error":"","speechkit_info":"","speechkit_response":"","speechkit_retries":"","speechkit_status":"","speechkit_updated_at":"","_speechkit_link":"","_speechkit_text":""},"class_list":["post-13419","page","type-page","status-publish","has-post-thumbnail","hentry"],"acf":[],"yoast_head":"<!-- This site is optimized with the Yoast SEO Premium plugin  - https:\/\/yoast.com\/product\/yoast-seo-premium-wordpress\/ -->\n<title>Katzen und ihr Schlaf: Das solltest du wissen | Uelzener<\/title>\n<meta name=\"description\" content=\"Katzen lieben ihren Schlaf \u2713 Dauer \u2713 Schlafposition \u2713 Schlafplatz \u25b6 Hier alles zum Schlaf der Katze lesen!\" \/>\n<meta name=\"robots\" content=\"index, follow, max-snippet:-1, max-image-preview:large, max-video-preview:-1\" \/>\n<link rel=\"canonical\" href=\"https:\/\/uelzener.de\/magazin\/katze\/tipps-fuer-den-alltag\/katzen-und-deren-schlaf-was-dauer-und-schlafplatz-ueber-deine-katze-aussagen\/\" \/>\n<meta property=\"og:locale\" content=\"de_DE\" \/>\n<meta property=\"og:type\" content=\"article\" \/>\n<meta property=\"og:title\" content=\"Katzen und deren Schlaf: Was Dauer und Schlafplatz \u00fcber deine Katze aussagen\" \/>\n<meta property=\"og:description\" content=\"Katzen lieben ihren Schlaf \u2713 Dauer \u2713 Schlafposition \u2713 Schlafplatz \u25b6 Hier alles zum Schlaf der Katze lesen!\" \/>\n<meta property=\"og:url\" content=\"https:\/\/uelzener.de\/magazin\/katze\/tipps-fuer-den-alltag\/katzen-und-deren-schlaf-was-dauer-und-schlafplatz-ueber-deine-katze-aussagen\/\" \/>\n<meta property=\"og:site_name\" content=\"Uelzener Tier-Magazin\" \/>\n<meta property=\"article:publisher\" content=\"https:\/\/www.facebook.com\/Uelzener\" \/>\n<meta property=\"article:modified_time\" content=\"2025-08-25T11:30:03+00:00\" \/>\n<meta property=\"og:image\" content=\"https:\/\/uelzener.de\/magazin\/app\/uploads\/2022\/05\/schlaf-bei-katzen.jpg\" \/>\n\t<meta property=\"og:image:width\" content=\"1024\" \/>\n\t<meta property=\"og:image:height\" content=\"450\" \/>\n\t<meta property=\"og:image:type\" content=\"image\/jpeg\" \/>\n<meta name=\"twitter:card\" content=\"summary_large_image\" \/>\n<meta name=\"twitter:label1\" content=\"Gesch\u00e4tzte Lesezeit\" \/>\n\t<meta name=\"twitter:data1\" content=\"7\u00a0Minuten\" \/>\n<script type=\"application\/ld+json\" class=\"yoast-schema-graph\">{\"@context\":\"https:\/\/schema.org\",\"@graph\":[{\"@type\":\"WebPage\",\"@id\":\"https:\/\/uelzener.de\/magazin\/katze\/tipps-fuer-den-alltag\/katzen-und-deren-schlaf-was-dauer-und-schlafplatz-ueber-deine-katze-aussagen\/\",\"url\":\"https:\/\/uelzener.de\/magazin\/katze\/tipps-fuer-den-alltag\/katzen-und-deren-schlaf-was-dauer-und-schlafplatz-ueber-deine-katze-aussagen\/\",\"name\":\"Katzen und ihr Schlaf: Das solltest du wissen | Uelzener\",\"isPartOf\":{\"@id\":\"https:\/\/uelzener.de\/magazin\/#website\"},\"primaryImageOfPage\":{\"@id\":\"https:\/\/uelzener.de\/magazin\/katze\/tipps-fuer-den-alltag\/katzen-und-deren-schlaf-was-dauer-und-schlafplatz-ueber-deine-katze-aussagen\/#primaryimage\"},\"image\":{\"@id\":\"https:\/\/uelzener.de\/magazin\/katze\/tipps-fuer-den-alltag\/katzen-und-deren-schlaf-was-dauer-und-schlafplatz-ueber-deine-katze-aussagen\/#primaryimage\"},\"thumbnailUrl\":\"https:\/\/uelzener.de\/magazin\/app\/uploads\/2022\/05\/schlaf-bei-katzen.jpg\",\"datePublished\":\"2022-05-22T11:31:03+00:00\",\"dateModified\":\"2025-08-25T11:30:03+00:00\",\"description\":\"Katzen lieben ihren Schlaf \u2713 Dauer \u2713 Schlafposition \u2713 Schlafplatz \u25b6 Hier alles zum Schlaf der Katze lesen!\",\"breadcrumb\":{\"@id\":\"https:\/\/uelzener.de\/magazin\/katze\/tipps-fuer-den-alltag\/katzen-und-deren-schlaf-was-dauer-und-schlafplatz-ueber-deine-katze-aussagen\/#breadcrumb\"},\"inLanguage\":\"de\",\"potentialAction\":[{\"@type\":\"ReadAction\",\"target\":[\"https:\/\/uelzener.de\/magazin\/katze\/tipps-fuer-den-alltag\/katzen-und-deren-schlaf-was-dauer-und-schlafplatz-ueber-deine-katze-aussagen\/\"]}]},{\"@type\":\"ImageObject\",\"inLanguage\":\"de\",\"@id\":\"https:\/\/uelzener.de\/magazin\/katze\/tipps-fuer-den-alltag\/katzen-und-deren-schlaf-was-dauer-und-schlafplatz-ueber-deine-katze-aussagen\/#primaryimage\",\"url\":\"https:\/\/uelzener.de\/magazin\/app\/uploads\/2022\/05\/schlaf-bei-katzen.jpg\",\"contentUrl\":\"https:\/\/uelzener.de\/magazin\/app\/uploads\/2022\/05\/schlaf-bei-katzen.jpg\",\"width\":1024,\"height\":450,\"caption\":\"Rote Katze beim Schlafen.\"},{\"@type\":\"WebSite\",\"@id\":\"https:\/\/uelzener.de\/magazin\/#website\",\"url\":\"https:\/\/uelzener.de\/magazin\/\",\"name\":\"Uelzener Tiermagazin\",\"description\":\"Online Tierratgeber der Uelzener Versicherungen\",\"publisher\":{\"@id\":\"https:\/\/uelzener.de\/magazin\/#organization\"},\"potentialAction\":[{\"@type\":\"SearchAction\",\"target\":{\"@type\":\"EntryPoint\",\"urlTemplate\":\"https:\/\/uelzener.de\/magazin\/?s={search_term_string}\"},\"query-input\":{\"@type\":\"PropertyValueSpecification\",\"valueRequired\":true,\"valueName\":\"search_term_string\"}}],\"inLanguage\":\"de\"},{\"@type\":\"Organization\",\"@id\":\"https:\/\/uelzener.de\/magazin\/#organization\",\"name\":\"Uelzener Versicherungen\",\"url\":\"https:\/\/uelzener.de\/magazin\/\",\"logo\":{\"@type\":\"ImageObject\",\"inLanguage\":\"de\",\"@id\":\"https:\/\/uelzener.de\/magazin\/#\/schema\/logo\/image\/\",\"url\":\"https:\/\/uelzener.de\/magazin\/app\/uploads\/2024\/11\/uelzener_allgemeine_versicherungsgesellschaft_a_g_logo.jpg\",\"contentUrl\":\"https:\/\/uelzener.de\/magazin\/app\/uploads\/2024\/11\/uelzener_allgemeine_versicherungsgesellschaft_a_g_logo.jpg\",\"width\":200,\"height\":200,\"caption\":\"Uelzener Versicherungen\"},\"image\":{\"@id\":\"https:\/\/uelzener.de\/magazin\/#\/schema\/logo\/image\/\"},\"sameAs\":[\"https:\/\/www.facebook.com\/Uelzener\",\"https:\/\/instagram.com\/uelzener\",\"https:\/\/www.xing.com\/pages\/uelzenerallgemeineversicherungs-gesellschafta-g\",\"https:\/\/www.youtube.com\/UelzenerVersicherungen\"]}]}<\/script>\n<!-- \/ Yoast SEO Premium plugin. -->","yoast_head_json":{"title":"Katzen und ihr Schlaf: Das solltest du wissen | Uelzener","description":"Katzen lieben ihren Schlaf \u2713 Dauer \u2713 Schlafposition \u2713 Schlafplatz \u25b6 Hier alles zum Schlaf der Katze lesen!","robots":{"index":"index","follow":"follow","max-snippet":"max-snippet:-1","max-image-preview":"max-image-preview:large","max-video-preview":"max-video-preview:-1"},"canonical":"https:\/\/uelzener.de\/magazin\/katze\/tipps-fuer-den-alltag\/katzen-und-deren-schlaf-was-dauer-und-schlafplatz-ueber-deine-katze-aussagen\/","og_locale":"de_DE","og_type":"article","og_title":"Katzen und deren Schlaf: Was Dauer und Schlafplatz \u00fcber deine Katze aussagen","og_description":"Katzen lieben ihren Schlaf \u2713 Dauer \u2713 Schlafposition \u2713 Schlafplatz \u25b6 Hier alles zum Schlaf der Katze lesen!","og_url":"https:\/\/uelzener.de\/magazin\/katze\/tipps-fuer-den-alltag\/katzen-und-deren-schlaf-was-dauer-und-schlafplatz-ueber-deine-katze-aussagen\/","og_site_name":"Uelzener Tier-Magazin","article_publisher":"https:\/\/www.facebook.com\/Uelzener","article_modified_time":"2025-08-25T11:30:03+00:00","og_image":[{"width":1024,"height":450,"url":"https:\/\/uelzener.de\/magazin\/app\/uploads\/2022\/05\/schlaf-bei-katzen.jpg","type":"image\/jpeg"}],"twitter_card":"summary_large_image","twitter_misc":{"Gesch\u00e4tzte Lesezeit":"7\u00a0Minuten"},"schema":{"@context":"https:\/\/schema.org","@graph":[{"@type":"WebPage","@id":"https:\/\/uelzener.de\/magazin\/katze\/tipps-fuer-den-alltag\/katzen-und-deren-schlaf-was-dauer-und-schlafplatz-ueber-deine-katze-aussagen\/","url":"https:\/\/uelzener.de\/magazin\/katze\/tipps-fuer-den-alltag\/katzen-und-deren-schlaf-was-dauer-und-schlafplatz-ueber-deine-katze-aussagen\/","name":"Katzen und ihr Schlaf: Das solltest du wissen | Uelzener","isPartOf":{"@id":"https:\/\/uelzener.de\/magazin\/#website"},"primaryImageOfPage":{"@id":"https:\/\/uelzener.de\/magazin\/katze\/tipps-fuer-den-alltag\/katzen-und-deren-schlaf-was-dauer-und-schlafplatz-ueber-deine-katze-aussagen\/#primaryimage"},"image":{"@id":"https:\/\/uelzener.de\/magazin\/katze\/tipps-fuer-den-alltag\/katzen-und-deren-schlaf-was-dauer-und-schlafplatz-ueber-deine-katze-aussagen\/#primaryimage"},"thumbnailUrl":"https:\/\/uelzener.de\/magazin\/app\/uploads\/2022\/05\/schlaf-bei-katzen.jpg","datePublished":"2022-05-22T11:31:03+00:00","dateModified":"2025-08-25T11:30:03+00:00","description":"Katzen lieben ihren Schlaf \u2713 Dauer \u2713 Schlafposition \u2713 Schlafplatz \u25b6 Hier alles zum Schlaf der Katze lesen!","breadcrumb":{"@id":"https:\/\/uelzener.de\/magazin\/katze\/tipps-fuer-den-alltag\/katzen-und-deren-schlaf-was-dauer-und-schlafplatz-ueber-deine-katze-aussagen\/#breadcrumb"},"inLanguage":"de","potentialAction":[{"@type":"ReadAction","target":["https:\/\/uelzener.de\/magazin\/katze\/tipps-fuer-den-alltag\/katzen-und-deren-schlaf-was-dauer-und-schlafplatz-ueber-deine-katze-aussagen\/"]}]},{"@type":"ImageObject","inLanguage":"de","@id":"https:\/\/uelzener.de\/magazin\/katze\/tipps-fuer-den-alltag\/katzen-und-deren-schlaf-was-dauer-und-schlafplatz-ueber-deine-katze-aussagen\/#primaryimage","url":"https:\/\/uelzener.de\/magazin\/app\/uploads\/2022\/05\/schlaf-bei-katzen.jpg","contentUrl":"https:\/\/uelzener.de\/magazin\/app\/uploads\/2022\/05\/schlaf-bei-katzen.jpg","width":1024,"height":450,"caption":"Rote Katze beim Schlafen."},{"@type":"WebSite","@id":"https:\/\/uelzener.de\/magazin\/#website","url":"https:\/\/uelzener.de\/magazin\/","name":"Uelzener Tiermagazin","description":"Online Tierratgeber der Uelzener Versicherungen","publisher":{"@id":"https:\/\/uelzener.de\/magazin\/#organization"},"potentialAction":[{"@type":"SearchAction","target":{"@type":"EntryPoint","urlTemplate":"https:\/\/uelzener.de\/magazin\/?s={search_term_string}"},"query-input":{"@type":"PropertyValueSpecification","valueRequired":true,"valueName":"search_term_string"}}],"inLanguage":"de"},{"@type":"Organization","@id":"https:\/\/uelzener.de\/magazin\/#organization","name":"Uelzener Versicherungen","url":"https:\/\/uelzener.de\/magazin\/","logo":{"@type":"ImageObject","inLanguage":"de","@id":"https:\/\/uelzener.de\/magazin\/#\/schema\/logo\/image\/","url":"https:\/\/uelzener.de\/magazin\/app\/uploads\/2024\/11\/uelzener_allgemeine_versicherungsgesellschaft_a_g_logo.jpg","contentUrl":"https:\/\/uelzener.de\/magazin\/app\/uploads\/2024\/11\/uelzener_allgemeine_versicherungsgesellschaft_a_g_logo.jpg","width":200,"height":200,"caption":"Uelzener Versicherungen"},"image":{"@id":"https:\/\/uelzener.de\/magazin\/#\/schema\/logo\/image\/"},"sameAs":["https:\/\/www.facebook.com\/Uelzener","https:\/\/instagram.com\/uelzener","https:\/\/www.xing.com\/pages\/uelzenerallgemeineversicherungs-gesellschafta-g","https:\/\/www.youtube.com\/UelzenerVersicherungen"]}]}},"_links":{"self":[{"href":"https:\/\/uelzener.de\/magazin\/wp-json\/wp\/v2\/pages\/13419","targetHints":{"allow":["GET"]}}],"collection":[{"href":"https:\/\/uelzener.de\/magazin\/wp-json\/wp\/v2\/pages"}],"about":[{"href":"https:\/\/uelzener.de\/magazin\/wp-json\/wp\/v2\/types\/page"}],"author":[{"embeddable":true,"href":"https:\/\/uelzener.de\/magazin\/wp-json\/wp\/v2\/users\/3"}],"replies":[{"embeddable":true,"href":"https:\/\/uelzener.de\/magazin\/wp-json\/wp\/v2\/comments?post=13419"}],"version-history":[{"count":5,"href":"https:\/\/uelzener.de\/magazin\/wp-json\/wp\/v2\/pages\/13419\/revisions"}],"predecessor-version":[{"id":18962,"href":"https:\/\/uelzener.de\/magazin\/wp-json\/wp\/v2\/pages\/13419\/revisions\/18962"}],"up":[{"embeddable":true,"href":"https:\/\/uelzener.de\/magazin\/wp-json\/wp\/v2\/pages\/11709"}],"wp:featuredmedia":[{"embeddable":true,"href":"https:\/\/uelzener.de\/magazin\/wp-json\/wp\/v2\/media\/13420"}],"wp:attachment":[{"href":"https:\/\/uelzener.de\/magazin\/wp-json\/wp\/v2\/media?parent=13419"}],"curies":[{"name":"wp","href":"https:\/\/api.w.org\/{rel}","templated":true}]}}