{"id":13416,"date":"2022-05-22T12:22:05","date_gmt":"2022-05-22T10:22:05","guid":{"rendered":"https:\/\/uelzener.de\/magazin\/?page_id=13416"},"modified":"2024-03-12T11:39:32","modified_gmt":"2024-03-12T10:39:32","slug":"mit-der-katze-spazieren-gehen","status":"publish","type":"page","link":"https:\/\/uelzener.de\/magazin\/katze\/erziehung-und-training\/mit-der-katze-spazieren-gehen\/","title":{"rendered":"Mit der Katze spazieren gehen"},"content":{"rendered":"<p>Besitzer:innen von Hauskatzen kennen das lange Gesicht ihrer Stubentiger, wenn sie sehns\u00fcchtig aus dem Fenster schauen. Katzen lieben es, die Natur zu erkunden, da sie schlie\u00dflich auch Freig\u00e4nger sind, die gern nach Herzenslust ihrem Abenteuergeist nachgehen. Wenn du keinen Auslauf im Garten erm\u00f6glichen kannst, k\u00f6nntest du mit deiner Katze spazieren gehen. Welche Gr\u00fcnde daf\u00fcr und dagegen sprechen, wie du es vorbereitest und welche Alternativen es gibt, erf\u00e4hrst du hier.<\/p>\n<h2><strong>Mit der Wohnungskatze spazieren gehen<\/strong><\/h2>\n<p>Wer st\u00e4dtisch wohnt, sorgt sich oft zu sehr um die eigene Katze, um sie regelm\u00e4\u00dfig <strong>allein nach drau\u00dfen ziehen zu lassen<\/strong>. Dennoch m\u00f6chte fast jeder Katzenfreund das Leben seines Tieres so abwechslungsreich wie m\u00f6glich gestalten. Gemeinsame Spazierg\u00e4nge an der Leine k\u00f6nnen eine Option sein, einen sicheren Zugang zur Au\u00dfenwelt zu schaffen.<\/p>\n<h2><strong>Vorteile vom Gassigehen mit der Hauskatze <\/strong><\/h2>\n<p>Mit der Katze spazieren zu gehen hat folgende Vorteile:<\/p>\n<ul>\n<li>Ausfl\u00fcge an der Leine sind f\u00fcr die Hauskatze <strong>relativ sicher<\/strong> und bieten ihr <strong>Bewegung und Abwechslung<\/strong>. So kann sie aufgestaute Energie oder Nervosit\u00e4t abbauen, <strong>frische Luft<\/strong> schnuppern und gleichzeitig die <strong>Bindung<\/strong> zu ihrem Menschen vertiefen. Langfristig kann das <strong>\u00dcbergewicht, Gelenkverschlei\u00df<\/strong> und unerw\u00fcnschte Verhaltensweisen durch Langeweile verhindern.<\/li>\n<li>Es gibt Situationen, in denen es zun\u00e4chst sicherer ist, das <strong>Umfeld gemeinsam<\/strong> mit der angeleinten Katze zu <strong>erkunden<\/strong> \u2013 selbst wenn sie sp\u00e4ter eigenst\u00e4ndiger Freig\u00e4nger werden soll. <strong>Nach einem Umzug<\/strong> beispielsweise m\u00fcssen Katzen erst einmal ihr neues Revier kennenlernen. Mit ihrem Menschen k\u00f6nnen sie das unbekannte Umfeld beh\u00fctet erkunden, Artgenossen auf Abstand treffen und sich die Umgebung einpr\u00e4gen.<\/li>\n<li><strong>Nach einer Krankheit<\/strong> oder bei einem sehr sch\u00fcchternen Tier kann der Mensch als Begleitung <strong>Sicherheit geben<\/strong>. So kann die <a href=\"https:\/\/uelzener.de\/magazin\/katze\/haltung\/wohnungskatze-beschaeftigen\/\" target=\"_blank\" rel=\"noopener\">Wohnungskatze<\/a> unter Aufsicht die ersten Schritte in die Natur wagen.<\/li>\n<\/ul>\n<h2><strong>Nachteile der Leinenf\u00fchrung<\/strong><\/h2>\n<p>In manchen F\u00e4llen sind Spazierg\u00e4nge an der Leine mit der Katze jedoch nicht zu empfehlen. Das betrifft die folgenden Konstellationen:<\/p>\n<ul>\n<li>Manche Tiere wollen sehr <strong>autonom agieren<\/strong> und str\u00e4uben sich grunds\u00e4tzlich dagegen, an einer Leine gef\u00fchrt zu werden. Wenn deine Katze nicht bereit ist, sich in ihrem Bewegungsrhythmus einschr\u00e4nken zu lassen und auch nach liebevollem \u00dcben das <strong>Geschirr nicht toleriert<\/strong>, dann solltest du das akzeptieren.<\/li>\n<li>Sehr <strong>\u00e4ngstliche oder scheue Stubentiger<\/strong>, die sich bereits in den eigenen vier W\u00e4nden schreckhaft zeigen, kann die Au\u00dfenwelt \u00fcberfordern. <strong>Panik und Flucht<\/strong> k\u00f6nnten die Reaktion sein, wenn ein solches Tier den vielen Reizen durch befahrene Stra\u00dfen, fremde Menschen und andere Tiere ausgesetzt wird. Dabei k\u00f6nnte sich die <strong>Katze sogar verletzen<\/strong>, wenn sie versucht, sich im Zuge einer panischen Reaktion von der Leine und dem Katzengeschirr zu befreien.<\/li>\n<\/ul>\n<p>Ob deine Katze an der Leine gef\u00fchrt werden kann, h\u00e4ngt also von den pers\u00f6nlichen Vorlieben, deinem Umfeld und dem <strong>Charakter<\/strong> des Tieres ab. Katzen, die bereits als <strong>Jungtiere an der Leine gef\u00fchrt<\/strong> wurden, tolerieren und genie\u00dfen diese Erfahrung eher als \u00e4ltere Katzen, die damit noch nie konfrontiert wurden. Wenn du dich also dazu entschlie\u00dft, mit deiner Wohnungskatze spazieren zu gehen, solltest du einige Vorkehrungen treffen.<\/p>\n<h2><strong>Mit der Katze spazieren gehen &#8211; Vorbereitung<\/strong><\/h2>\n<p>Wer seine Katze an der Leine ausf\u00fchren m\u00f6chte, sollte <strong>so fr\u00fch wie m\u00f6glich mit dem Training anfangen<\/strong>. Umso \u00e4lter und unflexibler die Katze ist, umso schwerer wird sie sich mit der Leine tun. Das fr\u00fche Training mit recht jungen K\u00e4tzchen sollte vor allem <strong>positive Erfahrungen<\/strong> bieten. Die Leinenf\u00fchrung wird so nicht als bedrohlicher Freiheitsentzug aufgefasst, sondern geht mit Gef\u00fchlen von Sicherheit und Entspannung einher.<\/p>\n<p>Wie beim Hundetraining kann hier mit einem <strong><a href=\"https:\/\/uelzener.de\/magazin\/katze\/erziehung-und-training\/clickertraining-katzen-apportieren-beibringen\/\">Clickertraining<\/a> und Leckerlis<\/strong> oder <strong>Streicheleinheiten<\/strong> gearbeitet werden, um das Belohnungszentrum im Gehirn der Katze zu aktivieren. Dabei ist es wichtig, genau auf das <strong>Verhalten und die Reaktionen<\/strong> des Tieres zu achten. Wenn deine Hauskatze <strong>Anzeichen von Stress<\/strong> zeigt, beispielsweise durch einen starren K\u00f6rper, angelegte Ohren, wenn sie faucht oder sich demonstrativ hinlegt, solltest du das <strong>Training beenden<\/strong>.<\/p>\n<h3><strong>4 Schritte zur Vorbereitung zum Gassigehen mit deiner Katze <\/strong><\/h3>\n<ol>\n<li>Als erstes steht das <strong>Anlegen des Katzengeschirrs<\/strong> auf dem Trainingsplan. Das Geschirr sollte <strong>gepolsterte<\/strong>, <strong>verstellbare Gurte<\/strong> haben, sodass es sich optimal an den K\u00f6rper der Katze anpassen l\u00e4sst. Ein zu enges Geschirr oder Halsband kann das Tier einschn\u00fcren; eines, das zu locker sitzt, erh\u00f6ht die Gefahr, dass die Katze sich befreit. Mit viel positiver Verst\u00e4rkung und kurzen Trainingseinheiten gew\u00f6hnt sich deine Katze an das Gef\u00fchl, ein Geschirr zu tragen.<\/li>\n<li>Erst wenn das Geschirr problemlos toleriert wird, geht es an die <strong>Leinenf\u00fchrigkeit<\/strong>. Katzen sind weniger steuerbar als Hunde, sodass <strong>viel Lob<\/strong> vonn\u00f6ten ist, bis ein Tier einsieht, dem Menschen zu folgen. Mit Druck wird das nicht funktionieren. Dennoch sollte die Katze sanften Zug am Geschirr kennen \u2013 f\u00fcr den Fall, dass sich die Leine verheddert und die Bewegungsfreiheit der Katze eingeschr\u00e4nkt wird.<\/li>\n<li>Ehe deine Katze die ersten Schritte im Freien wagt, ist ein <strong>Check-up beim Tierarzt oder bei der Tier\u00e4rztin ein Muss<\/strong>: Auf der Agenda stehen die \u00fcblichen <a href=\"https:\/\/uelzener.de\/magazin\/katze\/tiergesundheit\/katzen-impfungen\/\">Katzen-Impfungen<\/a> gegen Infektionskrankheiten sowie eine ausreichende Floh- und Wurmpr\u00e4vention. Solltest du daher unbedingt eine\u00a0<a href=\"https:\/\/uelzener.de\/magazin\/katze\/haeufige-fragen\/katze-versichern-ja-oder-nein\/\">Katzenversicherung abschlie\u00dfen, ja oder nein<\/a>?\u00a0Wenn du eine passende Katzen-Krankenversicherung abschlie\u00dft, musst du dir auch keine Gedanken mehr \u00fcber die Kosten dieser Behandlungen machen. Im unwahrscheinlichen Fall, dass sich die Katze doch einmal aus dem Geschirr zw\u00e4ngt, hilft die Kennzeichnung mit einem Mikrochip am Halsband.<\/li>\n<\/ol>\n\n<div class=\"banner\">\n    <a href=\"https:\/\/uelzener.de\/katze\/katzen-krankenversicherung\/?agt=0000104925&sem=true&utm_medium=magazin&utm_source=wordpress&utm_campaign=katze_kv&utm_content=banner\">\n        <img decoding=\"async\" width=\"300\" height=\"212\" src=\"https:\/\/uelzener.de\/magazin\/app\/uploads\/2025\/01\/Katzen-Kranken-Versicherung.jpg\" class=\"attachment-medium size-medium\" alt=\"Banner Katzen-Kranken-Versicherung\" \/>    <\/a>\n<\/div>\n\n<ol>\n<li>Der erste Ausflug nach drau\u00dfen sollte <strong>gut vorbereitet. <\/strong>Es ist sinnvoll, ihn zu Zeiten zu planen, in denen <strong>nicht allzu viel Verkehr<\/strong> herrscht oder der Nachbarshund gerade vorbeil\u00e4uft. Auch solltest du die Antwort auf die Frage kennen, was im Notfall zu tun ist: Welche Abk\u00fcrzung gibt es nach Hause, wenn die Stimmung kippt? L\u00e4sst sich die Katze zur Not auf den Arm nehmen?<\/li>\n<\/ol>\n<h2><strong>Alternativen zur Leinenf\u00fchrung<\/strong><\/h2>\n<p>Manche Katzenhalter:innen merken bei diesen Vorbereitungen, dass das Laufen an der Leine nichts f\u00fcr ihren Liebling ist. Macht nichts \u2013 es stehen noch viele andere M\u00f6glichkeiten zur Verf\u00fcgung, den Stubentiger geistig und k\u00f6rperlich fit zu halten. Das Wichtigste ist schlie\u00dflich, dass die <strong>Katze Spa\u00df hat und sich wohlf\u00fchlt<\/strong>. Ein <strong>ausbruchsicheres Gehege<\/strong> kann beispielsweise der Katze Platz f\u00fcr Erkundungen im Garten bieten. Durch stabile Netze und andere Umz\u00e4unungen k\u00f6nnen <a href=\"https:\/\/uelzener.de\/magazin\/katze\/haltung\/balkon-katzensicher-machen\/\">Balkone katzensicher gemacht werden<\/a>. Und nat\u00fcrlich l\u00e4sst sich auch die Zeit in Innenr\u00e4umen abwechslungsreich und aktiv mit <strong>Spielen und Kletterm\u00f6glichkeiten<\/strong> gestalten.<\/p>\n<h2><strong>Nicht mit der Katze spazieren gehen, wenn sie es nicht m\u00f6chte<\/strong><\/h2>\n<p>Beim Spaziergang mit der Katze gibt es also keine Patentl\u00f6sung: Manche Katzen lieben es, andere hassen es. Sieh also genau hin, was dein Tier dir zeigt, wenn es an einen gemeinsamen Ausflug geht. Wenn deine Hauskatze partout keine Lust hat, ein Brustgeschirr zu tragen und drau\u00dfen spazieren zu gehen, gibt es schlie\u00dflich viele andere M\u00f6glichkeiten, sie daheim ausgiebig zu besch\u00e4ftigen.<\/p>\n<h2><strong>FAQ: H\u00e4ufig gestellte Fragen<\/strong><\/h2>\n<h3><strong>Kann man mit einer Katze spazieren gehen?<\/strong><\/h3>\n<p>Grunds\u00e4tzlich kannst du mit deiner Katze spazieren gehen, wenn diese das auch m\u00f6chte. Nicht jeder Katze gef\u00e4llt die Leinenf\u00fchrung. Demnach solltest du genau schauen, ob es deiner Katze gef\u00e4llt, spazieren zu gehen.<\/p>\n<h3><strong>Kann ich mit meiner Katze spazieren gehen ohne Leine?<\/strong><\/h3>\n<p>Ohne Leine solltest du mit deiner Katze nicht spazieren gehen. W\u00e4hle lieber andere Aktivit\u00e4ten aus, um sie zu besch\u00e4ftigen. Du kannst beispielsweise mit ihr in der Wohnung oder im Garten spielen oder auch deinen Balkon katzensicher machen, damit sie dort an die frische Luft kommt.<\/p>\n<h3><strong>Warum sollte ich mit meiner Katze spazieren gehen?<\/strong><\/h3>\n<p>Spazieren gehen mit deiner Katze kann die Bindung zwischen dir und deiner Samtpfote verbessern, sie kommt an die frische Luft und ihr k\u00f6nnt gemeinsam das Umfeld erkunden.<\/p>\n","protected":false},"excerpt":{"rendered":"<p>Besitzer:innen von Hauskatzen kennen das lange Gesicht ihrer Stubentiger, wenn sie sehns\u00fcchtig aus dem Fenster schauen. Katzen lieben es, die Natur zu erkunden, da sie schlie\u00dflich auch Freig\u00e4nger sind, die gern nach Herzenslust ihrem Abenteuergeist nachgehen. Wenn du keinen Auslauf im Garten erm\u00f6glichen kannst, k\u00f6nntest du mit deiner Katze spazieren gehen. Welche Gr\u00fcnde daf\u00fcr und [&hellip;]<\/p>\n","protected":false},"author":3,"featured_media":13417,"parent":11695,"menu_order":1,"comment_status":"closed","ping_status":"closed","template":"templates\/blog.php","meta":{"_acf_changed":false,"_crdt_document":"","footnotes":"","beyondwords_generate_audio":"0","beyondwords_project_id":"","beyondwords_content_id":"","beyondwords_preview_token":"","beyondwords_player_style":"","beyondwords_language_id":"","beyondwords_title_voice_id":"","beyondwords_body_voice_id":"","beyondwords_summary_voice_id":"","beyondwords_error_message":"","beyondwords_disabled":"","beyondwords_delete_content":"","beyondwords_podcast_id":"","beyondwords_hash":"","publish_post_to_speechkit":"","speechkit_hash":"","speechkit_generate_audio":"","speechkit_project_id":"","speechkit_podcast_id":"","speechkit_error_message":"","speechkit_disabled":"","speechkit_access_key":"","speechkit_error":"","speechkit_info":"","speechkit_response":"","speechkit_retries":"","speechkit_status":"","speechkit_updated_at":"","_speechkit_link":"","_speechkit_text":""},"class_list":["post-13416","page","type-page","status-publish","has-post-thumbnail","hentry"],"acf":[],"yoast_head":"<!-- This site is optimized with the Yoast SEO Premium plugin  - https:\/\/yoast.com\/product\/yoast-seo-premium-wordpress\/ -->\n<title>Mit der Katze spazieren gehen | Uelzener<\/title>\n<meta name=\"description\" content=\"Mit der Wohnungskatze spazieren gehen \u2713 Vorbereitung \u2713 Vorteile &amp; Nachteile \u2713 Alternativen \u25b6 Hier mehr erfahren!\" \/>\n<meta name=\"robots\" content=\"index, follow, max-snippet:-1, max-image-preview:large, max-video-preview:-1\" \/>\n<link rel=\"canonical\" href=\"https:\/\/uelzener.de\/magazin\/katze\/erziehung-und-training\/mit-der-katze-spazieren-gehen\/\" \/>\n<meta property=\"og:locale\" content=\"de_DE\" \/>\n<meta property=\"og:type\" content=\"article\" \/>\n<meta property=\"og:title\" content=\"Mit der Katze spazieren gehen\" \/>\n<meta property=\"og:description\" content=\"Mit der Wohnungskatze spazieren gehen \u2713 Vorbereitung \u2713 Vorteile &amp; Nachteile \u2713 Alternativen \u25b6 Hier mehr erfahren!\" \/>\n<meta property=\"og:url\" content=\"https:\/\/uelzener.de\/magazin\/katze\/erziehung-und-training\/mit-der-katze-spazieren-gehen\/\" \/>\n<meta property=\"og:site_name\" content=\"Uelzener Tier-Magazin\" \/>\n<meta property=\"article:publisher\" content=\"https:\/\/www.facebook.com\/Uelzener\" \/>\n<meta property=\"article:modified_time\" content=\"2024-03-12T10:39:32+00:00\" \/>\n<meta property=\"og:image\" content=\"https:\/\/uelzener.de\/magazin\/app\/uploads\/2022\/05\/Mit-der-Katze-spazieren-gehen.jpg\" \/>\n\t<meta property=\"og:image:width\" content=\"1024\" \/>\n\t<meta property=\"og:image:height\" content=\"450\" \/>\n\t<meta property=\"og:image:type\" content=\"image\/jpeg\" \/>\n<meta name=\"twitter:card\" content=\"summary_large_image\" \/>\n<meta name=\"twitter:label1\" content=\"Gesch\u00e4tzte Lesezeit\" \/>\n\t<meta name=\"twitter:data1\" content=\"6\u00a0Minuten\" \/>\n<script type=\"application\/ld+json\" class=\"yoast-schema-graph\">{\"@context\":\"https:\/\/schema.org\",\"@graph\":[{\"@type\":\"WebPage\",\"@id\":\"https:\/\/uelzener.de\/magazin\/katze\/erziehung-und-training\/mit-der-katze-spazieren-gehen\/\",\"url\":\"https:\/\/uelzener.de\/magazin\/katze\/erziehung-und-training\/mit-der-katze-spazieren-gehen\/\",\"name\":\"Mit der Katze spazieren gehen | Uelzener\",\"isPartOf\":{\"@id\":\"https:\/\/uelzener.de\/magazin\/#website\"},\"primaryImageOfPage\":{\"@id\":\"https:\/\/uelzener.de\/magazin\/katze\/erziehung-und-training\/mit-der-katze-spazieren-gehen\/#primaryimage\"},\"image\":{\"@id\":\"https:\/\/uelzener.de\/magazin\/katze\/erziehung-und-training\/mit-der-katze-spazieren-gehen\/#primaryimage\"},\"thumbnailUrl\":\"https:\/\/uelzener.de\/magazin\/app\/uploads\/2022\/05\/Mit-der-Katze-spazieren-gehen.jpg\",\"datePublished\":\"2022-05-22T10:22:05+00:00\",\"dateModified\":\"2024-03-12T10:39:32+00:00\",\"description\":\"Mit der Wohnungskatze spazieren gehen \u2713 Vorbereitung \u2713 Vorteile & Nachteile \u2713 Alternativen \u25b6 Hier mehr erfahren!\",\"breadcrumb\":{\"@id\":\"https:\/\/uelzener.de\/magazin\/katze\/erziehung-und-training\/mit-der-katze-spazieren-gehen\/#breadcrumb\"},\"inLanguage\":\"de\",\"potentialAction\":[{\"@type\":\"ReadAction\",\"target\":[\"https:\/\/uelzener.de\/magazin\/katze\/erziehung-und-training\/mit-der-katze-spazieren-gehen\/\"]}]},{\"@type\":\"ImageObject\",\"inLanguage\":\"de\",\"@id\":\"https:\/\/uelzener.de\/magazin\/katze\/erziehung-und-training\/mit-der-katze-spazieren-gehen\/#primaryimage\",\"url\":\"https:\/\/uelzener.de\/magazin\/app\/uploads\/2022\/05\/Mit-der-Katze-spazieren-gehen.jpg\",\"contentUrl\":\"https:\/\/uelzener.de\/magazin\/app\/uploads\/2022\/05\/Mit-der-Katze-spazieren-gehen.jpg\",\"width\":1024,\"height\":450,\"caption\":\"Katze mit einem Katzengeschirr auf gr\u00fcner Wiese, sie geht spazieren.\"},{\"@type\":\"WebSite\",\"@id\":\"https:\/\/uelzener.de\/magazin\/#website\",\"url\":\"https:\/\/uelzener.de\/magazin\/\",\"name\":\"Uelzener Tiermagazin\",\"description\":\"Online Tierratgeber der Uelzener Versicherungen\",\"publisher\":{\"@id\":\"https:\/\/uelzener.de\/magazin\/#organization\"},\"potentialAction\":[{\"@type\":\"SearchAction\",\"target\":{\"@type\":\"EntryPoint\",\"urlTemplate\":\"https:\/\/uelzener.de\/magazin\/?s={search_term_string}\"},\"query-input\":{\"@type\":\"PropertyValueSpecification\",\"valueRequired\":true,\"valueName\":\"search_term_string\"}}],\"inLanguage\":\"de\"},{\"@type\":\"Organization\",\"@id\":\"https:\/\/uelzener.de\/magazin\/#organization\",\"name\":\"Uelzener Versicherungen\",\"url\":\"https:\/\/uelzener.de\/magazin\/\",\"logo\":{\"@type\":\"ImageObject\",\"inLanguage\":\"de\",\"@id\":\"https:\/\/uelzener.de\/magazin\/#\/schema\/logo\/image\/\",\"url\":\"https:\/\/uelzener.de\/magazin\/app\/uploads\/2024\/11\/uelzener_allgemeine_versicherungsgesellschaft_a_g_logo.jpg\",\"contentUrl\":\"https:\/\/uelzener.de\/magazin\/app\/uploads\/2024\/11\/uelzener_allgemeine_versicherungsgesellschaft_a_g_logo.jpg\",\"width\":200,\"height\":200,\"caption\":\"Uelzener Versicherungen\"},\"image\":{\"@id\":\"https:\/\/uelzener.de\/magazin\/#\/schema\/logo\/image\/\"},\"sameAs\":[\"https:\/\/www.facebook.com\/Uelzener\",\"https:\/\/instagram.com\/uelzener\",\"https:\/\/www.xing.com\/pages\/uelzenerallgemeineversicherungs-gesellschafta-g\",\"https:\/\/www.youtube.com\/UelzenerVersicherungen\"]}]}<\/script>\n<!-- \/ Yoast SEO Premium plugin. -->","yoast_head_json":{"title":"Mit der Katze spazieren gehen | Uelzener","description":"Mit der Wohnungskatze spazieren gehen \u2713 Vorbereitung \u2713 Vorteile & Nachteile \u2713 Alternativen \u25b6 Hier mehr erfahren!","robots":{"index":"index","follow":"follow","max-snippet":"max-snippet:-1","max-image-preview":"max-image-preview:large","max-video-preview":"max-video-preview:-1"},"canonical":"https:\/\/uelzener.de\/magazin\/katze\/erziehung-und-training\/mit-der-katze-spazieren-gehen\/","og_locale":"de_DE","og_type":"article","og_title":"Mit der Katze spazieren gehen","og_description":"Mit der Wohnungskatze spazieren gehen \u2713 Vorbereitung \u2713 Vorteile & Nachteile \u2713 Alternativen \u25b6 Hier mehr erfahren!","og_url":"https:\/\/uelzener.de\/magazin\/katze\/erziehung-und-training\/mit-der-katze-spazieren-gehen\/","og_site_name":"Uelzener Tier-Magazin","article_publisher":"https:\/\/www.facebook.com\/Uelzener","article_modified_time":"2024-03-12T10:39:32+00:00","og_image":[{"width":1024,"height":450,"url":"https:\/\/uelzener.de\/magazin\/app\/uploads\/2022\/05\/Mit-der-Katze-spazieren-gehen.jpg","type":"image\/jpeg"}],"twitter_card":"summary_large_image","twitter_misc":{"Gesch\u00e4tzte Lesezeit":"6\u00a0Minuten"},"schema":{"@context":"https:\/\/schema.org","@graph":[{"@type":"WebPage","@id":"https:\/\/uelzener.de\/magazin\/katze\/erziehung-und-training\/mit-der-katze-spazieren-gehen\/","url":"https:\/\/uelzener.de\/magazin\/katze\/erziehung-und-training\/mit-der-katze-spazieren-gehen\/","name":"Mit der Katze spazieren gehen | Uelzener","isPartOf":{"@id":"https:\/\/uelzener.de\/magazin\/#website"},"primaryImageOfPage":{"@id":"https:\/\/uelzener.de\/magazin\/katze\/erziehung-und-training\/mit-der-katze-spazieren-gehen\/#primaryimage"},"image":{"@id":"https:\/\/uelzener.de\/magazin\/katze\/erziehung-und-training\/mit-der-katze-spazieren-gehen\/#primaryimage"},"thumbnailUrl":"https:\/\/uelzener.de\/magazin\/app\/uploads\/2022\/05\/Mit-der-Katze-spazieren-gehen.jpg","datePublished":"2022-05-22T10:22:05+00:00","dateModified":"2024-03-12T10:39:32+00:00","description":"Mit der Wohnungskatze spazieren gehen \u2713 Vorbereitung \u2713 Vorteile & Nachteile \u2713 Alternativen \u25b6 Hier mehr erfahren!","breadcrumb":{"@id":"https:\/\/uelzener.de\/magazin\/katze\/erziehung-und-training\/mit-der-katze-spazieren-gehen\/#breadcrumb"},"inLanguage":"de","potentialAction":[{"@type":"ReadAction","target":["https:\/\/uelzener.de\/magazin\/katze\/erziehung-und-training\/mit-der-katze-spazieren-gehen\/"]}]},{"@type":"ImageObject","inLanguage":"de","@id":"https:\/\/uelzener.de\/magazin\/katze\/erziehung-und-training\/mit-der-katze-spazieren-gehen\/#primaryimage","url":"https:\/\/uelzener.de\/magazin\/app\/uploads\/2022\/05\/Mit-der-Katze-spazieren-gehen.jpg","contentUrl":"https:\/\/uelzener.de\/magazin\/app\/uploads\/2022\/05\/Mit-der-Katze-spazieren-gehen.jpg","width":1024,"height":450,"caption":"Katze mit einem Katzengeschirr auf gr\u00fcner Wiese, sie geht spazieren."},{"@type":"WebSite","@id":"https:\/\/uelzener.de\/magazin\/#website","url":"https:\/\/uelzener.de\/magazin\/","name":"Uelzener Tiermagazin","description":"Online Tierratgeber der Uelzener Versicherungen","publisher":{"@id":"https:\/\/uelzener.de\/magazin\/#organization"},"potentialAction":[{"@type":"SearchAction","target":{"@type":"EntryPoint","urlTemplate":"https:\/\/uelzener.de\/magazin\/?s={search_term_string}"},"query-input":{"@type":"PropertyValueSpecification","valueRequired":true,"valueName":"search_term_string"}}],"inLanguage":"de"},{"@type":"Organization","@id":"https:\/\/uelzener.de\/magazin\/#organization","name":"Uelzener Versicherungen","url":"https:\/\/uelzener.de\/magazin\/","logo":{"@type":"ImageObject","inLanguage":"de","@id":"https:\/\/uelzener.de\/magazin\/#\/schema\/logo\/image\/","url":"https:\/\/uelzener.de\/magazin\/app\/uploads\/2024\/11\/uelzener_allgemeine_versicherungsgesellschaft_a_g_logo.jpg","contentUrl":"https:\/\/uelzener.de\/magazin\/app\/uploads\/2024\/11\/uelzener_allgemeine_versicherungsgesellschaft_a_g_logo.jpg","width":200,"height":200,"caption":"Uelzener Versicherungen"},"image":{"@id":"https:\/\/uelzener.de\/magazin\/#\/schema\/logo\/image\/"},"sameAs":["https:\/\/www.facebook.com\/Uelzener","https:\/\/instagram.com\/uelzener","https:\/\/www.xing.com\/pages\/uelzenerallgemeineversicherungs-gesellschafta-g","https:\/\/www.youtube.com\/UelzenerVersicherungen"]}]}},"_links":{"self":[{"href":"https:\/\/uelzener.de\/magazin\/wp-json\/wp\/v2\/pages\/13416","targetHints":{"allow":["GET"]}}],"collection":[{"href":"https:\/\/uelzener.de\/magazin\/wp-json\/wp\/v2\/pages"}],"about":[{"href":"https:\/\/uelzener.de\/magazin\/wp-json\/wp\/v2\/types\/page"}],"author":[{"embeddable":true,"href":"https:\/\/uelzener.de\/magazin\/wp-json\/wp\/v2\/users\/3"}],"replies":[{"embeddable":true,"href":"https:\/\/uelzener.de\/magazin\/wp-json\/wp\/v2\/comments?post=13416"}],"version-history":[{"count":5,"href":"https:\/\/uelzener.de\/magazin\/wp-json\/wp\/v2\/pages\/13416\/revisions"}],"predecessor-version":[{"id":17168,"href":"https:\/\/uelzener.de\/magazin\/wp-json\/wp\/v2\/pages\/13416\/revisions\/17168"}],"up":[{"embeddable":true,"href":"https:\/\/uelzener.de\/magazin\/wp-json\/wp\/v2\/pages\/11695"}],"wp:featuredmedia":[{"embeddable":true,"href":"https:\/\/uelzener.de\/magazin\/wp-json\/wp\/v2\/media\/13417"}],"wp:attachment":[{"href":"https:\/\/uelzener.de\/magazin\/wp-json\/wp\/v2\/media?parent=13416"}],"curies":[{"name":"wp","href":"https:\/\/api.w.org\/{rel}","templated":true}]}}