{"id":13412,"date":"2022-05-20T11:29:26","date_gmt":"2022-05-20T09:29:26","guid":{"rendered":"https:\/\/uelzener.de\/magazin\/?page_id=13412"},"modified":"2023-10-23T15:44:27","modified_gmt":"2023-10-23T13:44:27","slug":"katze-erbricht-ursachen-gefahren-behandlung","status":"publish","type":"page","link":"https:\/\/uelzener.de\/magazin\/katze\/tiergesundheit\/katze-erbricht-ursachen-gefahren-behandlung\/","title":{"rendered":"Katze erbricht: Ursachen, Gefahren und Behandlung"},"content":{"rendered":"<p>Wenn sich die eigene Katze \u00fcbergibt, ist es normal, dass man sich Sorgen macht. Manchmal w\u00fcrgt die Katze lediglich einen Haarballen hoch, was normal und ungef\u00e4hrlich ist. Erbrechen kann aber auch ernsthafte Ursachen haben. In diesem Beitrag erf\u00e4hrst du, wo die Gefahren liegen und wann du dir Hilfe suchen solltest.<\/p>\n<h2><strong>Anzeichen von \u00dcbelkeit und Erbrechen bei Katzen<\/strong><\/h2>\n<p>Ist einer Katze \u00fcbel, speichelt sie mehr als \u00fcblich und leckt sich die Lippen. Ein \u00fcberm\u00e4\u00dfiges Schlucken f\u00e4llt auf. Beginnt die Katze zu erbrechen, kommt es zu Zuckungen im Magenbereich, sie nickt mit dem Kopf und gibt W\u00fcrgeger\u00e4usche von sich.<\/p>\n<p>Es mag unangenehm sein, das Erbrochene in Augenschein zu nehmen, dennoch lohnt ein Blick darauf. Farbe und Konsistenz geben wertvolle Hinweise auf die Ursache:<\/p>\n<ul>\n<li><strong>Wei\u00dfer Schleim<\/strong> deutet auf eine gereizte Magenschleimhaut hin<\/li>\n<li><strong>Blut<\/strong> zeigt, dass die Magenschleimhaut stark gesch\u00e4digt ist, etwa durch einen Fremdk\u00f6rper oder starken Wurmbefall<\/li>\n<li><strong>Gelblicher Schleim<\/strong> verweist auf eine Entz\u00fcndung des D\u00fcnndarms, in der Regel durch Bakterien oder Viren<\/li>\n<li>Bei <strong>Br\u00f6ckchen<\/strong> handelt es sich um unverdaute Futterreste<\/li>\n<\/ul>\n<h2><strong>Katze erbricht Fell, Gras und Futterresten<\/strong><\/h2>\n<p>Oft ist eine einfache Magenverstimmung die Ursache f\u00fcr Erbrechen. Ausgel\u00f6st werden kann die Magenverstimmung, wenn eine Katze ihr Futter zu schnell herunterschlingt, sich \u00fcberfrisst oder schwer Vertr\u00e4gliches wie Kuhmilch zu sich nimmt. Auch eine Futterumstellung kann den Magen einer Katze \u00fcberlasten. Zudem ist auch m\u00f6glich, dass Futtermittelallergien noch im fortgeschrittenen Alter auftreten, der Katze ebenfalls auf den Magen schlagen und zu Erbrechen f\u00fchren.<\/p>\n<p>Neben Stress als ein weiterer m\u00f6glicher Ausl\u00f6ser f\u00fcr Erbrechen kommt auch die sogenannte Reisekrankheit als Ursache infrage. Es kann sein, dass beispielsweise bei einer Autofahrt der Gleichgewichtssinn durch die ungewohnten Bewegungen gest\u00f6rt wird und sich das Haustier erbricht \u2013 nach oder schon w\u00e4hrend der Fahrt. Gl\u00fccklicherweise gibt es f\u00fcr Katzen Medikamente, mit denen sich diese Form der \u00dcbelkeit behandeln l\u00e4sst.<\/p>\n<p>Hat die Katze Gras gefressen, kann das ebenfalls zu Erbrechen f\u00fchren. Das ist kein Grund zur Sorge, denn Katzen fressen Gras ganz bewusst. Sie stimulieren damit gezielt das Erbrechen, um unverdauliche Haarballen hochw\u00fcrgen zu k\u00f6nnen.<\/p>\n<p>\u00dcbergibt sich eine Katze einmalig und liegt einer der aufgef\u00fchrten Gr\u00fcnde nahe, besteht in der Regel keine Gefahr f\u00fcr das Tier. In jedem Fall ist es jedoch ratsam, den Ursachen auf den Grund zu gehen. Ist unklar, was zum Erbrechen gef\u00fchrt hat, ist zu empfehlen, die Tier\u00e4rztin oder den Tierarzt aufzusuchen.<\/p>\n<h2><strong>Katze kotzt: Krankheiten und Parasiten als Ausl\u00f6ser<\/strong><\/h2>\n<p>Erbrechen kann auch ein Symptom vieler ernsthafter Erkrankungen der Katze sein. Die Feline Panleukopenie (FPV), auch Katzenseuche genannt, ist eine hoch ansteckende Viruskrankheit. Insbesondere f\u00fcr junge K\u00e4tzchen und ungeimpfte Tiere kann der Krankheitsverlauf t\u00f6dlich enden. Neben Erbrechen sind Bauchschmerzen und Durchfall, der auch blutig sein kann, sowie Teilnahmslosigkeit Symptome dieser Krankheit. Damit deine Katze bestm\u00f6glich gesch\u00fctzt ist, solltest du darauf achten, dass deine <a href=\"https:\/\/uelzener.de\/magazin\/katze\/tiergesundheit\/katzen-impfungen\/\">Katze alle Impfungen<\/a> hat.<\/p>\n<p>Besteht der Verdacht auf Katzenseuche, muss das Tier unbedingt umgehend isoliert werden.<\/p>\n<p>Das Erbrechen kann auch ein erstes Symptom f\u00fcr eine Entz\u00fcndung der Bauchspeicheldr\u00fcse oder im Darmbereich sein. Oder f\u00fcr einen Harnstau, der sich zus\u00e4tzlich durch tr\u00f6pfelnden Urin bemerkbar macht. Unter Umst\u00e4nden ist Erbrechen auch ein Anzeichen f\u00fcr eine sich ank\u00fcndigende <a href=\"https:\/\/uelzener.de\/magazin\/katze\/tiergesundheit\/diabetes-bei-katzen\/\">Diabetes bei deiner Katze<\/a> oder eine chronische Erkrankung von Leber und Niere.<\/p>\n<p>F\u00e4ngt die Katze \u00f6fter V\u00f6gel oder M\u00e4use, steigt ihr Risiko, dass sie \u00fcber diesen Weg von Parasiten befallen sein k\u00f6nnte. W\u00fcrmer sind dann h\u00e4ufig in Kot oder Erbrochenem zu erkennen. Die Ausscheidungen sollten tier\u00e4rztlich untersucht werden. Zus\u00e4tzlich treten in der Regel Symptome wie <a href=\"https:\/\/uelzener.de\/magazin\/katze\/tiergesundheit\/katze-durchfall-verdauung\/\">Durchfall<\/a> oder Gewichtsverlust auf.<\/p>\n<p>Zeigen sich mehrere Symptome gleichzeitig oder mehrfach in kurzem Abstand, sollte sp\u00e4testens nach zw\u00f6lf Stunden ein Tierarzt oder eine Tier\u00e4rztin die Katze untersuchen. Bei jungen K\u00e4tzchen, Senioren, chronisch kranken Tieren und insbesondere bei Harnstau gilt es schneller zu handeln. Mit der \u00e4rztlichen Behandlung ist sichergestellt, dass das Tier vor Austrocknung (Dehydration), weiterer \u00dcbelkeit und zus\u00e4tzlichen Schmerzen bewahrt wird.<\/p>\n<h2><strong>Die Katze erbricht durch Fremdk\u00f6rper oder Vergiftung<\/strong><\/h2>\n<p>Es kommt zuweilen vor, dass Katzen eine Schnur oder F\u00e4den, Knochenst\u00fccke anderer Tiere oder Kleinteile wie Bausteine oder Batterien verschlucken. Die Fremdk\u00f6rper k\u00f6nnen den Magen zuschn\u00fcren, perforieren oder reizen und die Katze kann mit Erbrechen reagieren. Wer versucht, eine Schnur selbst wieder herausziehen, kann damit weitere Verletzungen bei der Katze verursachen.<\/p>\n<p>Es gibt viele <a href=\"https:\/\/uelzener.de\/magazin\/katze\/tiergesundheit\/giftige-pflanzen-fuer-katzen\/\">giftige Pflanzen f\u00fcr deine Katze<\/a> und auch Nahrungsmittel wie <a href=\"https:\/\/uelzener.de\/magazin\/katze\/ernaehrung\/katze-schokolade\/\">Schokolade<\/a> Medikamente, die dazu f\u00fchren, dass deine Katze kotzt. Je nach Dosis reagiert die Katze zuerst mit \u00dcbelkeit und Erbrechen. Hier zeigt sich die positive Wirkung vom Erbrechen \u2013 als eine Reaktion des K\u00f6rpers, sch\u00e4dliche Stoffe wieder auszusto\u00dfen. Es kann aber auch zu Kr\u00e4mpfen und Atemproblemen sowie zu inneren Blutungen kommen.<\/p>\n<p>Immer wenn eine Katze etwas Gef\u00e4hrliches verschluckt haben k\u00f6nnte, geh\u00f6rt sie z\u00fcgig in tier\u00e4rztliche Behandlung.<\/p>\n<h2><strong>Wie kann ich der Katze zu Hause helfen?<\/strong><\/h2>\n<p>Du siehst, deine Katze \u00fcbergibt sich, dann solltest du ihr ausreichend Wasser anbieten und Ruhe g\u00f6nnen. Zudem sollte die Katze Schonkost bekommen. So wird der gereizte Magen des Tieres nicht zu sehr belastet und die Katze kann das Futter besser bei sich behalten. Geeignet sind gekochter Fisch, gekochte H\u00fchnerbrust, gekochtes Ei, in Wasser gekochter Milchreis oder gekochte Nudeln.<\/p>\n<p>F\u00fcr den Besuch bei der Tier\u00e4rztin oder dem Tierarzt ist eine gute Vorbereitung hilfreich. Wichtig f\u00fcr die Aufnahme der Krankengeschichte und die Diagnose sind vor allem Informationen, wann und wie h\u00e4ufig die Katze erbrochen und wann sie zuletzt gefressen hat. Auch ihr Impfstatus wird abgefragt. Solltest du daher unbedingt eine\u00a0<a href=\"https:\/\/uelzener.de\/magazin\/katze\/haeufige-fragen\/katze-versichern-ja-oder-nein\/\">Katzenversicherung abschlie\u00dfen, ja oder nein<\/a>?\u00a0Da beim Tierarzt hohe Kosten entstehen k\u00f6nnen, solltest du eine gute Katzen-Versicherung abschlie\u00dfen, die die Kosten deckt.<\/p>\n\n<div class=\"banner\">\n    <a href=\"https:\/\/uelzener.de\/katze?agt=0000104925&sem=true&utm_medium=magazin&utm_source=wordpress&utm_campaign=katze&utm_content=banner\">\n        <img decoding=\"async\" width=\"300\" height=\"212\" src=\"https:\/\/uelzener.de\/magazin\/app\/uploads\/2025\/01\/Katzenversicherung.jpg\" class=\"attachment-medium size-medium\" alt=\"Banner Katzenversicherung\" \/>    <\/a>\n<\/div>\n\n<h2>Checkliste: Wann empfiehlt sich tier\u00e4rztliche Hilfe?<\/h2>\n<ul>\n<li>Mehrmaliges Erbrechen in wenigen Stunden<\/li>\n<li>Erbrechen nach dem Fressen<\/li>\n<li>Es findet sich Blut im Erbrochenen<\/li>\n<li>Es findet sich wei\u00dfer oder gelblicher Schleim im Erbrochenen<\/li>\n<li>Es finden sich W\u00fcrmer im Erbrochenen<\/li>\n<li>Die Katze wird schw\u00e4cher und lethargischer<\/li>\n<li>Die Katze frisst oder trinkt nicht<\/li>\n<li>Es tritt auch nach zw\u00f6lf Stunden keine Besserung ein<\/li>\n<li>Das Erbrechen tritt h\u00e4ufiger im Monat auf<\/li>\n<li>Die Katze hat zus\u00e4tzliche Symptome wie Durchfall<\/li>\n<\/ul>\n<h2><strong>Erbrechen bei Katzen vorbeugen <\/strong><\/h2>\n<p>Alle Risiken f\u00fcr Erbrechen lassen sich leider nicht verhindern, aber einschr\u00e4nken. So bietet es sich an, das Fell der Katze regelm\u00e4\u00dfig zu b\u00fcrsten und lose Haare zu entfernen. Giftige Zimmerpflanzen sollten nicht in Reichweite der Katze sein und Reinigungs-, Desinfektionsmittel und Rattengift geh\u00f6ren in einen verschlossenen Schrank. Dasselbe gilt f\u00fcr Medikamente. Liegt die Ursache f\u00fcr das Erbrechen in zu schnellem Fressen, k\u00f6nnen sogenannte Anti-Schling-N\u00e4pfe oder Futter-Spielzeuge, die es im Zoofachhandel gibt, helfen. Impfungen und Wurmkuren verhindern zudem ernsthafte Erkrankungen, die unter anderem Erbrechen als Symptom aufweisen.<\/p>\n<h2><strong>Katze erbricht: Wie helfen?<\/strong><\/h2>\n<p>Wenn du dich gut um deine Katze k\u00fcmmerst, ihr Verhalten beobachtest und das Erbrochene in Augenschein nimmst, kannst du schnell einsch\u00e4tzen, ob es f\u00fcr die Katze gef\u00e4hrlich ist, wenn sie sich erbricht. Im Zweifel gilt immer: Besser den Tierarzt oder die Tier\u00e4rztin aufsuchen, als die Gesundheit des geliebten Haustiers zu gef\u00e4hrden.<\/p>\n<h2><strong>FAQ: H\u00e4ufig gestellte Fragen<\/strong><\/h2>\n<h3><strong>Ist Erbrechen bei Katzen normal?<\/strong><\/h3>\n<p>Es kommt ganz auf die Ursache drauf an. Wenn deine Katze Haarballen erbricht, ist es normal. Sollte sich deine Katze \u00fcber einen l\u00e4ngeren Zeitraum \u00fcbergeben, kann es auch ein Anzeichen f\u00fcr eine Erkrankung sein.<\/p>\n<h3><strong>Was k\u00f6nnen Ursachen vom Spucken bei meiner Katze sein?<\/strong><\/h3>\n<p>Ursachen f\u00fcr das Erbrechen deiner Katze k\u00f6nnten sein, dass sie zu viele Haare im Magen hat, zu schnell gegessen hat, etwas Falsches gefressen hat oder eine Krankheit vorliegt.<\/p>\n<h3><strong>Erbrechen bei Katzen \u2013 ab wann sollte man zum Tierarzt oder zur Tier\u00e4rztin?<\/strong><\/h3>\n<p>Sollte sich deine Katze \u00fcber einen l\u00e4ngeren Zeitraum \u00fcbergeben oder du keinen m\u00f6glichen Grund nennen kannst, solltest du deinen Tierarzt oder deine Tier\u00e4rztin aufsuchen.<\/p>\n<p>1.136 W\u00f6rter<\/p>\n","protected":false},"excerpt":{"rendered":"<p>Wenn sich die eigene Katze \u00fcbergibt, ist es normal, dass man sich Sorgen macht. Manchmal w\u00fcrgt die Katze lediglich einen Haarballen hoch, was normal und ungef\u00e4hrlich ist. Erbrechen kann aber auch ernsthafte Ursachen haben. In diesem Beitrag erf\u00e4hrst du, wo die Gefahren liegen und wann du dir Hilfe suchen solltest. Anzeichen von \u00dcbelkeit und Erbrechen [&hellip;]<\/p>\n","protected":false},"author":3,"featured_media":13413,"parent":11712,"menu_order":42,"comment_status":"closed","ping_status":"closed","template":"templates\/blog.php","meta":{"_acf_changed":false,"_crdt_document":"","footnotes":"","beyondwords_generate_audio":"0","beyondwords_project_id":"","beyondwords_content_id":"","beyondwords_preview_token":"","beyondwords_player_style":"","beyondwords_language_id":"","beyondwords_title_voice_id":"","beyondwords_body_voice_id":"","beyondwords_summary_voice_id":"","beyondwords_error_message":"","beyondwords_disabled":"","beyondwords_delete_content":"","beyondwords_podcast_id":"","beyondwords_hash":"","publish_post_to_speechkit":"","speechkit_hash":"","speechkit_generate_audio":"","speechkit_project_id":"","speechkit_podcast_id":"","speechkit_error_message":"","speechkit_disabled":"","speechkit_access_key":"","speechkit_error":"","speechkit_info":"","speechkit_response":"","speechkit_retries":"","speechkit_status":"","speechkit_updated_at":"","_speechkit_link":"","_speechkit_text":""},"class_list":["post-13412","page","type-page","status-publish","has-post-thumbnail","hentry"],"acf":[],"yoast_head":"<!-- This site is optimized with the Yoast SEO Premium plugin  - https:\/\/yoast.com\/product\/yoast-seo-premium-wordpress\/ -->\n<title>Katze erbricht: Ursachen, Gefahren und Behandlung \u2013 Uelzener<\/title>\n<meta name=\"description\" content=\"Wenn sich deine Katze erbricht, gibt es viele Ursachen \u2713 Krankheiten \u2713 Behandlung \u25b6 Erfahre hier alles, was du wissen musst!\" \/>\n<meta name=\"robots\" content=\"index, follow, max-snippet:-1, max-image-preview:large, max-video-preview:-1\" \/>\n<link rel=\"canonical\" href=\"https:\/\/uelzener.de\/magazin\/katze\/tiergesundheit\/katze-erbricht-ursachen-gefahren-behandlung\/\" \/>\n<meta property=\"og:locale\" content=\"de_DE\" \/>\n<meta property=\"og:type\" content=\"article\" \/>\n<meta property=\"og:title\" content=\"Katze erbricht: Ursachen, Gefahren und Behandlung\" \/>\n<meta property=\"og:description\" content=\"Wenn sich deine Katze erbricht, gibt es viele Ursachen \u2713 Krankheiten \u2713 Behandlung \u25b6 Erfahre hier alles, was du wissen musst!\" \/>\n<meta property=\"og:url\" content=\"https:\/\/uelzener.de\/magazin\/katze\/tiergesundheit\/katze-erbricht-ursachen-gefahren-behandlung\/\" \/>\n<meta property=\"og:site_name\" content=\"Uelzener Tier-Magazin\" \/>\n<meta property=\"article:publisher\" content=\"https:\/\/www.facebook.com\/Uelzener\" \/>\n<meta property=\"article:modified_time\" content=\"2023-10-23T13:44:27+00:00\" \/>\n<meta property=\"og:image\" content=\"https:\/\/uelzener.de\/magazin\/app\/uploads\/2022\/05\/Katze-uebergibt-sich.jpg\" \/>\n\t<meta property=\"og:image:width\" content=\"1024\" \/>\n\t<meta property=\"og:image:height\" content=\"450\" \/>\n\t<meta property=\"og:image:type\" content=\"image\/jpeg\" \/>\n<meta name=\"twitter:card\" content=\"summary_large_image\" \/>\n<meta name=\"twitter:label1\" content=\"Gesch\u00e4tzte Lesezeit\" \/>\n\t<meta name=\"twitter:data1\" content=\"6\u00a0Minuten\" \/>\n<script type=\"application\/ld+json\" class=\"yoast-schema-graph\">{\"@context\":\"https:\/\/schema.org\",\"@graph\":[{\"@type\":\"WebPage\",\"@id\":\"https:\/\/uelzener.de\/magazin\/katze\/tiergesundheit\/katze-erbricht-ursachen-gefahren-behandlung\/\",\"url\":\"https:\/\/uelzener.de\/magazin\/katze\/tiergesundheit\/katze-erbricht-ursachen-gefahren-behandlung\/\",\"name\":\"Katze erbricht: Ursachen, Gefahren und Behandlung \u2013 Uelzener\",\"isPartOf\":{\"@id\":\"https:\/\/uelzener.de\/magazin\/#website\"},\"primaryImageOfPage\":{\"@id\":\"https:\/\/uelzener.de\/magazin\/katze\/tiergesundheit\/katze-erbricht-ursachen-gefahren-behandlung\/#primaryimage\"},\"image\":{\"@id\":\"https:\/\/uelzener.de\/magazin\/katze\/tiergesundheit\/katze-erbricht-ursachen-gefahren-behandlung\/#primaryimage\"},\"thumbnailUrl\":\"https:\/\/uelzener.de\/magazin\/app\/uploads\/2022\/05\/Katze-uebergibt-sich.jpg\",\"datePublished\":\"2022-05-20T09:29:26+00:00\",\"dateModified\":\"2023-10-23T13:44:27+00:00\",\"description\":\"Wenn sich deine Katze erbricht, gibt es viele Ursachen \u2713 Krankheiten \u2713 Behandlung \u25b6 Erfahre hier alles, was du wissen musst!\",\"breadcrumb\":{\"@id\":\"https:\/\/uelzener.de\/magazin\/katze\/tiergesundheit\/katze-erbricht-ursachen-gefahren-behandlung\/#breadcrumb\"},\"inLanguage\":\"de\",\"potentialAction\":[{\"@type\":\"ReadAction\",\"target\":[\"https:\/\/uelzener.de\/magazin\/katze\/tiergesundheit\/katze-erbricht-ursachen-gefahren-behandlung\/\"]}]},{\"@type\":\"ImageObject\",\"inLanguage\":\"de\",\"@id\":\"https:\/\/uelzener.de\/magazin\/katze\/tiergesundheit\/katze-erbricht-ursachen-gefahren-behandlung\/#primaryimage\",\"url\":\"https:\/\/uelzener.de\/magazin\/app\/uploads\/2022\/05\/Katze-uebergibt-sich.jpg\",\"contentUrl\":\"https:\/\/uelzener.de\/magazin\/app\/uploads\/2022\/05\/Katze-uebergibt-sich.jpg\",\"width\":1024,\"height\":450,\"caption\":\"Kranke Katze in Decke gekuschelt, geht es schlecht sie erbricht sich.\"},{\"@type\":\"WebSite\",\"@id\":\"https:\/\/uelzener.de\/magazin\/#website\",\"url\":\"https:\/\/uelzener.de\/magazin\/\",\"name\":\"Uelzener Tiermagazin\",\"description\":\"Online Tierratgeber der Uelzener Versicherungen\",\"publisher\":{\"@id\":\"https:\/\/uelzener.de\/magazin\/#organization\"},\"potentialAction\":[{\"@type\":\"SearchAction\",\"target\":{\"@type\":\"EntryPoint\",\"urlTemplate\":\"https:\/\/uelzener.de\/magazin\/?s={search_term_string}\"},\"query-input\":{\"@type\":\"PropertyValueSpecification\",\"valueRequired\":true,\"valueName\":\"search_term_string\"}}],\"inLanguage\":\"de\"},{\"@type\":\"Organization\",\"@id\":\"https:\/\/uelzener.de\/magazin\/#organization\",\"name\":\"Uelzener Versicherungen\",\"url\":\"https:\/\/uelzener.de\/magazin\/\",\"logo\":{\"@type\":\"ImageObject\",\"inLanguage\":\"de\",\"@id\":\"https:\/\/uelzener.de\/magazin\/#\/schema\/logo\/image\/\",\"url\":\"https:\/\/uelzener.de\/magazin\/app\/uploads\/2024\/11\/uelzener_allgemeine_versicherungsgesellschaft_a_g_logo.jpg\",\"contentUrl\":\"https:\/\/uelzener.de\/magazin\/app\/uploads\/2024\/11\/uelzener_allgemeine_versicherungsgesellschaft_a_g_logo.jpg\",\"width\":200,\"height\":200,\"caption\":\"Uelzener Versicherungen\"},\"image\":{\"@id\":\"https:\/\/uelzener.de\/magazin\/#\/schema\/logo\/image\/\"},\"sameAs\":[\"https:\/\/www.facebook.com\/Uelzener\",\"https:\/\/instagram.com\/uelzener\",\"https:\/\/www.xing.com\/pages\/uelzenerallgemeineversicherungs-gesellschafta-g\",\"https:\/\/www.youtube.com\/UelzenerVersicherungen\"]}]}<\/script>\n<!-- \/ Yoast SEO Premium plugin. -->","yoast_head_json":{"title":"Katze erbricht: Ursachen, Gefahren und Behandlung \u2013 Uelzener","description":"Wenn sich deine Katze erbricht, gibt es viele Ursachen \u2713 Krankheiten \u2713 Behandlung \u25b6 Erfahre hier alles, was du wissen musst!","robots":{"index":"index","follow":"follow","max-snippet":"max-snippet:-1","max-image-preview":"max-image-preview:large","max-video-preview":"max-video-preview:-1"},"canonical":"https:\/\/uelzener.de\/magazin\/katze\/tiergesundheit\/katze-erbricht-ursachen-gefahren-behandlung\/","og_locale":"de_DE","og_type":"article","og_title":"Katze erbricht: Ursachen, Gefahren und Behandlung","og_description":"Wenn sich deine Katze erbricht, gibt es viele Ursachen \u2713 Krankheiten \u2713 Behandlung \u25b6 Erfahre hier alles, was du wissen musst!","og_url":"https:\/\/uelzener.de\/magazin\/katze\/tiergesundheit\/katze-erbricht-ursachen-gefahren-behandlung\/","og_site_name":"Uelzener Tier-Magazin","article_publisher":"https:\/\/www.facebook.com\/Uelzener","article_modified_time":"2023-10-23T13:44:27+00:00","og_image":[{"width":1024,"height":450,"url":"https:\/\/uelzener.de\/magazin\/app\/uploads\/2022\/05\/Katze-uebergibt-sich.jpg","type":"image\/jpeg"}],"twitter_card":"summary_large_image","twitter_misc":{"Gesch\u00e4tzte Lesezeit":"6\u00a0Minuten"},"schema":{"@context":"https:\/\/schema.org","@graph":[{"@type":"WebPage","@id":"https:\/\/uelzener.de\/magazin\/katze\/tiergesundheit\/katze-erbricht-ursachen-gefahren-behandlung\/","url":"https:\/\/uelzener.de\/magazin\/katze\/tiergesundheit\/katze-erbricht-ursachen-gefahren-behandlung\/","name":"Katze erbricht: Ursachen, Gefahren und Behandlung \u2013 Uelzener","isPartOf":{"@id":"https:\/\/uelzener.de\/magazin\/#website"},"primaryImageOfPage":{"@id":"https:\/\/uelzener.de\/magazin\/katze\/tiergesundheit\/katze-erbricht-ursachen-gefahren-behandlung\/#primaryimage"},"image":{"@id":"https:\/\/uelzener.de\/magazin\/katze\/tiergesundheit\/katze-erbricht-ursachen-gefahren-behandlung\/#primaryimage"},"thumbnailUrl":"https:\/\/uelzener.de\/magazin\/app\/uploads\/2022\/05\/Katze-uebergibt-sich.jpg","datePublished":"2022-05-20T09:29:26+00:00","dateModified":"2023-10-23T13:44:27+00:00","description":"Wenn sich deine Katze erbricht, gibt es viele Ursachen \u2713 Krankheiten \u2713 Behandlung \u25b6 Erfahre hier alles, was du wissen musst!","breadcrumb":{"@id":"https:\/\/uelzener.de\/magazin\/katze\/tiergesundheit\/katze-erbricht-ursachen-gefahren-behandlung\/#breadcrumb"},"inLanguage":"de","potentialAction":[{"@type":"ReadAction","target":["https:\/\/uelzener.de\/magazin\/katze\/tiergesundheit\/katze-erbricht-ursachen-gefahren-behandlung\/"]}]},{"@type":"ImageObject","inLanguage":"de","@id":"https:\/\/uelzener.de\/magazin\/katze\/tiergesundheit\/katze-erbricht-ursachen-gefahren-behandlung\/#primaryimage","url":"https:\/\/uelzener.de\/magazin\/app\/uploads\/2022\/05\/Katze-uebergibt-sich.jpg","contentUrl":"https:\/\/uelzener.de\/magazin\/app\/uploads\/2022\/05\/Katze-uebergibt-sich.jpg","width":1024,"height":450,"caption":"Kranke Katze in Decke gekuschelt, geht es schlecht sie erbricht sich."},{"@type":"WebSite","@id":"https:\/\/uelzener.de\/magazin\/#website","url":"https:\/\/uelzener.de\/magazin\/","name":"Uelzener Tiermagazin","description":"Online Tierratgeber der Uelzener Versicherungen","publisher":{"@id":"https:\/\/uelzener.de\/magazin\/#organization"},"potentialAction":[{"@type":"SearchAction","target":{"@type":"EntryPoint","urlTemplate":"https:\/\/uelzener.de\/magazin\/?s={search_term_string}"},"query-input":{"@type":"PropertyValueSpecification","valueRequired":true,"valueName":"search_term_string"}}],"inLanguage":"de"},{"@type":"Organization","@id":"https:\/\/uelzener.de\/magazin\/#organization","name":"Uelzener Versicherungen","url":"https:\/\/uelzener.de\/magazin\/","logo":{"@type":"ImageObject","inLanguage":"de","@id":"https:\/\/uelzener.de\/magazin\/#\/schema\/logo\/image\/","url":"https:\/\/uelzener.de\/magazin\/app\/uploads\/2024\/11\/uelzener_allgemeine_versicherungsgesellschaft_a_g_logo.jpg","contentUrl":"https:\/\/uelzener.de\/magazin\/app\/uploads\/2024\/11\/uelzener_allgemeine_versicherungsgesellschaft_a_g_logo.jpg","width":200,"height":200,"caption":"Uelzener Versicherungen"},"image":{"@id":"https:\/\/uelzener.de\/magazin\/#\/schema\/logo\/image\/"},"sameAs":["https:\/\/www.facebook.com\/Uelzener","https:\/\/instagram.com\/uelzener","https:\/\/www.xing.com\/pages\/uelzenerallgemeineversicherungs-gesellschafta-g","https:\/\/www.youtube.com\/UelzenerVersicherungen"]}]}},"_links":{"self":[{"href":"https:\/\/uelzener.de\/magazin\/wp-json\/wp\/v2\/pages\/13412","targetHints":{"allow":["GET"]}}],"collection":[{"href":"https:\/\/uelzener.de\/magazin\/wp-json\/wp\/v2\/pages"}],"about":[{"href":"https:\/\/uelzener.de\/magazin\/wp-json\/wp\/v2\/types\/page"}],"author":[{"embeddable":true,"href":"https:\/\/uelzener.de\/magazin\/wp-json\/wp\/v2\/users\/3"}],"replies":[{"embeddable":true,"href":"https:\/\/uelzener.de\/magazin\/wp-json\/wp\/v2\/comments?post=13412"}],"version-history":[{"count":8,"href":"https:\/\/uelzener.de\/magazin\/wp-json\/wp\/v2\/pages\/13412\/revisions"}],"predecessor-version":[{"id":16459,"href":"https:\/\/uelzener.de\/magazin\/wp-json\/wp\/v2\/pages\/13412\/revisions\/16459"}],"up":[{"embeddable":true,"href":"https:\/\/uelzener.de\/magazin\/wp-json\/wp\/v2\/pages\/11712"}],"wp:featuredmedia":[{"embeddable":true,"href":"https:\/\/uelzener.de\/magazin\/wp-json\/wp\/v2\/media\/13413"}],"wp:attachment":[{"href":"https:\/\/uelzener.de\/magazin\/wp-json\/wp\/v2\/media?parent=13412"}],"curies":[{"name":"wp","href":"https:\/\/api.w.org\/{rel}","templated":true}]}}