{"id":13407,"date":"2022-05-11T12:11:56","date_gmt":"2022-05-11T10:11:56","guid":{"rendered":"https:\/\/uelzener.de\/magazin\/?page_id=13407"},"modified":"2024-07-01T15:49:50","modified_gmt":"2024-07-01T13:49:50","slug":"vertrauen-vom-pferd-erkennen-so-zeigen-sie-ihr-vertrauen","status":"publish","type":"page","link":"https:\/\/uelzener.de\/magazin\/pferd\/haeufige-fragen\/vertrauen-vom-pferd-erkennen-so-zeigen-sie-ihr-vertrauen\/","title":{"rendered":"Vertrauen vom Pferd erkennen: So zeigen sie ihr Vertrauen"},"content":{"rendered":"<p>Grunds\u00e4tzlich zeigen Pferde ihr Vertrauen durch die Zuneigung, die sie dem Menschen entgegenbringen. Wenn sich dein Pferd bei dir sicher f\u00fchlt, dann dr\u00fcckt es das mit vielen, oft unscheinbar wirkenden Gesten aus. Damit du die K\u00f6rpersprache deines Pferdes besser einordnen und verstehen kannst, zeigen wir dir in diesem Beitrag welche Gesten das Vertrauen deines Pferdes ausdr\u00fccken.<\/p>\n<h2>Beim Pferd Vertrauen aufbauen \u2013 so entsteht die Bindung<\/h2>\n<p>Wer bereits viel Zeit mit einem Pferd verbracht hat, wei\u00df, welches Band sich zwischen Mensch und Tier entwickeln kann. Egal, ob du Turniere reitest, eher im Freizeitbereich unterwegs bist oder dein Pferd nur vom Boden aus betreust \u2013 <strong>Ruhe und Zeit sind die Basis f\u00fcr eine vertrauensvolle Beziehung<\/strong>. Ausgiebiges Putzen, eine entspannende Massage, ein <a href=\"https:\/\/uelzener.de\/magazin\/pferd\/erziehung-und-training\/fuehrtraining-pferd\/\">F\u00fchrungstraining<\/a> oder ein Spaziergang sind gute Alternativen zum Reiten, die Mensch und Pferd oft gleicherma\u00dfen genie\u00dfen. <strong>Je besser du dein Pferd kennst, desto eher kannst du die kleinen Gesten deuten<\/strong>, mit denen dein Tier seine Zuneigung ausdr\u00fcckt. Nat\u00fcrlich ist jedes Pferd ein Individuum, aber es gibt trotzdem ein paar g\u00e4ngige Gesten, wie Pferde ihr Vertrauen ausdr\u00fccken.<\/p>\n<h2>Vertrauen vom Pferd: Das sind typische Gesten<\/h2>\n<ul>\n<li><strong>Das Pferd nimmt eine entspannte K\u00f6rperhaltung an: <\/strong>Pferde sind Fluchttiere. Es liegt also in ihrer Natur, sich st\u00e4ndig nach potenziellen Gefahren umzusehen. F\u00fchlt sich ein Pferd in deiner Gegenwart sicher, \u00e4u\u00dfert sich das in der K\u00f6rperhaltung des Pferdes. Erkennbar ist diese ruhige Pose an mehreren Merkmalen: Die Ohren klappen entspannt zur Seite, die Augen k\u00f6nnen halb geschlossen sein und die Unterlippe h\u00e4ngt locker herab. Der Hals wird gesenkt, vielleicht sogar eines der Hinterbeine entlastet. Um einen Vertrauensbeweis handelt es sich auch, wenn das Tier den Menschen auf beiden Seiten seines eigenen K\u00f6rpers akzeptiert. Denn durch die bessere Verbindung zum Gef\u00fchlszentrum in der rechten Gehirnh\u00e4lfte haben Pferde ihre Reiter:innen allgemein lieber auf ihrer linken Seite.<\/li>\n<li><strong>Das Pferd kann dich gut riechen: <\/strong>Eine Steigerung findet die entspannte Haltung, wenn ein Pferd seinen Kopf auf die Schulter des Menschen In einem solchen Moment k\u00f6nnen die Augen sogar g\u00e4nzlich geschlossen sein. Das Tier atmet ruhig und tief.<\/li>\n<li><strong>Das Pferd folgt aufmerksam:<\/strong> Wenn ein Pferd aktiv N\u00e4he zu seinen Menschen sucht, ist das ebenfalls ein Zeichen f\u00fcr Zuneigung und Vertrauen. Mit einem kleinen Experiment l\u00e4sst sich das testen: Steht das Tier frei in der N\u00e4he und richtet seine Ohren oder gar seinen gesamten Kopf in Richtung Halter:in, kannst du dich umdrehen und langsam weggehen. Wenn das Pferd direkt folgt, zeigt das sein Vertrauen in deine Verl\u00e4sslichkeit und deine F\u00fchrungsqualit\u00e4ten. Denn in der Natur w\u00e4re es f\u00fcr ein Pferd lebensgef\u00e4hrlich, jemandem zu folgen, dem es nicht vertraut. Kommt das Tier nicht hinterher, dann zahlen sich weitere beziehungsf\u00f6rdernde Aktivit\u00e4ten aus: Also statt einer Lektion auf dem Reitplatz lieber einmal mehr gemeinsam spazieren gehen, ausgiebig putzen oder vom Boden aus zusammen einen Geschicklichkeitsparcours bew\u00e4ltigen \u2013 ohne Druck, aber mit viel Lob, wenn etwas gut klappt.<\/li>\n<li><strong>Das Pferd sucht N\u00e4he: <\/strong>Neben dem Folgen kann auch ein generelles Bed\u00fcrfnis nach deiner N\u00e4he Zuneigung ausdr\u00fccken. Egal ob beim Fressen auf der Weide oder beim Spielen: Pferde sind es gewohnt, dass sie sich parallel zueinander positionieren. Setzt es dieses Verhalten auch mit einem Menschen fort, ist das ein gutes Zeichen.<\/li>\n<li><strong>Das Pferd begr\u00fc\u00dft seinen Reiter oder seine Reiterin: <\/strong>Die Begr\u00fc\u00dfung zwischen Mensch und Pferd f\u00e4llt in der Regel sehr individuell aus. Es kommen also verschiedene Gesten in Frage, die dein Pferd machen kann, wenn du in den Stall oder auf die Weide kommst: Manche Pferde brummen etwas, wenn man sich n\u00e4hert. Andere wiehern vielleicht sogar und kommen dem Menschen Wieder andere heben nur den Kopf und gucken erwartungsvoll und mit gespitzten Ohren her\u00fcber. Ein leichtes Anstupsen mit der Nase kann als freundschaftlicher Handschlag betrachtet werden. Wichtig ist hier jedoch zu beachten: Wer zur Begr\u00fc\u00dfung immer Leckerlis dabei hat, wird vermutlich nicht (nur) auf Grund seiner Person willkommen gehei\u00dfen, sondern weil es eine Belohnung gibt. Es ist daher ratsam, auf Leckerlis zugunsten von Beziehungsarbeit zu verzichten oder sie nur sparsam zu geben.<\/li>\n<li><strong>Das Pferd vertraut deinen Kommandos:<\/strong> Egal, ob am Boden oder im Sattel: H\u00f6rt ein Pferd auf deine Hilfen, ist das grunds\u00e4tzlich ein gutes Zeichen. Wenn es sogar deinen Anweisungen folgt, wenn die Situation ungewohnt oder \u00e4ngstigend ist, zeugt das abermals von einer engen Beziehung. N\u00e4hert sich beispielsweise beim Ausritt ein gro\u00dfer Traktor und dein Pferd bleibt brav stehen und senkt sogar den Kopf, dann schenkt es dir damit einen Vertrauensbeweis. Auch beim Verladen in einen H\u00e4nger zeigt sich oft, wie die Bindung zwischen Mensch und Tier ist. Aber selbst bei Alltagst\u00e4tigkeiten im Reitstall wie Satteln oder Hufe auskratzen l\u00e4sst sich die Bereitschaft eines Pferdes, stillzustehen und die Aktivit\u00e4ten mitzumachen, feststellen.<\/li>\n<\/ul>\n<p>Gerade in Kombination von mehreren dieser Merkmale kann <strong>die Zuneigung eines Pferdes relativ sicher abgelesen werden<\/strong>. Sucht das Pferd etwa die N\u00e4he seiner Menschen und wirkt dabei absolut entspannt, dann vertraut es und f\u00fchlt sich sicher in dieser Umgebung.<\/p>\n<h2>Aufdringliches Verhalten ist keine Zuneigung<\/h2>\n<p>Vorsicht ist geboten, wenn <strong>Zuneigung mit \u00fcbergro\u00dfer N\u00e4he verwechselt<\/strong> wird. Jede freundschaftliche Ann\u00e4herung des Pferdes sollte mit <strong>Respekt und Vorsicht<\/strong> erfolgen \u2013 schlie\u00dflich handelt es sich um ein gro\u00dfes Tier mit mehreren Hundert Kilo und harten Hufen. Wer also seinem Pferd erlaubt, sich den Kopf regelm\u00e4\u00dfig mit voller Wucht am Menschen zu schubbern, der riskiert seine eigene Unversehrtheit. Ebenso kann es gef\u00e4hrlich sein, wenn ein Pferd sich beim Putzen hin- und herdreht, ohne den m\u00f6glicherweise deutlich kleineren Menschen neben sich zu beachten.<\/p>\n<h2>Klare Grenzen verbessern das Vertrauen zwischen Pferd und Mensch<\/h2>\n<p>Tats\u00e4chlich vertieft es eher das Band zwischen Mensch und Pferd, wenn du deinem Pferd die Grenzen der Liebesbeweise deutlich aufzeigst. In der Pferdesprache ist es vollkommen normal, das Gegen\u00fcber in Schranken zu weisen und auf einem gewissen respektvollen Abstand zu bestehen. Verh\u00e4lt sich dein Pferd also allzu aufdringlich oder respektlos, dann achte auf deine <strong>K\u00f6rperhaltung und Ausstrahlung<\/strong>. Wer sich gro\u00df macht, vor dem Pferd aufrichtet und es mit einem deutlichen \u201eNein\u201c zur\u00fcckschickt, <strong>erarbeitet sich Respekt<\/strong>. So sollte das Pferd auch beim F\u00fchren den Menschen nicht \u00fcberholen \u2013 das w\u00fcrde sich in der Rangordnung einer Herde ein Tier nur mit einem rangniedrigeren Genossen erlauben. Um das Vertrauen deines Pferdes langfristig zu erhalten, solltest du es immer liebevoll, klar und konsequent, aber niemals mit Androhung von Strafen oder Schmerzen zurechtweisen. Auch <strong>Bodenarbeiten oder Vertrauens\u00fcbungen<\/strong> mit deinem Pferd k\u00f6nnen helfen, die Beziehung zwischen dir und deinem Pferd zu verbessern und das Vertrauen zu st\u00e4rken.<\/p>\n<h2>Fazit: Das Vertrauen des Pferdes muss erarbeitet werden<\/h2>\n<p>Es sind viel Zeit und Geduld vonn\u00f6ten, bis ein Pferd seinen Menschen vertraut und es braucht ebenso viel Aufmerksamkeit, dass die Zeichen der Zuneigung bemerkt werden. Wenn du dir also die Frage stellst, ob dir dein Pferd vertraut, solltest du auf die kleinen Gesten achten und auch selbst Liebe mit in die Beziehung einbringen. Somit kannst du, die Freundschaft zu deinem Pferd jeden Tag ein St\u00fcck mehr festigen.<\/p>\n\n<div class=\"related_articles boxed\">\n    <h2>Mehr zum Thema<\/h2>\n    \n    <div class=\"wrapper\"><div class=\"title align-center\"><h3><a href=\"https:\/\/uelzener.de\/magazin\/pferd\/erziehung-und-training\/horsemanship-mit-dem-pferd-auf-augenhoehe\/\">Horsemanship: Mit dem Pferd auf Augenh\u00f6he<\/a><\/h3><\/div><div class=\"img align-center\"><img decoding=\"async\" width=\"315\" height=\"180\" src=\"https:\/\/uelzener.de\/magazin\/app\/uploads\/2024\/04\/Horsemanship-315x180.jpg\" class=\"attachment-315x180 size-315x180 wp-post-image\" alt=\"Frau Kuschelt ein wei\u00dfes Pferd. Rechts daneben steht ein braunes Pferd.\" \/><\/div><\/div><div class=\"wrapper\"><div class=\"title align-center\"><h3><a href=\"https:\/\/uelzener.de\/magazin\/pferd\/pflege\/pferd-richtig-putzen\/\">Pferd richtig putzen: Wissenswertes rund um die Pflege<\/a><\/h3><\/div><div class=\"img align-center\"><img decoding=\"async\" width=\"315\" height=\"180\" src=\"https:\/\/uelzener.de\/magazin\/app\/uploads\/2024\/06\/pferd-richtig-putzen-315x180.jpg\" class=\"attachment-315x180 size-315x180 wp-post-image\" alt=\"Mann putzt ein Pferd im Freien.\" \/><\/div><\/div><div class=\"wrapper\"><div class=\"title align-center\"><h3><a href=\"https:\/\/uelzener.de\/magazin\/pferd\/pflege\/diy-hufoel-natuerliche-hufpflege-selber-machen\/\">DIY Huf\u00f6l: Nat\u00fcrliche Hufpflege selber machen<\/a><\/h3><\/div><div class=\"img align-center\"><img decoding=\"async\" width=\"315\" height=\"180\" src=\"https:\/\/uelzener.de\/magazin\/app\/uploads\/2024\/06\/hufoel-315x180.jpg\" class=\"attachment-315x180 size-315x180 wp-post-image\" alt=\"Hufen werden mit Huf\u00f6l eingepinselt.\" \/><\/div><\/div><\/div>\n\n<h2>FAQ: H\u00e4ufig gestellte Fragen<\/h2>\n<h3>Wie gewinne ich das Vertrauen meines Pferdes?<\/h3>\n<p>Im Laufe der Zeit baut dein Pferd Vertrauen zu dir auf. Beim Putzen, Massieren, Spazieren und nat\u00fcrlich beim Reiten gewinnt dein Pferd Vertrauen. Dieser Prozess dauert aber nat\u00fcrlich seine Zeit und du solltest Geduld mitbringen.<\/p>\n<h3>Vertraut mir mein Pferd?<\/h3>\n<p>Ob dir dein Pferd vertraut kannst du an bestimmten Gesten festmachen. Wenn dein Pferd deine N\u00e4he sucht, dich begr\u00fc\u00dft oder deinen Kommandos vertraut k\u00f6nnen dies Signale sein, dass es dir vertraut. Dabei ist nat\u00fcrlich jedes Pferd unterschiedlich und so sind auch die Signale bei jedem Pferd unterschiedlich.<\/p>\n<h3>Warum sind Grenzen zwischen Mensch und Pferd gut?<\/h3>\n<p>Grenzen zwischen dir und deinem Pferd f\u00f6rdern das Vertrauen. Du solltest deinem Pferd klar sagen, was es darf und was nicht. Dabei solltest du es nat\u00fcrlich nicht verletzen, aber du solltest in der Beziehung einen h\u00f6heren Rank einnehmen um Gefahren aus dem Weg zu gehen.<\/p>\n","protected":false},"excerpt":{"rendered":"<p>Grunds\u00e4tzlich zeigen Pferde ihr Vertrauen durch die Zuneigung, die sie dem Menschen entgegenbringen. Wenn sich dein Pferd bei dir sicher f\u00fchlt, dann dr\u00fcckt es das mit vielen, oft unscheinbar wirkenden Gesten aus. Damit du die K\u00f6rpersprache deines Pferdes besser einordnen und verstehen kannst, zeigen wir dir in diesem Beitrag welche Gesten das Vertrauen deines Pferdes [&hellip;]<\/p>\n","protected":false},"author":3,"featured_media":13408,"parent":11685,"menu_order":23,"comment_status":"closed","ping_status":"closed","template":"templates\/blog.php","meta":{"_acf_changed":false,"_crdt_document":"","footnotes":"","beyondwords_generate_audio":"","beyondwords_project_id":"","beyondwords_content_id":"","beyondwords_preview_token":"","beyondwords_player_style":"","beyondwords_language_id":"","beyondwords_title_voice_id":"","beyondwords_body_voice_id":"","beyondwords_summary_voice_id":"","beyondwords_error_message":"","beyondwords_disabled":"","beyondwords_delete_content":"","beyondwords_podcast_id":"","beyondwords_hash":"","publish_post_to_speechkit":"","speechkit_hash":"","speechkit_generate_audio":"","speechkit_project_id":"","speechkit_podcast_id":"","speechkit_error_message":"","speechkit_disabled":"","speechkit_access_key":"","speechkit_error":"","speechkit_info":"","speechkit_response":"","speechkit_retries":"","speechkit_status":"","speechkit_updated_at":"","_speechkit_link":"","_speechkit_text":""},"class_list":["post-13407","page","type-page","status-publish","has-post-thumbnail","hentry"],"acf":[],"yoast_head":"<!-- This site is optimized with the Yoast SEO Premium plugin  - https:\/\/yoast.com\/product\/yoast-seo-premium-wordpress\/ -->\n<title>Das Vertrauen beim Pferd erkennen | Uelzener<\/title>\n<meta name=\"description\" content=\"So erkennst du, ob dein Pferd dir vertraut \u2713 Zuneigung mit vielen kleinen Gesten \u2713 typische Gesten \u25b6Hier mehr erfahren!\" \/>\n<meta name=\"robots\" content=\"index, follow, max-snippet:-1, max-image-preview:large, max-video-preview:-1\" \/>\n<link rel=\"canonical\" href=\"https:\/\/uelzener.de\/magazin\/pferd\/haeufige-fragen\/vertrauen-vom-pferd-erkennen-so-zeigen-sie-ihr-vertrauen\/\" \/>\n<meta property=\"og:locale\" content=\"de_DE\" \/>\n<meta property=\"og:type\" content=\"article\" \/>\n<meta property=\"og:title\" content=\"Vertrauen vom Pferd erkennen: So zeigen sie ihr Vertrauen\" \/>\n<meta property=\"og:description\" content=\"So erkennst du, ob dein Pferd dir vertraut \u2713 Zuneigung mit vielen kleinen Gesten \u2713 typische Gesten \u25b6Hier mehr erfahren!\" \/>\n<meta property=\"og:url\" content=\"https:\/\/uelzener.de\/magazin\/pferd\/haeufige-fragen\/vertrauen-vom-pferd-erkennen-so-zeigen-sie-ihr-vertrauen\/\" \/>\n<meta property=\"og:site_name\" content=\"Uelzener Tier-Magazin\" \/>\n<meta property=\"article:publisher\" content=\"https:\/\/www.facebook.com\/Uelzener\" \/>\n<meta property=\"article:modified_time\" content=\"2024-07-01T13:49:50+00:00\" \/>\n<meta property=\"og:image\" content=\"https:\/\/uelzener.de\/magazin\/app\/uploads\/2022\/05\/Vertrauen-beim-Pferd.jpg\" \/>\n\t<meta property=\"og:image:width\" content=\"1024\" \/>\n\t<meta property=\"og:image:height\" content=\"450\" \/>\n\t<meta property=\"og:image:type\" content=\"image\/jpeg\" \/>\n<meta name=\"twitter:card\" content=\"summary_large_image\" \/>\n<meta name=\"twitter:label1\" content=\"Gesch\u00e4tzte Lesezeit\" \/>\n\t<meta name=\"twitter:data1\" content=\"6\u00a0Minuten\" \/>\n<script type=\"application\/ld+json\" class=\"yoast-schema-graph\">{\"@context\":\"https:\/\/schema.org\",\"@graph\":[{\"@type\":\"WebPage\",\"@id\":\"https:\/\/uelzener.de\/magazin\/pferd\/haeufige-fragen\/vertrauen-vom-pferd-erkennen-so-zeigen-sie-ihr-vertrauen\/\",\"url\":\"https:\/\/uelzener.de\/magazin\/pferd\/haeufige-fragen\/vertrauen-vom-pferd-erkennen-so-zeigen-sie-ihr-vertrauen\/\",\"name\":\"Das Vertrauen beim Pferd erkennen | Uelzener\",\"isPartOf\":{\"@id\":\"https:\/\/uelzener.de\/magazin\/#website\"},\"primaryImageOfPage\":{\"@id\":\"https:\/\/uelzener.de\/magazin\/pferd\/haeufige-fragen\/vertrauen-vom-pferd-erkennen-so-zeigen-sie-ihr-vertrauen\/#primaryimage\"},\"image\":{\"@id\":\"https:\/\/uelzener.de\/magazin\/pferd\/haeufige-fragen\/vertrauen-vom-pferd-erkennen-so-zeigen-sie-ihr-vertrauen\/#primaryimage\"},\"thumbnailUrl\":\"https:\/\/uelzener.de\/magazin\/app\/uploads\/2022\/05\/Vertrauen-beim-Pferd.jpg\",\"datePublished\":\"2022-05-11T10:11:56+00:00\",\"dateModified\":\"2024-07-01T13:49:50+00:00\",\"description\":\"So erkennst du, ob dein Pferd dir vertraut \u2713 Zuneigung mit vielen kleinen Gesten \u2713 typische Gesten \u25b6Hier mehr erfahren!\",\"breadcrumb\":{\"@id\":\"https:\/\/uelzener.de\/magazin\/pferd\/haeufige-fragen\/vertrauen-vom-pferd-erkennen-so-zeigen-sie-ihr-vertrauen\/#breadcrumb\"},\"inLanguage\":\"de\",\"potentialAction\":[{\"@type\":\"ReadAction\",\"target\":[\"https:\/\/uelzener.de\/magazin\/pferd\/haeufige-fragen\/vertrauen-vom-pferd-erkennen-so-zeigen-sie-ihr-vertrauen\/\"]}]},{\"@type\":\"ImageObject\",\"inLanguage\":\"de\",\"@id\":\"https:\/\/uelzener.de\/magazin\/pferd\/haeufige-fragen\/vertrauen-vom-pferd-erkennen-so-zeigen-sie-ihr-vertrauen\/#primaryimage\",\"url\":\"https:\/\/uelzener.de\/magazin\/app\/uploads\/2022\/05\/Vertrauen-beim-Pferd.jpg\",\"contentUrl\":\"https:\/\/uelzener.de\/magazin\/app\/uploads\/2022\/05\/Vertrauen-beim-Pferd.jpg\",\"width\":1024,\"height\":450,\"caption\":\"Pferd vertraut Reiterin sie stehen Stirn an Stirn.\"},{\"@type\":\"WebSite\",\"@id\":\"https:\/\/uelzener.de\/magazin\/#website\",\"url\":\"https:\/\/uelzener.de\/magazin\/\",\"name\":\"Uelzener Tiermagazin\",\"description\":\"Online Tierratgeber der Uelzener Versicherungen\",\"publisher\":{\"@id\":\"https:\/\/uelzener.de\/magazin\/#organization\"},\"potentialAction\":[{\"@type\":\"SearchAction\",\"target\":{\"@type\":\"EntryPoint\",\"urlTemplate\":\"https:\/\/uelzener.de\/magazin\/?s={search_term_string}\"},\"query-input\":{\"@type\":\"PropertyValueSpecification\",\"valueRequired\":true,\"valueName\":\"search_term_string\"}}],\"inLanguage\":\"de\"},{\"@type\":\"Organization\",\"@id\":\"https:\/\/uelzener.de\/magazin\/#organization\",\"name\":\"Uelzener Versicherungen\",\"url\":\"https:\/\/uelzener.de\/magazin\/\",\"logo\":{\"@type\":\"ImageObject\",\"inLanguage\":\"de\",\"@id\":\"https:\/\/uelzener.de\/magazin\/#\/schema\/logo\/image\/\",\"url\":\"https:\/\/uelzener.de\/magazin\/app\/uploads\/2024\/11\/uelzener_allgemeine_versicherungsgesellschaft_a_g_logo.jpg\",\"contentUrl\":\"https:\/\/uelzener.de\/magazin\/app\/uploads\/2024\/11\/uelzener_allgemeine_versicherungsgesellschaft_a_g_logo.jpg\",\"width\":200,\"height\":200,\"caption\":\"Uelzener Versicherungen\"},\"image\":{\"@id\":\"https:\/\/uelzener.de\/magazin\/#\/schema\/logo\/image\/\"},\"sameAs\":[\"https:\/\/www.facebook.com\/Uelzener\",\"https:\/\/instagram.com\/uelzener\",\"https:\/\/www.xing.com\/pages\/uelzenerallgemeineversicherungs-gesellschafta-g\",\"https:\/\/www.youtube.com\/UelzenerVersicherungen\"]}]}<\/script>\n<!-- \/ Yoast SEO Premium plugin. -->","yoast_head_json":{"title":"Das Vertrauen beim Pferd erkennen | Uelzener","description":"So erkennst du, ob dein Pferd dir vertraut \u2713 Zuneigung mit vielen kleinen Gesten \u2713 typische Gesten \u25b6Hier mehr erfahren!","robots":{"index":"index","follow":"follow","max-snippet":"max-snippet:-1","max-image-preview":"max-image-preview:large","max-video-preview":"max-video-preview:-1"},"canonical":"https:\/\/uelzener.de\/magazin\/pferd\/haeufige-fragen\/vertrauen-vom-pferd-erkennen-so-zeigen-sie-ihr-vertrauen\/","og_locale":"de_DE","og_type":"article","og_title":"Vertrauen vom Pferd erkennen: So zeigen sie ihr Vertrauen","og_description":"So erkennst du, ob dein Pferd dir vertraut \u2713 Zuneigung mit vielen kleinen Gesten \u2713 typische Gesten \u25b6Hier mehr erfahren!","og_url":"https:\/\/uelzener.de\/magazin\/pferd\/haeufige-fragen\/vertrauen-vom-pferd-erkennen-so-zeigen-sie-ihr-vertrauen\/","og_site_name":"Uelzener Tier-Magazin","article_publisher":"https:\/\/www.facebook.com\/Uelzener","article_modified_time":"2024-07-01T13:49:50+00:00","og_image":[{"width":1024,"height":450,"url":"https:\/\/uelzener.de\/magazin\/app\/uploads\/2022\/05\/Vertrauen-beim-Pferd.jpg","type":"image\/jpeg"}],"twitter_card":"summary_large_image","twitter_misc":{"Gesch\u00e4tzte Lesezeit":"6\u00a0Minuten"},"schema":{"@context":"https:\/\/schema.org","@graph":[{"@type":"WebPage","@id":"https:\/\/uelzener.de\/magazin\/pferd\/haeufige-fragen\/vertrauen-vom-pferd-erkennen-so-zeigen-sie-ihr-vertrauen\/","url":"https:\/\/uelzener.de\/magazin\/pferd\/haeufige-fragen\/vertrauen-vom-pferd-erkennen-so-zeigen-sie-ihr-vertrauen\/","name":"Das Vertrauen beim Pferd erkennen | Uelzener","isPartOf":{"@id":"https:\/\/uelzener.de\/magazin\/#website"},"primaryImageOfPage":{"@id":"https:\/\/uelzener.de\/magazin\/pferd\/haeufige-fragen\/vertrauen-vom-pferd-erkennen-so-zeigen-sie-ihr-vertrauen\/#primaryimage"},"image":{"@id":"https:\/\/uelzener.de\/magazin\/pferd\/haeufige-fragen\/vertrauen-vom-pferd-erkennen-so-zeigen-sie-ihr-vertrauen\/#primaryimage"},"thumbnailUrl":"https:\/\/uelzener.de\/magazin\/app\/uploads\/2022\/05\/Vertrauen-beim-Pferd.jpg","datePublished":"2022-05-11T10:11:56+00:00","dateModified":"2024-07-01T13:49:50+00:00","description":"So erkennst du, ob dein Pferd dir vertraut \u2713 Zuneigung mit vielen kleinen Gesten \u2713 typische Gesten \u25b6Hier mehr erfahren!","breadcrumb":{"@id":"https:\/\/uelzener.de\/magazin\/pferd\/haeufige-fragen\/vertrauen-vom-pferd-erkennen-so-zeigen-sie-ihr-vertrauen\/#breadcrumb"},"inLanguage":"de","potentialAction":[{"@type":"ReadAction","target":["https:\/\/uelzener.de\/magazin\/pferd\/haeufige-fragen\/vertrauen-vom-pferd-erkennen-so-zeigen-sie-ihr-vertrauen\/"]}]},{"@type":"ImageObject","inLanguage":"de","@id":"https:\/\/uelzener.de\/magazin\/pferd\/haeufige-fragen\/vertrauen-vom-pferd-erkennen-so-zeigen-sie-ihr-vertrauen\/#primaryimage","url":"https:\/\/uelzener.de\/magazin\/app\/uploads\/2022\/05\/Vertrauen-beim-Pferd.jpg","contentUrl":"https:\/\/uelzener.de\/magazin\/app\/uploads\/2022\/05\/Vertrauen-beim-Pferd.jpg","width":1024,"height":450,"caption":"Pferd vertraut Reiterin sie stehen Stirn an Stirn."},{"@type":"WebSite","@id":"https:\/\/uelzener.de\/magazin\/#website","url":"https:\/\/uelzener.de\/magazin\/","name":"Uelzener Tiermagazin","description":"Online Tierratgeber der Uelzener Versicherungen","publisher":{"@id":"https:\/\/uelzener.de\/magazin\/#organization"},"potentialAction":[{"@type":"SearchAction","target":{"@type":"EntryPoint","urlTemplate":"https:\/\/uelzener.de\/magazin\/?s={search_term_string}"},"query-input":{"@type":"PropertyValueSpecification","valueRequired":true,"valueName":"search_term_string"}}],"inLanguage":"de"},{"@type":"Organization","@id":"https:\/\/uelzener.de\/magazin\/#organization","name":"Uelzener Versicherungen","url":"https:\/\/uelzener.de\/magazin\/","logo":{"@type":"ImageObject","inLanguage":"de","@id":"https:\/\/uelzener.de\/magazin\/#\/schema\/logo\/image\/","url":"https:\/\/uelzener.de\/magazin\/app\/uploads\/2024\/11\/uelzener_allgemeine_versicherungsgesellschaft_a_g_logo.jpg","contentUrl":"https:\/\/uelzener.de\/magazin\/app\/uploads\/2024\/11\/uelzener_allgemeine_versicherungsgesellschaft_a_g_logo.jpg","width":200,"height":200,"caption":"Uelzener Versicherungen"},"image":{"@id":"https:\/\/uelzener.de\/magazin\/#\/schema\/logo\/image\/"},"sameAs":["https:\/\/www.facebook.com\/Uelzener","https:\/\/instagram.com\/uelzener","https:\/\/www.xing.com\/pages\/uelzenerallgemeineversicherungs-gesellschafta-g","https:\/\/www.youtube.com\/UelzenerVersicherungen"]}]}},"_links":{"self":[{"href":"https:\/\/uelzener.de\/magazin\/wp-json\/wp\/v2\/pages\/13407","targetHints":{"allow":["GET"]}}],"collection":[{"href":"https:\/\/uelzener.de\/magazin\/wp-json\/wp\/v2\/pages"}],"about":[{"href":"https:\/\/uelzener.de\/magazin\/wp-json\/wp\/v2\/types\/page"}],"author":[{"embeddable":true,"href":"https:\/\/uelzener.de\/magazin\/wp-json\/wp\/v2\/users\/3"}],"replies":[{"embeddable":true,"href":"https:\/\/uelzener.de\/magazin\/wp-json\/wp\/v2\/comments?post=13407"}],"version-history":[{"count":4,"href":"https:\/\/uelzener.de\/magazin\/wp-json\/wp\/v2\/pages\/13407\/revisions"}],"predecessor-version":[{"id":17571,"href":"https:\/\/uelzener.de\/magazin\/wp-json\/wp\/v2\/pages\/13407\/revisions\/17571"}],"up":[{"embeddable":true,"href":"https:\/\/uelzener.de\/magazin\/wp-json\/wp\/v2\/pages\/11685"}],"wp:featuredmedia":[{"embeddable":true,"href":"https:\/\/uelzener.de\/magazin\/wp-json\/wp\/v2\/media\/13408"}],"wp:attachment":[{"href":"https:\/\/uelzener.de\/magazin\/wp-json\/wp\/v2\/media?parent=13407"}],"curies":[{"name":"wp","href":"https:\/\/api.w.org\/{rel}","templated":true}]}}