{"id":13400,"date":"2022-05-13T11:33:04","date_gmt":"2022-05-13T09:33:04","guid":{"rendered":"https:\/\/uelzener.de\/magazin\/?page_id=13400"},"modified":"2024-03-20T17:29:45","modified_gmt":"2024-03-20T16:29:45","slug":"fohlen-erziehen-die-verschiedenen-rollen-in-der-sozialisierung","status":"publish","type":"page","link":"https:\/\/uelzener.de\/magazin\/pferd\/erziehung-und-training\/fohlen-erziehen-die-verschiedenen-rollen-in-der-sozialisierung\/","title":{"rendered":"Fohlen erziehen: Die verschiedenen Rollen in der Sozialisierung"},"content":{"rendered":"<p>Ein Fohlen erblickt das Licht der Welt. Sofort k\u00fcmmert sich die Mutterstute um das Fohlen und erzieht es. Um es gut zu sozialisieren, werden in den n\u00e4chsten Monaten aber auch die Fohlenherde und Menschen eine wichtige Rolle \u00fcbernehmen. Wie der Balanceakt zwischen Pr\u00e4gung und artgerechtem Aufwachsen gelingt, erf\u00e4hrst du in diesem Magazinbeitrag.<\/p>\n<h2><strong>Fohlen erziehen durch verschiedene Pr\u00e4gungen <\/strong><\/h2>\n<p>Die <strong>ersten Lebensmonate sind pr\u00e4gend<\/strong> f\u00fcr das Verhalten des Fohlens und seine sp\u00e4tere Entwicklung. Zuerst verbringt das Jungtier einige Zeit mit seiner Mutter, dann helfen weitere Pferde beim Erlernen von Sozialkompetenzen und schlie\u00dflich sollte auch die Gew\u00f6hnung an den Menschen fester Bestandteil des Stallalltags werden.<\/p>\n<h2><strong>Fohlen erziehen durch die Mutterstute<\/strong><\/h2>\n<p>Nachdem die Stute ihr Fohlen auf die Welt gebracht hat, wiehert sie meist leise, um das Jungtier an ihre Stimme zu gew\u00f6hnen und beginnt, ihren Nachwuchs zu s\u00e4ubern. Dieser enge Kontakt in den ersten Lebensmomenten eines Pferdes <strong>festigt die starke Bindung zwischen Stute und Fohlen.<\/strong><\/p>\n<p>Schon wenige Tage nach der Geburt sollten die beiden <strong>t\u00e4glich Auslauf auf einer eigenen Weide<\/strong> bekommen. Hier kann das Jungpferd sich in den verschiedenen Gangarten ausprobieren und abseits des Stalls frische Luft atmen und sein Immunsystem st\u00e4rken. Au\u00dferdem sollte das Fohlen gleich die Grenzen der Weide kennenlernen. Hierzu kann die Stute an der Begrenzung entlang gef\u00fchrt werden. Das Fohlen wird in der N\u00e4he bleiben und sich neugierig umsehen.<\/p>\n<p>Nach dieser kurzen Gew\u00f6hnungsphase k\u00f6nnen schon bald weitere Pferde die kleine Familie erg\u00e4nzen. Die <strong>Herde \u00fcbernimmt wichtige Aufgaben in der sozialen Entwicklung<\/strong> und pr\u00e4gt das Jungtier in seinem Verhalten. So finden sich h\u00e4ufig andere Fohlen zum gemeinsamen Spielen und andere Stuten, die wie die Mutter als Lehrerinnen auftreten.<\/p>\n<h3><strong>Fohlen schrittweise von der Mutterstute trennen<\/strong><\/h3>\n<p>Das Absetzen des Fohlens, also die Trennung von der Mutterstute, passiert in der Regel <strong>nach sechs Monaten<\/strong>. In der <strong>Wildnis geschieht das meist erst nach einem Jahr<\/strong>, wenn die Stute ein neues Fohlen erwartet. Wie in der Natur sollte dieser Prozess jedoch nach M\u00f6glichkeit schrittweise geschehen, da eine abrupte <strong>Trennung mit Stress f\u00fcr die Tiere verbunden<\/strong> ist.<\/p>\n<h2><strong>Die Fohlenherde in der Erziehung <\/strong><\/h2>\n<p>Auf einer Fohlenweide trifft das Jungtier auf seine neue Herde. Eine Herde sollte aus etwa <strong>sechs bis zehn Tieren<\/strong> bestehen. Hengstfohlen und Stutfohlen werden dabei in der Regel getrennt, auch wenn sie die Geschlechtsreife noch nicht erreicht haben. Aufzuchtherden k\u00f6nnen au\u00dferdem auch ein oder zwei erwachsene Pferde beinhalten, die bei der Erziehung helfen. So vermitteln diese soziale Kompetenzen und die richtige Kommunikation, setzen aber auch Grenzen, wenn die Fohlen zu \u00fcberm\u00fctig werden.<\/p>\n<p>Haupts\u00e4chlich lernen die Jungpferde dadurch, dass <strong>in der Herde verschiedene Charaktere aufeinandertreffen<\/strong> und sich in der Herdendynamik bald eine Rangordnung etabliert. Pferde, die diese Erfahrungen nicht machen, weil sie allein oder in zu kleinen Gruppen gehalten werden, sind auch in ihrem sp\u00e4teren Leben oft nicht in der Lage, sich in dieses System einzuordnen.<\/p>\n<h2><strong>Fohlenaufzucht: Der Einfluss der Menschen auf die Erziehung <\/strong><\/h2>\n<p>Den gr\u00f6\u00dften und wichtigsten Teil in der Sozialisierung \u00fcbernehmen Mutterstute und Herde. Das Fohlen muss dennoch mit der <strong>Anwesenheit von Menschen vertraut und Kontakt mit ihnen gewohnt sein<\/strong>. Gerade im Umgang mit Tier\u00e4rzt:innen und Hufschmied:innen ist es wichtig, dass sich das Pferd \u00fcberall problemlos anfassen l\u00e4sst und keine <a href=\"https:\/\/uelzener.de\/magazin\/pferd\/erziehung-und-training\/angstfrei-zum-schmied\/\">Angst vor Schmied:innen<\/a> hat. So sollte ein Fohlen fr\u00fchzeitig an eine <strong>regelm\u00e4\u00dfige Hufpflege<\/strong> gew\u00f6hnt werden und auch die ersten <strong>Impfungen<\/strong> sind nur wenige Monate nach der Geburt f\u00e4llig: Immunisierungen gegen Tetanus, Equine Influenza und <a href=\"https:\/\/uelzener.de\/magazin\/pferd\/tiergesundheit\/herpes-pferd\/\">Herpes beim Pferd<\/a> empfiehlt die st\u00e4ndige Impfkommission Veterin\u00e4rmedizin (StIKO-Vet) bereits im Alter von sechs Monaten.<\/p>\n<p><img decoding=\"async\" class=\"alignnone wp-image-17214 size-large\" src=\"https:\/\/uelzener.de\/magazin\/app\/uploads\/2024\/03\/Pferd3-1024x1024.jpg\" alt=\"Uelzener-Infografik: Grundimmunisierung f\u00fcr Fohlen\" width=\"1024\" height=\"1024\" srcset=\"https:\/\/uelzener.de\/magazin\/app\/uploads\/2024\/03\/Pferd3-1024x1024.jpg 1024w, https:\/\/uelzener.de\/magazin\/app\/uploads\/2024\/03\/Pferd3-300x300.jpg 300w, https:\/\/uelzener.de\/magazin\/app\/uploads\/2024\/03\/Pferd3-150x150.jpg 150w, https:\/\/uelzener.de\/magazin\/app\/uploads\/2024\/03\/Pferd3-768x768.jpg 768w, https:\/\/uelzener.de\/magazin\/app\/uploads\/2024\/03\/Pferd3-1026x1026.jpg 1026w, https:\/\/uelzener.de\/magazin\/app\/uploads\/2024\/03\/Pferd3-668x668.jpg 668w, https:\/\/uelzener.de\/magazin\/app\/uploads\/2024\/03\/Pferd3.jpg 1080w\" sizes=\"(max-width: 1024px) 100vw, 1024px\" \/><\/p>\n<h3><strong>Gezieltes Training mit dem Fohlen<\/strong><\/h3>\n<p>Ein ungezwungener Kontakt zum Menschen kann bereits durch die t\u00e4gliche Kontrolle und S\u00e4uberung der Weide oder des Offenstalls entstehen. Dabei m\u00fcssen einige Grundprinzipien sichergestellt sein: <strong>Gegenseitiger Respekt, Aufmerksamkeit und Vertrauen<\/strong> sind die Grundlage daf\u00fcr, dass das Pferd sich auf ein gemeinsames Training einl\u00e4sst. Wichtig ist, dass das Training dabei immer mit einem Erfolgserlebnis, also mit <strong>positiven Gef\u00fchlen<\/strong> endet. Die \u00dcbungseinheiten sollten kurz sein und sich \u00fcber eine stetige Wiederholung festigen.<\/p>\n<p>Trainiert werden k\u00f6nnen im Fohlenalter grundlegende Dinge:<\/p>\n<ul>\n<li><strong>Anfassen<\/strong>: Viele Fohlen sind von Natur aus neugierig und lassen sich gern auf den Menschen ein, dem auch die Mutterstute vertraut. So kann eine gem\u00fctliche Kraulstunde zu dritt beginnen. Dabei sollte der Mensch ein allzu \u00fcberm\u00fctiges Verhalten des Fohlens \u2013 beispielsweise neugieriges Schnappen oder aufdringliches Verhalten \u2013 konsequent und liebevoll unterbinden.<\/li>\n<li><strong>Aufhalftern<\/strong>: Das Fohlen kennt das Halfter bereits von der Mutter und nimmt es nach einigen Tagen nicht mehr als Fremdk\u00f6rper wahr. So kannst du es ihm spielerisch zeigen und schlie\u00dflich sogar anlegen \u2013 am besten, wenn das Jungtier gerade gespielt hat und sich m\u00fcde in den Stall zur\u00fcckzieht. Klappt das Aufhalftern, wird das Fohlen gelobt und mit Streicheleinheiten belohnt. In den n\u00e4chsten Tagen wird die \u00dcbung wiederholt.<\/li>\n<li><strong>F\u00fchren<\/strong>: Beim F\u00fchren sollte das Fohlen weder gezogen werden noch selbst ziehen, sondern ruhig an deiner Seite mitlaufen. Wenn das funktioniert, kann es mit Gegenst\u00e4nden, zum Beispiel Planen oder Stangen, vertraut gemacht werden. Das st\u00e4rkt das Selbstbewusstsein und das Vertrauen in die f\u00fchrenden Personen.<\/li>\n<li><strong>Anbinden<\/strong>: Vor dem ersten Anbinden sollte ein solides Vertrauensverh\u00e4ltnis zwischen Mensch und Jungtier bestehen. Oft l\u00e4uft es am besten, wenn die Mutterstute gelassen daneben steht. Zur Sicherheit sollte das Fohlen einen Strick mit <a href=\"https:\/\/uelzener.de\/magazin\/pferd\/haeufige-fragen\/panikhaken-pferd\/\">Panikhaken<\/a> tragen und zun\u00e4chst nur an Orten angebunden werden, an denen beim etwaigen Losrei\u00dfen und Weglaufen keine Gefahren drohen.<\/li>\n<\/ul>\n<p>Beim Training sollten immer der Zustand und das Alter des Fohlens ber\u00fccksichtigt werden. <strong>Lob und positive Verst\u00e4rkung der gew\u00fcnschten Verhaltensweisen sind von zentraler Bedeutung<\/strong>. Lob kann besonders gut durch Spiel- und Streicheleinheiten ausgedr\u00fcckt werden. Ist ein junges Pferd motiviert, alles richtigzumachen und mitzuarbeiten, dann werden auch die ersten Vorbereitungen zum Reiten erleichtert. Du kannst auch Bodenarbeiten mit deinem Fohlen durchf\u00fchren, um es an den Umgang mit Peitsche und Strick zu gew\u00f6hnen.<\/p>\n<h2><strong>Der richtige Zeitpunkt f\u00fcr das Einreiten <\/strong><\/h2>\n<p>Die letzten Wachstumsfugen in den Knochen schlie\u00dfen sich etwa mit f\u00fcnf bis sechs Jahren, was beim Training und dem Zeitpunkt des Einreitens ber\u00fccksichtigt werden sollte. Auf der Fohlenweide bleibt das junge Pferd in der Regel bis zum Erreichen des dritten Lebensjahres, bevor es selbst zur Zucht eingesetzt werden kann. Vollst\u00e4ndig <strong>ausgewachsen ist ein Pferd mit f\u00fcnf bis sieben Jahren<\/strong>.<\/p>\n<h2><strong>Ein Fohlen erziehen: So klappt es <\/strong><\/h2>\n<p>Gerade in den ersten Wochen ist die Sozialisierung sehr wichtig, damit das Pferd auch als erwachsenes Tier gut zurechtkommt \u2013 nicht nur mit seinem zuk\u00fcnftigen Reiter, sondern auch mit anderen Pferden. Wer seinem Fohlen ausreichend Zeit mit der Mutter l\u00e4sst, ihm dann eine Herde zum Lernen gibt und stetig an den Umgang mit Menschen gew\u00f6hnt, der erspart sich viel Arbeit in der Zukunft. Handelt es sich um deine Mutterstute, ist dein Fohlen in den ersten Monaten durch die <a href=\"https:\/\/uelzener.de\/pferd\/pferde-haftpflichtversicherung\/\">Pferde-Haftpflichtversicherung<\/a> mitversichert.<\/p>\n<h2><strong>FAQ: H\u00e4ufig gestellte Fragen<\/strong><\/h2>\n<h3><strong>Ab wann kann ein Fohlen von der Mutter weg?<\/strong><\/h3>\n<p>Normalerweise wird das Fohlen nach ca. 6 Monaten von der Mutterstute abgesetzt. Handelt es sich um Wildpferde, dauert der Prozess l\u00e4nger. Generell sollte das Absetzten aber Schritt f\u00fcr Schritt stattfinden, da es bei dem Fohlen starken Stress ausl\u00f6st.<\/p>\n<h3><strong>Welche Rolle nimmt die Fohlenherde bei der Erziehung ein? <\/strong><\/h3>\n<p>Die Herde ist sehr wichtig f\u00fcr die Erziehung des Pferdes. So lernt das Pferd, dass es sich in einer Rangordnung etablieren muss und eine Herde aus unterschiedlichen Charakteren besteht.<\/p>\n<h3><strong>Wie trainiere ich mein Fohlen?<\/strong><\/h3>\n<p>Generell sollte das Fohlen lernen, angefasst, gef\u00fchrt und angebunden zu werden. Dabei ist es wichtig, dass es lernt, dass diese Vorg\u00e4nge nicht schlimm sind. Dabei hilft es, wenn die Mutterstute in unmittelbarer N\u00e4he ist und das Fohlen nach der \u00dcbung belohnt wird.<\/p>\n","protected":false},"excerpt":{"rendered":"<p>Ein Fohlen erblickt das Licht der Welt. Sofort k\u00fcmmert sich die Mutterstute um das Fohlen und erzieht es. Um es gut zu sozialisieren, werden in den n\u00e4chsten Monaten aber auch die Fohlenherde und Menschen eine wichtige Rolle \u00fcbernehmen. Wie der Balanceakt zwischen Pr\u00e4gung und artgerechtem Aufwachsen gelingt, erf\u00e4hrst du in diesem Magazinbeitrag. Fohlen erziehen durch [&hellip;]<\/p>\n","protected":false},"author":3,"featured_media":13401,"parent":11689,"menu_order":44,"comment_status":"closed","ping_status":"closed","template":"templates\/blog.php","meta":{"_acf_changed":false,"_crdt_document":"","footnotes":"","beyondwords_generate_audio":"0","beyondwords_project_id":"","beyondwords_content_id":"","beyondwords_preview_token":"","beyondwords_player_style":"","beyondwords_language_id":"","beyondwords_title_voice_id":"","beyondwords_body_voice_id":"","beyondwords_summary_voice_id":"","beyondwords_error_message":"","beyondwords_disabled":"","beyondwords_delete_content":"","beyondwords_podcast_id":"","beyondwords_hash":"","publish_post_to_speechkit":"","speechkit_hash":"","speechkit_generate_audio":"","speechkit_project_id":"","speechkit_podcast_id":"","speechkit_error_message":"","speechkit_disabled":"","speechkit_access_key":"","speechkit_error":"","speechkit_info":"","speechkit_response":"","speechkit_retries":"","speechkit_status":"","speechkit_updated_at":"","_speechkit_link":"","_speechkit_text":""},"class_list":["post-13400","page","type-page","status-publish","has-post-thumbnail","hentry"],"acf":[],"yoast_head":"<!-- This site is optimized with the Yoast SEO Premium plugin  - https:\/\/yoast.com\/product\/yoast-seo-premium-wordpress\/ -->\n<title>Fohlen erziehen: So klappt es! | Uelzener<\/title>\n<meta name=\"description\" content=\"Fohlen richtig erziehen \u2713 durch Mutterstute, Fohlenherde und Menschen \u2764 Pr\u00e4gungen f\u00fcrs Leben \u25b6 Hier erfahren Sie mehr!\" \/>\n<meta name=\"robots\" content=\"index, follow, max-snippet:-1, max-image-preview:large, max-video-preview:-1\" \/>\n<link rel=\"canonical\" href=\"https:\/\/uelzener.de\/magazin\/pferd\/erziehung-und-training\/fohlen-erziehen-die-verschiedenen-rollen-in-der-sozialisierung\/\" \/>\n<meta property=\"og:locale\" content=\"de_DE\" \/>\n<meta property=\"og:type\" content=\"article\" \/>\n<meta property=\"og:title\" content=\"Fohlen erziehen: Die verschiedenen Rollen in der Sozialisierung\" \/>\n<meta property=\"og:description\" content=\"Fohlen richtig erziehen \u2713 durch Mutterstute, Fohlenherde und Menschen \u2764 Pr\u00e4gungen f\u00fcrs Leben \u25b6 Hier erfahren Sie mehr!\" \/>\n<meta property=\"og:url\" content=\"https:\/\/uelzener.de\/magazin\/pferd\/erziehung-und-training\/fohlen-erziehen-die-verschiedenen-rollen-in-der-sozialisierung\/\" \/>\n<meta property=\"og:site_name\" content=\"Uelzener Tier-Magazin\" \/>\n<meta property=\"article:publisher\" content=\"https:\/\/www.facebook.com\/Uelzener\" \/>\n<meta property=\"article:modified_time\" content=\"2024-03-20T16:29:45+00:00\" \/>\n<meta property=\"og:image\" content=\"https:\/\/uelzener.de\/magazin\/app\/uploads\/2022\/05\/Fohlen-erziehen.jpg\" \/>\n\t<meta property=\"og:image:width\" content=\"1024\" \/>\n\t<meta property=\"og:image:height\" content=\"450\" \/>\n\t<meta property=\"og:image:type\" content=\"image\/jpeg\" \/>\n<meta name=\"twitter:card\" content=\"summary_large_image\" \/>\n<meta name=\"twitter:label1\" content=\"Gesch\u00e4tzte Lesezeit\" \/>\n\t<meta name=\"twitter:data1\" content=\"6\u00a0Minuten\" \/>\n<script type=\"application\/ld+json\" class=\"yoast-schema-graph\">{\"@context\":\"https:\/\/schema.org\",\"@graph\":[{\"@type\":\"WebPage\",\"@id\":\"https:\/\/uelzener.de\/magazin\/pferd\/erziehung-und-training\/fohlen-erziehen-die-verschiedenen-rollen-in-der-sozialisierung\/\",\"url\":\"https:\/\/uelzener.de\/magazin\/pferd\/erziehung-und-training\/fohlen-erziehen-die-verschiedenen-rollen-in-der-sozialisierung\/\",\"name\":\"Fohlen erziehen: So klappt es! | Uelzener\",\"isPartOf\":{\"@id\":\"https:\/\/uelzener.de\/magazin\/#website\"},\"primaryImageOfPage\":{\"@id\":\"https:\/\/uelzener.de\/magazin\/pferd\/erziehung-und-training\/fohlen-erziehen-die-verschiedenen-rollen-in-der-sozialisierung\/#primaryimage\"},\"image\":{\"@id\":\"https:\/\/uelzener.de\/magazin\/pferd\/erziehung-und-training\/fohlen-erziehen-die-verschiedenen-rollen-in-der-sozialisierung\/#primaryimage\"},\"thumbnailUrl\":\"https:\/\/uelzener.de\/magazin\/app\/uploads\/2022\/05\/Fohlen-erziehen.jpg\",\"datePublished\":\"2022-05-13T09:33:04+00:00\",\"dateModified\":\"2024-03-20T16:29:45+00:00\",\"description\":\"Fohlen richtig erziehen \u2713 durch Mutterstute, Fohlenherde und Menschen \u2764 Pr\u00e4gungen f\u00fcrs Leben \u25b6 Hier erfahren Sie mehr!\",\"breadcrumb\":{\"@id\":\"https:\/\/uelzener.de\/magazin\/pferd\/erziehung-und-training\/fohlen-erziehen-die-verschiedenen-rollen-in-der-sozialisierung\/#breadcrumb\"},\"inLanguage\":\"de\",\"potentialAction\":[{\"@type\":\"ReadAction\",\"target\":[\"https:\/\/uelzener.de\/magazin\/pferd\/erziehung-und-training\/fohlen-erziehen-die-verschiedenen-rollen-in-der-sozialisierung\/\"]}]},{\"@type\":\"ImageObject\",\"inLanguage\":\"de\",\"@id\":\"https:\/\/uelzener.de\/magazin\/pferd\/erziehung-und-training\/fohlen-erziehen-die-verschiedenen-rollen-in-der-sozialisierung\/#primaryimage\",\"url\":\"https:\/\/uelzener.de\/magazin\/app\/uploads\/2022\/05\/Fohlen-erziehen.jpg\",\"contentUrl\":\"https:\/\/uelzener.de\/magazin\/app\/uploads\/2022\/05\/Fohlen-erziehen.jpg\",\"width\":1024,\"height\":450,\"caption\":\"Fohlen liegt mit Herde auf der Weide, eine fr\u00fche Erziehung ist wichtig.\"},{\"@type\":\"WebSite\",\"@id\":\"https:\/\/uelzener.de\/magazin\/#website\",\"url\":\"https:\/\/uelzener.de\/magazin\/\",\"name\":\"Uelzener Tiermagazin\",\"description\":\"Online Tierratgeber der Uelzener Versicherungen\",\"publisher\":{\"@id\":\"https:\/\/uelzener.de\/magazin\/#organization\"},\"potentialAction\":[{\"@type\":\"SearchAction\",\"target\":{\"@type\":\"EntryPoint\",\"urlTemplate\":\"https:\/\/uelzener.de\/magazin\/?s={search_term_string}\"},\"query-input\":{\"@type\":\"PropertyValueSpecification\",\"valueRequired\":true,\"valueName\":\"search_term_string\"}}],\"inLanguage\":\"de\"},{\"@type\":\"Organization\",\"@id\":\"https:\/\/uelzener.de\/magazin\/#organization\",\"name\":\"Uelzener Versicherungen\",\"url\":\"https:\/\/uelzener.de\/magazin\/\",\"logo\":{\"@type\":\"ImageObject\",\"inLanguage\":\"de\",\"@id\":\"https:\/\/uelzener.de\/magazin\/#\/schema\/logo\/image\/\",\"url\":\"https:\/\/uelzener.de\/magazin\/app\/uploads\/2024\/11\/uelzener_allgemeine_versicherungsgesellschaft_a_g_logo.jpg\",\"contentUrl\":\"https:\/\/uelzener.de\/magazin\/app\/uploads\/2024\/11\/uelzener_allgemeine_versicherungsgesellschaft_a_g_logo.jpg\",\"width\":200,\"height\":200,\"caption\":\"Uelzener Versicherungen\"},\"image\":{\"@id\":\"https:\/\/uelzener.de\/magazin\/#\/schema\/logo\/image\/\"},\"sameAs\":[\"https:\/\/www.facebook.com\/Uelzener\",\"https:\/\/instagram.com\/uelzener\",\"https:\/\/www.xing.com\/pages\/uelzenerallgemeineversicherungs-gesellschafta-g\",\"https:\/\/www.youtube.com\/UelzenerVersicherungen\"]}]}<\/script>\n<!-- \/ Yoast SEO Premium plugin. -->","yoast_head_json":{"title":"Fohlen erziehen: So klappt es! | Uelzener","description":"Fohlen richtig erziehen \u2713 durch Mutterstute, Fohlenherde und Menschen \u2764 Pr\u00e4gungen f\u00fcrs Leben \u25b6 Hier erfahren Sie mehr!","robots":{"index":"index","follow":"follow","max-snippet":"max-snippet:-1","max-image-preview":"max-image-preview:large","max-video-preview":"max-video-preview:-1"},"canonical":"https:\/\/uelzener.de\/magazin\/pferd\/erziehung-und-training\/fohlen-erziehen-die-verschiedenen-rollen-in-der-sozialisierung\/","og_locale":"de_DE","og_type":"article","og_title":"Fohlen erziehen: Die verschiedenen Rollen in der Sozialisierung","og_description":"Fohlen richtig erziehen \u2713 durch Mutterstute, Fohlenherde und Menschen \u2764 Pr\u00e4gungen f\u00fcrs Leben \u25b6 Hier erfahren Sie mehr!","og_url":"https:\/\/uelzener.de\/magazin\/pferd\/erziehung-und-training\/fohlen-erziehen-die-verschiedenen-rollen-in-der-sozialisierung\/","og_site_name":"Uelzener Tier-Magazin","article_publisher":"https:\/\/www.facebook.com\/Uelzener","article_modified_time":"2024-03-20T16:29:45+00:00","og_image":[{"width":1024,"height":450,"url":"https:\/\/uelzener.de\/magazin\/app\/uploads\/2022\/05\/Fohlen-erziehen.jpg","type":"image\/jpeg"}],"twitter_card":"summary_large_image","twitter_misc":{"Gesch\u00e4tzte Lesezeit":"6\u00a0Minuten"},"schema":{"@context":"https:\/\/schema.org","@graph":[{"@type":"WebPage","@id":"https:\/\/uelzener.de\/magazin\/pferd\/erziehung-und-training\/fohlen-erziehen-die-verschiedenen-rollen-in-der-sozialisierung\/","url":"https:\/\/uelzener.de\/magazin\/pferd\/erziehung-und-training\/fohlen-erziehen-die-verschiedenen-rollen-in-der-sozialisierung\/","name":"Fohlen erziehen: So klappt es! | Uelzener","isPartOf":{"@id":"https:\/\/uelzener.de\/magazin\/#website"},"primaryImageOfPage":{"@id":"https:\/\/uelzener.de\/magazin\/pferd\/erziehung-und-training\/fohlen-erziehen-die-verschiedenen-rollen-in-der-sozialisierung\/#primaryimage"},"image":{"@id":"https:\/\/uelzener.de\/magazin\/pferd\/erziehung-und-training\/fohlen-erziehen-die-verschiedenen-rollen-in-der-sozialisierung\/#primaryimage"},"thumbnailUrl":"https:\/\/uelzener.de\/magazin\/app\/uploads\/2022\/05\/Fohlen-erziehen.jpg","datePublished":"2022-05-13T09:33:04+00:00","dateModified":"2024-03-20T16:29:45+00:00","description":"Fohlen richtig erziehen \u2713 durch Mutterstute, Fohlenherde und Menschen \u2764 Pr\u00e4gungen f\u00fcrs Leben \u25b6 Hier erfahren Sie mehr!","breadcrumb":{"@id":"https:\/\/uelzener.de\/magazin\/pferd\/erziehung-und-training\/fohlen-erziehen-die-verschiedenen-rollen-in-der-sozialisierung\/#breadcrumb"},"inLanguage":"de","potentialAction":[{"@type":"ReadAction","target":["https:\/\/uelzener.de\/magazin\/pferd\/erziehung-und-training\/fohlen-erziehen-die-verschiedenen-rollen-in-der-sozialisierung\/"]}]},{"@type":"ImageObject","inLanguage":"de","@id":"https:\/\/uelzener.de\/magazin\/pferd\/erziehung-und-training\/fohlen-erziehen-die-verschiedenen-rollen-in-der-sozialisierung\/#primaryimage","url":"https:\/\/uelzener.de\/magazin\/app\/uploads\/2022\/05\/Fohlen-erziehen.jpg","contentUrl":"https:\/\/uelzener.de\/magazin\/app\/uploads\/2022\/05\/Fohlen-erziehen.jpg","width":1024,"height":450,"caption":"Fohlen liegt mit Herde auf der Weide, eine fr\u00fche Erziehung ist wichtig."},{"@type":"WebSite","@id":"https:\/\/uelzener.de\/magazin\/#website","url":"https:\/\/uelzener.de\/magazin\/","name":"Uelzener Tiermagazin","description":"Online Tierratgeber der Uelzener Versicherungen","publisher":{"@id":"https:\/\/uelzener.de\/magazin\/#organization"},"potentialAction":[{"@type":"SearchAction","target":{"@type":"EntryPoint","urlTemplate":"https:\/\/uelzener.de\/magazin\/?s={search_term_string}"},"query-input":{"@type":"PropertyValueSpecification","valueRequired":true,"valueName":"search_term_string"}}],"inLanguage":"de"},{"@type":"Organization","@id":"https:\/\/uelzener.de\/magazin\/#organization","name":"Uelzener Versicherungen","url":"https:\/\/uelzener.de\/magazin\/","logo":{"@type":"ImageObject","inLanguage":"de","@id":"https:\/\/uelzener.de\/magazin\/#\/schema\/logo\/image\/","url":"https:\/\/uelzener.de\/magazin\/app\/uploads\/2024\/11\/uelzener_allgemeine_versicherungsgesellschaft_a_g_logo.jpg","contentUrl":"https:\/\/uelzener.de\/magazin\/app\/uploads\/2024\/11\/uelzener_allgemeine_versicherungsgesellschaft_a_g_logo.jpg","width":200,"height":200,"caption":"Uelzener Versicherungen"},"image":{"@id":"https:\/\/uelzener.de\/magazin\/#\/schema\/logo\/image\/"},"sameAs":["https:\/\/www.facebook.com\/Uelzener","https:\/\/instagram.com\/uelzener","https:\/\/www.xing.com\/pages\/uelzenerallgemeineversicherungs-gesellschafta-g","https:\/\/www.youtube.com\/UelzenerVersicherungen"]}]}},"_links":{"self":[{"href":"https:\/\/uelzener.de\/magazin\/wp-json\/wp\/v2\/pages\/13400","targetHints":{"allow":["GET"]}}],"collection":[{"href":"https:\/\/uelzener.de\/magazin\/wp-json\/wp\/v2\/pages"}],"about":[{"href":"https:\/\/uelzener.de\/magazin\/wp-json\/wp\/v2\/types\/page"}],"author":[{"embeddable":true,"href":"https:\/\/uelzener.de\/magazin\/wp-json\/wp\/v2\/users\/3"}],"replies":[{"embeddable":true,"href":"https:\/\/uelzener.de\/magazin\/wp-json\/wp\/v2\/comments?post=13400"}],"version-history":[{"count":7,"href":"https:\/\/uelzener.de\/magazin\/wp-json\/wp\/v2\/pages\/13400\/revisions"}],"predecessor-version":[{"id":17217,"href":"https:\/\/uelzener.de\/magazin\/wp-json\/wp\/v2\/pages\/13400\/revisions\/17217"}],"up":[{"embeddable":true,"href":"https:\/\/uelzener.de\/magazin\/wp-json\/wp\/v2\/pages\/11689"}],"wp:featuredmedia":[{"embeddable":true,"href":"https:\/\/uelzener.de\/magazin\/wp-json\/wp\/v2\/media\/13401"}],"wp:attachment":[{"href":"https:\/\/uelzener.de\/magazin\/wp-json\/wp\/v2\/media?parent=13400"}],"curies":[{"name":"wp","href":"https:\/\/api.w.org\/{rel}","templated":true}]}}