{"id":13372,"date":"2022-05-08T11:50:08","date_gmt":"2022-05-08T09:50:08","guid":{"rendered":"https:\/\/uelzener.de\/magazin\/?page_id=13372"},"modified":"2023-05-02T10:46:40","modified_gmt":"2023-05-02T08:46:40","slug":"koerpersprache-lesen-lernen-anzeichen-fuer-einen-gluecklichen-hund","status":"publish","type":"page","link":"https:\/\/uelzener.de\/magazin\/hund\/haeufige-fragen\/koerpersprache-lesen-lernen-anzeichen-fuer-einen-gluecklichen-hund\/","title":{"rendered":"K\u00f6rpersprache lesen lernen: Anzeichen f\u00fcr einen gl\u00fccklichen Hund"},"content":{"rendered":"<p><strong>Manchmal w\u00fcnschen sich Hundehalter:innen, dass der eigene Hund einfach sagen k\u00f6nnte, ob er gerade gl\u00fccklich und zufrieden ist. Zum Gl\u00fcck hast du viele M\u00f6glichkeiten, die Stimmung deines Tieres herauszufinden. Sprechen k\u00f6nnen die vierbeinigen Gef\u00e4hrten zwar nicht, sie teilen aber trotzdem viel mit: Wenn du K\u00f6rpersprache und Verhalten deines Hundes zu lesen lernst und richtig deutest, kannst du viel \u00fcber die Gef\u00fchlswelt des eigenen Haustiers erfahren.<\/strong><\/p>\n<p>Hecheln, schwanzwedeln, winseln \u2013 Hunde sprechen mit ihrem ganzen K\u00f6rper und senden vielf\u00e4ltige Signale. Als Hundefreund:in muss man oft genau hinsehen, wie das Gesamtverhalten zu interpretieren ist. Einzelne Verhaltensweisen lassen n\u00e4mlich noch keine definitiven Schl\u00fcsse zu \u2013 auf die Kombination der Signale kommt es an. Da sich die unterschiedlichen Hunderassen in ihrem K\u00f6rperbau zudem stark unterscheiden und jedes Tier individuelle Ausdrucksm\u00f6glichkeiten entwickelt, bilden die folgenden Merkmale nur eine Orientierung.<\/p>\n<h2><strong>Ob ein Hund gl\u00fccklich ist, zeigt er mit seiner K\u00f6rpersprache<\/strong><\/h2>\n<h3><strong>Schwanzwedeln <\/strong><\/h3>\n<p>Wedelt ein Hund mit seinem Schwanz, ist das erst einmal ein Zeichen f\u00fcr eine emotionale Erregungssituation, die sowohl positiv als auch negativ besetzt sein kann. Freude zeigt sich als ein waagerechtes Wedeln von links nach rechts, bei dem mitunter der ganze Hund vor Begeisterung wackelt. Dabei kann der Schwanz auch erhoben sein. Gepaart mit anderen Anzeichen wie Hecheln oder schnellem Hin- und Herlaufen kann das <a href=\"https:\/\/uelzener.de\/magazin\/hund\/tipps-fuer-den-alltag\/schwanzwedeln-hund\/\">Schwanzwedeln<\/a> aber auch Aufregung bedeuten. Ist der Hund angespannt, fixiert er sein Gegen\u00fcber und die Bewegung der Rute f\u00e4llt langsamer aus. Der restliche K\u00f6rper steht aufrecht und starr. Ein italienisches Forscherteam will herausgefunden haben, dass positive Emotionen vor allem durch ein Wedeln nach rechts gezeigt werden, w\u00e4hrend sich die Rute bei negativen Gef\u00fchlen eher nach links richtet. Bei Stress und Angst wird der Schwanz hingegen heruntergezogen und zwischen die Beine geklemmt.<\/p>\n<h3><strong>Ohrenstellung <\/strong><\/h3>\n<p>Ein entspannter Hund hat seine Ohren in einer nat\u00fcrlichen Haltung und dreht sie aufmerksam in verschiedene Richtungen, wenn es entsprechende Ger\u00e4uschquellen gibt. Sind die Ohren hingegen nach hinten geklappt, deutet es auf Unsicherheit oder Angst hin. Mit aufrecht nach vorn gerichteten Ohren will der Hund sich gr\u00f6\u00dfer machen, um bedrohlich oder einsch\u00fcchternd zu wirken. Dabei l\u00e4sst aber die nat\u00fcrliche Ohrenform und -stellung bei den jeweiligen Hunderassen unterschiedlichen Spielraum f\u00fcr Gem\u00fcts\u00e4u\u00dferungen und ist nicht immer zu verallgemeinern.<\/p>\n<h3><strong>Geweitete Pupillen <\/strong><\/h3>\n<p>Im Bereich der Augen zeigt sich Freude als ein freundlicher Blick aus ge\u00f6ffneten Pupillen. Bei einer Drohung verengen sich die Augenlider und der Blick fixiert sich starrend. \u00c4ngstliche Hunde weichen mit ihrem Blick hingegen aus, blinzeln h\u00e4ufiger und haben die Augen halb geschlossen.<\/p>\n<h3><strong>L\u00e4chelndes Maul<\/strong><\/h3>\n<p>Im Gegensatz zum urspr\u00fcnglichen Wolf haben Hunde die F\u00e4higkeit zu l\u00e4cheln entwickelt. Dabei sind die Lefzen entspannt, das Maul leicht ge\u00f6ffnet und m\u00f6glicherweise h\u00e4ngt sogar die Zunge heraus. Angespannte Lippen und gefletschte Z\u00e4hne sprechen wiederum f\u00fcr ein bedrohliches Verhalten.<\/p>\n<h3><strong>Hecheln<\/strong><\/h3>\n<p>Ein ge\u00f6ffnetes Maul und schnelles Atmen bei heraush\u00e4ngender Zunge k\u00f6nnen ein Hinweis sein, dass sich der Hund gerade k\u00f6rperlich angestrengt hat oder ihm einfach zu warm ist. Trifft beides nicht zu, so ist davon auszugehen, dass er gestresst ist und Unterst\u00fctzung in der jeweiligen Situation brauchen k\u00f6nnte.<\/p>\n<h3><strong>Gangart <\/strong><\/h3>\n<p>Auch beim Spazierengehen kann der Hund mit seiner K\u00f6rpersprache Gef\u00fchle vermitteln. L\u00e4uft er etwa leicht t\u00e4nzelnd in entspannter Haltung, spricht das f\u00fcr eine gl\u00fcckliche Stimmung. Das wird h\u00e4ufig durch ein spielendes Laufen um seinen Halter oder seine Halterin herum verst\u00e4rkt.<\/p>\n<p>In Kombination erg\u00e4nzen sich die genannten Elemente zu einer ablesbaren Gef\u00fchlswelt. Wenn etwa Ohren, Schwanz und Muskeln in einer entspannten Haltung sind, dann spricht alles daf\u00fcr, dass der Hund gerade gl\u00fccklich ist. W\u00e4re er w\u00fctend und wollte bedrohlich wirken, w\u00fcrde er sich gro\u00df machen und die Muskeln im gesamten K\u00f6rper w\u00e4ren angespannt. Das Gegenteil trifft auf einen \u00e4ngstlichen Hund zu: Dieser w\u00fcrde sich klein machen, als wollte er sich verstecken oder im Boden versinken.<\/p>\n<h2><strong>Anzeichen im Verhalten eines gl\u00fccklichen Hundes<\/strong><\/h2>\n<p>Auch am Verhalten deines Tieres kannst du ablesen, ob es gl\u00fccklich und entspannt ist. F\u00fcr die richtige Interpretation setzt du am besten die folgenden Aktivit\u00e4ten in Relation zu den oben beschriebenen Variationen der K\u00f6rperhaltung beim Hund.<\/p>\n<h3><strong>Der Hund sucht N\u00e4he <\/strong><\/h3>\n<p>Hunde ziehen sich normalerweise nicht alleine zur\u00fcck, sondern genie\u00dfen die Gemeinschaft ihres Rudels. Wenn der Vierbeiner also die N\u00e4he seiner Menschen sucht und sich beispielsweise auf dem Sofa ankuscheln m\u00f6chte oder ihm im Alltag nicht von der Seite weicht, dann ist er vermutlich gl\u00fccklich und zufrieden. Schl\u00e4ft er sogar angekuschelt an Herrchen oder Frauchen ein, dann ist das ein Ausdruck von Vertrauen. Daneben zeigen unsere Haustiere auch auf andere Arten ihr Vertrauen: Fordert der Hund etwa zum Streicheln auf, indem er sich auf den R\u00fccken dreht und seinen ungesch\u00fctzten Bauch zeigt, dann ist das ein deutlicher Vertrauensbeweis. Auch das Pf\u00f6tchengeben hat eine \u00e4hnliche Bedeutung.<\/p>\n<h3><strong>Begr\u00fc\u00dfung bei der Heimkehr <\/strong><\/h3>\n<p>Ein Hund, der an seinen Menschen h\u00e4ngt, vermisst diese schon, auch wenn sie nur zehn Minuten au\u00dfer Haus waren. Meist steht er bereits wild wedelnd im Flur, wenn der Schl\u00fcssel gerade erst in die T\u00fcr gesteckt wird. Ist das bei deinem Hund anders? Keine Sorge. Es kann auch sein, dass du einen besonders entspannten Kandidaten zu Hause hast, der bei deiner Heimkehr einfach gen\u00fcsslich weiterschl\u00e4ft.<\/p>\n<h3><strong>Aufforderung zum Spiel<\/strong><\/h3>\n<p>Ein Hund, der von sich aus gezielt zum Spielen auffordert, f\u00fchlt sich in der Gesellschaft der Person wohl. Diese Aufforderung zeigt sich meist durch ein Wedeln mit dem Schwanz, einen gesenkten Kopf und ein nach oben gestrecktes Hinterteil.<\/p>\n<h3><strong>\u00dcberm\u00fctiges Verhalten <\/strong><\/h3>\n<p>Oft ist zu beobachten, dass ein Vierbeiner wild herumspringt oder im Kreis l\u00e4uft und dabei kurze, freudige Belllaute von sich gibt. Das ist in der Regel ein deutliches Zeichen von ausgelassener Freude. \u00c4u\u00dfert sich sein Bellen allerdings durch un\u00fcbliche Abweichungen, etwa wenn es k\u00fcrzer oder schriller als normal ist, dann sollte seine K\u00f6rpersprache auf Anzeichen von Stress oder Angst \u00fcberpr\u00fcft werden.<\/p>\n<h3><strong>Orientierung am Halter<\/strong><\/h3>\n<p>Wenn dein Hund dir auch drau\u00dfen gern folgt und sich immer wieder mit Blicken an dir und deinen Anweisungen orientiert, dann kannst du davon ausgehen, dass er sich in eurer Zweiergemeinschaft wohlf\u00fchlt. Das hei\u00dft aber nat\u00fcrlich nicht, dass er nicht gl\u00fccklich w\u00e4re, wenn er sich allein in den See oder eine Spielstunde mit dem Nachbarshund st\u00fcrzen darf!<\/p>\n<p>Zeigt dein Hund ein entspanntes, verspieltes und freudiges Verhalten, dann kann das als deutliches Anzeichen gesehen werden, dass er gl\u00fccklich ist. Situativ deuten aber auch die verschiedenen Elemente in der K\u00f6rpersprache des Hundes in ihrem Gesamtbild darauf hin, wie er sich zum aktuellen Zeitpunkt f\u00fchlt. Am besten betrachtest du ihn Kopf bis Fu\u00df und ziehst dann erst R\u00fcckschl\u00fcsse auf seine Stimmung.<\/p>\n<p>Du m\u00f6chtest noch mehr \u00fcber die K\u00f6rpersprache Deines Hundes erfahren? Dann lies \u00a0unseren Beitrag <a href=\"https:\/\/uelzener.de\/magazin\/hund\/erziehung-und-training\/hundesprache\/\">Hundesprache \u2013 Kommunikation auf vier Pfoten<\/a>.<\/p>\n<p>&nbsp;<\/p>\n<p>&nbsp;<\/p>\n<p>&nbsp;<\/p>\n<p>&nbsp;<\/p>\n","protected":false},"excerpt":{"rendered":"<p>Manchmal w\u00fcnschen sich Hundehalter:innen, dass der eigene Hund einfach sagen k\u00f6nnte, ob er gerade gl\u00fccklich und zufrieden ist. Zum Gl\u00fcck hast du viele M\u00f6glichkeiten, die Stimmung deines Tieres herauszufinden. Sprechen k\u00f6nnen die vierbeinigen Gef\u00e4hrten zwar nicht, sie teilen aber trotzdem viel mit: Wenn du K\u00f6rpersprache und Verhalten deines Hundes zu lesen lernst und richtig deutest, [&hellip;]<\/p>\n","protected":false},"author":3,"featured_media":13373,"parent":11687,"menu_order":26,"comment_status":"closed","ping_status":"closed","template":"templates\/blog.php","meta":{"_acf_changed":false,"_crdt_document":"","footnotes":"","beyondwords_generate_audio":"","beyondwords_project_id":"","beyondwords_content_id":"","beyondwords_preview_token":"","beyondwords_player_style":"","beyondwords_language_id":"","beyondwords_title_voice_id":"","beyondwords_body_voice_id":"","beyondwords_summary_voice_id":"","beyondwords_error_message":"","beyondwords_disabled":"","beyondwords_delete_content":"","beyondwords_podcast_id":"","beyondwords_hash":"","publish_post_to_speechkit":"","speechkit_hash":"","speechkit_generate_audio":"","speechkit_project_id":"","speechkit_podcast_id":"","speechkit_error_message":"","speechkit_disabled":"","speechkit_access_key":"","speechkit_error":"","speechkit_info":"","speechkit_response":"","speechkit_retries":"","speechkit_status":"","speechkit_updated_at":"","_speechkit_link":"","_speechkit_text":""},"class_list":["post-13372","page","type-page","status-publish","has-post-thumbnail","hentry"],"acf":[],"yoast_head":"<!-- This site is optimized with the Yoast SEO Premium plugin  - https:\/\/yoast.com\/product\/yoast-seo-premium-wordpress\/ -->\n<title>Anzeichen f\u00fcr einen gl\u00fccklichen Hund | Uelzener<\/title>\n<meta name=\"description\" content=\"Hunde dr\u00fccken mit ihrer K\u00f6rpersprache ihre Gef\u00fchle aus. \u2713 Auch das Verhalten gibt Anzeichen, ob sie gl\u00fccklich sind. \u25b6 Hier erfahren Sie mehr!\" \/>\n<meta name=\"robots\" content=\"index, follow, max-snippet:-1, max-image-preview:large, max-video-preview:-1\" \/>\n<link rel=\"canonical\" href=\"https:\/\/uelzener.de\/magazin\/hund\/haeufige-fragen\/koerpersprache-lesen-lernen-anzeichen-fuer-einen-gluecklichen-hund\/\" \/>\n<meta property=\"og:locale\" content=\"de_DE\" \/>\n<meta property=\"og:type\" content=\"article\" \/>\n<meta property=\"og:title\" content=\"K\u00f6rpersprache lesen lernen: Anzeichen f\u00fcr einen gl\u00fccklichen Hund\" \/>\n<meta property=\"og:description\" content=\"Hunde dr\u00fccken mit ihrer K\u00f6rpersprache ihre Gef\u00fchle aus. \u2713 Auch das Verhalten gibt Anzeichen, ob sie gl\u00fccklich sind. \u25b6 Hier erfahren Sie mehr!\" \/>\n<meta property=\"og:url\" content=\"https:\/\/uelzener.de\/magazin\/hund\/haeufige-fragen\/koerpersprache-lesen-lernen-anzeichen-fuer-einen-gluecklichen-hund\/\" \/>\n<meta property=\"og:site_name\" content=\"Uelzener Tier-Magazin\" \/>\n<meta property=\"article:publisher\" content=\"https:\/\/www.facebook.com\/Uelzener\" \/>\n<meta property=\"article:modified_time\" content=\"2023-05-02T08:46:40+00:00\" \/>\n<meta property=\"og:image\" content=\"https:\/\/uelzener.de\/magazin\/app\/uploads\/2022\/05\/Gluecklicher-Hund.jpg\" \/>\n\t<meta property=\"og:image:width\" content=\"1024\" \/>\n\t<meta property=\"og:image:height\" content=\"450\" \/>\n\t<meta property=\"og:image:type\" content=\"image\/jpeg\" \/>\n<meta name=\"twitter:card\" content=\"summary_large_image\" \/>\n<meta name=\"twitter:label1\" content=\"Gesch\u00e4tzte Lesezeit\" \/>\n\t<meta name=\"twitter:data1\" content=\"5\u00a0Minuten\" \/>\n<script type=\"application\/ld+json\" class=\"yoast-schema-graph\">{\"@context\":\"https:\/\/schema.org\",\"@graph\":[{\"@type\":\"WebPage\",\"@id\":\"https:\/\/uelzener.de\/magazin\/hund\/haeufige-fragen\/koerpersprache-lesen-lernen-anzeichen-fuer-einen-gluecklichen-hund\/\",\"url\":\"https:\/\/uelzener.de\/magazin\/hund\/haeufige-fragen\/koerpersprache-lesen-lernen-anzeichen-fuer-einen-gluecklichen-hund\/\",\"name\":\"Anzeichen f\u00fcr einen gl\u00fccklichen Hund | Uelzener\",\"isPartOf\":{\"@id\":\"https:\/\/uelzener.de\/magazin\/#website\"},\"primaryImageOfPage\":{\"@id\":\"https:\/\/uelzener.de\/magazin\/hund\/haeufige-fragen\/koerpersprache-lesen-lernen-anzeichen-fuer-einen-gluecklichen-hund\/#primaryimage\"},\"image\":{\"@id\":\"https:\/\/uelzener.de\/magazin\/hund\/haeufige-fragen\/koerpersprache-lesen-lernen-anzeichen-fuer-einen-gluecklichen-hund\/#primaryimage\"},\"thumbnailUrl\":\"https:\/\/uelzener.de\/magazin\/app\/uploads\/2022\/05\/Gluecklicher-Hund.jpg\",\"datePublished\":\"2022-05-08T09:50:08+00:00\",\"dateModified\":\"2023-05-02T08:46:40+00:00\",\"description\":\"Hunde dr\u00fccken mit ihrer K\u00f6rpersprache ihre Gef\u00fchle aus. \u2713 Auch das Verhalten gibt Anzeichen, ob sie gl\u00fccklich sind. \u25b6 Hier erfahren Sie mehr!\",\"breadcrumb\":{\"@id\":\"https:\/\/uelzener.de\/magazin\/hund\/haeufige-fragen\/koerpersprache-lesen-lernen-anzeichen-fuer-einen-gluecklichen-hund\/#breadcrumb\"},\"inLanguage\":\"de\",\"potentialAction\":[{\"@type\":\"ReadAction\",\"target\":[\"https:\/\/uelzener.de\/magazin\/hund\/haeufige-fragen\/koerpersprache-lesen-lernen-anzeichen-fuer-einen-gluecklichen-hund\/\"]}]},{\"@type\":\"ImageObject\",\"inLanguage\":\"de\",\"@id\":\"https:\/\/uelzener.de\/magazin\/hund\/haeufige-fragen\/koerpersprache-lesen-lernen-anzeichen-fuer-einen-gluecklichen-hund\/#primaryimage\",\"url\":\"https:\/\/uelzener.de\/magazin\/app\/uploads\/2022\/05\/Gluecklicher-Hund.jpg\",\"contentUrl\":\"https:\/\/uelzener.de\/magazin\/app\/uploads\/2022\/05\/Gluecklicher-Hund.jpg\",\"width\":1024,\"height\":450,\"caption\":\"Wei\u00dfer Terrier l\u00e4uft gl\u00fccklich \u00fcber gr\u00fcne Wiese.\"},{\"@type\":\"WebSite\",\"@id\":\"https:\/\/uelzener.de\/magazin\/#website\",\"url\":\"https:\/\/uelzener.de\/magazin\/\",\"name\":\"Uelzener Tiermagazin\",\"description\":\"Online Tierratgeber der Uelzener Versicherungen\",\"publisher\":{\"@id\":\"https:\/\/uelzener.de\/magazin\/#organization\"},\"potentialAction\":[{\"@type\":\"SearchAction\",\"target\":{\"@type\":\"EntryPoint\",\"urlTemplate\":\"https:\/\/uelzener.de\/magazin\/?s={search_term_string}\"},\"query-input\":{\"@type\":\"PropertyValueSpecification\",\"valueRequired\":true,\"valueName\":\"search_term_string\"}}],\"inLanguage\":\"de\"},{\"@type\":\"Organization\",\"@id\":\"https:\/\/uelzener.de\/magazin\/#organization\",\"name\":\"Uelzener Versicherungen\",\"url\":\"https:\/\/uelzener.de\/magazin\/\",\"logo\":{\"@type\":\"ImageObject\",\"inLanguage\":\"de\",\"@id\":\"https:\/\/uelzener.de\/magazin\/#\/schema\/logo\/image\/\",\"url\":\"https:\/\/uelzener.de\/magazin\/app\/uploads\/2024\/11\/uelzener_allgemeine_versicherungsgesellschaft_a_g_logo.jpg\",\"contentUrl\":\"https:\/\/uelzener.de\/magazin\/app\/uploads\/2024\/11\/uelzener_allgemeine_versicherungsgesellschaft_a_g_logo.jpg\",\"width\":200,\"height\":200,\"caption\":\"Uelzener Versicherungen\"},\"image\":{\"@id\":\"https:\/\/uelzener.de\/magazin\/#\/schema\/logo\/image\/\"},\"sameAs\":[\"https:\/\/www.facebook.com\/Uelzener\",\"https:\/\/instagram.com\/uelzener\",\"https:\/\/www.xing.com\/pages\/uelzenerallgemeineversicherungs-gesellschafta-g\",\"https:\/\/www.youtube.com\/UelzenerVersicherungen\"]}]}<\/script>\n<!-- \/ Yoast SEO Premium plugin. -->","yoast_head_json":{"title":"Anzeichen f\u00fcr einen gl\u00fccklichen Hund | Uelzener","description":"Hunde dr\u00fccken mit ihrer K\u00f6rpersprache ihre Gef\u00fchle aus. \u2713 Auch das Verhalten gibt Anzeichen, ob sie gl\u00fccklich sind. \u25b6 Hier erfahren Sie mehr!","robots":{"index":"index","follow":"follow","max-snippet":"max-snippet:-1","max-image-preview":"max-image-preview:large","max-video-preview":"max-video-preview:-1"},"canonical":"https:\/\/uelzener.de\/magazin\/hund\/haeufige-fragen\/koerpersprache-lesen-lernen-anzeichen-fuer-einen-gluecklichen-hund\/","og_locale":"de_DE","og_type":"article","og_title":"K\u00f6rpersprache lesen lernen: Anzeichen f\u00fcr einen gl\u00fccklichen Hund","og_description":"Hunde dr\u00fccken mit ihrer K\u00f6rpersprache ihre Gef\u00fchle aus. \u2713 Auch das Verhalten gibt Anzeichen, ob sie gl\u00fccklich sind. \u25b6 Hier erfahren Sie mehr!","og_url":"https:\/\/uelzener.de\/magazin\/hund\/haeufige-fragen\/koerpersprache-lesen-lernen-anzeichen-fuer-einen-gluecklichen-hund\/","og_site_name":"Uelzener Tier-Magazin","article_publisher":"https:\/\/www.facebook.com\/Uelzener","article_modified_time":"2023-05-02T08:46:40+00:00","og_image":[{"width":1024,"height":450,"url":"https:\/\/uelzener.de\/magazin\/app\/uploads\/2022\/05\/Gluecklicher-Hund.jpg","type":"image\/jpeg"}],"twitter_card":"summary_large_image","twitter_misc":{"Gesch\u00e4tzte Lesezeit":"5\u00a0Minuten"},"schema":{"@context":"https:\/\/schema.org","@graph":[{"@type":"WebPage","@id":"https:\/\/uelzener.de\/magazin\/hund\/haeufige-fragen\/koerpersprache-lesen-lernen-anzeichen-fuer-einen-gluecklichen-hund\/","url":"https:\/\/uelzener.de\/magazin\/hund\/haeufige-fragen\/koerpersprache-lesen-lernen-anzeichen-fuer-einen-gluecklichen-hund\/","name":"Anzeichen f\u00fcr einen gl\u00fccklichen Hund | Uelzener","isPartOf":{"@id":"https:\/\/uelzener.de\/magazin\/#website"},"primaryImageOfPage":{"@id":"https:\/\/uelzener.de\/magazin\/hund\/haeufige-fragen\/koerpersprache-lesen-lernen-anzeichen-fuer-einen-gluecklichen-hund\/#primaryimage"},"image":{"@id":"https:\/\/uelzener.de\/magazin\/hund\/haeufige-fragen\/koerpersprache-lesen-lernen-anzeichen-fuer-einen-gluecklichen-hund\/#primaryimage"},"thumbnailUrl":"https:\/\/uelzener.de\/magazin\/app\/uploads\/2022\/05\/Gluecklicher-Hund.jpg","datePublished":"2022-05-08T09:50:08+00:00","dateModified":"2023-05-02T08:46:40+00:00","description":"Hunde dr\u00fccken mit ihrer K\u00f6rpersprache ihre Gef\u00fchle aus. \u2713 Auch das Verhalten gibt Anzeichen, ob sie gl\u00fccklich sind. \u25b6 Hier erfahren Sie mehr!","breadcrumb":{"@id":"https:\/\/uelzener.de\/magazin\/hund\/haeufige-fragen\/koerpersprache-lesen-lernen-anzeichen-fuer-einen-gluecklichen-hund\/#breadcrumb"},"inLanguage":"de","potentialAction":[{"@type":"ReadAction","target":["https:\/\/uelzener.de\/magazin\/hund\/haeufige-fragen\/koerpersprache-lesen-lernen-anzeichen-fuer-einen-gluecklichen-hund\/"]}]},{"@type":"ImageObject","inLanguage":"de","@id":"https:\/\/uelzener.de\/magazin\/hund\/haeufige-fragen\/koerpersprache-lesen-lernen-anzeichen-fuer-einen-gluecklichen-hund\/#primaryimage","url":"https:\/\/uelzener.de\/magazin\/app\/uploads\/2022\/05\/Gluecklicher-Hund.jpg","contentUrl":"https:\/\/uelzener.de\/magazin\/app\/uploads\/2022\/05\/Gluecklicher-Hund.jpg","width":1024,"height":450,"caption":"Wei\u00dfer Terrier l\u00e4uft gl\u00fccklich \u00fcber gr\u00fcne Wiese."},{"@type":"WebSite","@id":"https:\/\/uelzener.de\/magazin\/#website","url":"https:\/\/uelzener.de\/magazin\/","name":"Uelzener Tiermagazin","description":"Online Tierratgeber der Uelzener Versicherungen","publisher":{"@id":"https:\/\/uelzener.de\/magazin\/#organization"},"potentialAction":[{"@type":"SearchAction","target":{"@type":"EntryPoint","urlTemplate":"https:\/\/uelzener.de\/magazin\/?s={search_term_string}"},"query-input":{"@type":"PropertyValueSpecification","valueRequired":true,"valueName":"search_term_string"}}],"inLanguage":"de"},{"@type":"Organization","@id":"https:\/\/uelzener.de\/magazin\/#organization","name":"Uelzener Versicherungen","url":"https:\/\/uelzener.de\/magazin\/","logo":{"@type":"ImageObject","inLanguage":"de","@id":"https:\/\/uelzener.de\/magazin\/#\/schema\/logo\/image\/","url":"https:\/\/uelzener.de\/magazin\/app\/uploads\/2024\/11\/uelzener_allgemeine_versicherungsgesellschaft_a_g_logo.jpg","contentUrl":"https:\/\/uelzener.de\/magazin\/app\/uploads\/2024\/11\/uelzener_allgemeine_versicherungsgesellschaft_a_g_logo.jpg","width":200,"height":200,"caption":"Uelzener Versicherungen"},"image":{"@id":"https:\/\/uelzener.de\/magazin\/#\/schema\/logo\/image\/"},"sameAs":["https:\/\/www.facebook.com\/Uelzener","https:\/\/instagram.com\/uelzener","https:\/\/www.xing.com\/pages\/uelzenerallgemeineversicherungs-gesellschafta-g","https:\/\/www.youtube.com\/UelzenerVersicherungen"]}]}},"_links":{"self":[{"href":"https:\/\/uelzener.de\/magazin\/wp-json\/wp\/v2\/pages\/13372","targetHints":{"allow":["GET"]}}],"collection":[{"href":"https:\/\/uelzener.de\/magazin\/wp-json\/wp\/v2\/pages"}],"about":[{"href":"https:\/\/uelzener.de\/magazin\/wp-json\/wp\/v2\/types\/page"}],"author":[{"embeddable":true,"href":"https:\/\/uelzener.de\/magazin\/wp-json\/wp\/v2\/users\/3"}],"replies":[{"embeddable":true,"href":"https:\/\/uelzener.de\/magazin\/wp-json\/wp\/v2\/comments?post=13372"}],"version-history":[{"count":4,"href":"https:\/\/uelzener.de\/magazin\/wp-json\/wp\/v2\/pages\/13372\/revisions"}],"predecessor-version":[{"id":15496,"href":"https:\/\/uelzener.de\/magazin\/wp-json\/wp\/v2\/pages\/13372\/revisions\/15496"}],"up":[{"embeddable":true,"href":"https:\/\/uelzener.de\/magazin\/wp-json\/wp\/v2\/pages\/11687"}],"wp:featuredmedia":[{"embeddable":true,"href":"https:\/\/uelzener.de\/magazin\/wp-json\/wp\/v2\/media\/13373"}],"wp:attachment":[{"href":"https:\/\/uelzener.de\/magazin\/wp-json\/wp\/v2\/media?parent=13372"}],"curies":[{"name":"wp","href":"https:\/\/api.w.org\/{rel}","templated":true}]}}