{"id":13082,"date":"2024-04-11T18:18:38","date_gmt":"2024-04-11T16:18:38","guid":{"rendered":"https:\/\/uelzener.de\/magazin\/?page_id=13082"},"modified":"2025-06-19T11:37:33","modified_gmt":"2025-06-19T09:37:33","slug":"urlaub-mit-eigenem-pferd","status":"publish","type":"page","link":"https:\/\/uelzener.de\/magazin\/pferd\/tipps-fuer-den-alltag\/urlaub-mit-eigenem-pferd\/","title":{"rendered":"Urlaub mit Pferd: Tipps f\u00fcr die erholsame Reise"},"content":{"rendered":"<p class=\"ai-optimize-6 ai-optimize-introduction\">Mit dem eigenen Pferd in den Urlaub zu fahren, ist f\u00fcr viele Pferdebesitzer:innen ein gro\u00dfer Traum. Damit die Reise f\u00fcr dich und dein Tier erholsam wird, ist eine gute Vorbereitung das A und O \u2013 schlie\u00dflich m\u00f6chte man nicht ungeplant mit einem Allergiker durch bl\u00fchende Landschaften reiten oder mit einem Senior Berge erklimmen. <strong>Gesundheitlich angeschlagene oder sensible Pferde sollten besser in ihrer vertrauten Umgebung bleiben<\/strong>. Wenn dein Pferd aber ans Anh\u00e4ngerfahren gew\u00f6hnt ist und genug Zeit zur Anpassung an ein anderes Umfeld bekommt, dann steht der Reise nichts im Wege. Unsere Tipps geben dir bei der Reiseplanung eine erste Orientierung.<\/p>\n<h2 class=\"ai-optimize-7\"><strong>Vorbereitungen f\u00fcr den Urlaub mit Pferd<\/strong><\/h2>\n<p class=\"ai-optimize-8\">Ganz unabh\u00e4ngig vom sp\u00e4teren Reiseziel gibt es eine Reihe von Punkten, auf die Pferd und Reiter:in vorbereitet sein sollten. Um \u00fcberhaupt verreisen zu k\u00f6nnen, wird zuerst einmal ein Pferdeanh\u00e4nger im verkehrssicheren Zustand ben\u00f6tigt. Selbst mit aktueller T\u00dcV-Plakette sollten gerade vor einer langen Fahrt Reifen, Bremsen und Lichter noch einmal \u00fcberpr\u00fcft werden.<\/p>\n<p class=\"ai-optimize-9\">Zudem ist ein <a href=\"https:\/\/uelzener.de\/magazin\/pferd\/erziehung-und-training\/pferde-verladen-und-transportieren\/\"><strong>Verladetraining<\/strong><\/a> wichtig, damit das Pferd jederzeit entspannt in den Anh\u00e4nger gef\u00fchrt werden kann. Wenn die letzte Fahrt schon eine Weile zur\u00fcckliegt, empfiehlt es sich au\u00dferdem, einige <strong>kurze \u00dcbungsfahrten<\/strong> zu machen, damit das Pferd sich wieder an die Situation gew\u00f6hnt. Das gibt auch der Person am Steuer wieder Sicherheit. Sind f\u00fcr die Urlaubsreise gleich zwei Pferde eingeplant, sollte auch darauf geachtet werden, dass diese sich verstehen und nicht gegenseitig stressen.<\/p>\n<p class=\"ai-optimize-10\">Das Pferd muss gesundheitlich fit und mit den notwendigen Impfungen vorbereitet sein. Grunds\u00e4tzlich sind <strong>Impfungen gegen Tetanus, Equine Influenza (Pferdegrippe) und Equine Herpes-Infektionen<\/strong> von der St\u00e4ndigen Impfkommission Veterin\u00e4rmedizin (StIKo Vet) empfohlen und in der Regel Voraussetzung f\u00fcr den Aufenthalt am Zielstall. Aber auch gegen <a href=\"https:\/\/uelzener.de\/magazin\/pferd\/tiergesundheit\/tollwut-beim-pferd\/\" target=\"_blank\" rel=\"noopener\">Tollwut<\/a> kann ein Schutz sinnvoll sein, wenn im Zielland noch Tollwut verbreitet ist. Es empfiehlt sich immer, zus\u00e4tzlich den Rat eines Tierarztes oder einer Tier\u00e4rztin einzuholen, aber auch die Stallbesitzer am Zielort k\u00f6nnen vorab oft aufschlussreiche Informationen geben.<\/p>\n<p><img decoding=\"async\" class=\"alignnone wp-image-17203 size-large\" src=\"https:\/\/uelzener.de\/magazin\/app\/uploads\/2024\/03\/Pferd4-1024x1024.jpg\" alt=\"Uelzener-Infografik: Was kostet die Impfung f\u00fcr das Pferd?\" width=\"1024\" height=\"1024\" srcset=\"https:\/\/uelzener.de\/magazin\/app\/uploads\/2024\/03\/Pferd4-1024x1024.jpg 1024w, https:\/\/uelzener.de\/magazin\/app\/uploads\/2024\/03\/Pferd4-300x300.jpg 300w, https:\/\/uelzener.de\/magazin\/app\/uploads\/2024\/03\/Pferd4-150x150.jpg 150w, https:\/\/uelzener.de\/magazin\/app\/uploads\/2024\/03\/Pferd4-768x768.jpg 768w, https:\/\/uelzener.de\/magazin\/app\/uploads\/2024\/03\/Pferd4-1026x1026.jpg 1026w, https:\/\/uelzener.de\/magazin\/app\/uploads\/2024\/03\/Pferd4-668x668.jpg 668w, https:\/\/uelzener.de\/magazin\/app\/uploads\/2024\/03\/Pferd4.jpg 1080w\" sizes=\"(max-width: 1024px) 100vw, 1024px\" \/><\/p>\n<p class=\"ai-optimize-11\">Neben dem aktuellen Impfstatus sollte auch die <strong>Hufpflege<\/strong> gut geplant sein. Ein Besuch beim Hufschmied sollte jedoch nicht zu nah am Abreisetag liegen, sondern ist eher ein oder zwei Wochen im Vorfeld ratsam. Dann kann sich das Pferd bereits einlaufen, beziehungsweise der Fachmann kann bei Problemen noch zu Hause konsultiert werden.<\/p>\n<h2 class=\"ai-optimize-12\">Die Packliste f\u00fcrs Pferd:<\/h2>\n<ul>\n<li class=\"ai-optimize-13\">Equidenpass \/ Impfpass<\/li>\n<li class=\"ai-optimize-14\">Futter und Wasser (auch f\u00fcr die Fahrt)<\/li>\n<li class=\"ai-optimize-15\">Halfter und F\u00fchrstricke<\/li>\n<li class=\"ai-optimize-16\">Sattel samt Zubeh\u00f6r (Steigb\u00fcgel, Satteldecke, Sattelgurt) und Ersatz, falls vor Ort etwas kaputtgeht<\/li>\n<li class=\"ai-optimize-17\">Trense<\/li>\n<li class=\"ai-optimize-18\">je nach klimatischen Bedingungen: eine Abschwitz-, Regen-, Winter- oder Fliegendecke<\/li>\n<li class=\"ai-optimize-19\">Erste-Hilfe-Set<\/li>\n<li class=\"ai-optimize-20\">Beinschutz \/ Transportgamaschen f\u00fcr die Fahrt<\/li>\n<li class=\"ai-optimize-21\">Putzzeug<\/li>\n<li class=\"ai-optimize-22\">sonstiges Pflegezubeh\u00f6r bei Allergien oder Ekzemen<\/li>\n<\/ul>\n<h2 class=\"ai-optimize-23\">Die Packliste f\u00fcr den Reiter oder die Reiterin:<\/h2>\n<ul>\n<li class=\"ai-optimize-24\">Reithosen, -stiefel, -helm<\/li>\n<li class=\"ai-optimize-25\">Sport-Unterw\u00e4sche<\/li>\n<li class=\"ai-optimize-26\">Handschuhe<\/li>\n<li class=\"ai-optimize-27\">Hilfsmittel, etwa Gerte oder Sporen<\/li>\n<li class=\"ai-optimize-28\">Sonstige notwendige Kleidung und Zubeh\u00f6r<\/li>\n<\/ul>\n<p class=\"ai-optimize-29\">Bei einem Reiseziel im Ausland solltest du nachsehen, ob die deutsche Fahrerlaubnis den dort geltenden Gesetzen entspricht. Auch Versicherungen wie die <a href=\"https:\/\/uelzener.de\/pferd\/pferde-haftpflichtversicherung\/\" target=\"_blank\" rel=\"noopener\"><strong>Pferdehaftpflicht<\/strong><\/a> gilt es dann auf ihre Auslandsg\u00fcltigkeit zu \u00fcberpr\u00fcfen. Je nach Land kann sogar die Einfuhr von ausl\u00e4ndischen Pferden verboten oder mit einer Quarant\u00e4ne verbunden sein.<\/p>\n<h2 class=\"ai-optimize-30\">Nah oder fern: Wohin soll die Reise gehen?<\/h2>\n<p class=\"ai-optimize-31\">Bei einem gesunden Pferd ist die Wahl des Reiseziels relativ offen. <strong>Wanderritte<\/strong> in den Bergen sind dann ebenso m\u00f6glich wie Ausritte am <strong>Strand<\/strong> oder der Besuch eines <strong>Reiterhofes<\/strong> zum gemeinsamen Training. Sind Tier oder Mensch allerdings nicht in optimaler Verfassung, ist ein Strandbesuch meist schonender. Bei einem Pferd mit Atemwegsbeschwerden kann eine Reise ans Meer sogar noch einen Kuraspekt beinhalten.<\/p>\n<p class=\"ai-optimize-32\">Egal wohin die Reise f\u00fchrt: Die Reisenden sollten sich auf jeden Fall \u00fcber die Begebenheiten vor Ort informieren. Generell herrscht die Faustregel: Je weiter und komplizierter die Fahrt und je fremdartiger die Umgebung, desto weniger gut eignet sich der Urlaub f\u00fcr das Pferd.<\/p>\n<h3 class=\"ai-optimize-33\">Wie ist das Wetter am Urlaubsziel?<\/h3>\n<p class=\"ai-optimize-34\">Wie ist zum Beispiel das Klima vor Ort zur Reisezeit? Ist es sehr hei\u00df, sollten eher die k\u00fchleren Morgen- oder Abendstunden f\u00fcr die Fahrt genutzt werden. Auch die Dauer der Fahrt ist entscheidend. F\u00fcr den Urlaub mit Pferd ist eine Reise in einem Fahrtumkreis von vier Stunden empfohlen, maximal sollte die Fahrt an einem Tag acht Stunden dauern. Mache auch etwa alle 3bis 4 Stunden (bei Hitze alle 2 Stunden) Pausen zum Tr\u00e4nken und Kontrollieren. F\u00fchre dabei das Pferd nur aus dem Anh\u00e4nger, wenn die Umgebung sicher ist und das Verladen einwandfrei funktioniert.<\/p>\n<h3 class=\"ai-optimize-35\">Wie lange dauert die Fahrt?<\/h3>\n<p class=\"ai-optimize-36\">Neben der Dauer der Fahrt spielt auch die Dauer der gesamten Reise eine Rolle. Je l\u00e4nger die Anreise, desto mehr Zeit sollte das Pferd zur Eingew\u00f6hnung an Ger\u00fcche, Personen, Tiere und Abl\u00e4ufe im neuen Stall bekommen. Ein Wochenendtrip ist daher nur bei sehr kurzen Fahrten ratsam. Leichte Ver\u00e4nderungen zum gewohnten<br \/>\n(Fress-)Verhalten sind in den ersten Tagen relativ \u00fcblich, sollten aber beobachtet werden.<\/p>\n<h3 class=\"ai-optimize-37\">Regeln und Infrastruktur am Urlaubsort<\/h3>\n<p class=\"ai-optimize-38\">Schlie\u00dflich m\u00fcssen Pferdehalter:innen die Regeln und die Infrastruktur vor Ort beachten. Viele Str\u00e4nde sind in der Sommersaison nicht f\u00fcr Pferde zu betreten und bei einem langen Wanderausritt m\u00fcssen immer gen\u00fcgend Wanderreitstationen auf dem Weg liegen. Auch \u00fcber den Stall sollte man sich informieren. Das eigene Pferd sollte gem\u00e4\u00df seinen Gewohnheiten in einem Offenstall oder einer Box untergebracht werden.<\/p>\n<h3 class=\"ai-optimize-39\">Wissenswert sind zudem Antworten auf folgende Fragen, zu denen sicherlich der Stallbetreiber Auskunft geben kann:<\/h3>\n<ul>\n<li class=\"ai-optimize-40\">Was und wie viel wird im Urlaubsstall gef\u00fcttert?<\/li>\n<li class=\"ai-optimize-41\">Sind die anderen Pferde im Stall geimpft?<\/li>\n<li class=\"ai-optimize-42\">Gab es in j\u00fcngster Zeit Infektionen mit ansteckenden Krankheiten wie <a href=\"https:\/\/uelzener.de\/magazin\/pferd\/tiergesundheit\/druse-pferd\/\">Druse<\/a> oder <a href=\"https:\/\/uelzener.de\/magazin\/pferd\/tiergesundheit\/herpes-pferd\/\">Herpes<\/a>?<\/li>\n<li class=\"ai-optimize-43\">Wie ist die Anbindung an Reitwege in der Umgebung?<\/li>\n<li class=\"ai-optimize-44\">Ist der Stall selbst gegen eventuelle Sch\u00e4den versichert?<\/li>\n<li class=\"ai-optimize-45\">Wo finde ich im Notfall Tier\u00e4rzt:in oder Hufschmied?<\/li>\n<\/ul>\n<h2 class=\"ai-optimize-46\">Ausblick: Beliebte Ziele f\u00fcr Urlaub mit Pferd<\/h2>\n<p class=\"ai-optimize-47\">Einige Orte haben sich als geeignet f\u00fcr Pferde-Urlaube erwiesen und mit der Zeit ihre Infrastruktur angepasst, sodass etwa Reiterh\u00f6fe auch <a href=\"https:\/\/uelzener.de\/magazin\/pferd\/tipps-fuer-den-alltag\/reiterferien-im-herbst\/\">Reiterferien<\/a> und nahegelegene Ferienwohnungen anbieten.<\/p>\n<p class=\"ai-optimize-48\">Cuxhaven ist zum Beispiel der Standardtipp f\u00fcr Strandurlaube mit Ausritt-M\u00f6glichkeiten ins Wattenmeer und Borkum kann besonders bei Atemwegserkrankungen von Pferd oder Mensch als Kurort dienen. Wanderausritte werden hingegen h\u00e4ufig in der Vulkaneifel oder am Chiemsee empfohlen. Auch die L\u00fcneburger Heide ist gerade zu ihrer Bl\u00fctezeit im August ein beliebtes Reiseziel.<\/p>\n<p class=\"ai-optimize-49\">Ob Heide, Strand, W\u00e4lder oder Berge: Wer sich und sein Pferd mit diesen Tipps gut auf den Urlaub vorbereitet, kann eine erholsame Zeit mit seinem tierischen Begleiter genie\u00dfen.<\/p>\n","protected":false},"excerpt":{"rendered":"<p>Mit dem eigenen Pferd in den Urlaub zu fahren, ist f\u00fcr viele Pferdebesitzer:innen ein gro\u00dfer Traum. Damit die Reise f\u00fcr dich und dein Tier erholsam wird, ist eine gute Vorbereitung das A und O \u2013 schlie\u00dflich m\u00f6chte man nicht ungeplant mit einem Allergiker durch bl\u00fchende Landschaften reiten oder mit einem Senior Berge erklimmen. Gesundheitlich angeschlagene [&hellip;]<\/p>\n","protected":false},"author":3,"featured_media":13085,"parent":11703,"menu_order":10,"comment_status":"closed","ping_status":"closed","template":"templates\/blog.php","meta":{"_acf_changed":false,"_crdt_document":"","footnotes":"","beyondwords_generate_audio":"0","beyondwords_project_id":"","beyondwords_content_id":"","beyondwords_preview_token":"","beyondwords_player_style":"","beyondwords_language_id":"","beyondwords_title_voice_id":"","beyondwords_body_voice_id":"","beyondwords_summary_voice_id":"","beyondwords_error_message":"","beyondwords_disabled":"","beyondwords_delete_content":"","beyondwords_podcast_id":"","beyondwords_hash":"","publish_post_to_speechkit":"","speechkit_hash":"","speechkit_generate_audio":"","speechkit_project_id":"","speechkit_podcast_id":"","speechkit_error_message":"","speechkit_disabled":"","speechkit_access_key":"","speechkit_error":"","speechkit_info":"","speechkit_response":"","speechkit_retries":"","speechkit_status":"","speechkit_updated_at":"","_speechkit_link":"","_speechkit_text":""},"class_list":["post-13082","page","type-page","status-publish","has-post-thumbnail","hentry"],"acf":[],"yoast_head":"<!-- This site is optimized with the Yoast SEO Premium plugin  - https:\/\/yoast.com\/product\/yoast-seo-premium-wordpress\/ -->\n<title>Urlaub mit Pferd: Tipps f\u00fcr die erholsame Reise | Uelzener Magazin<\/title>\n<meta name=\"description\" content=\"Mit dem eigenen Pferd in den Urlaub zu fahren ist f\u00fcr viele Besitzer:innen ein gro\u00dfer Traum. Wir verraten dir alles \u00fcber die Vorbereitung.\" \/>\n<meta name=\"robots\" content=\"index, follow, max-snippet:-1, max-image-preview:large, max-video-preview:-1\" \/>\n<link rel=\"canonical\" href=\"https:\/\/uelzener.de\/magazin\/pferd\/tipps-fuer-den-alltag\/urlaub-mit-eigenem-pferd\/\" \/>\n<meta property=\"og:locale\" content=\"de_DE\" \/>\n<meta property=\"og:type\" content=\"article\" \/>\n<meta property=\"og:title\" content=\"Urlaub mit Pferd: Tipps f\u00fcr die erholsame Reise\" \/>\n<meta property=\"og:description\" content=\"Mit dem eigenen Pferd in den Urlaub zu fahren ist f\u00fcr viele Besitzer:innen ein gro\u00dfer Traum. Wir verraten dir alles \u00fcber die Vorbereitung.\" \/>\n<meta property=\"og:url\" content=\"https:\/\/uelzener.de\/magazin\/pferd\/tipps-fuer-den-alltag\/urlaub-mit-eigenem-pferd\/\" \/>\n<meta property=\"og:site_name\" content=\"Uelzener Tier-Magazin\" \/>\n<meta property=\"article:publisher\" content=\"https:\/\/www.facebook.com\/Uelzener\" \/>\n<meta property=\"article:modified_time\" content=\"2025-06-19T09:37:33+00:00\" \/>\n<meta property=\"og:image\" content=\"https:\/\/uelzener.de\/magazin\/app\/uploads\/2022\/04\/Urlaub-mit-Pferd.jpg\" \/>\n\t<meta property=\"og:image:width\" content=\"1024\" \/>\n\t<meta property=\"og:image:height\" content=\"450\" \/>\n\t<meta property=\"og:image:type\" content=\"image\/jpeg\" \/>\n<meta name=\"twitter:card\" content=\"summary_large_image\" \/>\n<meta name=\"twitter:label1\" content=\"Gesch\u00e4tzte Lesezeit\" \/>\n\t<meta name=\"twitter:data1\" content=\"7\u00a0Minuten\" \/>\n<script type=\"application\/ld+json\" class=\"yoast-schema-graph\">{\"@context\":\"https:\/\/schema.org\",\"@graph\":[{\"@type\":\"WebPage\",\"@id\":\"https:\/\/uelzener.de\/magazin\/pferd\/tipps-fuer-den-alltag\/urlaub-mit-eigenem-pferd\/\",\"url\":\"https:\/\/uelzener.de\/magazin\/pferd\/tipps-fuer-den-alltag\/urlaub-mit-eigenem-pferd\/\",\"name\":\"Urlaub mit Pferd: Tipps f\u00fcr die erholsame Reise | Uelzener Magazin\",\"isPartOf\":{\"@id\":\"https:\/\/uelzener.de\/magazin\/#website\"},\"primaryImageOfPage\":{\"@id\":\"https:\/\/uelzener.de\/magazin\/pferd\/tipps-fuer-den-alltag\/urlaub-mit-eigenem-pferd\/#primaryimage\"},\"image\":{\"@id\":\"https:\/\/uelzener.de\/magazin\/pferd\/tipps-fuer-den-alltag\/urlaub-mit-eigenem-pferd\/#primaryimage\"},\"thumbnailUrl\":\"https:\/\/uelzener.de\/magazin\/app\/uploads\/2022\/04\/Urlaub-mit-Pferd.jpg\",\"datePublished\":\"2024-04-11T16:18:38+00:00\",\"dateModified\":\"2025-06-19T09:37:33+00:00\",\"description\":\"Mit dem eigenen Pferd in den Urlaub zu fahren ist f\u00fcr viele Besitzer:innen ein gro\u00dfer Traum. Wir verraten dir alles \u00fcber die Vorbereitung.\",\"breadcrumb\":{\"@id\":\"https:\/\/uelzener.de\/magazin\/pferd\/tipps-fuer-den-alltag\/urlaub-mit-eigenem-pferd\/#breadcrumb\"},\"inLanguage\":\"de\",\"potentialAction\":[{\"@type\":\"ReadAction\",\"target\":[\"https:\/\/uelzener.de\/magazin\/pferd\/tipps-fuer-den-alltag\/urlaub-mit-eigenem-pferd\/\"]}]},{\"@type\":\"ImageObject\",\"inLanguage\":\"de\",\"@id\":\"https:\/\/uelzener.de\/magazin\/pferd\/tipps-fuer-den-alltag\/urlaub-mit-eigenem-pferd\/#primaryimage\",\"url\":\"https:\/\/uelzener.de\/magazin\/app\/uploads\/2022\/04\/Urlaub-mit-Pferd.jpg\",\"contentUrl\":\"https:\/\/uelzener.de\/magazin\/app\/uploads\/2022\/04\/Urlaub-mit-Pferd.jpg\",\"width\":1024,\"height\":450,\"caption\":\"2 Frauen reiten mit Pferd am Strand.\"},{\"@type\":\"WebSite\",\"@id\":\"https:\/\/uelzener.de\/magazin\/#website\",\"url\":\"https:\/\/uelzener.de\/magazin\/\",\"name\":\"Uelzener Tiermagazin\",\"description\":\"Online Tierratgeber der Uelzener Versicherungen\",\"publisher\":{\"@id\":\"https:\/\/uelzener.de\/magazin\/#organization\"},\"potentialAction\":[{\"@type\":\"SearchAction\",\"target\":{\"@type\":\"EntryPoint\",\"urlTemplate\":\"https:\/\/uelzener.de\/magazin\/?s={search_term_string}\"},\"query-input\":{\"@type\":\"PropertyValueSpecification\",\"valueRequired\":true,\"valueName\":\"search_term_string\"}}],\"inLanguage\":\"de\"},{\"@type\":\"Organization\",\"@id\":\"https:\/\/uelzener.de\/magazin\/#organization\",\"name\":\"Uelzener Versicherungen\",\"url\":\"https:\/\/uelzener.de\/magazin\/\",\"logo\":{\"@type\":\"ImageObject\",\"inLanguage\":\"de\",\"@id\":\"https:\/\/uelzener.de\/magazin\/#\/schema\/logo\/image\/\",\"url\":\"https:\/\/uelzener.de\/magazin\/app\/uploads\/2024\/11\/uelzener_allgemeine_versicherungsgesellschaft_a_g_logo.jpg\",\"contentUrl\":\"https:\/\/uelzener.de\/magazin\/app\/uploads\/2024\/11\/uelzener_allgemeine_versicherungsgesellschaft_a_g_logo.jpg\",\"width\":200,\"height\":200,\"caption\":\"Uelzener Versicherungen\"},\"image\":{\"@id\":\"https:\/\/uelzener.de\/magazin\/#\/schema\/logo\/image\/\"},\"sameAs\":[\"https:\/\/www.facebook.com\/Uelzener\",\"https:\/\/instagram.com\/uelzener\",\"https:\/\/www.xing.com\/pages\/uelzenerallgemeineversicherungs-gesellschafta-g\",\"https:\/\/www.youtube.com\/UelzenerVersicherungen\"]}]}<\/script>\n<!-- \/ Yoast SEO Premium plugin. -->","yoast_head_json":{"title":"Urlaub mit Pferd: Tipps f\u00fcr die erholsame Reise | Uelzener Magazin","description":"Mit dem eigenen Pferd in den Urlaub zu fahren ist f\u00fcr viele Besitzer:innen ein gro\u00dfer Traum. Wir verraten dir alles \u00fcber die Vorbereitung.","robots":{"index":"index","follow":"follow","max-snippet":"max-snippet:-1","max-image-preview":"max-image-preview:large","max-video-preview":"max-video-preview:-1"},"canonical":"https:\/\/uelzener.de\/magazin\/pferd\/tipps-fuer-den-alltag\/urlaub-mit-eigenem-pferd\/","og_locale":"de_DE","og_type":"article","og_title":"Urlaub mit Pferd: Tipps f\u00fcr die erholsame Reise","og_description":"Mit dem eigenen Pferd in den Urlaub zu fahren ist f\u00fcr viele Besitzer:innen ein gro\u00dfer Traum. Wir verraten dir alles \u00fcber die Vorbereitung.","og_url":"https:\/\/uelzener.de\/magazin\/pferd\/tipps-fuer-den-alltag\/urlaub-mit-eigenem-pferd\/","og_site_name":"Uelzener Tier-Magazin","article_publisher":"https:\/\/www.facebook.com\/Uelzener","article_modified_time":"2025-06-19T09:37:33+00:00","og_image":[{"width":1024,"height":450,"url":"https:\/\/uelzener.de\/magazin\/app\/uploads\/2022\/04\/Urlaub-mit-Pferd.jpg","type":"image\/jpeg"}],"twitter_card":"summary_large_image","twitter_misc":{"Gesch\u00e4tzte Lesezeit":"7\u00a0Minuten"},"schema":{"@context":"https:\/\/schema.org","@graph":[{"@type":"WebPage","@id":"https:\/\/uelzener.de\/magazin\/pferd\/tipps-fuer-den-alltag\/urlaub-mit-eigenem-pferd\/","url":"https:\/\/uelzener.de\/magazin\/pferd\/tipps-fuer-den-alltag\/urlaub-mit-eigenem-pferd\/","name":"Urlaub mit Pferd: Tipps f\u00fcr die erholsame Reise | Uelzener Magazin","isPartOf":{"@id":"https:\/\/uelzener.de\/magazin\/#website"},"primaryImageOfPage":{"@id":"https:\/\/uelzener.de\/magazin\/pferd\/tipps-fuer-den-alltag\/urlaub-mit-eigenem-pferd\/#primaryimage"},"image":{"@id":"https:\/\/uelzener.de\/magazin\/pferd\/tipps-fuer-den-alltag\/urlaub-mit-eigenem-pferd\/#primaryimage"},"thumbnailUrl":"https:\/\/uelzener.de\/magazin\/app\/uploads\/2022\/04\/Urlaub-mit-Pferd.jpg","datePublished":"2024-04-11T16:18:38+00:00","dateModified":"2025-06-19T09:37:33+00:00","description":"Mit dem eigenen Pferd in den Urlaub zu fahren ist f\u00fcr viele Besitzer:innen ein gro\u00dfer Traum. Wir verraten dir alles \u00fcber die Vorbereitung.","breadcrumb":{"@id":"https:\/\/uelzener.de\/magazin\/pferd\/tipps-fuer-den-alltag\/urlaub-mit-eigenem-pferd\/#breadcrumb"},"inLanguage":"de","potentialAction":[{"@type":"ReadAction","target":["https:\/\/uelzener.de\/magazin\/pferd\/tipps-fuer-den-alltag\/urlaub-mit-eigenem-pferd\/"]}]},{"@type":"ImageObject","inLanguage":"de","@id":"https:\/\/uelzener.de\/magazin\/pferd\/tipps-fuer-den-alltag\/urlaub-mit-eigenem-pferd\/#primaryimage","url":"https:\/\/uelzener.de\/magazin\/app\/uploads\/2022\/04\/Urlaub-mit-Pferd.jpg","contentUrl":"https:\/\/uelzener.de\/magazin\/app\/uploads\/2022\/04\/Urlaub-mit-Pferd.jpg","width":1024,"height":450,"caption":"2 Frauen reiten mit Pferd am Strand."},{"@type":"WebSite","@id":"https:\/\/uelzener.de\/magazin\/#website","url":"https:\/\/uelzener.de\/magazin\/","name":"Uelzener Tiermagazin","description":"Online Tierratgeber der Uelzener Versicherungen","publisher":{"@id":"https:\/\/uelzener.de\/magazin\/#organization"},"potentialAction":[{"@type":"SearchAction","target":{"@type":"EntryPoint","urlTemplate":"https:\/\/uelzener.de\/magazin\/?s={search_term_string}"},"query-input":{"@type":"PropertyValueSpecification","valueRequired":true,"valueName":"search_term_string"}}],"inLanguage":"de"},{"@type":"Organization","@id":"https:\/\/uelzener.de\/magazin\/#organization","name":"Uelzener Versicherungen","url":"https:\/\/uelzener.de\/magazin\/","logo":{"@type":"ImageObject","inLanguage":"de","@id":"https:\/\/uelzener.de\/magazin\/#\/schema\/logo\/image\/","url":"https:\/\/uelzener.de\/magazin\/app\/uploads\/2024\/11\/uelzener_allgemeine_versicherungsgesellschaft_a_g_logo.jpg","contentUrl":"https:\/\/uelzener.de\/magazin\/app\/uploads\/2024\/11\/uelzener_allgemeine_versicherungsgesellschaft_a_g_logo.jpg","width":200,"height":200,"caption":"Uelzener Versicherungen"},"image":{"@id":"https:\/\/uelzener.de\/magazin\/#\/schema\/logo\/image\/"},"sameAs":["https:\/\/www.facebook.com\/Uelzener","https:\/\/instagram.com\/uelzener","https:\/\/www.xing.com\/pages\/uelzenerallgemeineversicherungs-gesellschafta-g","https:\/\/www.youtube.com\/UelzenerVersicherungen"]}]}},"_links":{"self":[{"href":"https:\/\/uelzener.de\/magazin\/wp-json\/wp\/v2\/pages\/13082","targetHints":{"allow":["GET"]}}],"collection":[{"href":"https:\/\/uelzener.de\/magazin\/wp-json\/wp\/v2\/pages"}],"about":[{"href":"https:\/\/uelzener.de\/magazin\/wp-json\/wp\/v2\/types\/page"}],"author":[{"embeddable":true,"href":"https:\/\/uelzener.de\/magazin\/wp-json\/wp\/v2\/users\/3"}],"replies":[{"embeddable":true,"href":"https:\/\/uelzener.de\/magazin\/wp-json\/wp\/v2\/comments?post=13082"}],"version-history":[{"count":7,"href":"https:\/\/uelzener.de\/magazin\/wp-json\/wp\/v2\/pages\/13082\/revisions"}],"predecessor-version":[{"id":18592,"href":"https:\/\/uelzener.de\/magazin\/wp-json\/wp\/v2\/pages\/13082\/revisions\/18592"}],"up":[{"embeddable":true,"href":"https:\/\/uelzener.de\/magazin\/wp-json\/wp\/v2\/pages\/11703"}],"wp:featuredmedia":[{"embeddable":true,"href":"https:\/\/uelzener.de\/magazin\/wp-json\/wp\/v2\/media\/13085"}],"wp:attachment":[{"href":"https:\/\/uelzener.de\/magazin\/wp-json\/wp\/v2\/media?parent=13082"}],"curies":[{"name":"wp","href":"https:\/\/api.w.org\/{rel}","templated":true}]}}