{"id":13066,"date":"2022-03-26T12:00:16","date_gmt":"2022-03-26T11:00:16","guid":{"rendered":"https:\/\/uelzener.de\/magazin\/?page_id=13066"},"modified":"2024-07-01T15:24:51","modified_gmt":"2024-07-01T13:24:51","slug":"fruehling-mit-hund-7-tipps-fuer-eine-unbeschwerte-zeit","status":"publish","type":"page","link":"https:\/\/uelzener.de\/magazin\/hund\/tipps-fuer-den-alltag\/fruehling-mit-hund-7-tipps-fuer-eine-unbeschwerte-zeit\/","title":{"rendered":"Fr\u00fchling mit Hund: 7 Tipps f\u00fcr eine unbeschwerte Zeit"},"content":{"rendered":"<p>Wenn nach dem Winter die ersten Blumen und Sonnenstrahlen nach drau\u00dfen locken, freut das Hund und Halter:in. Pl\u00f6tzlich versp\u00fcrt man wieder Lust auf ausgedehnte Spazierg\u00e4nge. Wir haben sieben Tipps, worauf du im Fr\u00fchjahr achten solltest, damit du und dein Hund diese sch\u00f6ne Zeit gemeinsam miteinander genie\u00dfen k\u00f6nnt.<\/p>\n<h2>1. Den Hund beim Fellwechsel unterst\u00fctzen<\/h2>\n<p>Sobald die Temperaturen steigen und die Tage wieder l\u00e4nger werden, steht unseren Hunden ein <strong>Fellwechsel vom warmen Winterpelz<\/strong> zum, der warmen Jahreszeit besser angepassten, <strong>Sommerfell<\/strong> bevor. Dazu verlieren sie \u00fcber einen Zeitraum von sechs bis acht Wochen ihre Unterwolle. Bei alten, l\u00e4ufigen, kastrierten oder gestressten Tieren kann der Fellwechsel mitunter l\u00e4nger dauern oder st\u00e4rker ausfallen. Hundehalter:innen k\u00f6nnen ihr Haustier unterst\u00fctzen, indem sie t\u00e4glich die losen Haare herausk\u00e4mmen. Gerade bei dichtem Fell bewirkt das Ausk\u00e4mmen der Haare sp\u00fcrbare Erleichterung: F\u00fcr den Hund, aber auch f\u00fcr den Halter oder die Halterin, denn in der Wohnung m\u00fcssen weniger Haare aufgesammelt werden.<\/p>\n<p>Der Kamm oder die B\u00fcrste sollte dabei nicht an den Haaren rei\u00dfen oder schneiden. F\u00fcr langes, wolliges Fell bietet sich ein Kamm mit langen und abgerundeten Z\u00e4hnen an, w\u00e4hrend bei rauhaarigen Rassen oft kurze Zinken von Vorteil sind. Im Zweifel k\u00f6nnen Mitarbeiter:innen in Zoofachgesch\u00e4ften dabei beratend weiterhelfen. Durch regelm\u00e4\u00dfiges B\u00fcrsten gew\u00f6hnt sich der Hund zudem an die Prozedur und es dauert im Einzelnen nicht so lange.<\/p>\n<p>Wenn w\u00e4hrend des Fellwechsels vermehrt Schuppen beim Hund auftreten oder der Vierbeiner sein Fell nur ungleichm\u00e4\u00dfig verliert, k\u00f6nnen<strong> Allergien, Hormonst\u00f6rungen oder Parasiten<\/strong> der Grund daf\u00fcr sein. In diesem Fall ist ein Besuch bei einer Tier\u00e4rztin oder einem Tierarzt zu empfehlen.<\/p>\n<p>Einige Rassen wie etwa Pudel besitzen gar keine Unterwolle. Bei diesen Hunden sollte das Fell regelm\u00e4\u00dfig geschoren oder getrimmt werden. Wichtig zu bedenken: Bei zu kurzem Fell k\u00f6nnen Hunde einen Sonnenbrand bekommen oder wenn doch noch einmal Frost entsteht, unter der K\u00e4lte leiden. Daher sollte die Hundefrisur nicht zu kurz geschnitten werden.<\/p>\n\n<div class=\"related_articles boxed\">\n    <h2>Mehr zum Thema<\/h2>\n    \n    <div class=\"wrapper\"><div class=\"title align-center\"><h3><a href=\"https:\/\/uelzener.de\/magazin\/hund\/pflege\/fellwechsel-hund\/\">Fellwechsel beim Hund<\/a><\/h3><\/div><div class=\"img align-center\"><img decoding=\"async\" width=\"315\" height=\"180\" src=\"https:\/\/uelzener.de\/magazin\/app\/uploads\/2021\/10\/Fellwechsel-beim-Hund-315x180.jpg\" class=\"attachment-315x180 size-315x180 wp-post-image\" alt=\"Nach dem b\u00fcrsten sind viele Haare in der B\u00fcrste zur\u00fcckgeblieben, der Fellwechsel steht an.\" \/><\/div><\/div><div class=\"wrapper\"><div class=\"title align-center\"><h3><a href=\"https:\/\/uelzener.de\/magazin\/hund\/pflege\/fellpflege-beim-hund\/\">Fellpflege beim Hund: N\u00fctzliche Tipps und Infos<\/a><\/h3><\/div><div class=\"img align-center\"><img decoding=\"async\" width=\"315\" height=\"180\" src=\"https:\/\/uelzener.de\/magazin\/app\/uploads\/2023\/03\/fellpflege-beim-hund-315x180.jpg\" class=\"attachment-315x180 size-315x180 wp-post-image\" alt=\"Ein kleiner Hund wird geb\u00fcrstet. Fellpflege ist n\u00e4mlich wichtig f\u00fcr die Gesundheit.\" \/><\/div><\/div><div class=\"wrapper\"><div class=\"title align-center\"><h3><a href=\"https:\/\/uelzener.de\/magazin\/hund\/rasseportrait\/hunde-die-nicht-haaren\/\">Hunde, die nicht haaren: Weniger putzen, mehr kuscheln<\/a><\/h3><\/div><div class=\"img align-center\"><img decoding=\"async\" width=\"315\" height=\"180\" src=\"https:\/\/uelzener.de\/magazin\/app\/uploads\/2024\/06\/nicht-haarende-hunde-havanser-315x180.jpg\" class=\"attachment-315x180 size-315x180 wp-post-image\" alt=\"Havaneser geh\u00f6ren zu den nicht haarenden Hunden.\" \/><\/div><\/div><\/div>\n\n<h2>2. Ungewollten Nachwuchs verhindern<\/h2>\n<p>Gerade im Fr\u00fchling genie\u00dfen Hund und Halter:innen wieder h\u00e4ufigere und l\u00e4ngere Spazierg\u00e4nge und treffen dadurch vermehrt auf andere Hunde, die miteinander spielen und herumtollen wollen. Bei den Ausfl\u00fcgen sollten Hundehalter:innen jedoch folgendes bedenken: Bei H\u00fcndinnen f\u00e4llt <strong>die erste L\u00e4ufigkeit des Jahres oftmals in den Fr\u00fchling<\/strong>. Ist die H\u00fcndin l\u00e4ufig, ist sie empf\u00e4ngnisbereit f\u00fcr Nachwuchs. Nach den ruhigeren Wintermonaten sollten Hunderhalter:innen daher im Fr\u00fchling besonders aufmerksam sein.<\/p>\n<p>R\u00fcden riechen bereits von Weitem die ausgesto\u00dfenen Pheromone von l\u00e4ufigen H\u00fcndinnen. Zur Sicherheit empfiehlt sich daher beim Spazierengehen den Hund immer an der Leine zu f\u00fchren \u2013 das gilt sowohl f\u00fcr R\u00fcden als auch f\u00fcr H\u00fcndinnen.<\/p>\n<p>Bei l\u00e4ufigen H\u00fcndinnen empfiehlt es sich zudem, m\u00f6glichst wenig frequentierte Wege zu gehen und nach M\u00f6glichkeit auch Zeiten zu w\u00e4hlen, zu denen nur wenige andere Hunde unterwegs sind. Wenn doch ein anderes Mensch-Hund-Paar gesichtet wird, sollte ausreichend Abstand zum anderen Hund eingehalten werden.<\/p>\n<p>Wenn es dennoch dazu kommt, dass ein R\u00fcde eine H\u00fcndin erreicht und sie \u201ebespringt\u201c, sollte man abwarten. Eine gewaltsame Trennung der beiden k\u00f6nnte zu Verletzungen f\u00fchren. Mit der H\u00fcndin sollte alsbald eine Tierarztpraxis aufgesucht werden, um die Befruchtung zu stoppen. Halter:innen des R\u00fcden haften f\u00fcr die Kosten, wenn die H\u00fcndin unter Kontrolle war. Gegebenenfalls kommt aber auch die Hundehaftpflichtversicherung f\u00fcr die Tierarztkosten auf.<\/p>\n\n<div class=\"banner\">\n    <a href=\"https:\/\/uelzener.de\/hund\/hunde-haftpflichtversicherung\/?agt=0000104925&sem=true&utm_medium=magazin&utm_source=wordpress&utm_campaign=hund_haf&utm_content=banner\">\n        <img decoding=\"async\" width=\"300\" height=\"212\" src=\"https:\/\/uelzener.de\/magazin\/app\/uploads\/2025\/01\/Hundehalter-Haftpflicht-Versicherung.jpg\" class=\"attachment-medium size-medium\" alt=\"Banner Hundehalter-Haftpflicht-Versicherung\" \/>    <\/a>\n<\/div>\n\n<p>Leidet die H\u00fcndin sehr unter der L\u00e4ufigkeit oder neigt sie zur Scheintr\u00e4chtigkeit, sollten Hundehalter:innen sich von ihrem Tierarzt oder ihrer Tier\u00e4rztin beraten lassen. Gegebenenfalls kann es angebracht sein, die L\u00e4ufigkeit durch Hormon-Injektionen zu unterdr\u00fccken oder durch eine <a href=\"https:\/\/uelzener.de\/magazin\/hund\/tiergesundheit\/kastration-hund-huendin\/\">Kastration<\/a> zu unterbinden.<\/p>\n<h2>3. Die Brut- und Setzzeit im Fr\u00fchling beachten<\/h2>\n<p>Im Fr\u00fchling ziehen viele Tiere ihre Jungen gro\u00df. An Seen br\u00fcten etwa Enten oder Rehe bringen ihren Nachwuchs auf Wiesen zur Welt. Hundehalter:innen sollten daher besondere R\u00fccksicht nehmen. In dieser sogenannten <a href=\"https:\/\/uelzener.de\/magazin\/hund\/erziehung-und-training\/was-hundehalter-in-der-brut-und-setzzeit-beachten-sollten\/\">Brut- und Setzzeit<\/a>, die sp\u00e4testens am 1. April beginnt und bis zum 15. Juli andauern kann, gelten in vielen Gebieten besondere Vorschriften, die beim Spaziergang mit dem Hund beachtet werden m\u00fcssen. Neben einer vielerorts geltenden Leinenplicht herrscht zudem eine gesteigerte Aufsichtspflicht f\u00fcr Hundehalter:innen. Je nach Bundesland und teilweise sogar je nach Ort k\u00f6nnen die Zeiten und Vorgaben variieren. \u00dcber die f\u00fcr die eigene Region geltenden Regeln und Verordnungen k\u00f6nnen sich Hundehalter:innen beispielsweise bei ihrem Ordnungsamt erkundigen.<\/p>\n<h2>4. Fr\u00fchling genie\u00dfen trotz Allergien<\/h2>\n<p>Neben dem Menschen k\u00f6nnen auch Hunde besonders im Fr\u00fchling mit Allergien zu k\u00e4mpfen haben. Eine Pollenallergie kann dabei verschiedene Symptome mit sich bringen:<\/p>\n<ul>\n<li>h\u00e4ufiges Niesen<\/li>\n<li>verst\u00e4rkter Juckreiz<\/li>\n<li>knabbern und bei\u00dfen an den Pfoten oder dem restlichen K\u00f6rper<\/li>\n<li>Hautausschl\u00e4ge<\/li>\n<li>Pusteln<\/li>\n<li><a href=\"https:\/\/uelzener.de\/magazin\/hund\/tiergesundheit\/bindehautentzuendung-beim-hund\/\">Bindehautentz\u00fcndungen<\/a><\/li>\n<li>anschwellende Atemwegsschleimh\u00e4ute<\/li>\n<\/ul>\n<p>Tier\u00e4rzt:innen k\u00f6nnen mit einem Bluttest schnell zur Aufkl\u00e4rung beitragen. Auch eine Hyposensibilisierung ist m\u00f6glich. Zur Milderung der akuten Symptome kann es helfen, den Hund nach einem Spaziergang mit einem feuchten Tuch abzuwischen. Auch ein Allergie-Tagebuch unterst\u00fctzt bei der Suche nach Ursachen und geeigneten Spazierwegen.<\/p>\n<h2>5. Giftige Substanzen in der Natur meiden<\/h2>\n<p>Auch wenn der eigene Vierbeiner zum Gl\u00fcck nicht von einer Allergie betroffen ist, gilt es im Fr\u00fchling dennoch besonders aufmerksam zu sein. Denn: Fast alle Fr\u00fchjahrsbl\u00fcher wie Krokusse oder Schneegl\u00f6ckchen sind f\u00fcr Hunde giftig und sollten unter keinen Umst\u00e4nden gefressen werden.<\/p>\n<p>Generell sollte man gerade im Fr\u00fchling besonders aufmerksam beobachten, was der Hund am Wegesrand beschnuppert oder fressen m\u00f6chte. In dieser Zeit werden beispielsweise Pferde einer Wurmkur unterzogen und Reste des Medikaments k\u00f6nnen in den Pferde\u00e4pfeln zu finden sein. Frisst der Hund diese, k\u00f6nnen je nach Menge der aufgenommenen Arznei-R\u00fcckst\u00e4nde Vergiftungserscheinungen wie Zittern oder <a href=\"https:\/\/uelzener.de\/magazin\/hund\/haeufige-fragen\/durchfall-beim-hund-verdauung\/\">Durchfall<\/a> auftreten, bei hohen Dosen kann es sogar lebensbedrohlich sein. Auch Unkrautvernichter und D\u00fcnger werden im Fr\u00fchling ausgebracht und sollten nicht mit dem Hund in Kontakt kommen. Daher sollte man den Hund mit Leine oder Bei-Fu\u00df-Gehen davon abhalten, in fremden G\u00e4rten oder Feldern zu schn\u00fcffeln.<\/p>\n<p>Nicht nur im Fr\u00fchjahr sind leider <a href=\"https:\/\/uelzener.de\/magazin\/hund\/tiergesundheit\/giftkoeder-hund-gefahr\/\">Giftk\u00f6der<\/a> auch immer wieder ein Thema \u2013 wir haben f\u00fcr dich die wichtigsten Informationen dazu zusammengestellt.<\/p>\n<h2>6. Den Hund auf Zecken und andere Parasiten \u00fcberpr\u00fcfen<\/h2>\n<p>Mit den steigenden Temperaturen im Fr\u00fchling werden auch die <a href=\"https:\/\/uelzener.de\/magazin\/hund\/tiergesundheit\/zecken-hund\/\">Zecken<\/a> in ganz Deutschland wieder aktiv. Oft halten sie sich im hohen Gras auf und befallen den Hund, wenn er an ihnen vorbeistreift. Nach jedem Spaziergang sollte man den Hund daher umgehend \u00fcberpr\u00fcfen, da die Zecken sich erst eine geeignete Stelle suchen und sich vielleicht noch gar nicht festgebissen haben. Sollte sich dennoch eine Zecke in den Hund verbissen haben, kann man diese beispielsweise mit einer Zeckenzange vorsichtig entfernen. Die Bissstelle sollte dann auf m\u00f6gliche Reaktionen beobachtet werden.<\/p>\n<p>Aber auch pr\u00e4ventiv gibt es verschiedene Methoden:<\/p>\n<ul>\n<li>medizinische Spot-On-Mittel zum Auftragen auf die Haut<\/li>\n<li>Sprays<\/li>\n<li>spezielle Halsb\u00e4nder gegen Parasiten<\/li>\n<\/ul>\n<p>Um den Hund wirksam vor einer Erkrankung durch die von Zecken \u00fcbertragene Borelliose zu sch\u00fctzen, empfiehlt sich zudem eine Impfung. Frag am besten deinen Tierarzt oder deine Tier\u00e4rztin, welche Pr\u00e4ventionsma\u00dfnahmen f\u00fcr deinen Hund notwendig und sinnvoll sein kann.<\/p>\n<h2><strong> 7. Im Fr\u00fchling muss auch der Hund erst wieder Kondition aufbauen<\/strong><\/h2>\n<p>Nach der langen Winterpause sind die meisten Hunde nicht mehr in der k\u00f6rperlichen Verfassung, die sie noch im Sommer oder Herbst hatten. Auch wenn das Wetter geradezu nach einer langen Radtour schreit, sollte man immer bedenken, dass der Hund nun erst langsam wieder Kondition aufbauen muss. Wenn er generell zum Mitlaufen neben dem Rad geeignet und darauf trainiert ist, sollte man erst mit kurzen und langsamen Strecken beginnen oder das <a href=\"https:\/\/uelzener.de\/magazin\/hund\/erziehung-und-training\/hund-fahrrad\/\">Fahrradfahren mit dem Hund<\/a> erst trainieren. Meistert ihr gemeinsam Kommandos und habt die ben\u00f6tigte Kondition, dann macht euch vielleicht auch noch Sportlicheres Spa\u00df wie der <a href=\"https:\/\/uelzener.de\/magazin\/hund\/erziehung-und-training\/zughundesport-bikejoering\/\">Zughundesport Bikej\u00f6ring<\/a>.<\/p>\n<p>Wenn im Laufe des Fr\u00fchlings die Temperaturen steigen, wird dieser Aspekt auch beim <a href=\"https:\/\/uelzener.de\/magazin\/hund\/tiergesundheit\/schwimmen-mit-hund-tipps-fuer-mehr-sicherheit-am-badestrand\/\">Schwimmen mit Hund<\/a> wichtig. Gerade Hunde, die gern und lange schwimmen, sollten Hundefreund:innen genauestens beobachten und zu einer Pause zu sich rufen, bevor das Tier ersch\u00f6pft ist. Falls sich andere Hunde in der N\u00e4he befinden, sollte man sich vor dem Hundeschwimmen mit den anderen Hundehalter:innen absprechen, da nicht jeder fremde Hund zum Baden animiert werden soll.<\/p>\n<p>Wer aufmerksam auf seinen Hund und seine Umgebung achtet und dabei R\u00fccksicht auf andere Menschen und Tiere nimmt, der kann mit diesen Tipps im Fr\u00fchling vor allem eines: Endlich wieder die h\u00f6heren Temperaturen und die sprie\u00dfende Natur gemeinsam mit dem Hund genie\u00dfen.<\/p>\n<p>Hier noch mehr Tipps zu <a href=\"https:\/\/uelzener.de\/magazin\/hund\/haltung\/15-hundeaktivitaeten-fuer-fruehling\/\">Fr\u00fchlings-Aktivit\u00e4ten mit deinem Hund<\/a>!<\/p>\n","protected":false},"excerpt":{"rendered":"<p>Wenn nach dem Winter die ersten Blumen und Sonnenstrahlen nach drau\u00dfen locken, freut das Hund und Halter:in. Pl\u00f6tzlich versp\u00fcrt man wieder Lust auf ausgedehnte Spazierg\u00e4nge. Wir haben sieben Tipps, worauf du im Fr\u00fchjahr achten solltest, damit du und dein Hund diese sch\u00f6ne Zeit gemeinsam miteinander genie\u00dfen k\u00f6nnt. 1. Den Hund beim Fellwechsel unterst\u00fctzen Sobald die [&hellip;]<\/p>\n","protected":false},"author":6,"featured_media":13071,"parent":11707,"menu_order":0,"comment_status":"closed","ping_status":"closed","template":"templates\/blog.php","meta":{"_acf_changed":false,"_crdt_document":"","footnotes":"","beyondwords_generate_audio":"0","beyondwords_project_id":"","beyondwords_content_id":"","beyondwords_preview_token":"","beyondwords_player_style":"","beyondwords_language_id":"","beyondwords_title_voice_id":"","beyondwords_body_voice_id":"","beyondwords_summary_voice_id":"","beyondwords_error_message":"","beyondwords_disabled":"","beyondwords_delete_content":"","beyondwords_podcast_id":"","beyondwords_hash":"","publish_post_to_speechkit":"","speechkit_hash":"","speechkit_generate_audio":"","speechkit_project_id":"","speechkit_podcast_id":"","speechkit_error_message":"","speechkit_disabled":"","speechkit_access_key":"","speechkit_error":"","speechkit_info":"","speechkit_response":"","speechkit_retries":"","speechkit_status":"","speechkit_updated_at":"","_speechkit_link":"","_speechkit_text":""},"class_list":["post-13066","page","type-page","status-publish","has-post-thumbnail","hentry"],"acf":[],"yoast_head":"<!-- This site is optimized with the Yoast SEO Premium plugin  - https:\/\/yoast.com\/product\/yoast-seo-premium-wordpress\/ -->\n<title>7 Tipps f\u00fcr den Fr\u00fchling mit Hund | Uelzener<\/title>\n<meta name=\"description\" content=\"7 Tipps f\u00fcr einen unbeschwerten Fr\u00fchling mit Hund. \u2713 Vom Fellwechsel \u00fcber Verordnungen bis zum Parasitenschutz. \u2713 \u25b6 Hier erfahren Sie mehr!\" \/>\n<meta name=\"robots\" content=\"index, follow, max-snippet:-1, max-image-preview:large, max-video-preview:-1\" \/>\n<link rel=\"canonical\" href=\"https:\/\/uelzener.de\/magazin\/hund\/tipps-fuer-den-alltag\/fruehling-mit-hund-7-tipps-fuer-eine-unbeschwerte-zeit\/\" \/>\n<meta property=\"og:locale\" content=\"de_DE\" \/>\n<meta property=\"og:type\" content=\"article\" \/>\n<meta property=\"og:title\" content=\"Fr\u00fchling mit Hund: 7 Tipps f\u00fcr eine unbeschwerte Zeit\" \/>\n<meta property=\"og:description\" content=\"7 Tipps f\u00fcr einen unbeschwerten Fr\u00fchling mit Hund. \u2713 Vom Fellwechsel \u00fcber Verordnungen bis zum Parasitenschutz. \u2713 \u25b6 Hier erfahren Sie mehr!\" \/>\n<meta property=\"og:url\" content=\"https:\/\/uelzener.de\/magazin\/hund\/tipps-fuer-den-alltag\/fruehling-mit-hund-7-tipps-fuer-eine-unbeschwerte-zeit\/\" \/>\n<meta property=\"og:site_name\" content=\"Uelzener Tier-Magazin\" \/>\n<meta property=\"article:publisher\" content=\"https:\/\/www.facebook.com\/Uelzener\" \/>\n<meta property=\"article:modified_time\" content=\"2024-07-01T13:24:51+00:00\" \/>\n<meta property=\"og:image\" content=\"https:\/\/uelzener.de\/magazin\/app\/uploads\/2022\/03\/Hund_Fruehling.jpg\" \/>\n\t<meta property=\"og:image:width\" content=\"1024\" \/>\n\t<meta property=\"og:image:height\" content=\"450\" \/>\n\t<meta property=\"og:image:type\" content=\"image\/jpeg\" \/>\n<meta name=\"twitter:card\" content=\"summary_large_image\" \/>\n<meta name=\"twitter:label1\" content=\"Gesch\u00e4tzte Lesezeit\" \/>\n\t<meta name=\"twitter:data1\" content=\"6\u00a0Minuten\" \/>\n<script type=\"application\/ld+json\" class=\"yoast-schema-graph\">{\"@context\":\"https:\/\/schema.org\",\"@graph\":[{\"@type\":\"WebPage\",\"@id\":\"https:\/\/uelzener.de\/magazin\/hund\/tipps-fuer-den-alltag\/fruehling-mit-hund-7-tipps-fuer-eine-unbeschwerte-zeit\/\",\"url\":\"https:\/\/uelzener.de\/magazin\/hund\/tipps-fuer-den-alltag\/fruehling-mit-hund-7-tipps-fuer-eine-unbeschwerte-zeit\/\",\"name\":\"7 Tipps f\u00fcr den Fr\u00fchling mit Hund | Uelzener\",\"isPartOf\":{\"@id\":\"https:\/\/uelzener.de\/magazin\/#website\"},\"primaryImageOfPage\":{\"@id\":\"https:\/\/uelzener.de\/magazin\/hund\/tipps-fuer-den-alltag\/fruehling-mit-hund-7-tipps-fuer-eine-unbeschwerte-zeit\/#primaryimage\"},\"image\":{\"@id\":\"https:\/\/uelzener.de\/magazin\/hund\/tipps-fuer-den-alltag\/fruehling-mit-hund-7-tipps-fuer-eine-unbeschwerte-zeit\/#primaryimage\"},\"thumbnailUrl\":\"https:\/\/uelzener.de\/magazin\/app\/uploads\/2022\/03\/Hund_Fruehling.jpg\",\"datePublished\":\"2022-03-26T11:00:16+00:00\",\"dateModified\":\"2024-07-01T13:24:51+00:00\",\"description\":\"7 Tipps f\u00fcr einen unbeschwerten Fr\u00fchling mit Hund. \u2713 Vom Fellwechsel \u00fcber Verordnungen bis zum Parasitenschutz. \u2713 \u25b6 Hier erfahren Sie mehr!\",\"breadcrumb\":{\"@id\":\"https:\/\/uelzener.de\/magazin\/hund\/tipps-fuer-den-alltag\/fruehling-mit-hund-7-tipps-fuer-eine-unbeschwerte-zeit\/#breadcrumb\"},\"inLanguage\":\"de\",\"potentialAction\":[{\"@type\":\"ReadAction\",\"target\":[\"https:\/\/uelzener.de\/magazin\/hund\/tipps-fuer-den-alltag\/fruehling-mit-hund-7-tipps-fuer-eine-unbeschwerte-zeit\/\"]}]},{\"@type\":\"ImageObject\",\"inLanguage\":\"de\",\"@id\":\"https:\/\/uelzener.de\/magazin\/hund\/tipps-fuer-den-alltag\/fruehling-mit-hund-7-tipps-fuer-eine-unbeschwerte-zeit\/#primaryimage\",\"url\":\"https:\/\/uelzener.de\/magazin\/app\/uploads\/2022\/03\/Hund_Fruehling.jpg\",\"contentUrl\":\"https:\/\/uelzener.de\/magazin\/app\/uploads\/2022\/03\/Hund_Fruehling.jpg\",\"width\":1024,\"height\":450,\"caption\":\"Corgi in einer Blumenwiese im Fr\u00fchling.\"},{\"@type\":\"WebSite\",\"@id\":\"https:\/\/uelzener.de\/magazin\/#website\",\"url\":\"https:\/\/uelzener.de\/magazin\/\",\"name\":\"Uelzener Tiermagazin\",\"description\":\"Online Tierratgeber der Uelzener Versicherungen\",\"publisher\":{\"@id\":\"https:\/\/uelzener.de\/magazin\/#organization\"},\"potentialAction\":[{\"@type\":\"SearchAction\",\"target\":{\"@type\":\"EntryPoint\",\"urlTemplate\":\"https:\/\/uelzener.de\/magazin\/?s={search_term_string}\"},\"query-input\":{\"@type\":\"PropertyValueSpecification\",\"valueRequired\":true,\"valueName\":\"search_term_string\"}}],\"inLanguage\":\"de\"},{\"@type\":\"Organization\",\"@id\":\"https:\/\/uelzener.de\/magazin\/#organization\",\"name\":\"Uelzener Versicherungen\",\"url\":\"https:\/\/uelzener.de\/magazin\/\",\"logo\":{\"@type\":\"ImageObject\",\"inLanguage\":\"de\",\"@id\":\"https:\/\/uelzener.de\/magazin\/#\/schema\/logo\/image\/\",\"url\":\"https:\/\/uelzener.de\/magazin\/app\/uploads\/2024\/11\/uelzener_allgemeine_versicherungsgesellschaft_a_g_logo.jpg\",\"contentUrl\":\"https:\/\/uelzener.de\/magazin\/app\/uploads\/2024\/11\/uelzener_allgemeine_versicherungsgesellschaft_a_g_logo.jpg\",\"width\":200,\"height\":200,\"caption\":\"Uelzener Versicherungen\"},\"image\":{\"@id\":\"https:\/\/uelzener.de\/magazin\/#\/schema\/logo\/image\/\"},\"sameAs\":[\"https:\/\/www.facebook.com\/Uelzener\",\"https:\/\/instagram.com\/uelzener\",\"https:\/\/www.xing.com\/pages\/uelzenerallgemeineversicherungs-gesellschafta-g\",\"https:\/\/www.youtube.com\/UelzenerVersicherungen\"]}]}<\/script>\n<!-- \/ Yoast SEO Premium plugin. -->","yoast_head_json":{"title":"7 Tipps f\u00fcr den Fr\u00fchling mit Hund | Uelzener","description":"7 Tipps f\u00fcr einen unbeschwerten Fr\u00fchling mit Hund. \u2713 Vom Fellwechsel \u00fcber Verordnungen bis zum Parasitenschutz. \u2713 \u25b6 Hier erfahren Sie mehr!","robots":{"index":"index","follow":"follow","max-snippet":"max-snippet:-1","max-image-preview":"max-image-preview:large","max-video-preview":"max-video-preview:-1"},"canonical":"https:\/\/uelzener.de\/magazin\/hund\/tipps-fuer-den-alltag\/fruehling-mit-hund-7-tipps-fuer-eine-unbeschwerte-zeit\/","og_locale":"de_DE","og_type":"article","og_title":"Fr\u00fchling mit Hund: 7 Tipps f\u00fcr eine unbeschwerte Zeit","og_description":"7 Tipps f\u00fcr einen unbeschwerten Fr\u00fchling mit Hund. \u2713 Vom Fellwechsel \u00fcber Verordnungen bis zum Parasitenschutz. \u2713 \u25b6 Hier erfahren Sie mehr!","og_url":"https:\/\/uelzener.de\/magazin\/hund\/tipps-fuer-den-alltag\/fruehling-mit-hund-7-tipps-fuer-eine-unbeschwerte-zeit\/","og_site_name":"Uelzener Tier-Magazin","article_publisher":"https:\/\/www.facebook.com\/Uelzener","article_modified_time":"2024-07-01T13:24:51+00:00","og_image":[{"width":1024,"height":450,"url":"https:\/\/uelzener.de\/magazin\/app\/uploads\/2022\/03\/Hund_Fruehling.jpg","type":"image\/jpeg"}],"twitter_card":"summary_large_image","twitter_misc":{"Gesch\u00e4tzte Lesezeit":"6\u00a0Minuten"},"schema":{"@context":"https:\/\/schema.org","@graph":[{"@type":"WebPage","@id":"https:\/\/uelzener.de\/magazin\/hund\/tipps-fuer-den-alltag\/fruehling-mit-hund-7-tipps-fuer-eine-unbeschwerte-zeit\/","url":"https:\/\/uelzener.de\/magazin\/hund\/tipps-fuer-den-alltag\/fruehling-mit-hund-7-tipps-fuer-eine-unbeschwerte-zeit\/","name":"7 Tipps f\u00fcr den Fr\u00fchling mit Hund | Uelzener","isPartOf":{"@id":"https:\/\/uelzener.de\/magazin\/#website"},"primaryImageOfPage":{"@id":"https:\/\/uelzener.de\/magazin\/hund\/tipps-fuer-den-alltag\/fruehling-mit-hund-7-tipps-fuer-eine-unbeschwerte-zeit\/#primaryimage"},"image":{"@id":"https:\/\/uelzener.de\/magazin\/hund\/tipps-fuer-den-alltag\/fruehling-mit-hund-7-tipps-fuer-eine-unbeschwerte-zeit\/#primaryimage"},"thumbnailUrl":"https:\/\/uelzener.de\/magazin\/app\/uploads\/2022\/03\/Hund_Fruehling.jpg","datePublished":"2022-03-26T11:00:16+00:00","dateModified":"2024-07-01T13:24:51+00:00","description":"7 Tipps f\u00fcr einen unbeschwerten Fr\u00fchling mit Hund. \u2713 Vom Fellwechsel \u00fcber Verordnungen bis zum Parasitenschutz. \u2713 \u25b6 Hier erfahren Sie mehr!","breadcrumb":{"@id":"https:\/\/uelzener.de\/magazin\/hund\/tipps-fuer-den-alltag\/fruehling-mit-hund-7-tipps-fuer-eine-unbeschwerte-zeit\/#breadcrumb"},"inLanguage":"de","potentialAction":[{"@type":"ReadAction","target":["https:\/\/uelzener.de\/magazin\/hund\/tipps-fuer-den-alltag\/fruehling-mit-hund-7-tipps-fuer-eine-unbeschwerte-zeit\/"]}]},{"@type":"ImageObject","inLanguage":"de","@id":"https:\/\/uelzener.de\/magazin\/hund\/tipps-fuer-den-alltag\/fruehling-mit-hund-7-tipps-fuer-eine-unbeschwerte-zeit\/#primaryimage","url":"https:\/\/uelzener.de\/magazin\/app\/uploads\/2022\/03\/Hund_Fruehling.jpg","contentUrl":"https:\/\/uelzener.de\/magazin\/app\/uploads\/2022\/03\/Hund_Fruehling.jpg","width":1024,"height":450,"caption":"Corgi in einer Blumenwiese im Fr\u00fchling."},{"@type":"WebSite","@id":"https:\/\/uelzener.de\/magazin\/#website","url":"https:\/\/uelzener.de\/magazin\/","name":"Uelzener Tiermagazin","description":"Online Tierratgeber der Uelzener Versicherungen","publisher":{"@id":"https:\/\/uelzener.de\/magazin\/#organization"},"potentialAction":[{"@type":"SearchAction","target":{"@type":"EntryPoint","urlTemplate":"https:\/\/uelzener.de\/magazin\/?s={search_term_string}"},"query-input":{"@type":"PropertyValueSpecification","valueRequired":true,"valueName":"search_term_string"}}],"inLanguage":"de"},{"@type":"Organization","@id":"https:\/\/uelzener.de\/magazin\/#organization","name":"Uelzener Versicherungen","url":"https:\/\/uelzener.de\/magazin\/","logo":{"@type":"ImageObject","inLanguage":"de","@id":"https:\/\/uelzener.de\/magazin\/#\/schema\/logo\/image\/","url":"https:\/\/uelzener.de\/magazin\/app\/uploads\/2024\/11\/uelzener_allgemeine_versicherungsgesellschaft_a_g_logo.jpg","contentUrl":"https:\/\/uelzener.de\/magazin\/app\/uploads\/2024\/11\/uelzener_allgemeine_versicherungsgesellschaft_a_g_logo.jpg","width":200,"height":200,"caption":"Uelzener Versicherungen"},"image":{"@id":"https:\/\/uelzener.de\/magazin\/#\/schema\/logo\/image\/"},"sameAs":["https:\/\/www.facebook.com\/Uelzener","https:\/\/instagram.com\/uelzener","https:\/\/www.xing.com\/pages\/uelzenerallgemeineversicherungs-gesellschafta-g","https:\/\/www.youtube.com\/UelzenerVersicherungen"]}]}},"_links":{"self":[{"href":"https:\/\/uelzener.de\/magazin\/wp-json\/wp\/v2\/pages\/13066","targetHints":{"allow":["GET"]}}],"collection":[{"href":"https:\/\/uelzener.de\/magazin\/wp-json\/wp\/v2\/pages"}],"about":[{"href":"https:\/\/uelzener.de\/magazin\/wp-json\/wp\/v2\/types\/page"}],"author":[{"embeddable":true,"href":"https:\/\/uelzener.de\/magazin\/wp-json\/wp\/v2\/users\/6"}],"replies":[{"embeddable":true,"href":"https:\/\/uelzener.de\/magazin\/wp-json\/wp\/v2\/comments?post=13066"}],"version-history":[{"count":13,"href":"https:\/\/uelzener.de\/magazin\/wp-json\/wp\/v2\/pages\/13066\/revisions"}],"predecessor-version":[{"id":17560,"href":"https:\/\/uelzener.de\/magazin\/wp-json\/wp\/v2\/pages\/13066\/revisions\/17560"}],"up":[{"embeddable":true,"href":"https:\/\/uelzener.de\/magazin\/wp-json\/wp\/v2\/pages\/11707"}],"wp:featuredmedia":[{"embeddable":true,"href":"https:\/\/uelzener.de\/magazin\/wp-json\/wp\/v2\/media\/13071"}],"wp:attachment":[{"href":"https:\/\/uelzener.de\/magazin\/wp-json\/wp\/v2\/media?parent=13066"}],"curies":[{"name":"wp","href":"https:\/\/api.w.org\/{rel}","templated":true}]}}