{"id":13057,"date":"2022-03-24T15:10:32","date_gmt":"2022-03-24T14:10:32","guid":{"rendered":"https:\/\/uelzener.de\/magazin\/?page_id=13057"},"modified":"2025-04-08T14:53:51","modified_gmt":"2025-04-08T12:53:51","slug":"voller-durchblick-wenn-der-tierarzt-den-hund-roentgen-muss","status":"publish","type":"page","link":"https:\/\/uelzener.de\/magazin\/hund\/tiergesundheit\/voller-durchblick-wenn-der-tierarzt-den-hund-roentgen-muss\/","title":{"rendered":"Voller Durchblick: Wenn der Tierarzt den Hund r\u00f6ntgen muss"},"content":{"rendered":"<p>Steht der Hund beim Tierarzt oder der Tier\u00e4rztin auf dem Untersuchungstisch, kann es schnell hei\u00dfen: Wir m\u00fcssen den Hund r\u00f6ntgen! Denn wie bei uns Menschen kommt in der Tiermedizin die R\u00f6ntgenuntersuchung als Diagnose-Instrument zum Einsatz. Aber was passiert beim R\u00f6ntgen, wie l\u00e4uft die Untersuchung ab und in welchen F\u00e4llen ist sie sinnvoll? Ist R\u00f6ntgen gef\u00e4hrlich f\u00fcr den Hund? Welche Kosten k\u00f6nnen auf Dich zukommen? All das erf\u00e4hrst Du in diesem Artikel.<\/p>\n<h2><strong>Was ist R\u00f6ntgen eigentlich?<\/strong><\/h2>\n<p>R\u00f6ntgen ist eine Untersuchungsmethode, bei der der <strong>Hund mittels R\u00f6ntgenstrahlen durchleuchtet<\/strong> wird. Mithilfe des R\u00f6ntgens k\u00f6nnen Tier\u00e4rzt:innen praktisch in den Hund hineinsehen. Dieses <strong>bildgebende Verfahren<\/strong> wird seit Jahrzehnten in der Human- und Tiermedizin unter anderem zur Diagnose eingesetzt. Untersucht werden k\u00f6nnen damit zahlreiche krankhafte Ver\u00e4nderungen am Bewegungsapparat und an den Organen. Das R\u00f6ntgen gilt als schnelle und schonende Untersuchungsmethode.<\/p>\n<h2><strong>In welchen F\u00e4llen r\u00f6ntgt der Tierarzt den Hund?<\/strong><\/h2>\n<p>Eine R\u00f6ntgenaufnahme ist sinnvoll, wenn <strong>Ver\u00e4nderungen am Bewegungsapparat<\/strong>, also an den <strong>Knochen und Gelenken<\/strong>, untersucht werden sollen. Dazu geh\u00f6ren beispielsweise Knochenbr\u00fcche, Verformungen der Knochen sowie Entz\u00fcndungen oder Tumore an den Knochen. Auch Ver\u00e4nderungen der Gelenke, wie sie beispielsweise bei Arthrose (Sch\u00e4digung des Gelenkknorpels) vorkommen, werden mittels R\u00f6ntgenuntersuchung diagnostiziert. Gleiches gilt f\u00fcr die Frage, ob eine H\u00fcftgelenksdysplasie (HD) oder Ellbogendysplasie (ED) vorliegt, wie sie bei bestimmten Hunderassen vermehrt vorkommen. Oft wird auch nach einer Operation ger\u00f6ntgt, um den Erfolg der Operation zu kontrollieren und zu dokumentieren, wenn also zum Beispiel ein Knochenbruch durch N\u00e4gel, Dr\u00e4hte oder Platten stabilisiert wurde.<\/p>\n<p>Dar\u00fcber hinaus k\u00f6nnen <strong>Ver\u00e4nderungen an den Weichteilen<\/strong> durch R\u00f6ntgen sichtbar gemacht werden. So kann unter anderem festgestellt werden, ob sich Fl\u00fcssigkeit in der Lunge gesammelt hat oder ob sich dort Tumore befinden. Auch f\u00fcr die Untersuchung anderer Bereiche des Brustkorbes wie beispielsweise Teile der Speiser\u00f6hre, das Zwerchfell oder das Herz wird die R\u00f6ntgenaufnahme eingesetzt. Eine R\u00f6ntgenuntersuchung des Bauchraums kann zudem unter anderem Hinweise auf einen Darmverschluss, eine Leber- oder Milzvergr\u00f6\u00dferung oder Tumore an den Organen geben.<\/p>\n<p>Auch wenn der Hund einen <strong>Gegenstand verschluckt<\/strong> hat, wird dieser mithilfe einer R\u00f6ntgenaufnahme lokalisiert. Teile aus Metall zeichnen sich dann deutlich im Bild ab. Handelt es sich jedoch um einen Gegenstand aus Gummi, wie beispielsweise ein Kauspielzeug, muss der Tierarzt oder die Tier\u00e4rztin eine Kontrastaufnahme machen. Dazu wird dem Hund R\u00f6ntgenkontrastmittel verabreicht, damit der Fremdk\u00f6rper im Verdauungstrakt sichtbar wird.<\/p>\n\n<div class=\"related_articles boxed\">\n    <h2>Mehr zum Thema<\/h2>\n    \n    <div class=\"wrapper\"><div class=\"title align-center\"><h3><a href=\"https:\/\/uelzener.de\/magazin\/hund\/tiergesundheit\/ellbogendysplasie-beim-hund-ursachen-symptome-und-therapiemoeglichkeiten\/\">Ellbogendysplasie beim Hund: Ursachen, Symptome und Therapiem\u00f6glichkeiten<\/a><\/h3><\/div><div class=\"img align-center\"><img decoding=\"async\" width=\"315\" height=\"180\" src=\"https:\/\/uelzener.de\/magazin\/app\/uploads\/2025\/03\/Ellenbogendysplasie-315x180.jpg\" class=\"attachment-315x180 size-315x180 wp-post-image\" alt=\"Ein Hund wird an den Ellenbogen vom Tierarzt abgetastet.\" \/><\/div><\/div><div class=\"wrapper\"><div class=\"title align-center\"><h3><a href=\"https:\/\/uelzener.de\/magazin\/hund\/tiergesundheit\/hundekrankheiten-unfaelle\/\">Hundekrankheiten und Unf\u00e4lle, die du unbedingt kennen musst<\/a><\/h3><\/div><div class=\"img align-center\"><img decoding=\"async\" width=\"315\" height=\"180\" src=\"https:\/\/uelzener.de\/magazin\/app\/uploads\/2023\/01\/haeufige-hundekrankheiten-unfaelle-315x180.jpg\" class=\"attachment-315x180 size-315x180 wp-post-image\" alt=\"Kranker Hund wird gestreichelt.\" \/><\/div><\/div><div class=\"wrapper\"><div class=\"title align-center\"><h3><a href=\"https:\/\/uelzener.de\/magazin\/hund\/tiergesundheit\/arthrose-beim-hund-wie-man-sie-erkennt-und-behandeln-kann\/\">Arthrose beim Hund: Wie man sie erkennt und behandeln kann<\/a><\/h3><\/div><div class=\"img align-center\"><img decoding=\"async\" width=\"315\" height=\"180\" src=\"https:\/\/uelzener.de\/magazin\/app\/uploads\/2023\/05\/arthrose-hund-315x180.jpg\" class=\"attachment-315x180 size-315x180 wp-post-image\" alt=\"Hundepfote wird auf Arthrose-Hinweise abgetastet.\" \/><\/div><\/div><\/div>\n\n<h2><strong>Ist eine Narkose erforderlich, wenn der Hund ger\u00f6ntgt wird?<\/strong><\/h2>\n<p>Meist kann der Hund ohne Narkose ger\u00f6ntgt werden. Voraussetzung daf\u00fcr ist, dass der Hund w\u00e4hrend der Aufnahme absolut stillh\u00e4lt. Die gute Nachricht: In allen Lebenslagen kurz stillzuhalten kann man im Vorfeld gut trainieren. So kann man dem Hund in vielen F\u00e4llen bei der R\u00f6ntgenuntersuchung eine Narkose oder Sedierung ersparen.<\/p>\n<p>H\u00e4lt der Hund nicht still, beispielsweise weil der Vierbeiner ein aufgeregtes Energieb\u00fcndel ist oder starke Schmerzen hat, dann ist eine leichte Narkose oder Sedierung mit einem Beruhigungsmittel erforderlich.<\/p>\n<h2><strong>Wie l\u00e4uft die R\u00f6ntgenuntersuchung ab? <\/strong><\/h2>\n<p>Soll der Hund ger\u00f6ntgt werden, werden zun\u00e4chst die <strong>allgemeine Konstitution sowie der Kreislauf des Tieres untersucht<\/strong>. Dies ist vor allem wichtig, wenn der Hund f\u00fcr die Aufnahme in Narkose gelegt werden muss. Denn diese kann das Risiko f\u00fcr Blutdruckabf\u00e4lle, Verlangsamung des Herzschlages oder Rhythmusst\u00f6rungen erh\u00f6hen. Das Risiko ist jedoch vergleichsweise gering, denn der R\u00f6ntgenvorgang dauert nicht lange und die Narkose h\u00e4lt in der Regel nur<strong> f\u00fcnf bis zehn Minuten<\/strong> an. Soll der Hund aber im Anschluss an die R\u00f6ntgenaufnahme und die Diagnose sofort operiert werden, wird er in eine tiefere Narkose versetzt, die f\u00fcr die Dauer der gesamten nachfolgenden Operation anh\u00e4lt.<\/p>\n<p>Ist im Vorfeld absehbar, dass dem Hund eine Narkose verabreicht werden muss, sollte das Tier am Tag der R\u00f6ntgenuntersuchung nichts gefressen haben. Trinken ist aber erlaubt. Der Tierarzt oder die Tier\u00e4rztin wird in solchen F\u00e4llen genau erkl\u00e4ren, was man als Hundehalter:in beachten sollte.<\/p>\n<p>Der Vorgang des R\u00f6ntgens selbst l\u00e4uft folgenderma\u00dfen ab: Der Hund wird in einer bestimmten Position unter dem R\u00f6ntgenger\u00e4t gelagert und w\u00e4hrend der Aufnahmen festgehalten. Denn der Hund muss w\u00e4hrenddessen absolut still liegen! Sonst sind die R\u00f6ntgenbilder verwackelt und die wesentlichen Bereiche und Ver\u00e4nderungen sind nicht erkennbar. Um ein m\u00f6glichst vollst\u00e4ndiges Bild von dem zu untersuchenden Bereich zu erhalten, macht der Tierarzt oder die Tier\u00e4rztin immer mindestens zwei Aufnahmen aus verschiedenen Winkeln. In einigen F\u00e4llen kann es auch erforderlich sein, dass mehr als zwei Aufnahmen gemacht werden.<\/p>\n<h2><strong>Ist R\u00f6ntgen gef\u00e4hrlich f\u00fcr den Hund?<\/strong><\/h2>\n<p>Eine R\u00f6ntgenuntersuchung ist f\u00fcr den Hund <strong>ungef\u00e4hrlich<\/strong>. Hundehalter:innen m\u00fcssen sich keine Sorgen machen: Zum einen ist die Strahlendosis beim R\u00f6ntgen relativ gering. Zum anderen muss es f\u00fcr ein R\u00f6ntgenbild eine medizinische Indikation geben. Das bedeutet, dass die Tier\u00e4rzt:innen gr\u00fcndlich abw\u00e4gen, ob sie den Hund der niedrigen und ungef\u00e4hrlichen Strahlung aussetzen.<\/p>\n<h2><strong>Was kostet eine R\u00f6ntgenuntersuchung beim Hund?<\/strong><\/h2>\n<p>Wie viel der Tierarzt oder die Tier\u00e4rztin f\u00fcr das R\u00f6ntgen des Hundes berechnet, bemisst sich nach der Geb\u00fchrenordnung f\u00fcr Tier\u00e4rzte (GOT). Dabei kommt es darauf an, wie viele Aufnahmen gemacht wurden, ob der Hund beim R\u00f6ntgen in Narkose gelegt wurde und ob ein Kontrastmittel verwendet werden musste. Denn sowohl den Zeitaufwand f\u00fcr die Voruntersuchung und die R\u00f6ntgenaufnahmen, eine Geb\u00fchr f\u00fcr die R\u00f6ntgenaufnahmen selbst als auch das Narkose- und Kontrastmittel muss der Tierarzt\/die Tier\u00e4rztin in Rechnung stellen.<\/p>\n<p>Nachfolgend einige Beispiele f\u00fcr Geb\u00fchren zum einfachen GOT Satz, die im Zusammenhang mit einer R\u00f6ntgenuntersuchung anfallen k\u00f6nnen:<\/p>\n<ul>\n<li>Allgemeine Untersuchung mit Beratung: 13,47 Euro<\/li>\n<li>Eingehende Untersuchung Kreislauf: 9,62 Euro<\/li>\n<li>Injektionsnarkose: 38,48 Euro<\/li>\n<li>Das R\u00f6ntgen selbst: 25,65 Euro<\/li>\n<li>Die ersten beiden R\u00f6ntgenaufnahmen: 32,07 Euro<\/li>\n<li>Jede weitere Aufnahme: 19,24 Euro<\/li>\n<li>Kontrastmitteluntersuchung (Minimum): 6,41 Euro<\/li>\n<li>Zeitgeb\u00fchr f\u00fcr weitere 15 Minuten: je 16 Euro<\/li>\n<li>Medikamente und Verbrauchsmaterial<\/li>\n<\/ul>\n<p>Ist die Untersuchung des Hundes ein Notfall und muss beispielsweise am Wochenende oder in der Nacht ger\u00f6ntgt werden, k\u00f6nnen Tier\u00e4rzt:innen sogar das Dreifache berechnen. Dazu kommt eine Notdienstgeb\u00fchr in der H\u00f6he von 50 Euro plus Steuer.<\/p>\n\n<div class=\"banner\">\n    <a href=\"https:\/\/uelzener.de\/hund\/hunde-krankenversicherung\/?agt=0000104925&sem=true&utm_medium=magazin&utm_source=wordpress&utm_campaign=hund_kv&utm_content=banner\">\n        <img decoding=\"async\" width=\"300\" height=\"212\" src=\"https:\/\/uelzener.de\/magazin\/app\/uploads\/2025\/01\/Hunde-Kranken-Versicherung.jpg\" class=\"attachment-medium size-medium\" alt=\"Banner Hunde-Kranken-Versicherung\" \/>    <\/a>\n<\/div>\n\n<p>Es kann also einiges an Tierarztgeb\u00fchren allein f\u00fcr das R\u00f6ntgen des Hundes anfallen. Dazu kommen Kosten f\u00fcr die Behandlung der Bereiche, die mit der R\u00f6ntgenuntersuchung lokalisiert wurden \u2013 beispielsweise das Schienen eines Bruchs oder eine Operation. Informiere Dich gern bei uns zu unserer <strong>Hunde-OP- und Krankenversicherung<\/strong>. Damit bist Du abgesichert und musst Dir k\u00fcnftig \u00fcber die Tierarztkosten keine Sorgen machen.<\/p>\n","protected":false},"excerpt":{"rendered":"<p>Steht der Hund beim Tierarzt oder der Tier\u00e4rztin auf dem Untersuchungstisch, kann es schnell hei\u00dfen: Wir m\u00fcssen den Hund r\u00f6ntgen! Denn wie bei uns Menschen kommt in der Tiermedizin die R\u00f6ntgenuntersuchung als Diagnose-Instrument zum Einsatz. Aber was passiert beim R\u00f6ntgen, wie l\u00e4uft die Untersuchung ab und in welchen F\u00e4llen ist sie sinnvoll? Ist R\u00f6ntgen gef\u00e4hrlich [&hellip;]<\/p>\n","protected":false},"author":6,"featured_media":13059,"parent":11701,"menu_order":0,"comment_status":"closed","ping_status":"closed","template":"templates\/blog.php","meta":{"_acf_changed":false,"_crdt_document":"","footnotes":"","beyondwords_generate_audio":"0","beyondwords_project_id":"","beyondwords_content_id":"","beyondwords_preview_token":"","beyondwords_player_style":"","beyondwords_language_id":"","beyondwords_title_voice_id":"","beyondwords_body_voice_id":"","beyondwords_summary_voice_id":"","beyondwords_error_message":"","beyondwords_disabled":"","beyondwords_delete_content":"","beyondwords_podcast_id":"","beyondwords_hash":"","publish_post_to_speechkit":"","speechkit_hash":"","speechkit_generate_audio":"","speechkit_project_id":"","speechkit_podcast_id":"","speechkit_error_message":"","speechkit_disabled":"","speechkit_access_key":"","speechkit_error":"","speechkit_info":"","speechkit_response":"","speechkit_retries":"","speechkit_status":"","speechkit_updated_at":"","_speechkit_link":"","_speechkit_text":""},"class_list":["post-13057","page","type-page","status-publish","has-post-thumbnail","hentry"],"acf":[],"yoast_head":"<!-- This site is optimized with the Yoast SEO Premium plugin  - https:\/\/yoast.com\/product\/yoast-seo-premium-wordpress\/ -->\n<title>Wenn der Tierarzt den Hund r\u00f6ntgen muss | Uelzener<\/title>\n<meta name=\"description\" content=\"R\u00f6ntgen wird bei Hunden zur Diagnose eingesetzt. \u2713 Was passiert dabei, gibt es Risiken und welche Kosten k\u00f6nnen entstehen? \u25b6 Hier erf\u00e4hrst Du alles!\" \/>\n<meta name=\"robots\" content=\"index, follow, max-snippet:-1, max-image-preview:large, max-video-preview:-1\" \/>\n<link rel=\"canonical\" href=\"https:\/\/uelzener.de\/magazin\/hund\/tiergesundheit\/voller-durchblick-wenn-der-tierarzt-den-hund-roentgen-muss\/\" \/>\n<meta property=\"og:locale\" content=\"de_DE\" \/>\n<meta property=\"og:type\" content=\"article\" \/>\n<meta property=\"og:title\" content=\"Voller Durchblick: Wenn der Tierarzt den Hund r\u00f6ntgen muss\" \/>\n<meta property=\"og:description\" content=\"R\u00f6ntgen wird bei Hunden zur Diagnose eingesetzt. \u2713 Was passiert dabei, gibt es Risiken und welche Kosten k\u00f6nnen entstehen? \u25b6 Hier erf\u00e4hrst Du alles!\" \/>\n<meta property=\"og:url\" content=\"https:\/\/uelzener.de\/magazin\/hund\/tiergesundheit\/voller-durchblick-wenn-der-tierarzt-den-hund-roentgen-muss\/\" \/>\n<meta property=\"og:site_name\" content=\"Uelzener Tier-Magazin\" \/>\n<meta property=\"article:publisher\" content=\"https:\/\/www.facebook.com\/Uelzener\" \/>\n<meta property=\"article:modified_time\" content=\"2025-04-08T12:53:51+00:00\" \/>\n<meta property=\"og:image\" content=\"https:\/\/uelzener.de\/magazin\/app\/uploads\/2022\/03\/Roentgen-Hund.jpg\" \/>\n\t<meta property=\"og:image:width\" content=\"1024\" \/>\n\t<meta property=\"og:image:height\" content=\"450\" \/>\n\t<meta property=\"og:image:type\" content=\"image\/jpeg\" \/>\n<meta name=\"twitter:card\" content=\"summary_large_image\" \/>\n<meta name=\"twitter:label1\" content=\"Gesch\u00e4tzte Lesezeit\" \/>\n\t<meta name=\"twitter:data1\" content=\"6\u00a0Minuten\" \/>\n<script type=\"application\/ld+json\" class=\"yoast-schema-graph\">{\"@context\":\"https:\/\/schema.org\",\"@graph\":[{\"@type\":\"WebPage\",\"@id\":\"https:\/\/uelzener.de\/magazin\/hund\/tiergesundheit\/voller-durchblick-wenn-der-tierarzt-den-hund-roentgen-muss\/\",\"url\":\"https:\/\/uelzener.de\/magazin\/hund\/tiergesundheit\/voller-durchblick-wenn-der-tierarzt-den-hund-roentgen-muss\/\",\"name\":\"Wenn der Tierarzt den Hund r\u00f6ntgen muss | Uelzener\",\"isPartOf\":{\"@id\":\"https:\/\/uelzener.de\/magazin\/#website\"},\"primaryImageOfPage\":{\"@id\":\"https:\/\/uelzener.de\/magazin\/hund\/tiergesundheit\/voller-durchblick-wenn-der-tierarzt-den-hund-roentgen-muss\/#primaryimage\"},\"image\":{\"@id\":\"https:\/\/uelzener.de\/magazin\/hund\/tiergesundheit\/voller-durchblick-wenn-der-tierarzt-den-hund-roentgen-muss\/#primaryimage\"},\"thumbnailUrl\":\"https:\/\/uelzener.de\/magazin\/app\/uploads\/2022\/03\/Roentgen-Hund.jpg\",\"datePublished\":\"2022-03-24T14:10:32+00:00\",\"dateModified\":\"2025-04-08T12:53:51+00:00\",\"description\":\"R\u00f6ntgen wird bei Hunden zur Diagnose eingesetzt. \u2713 Was passiert dabei, gibt es Risiken und welche Kosten k\u00f6nnen entstehen? \u25b6 Hier erf\u00e4hrst Du alles!\",\"breadcrumb\":{\"@id\":\"https:\/\/uelzener.de\/magazin\/hund\/tiergesundheit\/voller-durchblick-wenn-der-tierarzt-den-hund-roentgen-muss\/#breadcrumb\"},\"inLanguage\":\"de\",\"potentialAction\":[{\"@type\":\"ReadAction\",\"target\":[\"https:\/\/uelzener.de\/magazin\/hund\/tiergesundheit\/voller-durchblick-wenn-der-tierarzt-den-hund-roentgen-muss\/\"]}]},{\"@type\":\"ImageObject\",\"inLanguage\":\"de\",\"@id\":\"https:\/\/uelzener.de\/magazin\/hund\/tiergesundheit\/voller-durchblick-wenn-der-tierarzt-den-hund-roentgen-muss\/#primaryimage\",\"url\":\"https:\/\/uelzener.de\/magazin\/app\/uploads\/2022\/03\/Roentgen-Hund.jpg\",\"contentUrl\":\"https:\/\/uelzener.de\/magazin\/app\/uploads\/2022\/03\/Roentgen-Hund.jpg\",\"width\":1024,\"height\":450,\"caption\":\"R\u00f6ntgenbildbesprechung eines Hundes beim Tierarzt\"},{\"@type\":\"WebSite\",\"@id\":\"https:\/\/uelzener.de\/magazin\/#website\",\"url\":\"https:\/\/uelzener.de\/magazin\/\",\"name\":\"Uelzener Tiermagazin\",\"description\":\"Online Tierratgeber der Uelzener Versicherungen\",\"publisher\":{\"@id\":\"https:\/\/uelzener.de\/magazin\/#organization\"},\"potentialAction\":[{\"@type\":\"SearchAction\",\"target\":{\"@type\":\"EntryPoint\",\"urlTemplate\":\"https:\/\/uelzener.de\/magazin\/?s={search_term_string}\"},\"query-input\":{\"@type\":\"PropertyValueSpecification\",\"valueRequired\":true,\"valueName\":\"search_term_string\"}}],\"inLanguage\":\"de\"},{\"@type\":\"Organization\",\"@id\":\"https:\/\/uelzener.de\/magazin\/#organization\",\"name\":\"Uelzener Versicherungen\",\"url\":\"https:\/\/uelzener.de\/magazin\/\",\"logo\":{\"@type\":\"ImageObject\",\"inLanguage\":\"de\",\"@id\":\"https:\/\/uelzener.de\/magazin\/#\/schema\/logo\/image\/\",\"url\":\"https:\/\/uelzener.de\/magazin\/app\/uploads\/2024\/11\/uelzener_allgemeine_versicherungsgesellschaft_a_g_logo.jpg\",\"contentUrl\":\"https:\/\/uelzener.de\/magazin\/app\/uploads\/2024\/11\/uelzener_allgemeine_versicherungsgesellschaft_a_g_logo.jpg\",\"width\":200,\"height\":200,\"caption\":\"Uelzener Versicherungen\"},\"image\":{\"@id\":\"https:\/\/uelzener.de\/magazin\/#\/schema\/logo\/image\/\"},\"sameAs\":[\"https:\/\/www.facebook.com\/Uelzener\",\"https:\/\/instagram.com\/uelzener\",\"https:\/\/www.xing.com\/pages\/uelzenerallgemeineversicherungs-gesellschafta-g\",\"https:\/\/www.youtube.com\/UelzenerVersicherungen\"]}]}<\/script>\n<!-- \/ Yoast SEO Premium plugin. -->","yoast_head_json":{"title":"Wenn der Tierarzt den Hund r\u00f6ntgen muss | Uelzener","description":"R\u00f6ntgen wird bei Hunden zur Diagnose eingesetzt. \u2713 Was passiert dabei, gibt es Risiken und welche Kosten k\u00f6nnen entstehen? \u25b6 Hier erf\u00e4hrst Du alles!","robots":{"index":"index","follow":"follow","max-snippet":"max-snippet:-1","max-image-preview":"max-image-preview:large","max-video-preview":"max-video-preview:-1"},"canonical":"https:\/\/uelzener.de\/magazin\/hund\/tiergesundheit\/voller-durchblick-wenn-der-tierarzt-den-hund-roentgen-muss\/","og_locale":"de_DE","og_type":"article","og_title":"Voller Durchblick: Wenn der Tierarzt den Hund r\u00f6ntgen muss","og_description":"R\u00f6ntgen wird bei Hunden zur Diagnose eingesetzt. \u2713 Was passiert dabei, gibt es Risiken und welche Kosten k\u00f6nnen entstehen? \u25b6 Hier erf\u00e4hrst Du alles!","og_url":"https:\/\/uelzener.de\/magazin\/hund\/tiergesundheit\/voller-durchblick-wenn-der-tierarzt-den-hund-roentgen-muss\/","og_site_name":"Uelzener Tier-Magazin","article_publisher":"https:\/\/www.facebook.com\/Uelzener","article_modified_time":"2025-04-08T12:53:51+00:00","og_image":[{"width":1024,"height":450,"url":"https:\/\/uelzener.de\/magazin\/app\/uploads\/2022\/03\/Roentgen-Hund.jpg","type":"image\/jpeg"}],"twitter_card":"summary_large_image","twitter_misc":{"Gesch\u00e4tzte Lesezeit":"6\u00a0Minuten"},"schema":{"@context":"https:\/\/schema.org","@graph":[{"@type":"WebPage","@id":"https:\/\/uelzener.de\/magazin\/hund\/tiergesundheit\/voller-durchblick-wenn-der-tierarzt-den-hund-roentgen-muss\/","url":"https:\/\/uelzener.de\/magazin\/hund\/tiergesundheit\/voller-durchblick-wenn-der-tierarzt-den-hund-roentgen-muss\/","name":"Wenn der Tierarzt den Hund r\u00f6ntgen muss | Uelzener","isPartOf":{"@id":"https:\/\/uelzener.de\/magazin\/#website"},"primaryImageOfPage":{"@id":"https:\/\/uelzener.de\/magazin\/hund\/tiergesundheit\/voller-durchblick-wenn-der-tierarzt-den-hund-roentgen-muss\/#primaryimage"},"image":{"@id":"https:\/\/uelzener.de\/magazin\/hund\/tiergesundheit\/voller-durchblick-wenn-der-tierarzt-den-hund-roentgen-muss\/#primaryimage"},"thumbnailUrl":"https:\/\/uelzener.de\/magazin\/app\/uploads\/2022\/03\/Roentgen-Hund.jpg","datePublished":"2022-03-24T14:10:32+00:00","dateModified":"2025-04-08T12:53:51+00:00","description":"R\u00f6ntgen wird bei Hunden zur Diagnose eingesetzt. \u2713 Was passiert dabei, gibt es Risiken und welche Kosten k\u00f6nnen entstehen? \u25b6 Hier erf\u00e4hrst Du alles!","breadcrumb":{"@id":"https:\/\/uelzener.de\/magazin\/hund\/tiergesundheit\/voller-durchblick-wenn-der-tierarzt-den-hund-roentgen-muss\/#breadcrumb"},"inLanguage":"de","potentialAction":[{"@type":"ReadAction","target":["https:\/\/uelzener.de\/magazin\/hund\/tiergesundheit\/voller-durchblick-wenn-der-tierarzt-den-hund-roentgen-muss\/"]}]},{"@type":"ImageObject","inLanguage":"de","@id":"https:\/\/uelzener.de\/magazin\/hund\/tiergesundheit\/voller-durchblick-wenn-der-tierarzt-den-hund-roentgen-muss\/#primaryimage","url":"https:\/\/uelzener.de\/magazin\/app\/uploads\/2022\/03\/Roentgen-Hund.jpg","contentUrl":"https:\/\/uelzener.de\/magazin\/app\/uploads\/2022\/03\/Roentgen-Hund.jpg","width":1024,"height":450,"caption":"R\u00f6ntgenbildbesprechung eines Hundes beim Tierarzt"},{"@type":"WebSite","@id":"https:\/\/uelzener.de\/magazin\/#website","url":"https:\/\/uelzener.de\/magazin\/","name":"Uelzener Tiermagazin","description":"Online Tierratgeber der Uelzener Versicherungen","publisher":{"@id":"https:\/\/uelzener.de\/magazin\/#organization"},"potentialAction":[{"@type":"SearchAction","target":{"@type":"EntryPoint","urlTemplate":"https:\/\/uelzener.de\/magazin\/?s={search_term_string}"},"query-input":{"@type":"PropertyValueSpecification","valueRequired":true,"valueName":"search_term_string"}}],"inLanguage":"de"},{"@type":"Organization","@id":"https:\/\/uelzener.de\/magazin\/#organization","name":"Uelzener Versicherungen","url":"https:\/\/uelzener.de\/magazin\/","logo":{"@type":"ImageObject","inLanguage":"de","@id":"https:\/\/uelzener.de\/magazin\/#\/schema\/logo\/image\/","url":"https:\/\/uelzener.de\/magazin\/app\/uploads\/2024\/11\/uelzener_allgemeine_versicherungsgesellschaft_a_g_logo.jpg","contentUrl":"https:\/\/uelzener.de\/magazin\/app\/uploads\/2024\/11\/uelzener_allgemeine_versicherungsgesellschaft_a_g_logo.jpg","width":200,"height":200,"caption":"Uelzener Versicherungen"},"image":{"@id":"https:\/\/uelzener.de\/magazin\/#\/schema\/logo\/image\/"},"sameAs":["https:\/\/www.facebook.com\/Uelzener","https:\/\/instagram.com\/uelzener","https:\/\/www.xing.com\/pages\/uelzenerallgemeineversicherungs-gesellschafta-g","https:\/\/www.youtube.com\/UelzenerVersicherungen"]}]}},"_links":{"self":[{"href":"https:\/\/uelzener.de\/magazin\/wp-json\/wp\/v2\/pages\/13057","targetHints":{"allow":["GET"]}}],"collection":[{"href":"https:\/\/uelzener.de\/magazin\/wp-json\/wp\/v2\/pages"}],"about":[{"href":"https:\/\/uelzener.de\/magazin\/wp-json\/wp\/v2\/types\/page"}],"author":[{"embeddable":true,"href":"https:\/\/uelzener.de\/magazin\/wp-json\/wp\/v2\/users\/6"}],"replies":[{"embeddable":true,"href":"https:\/\/uelzener.de\/magazin\/wp-json\/wp\/v2\/comments?post=13057"}],"version-history":[{"count":9,"href":"https:\/\/uelzener.de\/magazin\/wp-json\/wp\/v2\/pages\/13057\/revisions"}],"predecessor-version":[{"id":18329,"href":"https:\/\/uelzener.de\/magazin\/wp-json\/wp\/v2\/pages\/13057\/revisions\/18329"}],"up":[{"embeddable":true,"href":"https:\/\/uelzener.de\/magazin\/wp-json\/wp\/v2\/pages\/11701"}],"wp:featuredmedia":[{"embeddable":true,"href":"https:\/\/uelzener.de\/magazin\/wp-json\/wp\/v2\/media\/13059"}],"wp:attachment":[{"href":"https:\/\/uelzener.de\/magazin\/wp-json\/wp\/v2\/media?parent=13057"}],"curies":[{"name":"wp","href":"https:\/\/api.w.org\/{rel}","templated":true}]}}