{"id":13046,"date":"2022-02-22T09:35:34","date_gmt":"2022-02-22T08:35:34","guid":{"rendered":"https:\/\/uelzener.de\/magazin\/?page_id=13046"},"modified":"2025-08-28T12:26:42","modified_gmt":"2025-08-28T10:26:42","slug":"katze-haltung-katze-aus-dem-tierheim","status":"publish","type":"page","link":"https:\/\/uelzener.de\/magazin\/katze\/haltung\/katze-haltung-katze-aus-dem-tierheim\/","title":{"rendered":"Katze aus dem Tierheim aufnehmen"},"content":{"rendered":"<p><strong>Liebevolles Zuhause gesucht: In deutschen Tierheimen warten unz\u00e4hlige Katzen darauf, von tierfreundlichen Menschen adoptiert zu werden. Wie bei jeder Tiervermittlung gibt es dabei im Vorfeld ein paar Dinge zu beachten. Welche das sind und was man tun kann, damit sich die Katze gut im neuen Heim einlebt, erf\u00e4hrst du hier. <\/strong><\/p>\n<p>Katzen landen aus unterschiedlichen Gr\u00fcnden im Tierheim. Manche k\u00f6nnen bei einem Umzug ihrer Besitzer:innen nicht mitkommen. Auch eine Katzenhaarallergie kann ein Grund sein, warum eine Mieze im Tierheim abgegeben wird. Andere Katzen wiederum werden von ihren Halter:innen ausgesetzt und anschlie\u00dfend von verantwortungsvollen Menschen ins Tierheim gebracht. Eines aber haben alle Tiere gemeinsam: Sie haben ein echtes Zuhause verdient, in dem man sich zuk\u00fcnftig liebevoll um sie k\u00fcmmert. Denn das Tierheim ist nur eine \u00dcbergangsl\u00f6sung \u2013 auch wenn die Tiere dort gut versorgt werden.<\/p>\n<h2><strong>Checkliste: Was kann ich einer Tierheimkatze bieten?<\/strong><\/h2>\n<p>Spielt man mit dem Gedanken, einer Katze aus dem <a href=\"https:\/\/uelzener.de\/magazin\/wir\/tierheim-aktion-der-uelzener-zum-150-jubilaeum\/\">Tierheim<\/a> ein neues Zuhause zu bieten, sollte man sich im Vorfeld ehrlich ein paar Fragen beantworten. Das gilt nicht nur, aber insbesondere f\u00fcr Tierheimkatzen. Schlie\u00dflich soll das Tier in ein verl\u00e4ssliches und langfristig stabiles Umfeld umziehen.<\/p>\n<ul>\n<li>Habe ich genug Platz, Zeit und Geld, um eine Katze bis an ihr Lebensende zu versorgen?<\/li>\n<li>Soll die Katze ausschlie\u00dflich in der Wohnung leben oder soll sie auch nach drau\u00dfen d\u00fcrfen?<\/li>\n<li>Will ich eine junge, verspielte Katze oder passt eine erwachsene Katze besser in mein Leben, die ihre wildesten Zeiten bereits hinter sich hat?<\/li>\n<li>Habe ich Erfahrung mit Katzen und k\u00f6nnte auch ein scheueres Tier zu mir nehmen?<\/li>\n<li>M\u00f6chte ich eine Katze oder vielleicht gleich zwei Katzen aus dem Tierheim zu mir nehmen? Was wei\u00df ich \u00fcber die <a href=\"https:\/\/uelzener.de\/magazin\/katze\/haeufige-fragen\/katzenversicherung-fuer-2-katzen\/\">Katzenversicherung f\u00fcr 2 Katzen<\/a>?<\/li>\n<li><a href=\"https:\/\/uelzener.de\/magazin\/katze\/haeufige-fragen\/katze-urlaub\/\">Ist die Urlaubsbetreuung gesichert<\/a>? Kann sich im Idealfall ein Freund, eine Freundin oder ein Familienmitglied um die Katze k\u00fcmmern? Oder kann ich sie in einer Katzenpension unterbringen? Oder kann ich den <a href=\"https:\/\/uelzener.de\/magazin\/katze\/tipps-fuer-den-alltag\/urlaub-mit-katze\/\" target=\"_blank\" rel=\"noopener\">Urlaub mit Katze<\/a> planen?<\/li>\n<li>Kann ich mich damit anfreunden, dass sich die Tierheimmitarbeiter:innen im Vorfeld nach meinen Lebensumst\u00e4nden erkundigen und nach dem Einzug der Katze ggf. einen Kontrollbesuch absolvieren? Diese Ma\u00dfnahmen dienen ausschlie\u00dflich dem Wohl des Tieres und auch dazu, Versuchs- und Pelztierh\u00e4ndler:innen abzuschrecken.<\/li>\n<\/ul>\n<h2><strong>Vorteile einer Tierheimkatze<\/strong><\/h2>\n<p>Katzen, die im Tierheim gelebt haben, sind vom Tierarzt oder der Tier\u00e4rztin gecheckt, entwurmt, entfloht, gechipt, registriert und geimpft. Erwachsene Katzen sind bereits kastriert. Neue Katzenbesitzer:innen sparen demnach Zeit und auch Geld f\u00fcr die ersten Tierarztbesuche. Insofern ist die Schutzgeb\u00fchr von circa 100 Euro pro Katze gerechtfertigt. Und zudem auch kosteng\u00fcnstiger, als wenn man all die Ma\u00dfnahmen selbst durchf\u00fchren lassen m\u00fcsste.<\/p>\n<p>Au\u00dferdem kann man den Tierheimmitarbeiter:innen Fragen bez\u00fcglich des Charakters, der Gewohnheiten, Vorlieben und Abneigungen sowie der Vorgeschichte der Katze stellen. Das erleichtert das Kennenlernen und die Eingew\u00f6hnung der Katze im neuen Zuhause.<\/p>\n<p>Die Mitarbeiter:innen des Tierheims beraten die neuen Katzenbesitzer:innen auch langfristig, also nachdem die Katze bereits im neuen Zuhause lebt. Sie m\u00f6chten, dass die Vermittlung in private H\u00e4nde im Sinne der Katze gut verl\u00e4uft und nachhaltig ist.<\/p>\n<h2><strong>Bedingungen f\u00fcr die Vermittlung einer Tierheimkatze<\/strong><\/h2>\n<p>Die Aufnahme einer Katze aus dem Tierschutz ist an Bedingungen gekn\u00fcpft, von denen sich echte Tierfreund:innen aber nicht abschrecken lassen sollten, da sie einzig und allein dem Wohl des Tieres dienen.<\/p>\n<p>Bevor die Tierheimkatze in das neue Zuhause umziehen kann, muss der\/die neue Katzenfreund:in sie mehrmals im Tierheim besuchen. So k\u00f6nnen sich Mensch und Tier kennenlernen und testen, ob die Chemie stimmt. Gleichzeitig k\u00f6nnen sich die Tierheimmitarbeiter:innen einen Eindruck davon verschaffen, wie mit dem Tier umgegangen wird. Zudem werden die Mitarbeiter:innen nach den Lebensumst\u00e4nden potenzieller Neu-Katzenbesitzer:innen fragen. So soll sichergestellt werden, dass ein ernsthaftes Interesse besteht und die Katze in ein gutes Zuhause vermittelt wird.<\/p>\n<p>Nachdem die Katze in ihr neues Heim umgezogen ist, ist ein Kontrollbesuch durch das Tierheim m\u00f6glich, um sicherzustellen, dass sich die Katze gut eingelebt hat und es ihr gut geht.<\/p>\n<h2><strong>Das neue Zuhause einrichten<\/strong><\/h2>\n<p>Sind sich Katze und Katzenfreund:in einig und sind alle Bedingungen erf\u00fcllt, steht dem Einzug der Mieze in das neue Zuhause nichts mehr im Weg. Dort sollte bereits alles f\u00fcr die Ankunft des neuen tierischen Mitbewohners vorbereitet sein.<\/p>\n<p>Neben Fress- und Trinknapf, Katzenfutter, zwei Katzenklos und -einstreu sollten ein Kratzbaum und zwei bis drei Schlafpl\u00e4tze vorhanden sein. Ideal ist es, wenn man der Katze die Streu und das Futter bereitstellt, die sie bereits kennt. Die Lieblingsdecke aus dem Tierheim hilft der Samtpfote ebenfalls dabei, sich gut in der fremden Umgebung einzuleben. Spielzeug, B\u00fcrste und Transportkorb d\u00fcrfen selbstverst\u00e4ndlich auch nicht fehlen.<\/p>\n<h2><strong>Tipps f\u00fcr die Eingew\u00f6hnung der Tierheimkatze<\/strong><\/h2>\n<p>Am Tag des Einzugs und in den Tagen danach sollte man daf\u00fcr sorgen, dass im neuen Zuhause eine m\u00f6glichst <strong>ruhige Atmosph\u00e4re<\/strong> herrscht. Viele G\u00e4ste, Partys oder Renovierungs- oder Umbauma\u00dfnahmen sollte man f\u00fcr den Zeitraum der Eingew\u00f6hnung vermeiden.<\/p>\n<p>Ideal w\u00e4re es, wenn man der Katze f\u00fcr die ersten Tage einen eigenen Raum zur Verf\u00fcgung stellen k\u00f6nnte, der mit allen notwendigen Utensilien f\u00fcr die Mieze ausgestattet ist. Das ist ihr <strong>R\u00fcckzugsraum<\/strong>. Dort kann man am Tag der Ankunft die Transportbox hineinstellen und die T\u00fcr der Box \u00f6ffnen. Je nachdem, wie sch\u00fcchtern die Katze ist, kann es ratsam sein, sich zun\u00e4chst einmal zur\u00fcckzuziehen. So kann die Katze ganz in Ruhe und ungest\u00f6rt ihr neues Revier erkunden.<\/p>\n<p>Im n\u00e4chsten Schritt kann man Kontakt zur Katze aufnehmen, indem man sie freundlich anspricht, anblinzelt \u2013 das ist k\u00e4tzisch f\u00fcr \u201eIch komme in friedlicher Absicht\u201c \u2013 und mit einem kleinen Jagdspiel und Leckerchen Vertrauen zu ihr aufbaut.<\/p>\n<p>Streicheln sollte man die Katze erst, wenn sie von selbst ankommt und mit dem K\u00f6pfchen ihren neuen Menschen anstupst. Damit signalisiert sie: \u201eDu geh\u00f6rst zu mir!\u201c Festhalten sollte man die Katze aber niemals. Sie entscheidet selbst, von wem, wann und wie lange sie gestreichelt werden m\u00f6chte.<\/p>\n<p>Auch kann es sein, dass der neue Stubentiger noch nicht <a href=\"https:\/\/uelzener.de\/magazin\/katze\/erziehung-und-training\/katze-stubenrein-bekommen\/\"><strong>stubenrein<\/strong> <\/a>ist. Mit ein wenig <strong>Training<\/strong> <strong>ist der Gang auf die Katzentoilette<\/strong> auch schnell gelernt.<\/p>\n<p>Je nach Charakter und Vorerfahrungen der Katze geht die Eingew\u00f6hnung bei der einen Samtpfote schneller, die andere braucht etwas l\u00e4nger. Die Zeit sollte man ihr aber zugestehen.<\/p>\n\n<div class=\"related_articles boxed\">\n    <h2>Mehr zum Thema<\/h2>\n    \n    <div class=\"wrapper\"><div class=\"title align-center\"><h3><a href=\"https:\/\/uelzener.de\/magazin\/katze\/tiergesundheit\/eine-katze-zieht-ein\/\">Eine Katze zieht ein: Checkliste, F\u00fctterung, Versicherungen<\/a><\/h3><\/div><div class=\"img align-center\"><img decoding=\"async\" width=\"315\" height=\"180\" src=\"https:\/\/uelzener.de\/magazin\/app\/uploads\/2023\/01\/kaetzchen-neugierig-315x180.jpg\" class=\"attachment-315x180 size-315x180 wp-post-image\" alt=\"Ein K\u00e4tzchen zieht neu ein. Worauf solltest du achten?\" \/><\/div><\/div><div class=\"wrapper\"><div class=\"title align-center\"><h3><a href=\"https:\/\/uelzener.de\/magazin\/katze\/erziehung-und-training\/katze-stubenrein-bekommen\/\">Katzen stubenrein bekommen<\/a><\/h3><\/div><div class=\"img align-center\"><img decoding=\"async\" width=\"315\" height=\"180\" src=\"https:\/\/uelzener.de\/magazin\/app\/uploads\/2019\/11\/123584f5-b719-40f4-ad77-b570b6f68c5a-315x180.jpg\" class=\"attachment-315x180 size-315x180 wp-post-image\" alt=\"Eine Katze schaut aus dem Katzenklo, mit den richtigen Tricks ist es nicht schwer, sie stubenrein zu bekommen.\" \/><\/div><\/div><div class=\"wrapper\"><div class=\"title align-center\"><h3><a href=\"https:\/\/uelzener.de\/magazin\/katze\/erziehung-und-training\/katze-an-transportbox-gewoehnen-tipps-tricks\/\">Katze an Transportbox gew\u00f6hnen: Tipps und Tricks f\u00fcr ein erfolgreiches Training!<\/a><\/h3><\/div><div class=\"img align-center\"><img decoding=\"async\" width=\"315\" height=\"180\" src=\"https:\/\/uelzener.de\/magazin\/app\/uploads\/2024\/08\/transportbox-training-katze-315x180.jpg\" class=\"attachment-315x180 size-315x180 wp-post-image\" alt=\"Katze in Transportbox.\" \/><\/div><\/div><\/div>\n\n<h2><strong>Scheue Katzen brauchen zun\u00e4chst Abstand<\/strong><\/h2>\n<p>Scheue Katzen sind nur etwas f\u00fcr Erwachsene, die bereits Erfahrung mit Katzen haben und diese mit viel Geduld und Einf\u00fchlungsverm\u00f6gen an den Menschen und das neue Zuhause gew\u00f6hnen k\u00f6nnen. Manche Katzen wurden vor ihrer Zeit im Tierheim schlecht behandelt und sind anfangs etwas zur\u00fcckhaltender und \u00e4ngstlicher als andere. Aber auch sie fassen h\u00e4ufig wieder Vertrauen zum Menschen und haben ein sch\u00f6nes Zuhause verdient \u2013 auch wenn einige von ihnen m\u00f6glicherweise nicht so anh\u00e4nglich werden wie Katzen, die ausschlie\u00dflich positive Erfahrungen mit Menschen gemacht haben. Ein Haushalt, in dem kleine Kinder oder wilde Teenies wohnen, w\u00e4re f\u00fcr diese Katzen allerdings nicht immer geeignet.<\/p>\n<p>Hat man sich dazu entschieden, einer scheuen Katze ein neues Zuhause zu bieten, gelten die bereits genannten Vorbereitungs- und Eingew\u00f6hnungstipps nat\u00fcrlich genauso. \u00c4ngstliche Katzen sollte man jedoch zun\u00e4chst mehrere Tage lang in Ruhe lassen. Es kann hilfreich sein, nachts die eigene Schlafzimmert\u00fcr ge\u00f6ffnet zu lassen. Dann kann die Samtpfote sich ihrem neuen Menschen ann\u00e4hern, w\u00e4hrend er schl\u00e4ft und keine vermeintliche Gefahr von ihm ausgeht.<\/p>\n<p>Nach einiger Zeit, wenn die Katze sich nicht mehr versteckt und im Beisein des Menschen frisst, kann man sich der \u00e4ngstlichen Fellnase vorsichtig ann\u00e4hern. Dabei kann es sinnvoll sein, die Katze zun\u00e4chst ganz vorsichtig mit einem Stab an Ber\u00fchrungen zu gew\u00f6hnen. So kommt man ihr anfangs nicht zu nahe. Denn je gr\u00f6\u00dfer der Abstand zum Menschen, desto weniger Angst haben die Tiere. Das Spiel mit der Jagdangel ist ebenfalls eine gute M\u00f6glichkeit, mit der Katze in Kontakt zu treten, ohne dass man ihr zu nahe kommt. Man kann die Katze auch mit einem Leckerchen heranlocken und so eine positive Beziehung mit dem Menschen herstellen. Nach und nach kann man den Abstand verringern, bis sich die Katze auch mit der Hand streicheln l\u00e4sst.<\/p>\n<p>Ob jung oder alt, abenteuerlustig oder eher zur\u00fcckhaltend: Im Tierheim warten viele Katzen auf einen Menschen, der ihnen ein liebevolles Zuhause bietet. Wer eine solche Samtpfote bei sich aufnehmen m\u00f6chte, muss sich nur an ein Tierheim in der N\u00e4he wenden.<\/p>\n<p>Katzen aus dem Tierheim sind in der Regel entwurmt und frei von Parasiten. In die Vergangenheit der Katze kann leider niemand schauen. Solltest du daher unbedingt eine\u00a0<a href=\"https:\/\/uelzener.de\/magazin\/katze\/haeufige-fragen\/katze-versichern-ja-oder-nein\/\">Katzenversicherung abschlie\u00dfen, ja oder nein<\/a>? Sei abgesichert und informiere dich \u00fcber eine<strong> OP- und Krankenversicherung<\/strong> f\u00fcr deinen neuen Liebling. So bist du im Ernstfall gesch\u00fctzt und die Tierarztkosten gehen auf uns.<\/p>\n\n<div class=\"banner\">\n    <a href=\"https:\/\/uelzener.de\/katze?agt=0000104925&sem=true&utm_medium=magazin&utm_source=wordpress&utm_campaign=katze&utm_content=banner\">\n        <img decoding=\"async\" width=\"300\" height=\"212\" src=\"https:\/\/uelzener.de\/magazin\/app\/uploads\/2025\/01\/Katzenversicherung.jpg\" class=\"attachment-medium size-medium\" alt=\"Banner Katzenversicherung\" \/>    <\/a>\n<\/div>\n\n","protected":false},"excerpt":{"rendered":"<p>Liebevolles Zuhause gesucht: In deutschen Tierheimen warten unz\u00e4hlige Katzen darauf, von tierfreundlichen Menschen adoptiert zu werden. Wie bei jeder Tiervermittlung gibt es dabei im Vorfeld ein paar Dinge zu beachten. Welche das sind und was man tun kann, damit sich die Katze gut im neuen Heim einlebt, erf\u00e4hrst du hier. Katzen landen aus unterschiedlichen Gr\u00fcnden [&hellip;]<\/p>\n","protected":false},"author":3,"featured_media":13047,"parent":11683,"menu_order":22,"comment_status":"closed","ping_status":"closed","template":"templates\/blog.php","meta":{"_acf_changed":false,"_crdt_document":"","footnotes":"","beyondwords_generate_audio":"0","beyondwords_project_id":"","beyondwords_content_id":"","beyondwords_preview_token":"","beyondwords_player_style":"","beyondwords_language_id":"","beyondwords_title_voice_id":"","beyondwords_body_voice_id":"","beyondwords_summary_voice_id":"","beyondwords_error_message":"","beyondwords_disabled":"","beyondwords_delete_content":"","beyondwords_podcast_id":"","beyondwords_hash":"","publish_post_to_speechkit":"","speechkit_hash":"","speechkit_generate_audio":"","speechkit_project_id":"","speechkit_podcast_id":"","speechkit_error_message":"","speechkit_disabled":"","speechkit_access_key":"","speechkit_error":"","speechkit_info":"","speechkit_response":"","speechkit_retries":"","speechkit_status":"","speechkit_updated_at":"","_speechkit_link":"","_speechkit_text":""},"class_list":["post-13046","page","type-page","status-publish","has-post-thumbnail","hentry"],"acf":[],"yoast_head":"<!-- This site is optimized with the Yoast SEO Premium plugin  - https:\/\/yoast.com\/product\/yoast-seo-premium-wordpress\/ -->\n<title>Eine Katze aus dem Tierheim aufnehmen | Uelzener<\/title>\n<meta name=\"description\" content=\"Wir geben dir Tipps zur \u2713 Aufnahme und \u2713 Eingew\u00f6hnung von Tierheimkatzen \u25b6 Tierheimkatze erfolgreich eingew\u00f6hnen!\" \/>\n<meta name=\"robots\" content=\"index, follow, max-snippet:-1, max-image-preview:large, max-video-preview:-1\" \/>\n<link rel=\"canonical\" href=\"https:\/\/uelzener.de\/magazin\/katze\/haltung\/katze-haltung-katze-aus-dem-tierheim\/\" \/>\n<meta property=\"og:locale\" content=\"de_DE\" \/>\n<meta property=\"og:type\" content=\"article\" \/>\n<meta property=\"og:title\" content=\"Katze aus dem Tierheim aufnehmen\" \/>\n<meta property=\"og:description\" content=\"Wir geben dir Tipps zur \u2713 Aufnahme und \u2713 Eingew\u00f6hnung von Tierheimkatzen \u25b6 Tierheimkatze erfolgreich eingew\u00f6hnen!\" \/>\n<meta property=\"og:url\" content=\"https:\/\/uelzener.de\/magazin\/katze\/haltung\/katze-haltung-katze-aus-dem-tierheim\/\" \/>\n<meta property=\"og:site_name\" content=\"Uelzener Tier-Magazin\" \/>\n<meta property=\"article:publisher\" content=\"https:\/\/www.facebook.com\/Uelzener\" \/>\n<meta property=\"article:modified_time\" content=\"2025-08-28T10:26:42+00:00\" \/>\n<meta property=\"og:image\" content=\"https:\/\/uelzener.de\/magazin\/app\/uploads\/2022\/02\/Katze-aus-dem-Tierheim.jpg\" \/>\n\t<meta property=\"og:image:width\" content=\"1024\" \/>\n\t<meta property=\"og:image:height\" content=\"450\" \/>\n\t<meta property=\"og:image:type\" content=\"image\/jpeg\" \/>\n<meta name=\"twitter:card\" content=\"summary_large_image\" \/>\n<meta name=\"twitter:label1\" content=\"Gesch\u00e4tzte Lesezeit\" \/>\n\t<meta name=\"twitter:data1\" content=\"8\u00a0Minuten\" \/>\n<script type=\"application\/ld+json\" class=\"yoast-schema-graph\">{\"@context\":\"https:\\\/\\\/schema.org\",\"@graph\":[{\"@type\":\"WebPage\",\"@id\":\"https:\\\/\\\/uelzener.de\\\/magazin\\\/katze\\\/haltung\\\/katze-haltung-katze-aus-dem-tierheim\\\/\",\"url\":\"https:\\\/\\\/uelzener.de\\\/magazin\\\/katze\\\/haltung\\\/katze-haltung-katze-aus-dem-tierheim\\\/\",\"name\":\"Eine Katze aus dem Tierheim aufnehmen | Uelzener\",\"isPartOf\":{\"@id\":\"https:\\\/\\\/uelzener.de\\\/magazin\\\/#website\"},\"primaryImageOfPage\":{\"@id\":\"https:\\\/\\\/uelzener.de\\\/magazin\\\/katze\\\/haltung\\\/katze-haltung-katze-aus-dem-tierheim\\\/#primaryimage\"},\"image\":{\"@id\":\"https:\\\/\\\/uelzener.de\\\/magazin\\\/katze\\\/haltung\\\/katze-haltung-katze-aus-dem-tierheim\\\/#primaryimage\"},\"thumbnailUrl\":\"https:\\\/\\\/uelzener.de\\\/magazin\\\/app\\\/uploads\\\/2022\\\/02\\\/Katze-aus-dem-Tierheim.jpg\",\"datePublished\":\"2022-02-22T08:35:34+00:00\",\"dateModified\":\"2025-08-28T10:26:42+00:00\",\"description\":\"Wir geben dir Tipps zur \u2713 Aufnahme und \u2713 Eingew\u00f6hnung von Tierheimkatzen \u25b6 Tierheimkatze erfolgreich eingew\u00f6hnen!\",\"breadcrumb\":{\"@id\":\"https:\\\/\\\/uelzener.de\\\/magazin\\\/katze\\\/haltung\\\/katze-haltung-katze-aus-dem-tierheim\\\/#breadcrumb\"},\"inLanguage\":\"de\",\"potentialAction\":[{\"@type\":\"ReadAction\",\"target\":[\"https:\\\/\\\/uelzener.de\\\/magazin\\\/katze\\\/haltung\\\/katze-haltung-katze-aus-dem-tierheim\\\/\"]}]},{\"@type\":\"ImageObject\",\"inLanguage\":\"de\",\"@id\":\"https:\\\/\\\/uelzener.de\\\/magazin\\\/katze\\\/haltung\\\/katze-haltung-katze-aus-dem-tierheim\\\/#primaryimage\",\"url\":\"https:\\\/\\\/uelzener.de\\\/magazin\\\/app\\\/uploads\\\/2022\\\/02\\\/Katze-aus-dem-Tierheim.jpg\",\"contentUrl\":\"https:\\\/\\\/uelzener.de\\\/magazin\\\/app\\\/uploads\\\/2022\\\/02\\\/Katze-aus-dem-Tierheim.jpg\",\"width\":1024,\"height\":450,\"caption\":\"Zwei getigerte Katzen kuscheln, die beiden kommen aus dem Tierheim.\"},{\"@type\":\"WebSite\",\"@id\":\"https:\\\/\\\/uelzener.de\\\/magazin\\\/#website\",\"url\":\"https:\\\/\\\/uelzener.de\\\/magazin\\\/\",\"name\":\"Uelzener Tiermagazin\",\"description\":\"Online Tierratgeber der Uelzener Versicherungen\",\"publisher\":{\"@id\":\"https:\\\/\\\/uelzener.de\\\/magazin\\\/#organization\"},\"potentialAction\":[{\"@type\":\"SearchAction\",\"target\":{\"@type\":\"EntryPoint\",\"urlTemplate\":\"https:\\\/\\\/uelzener.de\\\/magazin\\\/?s={search_term_string}\"},\"query-input\":{\"@type\":\"PropertyValueSpecification\",\"valueRequired\":true,\"valueName\":\"search_term_string\"}}],\"inLanguage\":\"de\"},{\"@type\":\"Organization\",\"@id\":\"https:\\\/\\\/uelzener.de\\\/magazin\\\/#organization\",\"name\":\"Uelzener Versicherungen\",\"url\":\"https:\\\/\\\/uelzener.de\\\/magazin\\\/\",\"logo\":{\"@type\":\"ImageObject\",\"inLanguage\":\"de\",\"@id\":\"https:\\\/\\\/uelzener.de\\\/magazin\\\/#\\\/schema\\\/logo\\\/image\\\/\",\"url\":\"https:\\\/\\\/uelzener.de\\\/magazin\\\/app\\\/uploads\\\/2024\\\/11\\\/uelzener_allgemeine_versicherungsgesellschaft_a_g_logo.jpg\",\"contentUrl\":\"https:\\\/\\\/uelzener.de\\\/magazin\\\/app\\\/uploads\\\/2024\\\/11\\\/uelzener_allgemeine_versicherungsgesellschaft_a_g_logo.jpg\",\"width\":200,\"height\":200,\"caption\":\"Uelzener Versicherungen\"},\"image\":{\"@id\":\"https:\\\/\\\/uelzener.de\\\/magazin\\\/#\\\/schema\\\/logo\\\/image\\\/\"},\"sameAs\":[\"https:\\\/\\\/www.facebook.com\\\/Uelzener\",\"https:\\\/\\\/instagram.com\\\/uelzener\",\"https:\\\/\\\/www.xing.com\\\/pages\\\/uelzenerallgemeineversicherungs-gesellschafta-g\",\"https:\\\/\\\/www.youtube.com\\\/UelzenerVersicherungen\"]}]}<\/script>\n<!-- \/ Yoast SEO Premium plugin. -->","yoast_head_json":{"title":"Eine Katze aus dem Tierheim aufnehmen | Uelzener","description":"Wir geben dir Tipps zur \u2713 Aufnahme und \u2713 Eingew\u00f6hnung von Tierheimkatzen \u25b6 Tierheimkatze erfolgreich eingew\u00f6hnen!","robots":{"index":"index","follow":"follow","max-snippet":"max-snippet:-1","max-image-preview":"max-image-preview:large","max-video-preview":"max-video-preview:-1"},"canonical":"https:\/\/uelzener.de\/magazin\/katze\/haltung\/katze-haltung-katze-aus-dem-tierheim\/","og_locale":"de_DE","og_type":"article","og_title":"Katze aus dem Tierheim aufnehmen","og_description":"Wir geben dir Tipps zur \u2713 Aufnahme und \u2713 Eingew\u00f6hnung von Tierheimkatzen \u25b6 Tierheimkatze erfolgreich eingew\u00f6hnen!","og_url":"https:\/\/uelzener.de\/magazin\/katze\/haltung\/katze-haltung-katze-aus-dem-tierheim\/","og_site_name":"Uelzener Tier-Magazin","article_publisher":"https:\/\/www.facebook.com\/Uelzener","article_modified_time":"2025-08-28T10:26:42+00:00","og_image":[{"width":1024,"height":450,"url":"https:\/\/uelzener.de\/magazin\/app\/uploads\/2022\/02\/Katze-aus-dem-Tierheim.jpg","type":"image\/jpeg"}],"twitter_card":"summary_large_image","twitter_misc":{"Gesch\u00e4tzte Lesezeit":"8\u00a0Minuten"},"schema":{"@context":"https:\/\/schema.org","@graph":[{"@type":"WebPage","@id":"https:\/\/uelzener.de\/magazin\/katze\/haltung\/katze-haltung-katze-aus-dem-tierheim\/","url":"https:\/\/uelzener.de\/magazin\/katze\/haltung\/katze-haltung-katze-aus-dem-tierheim\/","name":"Eine Katze aus dem Tierheim aufnehmen | Uelzener","isPartOf":{"@id":"https:\/\/uelzener.de\/magazin\/#website"},"primaryImageOfPage":{"@id":"https:\/\/uelzener.de\/magazin\/katze\/haltung\/katze-haltung-katze-aus-dem-tierheim\/#primaryimage"},"image":{"@id":"https:\/\/uelzener.de\/magazin\/katze\/haltung\/katze-haltung-katze-aus-dem-tierheim\/#primaryimage"},"thumbnailUrl":"https:\/\/uelzener.de\/magazin\/app\/uploads\/2022\/02\/Katze-aus-dem-Tierheim.jpg","datePublished":"2022-02-22T08:35:34+00:00","dateModified":"2025-08-28T10:26:42+00:00","description":"Wir geben dir Tipps zur \u2713 Aufnahme und \u2713 Eingew\u00f6hnung von Tierheimkatzen \u25b6 Tierheimkatze erfolgreich eingew\u00f6hnen!","breadcrumb":{"@id":"https:\/\/uelzener.de\/magazin\/katze\/haltung\/katze-haltung-katze-aus-dem-tierheim\/#breadcrumb"},"inLanguage":"de","potentialAction":[{"@type":"ReadAction","target":["https:\/\/uelzener.de\/magazin\/katze\/haltung\/katze-haltung-katze-aus-dem-tierheim\/"]}]},{"@type":"ImageObject","inLanguage":"de","@id":"https:\/\/uelzener.de\/magazin\/katze\/haltung\/katze-haltung-katze-aus-dem-tierheim\/#primaryimage","url":"https:\/\/uelzener.de\/magazin\/app\/uploads\/2022\/02\/Katze-aus-dem-Tierheim.jpg","contentUrl":"https:\/\/uelzener.de\/magazin\/app\/uploads\/2022\/02\/Katze-aus-dem-Tierheim.jpg","width":1024,"height":450,"caption":"Zwei getigerte Katzen kuscheln, die beiden kommen aus dem Tierheim."},{"@type":"WebSite","@id":"https:\/\/uelzener.de\/magazin\/#website","url":"https:\/\/uelzener.de\/magazin\/","name":"Uelzener Tiermagazin","description":"Online Tierratgeber der Uelzener Versicherungen","publisher":{"@id":"https:\/\/uelzener.de\/magazin\/#organization"},"potentialAction":[{"@type":"SearchAction","target":{"@type":"EntryPoint","urlTemplate":"https:\/\/uelzener.de\/magazin\/?s={search_term_string}"},"query-input":{"@type":"PropertyValueSpecification","valueRequired":true,"valueName":"search_term_string"}}],"inLanguage":"de"},{"@type":"Organization","@id":"https:\/\/uelzener.de\/magazin\/#organization","name":"Uelzener Versicherungen","url":"https:\/\/uelzener.de\/magazin\/","logo":{"@type":"ImageObject","inLanguage":"de","@id":"https:\/\/uelzener.de\/magazin\/#\/schema\/logo\/image\/","url":"https:\/\/uelzener.de\/magazin\/app\/uploads\/2024\/11\/uelzener_allgemeine_versicherungsgesellschaft_a_g_logo.jpg","contentUrl":"https:\/\/uelzener.de\/magazin\/app\/uploads\/2024\/11\/uelzener_allgemeine_versicherungsgesellschaft_a_g_logo.jpg","width":200,"height":200,"caption":"Uelzener Versicherungen"},"image":{"@id":"https:\/\/uelzener.de\/magazin\/#\/schema\/logo\/image\/"},"sameAs":["https:\/\/www.facebook.com\/Uelzener","https:\/\/instagram.com\/uelzener","https:\/\/www.xing.com\/pages\/uelzenerallgemeineversicherungs-gesellschafta-g","https:\/\/www.youtube.com\/UelzenerVersicherungen"]}]}},"_links":{"self":[{"href":"https:\/\/uelzener.de\/magazin\/wp-json\/wp\/v2\/pages\/13046","targetHints":{"allow":["GET"]}}],"collection":[{"href":"https:\/\/uelzener.de\/magazin\/wp-json\/wp\/v2\/pages"}],"about":[{"href":"https:\/\/uelzener.de\/magazin\/wp-json\/wp\/v2\/types\/page"}],"author":[{"embeddable":true,"href":"https:\/\/uelzener.de\/magazin\/wp-json\/wp\/v2\/users\/3"}],"replies":[{"embeddable":true,"href":"https:\/\/uelzener.de\/magazin\/wp-json\/wp\/v2\/comments?post=13046"}],"version-history":[{"count":13,"href":"https:\/\/uelzener.de\/magazin\/wp-json\/wp\/v2\/pages\/13046\/revisions"}],"predecessor-version":[{"id":19072,"href":"https:\/\/uelzener.de\/magazin\/wp-json\/wp\/v2\/pages\/13046\/revisions\/19072"}],"up":[{"embeddable":true,"href":"https:\/\/uelzener.de\/magazin\/wp-json\/wp\/v2\/pages\/11683"}],"wp:featuredmedia":[{"embeddable":true,"href":"https:\/\/uelzener.de\/magazin\/wp-json\/wp\/v2\/media\/13047"}],"wp:attachment":[{"href":"https:\/\/uelzener.de\/magazin\/wp-json\/wp\/v2\/media?parent=13046"}],"curies":[{"name":"wp","href":"https:\/\/api.w.org\/{rel}","templated":true}]}}