{"id":13039,"date":"2022-02-23T09:05:06","date_gmt":"2022-02-23T08:05:06","guid":{"rendered":"https:\/\/uelzener.de\/magazin\/?page_id=13039"},"modified":"2025-06-23T15:38:33","modified_gmt":"2025-06-23T13:38:33","slug":"10-anzeichen-dass-deine-katze-dich-liebt","status":"publish","type":"page","link":"https:\/\/uelzener.de\/magazin\/katze\/haeufige-fragen\/10-anzeichen-dass-deine-katze-dich-liebt\/","title":{"rendered":"10 Anzeichen, dass deine Katze dich liebt"},"content":{"rendered":"<p class=\"ai-optimize-introduction ai-optimize-6\">Als Individualisten haben Katzen in vielerlei Hinsicht ihre Eigenheiten, auch was Liebesbekundungen betrifft. Manche Stubentiger sind sehr verschmust und k\u00f6nnen gar nicht genug davon bekommen, von ihren Menschen gestreichelt zu werden, andere sind weniger anh\u00e4nglich und gehen lieber auf Abstand. Ist deine Samtpfote nicht auf K\u00f6rperkontakt aus, muss das nicht automatisch bedeuten, dass sie dich weniger mag. Katzen zeigen ihre Liebe auf unterschiedliche Weise. Ihre K\u00f6rpersprache und Laute verraten, ob sie jemandem zugetan sind oder nicht. Wir haben zehn Anzeichen zusammengestellt, die du als Liebesbeweis von deiner Katze interpretieren kannst.<\/p>\n<h2 class=\"ai-optimize-7\"><b>1. Deine Katze verteilt liebevoll Kopfn\u00fcsse<\/b><\/h2>\n<p class=\"ai-optimize-8\">Stupst dich deine Katze mit dem Kopf an oder streift sie dir um die Beine, ist das ein Zeichen von Zuneigung und Vertrauen. Sie hinterl\u00e4sst dabei n\u00e4mlich Pheromone bzw. Duftstoffe, mit denen sie dich markiert und als Teil ihres Kreises aufnimmt. Es kann auch sein, dass dich deine Katze mit einer leichten Kopfnuss auffordern m\u00f6chte, ihr mehr Aufmerksamkeit zu schenken oder sie zu kraulen. Darauf kannst du ruhig eingehen, denn beim Streicheln hinterl\u00e4sst auch du Duftmarken auf dem Fell, was das Zusammengeh\u00f6rigkeitsgef\u00fchl verst\u00e4rkt.<\/p>\n<h2 class=\"ai-optimize-9\"><b>2. Deine Katze bringt dir Geschenke<\/b><\/h2>\n<p class=\"ai-optimize-10\">Kleine Geschenke bereichern die Freundschaft, so lautet ein Sprichwort. Tote M\u00e4use sind damit vermutlich nicht gemeint, werden die ungew\u00f6hnlichen Pr\u00e4sente jedoch von einer Freig\u00e4ngerkatze vor die Haust\u00fcr gelegt, ist das durchaus als Kompliment zu verstehen. Bringt dir deine Katze eine Maus, dr\u00fcckt sie damit aus, dass du ihr wichtig bist und sie dich versorgen m\u00f6chte. Da das Jagen ein Instinktverhalten von Katzen ist, hat es keinen Sinn, mit ihnen zu schimpfen oder es ihnen abgew\u00f6hnen zu wollen. Versuche daher, es als Liebesbeweis zu betrachten, wenn dir deine Katze eine Maus schenkt.<\/p>\n<h2 class=\"ai-optimize-11\"><b>3. Deine Katze l\u00e4sst sich am Bauch streicheln<\/b><\/h2>\n<p class=\"ai-optimize-12\">Nicht nur Hunde werfen sich auf den R\u00fccken und strecken alle Viere von sich, um ihrem Menschen ihr Vertrauen und ihre Liebe zu zeigen. Auch manche Katzen pr\u00e4sentieren den Menschen ihren Bauch. Das ist keinesfalls selbstverst\u00e4ndlich, denn die K\u00f6rpermitten ist einer der verwundbarsten Bereiche. Rollt sich die Katze auf den R\u00fccken und zeigt ihren Bauch, ist das ein Ausdruck daf\u00fcr, dass sie sich bei dir sicher und geborgen f\u00fchlt. L\u00e4sst sie sich sogar am Bauch kraulen, spricht das f\u00fcr eine starke Zuneigung.<\/p>\n<h2 class=\"ai-optimize-13\"><b>4. Deine Katze blinzelt dir zu<\/b><\/h2>\n<p class=\"ai-optimize-14\">Katzen k\u00f6nnen auch mit den Augen kommunizieren. Wenn sie die Lider langsam schlie\u00dfen und wieder \u00f6ffnen, ist das als freundliche Kontaktaufnahme zu verstehen. Die Katze zeigt damit, dass sie positiv gestimmt ist und Vertrauen hat. M\u00f6chtest du darauf reagieren, kannst du es ihr gleichtun und ebenfalls zublinzeln, indem du deine Augen langsam schlie\u00dft und wieder \u00f6ffnest. Das freundliche Anblinzeln ist auch eine gute M\u00f6glichkeit, dich einer fremden Katze vorzustellen. So signalisierst du ihr: Es besteht keine Gefahr! Langes Anstarren wird dagegen als h\u00f6chst unh\u00f6flich empfunden und kann von Katzen sogar als aggressive Geste gedeutet werden.<\/p>\n<h2 class=\"ai-optimize-15\"><b>5. Deine Katze nutzt ihren Schwanz als Stimmungsbarometer<\/b><\/h2>\n<p class=\"ai-optimize-16\">Katzen ben\u00f6tigen ihren Schwanz, um beim Klettern und Springen das Gleichgewicht zu halten. Die Schwanzhaltung und -bewegung ist aber auch ein Indikator, wie sich die Katze f\u00fchlt bzw. gerade gestimmt ist. So begr\u00fc\u00dfen viele Katzen ihre Lieblingsmenschen mit einem als Fragezeichen geformten Schwanz und teilen ihnen so mit \u201eIch mag dich und freue mich, dich zu sehen\u201c.<\/p>\n<h2 class=\"ai-optimize-17\"><b>6. Deine Katze folgt dir auf Schritt und Tritt<\/b><\/h2>\n<p class=\"ai-optimize-18\">Hast du einen kleinen Stalker an deiner Seite, der dir \u00fcberall hin folgt? Herzlichen Gl\u00fcckwunsch! Deine Katze hat dich offensichtlich zu ihrem Lieblingsmenschen auserkoren, dem sie\u00a0nicht mehr von der Seite weichen\u00a0m\u00f6chte. Vorsicht ist geboten, wenn deine Katze dir w\u00e4hrend des Gehens um die Beine schleicht. Dann besteht n\u00e4mlich Stolpergefahr.<\/p>\n<h2 class=\"ai-optimize-19\"><b>7. Deine Katze schleckt dich ab<\/b><\/h2>\n<p class=\"ai-optimize-20\">Wenn erwachsene Katzen einander putzen, bringen sie sich damit gegenseitige F\u00fcrsorge entgegen. Schleckt deine Fellnase dir also \u00fcber die Hand, wenn du sie streichelst, ist das als liebevolle Geste zu verstehen. Deine Katze zeigt, dass du ihr wichtig bist, und m\u00f6chte sich um dich k\u00fcmmern. Abgesehen setzt sie durch das Schlecken ihre Duftmarke und signalisiert: Du geh\u00f6rst zu mir. Hast du vorher ein anderes Tier angefasst, \u201e\u00fcberschreibt\u201c sie dessen Duftspuren mit ihren eigenen. Es gibt allerdings auch Katzen, die ihre Menschen gar nicht ablecken. Das bedeutet nicht, dass sie weniger Liebe empfinden, sondern hat damit zu tun, dass sie ihre Zuneigung einfach auf andere Weise zeigen. Es kann auch sein, dass sie Probleme mit einem bestimmten Duft haben und ihren Menschen deswegen nicht abschlecken. Ger\u00fcche, die Katzen nicht m\u00f6gen, sind beispielsweise Zigarettenrauch oder intensives Parfum.<\/p>\n<p class=\"ai-optimize-21\">\n<div class=\"related_articles boxed\">\n    <h2>Mehr zum Thema<\/h2>\n    \n    <div class=\"wrapper\"><div class=\"title align-center\"><h3><a href=\"https:\/\/uelzener.de\/magazin\/katze\/haeufige-fragen\/warum-leckt-meine-katze-mich-ab\/\">Warum leckt meine Katze mich ab?<\/a><\/h3><\/div><div class=\"img align-center\"><img decoding=\"async\" width=\"315\" height=\"180\" src=\"https:\/\/uelzener.de\/magazin\/app\/uploads\/2025\/03\/warum_leckt_meine_katze_mich-315x180.jpg\" class=\"attachment-315x180 size-315x180 wp-post-image\" alt=\"Auf dem Foto ist eine schwarz wei\u00dfe Katze zu sehen, sie leckt ihre Halterin an der Nase ab.\" \/><\/div><\/div><div class=\"wrapper\"><div class=\"title align-center\"><h3><a href=\"https:\/\/uelzener.de\/magazin\/katze\/haeufige-fragen\/warum-schnurren-katzen\/\">Warum schnurren Katzen?<\/a><\/h3><\/div><div class=\"img align-center\"><img decoding=\"async\" width=\"315\" height=\"180\" src=\"https:\/\/uelzener.de\/magazin\/app\/uploads\/2020\/01\/bec79acd-8b9b-4b54-87b0-22027f6d2f87-315x180.jpg\" class=\"attachment-315x180 size-315x180 wp-post-image\" alt=\"Eine Katze wird gestreichelt, sie schnurrt entspannt.\" \/><\/div><\/div><div class=\"wrapper\"><div class=\"title align-center\"><h3><a href=\"https:\/\/uelzener.de\/magazin\/katze\/tipps-fuer-den-alltag\/unbeliebte-gerueche-bei-katzen\/\">Nachteil einer feinen Nase: Ger\u00fcche, die Katzen nicht m\u00f6gen<\/a><\/h3><\/div><div class=\"img align-center\"><img decoding=\"async\" width=\"315\" height=\"180\" src=\"https:\/\/uelzener.de\/magazin\/app\/uploads\/2022\/08\/gerueche-die-katzen-nicht-moegen-315x180.jpg\" class=\"attachment-315x180 size-315x180 wp-post-image\" alt=\"Gl\u00fcckskatze riecht an Hand eines Menschen, es gibt viele Ger\u00fcche die Katzen nicht m\u00f6gen.\" \/><\/div><\/div><\/div>\n<\/p>\n<h2 class=\"ai-optimize-22\"><b>8. Deine Katze tretelt<\/b><\/h2>\n<p class=\"ai-optimize-23\">Wenn eine Katze ihre Babys s\u00e4ugt, beginnen die Kitten, mit ihren Pf\u00f6tchen den Bauch und die Zitzen der Mutter zu massieren, um dadurch den Milchfluss anzuregen. Das wird als Treteln oder Milchtritt bezeichnet. Auch erwachsene Katzen treteln noch ab und an. Man geht davon aus, dass die Tiere das Verhalten zeigen, wenn sie sich sicher und geborgen f\u00fchlen. Sollte deine Katze also gegen deinen Bauch treteln, wenn sie auf deinem Scho\u00df liegt, ist das ein Zeichen der Zuneigung.<\/p>\n<h2 class=\"ai-optimize-24\"><b>9. Deine Katze schl\u00e4ft auf dir<\/b><\/h2>\n<p class=\"ai-optimize-25\">F\u00fcr ein Schl\u00e4fchen suchen sich Katzen am liebsten sichere und ungest\u00f6rte Orte. Legt sich der Stubentiger auf deinen Scho\u00df oder neben dich und schl\u00e4ft dort ein, ist das ein Zeichen f\u00fcr eine vertrauensvolle Verbindung. Durch deinen Duft und den K\u00f6rperkontakt zu dir f\u00fchlt sich deine Katze geborgen.<\/p>\n<h2 class=\"ai-optimize-26\"><b>10. Deine Katze miaut<\/b><\/h2>\n<p class=\"ai-optimize-27\">Manche Katzen miauen, um Aufmerksamkeit zu bekommen. Der Ursprung liegt darin, dass Katzenbabys auf diese Weise nach ihrer Mutter rufen. Das Maunzen kann aber auch andere Gr\u00fcnde haben. Katzen zeigen damit beispielsweise auch, dass sie Hunger oder Schmerzen haben. Macht deine Samtpfote einen gut gelaunten Eindruck und streicht dir miauend um die Beine, m\u00f6chte sie wahrscheinlich ausdr\u00fccken, dass sie sich freut, bei dir zu sein.<\/p>\n<h2 class=\"ai-optimize-28\"><b>So zeigst du deiner Katze, dass du sie liebst<\/b><\/h2>\n<p class=\"ai-optimize-29\">Wenn deine Katze dir Zuneigung entgegenbringt, m\u00f6chtest du ihr sicherlich welche zur\u00fcckgeben. Schlie\u00dflich ist Liebe keine Einbahnstra\u00dfe, oder? Zum Gl\u00fcck gibt es viele M\u00f6glichkeiten, mit denen du deiner Katze zeigen kannst, dass du ihr zugetan bist.<\/p>\n<ul>\n<li class=\"ai-optimize-30\" aria-level=\"1\"><b>Sanfte Ansprache<\/b>: Wenn du mit deiner Katze in einem ruhigen und liebevollen Ton sprichst, wei\u00df sie, dass du es gut mit ihr meinst.<\/li>\n<li class=\"ai-optimize-31\" aria-level=\"1\"><b>Richtiges Blinzeln<\/b>: Blinzele deine Katze langsam an \u2013 das suggeriert ihr Vertrauen.<\/li>\n<li class=\"ai-optimize-32\" aria-level=\"1\"><b>Zeit und Aufmerksamkeit<\/b>: Verbringe Zeit mit deiner Katze, indem du mit ihr spielst oder kuschelst \u2013 je nachdem, was sie mag.<\/li>\n<li class=\"ai-optimize-33\" aria-level=\"1\"><b>Respekt vor ihren Grenzen<\/b>: Akzeptiere, wenn deine Katze ihre Ruhe haben oder einmal nicht gestreichelt werden m\u00f6chte.<\/li>\n<li class=\"ai-optimize-34\" aria-level=\"1\"><b>Gutes Futter und Leckerlis<\/b>: Achte auf ein gesundes, hochwertiges Futter, damit deine Katze mit allem versorgt wird, das sie braucht. \u00dcber einen gelegentlichen Snack freut sie sich bestimmt auch.<\/li>\n<li class=\"ai-optimize-35\" aria-level=\"1\"><b>Sichere R\u00fcckzugsorte<\/b>: Biete deiner Katze ein ruhiges und gem\u00fctliches Pl\u00e4tzchen an, um sich zur\u00fcckziehen und schlafen zu k\u00f6nnen.<\/li>\n<li class=\"ai-optimize-36\" aria-level=\"1\"><b>Gemeinsame Rituale<\/b>: Viele Katzen lieben Routinen. Feste Rituale schaffen Vertrauen und st\u00e4rken die Bindung.<\/li>\n<\/ul>\n<p class=\"ai-optimize-37\">Wer seine Katze liebt, \u00fcbernimmt auch die Verantwortung f\u00fcr ihre Gesundheit und ihr Wohlergehen. Regelm\u00e4\u00dfige tier\u00e4rztliche Kontrollen und Vorsorgema\u00dfnahmen sind in diesem Zusammenhang sehr wichtig. Mit einer Katzen-OP- oder Katzenkrankenversicherung bist du im Ernstfall finanziell gesch\u00fctzt und musst dir um hohe Tierarztkosten keine Sorgen machen, wenn deine Katze medizinische Hilfe ben\u00f6tigt.<\/p>\n<p class=\"ai-optimize-38\">\n<div class=\"banner\">\n    <a href=\"https:\/\/uelzener.de\/katze?agt=0000104925&sem=true&utm_medium=magazin&utm_source=wordpress&utm_campaign=katze&utm_content=banner\">\n        <img decoding=\"async\" width=\"300\" height=\"212\" src=\"https:\/\/uelzener.de\/magazin\/app\/uploads\/2025\/01\/Katzenversicherung.jpg\" class=\"attachment-medium size-medium\" alt=\"Banner Katzenversicherung\" \/>    <\/a>\n<\/div>\n<\/p>\n<h2 class=\"ai-optimize-39\"><b>Fazit<\/b><\/h2>\n<p class=\"ai-optimize-40\">Ob Kopfn\u00fcsse, sanftes Blinzeln oder liebevolles Treteln \u2013 Katzen zeigen ihre Zuneigung auf unterschiedliche Weise. Manche sind anh\u00e4nglich wie ein Schatten, andere eher distanziert und trotzdem eng mit ihren Menschen verbunden. Selbst wenn dein Stubentiger dem Kuscheln nicht so viel abgewinnen kann, bedeutet das nicht, dass er dich weniger liebt. Wenn du seine K\u00f6rpersprache richtig deutest, erkennst du schnell: Liebe zeigt sich oft in den kleinen Dingen.<\/p>\n<h2 class=\"ai-optimize-41\"><b>FAQ: H\u00e4ufig gestellte Fragen zum Thema Liebesbeweise bei Katzen<\/b><\/h2>\n<h3 class=\"ai-optimize-42\"><b>Warum knabbert meine Katze manchmal sanft an mir?<\/b><\/h3>\n<p class=\"ai-optimize-43\">Sanftes Knabbern oder kleine \u201eLiebesbisse\u201c sind spielerischer Natur und auch unter Katzen gebr\u00e4uchlich. Solange die Bisse nicht schmerzhaft sind, kannst du sie als Zeichen der Zuneigung interpretieren.<\/p>\n<h3 class=\"ai-optimize-44\"><b>Wenn ich nicht da bin, liegt meine Katze gerne auf meiner Kleidung. Hat das einen Grund?<\/b><\/h3>\n<p class=\"ai-optimize-45\">Deine Kleidung riecht nach dir und das gibt deiner Katze ein Gef\u00fchl von Geborgenheit. Sie kann dir in gewisser Weise nah sein, auch wenn du gerade nicht da bist.<\/p>\n<h3 class=\"ai-optimize-46\"><b>Meine Katze schnurrt oft in meiner N\u00e4he. Was bedeutet das? <\/b><\/h3>\n<p class=\"ai-optimize-47\">Schnurren bedeutet Wohlbefinden. Deine Katze zeigt dir damit, dass sie sich sicher f\u00fchlt, auch ohne direkt gestreichelt zu werden.<\/p>\n<h3 class=\"ai-optimize-48\"><b>Warum liegt meine Katze mit ausgestreckten Pfoten neben mir?<\/b><\/h3>\n<p class=\"ai-optimize-49\">Eine Katze, die sich entspannt neben dir ausstreckt, f\u00fchlt sich sicher und wohl in deiner N\u00e4he. Das ist ein Vertrauensbeweis.<\/p>\n<h3 class=\"ai-optimize-50\"><b>Warum ignoriert mich meine Katze manchmal?<\/b><\/h3>\n<p class=\"ai-optimize-51\">Katzen haben ihren eigenen Kopf und sch\u00e4tzen auch ihre Unabh\u00e4ngigkeit. Wenn dich deine Samtpfote gelegentlich ignoriert, hei\u00dft das nicht, dass sie dich nicht liebt \u2013 sie genie\u00dft nur ihren Freiraum.<\/p>\n","protected":false},"excerpt":{"rendered":"<p>Als Individualisten haben Katzen in vielerlei Hinsicht ihre Eigenheiten, auch was Liebesbekundungen betrifft. Manche Stubentiger sind sehr verschmust und k\u00f6nnen gar nicht genug davon bekommen, von ihren Menschen gestreichelt zu werden, andere sind weniger anh\u00e4nglich und gehen lieber auf Abstand. Ist deine Samtpfote nicht auf K\u00f6rperkontakt aus, muss das nicht automatisch bedeuten, dass sie dich [&hellip;]<\/p>\n","protected":false},"author":3,"featured_media":13040,"parent":11691,"menu_order":47,"comment_status":"closed","ping_status":"closed","template":"templates\/blog.php","meta":{"_acf_changed":false,"_crdt_document":"","footnotes":"","beyondwords_generate_audio":"0","beyondwords_project_id":"","beyondwords_content_id":"","beyondwords_preview_token":"","beyondwords_player_style":"","beyondwords_language_id":"","beyondwords_title_voice_id":"","beyondwords_body_voice_id":"","beyondwords_summary_voice_id":"","beyondwords_error_message":"","beyondwords_disabled":"","beyondwords_delete_content":"","beyondwords_podcast_id":"","beyondwords_hash":"","publish_post_to_speechkit":"","speechkit_hash":"","speechkit_generate_audio":"","speechkit_project_id":"","speechkit_podcast_id":"","speechkit_error_message":"","speechkit_disabled":"","speechkit_access_key":"","speechkit_error":"","speechkit_info":"","speechkit_response":"","speechkit_retries":"","speechkit_status":"","speechkit_updated_at":"","_speechkit_link":"","_speechkit_text":""},"class_list":["post-13039","page","type-page","status-publish","has-post-thumbnail","hentry"],"acf":[],"yoast_head":"<!-- This site is optimized with the Yoast SEO Premium plugin  - https:\/\/yoast.com\/product\/yoast-seo-premium-wordpress\/ -->\n<title>Die Liebesbeweise der Samtpfote verstehen | Uelzener<\/title>\n<meta name=\"description\" content=\"Mit diesen Verhaltensweisen zeigen Katze ihre Liebe und Zuneigung: \u2713 K\u00f6rper- und Lautsprache \u2713 Milchtritt \u2713 Geschenke \u2794 Mehr erfahren!\" \/>\n<meta name=\"robots\" content=\"index, follow, max-snippet:-1, max-image-preview:large, max-video-preview:-1\" \/>\n<link rel=\"canonical\" href=\"https:\/\/uelzener.de\/magazin\/katze\/haeufige-fragen\/10-anzeichen-dass-deine-katze-dich-liebt\/\" \/>\n<meta property=\"og:locale\" content=\"de_DE\" \/>\n<meta property=\"og:type\" content=\"article\" \/>\n<meta property=\"og:title\" content=\"10 Anzeichen, dass deine Katze dich liebt\" \/>\n<meta property=\"og:description\" content=\"Mit diesen Verhaltensweisen zeigen Katze ihre Liebe und Zuneigung: \u2713 K\u00f6rper- und Lautsprache \u2713 Milchtritt \u2713 Geschenke \u2794 Mehr erfahren!\" \/>\n<meta property=\"og:url\" content=\"https:\/\/uelzener.de\/magazin\/katze\/haeufige-fragen\/10-anzeichen-dass-deine-katze-dich-liebt\/\" \/>\n<meta property=\"og:site_name\" content=\"Uelzener Tier-Magazin\" \/>\n<meta property=\"article:publisher\" content=\"https:\/\/www.facebook.com\/Uelzener\" \/>\n<meta property=\"article:modified_time\" content=\"2025-06-23T13:38:33+00:00\" \/>\n<meta property=\"og:image\" content=\"https:\/\/uelzener.de\/magazin\/app\/uploads\/2022\/02\/10-Anzeichen-dass-deine-Katze-dich-liebt.jpg\" \/>\n\t<meta property=\"og:image:width\" content=\"1024\" \/>\n\t<meta property=\"og:image:height\" content=\"450\" \/>\n\t<meta property=\"og:image:type\" content=\"image\/jpeg\" \/>\n<meta name=\"twitter:card\" content=\"summary_large_image\" \/>\n<meta name=\"twitter:label1\" content=\"Gesch\u00e4tzte Lesezeit\" \/>\n\t<meta name=\"twitter:data1\" content=\"9\u00a0Minuten\" \/>\n<script type=\"application\/ld+json\" class=\"yoast-schema-graph\">{\"@context\":\"https:\/\/schema.org\",\"@graph\":[{\"@type\":\"WebPage\",\"@id\":\"https:\/\/uelzener.de\/magazin\/katze\/haeufige-fragen\/10-anzeichen-dass-deine-katze-dich-liebt\/\",\"url\":\"https:\/\/uelzener.de\/magazin\/katze\/haeufige-fragen\/10-anzeichen-dass-deine-katze-dich-liebt\/\",\"name\":\"Die Liebesbeweise der Samtpfote verstehen | Uelzener\",\"isPartOf\":{\"@id\":\"https:\/\/uelzener.de\/magazin\/#website\"},\"primaryImageOfPage\":{\"@id\":\"https:\/\/uelzener.de\/magazin\/katze\/haeufige-fragen\/10-anzeichen-dass-deine-katze-dich-liebt\/#primaryimage\"},\"image\":{\"@id\":\"https:\/\/uelzener.de\/magazin\/katze\/haeufige-fragen\/10-anzeichen-dass-deine-katze-dich-liebt\/#primaryimage\"},\"thumbnailUrl\":\"https:\/\/uelzener.de\/magazin\/app\/uploads\/2022\/02\/10-Anzeichen-dass-deine-Katze-dich-liebt.jpg\",\"datePublished\":\"2022-02-23T08:05:06+00:00\",\"dateModified\":\"2025-06-23T13:38:33+00:00\",\"description\":\"Mit diesen Verhaltensweisen zeigen Katze ihre Liebe und Zuneigung: \u2713 K\u00f6rper- und Lautsprache \u2713 Milchtritt \u2713 Geschenke \u2794 Mehr erfahren!\",\"breadcrumb\":{\"@id\":\"https:\/\/uelzener.de\/magazin\/katze\/haeufige-fragen\/10-anzeichen-dass-deine-katze-dich-liebt\/#breadcrumb\"},\"inLanguage\":\"de\",\"potentialAction\":[{\"@type\":\"ReadAction\",\"target\":[\"https:\/\/uelzener.de\/magazin\/katze\/haeufige-fragen\/10-anzeichen-dass-deine-katze-dich-liebt\/\"]}]},{\"@type\":\"ImageObject\",\"inLanguage\":\"de\",\"@id\":\"https:\/\/uelzener.de\/magazin\/katze\/haeufige-fragen\/10-anzeichen-dass-deine-katze-dich-liebt\/#primaryimage\",\"url\":\"https:\/\/uelzener.de\/magazin\/app\/uploads\/2022\/02\/10-Anzeichen-dass-deine-Katze-dich-liebt.jpg\",\"contentUrl\":\"https:\/\/uelzener.de\/magazin\/app\/uploads\/2022\/02\/10-Anzeichen-dass-deine-Katze-dich-liebt.jpg\",\"width\":1024,\"height\":450,\"caption\":\"Katze kuschelt mit b\u00e4rtigem Mann, sie zeigt ihm seine Zuneigung.\"},{\"@type\":\"WebSite\",\"@id\":\"https:\/\/uelzener.de\/magazin\/#website\",\"url\":\"https:\/\/uelzener.de\/magazin\/\",\"name\":\"Uelzener Tiermagazin\",\"description\":\"Online Tierratgeber der Uelzener Versicherungen\",\"publisher\":{\"@id\":\"https:\/\/uelzener.de\/magazin\/#organization\"},\"potentialAction\":[{\"@type\":\"SearchAction\",\"target\":{\"@type\":\"EntryPoint\",\"urlTemplate\":\"https:\/\/uelzener.de\/magazin\/?s={search_term_string}\"},\"query-input\":{\"@type\":\"PropertyValueSpecification\",\"valueRequired\":true,\"valueName\":\"search_term_string\"}}],\"inLanguage\":\"de\"},{\"@type\":\"Organization\",\"@id\":\"https:\/\/uelzener.de\/magazin\/#organization\",\"name\":\"Uelzener Versicherungen\",\"url\":\"https:\/\/uelzener.de\/magazin\/\",\"logo\":{\"@type\":\"ImageObject\",\"inLanguage\":\"de\",\"@id\":\"https:\/\/uelzener.de\/magazin\/#\/schema\/logo\/image\/\",\"url\":\"https:\/\/uelzener.de\/magazin\/app\/uploads\/2024\/11\/uelzener_allgemeine_versicherungsgesellschaft_a_g_logo.jpg\",\"contentUrl\":\"https:\/\/uelzener.de\/magazin\/app\/uploads\/2024\/11\/uelzener_allgemeine_versicherungsgesellschaft_a_g_logo.jpg\",\"width\":200,\"height\":200,\"caption\":\"Uelzener Versicherungen\"},\"image\":{\"@id\":\"https:\/\/uelzener.de\/magazin\/#\/schema\/logo\/image\/\"},\"sameAs\":[\"https:\/\/www.facebook.com\/Uelzener\",\"https:\/\/instagram.com\/uelzener\",\"https:\/\/www.xing.com\/pages\/uelzenerallgemeineversicherungs-gesellschafta-g\",\"https:\/\/www.youtube.com\/UelzenerVersicherungen\"]}]}<\/script>\n<!-- \/ Yoast SEO Premium plugin. -->","yoast_head_json":{"title":"Die Liebesbeweise der Samtpfote verstehen | Uelzener","description":"Mit diesen Verhaltensweisen zeigen Katze ihre Liebe und Zuneigung: \u2713 K\u00f6rper- und Lautsprache \u2713 Milchtritt \u2713 Geschenke \u2794 Mehr erfahren!","robots":{"index":"index","follow":"follow","max-snippet":"max-snippet:-1","max-image-preview":"max-image-preview:large","max-video-preview":"max-video-preview:-1"},"canonical":"https:\/\/uelzener.de\/magazin\/katze\/haeufige-fragen\/10-anzeichen-dass-deine-katze-dich-liebt\/","og_locale":"de_DE","og_type":"article","og_title":"10 Anzeichen, dass deine Katze dich liebt","og_description":"Mit diesen Verhaltensweisen zeigen Katze ihre Liebe und Zuneigung: \u2713 K\u00f6rper- und Lautsprache \u2713 Milchtritt \u2713 Geschenke \u2794 Mehr erfahren!","og_url":"https:\/\/uelzener.de\/magazin\/katze\/haeufige-fragen\/10-anzeichen-dass-deine-katze-dich-liebt\/","og_site_name":"Uelzener Tier-Magazin","article_publisher":"https:\/\/www.facebook.com\/Uelzener","article_modified_time":"2025-06-23T13:38:33+00:00","og_image":[{"width":1024,"height":450,"url":"https:\/\/uelzener.de\/magazin\/app\/uploads\/2022\/02\/10-Anzeichen-dass-deine-Katze-dich-liebt.jpg","type":"image\/jpeg"}],"twitter_card":"summary_large_image","twitter_misc":{"Gesch\u00e4tzte Lesezeit":"9\u00a0Minuten"},"schema":{"@context":"https:\/\/schema.org","@graph":[{"@type":"WebPage","@id":"https:\/\/uelzener.de\/magazin\/katze\/haeufige-fragen\/10-anzeichen-dass-deine-katze-dich-liebt\/","url":"https:\/\/uelzener.de\/magazin\/katze\/haeufige-fragen\/10-anzeichen-dass-deine-katze-dich-liebt\/","name":"Die Liebesbeweise der Samtpfote verstehen | Uelzener","isPartOf":{"@id":"https:\/\/uelzener.de\/magazin\/#website"},"primaryImageOfPage":{"@id":"https:\/\/uelzener.de\/magazin\/katze\/haeufige-fragen\/10-anzeichen-dass-deine-katze-dich-liebt\/#primaryimage"},"image":{"@id":"https:\/\/uelzener.de\/magazin\/katze\/haeufige-fragen\/10-anzeichen-dass-deine-katze-dich-liebt\/#primaryimage"},"thumbnailUrl":"https:\/\/uelzener.de\/magazin\/app\/uploads\/2022\/02\/10-Anzeichen-dass-deine-Katze-dich-liebt.jpg","datePublished":"2022-02-23T08:05:06+00:00","dateModified":"2025-06-23T13:38:33+00:00","description":"Mit diesen Verhaltensweisen zeigen Katze ihre Liebe und Zuneigung: \u2713 K\u00f6rper- und Lautsprache \u2713 Milchtritt \u2713 Geschenke \u2794 Mehr erfahren!","breadcrumb":{"@id":"https:\/\/uelzener.de\/magazin\/katze\/haeufige-fragen\/10-anzeichen-dass-deine-katze-dich-liebt\/#breadcrumb"},"inLanguage":"de","potentialAction":[{"@type":"ReadAction","target":["https:\/\/uelzener.de\/magazin\/katze\/haeufige-fragen\/10-anzeichen-dass-deine-katze-dich-liebt\/"]}]},{"@type":"ImageObject","inLanguage":"de","@id":"https:\/\/uelzener.de\/magazin\/katze\/haeufige-fragen\/10-anzeichen-dass-deine-katze-dich-liebt\/#primaryimage","url":"https:\/\/uelzener.de\/magazin\/app\/uploads\/2022\/02\/10-Anzeichen-dass-deine-Katze-dich-liebt.jpg","contentUrl":"https:\/\/uelzener.de\/magazin\/app\/uploads\/2022\/02\/10-Anzeichen-dass-deine-Katze-dich-liebt.jpg","width":1024,"height":450,"caption":"Katze kuschelt mit b\u00e4rtigem Mann, sie zeigt ihm seine Zuneigung."},{"@type":"WebSite","@id":"https:\/\/uelzener.de\/magazin\/#website","url":"https:\/\/uelzener.de\/magazin\/","name":"Uelzener Tiermagazin","description":"Online Tierratgeber der Uelzener Versicherungen","publisher":{"@id":"https:\/\/uelzener.de\/magazin\/#organization"},"potentialAction":[{"@type":"SearchAction","target":{"@type":"EntryPoint","urlTemplate":"https:\/\/uelzener.de\/magazin\/?s={search_term_string}"},"query-input":{"@type":"PropertyValueSpecification","valueRequired":true,"valueName":"search_term_string"}}],"inLanguage":"de"},{"@type":"Organization","@id":"https:\/\/uelzener.de\/magazin\/#organization","name":"Uelzener Versicherungen","url":"https:\/\/uelzener.de\/magazin\/","logo":{"@type":"ImageObject","inLanguage":"de","@id":"https:\/\/uelzener.de\/magazin\/#\/schema\/logo\/image\/","url":"https:\/\/uelzener.de\/magazin\/app\/uploads\/2024\/11\/uelzener_allgemeine_versicherungsgesellschaft_a_g_logo.jpg","contentUrl":"https:\/\/uelzener.de\/magazin\/app\/uploads\/2024\/11\/uelzener_allgemeine_versicherungsgesellschaft_a_g_logo.jpg","width":200,"height":200,"caption":"Uelzener Versicherungen"},"image":{"@id":"https:\/\/uelzener.de\/magazin\/#\/schema\/logo\/image\/"},"sameAs":["https:\/\/www.facebook.com\/Uelzener","https:\/\/instagram.com\/uelzener","https:\/\/www.xing.com\/pages\/uelzenerallgemeineversicherungs-gesellschafta-g","https:\/\/www.youtube.com\/UelzenerVersicherungen"]}]}},"_links":{"self":[{"href":"https:\/\/uelzener.de\/magazin\/wp-json\/wp\/v2\/pages\/13039","targetHints":{"allow":["GET"]}}],"collection":[{"href":"https:\/\/uelzener.de\/magazin\/wp-json\/wp\/v2\/pages"}],"about":[{"href":"https:\/\/uelzener.de\/magazin\/wp-json\/wp\/v2\/types\/page"}],"author":[{"embeddable":true,"href":"https:\/\/uelzener.de\/magazin\/wp-json\/wp\/v2\/users\/3"}],"replies":[{"embeddable":true,"href":"https:\/\/uelzener.de\/magazin\/wp-json\/wp\/v2\/comments?post=13039"}],"version-history":[{"count":18,"href":"https:\/\/uelzener.de\/magazin\/wp-json\/wp\/v2\/pages\/13039\/revisions"}],"predecessor-version":[{"id":18607,"href":"https:\/\/uelzener.de\/magazin\/wp-json\/wp\/v2\/pages\/13039\/revisions\/18607"}],"up":[{"embeddable":true,"href":"https:\/\/uelzener.de\/magazin\/wp-json\/wp\/v2\/pages\/11691"}],"wp:featuredmedia":[{"embeddable":true,"href":"https:\/\/uelzener.de\/magazin\/wp-json\/wp\/v2\/media\/13040"}],"wp:attachment":[{"href":"https:\/\/uelzener.de\/magazin\/wp-json\/wp\/v2\/media?parent=13039"}],"curies":[{"name":"wp","href":"https:\/\/api.w.org\/{rel}","templated":true}]}}