{"id":13031,"date":"2022-02-17T15:15:51","date_gmt":"2022-02-17T14:15:51","guid":{"rendered":"https:\/\/uelzener.de\/magazin\/?page_id=13031"},"modified":"2025-11-13T11:13:39","modified_gmt":"2025-11-13T10:13:39","slug":"koennen-katzen-farben-sehen","status":"publish","type":"page","link":"https:\/\/uelzener.de\/magazin\/katze\/haeufige-fragen\/koennen-katzen-farben-sehen\/","title":{"rendered":"K\u00f6nnen Katzen Farben sehen?"},"content":{"rendered":"<p>Die schmalen Pupillen einer Katze faszinieren. Doch was und wie sehen Katzen eigentlich ihre Umgebung? Fest steht, dass sie wesentlich schneller auf Bewegungen reagieren k\u00f6nnen und auch, dass sie besser in schlechten Lichtverh\u00e4ltnissen sehen als wir Menschen. Doch im Gegensatz zu uns k\u00f6nnen Katzen weniger Farben sehen als ein gesundes Menschenauge. Alle Informationen rund um das Katzenauge findest du in diesem Magazinartikel.<\/p>\n<h2>Eingeschr\u00e4nkte Farbwahrnehmung \u2013 so sehen Katzen<\/h2>\n<p>Wie bei Menschenaugen sind in Katzenaugen die St\u00e4bchen f\u00fcr die Hell-Dunkel-Wahrnehmung und die Zapfen f\u00fcr die Farbwahrnehmung zust\u00e4ndig. Die Zapfen einer Katze unterscheiden sich von denen des Menschen jedoch in ihrer Zusammensetzung, sodass die Farbwahrnehmung bei Katzen eine andere ist.<\/p>\n<h3>Katzen k\u00f6nnen Farben sehen<\/h3>\n<p>Rott\u00f6ne nehmen Katzen nicht wie Menschen wahr, sondern eher in Graustufen. <strong>Blau und Gelb erkennen Katzen dagegen gut.<\/strong> Einige Wissenschaftler stellen gern den Vergleich zu einer menschlichen Rot-Gr\u00fcn-Schw\u00e4che an. Da sich gr\u00fcne Schattierungen, aus Blau und Gelb zusammensetzen, liegt die Vermutung nahe, dass sie Gr\u00fcnt\u00f6ne im Gegensatz zu Rot wahrnehmen.<\/p>\n<h3>Bei Dunkelheit sehen Katzen schwarz-wei\u00df<\/h3>\n<p>Bei ung\u00fcnstigem Lichtverh\u00e4ltnis, mit einsetzender D\u00e4mmerung und nachts <strong>erweitern sich die Pupillen<\/strong> der Katze. Statt den senkrechten Schlitzen, wie im Tageslicht k\u00f6nnen ihre Pupillen nahezu den ganzen sichtbaren Teil des Auges einnehmen. Das geschieht, um noch jegliches verf\u00fcgbares Licht<strong>\u00a0im Dunkeln zu nutzen.<\/strong> Dieses trifft auf Pigmente in der Netzhaut, die den Lichteinfall reflektieren. Die Augen scheinen dann zu leuchten.<\/p>\n<p>K\u00f6nnen Katzen im Dunkeln sehen? Ja \u2013 sie erkennen viele Details und k\u00f6nnen mit scharfem Wahrnehmungsverm\u00f6gen sogar erfolgreich jagen. Allerdings <strong>sehen Katzen im Dunkeln schwarz-wei\u00df<\/strong> beziehungsweise in feiner Grauabstufung und nicht farbig. Fehlt allerdings jegliches Licht, kann auch eine Katze bei Dunkelheit nichts mehr sehen.<\/p>\n\n<div class=\"related_articles boxed\">\n    <h2>Mehr zum Thema<\/h2>\n    \n    <div class=\"wrapper\"><div class=\"title align-center\"><h3><a href=\"https:\/\/uelzener.de\/magazin\/katze\/haeufige-fragen\/warum-starrt-meine-katze-mich-an\/\">Warum starrt meine Katze mich an?<\/a><\/h3><\/div><div class=\"img align-center\"><img decoding=\"async\" width=\"315\" height=\"138\" src=\"https:\/\/uelzener.de\/magazin\/app\/uploads\/2025\/10\/katze-starrt.png\" class=\"attachment-315x180 size-315x180 wp-post-image\" alt=\"Schwarze Katze starrt dich an.\" \/><\/div><\/div><div class=\"wrapper\"><div class=\"title align-center\"><h3><a href=\"https:\/\/uelzener.de\/magazin\/katze\/haeufige-fragen\/koennen-katzen-im-dunkeln-sehen\/\">K\u00f6nnen Katzen im Dunkeln sehen?<\/a><\/h3><\/div><div class=\"img align-center\"><img decoding=\"async\" width=\"315\" height=\"180\" src=\"https:\/\/uelzener.de\/magazin\/app\/uploads\/2020\/01\/54df0a82-9b16-4d6e-a228-19feb401c847-315x180.jpg\" class=\"attachment-315x180 size-315x180 wp-post-image\" alt=\"Schwarze Katze mit gr\u00fcnen Augen schaut gespannt, sehen Katzen bei Dunkelheit so gut wie man sagt?\" \/><\/div><\/div><div class=\"wrapper\"><div class=\"title align-center\"><h3><a href=\"https:\/\/uelzener.de\/magazin\/katze\/haeufige-fragen\/10-anzeichen-dass-deine-katze-dich-liebt\/\">10 Anzeichen, dass deine Katze dich liebt<\/a><\/h3><\/div><div class=\"img align-center\"><img decoding=\"async\" width=\"315\" height=\"180\" src=\"https:\/\/uelzener.de\/magazin\/app\/uploads\/2022\/02\/10-Anzeichen-dass-deine-Katze-dich-liebt-315x180.jpg\" class=\"attachment-315x180 size-315x180 wp-post-image\" alt=\"Katze kuschelt mit b\u00e4rtigem Mann, sie zeigt ihm seine Zuneigung.\" \/><\/div><\/div><\/div>\n\n<h3>Der Aufbau des Katzenauges<\/h3>\n<p>Hinter dem stets ein wenig geheimnisvoll anmutenden Aussehen der gro\u00dfen Augen verbirgt sich eine komplexe Anatomie, die f\u00fcr das scharfe Sehverm\u00f6gen von Katzen sorgt.<\/p>\n<p>\u00dcber die Nickhaut werden die <strong>Augen fortw\u00e4hrend mit Tr\u00e4nenfl\u00fcssigkeit befeuchtet,<\/strong> weshalb <a href=\"https:\/\/uelzener.de\/magazin\/katze\/erziehung-und-training\/katzen-blinzeln\/\">Katzen nicht blinzeln<\/a> m\u00fcssen. Die Linse \u201esammelt\u201c die Lichtstrahlen, w\u00e4hrend die Sinneszellen in der Netzhaut (Retina) all die empfangenen optischen Reize ans Gehirn weiterleiten. Durch Ver\u00e4nderung der Linsenform (Akkomodation) kann sich das Auge auf verschiedene Entfernungen einstellen. Aufgrund des <strong>weiten Sichtfeldes von etwa 220\u00b0<\/strong> kann eine Katze au\u00dferordentlich viele visuelle Signale auf einmal erfassen. Dazu gesellt sich dank sich \u00fcberschneidender Sehfeldachsen ein <strong>ausgezeichnetes r\u00e4umliches Sehverm\u00f6gen.<\/strong> Daf\u00fcr sind die Augen jedoch nahezu unbeweglich. Durch das enorm weite Sichtfeld wird dies aber wieder relativiert. Die sich \u00fcberschneidenden Achsen erm\u00f6glichen zwar ein besonders differenziertes r\u00e4umliches Sehverm\u00f6gen, ihre enorme Wahrnehmungssch\u00e4rfe beschr\u00e4nkt sich aber auf rund sechs Meter.<\/p>\n<h3>Vergleich zwischen Menschen- und Katzenauge<\/h3>\n<p>Das Sehverm\u00f6gen von Katzen unterscheidet sich aufgrund der abweichenden Augenanatomie wesentlich von Menschen:<\/p>\n<ul>\n<li>Katzen fehlen die f\u00fcr die Wahrnehmung von Rott\u00f6nen empf\u00e4nglichen Zapfen<\/li>\n<li>F\u00fcr den Empfang von Lichtreizen zust\u00e4ndige Rezeptoren sind viel dichter angeordnet<\/li>\n<li>Die senkrechte, bei gutem Lichteinfall schlitzf\u00f6rmige Pupille erweitert sich f\u00fcr eine bessere Lichtausbeutung bei Dunkelheit<\/li>\n<li>Eine Pigmentschicht in der Netzhaut reflektiert zus\u00e4tzlich jeglichen Lichteinfall<\/li>\n<li>Katzenaugen sind nahezu unbeweglich<\/li>\n<li>Die sich kreuzenden Sehachsen verschaffen Katzen eine bessere r\u00e4umliche Wahrnehmungssch\u00e4rfe im Nahbereich<\/li>\n<li>Katzen haben mit einem etwa 220\u00b0-Winkel ein weiteres Sichtfeld<\/li>\n<\/ul>\n<h2>Warum sehen Katzen Farben nur eingeschr\u00e4nkt?<\/h2>\n<p>Deine Augen verf\u00fcgen \u00fcber drei verschiedene Arten Zapfen, die jeweils empf\u00e4nglich f\u00fcr die Wellenl\u00e4ngen von roten, blauen und gr\u00fcnen Lichtfrequenzen sind. Bei Katzen sind es <strong>zwei Zapfen, empf\u00e4nglich f\u00fcr Blau- und Gelbt\u00f6ne.<\/strong> Die anderen Wellenl\u00e4ngen stellen sich ihnen daher vermutlich in Graut\u00f6nen dar.<\/p>\n\n<div class=\"banner\">\n    <a href=\"https:\/\/uelzener.de\/katze\/katzen-op-versicherung\/?agt=0000104925&sem=true&utm_medium=magazin&utm_source=wordpress&utm_campaign=katze_op&utm_content=banner_native_ad\">\n        <img decoding=\"async\" width=\"300\" height=\"169\" src=\"https:\/\/uelzener.de\/magazin\/app\/uploads\/2024\/02\/katzenversicherung-banner-2-300x169.jpg\" class=\"attachment-medium size-medium\" alt=\"K\u00e4tzen kaut an einem Hausschuh.\" srcset=\"https:\/\/uelzener.de\/magazin\/app\/uploads\/2024\/02\/katzenversicherung-banner-2-300x169.jpg 300w, https:\/\/uelzener.de\/magazin\/app\/uploads\/2024\/02\/katzenversicherung-banner-2-1024x576.jpg 1024w, https:\/\/uelzener.de\/magazin\/app\/uploads\/2024\/02\/katzenversicherung-banner-2-768x432.jpg 768w, https:\/\/uelzener.de\/magazin\/app\/uploads\/2024\/02\/katzenversicherung-banner-2-1536x864.jpg 1536w, https:\/\/uelzener.de\/magazin\/app\/uploads\/2024\/02\/katzenversicherung-banner-2-1026x577.jpg 1026w, https:\/\/uelzener.de\/magazin\/app\/uploads\/2024\/02\/katzenversicherung-banner-2-668x376.jpg 668w, https:\/\/uelzener.de\/magazin\/app\/uploads\/2024\/02\/katzenversicherung-banner-2.jpg 1778w\" sizes=\"(max-width: 300px) 100vw, 300px\" \/>    <\/a>\n<\/div>\n\n<p>Alternativ vermuten Wissenschaftler, dass Katzen die Umgebung bei Tageslicht wie <strong>durch einen Blau-Gelb-Filter<\/strong> wahrnehmen: Exakt l\u00e4sst sich das jedoch nicht sagen. Die entsprechenden R\u00fcckschl\u00fcsse und Interpretationen ziehen die Forscher aus Untersuchungen der Linse.<\/p>\n<h2>Besondere St\u00e4rken der Katzenaugen<\/h2>\n<p>Katzen k\u00f6nnen sehr schnell viele Einzelbilder aus ihrem gesamten Sichtfeld \u2013 auch seitlich der Augen \u2013 verarbeiten. Wie Wissenschaftler der City University London 2014 ver\u00f6ffentlichten, sind Katzen au\u00dferdem in der Lage, <strong>UV-Licht wahrzunehmen,<\/strong> welches von menschlichen Linsen zum gr\u00f6\u00dften Teil absorbiert wird und gar nicht erst zu den Zapfen gelangt. Katzen verf\u00fcgen zwar nicht \u00fcber gesonderte Zapfenrezeptoren f\u00fcr ultraviolette Wellenl\u00e4ngen, die vorhandenen Zapfen nehmen aber die auf die Netzhaut treffenden h\u00f6herwelligen Lichtanteile auf. Ob und wie sich dies farblich f\u00fcr Katzen darstellt, ist unbekannt. Die UV-Sehf\u00e4higkeit tr\u00e4gt den Forschern zufolge zu der <strong>herausragend guten Nachtsicht<\/strong> von Katzen bei.<\/p>\n<h2>Fazit: Katzen sehen, was sie brauchen<\/h2>\n<p>Es ist f\u00fcr eine Katze unerheblich, dass sie Rot nicht als Farbe wahrnehmen kann. Ihr Sichtfeld ist nach den Seiten hin viel ausgepr\u00e4gter und die <strong>r\u00e4umliche Sicht<\/strong> ist neben der <strong>Sehsch\u00e4rfe im Nahbereich<\/strong> wesentlich besser als bei Menschen. Was wir in der Ferne scharf sehen, erscheint der Katze dagegen verschwommen, sie registriert dort nur <strong>schnelle Bewegungen.<\/strong> Bei Dunkelheit k\u00f6nnen Katzen keine Farben sehen, Details aber noch scharf erkennen. Zudem erfassen Katzen ihre Umgebung nicht nur mit den Augen, sondern auch \u00fcber:<\/p>\n<ul>\n<li>den sensiblen <strong>Tastsinn,<\/strong><\/li>\n<li>den <strong>Geruchssinn<\/strong><\/li>\n<li>sowie <strong>Schwingungen und Vibrationen.<\/strong><\/li>\n<\/ul>\n<p>Das ist neben den unbewegten Augen und dem starren Blick ein Grund, weshalb Katzenhalter eine Sehschw\u00e4che oder sich anbahnende <a href=\"https:\/\/uelzener.de\/magazin\/katze\/tiergesundheit\/blinde-katze\/\">Erblindung<\/a> vielleicht zun\u00e4chst gar nicht bemerkt: Die Katze scheint sich nach wie vor zurechtzufinden. Neben einer schleichenden Verschlechterung der Sehf\u00e4higkeit kann die Katze nat\u00fcrlich auch durch eine Erkrankung oder Verletzung der Augen beeintr\u00e4chtigt werden. Unabh\u00e4ngig von der Ursache oder Art einer Erkrankung sind Katzenhalter mit einer Katzen-Krankenversicherung gut beraten und gegen unerwartete finanzielle Belastungen gewappnet.<\/p>\n\n<div class=\"banner\">\n    <a href=\"https:\/\/uelzener.de\/katze\/katzen-krankenversicherung\/?agt=0000104925&sem=true&utm_medium=magazin&utm_source=wordpress&utm_campaign=katze_kv&utm_content=banner\">\n        <img decoding=\"async\" width=\"300\" height=\"212\" src=\"https:\/\/uelzener.de\/magazin\/app\/uploads\/2025\/01\/Katzen-Kranken-Versicherung.jpg\" class=\"attachment-medium size-medium\" alt=\"Banner Katzen-Kranken-Versicherung\" \/>    <\/a>\n<\/div>\n\n<h2>FAQ: H\u00e4ufig gestellte Fragen<\/h2>\n<h3>K\u00f6nnen Katzen Farben sehen?<\/h3>\n<p>Ja, Katzen k\u00f6nnen Farben sehen, allerdings nicht alle. Sie sehen Blau- und Gelbt\u00f6ne, darunter auch Gr\u00fcn, aber kein Rot. Ihre Wahrnehmung von Grauabstufungen ist daf\u00fcr wesentlich ausgepr\u00e4gter und detaillierter als die menschliche.<\/p>\n<h3>Wie weit k\u00f6nnen Katze sehen?<\/h3>\n<p>Katzen k\u00f6nnen weit sehen, allerdings nur unscharf. Eine ausgezeichnete Sehsch\u00e4rfe haben sie im Nahbereich bis zu etwa sechs Metern Entfernung.<\/p>\n<h3>Wie sehen Katzen Menschen?<\/h3>\n<p>Katzen k\u00f6nnen Menschen in der N\u00e4he durchaus detailliert erkennen \u2013 ihr Aussehen d\u00fcrfte sie allerdings weniger interessieren. Neben der Optik orientieren sie sich an weiteren Sinneseindr\u00fccken wie dem Geruch und der Stimme.<\/p>\n","protected":false},"excerpt":{"rendered":"<p>Die schmalen Pupillen einer Katze faszinieren. Doch was und wie sehen Katzen eigentlich ihre Umgebung? Fest steht, dass sie wesentlich schneller auf Bewegungen reagieren k\u00f6nnen und auch, dass sie besser in schlechten Lichtverh\u00e4ltnissen sehen als wir Menschen. Doch im Gegensatz zu uns k\u00f6nnen Katzen weniger Farben sehen als ein gesundes Menschenauge. Alle Informationen rund um [&hellip;]<\/p>\n","protected":false},"author":3,"featured_media":13033,"parent":11691,"menu_order":46,"comment_status":"closed","ping_status":"closed","template":"templates\/blog.php","meta":{"_acf_changed":false,"_crdt_document":"","footnotes":"","beyondwords_generate_audio":"0","beyondwords_project_id":"","beyondwords_content_id":"","beyondwords_preview_token":"","beyondwords_player_style":"","beyondwords_language_id":"","beyondwords_title_voice_id":"","beyondwords_body_voice_id":"","beyondwords_summary_voice_id":"","beyondwords_error_message":"","beyondwords_disabled":"","beyondwords_delete_content":"","beyondwords_podcast_id":"","beyondwords_hash":"","publish_post_to_speechkit":"","speechkit_hash":"","speechkit_generate_audio":"","speechkit_project_id":"","speechkit_podcast_id":"","speechkit_error_message":"","speechkit_disabled":"","speechkit_access_key":"","speechkit_error":"","speechkit_info":"","speechkit_response":"","speechkit_retries":"","speechkit_status":"","speechkit_updated_at":"","_speechkit_link":"","_speechkit_text":""},"class_list":["post-13031","page","type-page","status-publish","has-post-thumbnail","hentry"],"acf":[],"yoast_head":"<!-- This site is optimized with the Yoast SEO Premium plugin  - https:\/\/yoast.com\/product\/yoast-seo-premium-wordpress\/ -->\n<title>K\u00f6nnen Katzen Farben sehen? | Uelzener<\/title>\n<meta name=\"description\" content=\"Erfahre, wie Katzen Farben sehen \u2714 bei Tageslicht \u2714 bei Dunkelheit \u2714 in der Entfernung \u2714 Sch\u00e4rfe \u2794 Hier informieren!\" \/>\n<meta name=\"robots\" content=\"index, follow, max-snippet:-1, max-image-preview:large, max-video-preview:-1\" \/>\n<link rel=\"canonical\" href=\"https:\/\/uelzener.de\/magazin\/katze\/haeufige-fragen\/koennen-katzen-farben-sehen\/\" \/>\n<meta property=\"og:locale\" content=\"de_DE\" \/>\n<meta property=\"og:type\" content=\"article\" \/>\n<meta property=\"og:title\" content=\"K\u00f6nnen Katzen Farben sehen?\" \/>\n<meta property=\"og:description\" content=\"Erfahre, wie Katzen Farben sehen \u2714 bei Tageslicht \u2714 bei Dunkelheit \u2714 in der Entfernung \u2714 Sch\u00e4rfe \u2794 Hier informieren!\" \/>\n<meta property=\"og:url\" content=\"https:\/\/uelzener.de\/magazin\/katze\/haeufige-fragen\/koennen-katzen-farben-sehen\/\" \/>\n<meta property=\"og:site_name\" content=\"Uelzener Tier-Magazin\" \/>\n<meta property=\"article:publisher\" content=\"https:\/\/www.facebook.com\/Uelzener\" \/>\n<meta property=\"article:modified_time\" content=\"2025-11-13T10:13:39+00:00\" \/>\n<meta property=\"og:image\" content=\"https:\/\/uelzener.de\/magazin\/app\/uploads\/2022\/02\/Katze_Farben_sehen_Header.jpg\" \/>\n\t<meta property=\"og:image:width\" content=\"1024\" \/>\n\t<meta property=\"og:image:height\" content=\"450\" \/>\n\t<meta property=\"og:image:type\" content=\"image\/jpeg\" \/>\n<meta name=\"twitter:card\" content=\"summary_large_image\" \/>\n<meta name=\"twitter:label1\" content=\"Gesch\u00e4tzte Lesezeit\" \/>\n\t<meta name=\"twitter:data1\" content=\"6\u00a0Minuten\" \/>\n<script type=\"application\/ld+json\" class=\"yoast-schema-graph\">{\"@context\":\"https:\/\/schema.org\",\"@graph\":[{\"@type\":\"WebPage\",\"@id\":\"https:\/\/uelzener.de\/magazin\/katze\/haeufige-fragen\/koennen-katzen-farben-sehen\/\",\"url\":\"https:\/\/uelzener.de\/magazin\/katze\/haeufige-fragen\/koennen-katzen-farben-sehen\/\",\"name\":\"K\u00f6nnen Katzen Farben sehen? | Uelzener\",\"isPartOf\":{\"@id\":\"https:\/\/uelzener.de\/magazin\/#website\"},\"primaryImageOfPage\":{\"@id\":\"https:\/\/uelzener.de\/magazin\/katze\/haeufige-fragen\/koennen-katzen-farben-sehen\/#primaryimage\"},\"image\":{\"@id\":\"https:\/\/uelzener.de\/magazin\/katze\/haeufige-fragen\/koennen-katzen-farben-sehen\/#primaryimage\"},\"thumbnailUrl\":\"https:\/\/uelzener.de\/magazin\/app\/uploads\/2022\/02\/Katze_Farben_sehen_Header.jpg\",\"datePublished\":\"2022-02-17T14:15:51+00:00\",\"dateModified\":\"2025-11-13T10:13:39+00:00\",\"description\":\"Erfahre, wie Katzen Farben sehen \u2714 bei Tageslicht \u2714 bei Dunkelheit \u2714 in der Entfernung \u2714 Sch\u00e4rfe \u2794 Hier informieren!\",\"breadcrumb\":{\"@id\":\"https:\/\/uelzener.de\/magazin\/katze\/haeufige-fragen\/koennen-katzen-farben-sehen\/#breadcrumb\"},\"inLanguage\":\"de\",\"potentialAction\":[{\"@type\":\"ReadAction\",\"target\":[\"https:\/\/uelzener.de\/magazin\/katze\/haeufige-fragen\/koennen-katzen-farben-sehen\/\"]}]},{\"@type\":\"ImageObject\",\"inLanguage\":\"de\",\"@id\":\"https:\/\/uelzener.de\/magazin\/katze\/haeufige-fragen\/koennen-katzen-farben-sehen\/#primaryimage\",\"url\":\"https:\/\/uelzener.de\/magazin\/app\/uploads\/2022\/02\/Katze_Farben_sehen_Header.jpg\",\"contentUrl\":\"https:\/\/uelzener.de\/magazin\/app\/uploads\/2022\/02\/Katze_Farben_sehen_Header.jpg\",\"width\":1024,\"height\":450,\"caption\":\"Getigerte Katze mit gr\u00fcnen Augen vor gr\u00fcnem Hintergrund, kann sie die Farben \u00fcberhaupt sehen?\"},{\"@type\":\"WebSite\",\"@id\":\"https:\/\/uelzener.de\/magazin\/#website\",\"url\":\"https:\/\/uelzener.de\/magazin\/\",\"name\":\"Uelzener Tiermagazin\",\"description\":\"Online Tierratgeber der Uelzener Versicherungen\",\"publisher\":{\"@id\":\"https:\/\/uelzener.de\/magazin\/#organization\"},\"potentialAction\":[{\"@type\":\"SearchAction\",\"target\":{\"@type\":\"EntryPoint\",\"urlTemplate\":\"https:\/\/uelzener.de\/magazin\/?s={search_term_string}\"},\"query-input\":{\"@type\":\"PropertyValueSpecification\",\"valueRequired\":true,\"valueName\":\"search_term_string\"}}],\"inLanguage\":\"de\"},{\"@type\":\"Organization\",\"@id\":\"https:\/\/uelzener.de\/magazin\/#organization\",\"name\":\"Uelzener Versicherungen\",\"url\":\"https:\/\/uelzener.de\/magazin\/\",\"logo\":{\"@type\":\"ImageObject\",\"inLanguage\":\"de\",\"@id\":\"https:\/\/uelzener.de\/magazin\/#\/schema\/logo\/image\/\",\"url\":\"https:\/\/uelzener.de\/magazin\/app\/uploads\/2024\/11\/uelzener_allgemeine_versicherungsgesellschaft_a_g_logo.jpg\",\"contentUrl\":\"https:\/\/uelzener.de\/magazin\/app\/uploads\/2024\/11\/uelzener_allgemeine_versicherungsgesellschaft_a_g_logo.jpg\",\"width\":200,\"height\":200,\"caption\":\"Uelzener Versicherungen\"},\"image\":{\"@id\":\"https:\/\/uelzener.de\/magazin\/#\/schema\/logo\/image\/\"},\"sameAs\":[\"https:\/\/www.facebook.com\/Uelzener\",\"https:\/\/instagram.com\/uelzener\",\"https:\/\/www.xing.com\/pages\/uelzenerallgemeineversicherungs-gesellschafta-g\",\"https:\/\/www.youtube.com\/UelzenerVersicherungen\"]}]}<\/script>\n<!-- \/ Yoast SEO Premium plugin. -->","yoast_head_json":{"title":"K\u00f6nnen Katzen Farben sehen? | Uelzener","description":"Erfahre, wie Katzen Farben sehen \u2714 bei Tageslicht \u2714 bei Dunkelheit \u2714 in der Entfernung \u2714 Sch\u00e4rfe \u2794 Hier informieren!","robots":{"index":"index","follow":"follow","max-snippet":"max-snippet:-1","max-image-preview":"max-image-preview:large","max-video-preview":"max-video-preview:-1"},"canonical":"https:\/\/uelzener.de\/magazin\/katze\/haeufige-fragen\/koennen-katzen-farben-sehen\/","og_locale":"de_DE","og_type":"article","og_title":"K\u00f6nnen Katzen Farben sehen?","og_description":"Erfahre, wie Katzen Farben sehen \u2714 bei Tageslicht \u2714 bei Dunkelheit \u2714 in der Entfernung \u2714 Sch\u00e4rfe \u2794 Hier informieren!","og_url":"https:\/\/uelzener.de\/magazin\/katze\/haeufige-fragen\/koennen-katzen-farben-sehen\/","og_site_name":"Uelzener Tier-Magazin","article_publisher":"https:\/\/www.facebook.com\/Uelzener","article_modified_time":"2025-11-13T10:13:39+00:00","og_image":[{"width":1024,"height":450,"url":"https:\/\/uelzener.de\/magazin\/app\/uploads\/2022\/02\/Katze_Farben_sehen_Header.jpg","type":"image\/jpeg"}],"twitter_card":"summary_large_image","twitter_misc":{"Gesch\u00e4tzte Lesezeit":"6\u00a0Minuten"},"schema":{"@context":"https:\/\/schema.org","@graph":[{"@type":"WebPage","@id":"https:\/\/uelzener.de\/magazin\/katze\/haeufige-fragen\/koennen-katzen-farben-sehen\/","url":"https:\/\/uelzener.de\/magazin\/katze\/haeufige-fragen\/koennen-katzen-farben-sehen\/","name":"K\u00f6nnen Katzen Farben sehen? | Uelzener","isPartOf":{"@id":"https:\/\/uelzener.de\/magazin\/#website"},"primaryImageOfPage":{"@id":"https:\/\/uelzener.de\/magazin\/katze\/haeufige-fragen\/koennen-katzen-farben-sehen\/#primaryimage"},"image":{"@id":"https:\/\/uelzener.de\/magazin\/katze\/haeufige-fragen\/koennen-katzen-farben-sehen\/#primaryimage"},"thumbnailUrl":"https:\/\/uelzener.de\/magazin\/app\/uploads\/2022\/02\/Katze_Farben_sehen_Header.jpg","datePublished":"2022-02-17T14:15:51+00:00","dateModified":"2025-11-13T10:13:39+00:00","description":"Erfahre, wie Katzen Farben sehen \u2714 bei Tageslicht \u2714 bei Dunkelheit \u2714 in der Entfernung \u2714 Sch\u00e4rfe \u2794 Hier informieren!","breadcrumb":{"@id":"https:\/\/uelzener.de\/magazin\/katze\/haeufige-fragen\/koennen-katzen-farben-sehen\/#breadcrumb"},"inLanguage":"de","potentialAction":[{"@type":"ReadAction","target":["https:\/\/uelzener.de\/magazin\/katze\/haeufige-fragen\/koennen-katzen-farben-sehen\/"]}]},{"@type":"ImageObject","inLanguage":"de","@id":"https:\/\/uelzener.de\/magazin\/katze\/haeufige-fragen\/koennen-katzen-farben-sehen\/#primaryimage","url":"https:\/\/uelzener.de\/magazin\/app\/uploads\/2022\/02\/Katze_Farben_sehen_Header.jpg","contentUrl":"https:\/\/uelzener.de\/magazin\/app\/uploads\/2022\/02\/Katze_Farben_sehen_Header.jpg","width":1024,"height":450,"caption":"Getigerte Katze mit gr\u00fcnen Augen vor gr\u00fcnem Hintergrund, kann sie die Farben \u00fcberhaupt sehen?"},{"@type":"WebSite","@id":"https:\/\/uelzener.de\/magazin\/#website","url":"https:\/\/uelzener.de\/magazin\/","name":"Uelzener Tiermagazin","description":"Online Tierratgeber der Uelzener Versicherungen","publisher":{"@id":"https:\/\/uelzener.de\/magazin\/#organization"},"potentialAction":[{"@type":"SearchAction","target":{"@type":"EntryPoint","urlTemplate":"https:\/\/uelzener.de\/magazin\/?s={search_term_string}"},"query-input":{"@type":"PropertyValueSpecification","valueRequired":true,"valueName":"search_term_string"}}],"inLanguage":"de"},{"@type":"Organization","@id":"https:\/\/uelzener.de\/magazin\/#organization","name":"Uelzener Versicherungen","url":"https:\/\/uelzener.de\/magazin\/","logo":{"@type":"ImageObject","inLanguage":"de","@id":"https:\/\/uelzener.de\/magazin\/#\/schema\/logo\/image\/","url":"https:\/\/uelzener.de\/magazin\/app\/uploads\/2024\/11\/uelzener_allgemeine_versicherungsgesellschaft_a_g_logo.jpg","contentUrl":"https:\/\/uelzener.de\/magazin\/app\/uploads\/2024\/11\/uelzener_allgemeine_versicherungsgesellschaft_a_g_logo.jpg","width":200,"height":200,"caption":"Uelzener Versicherungen"},"image":{"@id":"https:\/\/uelzener.de\/magazin\/#\/schema\/logo\/image\/"},"sameAs":["https:\/\/www.facebook.com\/Uelzener","https:\/\/instagram.com\/uelzener","https:\/\/www.xing.com\/pages\/uelzenerallgemeineversicherungs-gesellschafta-g","https:\/\/www.youtube.com\/UelzenerVersicherungen"]}]}},"_links":{"self":[{"href":"https:\/\/uelzener.de\/magazin\/wp-json\/wp\/v2\/pages\/13031","targetHints":{"allow":["GET"]}}],"collection":[{"href":"https:\/\/uelzener.de\/magazin\/wp-json\/wp\/v2\/pages"}],"about":[{"href":"https:\/\/uelzener.de\/magazin\/wp-json\/wp\/v2\/types\/page"}],"author":[{"embeddable":true,"href":"https:\/\/uelzener.de\/magazin\/wp-json\/wp\/v2\/users\/3"}],"replies":[{"embeddable":true,"href":"https:\/\/uelzener.de\/magazin\/wp-json\/wp\/v2\/comments?post=13031"}],"version-history":[{"count":9,"href":"https:\/\/uelzener.de\/magazin\/wp-json\/wp\/v2\/pages\/13031\/revisions"}],"predecessor-version":[{"id":19465,"href":"https:\/\/uelzener.de\/magazin\/wp-json\/wp\/v2\/pages\/13031\/revisions\/19465"}],"up":[{"embeddable":true,"href":"https:\/\/uelzener.de\/magazin\/wp-json\/wp\/v2\/pages\/11691"}],"wp:featuredmedia":[{"embeddable":true,"href":"https:\/\/uelzener.de\/magazin\/wp-json\/wp\/v2\/media\/13033"}],"wp:attachment":[{"href":"https:\/\/uelzener.de\/magazin\/wp-json\/wp\/v2\/media?parent=13031"}],"curies":[{"name":"wp","href":"https:\/\/api.w.org\/{rel}","templated":true}]}}