{"id":12965,"date":"2022-01-04T08:23:33","date_gmt":"2022-01-04T07:23:33","guid":{"rendered":"https:\/\/uelzener.de\/magazin\/?page_id=12965"},"modified":"2025-08-28T11:11:43","modified_gmt":"2025-08-28T09:11:43","slug":"mit-dem-hund-im-pferdestall","status":"publish","type":"page","link":"https:\/\/uelzener.de\/magazin\/hund\/erziehung-und-training\/mit-dem-hund-im-pferdestall\/","title":{"rendered":"Mit dem Hund im Pferdestall"},"content":{"rendered":"<p><strong><em>Hund und Pferd k\u00f6nnen ein super Team werden. Bevor jedoch der Hund mit in den Stall kommt, sollten Hundehalter:innen sich an ein paar Tipps halten. Und vorher auf alle F\u00e4lle die Stallregeln beachten. Denn nicht immer sind die Stallkollegen gut auf Hunde zu sprechen.<\/em><\/strong><\/p>\n<p>Das A und O ist eine solide Grundausbildung von Pferd und Hund. Pferde sind Fluchttiere. Hunde hingegen neigen zum Bellen. Auf den ersten Blick passt die Kombination nicht zusammen. Daher ist ein umweltsicheres Verhalten beider Tiere essenziell. Der Hund darf nicht vor lauten Ger\u00e4uschen erschrecken, fl\u00fcchten oder gar panisch dem Pferd unter die Beine laufen. Und ein unzureichend kontrollierbares Pferd ist ebenfalls eine gro\u00dfe Gefahr f\u00fcr den Hund.<\/p>\n<p>Wie schnell sich beide Tiere ann\u00e4hern, ist absolut individuell. Als Mensch sorgt man daf\u00fcr, dass beide Tiere die Begegnung und die Anwesenheit des anderen als angenehm abspeichern. Ruhiges Verhalten des Hundes sollte daher belohnt werden. Auch das Verhalten von Hunde- und Pferdehalter:in tr\u00e4gt zum gl\u00fccklichen Miteinander bei. Denn je entspannter agiert wird, desto besser. \u00dcbrigens: Hunde und Pferde k\u00f6nnen Futterneid entwickeln. M\u00f6hren beispielsweise m\u00f6gen beide Tiere gern.<\/p>\n<p>Neben dem Zusammenf\u00fchren von Pferd und Hund kann auch der Alltag auf dem Reiterhof eine Herausforderung sein. Grundregel: Die Stallordnung muss zwingend eingehalten werden. Das bedeutet zum Beispiel: Wenn eine Leinenpflicht besteht, ist diese einzuhalten. R\u00fccksicht auf andere Pferdehalter:innen geh\u00f6rt ebenfalls zum guten Ton. Der Hund muss warten k\u00f6nnen, er darf nicht ungefragt in die Reitbahn laufen, aufgeregt bellen und nicht einfach irgendetwas fressen.<\/p>\n<p>Auch wenn es auf den ersten Blick unwichtig erscheint, ist das unkontrollierte Fressen im Stall mitunter eine gro\u00dfe Gefahr f\u00fcr den Hund. Pferde\u00e4pfel sind f\u00fcr viele Hunde ein Hochgenuss. Leiden die Hunde unter einem Gendefekt, kann dies t\u00f6dliche Folgen haben, wenn die Pferde\u00e4pfel Reste von Medikamenten enthalten. Der MDR-1-Defekt beim Hund f\u00fchrt zur \u00dcberempfindlichkeit vor allem gegen Entwurmungsmitteln.<\/p>\n\n<div class=\"related_articles boxed\">\n    <h2>Mehr zum Thema<\/h2>\n    \n    <div class=\"wrapper\"><div class=\"title align-center\"><h3><a href=\"https:\/\/uelzener.de\/magazin\/pferd\/tipps-fuer-den-alltag\/bahnregeln\/\">9 Bahnregeln f\u00fcr ein sicheres Miteinander in der Halle oder auf dem Reitplatz<\/a><\/h3><\/div><div class=\"img align-center\"><img decoding=\"async\" width=\"315\" height=\"180\" src=\"https:\/\/uelzener.de\/magazin\/app\/uploads\/2021\/11\/Bahnregeln-315x180.jpg\" class=\"attachment-315x180 size-315x180 wp-post-image\" alt=\"In der Reithalle m\u00fcssen sich alle Reiter und Reiterinnen an die Bahnregeln halten.\" \/><\/div><\/div><div class=\"wrapper\"><div class=\"title align-center\"><h3><a href=\"https:\/\/uelzener.de\/magazin\/pferd\/tiergesundheit\/wuermer-pferd\/\">W\u00fcrmer beim Pferd: Vorbeugen und behandeln<\/a><\/h3><\/div><div class=\"img align-center\"><img decoding=\"async\" width=\"315\" height=\"180\" src=\"https:\/\/uelzener.de\/magazin\/app\/uploads\/2022\/09\/Entwurmung-beim-Pferd-im-Herbst-315x180.jpg\" class=\"attachment-315x180 size-315x180 wp-post-image\" alt=\"Pferd bekommt von Reiterin und \u00c4rztin eine Wurmkur verabreicht.\" \/><\/div><\/div><div class=\"wrapper\"><div class=\"title align-center\"><h3><a href=\"https:\/\/uelzener.de\/magazin\/hund\/haltung\/reitbegleithund\/\">Reitbegleithund: Der perfekte Partner f\u00fcr Mensch und Pferd<\/a><\/h3><\/div><div class=\"img align-center\"><img decoding=\"async\" width=\"315\" height=\"180\" src=\"https:\/\/uelzener.de\/magazin\/app\/uploads\/2024\/10\/reitbegleithund-315x180.jpg\" class=\"attachment-315x180 size-315x180 wp-post-image\" alt=\"Mann mit Pferd und Reitbegleithund auf einer Wiese.\" \/><\/div><\/div><\/div>\n\n<p>Auch bei gut erzogenen Vierbeinern kann es trotz gro\u00dfer Vorsicht passieren, dass ein Pferd auskeilt und dabei den Hund trifft oder auf ein Pf\u00f6tchen tritt. Das ist nicht nur schmerzhaft f\u00fcr den Hund, sondern kann auch eine Operation erforderlich machen. Der Tierarzt oder die Tier\u00e4rztin sollte in jedem Fall sofort aufgesucht werden. \u00dcbrigens, die Tierarztkosten bei Hund und Pferd sichert eine OP- oder Krankenversicherung f\u00fcr Tiere ab.<\/p>\n\n<div class=\"banner\">\n    <a href=\"https:\/\/uelzener.de\/hund\/hunde-krankenversicherung\/?agt=0000104925&sem=true&utm_medium=magazin&utm_source=wordpress&utm_campaign=hund_kv&utm_content=banner\">\n        <img decoding=\"async\" width=\"300\" height=\"212\" src=\"https:\/\/uelzener.de\/magazin\/app\/uploads\/2025\/01\/Hunde-Kranken-Versicherung.jpg\" class=\"attachment-medium size-medium\" alt=\"Banner Hunde-Kranken-Versicherung\" \/>    <\/a>\n<\/div>\n\n<p>So sch\u00f6n die gemeinsamen Stunden zu dritt im Reitstall sind, nicht immer ist dies machbar. Der Hund sollte daher auch entspannt zu Hause warten k\u00f6nnen. Eine gute Erziehung zeichnet einen Stallhund aus und jede Situation kann dann ohne Probleme gemeistert werden.<\/p>\n","protected":false},"excerpt":{"rendered":"<p>Hund und Pferd k\u00f6nnen ein super Team werden. Bevor jedoch der Hund mit in den Stall kommt, sollten Hundehalter:innen sich an ein paar Tipps halten. Und vorher auf alle F\u00e4lle die Stallregeln beachten. Denn nicht immer sind die Stallkollegen gut auf Hunde zu sprechen. Das A und O ist eine solide Grundausbildung von Pferd und [&hellip;]<\/p>\n","protected":false},"author":11,"featured_media":12966,"parent":11679,"menu_order":40,"comment_status":"closed","ping_status":"closed","template":"templates\/blog.php","meta":{"_acf_changed":false,"_crdt_document":"","footnotes":"","beyondwords_generate_audio":"0","beyondwords_project_id":"","beyondwords_content_id":"","beyondwords_preview_token":"","beyondwords_player_style":"","beyondwords_language_id":"","beyondwords_title_voice_id":"","beyondwords_body_voice_id":"","beyondwords_summary_voice_id":"","beyondwords_error_message":"","beyondwords_disabled":"","beyondwords_delete_content":"","beyondwords_podcast_id":"","beyondwords_hash":"","publish_post_to_speechkit":"","speechkit_hash":"","speechkit_generate_audio":"","speechkit_project_id":"","speechkit_podcast_id":"","speechkit_error_message":"","speechkit_disabled":"","speechkit_access_key":"","speechkit_error":"","speechkit_info":"","speechkit_response":"","speechkit_retries":"","speechkit_status":"","speechkit_updated_at":"","_speechkit_link":"","_speechkit_text":""},"class_list":["post-12965","page","type-page","status-publish","has-post-thumbnail","hentry"],"acf":[],"yoast_head":"<!-- This site is optimized with the Yoast SEO Premium plugin  - https:\/\/yoast.com\/product\/yoast-seo-premium-wordpress\/ -->\n<title>Mit dem Hund im Pferdestall | Uelzener<\/title>\n<meta name=\"description\" content=\"Du m\u00f6chtest deinen Hund mit in den Pferdestall nehmen? Wir geben Dir einige Tipps, die du zuvor auf jeden Fall beachten solltest.\" \/>\n<meta name=\"robots\" content=\"index, follow, max-snippet:-1, max-image-preview:large, max-video-preview:-1\" \/>\n<link rel=\"canonical\" href=\"https:\/\/uelzener.de\/magazin\/hund\/erziehung-und-training\/mit-dem-hund-im-pferdestall\/\" \/>\n<meta property=\"og:locale\" content=\"de_DE\" \/>\n<meta property=\"og:type\" content=\"article\" \/>\n<meta property=\"og:title\" content=\"Mit dem Hund im Pferdestall\" \/>\n<meta property=\"og:description\" content=\"Du m\u00f6chtest deinen Hund mit in den Pferdestall nehmen? Wir geben Dir einige Tipps, die du zuvor auf jeden Fall beachten solltest.\" \/>\n<meta property=\"og:url\" content=\"https:\/\/uelzener.de\/magazin\/hund\/erziehung-und-training\/mit-dem-hund-im-pferdestall\/\" \/>\n<meta property=\"og:site_name\" content=\"Uelzener Tier-Magazin\" \/>\n<meta property=\"article:publisher\" content=\"https:\/\/www.facebook.com\/Uelzener\" \/>\n<meta property=\"article:modified_time\" content=\"2025-08-28T09:11:43+00:00\" \/>\n<meta property=\"og:image\" content=\"https:\/\/uelzener.de\/magazin\/app\/uploads\/2022\/01\/Hund_Pferd_Mensch_spazieren.jpg\" \/>\n\t<meta property=\"og:image:width\" content=\"1024\" \/>\n\t<meta property=\"og:image:height\" content=\"450\" \/>\n\t<meta property=\"og:image:type\" content=\"image\/jpeg\" \/>\n<meta name=\"twitter:card\" content=\"summary_large_image\" \/>\n<meta name=\"twitter:label1\" content=\"Gesch\u00e4tzte Lesezeit\" \/>\n\t<meta name=\"twitter:data1\" content=\"3\u00a0Minuten\" \/>\n<script type=\"application\/ld+json\" class=\"yoast-schema-graph\">{\"@context\":\"https:\/\/schema.org\",\"@graph\":[{\"@type\":\"WebPage\",\"@id\":\"https:\/\/uelzener.de\/magazin\/hund\/erziehung-und-training\/mit-dem-hund-im-pferdestall\/\",\"url\":\"https:\/\/uelzener.de\/magazin\/hund\/erziehung-und-training\/mit-dem-hund-im-pferdestall\/\",\"name\":\"Mit dem Hund im Pferdestall | Uelzener\",\"isPartOf\":{\"@id\":\"https:\/\/uelzener.de\/magazin\/#website\"},\"primaryImageOfPage\":{\"@id\":\"https:\/\/uelzener.de\/magazin\/hund\/erziehung-und-training\/mit-dem-hund-im-pferdestall\/#primaryimage\"},\"image\":{\"@id\":\"https:\/\/uelzener.de\/magazin\/hund\/erziehung-und-training\/mit-dem-hund-im-pferdestall\/#primaryimage\"},\"thumbnailUrl\":\"https:\/\/uelzener.de\/magazin\/app\/uploads\/2022\/01\/Hund_Pferd_Mensch_spazieren.jpg\",\"datePublished\":\"2022-01-04T07:23:33+00:00\",\"dateModified\":\"2025-08-28T09:11:43+00:00\",\"description\":\"Du m\u00f6chtest deinen Hund mit in den Pferdestall nehmen? Wir geben Dir einige Tipps, die du zuvor auf jeden Fall beachten solltest.\",\"breadcrumb\":{\"@id\":\"https:\/\/uelzener.de\/magazin\/hund\/erziehung-und-training\/mit-dem-hund-im-pferdestall\/#breadcrumb\"},\"inLanguage\":\"de\",\"potentialAction\":[{\"@type\":\"ReadAction\",\"target\":[\"https:\/\/uelzener.de\/magazin\/hund\/erziehung-und-training\/mit-dem-hund-im-pferdestall\/\"]}]},{\"@type\":\"ImageObject\",\"inLanguage\":\"de\",\"@id\":\"https:\/\/uelzener.de\/magazin\/hund\/erziehung-und-training\/mit-dem-hund-im-pferdestall\/#primaryimage\",\"url\":\"https:\/\/uelzener.de\/magazin\/app\/uploads\/2022\/01\/Hund_Pferd_Mensch_spazieren.jpg\",\"contentUrl\":\"https:\/\/uelzener.de\/magazin\/app\/uploads\/2022\/01\/Hund_Pferd_Mensch_spazieren.jpg\",\"width\":1024,\"height\":450,\"caption\":\"Frau f\u00fchrt braunes Pferd und Golden Retriever auf einer Wiese spazieren\"},{\"@type\":\"WebSite\",\"@id\":\"https:\/\/uelzener.de\/magazin\/#website\",\"url\":\"https:\/\/uelzener.de\/magazin\/\",\"name\":\"Uelzener Tiermagazin\",\"description\":\"Online Tierratgeber der Uelzener Versicherungen\",\"publisher\":{\"@id\":\"https:\/\/uelzener.de\/magazin\/#organization\"},\"potentialAction\":[{\"@type\":\"SearchAction\",\"target\":{\"@type\":\"EntryPoint\",\"urlTemplate\":\"https:\/\/uelzener.de\/magazin\/?s={search_term_string}\"},\"query-input\":{\"@type\":\"PropertyValueSpecification\",\"valueRequired\":true,\"valueName\":\"search_term_string\"}}],\"inLanguage\":\"de\"},{\"@type\":\"Organization\",\"@id\":\"https:\/\/uelzener.de\/magazin\/#organization\",\"name\":\"Uelzener Versicherungen\",\"url\":\"https:\/\/uelzener.de\/magazin\/\",\"logo\":{\"@type\":\"ImageObject\",\"inLanguage\":\"de\",\"@id\":\"https:\/\/uelzener.de\/magazin\/#\/schema\/logo\/image\/\",\"url\":\"https:\/\/uelzener.de\/magazin\/app\/uploads\/2024\/11\/uelzener_allgemeine_versicherungsgesellschaft_a_g_logo.jpg\",\"contentUrl\":\"https:\/\/uelzener.de\/magazin\/app\/uploads\/2024\/11\/uelzener_allgemeine_versicherungsgesellschaft_a_g_logo.jpg\",\"width\":200,\"height\":200,\"caption\":\"Uelzener Versicherungen\"},\"image\":{\"@id\":\"https:\/\/uelzener.de\/magazin\/#\/schema\/logo\/image\/\"},\"sameAs\":[\"https:\/\/www.facebook.com\/Uelzener\",\"https:\/\/instagram.com\/uelzener\",\"https:\/\/www.xing.com\/pages\/uelzenerallgemeineversicherungs-gesellschafta-g\",\"https:\/\/www.youtube.com\/UelzenerVersicherungen\"]}]}<\/script>\n<!-- \/ Yoast SEO Premium plugin. -->","yoast_head_json":{"title":"Mit dem Hund im Pferdestall | Uelzener","description":"Du m\u00f6chtest deinen Hund mit in den Pferdestall nehmen? Wir geben Dir einige Tipps, die du zuvor auf jeden Fall beachten solltest.","robots":{"index":"index","follow":"follow","max-snippet":"max-snippet:-1","max-image-preview":"max-image-preview:large","max-video-preview":"max-video-preview:-1"},"canonical":"https:\/\/uelzener.de\/magazin\/hund\/erziehung-und-training\/mit-dem-hund-im-pferdestall\/","og_locale":"de_DE","og_type":"article","og_title":"Mit dem Hund im Pferdestall","og_description":"Du m\u00f6chtest deinen Hund mit in den Pferdestall nehmen? Wir geben Dir einige Tipps, die du zuvor auf jeden Fall beachten solltest.","og_url":"https:\/\/uelzener.de\/magazin\/hund\/erziehung-und-training\/mit-dem-hund-im-pferdestall\/","og_site_name":"Uelzener Tier-Magazin","article_publisher":"https:\/\/www.facebook.com\/Uelzener","article_modified_time":"2025-08-28T09:11:43+00:00","og_image":[{"width":1024,"height":450,"url":"https:\/\/uelzener.de\/magazin\/app\/uploads\/2022\/01\/Hund_Pferd_Mensch_spazieren.jpg","type":"image\/jpeg"}],"twitter_card":"summary_large_image","twitter_misc":{"Gesch\u00e4tzte Lesezeit":"3\u00a0Minuten"},"schema":{"@context":"https:\/\/schema.org","@graph":[{"@type":"WebPage","@id":"https:\/\/uelzener.de\/magazin\/hund\/erziehung-und-training\/mit-dem-hund-im-pferdestall\/","url":"https:\/\/uelzener.de\/magazin\/hund\/erziehung-und-training\/mit-dem-hund-im-pferdestall\/","name":"Mit dem Hund im Pferdestall | Uelzener","isPartOf":{"@id":"https:\/\/uelzener.de\/magazin\/#website"},"primaryImageOfPage":{"@id":"https:\/\/uelzener.de\/magazin\/hund\/erziehung-und-training\/mit-dem-hund-im-pferdestall\/#primaryimage"},"image":{"@id":"https:\/\/uelzener.de\/magazin\/hund\/erziehung-und-training\/mit-dem-hund-im-pferdestall\/#primaryimage"},"thumbnailUrl":"https:\/\/uelzener.de\/magazin\/app\/uploads\/2022\/01\/Hund_Pferd_Mensch_spazieren.jpg","datePublished":"2022-01-04T07:23:33+00:00","dateModified":"2025-08-28T09:11:43+00:00","description":"Du m\u00f6chtest deinen Hund mit in den Pferdestall nehmen? Wir geben Dir einige Tipps, die du zuvor auf jeden Fall beachten solltest.","breadcrumb":{"@id":"https:\/\/uelzener.de\/magazin\/hund\/erziehung-und-training\/mit-dem-hund-im-pferdestall\/#breadcrumb"},"inLanguage":"de","potentialAction":[{"@type":"ReadAction","target":["https:\/\/uelzener.de\/magazin\/hund\/erziehung-und-training\/mit-dem-hund-im-pferdestall\/"]}]},{"@type":"ImageObject","inLanguage":"de","@id":"https:\/\/uelzener.de\/magazin\/hund\/erziehung-und-training\/mit-dem-hund-im-pferdestall\/#primaryimage","url":"https:\/\/uelzener.de\/magazin\/app\/uploads\/2022\/01\/Hund_Pferd_Mensch_spazieren.jpg","contentUrl":"https:\/\/uelzener.de\/magazin\/app\/uploads\/2022\/01\/Hund_Pferd_Mensch_spazieren.jpg","width":1024,"height":450,"caption":"Frau f\u00fchrt braunes Pferd und Golden Retriever auf einer Wiese spazieren"},{"@type":"WebSite","@id":"https:\/\/uelzener.de\/magazin\/#website","url":"https:\/\/uelzener.de\/magazin\/","name":"Uelzener Tiermagazin","description":"Online Tierratgeber der Uelzener Versicherungen","publisher":{"@id":"https:\/\/uelzener.de\/magazin\/#organization"},"potentialAction":[{"@type":"SearchAction","target":{"@type":"EntryPoint","urlTemplate":"https:\/\/uelzener.de\/magazin\/?s={search_term_string}"},"query-input":{"@type":"PropertyValueSpecification","valueRequired":true,"valueName":"search_term_string"}}],"inLanguage":"de"},{"@type":"Organization","@id":"https:\/\/uelzener.de\/magazin\/#organization","name":"Uelzener Versicherungen","url":"https:\/\/uelzener.de\/magazin\/","logo":{"@type":"ImageObject","inLanguage":"de","@id":"https:\/\/uelzener.de\/magazin\/#\/schema\/logo\/image\/","url":"https:\/\/uelzener.de\/magazin\/app\/uploads\/2024\/11\/uelzener_allgemeine_versicherungsgesellschaft_a_g_logo.jpg","contentUrl":"https:\/\/uelzener.de\/magazin\/app\/uploads\/2024\/11\/uelzener_allgemeine_versicherungsgesellschaft_a_g_logo.jpg","width":200,"height":200,"caption":"Uelzener Versicherungen"},"image":{"@id":"https:\/\/uelzener.de\/magazin\/#\/schema\/logo\/image\/"},"sameAs":["https:\/\/www.facebook.com\/Uelzener","https:\/\/instagram.com\/uelzener","https:\/\/www.xing.com\/pages\/uelzenerallgemeineversicherungs-gesellschafta-g","https:\/\/www.youtube.com\/UelzenerVersicherungen"]}]}},"_links":{"self":[{"href":"https:\/\/uelzener.de\/magazin\/wp-json\/wp\/v2\/pages\/12965","targetHints":{"allow":["GET"]}}],"collection":[{"href":"https:\/\/uelzener.de\/magazin\/wp-json\/wp\/v2\/pages"}],"about":[{"href":"https:\/\/uelzener.de\/magazin\/wp-json\/wp\/v2\/types\/page"}],"author":[{"embeddable":true,"href":"https:\/\/uelzener.de\/magazin\/wp-json\/wp\/v2\/users\/11"}],"replies":[{"embeddable":true,"href":"https:\/\/uelzener.de\/magazin\/wp-json\/wp\/v2\/comments?post=12965"}],"version-history":[{"count":13,"href":"https:\/\/uelzener.de\/magazin\/wp-json\/wp\/v2\/pages\/12965\/revisions"}],"predecessor-version":[{"id":19050,"href":"https:\/\/uelzener.de\/magazin\/wp-json\/wp\/v2\/pages\/12965\/revisions\/19050"}],"up":[{"embeddable":true,"href":"https:\/\/uelzener.de\/magazin\/wp-json\/wp\/v2\/pages\/11679"}],"wp:featuredmedia":[{"embeddable":true,"href":"https:\/\/uelzener.de\/magazin\/wp-json\/wp\/v2\/media\/12966"}],"wp:attachment":[{"href":"https:\/\/uelzener.de\/magazin\/wp-json\/wp\/v2\/media?parent=12965"}],"curies":[{"name":"wp","href":"https:\/\/api.w.org\/{rel}","templated":true}]}}