{"id":12948,"date":"2021-12-13T08:30:49","date_gmt":"2021-12-13T07:30:49","guid":{"rendered":"https:\/\/uelzener.de\/magazin\/?page_id=12948"},"modified":"2025-08-21T10:43:49","modified_gmt":"2025-08-21T08:43:49","slug":"mein-hund-hat-panik-bei-laerm","status":"publish","type":"page","link":"https:\/\/uelzener.de\/magazin\/hund\/tipps-fuer-den-alltag\/mein-hund-hat-panik-bei-laerm\/","title":{"rendered":"Mein Hund hat Panik bei L\u00e4rm"},"content":{"rendered":"<p>Hunde reagieren sehr unterschiedlich auf laute Ger\u00e4usche. Manche Hunde registrieren den Krach und schenken ihm keine Beachtung. Andere versuchen sich panisch und hechelnd im Asphalt einzugraben und sind nur noch ein H\u00e4ufchen Elend.<\/p>\n<h3>Das \u00e4ngstliche Verhalten kann angeboren sein<\/h3>\n<p>Ger\u00e4uschempfindlichkeit entsteht manchmal durch eine ungl\u00fcckliche Verkn\u00fcpfung. Aber oft ist die Angst vor lauten Ger\u00e4uschen, insbesondere vor Knallger\u00e4uschen, schon im Hund angelegt. Gerade sensible Hunde sind besonders h\u00e4ufig betroffen. Oft steigert sich diese \u00c4ngstlichkeit \u00fcber die Jahre von einem leichten Unwohlsein zu einer regelrechten Panik. Einen Hund, der an extrem gro\u00dfer Ger\u00e4uschempfindlichkeit leidet, wird man kaum heilen k\u00f6nnen. Was man aber auf jeden Fall versuchen sollte, ist eine Umkonditionierung.<\/p>\n<h3>Ger\u00e4uschen positive Eigenschaften zuschreiben<\/h3>\n<p>Hundehalter:innen w\u00e4hlen am besten eine Ger\u00e4uschkulisse, die ihr Hund noch aushalten kann, und tun das, was er am liebsten hat. Spielen, essen, fr\u00f6hlich sein. Wenn der Hund erstmal verstanden hat, dass es bei jedem Knall \u2013 wie zum Beispiel an Silvester \u2013 ein St\u00fcckchen K\u00e4se und einen fr\u00f6hlichen Menschen gibt, haben Hundehalter:innen eine Chance, sich nach und nach an schlimmere Ger\u00e4usche heranzutasten. Vor allem aber sollten Herrchen und Frauchen nicht entt\u00e4uscht sein, sollte ihr Liebling die Ger\u00e4usche nicht aushalten. Er hat es auch so schwer genug.<\/p>\n\n<div class=\"related_articles boxed\">\n    <h2>Mehr zum Thema<\/h2>\n    \n    <div class=\"wrapper\"><div class=\"title align-center\"><h3><a href=\"https:\/\/uelzener.de\/magazin\/hund\/erziehung-und-training\/umgang-mit-angsthunden-tipps-fuer-ein-vertrauensvolles-miteinander\/\">Umgang mit Angsthunden: Tipps f\u00fcr ein vertrauensvolles Miteinander<\/a><\/h3><\/div><div class=\"img align-center\"><img decoding=\"async\" width=\"315\" height=\"180\" src=\"https:\/\/uelzener.de\/magazin\/app\/uploads\/2024\/09\/Umgang-mit-Angsthunden-315x180.jpg\" class=\"attachment-315x180 size-315x180 wp-post-image\" alt=\"Umgang mit Angsthunden\" \/><\/div><\/div><div class=\"wrapper\"><div class=\"title align-center\"><h3><a href=\"https:\/\/uelzener.de\/magazin\/hund\/erziehung-und-training\/angst-vor-gewitter-mit-diesem-training-hilfst-du-deinem-hund\/\">Angst vor Gewitter: Mit diesem Training hilfst du deinem Hund<\/a><\/h3><\/div><div class=\"img align-center\"><img decoding=\"async\" width=\"315\" height=\"180\" src=\"https:\/\/uelzener.de\/magazin\/app\/uploads\/2025\/06\/Hunde-angst-vor-gewitter-315x180.jpg\" class=\"attachment-315x180 size-315x180 wp-post-image\" alt=\"Ein Jack Russel Terrier steht be\u00e4ngstigt auf einer Wiese und schaut nach oben,, auf den sich zuziehenden Himmel.\" \/><\/div><\/div><div class=\"wrapper\"><div class=\"title align-center\"><h3><a href=\"https:\/\/uelzener.de\/magazin\/hund\/erziehung-und-training\/silvester-mit-hund\/\">Silvester mit Hund: 7 Tipps f\u00fcr \u00e4ngstliche Vierbeiner<\/a><\/h3><\/div><div class=\"img align-center\"><img decoding=\"async\" width=\"315\" height=\"180\" src=\"https:\/\/uelzener.de\/magazin\/app\/uploads\/2021\/10\/Silvester-Hund-315x180.jpg\" class=\"attachment-315x180 size-315x180 wp-post-image\" alt=\"Ein wei\u00dfer Hund eingewickelt in Luftschlange ist verwirrt durch konfettiregen\" \/><\/div><\/div><\/div>\n\n<h3>Sicherheit, Zuversicht und Schutz zeigen<\/h3>\n<p>Das immer wieder empfohlene \u201eIgnorieren\u201c, mit dem Ziel, den Hund nicht noch in seiner Angst zu best\u00e4rken, sondern ihm zu zeigen, dass alles normal ist, ist aus meiner Sicht nicht zielf\u00fchrend. Hundehalter:innen sollten lieber f\u00fcr ihren Hund da sein. Ihm zeigen, dass sie seine Not erkennen. Wichtig ist: Verst\u00e4ndnis, Sicherheit und Zuversicht ausstrahlen, ohne den Hund zu bedauern. Herrchen und Frauchen m\u00fcssen ein Schutzort sein.<\/p>\n<hr \/>\n<p>zur Autorin:<\/p>\n<p class=\"p1\"><strong>Karen Uecker<\/strong><\/p>\n<p class=\"p1\">Die studierte Juristin besch\u00e4ftigt sich seit vielen Jahren mit der Ausbildung von Hunden und Pferden. Sie gibt europaweit Kurse, zeigt das K\u00f6nnen ihrer Hunde auf Show-veranstaltungen und schreibt erfolgreich Ratgeber zum Training von Hund und Pferd.<\/p>\n","protected":false},"excerpt":{"rendered":"<p>Hunde reagieren sehr unterschiedlich auf laute Ger\u00e4usche. Manche Hunde registrieren den Krach und schenken ihm keine Beachtung. Andere versuchen sich panisch und hechelnd im Asphalt einzugraben und sind nur noch ein H\u00e4ufchen Elend. Das \u00e4ngstliche Verhalten kann angeboren sein Ger\u00e4uschempfindlichkeit entsteht manchmal durch eine ungl\u00fcckliche Verkn\u00fcpfung. Aber oft ist die Angst vor lauten Ger\u00e4uschen, insbesondere [&hellip;]<\/p>\n","protected":false},"author":11,"featured_media":12949,"parent":11707,"menu_order":23,"comment_status":"closed","ping_status":"closed","template":"templates\/blog.php","meta":{"_acf_changed":false,"_crdt_document":"","footnotes":"","beyondwords_generate_audio":"","beyondwords_project_id":"","beyondwords_content_id":"","beyondwords_preview_token":"","beyondwords_player_style":"","beyondwords_language_id":"","beyondwords_title_voice_id":"","beyondwords_body_voice_id":"","beyondwords_summary_voice_id":"","beyondwords_error_message":"","beyondwords_disabled":"","beyondwords_delete_content":"","beyondwords_podcast_id":"","beyondwords_hash":"","publish_post_to_speechkit":"","speechkit_hash":"","speechkit_generate_audio":"","speechkit_project_id":"","speechkit_podcast_id":"","speechkit_error_message":"","speechkit_disabled":"","speechkit_access_key":"","speechkit_error":"","speechkit_info":"","speechkit_response":"","speechkit_retries":"","speechkit_status":"","speechkit_updated_at":"","_speechkit_link":"","_speechkit_text":""},"class_list":["post-12948","page","type-page","status-publish","has-post-thumbnail","hentry"],"acf":[],"yoast_head":"<!-- This site is optimized with the Yoast SEO Premium plugin  - https:\/\/yoast.com\/product\/yoast-seo-premium-wordpress\/ -->\n<title>Mein Hund hat Panik bei L\u00e4rm | Uelzener<\/title>\n<meta name=\"description\" content=\"Wie verhalte ich mich richtig, wenn mein Hund Angst vor lauten Ger\u00e4uschen hat? Karen Uecker gibt hilfreiche Tipps.\" \/>\n<meta name=\"robots\" content=\"index, follow, max-snippet:-1, max-image-preview:large, max-video-preview:-1\" \/>\n<link rel=\"canonical\" href=\"https:\/\/uelzener.de\/magazin\/hund\/tipps-fuer-den-alltag\/mein-hund-hat-panik-bei-laerm\/\" \/>\n<meta property=\"og:locale\" content=\"de_DE\" \/>\n<meta property=\"og:type\" content=\"article\" \/>\n<meta property=\"og:title\" content=\"Mein Hund hat Panik bei L\u00e4rm\" \/>\n<meta property=\"og:description\" content=\"Wie verhalte ich mich richtig, wenn mein Hund Angst vor lauten Ger\u00e4uschen hat? Karen Uecker gibt hilfreiche Tipps.\" \/>\n<meta property=\"og:url\" content=\"https:\/\/uelzener.de\/magazin\/hund\/tipps-fuer-den-alltag\/mein-hund-hat-panik-bei-laerm\/\" \/>\n<meta property=\"og:site_name\" content=\"Uelzener Tier-Magazin\" \/>\n<meta property=\"article:publisher\" content=\"https:\/\/www.facebook.com\/Uelzener\" \/>\n<meta property=\"article:modified_time\" content=\"2025-08-21T08:43:49+00:00\" \/>\n<meta property=\"og:image\" content=\"https:\/\/uelzener.de\/magazin\/app\/uploads\/2021\/12\/Hund_Angst.jpg\" \/>\n\t<meta property=\"og:image:width\" content=\"1024\" \/>\n\t<meta property=\"og:image:height\" content=\"450\" \/>\n\t<meta property=\"og:image:type\" content=\"image\/jpeg\" \/>\n<meta name=\"twitter:card\" content=\"summary_large_image\" \/>\n<meta name=\"twitter:label1\" content=\"Gesch\u00e4tzte Lesezeit\" \/>\n\t<meta name=\"twitter:data1\" content=\"2\u00a0Minuten\" \/>\n<script type=\"application\/ld+json\" class=\"yoast-schema-graph\">{\"@context\":\"https:\\\/\\\/schema.org\",\"@graph\":[{\"@type\":\"WebPage\",\"@id\":\"https:\\\/\\\/uelzener.de\\\/magazin\\\/hund\\\/tipps-fuer-den-alltag\\\/mein-hund-hat-panik-bei-laerm\\\/\",\"url\":\"https:\\\/\\\/uelzener.de\\\/magazin\\\/hund\\\/tipps-fuer-den-alltag\\\/mein-hund-hat-panik-bei-laerm\\\/\",\"name\":\"Mein Hund hat Panik bei L\u00e4rm | Uelzener\",\"isPartOf\":{\"@id\":\"https:\\\/\\\/uelzener.de\\\/magazin\\\/#website\"},\"primaryImageOfPage\":{\"@id\":\"https:\\\/\\\/uelzener.de\\\/magazin\\\/hund\\\/tipps-fuer-den-alltag\\\/mein-hund-hat-panik-bei-laerm\\\/#primaryimage\"},\"image\":{\"@id\":\"https:\\\/\\\/uelzener.de\\\/magazin\\\/hund\\\/tipps-fuer-den-alltag\\\/mein-hund-hat-panik-bei-laerm\\\/#primaryimage\"},\"thumbnailUrl\":\"https:\\\/\\\/uelzener.de\\\/magazin\\\/app\\\/uploads\\\/2021\\\/12\\\/Hund_Angst.jpg\",\"datePublished\":\"2021-12-13T07:30:49+00:00\",\"dateModified\":\"2025-08-21T08:43:49+00:00\",\"description\":\"Wie verhalte ich mich richtig, wenn mein Hund Angst vor lauten Ger\u00e4uschen hat? Karen Uecker gibt hilfreiche Tipps.\",\"breadcrumb\":{\"@id\":\"https:\\\/\\\/uelzener.de\\\/magazin\\\/hund\\\/tipps-fuer-den-alltag\\\/mein-hund-hat-panik-bei-laerm\\\/#breadcrumb\"},\"inLanguage\":\"de\",\"potentialAction\":[{\"@type\":\"ReadAction\",\"target\":[\"https:\\\/\\\/uelzener.de\\\/magazin\\\/hund\\\/tipps-fuer-den-alltag\\\/mein-hund-hat-panik-bei-laerm\\\/\"]}]},{\"@type\":\"ImageObject\",\"inLanguage\":\"de\",\"@id\":\"https:\\\/\\\/uelzener.de\\\/magazin\\\/hund\\\/tipps-fuer-den-alltag\\\/mein-hund-hat-panik-bei-laerm\\\/#primaryimage\",\"url\":\"https:\\\/\\\/uelzener.de\\\/magazin\\\/app\\\/uploads\\\/2021\\\/12\\\/Hund_Angst.jpg\",\"contentUrl\":\"https:\\\/\\\/uelzener.de\\\/magazin\\\/app\\\/uploads\\\/2021\\\/12\\\/Hund_Angst.jpg\",\"width\":1024,\"height\":450,\"caption\":\"Wei\u00dfer Jack Russell Terrier versteckt sich unter dem Sofa, er hat Panik vor dem L\u00e4rm.\"},{\"@type\":\"WebSite\",\"@id\":\"https:\\\/\\\/uelzener.de\\\/magazin\\\/#website\",\"url\":\"https:\\\/\\\/uelzener.de\\\/magazin\\\/\",\"name\":\"Uelzener Tiermagazin\",\"description\":\"Online Tierratgeber der Uelzener Versicherungen\",\"publisher\":{\"@id\":\"https:\\\/\\\/uelzener.de\\\/magazin\\\/#organization\"},\"potentialAction\":[{\"@type\":\"SearchAction\",\"target\":{\"@type\":\"EntryPoint\",\"urlTemplate\":\"https:\\\/\\\/uelzener.de\\\/magazin\\\/?s={search_term_string}\"},\"query-input\":{\"@type\":\"PropertyValueSpecification\",\"valueRequired\":true,\"valueName\":\"search_term_string\"}}],\"inLanguage\":\"de\"},{\"@type\":\"Organization\",\"@id\":\"https:\\\/\\\/uelzener.de\\\/magazin\\\/#organization\",\"name\":\"Uelzener Versicherungen\",\"url\":\"https:\\\/\\\/uelzener.de\\\/magazin\\\/\",\"logo\":{\"@type\":\"ImageObject\",\"inLanguage\":\"de\",\"@id\":\"https:\\\/\\\/uelzener.de\\\/magazin\\\/#\\\/schema\\\/logo\\\/image\\\/\",\"url\":\"https:\\\/\\\/uelzener.de\\\/magazin\\\/app\\\/uploads\\\/2024\\\/11\\\/uelzener_allgemeine_versicherungsgesellschaft_a_g_logo.jpg\",\"contentUrl\":\"https:\\\/\\\/uelzener.de\\\/magazin\\\/app\\\/uploads\\\/2024\\\/11\\\/uelzener_allgemeine_versicherungsgesellschaft_a_g_logo.jpg\",\"width\":200,\"height\":200,\"caption\":\"Uelzener Versicherungen\"},\"image\":{\"@id\":\"https:\\\/\\\/uelzener.de\\\/magazin\\\/#\\\/schema\\\/logo\\\/image\\\/\"},\"sameAs\":[\"https:\\\/\\\/www.facebook.com\\\/Uelzener\",\"https:\\\/\\\/instagram.com\\\/uelzener\",\"https:\\\/\\\/www.xing.com\\\/pages\\\/uelzenerallgemeineversicherungs-gesellschafta-g\",\"https:\\\/\\\/www.youtube.com\\\/UelzenerVersicherungen\"]}]}<\/script>\n<!-- \/ Yoast SEO Premium plugin. -->","yoast_head_json":{"title":"Mein Hund hat Panik bei L\u00e4rm | Uelzener","description":"Wie verhalte ich mich richtig, wenn mein Hund Angst vor lauten Ger\u00e4uschen hat? Karen Uecker gibt hilfreiche Tipps.","robots":{"index":"index","follow":"follow","max-snippet":"max-snippet:-1","max-image-preview":"max-image-preview:large","max-video-preview":"max-video-preview:-1"},"canonical":"https:\/\/uelzener.de\/magazin\/hund\/tipps-fuer-den-alltag\/mein-hund-hat-panik-bei-laerm\/","og_locale":"de_DE","og_type":"article","og_title":"Mein Hund hat Panik bei L\u00e4rm","og_description":"Wie verhalte ich mich richtig, wenn mein Hund Angst vor lauten Ger\u00e4uschen hat? Karen Uecker gibt hilfreiche Tipps.","og_url":"https:\/\/uelzener.de\/magazin\/hund\/tipps-fuer-den-alltag\/mein-hund-hat-panik-bei-laerm\/","og_site_name":"Uelzener Tier-Magazin","article_publisher":"https:\/\/www.facebook.com\/Uelzener","article_modified_time":"2025-08-21T08:43:49+00:00","og_image":[{"width":1024,"height":450,"url":"https:\/\/uelzener.de\/magazin\/app\/uploads\/2021\/12\/Hund_Angst.jpg","type":"image\/jpeg"}],"twitter_card":"summary_large_image","twitter_misc":{"Gesch\u00e4tzte Lesezeit":"2\u00a0Minuten"},"schema":{"@context":"https:\/\/schema.org","@graph":[{"@type":"WebPage","@id":"https:\/\/uelzener.de\/magazin\/hund\/tipps-fuer-den-alltag\/mein-hund-hat-panik-bei-laerm\/","url":"https:\/\/uelzener.de\/magazin\/hund\/tipps-fuer-den-alltag\/mein-hund-hat-panik-bei-laerm\/","name":"Mein Hund hat Panik bei L\u00e4rm | Uelzener","isPartOf":{"@id":"https:\/\/uelzener.de\/magazin\/#website"},"primaryImageOfPage":{"@id":"https:\/\/uelzener.de\/magazin\/hund\/tipps-fuer-den-alltag\/mein-hund-hat-panik-bei-laerm\/#primaryimage"},"image":{"@id":"https:\/\/uelzener.de\/magazin\/hund\/tipps-fuer-den-alltag\/mein-hund-hat-panik-bei-laerm\/#primaryimage"},"thumbnailUrl":"https:\/\/uelzener.de\/magazin\/app\/uploads\/2021\/12\/Hund_Angst.jpg","datePublished":"2021-12-13T07:30:49+00:00","dateModified":"2025-08-21T08:43:49+00:00","description":"Wie verhalte ich mich richtig, wenn mein Hund Angst vor lauten Ger\u00e4uschen hat? Karen Uecker gibt hilfreiche Tipps.","breadcrumb":{"@id":"https:\/\/uelzener.de\/magazin\/hund\/tipps-fuer-den-alltag\/mein-hund-hat-panik-bei-laerm\/#breadcrumb"},"inLanguage":"de","potentialAction":[{"@type":"ReadAction","target":["https:\/\/uelzener.de\/magazin\/hund\/tipps-fuer-den-alltag\/mein-hund-hat-panik-bei-laerm\/"]}]},{"@type":"ImageObject","inLanguage":"de","@id":"https:\/\/uelzener.de\/magazin\/hund\/tipps-fuer-den-alltag\/mein-hund-hat-panik-bei-laerm\/#primaryimage","url":"https:\/\/uelzener.de\/magazin\/app\/uploads\/2021\/12\/Hund_Angst.jpg","contentUrl":"https:\/\/uelzener.de\/magazin\/app\/uploads\/2021\/12\/Hund_Angst.jpg","width":1024,"height":450,"caption":"Wei\u00dfer Jack Russell Terrier versteckt sich unter dem Sofa, er hat Panik vor dem L\u00e4rm."},{"@type":"WebSite","@id":"https:\/\/uelzener.de\/magazin\/#website","url":"https:\/\/uelzener.de\/magazin\/","name":"Uelzener Tiermagazin","description":"Online Tierratgeber der Uelzener Versicherungen","publisher":{"@id":"https:\/\/uelzener.de\/magazin\/#organization"},"potentialAction":[{"@type":"SearchAction","target":{"@type":"EntryPoint","urlTemplate":"https:\/\/uelzener.de\/magazin\/?s={search_term_string}"},"query-input":{"@type":"PropertyValueSpecification","valueRequired":true,"valueName":"search_term_string"}}],"inLanguage":"de"},{"@type":"Organization","@id":"https:\/\/uelzener.de\/magazin\/#organization","name":"Uelzener Versicherungen","url":"https:\/\/uelzener.de\/magazin\/","logo":{"@type":"ImageObject","inLanguage":"de","@id":"https:\/\/uelzener.de\/magazin\/#\/schema\/logo\/image\/","url":"https:\/\/uelzener.de\/magazin\/app\/uploads\/2024\/11\/uelzener_allgemeine_versicherungsgesellschaft_a_g_logo.jpg","contentUrl":"https:\/\/uelzener.de\/magazin\/app\/uploads\/2024\/11\/uelzener_allgemeine_versicherungsgesellschaft_a_g_logo.jpg","width":200,"height":200,"caption":"Uelzener Versicherungen"},"image":{"@id":"https:\/\/uelzener.de\/magazin\/#\/schema\/logo\/image\/"},"sameAs":["https:\/\/www.facebook.com\/Uelzener","https:\/\/instagram.com\/uelzener","https:\/\/www.xing.com\/pages\/uelzenerallgemeineversicherungs-gesellschafta-g","https:\/\/www.youtube.com\/UelzenerVersicherungen"]}]}},"_links":{"self":[{"href":"https:\/\/uelzener.de\/magazin\/wp-json\/wp\/v2\/pages\/12948","targetHints":{"allow":["GET"]}}],"collection":[{"href":"https:\/\/uelzener.de\/magazin\/wp-json\/wp\/v2\/pages"}],"about":[{"href":"https:\/\/uelzener.de\/magazin\/wp-json\/wp\/v2\/types\/page"}],"author":[{"embeddable":true,"href":"https:\/\/uelzener.de\/magazin\/wp-json\/wp\/v2\/users\/11"}],"replies":[{"embeddable":true,"href":"https:\/\/uelzener.de\/magazin\/wp-json\/wp\/v2\/comments?post=12948"}],"version-history":[{"count":6,"href":"https:\/\/uelzener.de\/magazin\/wp-json\/wp\/v2\/pages\/12948\/revisions"}],"predecessor-version":[{"id":18885,"href":"https:\/\/uelzener.de\/magazin\/wp-json\/wp\/v2\/pages\/12948\/revisions\/18885"}],"up":[{"embeddable":true,"href":"https:\/\/uelzener.de\/magazin\/wp-json\/wp\/v2\/pages\/11707"}],"wp:featuredmedia":[{"embeddable":true,"href":"https:\/\/uelzener.de\/magazin\/wp-json\/wp\/v2\/media\/12949"}],"wp:attachment":[{"href":"https:\/\/uelzener.de\/magazin\/wp-json\/wp\/v2\/media?parent=12948"}],"curies":[{"name":"wp","href":"https:\/\/api.w.org\/{rel}","templated":true}]}}