{"id":12938,"date":"2022-04-07T11:13:46","date_gmt":"2022-04-07T09:13:46","guid":{"rendered":"https:\/\/uelzener.de\/magazin\/?page_id=12938"},"modified":"2025-09-03T12:57:35","modified_gmt":"2025-09-03T10:57:35","slug":"fohlen-sicher-aufwachsen-lassen","status":"publish","type":"page","link":"https:\/\/uelzener.de\/magazin\/pferd\/erziehung-und-training\/fohlen-sicher-aufwachsen-lassen\/","title":{"rendered":"Fohlen sicher aufwachsen lassen"},"content":{"rendered":"<p><strong>Den Traum vom eigenen Fohlen haben viele Pferdehalter:innen. Doch was gilt es bei Haltung und Erziehung des Nachwuchs zu bedenken? Wie gestaltet man die ersten Tage, Wochen und Monate pferdegerecht \u2013 und noch dazu sicher?<\/strong><\/p>\n<p>Gesundes und sicheres Aufwachsen eines Fohlens beginnt schon mit dem Zeitpunkt der Geburt. F\u00e4llt der Tag, an dem der Nachwuchs das Licht der Welt erblickt, auf einen sehr fr\u00fchen Zeitpunkt im Jahr, kann es passieren, dass das Fohlen wetterbedingt seine ersten Lebenswochen mehr in der Box als auf der Weide verbringt. Gen\u00fcgend Bewegung \u2013 m\u00f6glichst in der Herde \u2013 ist aber gerade in den ersten Wochen unerl\u00e4sslich f\u00fcr die Reifung des jungen Organismus und die Entwicklung eines ausgeglichenen <a href=\"https:\/\/uelzener.de\/magazin\/pferd\/erziehung-und-training\/fohlen-erziehen-die-verschiedenen-rollen-in-der-sozialisierung\/\">Sozialverhaltens.<\/a> Ein Geburtstermin im sp\u00e4ten Fr\u00fchjahr ist dagegen ideal. Dann kann das Fohlen bereits nach wenigen Tagen mit der Mutterstute auf die Weide.<\/p>\n<h2>Die ersten Tage im Leben eines Fohlens<\/h2>\n<p>In den ersten Tagen nach der Geburt des Fohlens entwickeln viele Stuten einen ausgepr\u00e4gten Besch\u00fctzerinstinkt. Diesen sollte man unbedingt ber\u00fccksichtigen, um die eigene Sicherheit und die der Pferde zu gew\u00e4hrleisten. Sind Stute und Fohlen in der Box, sollte man Abstand halten und sich immer zuerst der Mutterstute n\u00e4hern. So kann man an ihrem Verhalten beobachten, ob sie ein N\u00e4herkommen zum Fohlen zul\u00e4sst. Legt sie die Ohren an, dreht sie einem gar die Kruppe zu oder stellt sie sich besch\u00fctzend vor ihr Fohlen? Dann helfen nur Geduld und ein ruhiges, langsames Herangehen an die Stute. Auf der Weide kann man ebenfalls h\u00e4ufig beobachten, dass die Mutterstute ihr Neugeborenes in den ersten Tagen regelrecht von den Artgenossen abschirmt. So verst\u00e4ndlich der Wunsch ist, das Fohlen sofort zu streicheln \u2013 um sich selbst und die Pferde nicht zu gef\u00e4hrden, sollte man der Stute und ihrem Nachwuchs etwas Zeit lassen, bevor man das Fohlen zum ersten Mal ber\u00fchrt. Gerade in den ersten Tagen ist die Entwicklung der Mutter-Kind-Bindung besonders wichtig. Erfahrene Z\u00fcchter:innen lassen daher die Stute mit dem neugeborenen Fohlen erst nach ein paar Tagen zur\u00fcck in die Weidegruppe.<\/p>\n<h2>Sicher und gesund aufwachsen<\/h2>\n<p>Bewegung, frische Luft, ausreichend Muttermilch und Sozialkontakte \u2013 das sind die wichtigsten Faktoren, damit ein Fohlen in den ersten Lebenswochen sicher, gesund und artgerecht aufwachsen kann. Im Idealfall ist das Fohlen z\u00fcgig nach der Geburt t\u00e4glich mit der Mutter und weiteren Stuten-Fohlen-Paaren auf der Weide. Gerade in den ersten Tagen h\u00e4lt sich der Nachwuchs eng an die Mutterstute. Im Hinblick auf die Sicherheit ist dies ganz entscheidend: Dadurch, dass das Fohlen der Mutter auf dem Weg von der Box zur Weide und auch dort dicht folgt, lernt es, Gefahren und Begrenzungen zum Beispiel bei engeren Wegen, am Gatter oder am Weidezaun\u00a0 einzusch\u00e4tzen. So wird das Verletzungsrisiko beim vierbeinigen Nachwuchs gering gehalten.<\/p>\n<p>Merke: Den gr\u00f6\u00dften Anteil der Erziehungsarbeit eines Fohlens sollten in seinen ersten Lebensmonaten zun\u00e4chst die Mutterstute und die Herde \u00fcbernehmen, nicht der Mensch!<\/p>\n\n<div class=\"related_articles boxed\">\n    <h2>Mehr zum Thema<\/h2>\n    \n    <div class=\"wrapper\"><div class=\"title align-center\"><h3><a href=\"https:\/\/uelzener.de\/magazin\/pferd\/erziehung-und-training\/fohlen-erziehen-die-verschiedenen-rollen-in-der-sozialisierung\/\">Fohlen erziehen: Die verschiedenen Rollen in der Sozialisierung<\/a><\/h3><\/div><div class=\"img align-center\"><img decoding=\"async\" width=\"315\" height=\"180\" src=\"https:\/\/uelzener.de\/magazin\/app\/uploads\/2022\/05\/Fohlen-erziehen-315x180.jpg\" class=\"attachment-315x180 size-315x180 wp-post-image\" alt=\"Fohlen liegt mit Herde auf der Weide, eine fr\u00fche Erziehung ist wichtig.\" \/><\/div><\/div><div class=\"wrapper\"><div class=\"title align-center\"><h3><a href=\"https:\/\/uelzener.de\/magazin\/pferd\/haeufige-fragen\/pferd-traechtig-wissenswertes-pflege-ernaehrung-vorsorge\/\">Pferd tr\u00e4chtig? Wissenswertes zu Pflege, Ern\u00e4hrung und Vorsorge<\/a><\/h3><\/div><div class=\"img align-center\"><img decoding=\"async\" width=\"315\" height=\"180\" src=\"https:\/\/uelzener.de\/magazin\/app\/uploads\/2023\/04\/pferd-traechtig-315x180.jpg\" class=\"attachment-315x180 size-315x180 wp-post-image\" alt=\"Tr\u00e4chtiges Pferd steht auf einer gr\u00fcnen Wiese.\" \/><\/div><\/div><\/div>\n\n<h2>Fohlen an den Menschen gew\u00f6hnen<\/h2>\n<p>Schon ein paar Tage nach der Geburt kann man beginnen, das Fohlen an den Menschen zu gew\u00f6hnen. Wichtig dabei ist, mit dem Fohlen stets so umzugehen, wie es das aus der Herde kennt. Ruhiges Ansprechen, langsame Bewegungen, allm\u00e4hliches Ann\u00e4hern sollten die ersten Ziele sein. Feste Bezugspersonen helfen, das Vertrauen in den Menschen aufzubauen und zu stabilisieren. Manche Z\u00fcchter:innen beginnen mit der Gew\u00f6hnung an die Ber\u00fchrung des Menschen in der Box. Sie suchen sich einen festen Platz in der Box, machen sich klein, indem sie sich zum Beispiel hinhocken, und nutzen die nat\u00fcrliche Neugier des Fohlens f\u00fcr eine vertrauensvolle Ann\u00e4herung. Nach ein paar Tagen ist es meist problemlos m\u00f6glich, auf das Fohlen zuzugehen und es zu ber\u00fchren.<\/p>\n<h2>Sicher durch die Fohlenzeit<\/h2>\n<p>Einen wesentlichen Punkt sollten Fohlenbesitzer:innen in puncto Sicherheit nicht aus den Augen verlieren \u2013 und das ist die Pferdehalter-Haftpflichtversicherung. Wenn man selbst Besitzer:in der Mutterstute ist und f\u00fcr diese bereits eine Versicherung besteht, ist das Fohlen zun\u00e4chst bis zum vollendeten zw\u00f6lften Lebensmonat bei der Uelzener beitragsfrei mitversichert. Kauft man ein Fohlen oder einen Absetzer, muss dagegen unabh\u00e4ngig vom Alter sofort eine Versicherung abgeschlossen werden.<\/p>\n\n<div class=\"banner\">\n    <a href=\"https:\/\/uelzener.de\/pferd\/pferde-haftpflichtversicherung\/?agt=0000104925&sem=true&utm_medium=magazin&utm_source=wordpress&utm_campaign=pferd_haf&utm_content=banner\">\n        <img decoding=\"async\" width=\"300\" height=\"212\" src=\"https:\/\/uelzener.de\/magazin\/app\/uploads\/2025\/01\/Pferdehalter-Haftpflicht-Versicherung.jpg\" class=\"attachment-medium size-medium\" alt=\"Banner Pferdehalter-Haftpflicht-Versicherung\" \/>    <\/a>\n<\/div>\n\n","protected":false},"excerpt":{"rendered":"<p>Den Traum vom eigenen Fohlen haben viele Pferdehalter:innen. Doch was gilt es bei Haltung und Erziehung des Nachwuchs zu bedenken? Wie gestaltet man die ersten Tage, Wochen und Monate pferdegerecht \u2013 und noch dazu sicher? Gesundes und sicheres Aufwachsen eines Fohlens beginnt schon mit dem Zeitpunkt der Geburt. F\u00e4llt der Tag, an dem der Nachwuchs [&hellip;]<\/p>\n","protected":false},"author":11,"featured_media":12941,"parent":11689,"menu_order":45,"comment_status":"closed","ping_status":"closed","template":"templates\/blog.php","meta":{"_acf_changed":false,"_crdt_document":"","footnotes":"","beyondwords_generate_audio":"0","beyondwords_project_id":"","beyondwords_content_id":"","beyondwords_preview_token":"","beyondwords_player_style":"","beyondwords_language_id":"","beyondwords_title_voice_id":"","beyondwords_body_voice_id":"","beyondwords_summary_voice_id":"","beyondwords_error_message":"","beyondwords_disabled":"","beyondwords_delete_content":"","beyondwords_podcast_id":"","beyondwords_hash":"","publish_post_to_speechkit":"","speechkit_hash":"","speechkit_generate_audio":"","speechkit_project_id":"","speechkit_podcast_id":"","speechkit_error_message":"","speechkit_disabled":"","speechkit_access_key":"","speechkit_error":"","speechkit_info":"","speechkit_response":"","speechkit_retries":"","speechkit_status":"","speechkit_updated_at":"","_speechkit_link":"","_speechkit_text":""},"class_list":["post-12938","page","type-page","status-publish","has-post-thumbnail","hentry"],"acf":[],"yoast_head":"<!-- This site is optimized with the Yoast SEO Premium plugin  - https:\/\/yoast.com\/product\/yoast-seo-premium-wordpress\/ -->\n<title>Fohlen sicher aufwachsen lassen | Uelzener<\/title>\n<meta name=\"description\" content=\"Den Traum vom eigenen Fohlen haben viele Pferdehalter:innen. Doch was gilt es zu bedenken bei Haltung und Erziehung des Nachwuchs?\" \/>\n<meta name=\"robots\" content=\"index, follow, max-snippet:-1, max-image-preview:large, max-video-preview:-1\" \/>\n<link rel=\"canonical\" href=\"https:\/\/uelzener.de\/magazin\/pferd\/erziehung-und-training\/fohlen-sicher-aufwachsen-lassen\/\" \/>\n<meta property=\"og:locale\" content=\"de_DE\" \/>\n<meta property=\"og:type\" content=\"article\" \/>\n<meta property=\"og:title\" content=\"Fohlen sicher aufwachsen lassen\" \/>\n<meta property=\"og:description\" content=\"Den Traum vom eigenen Fohlen haben viele Pferdehalter:innen. Doch was gilt es zu bedenken bei Haltung und Erziehung des Nachwuchs?\" \/>\n<meta property=\"og:url\" content=\"https:\/\/uelzener.de\/magazin\/pferd\/erziehung-und-training\/fohlen-sicher-aufwachsen-lassen\/\" \/>\n<meta property=\"og:site_name\" content=\"Uelzener Tier-Magazin\" \/>\n<meta property=\"article:publisher\" content=\"https:\/\/www.facebook.com\/Uelzener\" \/>\n<meta property=\"article:modified_time\" content=\"2025-09-03T10:57:35+00:00\" \/>\n<meta property=\"og:image\" content=\"https:\/\/uelzener.de\/magazin\/app\/uploads\/2021\/12\/Fohlen_aufwachsen-1.jpg\" \/>\n\t<meta property=\"og:image:width\" content=\"1024\" \/>\n\t<meta property=\"og:image:height\" content=\"450\" \/>\n\t<meta property=\"og:image:type\" content=\"image\/jpeg\" \/>\n<meta name=\"twitter:card\" content=\"summary_large_image\" \/>\n<meta name=\"twitter:label1\" content=\"Gesch\u00e4tzte Lesezeit\" \/>\n\t<meta name=\"twitter:data1\" content=\"4\u00a0Minuten\" \/>\n<script type=\"application\/ld+json\" class=\"yoast-schema-graph\">{\"@context\":\"https:\/\/schema.org\",\"@graph\":[{\"@type\":\"WebPage\",\"@id\":\"https:\/\/uelzener.de\/magazin\/pferd\/erziehung-und-training\/fohlen-sicher-aufwachsen-lassen\/\",\"url\":\"https:\/\/uelzener.de\/magazin\/pferd\/erziehung-und-training\/fohlen-sicher-aufwachsen-lassen\/\",\"name\":\"Fohlen sicher aufwachsen lassen | Uelzener\",\"isPartOf\":{\"@id\":\"https:\/\/uelzener.de\/magazin\/#website\"},\"primaryImageOfPage\":{\"@id\":\"https:\/\/uelzener.de\/magazin\/pferd\/erziehung-und-training\/fohlen-sicher-aufwachsen-lassen\/#primaryimage\"},\"image\":{\"@id\":\"https:\/\/uelzener.de\/magazin\/pferd\/erziehung-und-training\/fohlen-sicher-aufwachsen-lassen\/#primaryimage\"},\"thumbnailUrl\":\"https:\/\/uelzener.de\/magazin\/app\/uploads\/2021\/12\/Fohlen_aufwachsen-1.jpg\",\"datePublished\":\"2022-04-07T09:13:46+00:00\",\"dateModified\":\"2025-09-03T10:57:35+00:00\",\"description\":\"Den Traum vom eigenen Fohlen haben viele Pferdehalter:innen. Doch was gilt es zu bedenken bei Haltung und Erziehung des Nachwuchs?\",\"breadcrumb\":{\"@id\":\"https:\/\/uelzener.de\/magazin\/pferd\/erziehung-und-training\/fohlen-sicher-aufwachsen-lassen\/#breadcrumb\"},\"inLanguage\":\"de\",\"potentialAction\":[{\"@type\":\"ReadAction\",\"target\":[\"https:\/\/uelzener.de\/magazin\/pferd\/erziehung-und-training\/fohlen-sicher-aufwachsen-lassen\/\"]}]},{\"@type\":\"ImageObject\",\"inLanguage\":\"de\",\"@id\":\"https:\/\/uelzener.de\/magazin\/pferd\/erziehung-und-training\/fohlen-sicher-aufwachsen-lassen\/#primaryimage\",\"url\":\"https:\/\/uelzener.de\/magazin\/app\/uploads\/2021\/12\/Fohlen_aufwachsen-1.jpg\",\"contentUrl\":\"https:\/\/uelzener.de\/magazin\/app\/uploads\/2021\/12\/Fohlen_aufwachsen-1.jpg\",\"width\":1024,\"height\":450,\"caption\":\"braune Stute legt ihren Kopf sch\u00fctzend auf den R\u00fccken des Fohlens.\"},{\"@type\":\"WebSite\",\"@id\":\"https:\/\/uelzener.de\/magazin\/#website\",\"url\":\"https:\/\/uelzener.de\/magazin\/\",\"name\":\"Uelzener Tiermagazin\",\"description\":\"Online Tierratgeber der Uelzener Versicherungen\",\"publisher\":{\"@id\":\"https:\/\/uelzener.de\/magazin\/#organization\"},\"potentialAction\":[{\"@type\":\"SearchAction\",\"target\":{\"@type\":\"EntryPoint\",\"urlTemplate\":\"https:\/\/uelzener.de\/magazin\/?s={search_term_string}\"},\"query-input\":{\"@type\":\"PropertyValueSpecification\",\"valueRequired\":true,\"valueName\":\"search_term_string\"}}],\"inLanguage\":\"de\"},{\"@type\":\"Organization\",\"@id\":\"https:\/\/uelzener.de\/magazin\/#organization\",\"name\":\"Uelzener Versicherungen\",\"url\":\"https:\/\/uelzener.de\/magazin\/\",\"logo\":{\"@type\":\"ImageObject\",\"inLanguage\":\"de\",\"@id\":\"https:\/\/uelzener.de\/magazin\/#\/schema\/logo\/image\/\",\"url\":\"https:\/\/uelzener.de\/magazin\/app\/uploads\/2024\/11\/uelzener_allgemeine_versicherungsgesellschaft_a_g_logo.jpg\",\"contentUrl\":\"https:\/\/uelzener.de\/magazin\/app\/uploads\/2024\/11\/uelzener_allgemeine_versicherungsgesellschaft_a_g_logo.jpg\",\"width\":200,\"height\":200,\"caption\":\"Uelzener Versicherungen\"},\"image\":{\"@id\":\"https:\/\/uelzener.de\/magazin\/#\/schema\/logo\/image\/\"},\"sameAs\":[\"https:\/\/www.facebook.com\/Uelzener\",\"https:\/\/instagram.com\/uelzener\",\"https:\/\/www.xing.com\/pages\/uelzenerallgemeineversicherungs-gesellschafta-g\",\"https:\/\/www.youtube.com\/UelzenerVersicherungen\"]}]}<\/script>\n<!-- \/ Yoast SEO Premium plugin. -->","yoast_head_json":{"title":"Fohlen sicher aufwachsen lassen | Uelzener","description":"Den Traum vom eigenen Fohlen haben viele Pferdehalter:innen. Doch was gilt es zu bedenken bei Haltung und Erziehung des Nachwuchs?","robots":{"index":"index","follow":"follow","max-snippet":"max-snippet:-1","max-image-preview":"max-image-preview:large","max-video-preview":"max-video-preview:-1"},"canonical":"https:\/\/uelzener.de\/magazin\/pferd\/erziehung-und-training\/fohlen-sicher-aufwachsen-lassen\/","og_locale":"de_DE","og_type":"article","og_title":"Fohlen sicher aufwachsen lassen","og_description":"Den Traum vom eigenen Fohlen haben viele Pferdehalter:innen. Doch was gilt es zu bedenken bei Haltung und Erziehung des Nachwuchs?","og_url":"https:\/\/uelzener.de\/magazin\/pferd\/erziehung-und-training\/fohlen-sicher-aufwachsen-lassen\/","og_site_name":"Uelzener Tier-Magazin","article_publisher":"https:\/\/www.facebook.com\/Uelzener","article_modified_time":"2025-09-03T10:57:35+00:00","og_image":[{"width":1024,"height":450,"url":"https:\/\/uelzener.de\/magazin\/app\/uploads\/2021\/12\/Fohlen_aufwachsen-1.jpg","type":"image\/jpeg"}],"twitter_card":"summary_large_image","twitter_misc":{"Gesch\u00e4tzte Lesezeit":"4\u00a0Minuten"},"schema":{"@context":"https:\/\/schema.org","@graph":[{"@type":"WebPage","@id":"https:\/\/uelzener.de\/magazin\/pferd\/erziehung-und-training\/fohlen-sicher-aufwachsen-lassen\/","url":"https:\/\/uelzener.de\/magazin\/pferd\/erziehung-und-training\/fohlen-sicher-aufwachsen-lassen\/","name":"Fohlen sicher aufwachsen lassen | Uelzener","isPartOf":{"@id":"https:\/\/uelzener.de\/magazin\/#website"},"primaryImageOfPage":{"@id":"https:\/\/uelzener.de\/magazin\/pferd\/erziehung-und-training\/fohlen-sicher-aufwachsen-lassen\/#primaryimage"},"image":{"@id":"https:\/\/uelzener.de\/magazin\/pferd\/erziehung-und-training\/fohlen-sicher-aufwachsen-lassen\/#primaryimage"},"thumbnailUrl":"https:\/\/uelzener.de\/magazin\/app\/uploads\/2021\/12\/Fohlen_aufwachsen-1.jpg","datePublished":"2022-04-07T09:13:46+00:00","dateModified":"2025-09-03T10:57:35+00:00","description":"Den Traum vom eigenen Fohlen haben viele Pferdehalter:innen. Doch was gilt es zu bedenken bei Haltung und Erziehung des Nachwuchs?","breadcrumb":{"@id":"https:\/\/uelzener.de\/magazin\/pferd\/erziehung-und-training\/fohlen-sicher-aufwachsen-lassen\/#breadcrumb"},"inLanguage":"de","potentialAction":[{"@type":"ReadAction","target":["https:\/\/uelzener.de\/magazin\/pferd\/erziehung-und-training\/fohlen-sicher-aufwachsen-lassen\/"]}]},{"@type":"ImageObject","inLanguage":"de","@id":"https:\/\/uelzener.de\/magazin\/pferd\/erziehung-und-training\/fohlen-sicher-aufwachsen-lassen\/#primaryimage","url":"https:\/\/uelzener.de\/magazin\/app\/uploads\/2021\/12\/Fohlen_aufwachsen-1.jpg","contentUrl":"https:\/\/uelzener.de\/magazin\/app\/uploads\/2021\/12\/Fohlen_aufwachsen-1.jpg","width":1024,"height":450,"caption":"braune Stute legt ihren Kopf sch\u00fctzend auf den R\u00fccken des Fohlens."},{"@type":"WebSite","@id":"https:\/\/uelzener.de\/magazin\/#website","url":"https:\/\/uelzener.de\/magazin\/","name":"Uelzener Tiermagazin","description":"Online Tierratgeber der Uelzener Versicherungen","publisher":{"@id":"https:\/\/uelzener.de\/magazin\/#organization"},"potentialAction":[{"@type":"SearchAction","target":{"@type":"EntryPoint","urlTemplate":"https:\/\/uelzener.de\/magazin\/?s={search_term_string}"},"query-input":{"@type":"PropertyValueSpecification","valueRequired":true,"valueName":"search_term_string"}}],"inLanguage":"de"},{"@type":"Organization","@id":"https:\/\/uelzener.de\/magazin\/#organization","name":"Uelzener Versicherungen","url":"https:\/\/uelzener.de\/magazin\/","logo":{"@type":"ImageObject","inLanguage":"de","@id":"https:\/\/uelzener.de\/magazin\/#\/schema\/logo\/image\/","url":"https:\/\/uelzener.de\/magazin\/app\/uploads\/2024\/11\/uelzener_allgemeine_versicherungsgesellschaft_a_g_logo.jpg","contentUrl":"https:\/\/uelzener.de\/magazin\/app\/uploads\/2024\/11\/uelzener_allgemeine_versicherungsgesellschaft_a_g_logo.jpg","width":200,"height":200,"caption":"Uelzener Versicherungen"},"image":{"@id":"https:\/\/uelzener.de\/magazin\/#\/schema\/logo\/image\/"},"sameAs":["https:\/\/www.facebook.com\/Uelzener","https:\/\/instagram.com\/uelzener","https:\/\/www.xing.com\/pages\/uelzenerallgemeineversicherungs-gesellschafta-g","https:\/\/www.youtube.com\/UelzenerVersicherungen"]}]}},"_links":{"self":[{"href":"https:\/\/uelzener.de\/magazin\/wp-json\/wp\/v2\/pages\/12938","targetHints":{"allow":["GET"]}}],"collection":[{"href":"https:\/\/uelzener.de\/magazin\/wp-json\/wp\/v2\/pages"}],"about":[{"href":"https:\/\/uelzener.de\/magazin\/wp-json\/wp\/v2\/types\/page"}],"author":[{"embeddable":true,"href":"https:\/\/uelzener.de\/magazin\/wp-json\/wp\/v2\/users\/11"}],"replies":[{"embeddable":true,"href":"https:\/\/uelzener.de\/magazin\/wp-json\/wp\/v2\/comments?post=12938"}],"version-history":[{"count":8,"href":"https:\/\/uelzener.de\/magazin\/wp-json\/wp\/v2\/pages\/12938\/revisions"}],"predecessor-version":[{"id":19126,"href":"https:\/\/uelzener.de\/magazin\/wp-json\/wp\/v2\/pages\/12938\/revisions\/19126"}],"up":[{"embeddable":true,"href":"https:\/\/uelzener.de\/magazin\/wp-json\/wp\/v2\/pages\/11689"}],"wp:featuredmedia":[{"embeddable":true,"href":"https:\/\/uelzener.de\/magazin\/wp-json\/wp\/v2\/media\/12941"}],"wp:attachment":[{"href":"https:\/\/uelzener.de\/magazin\/wp-json\/wp\/v2\/media?parent=12938"}],"curies":[{"name":"wp","href":"https:\/\/api.w.org\/{rel}","templated":true}]}}