{"id":12933,"date":"2021-12-07T10:16:44","date_gmt":"2021-12-07T09:16:44","guid":{"rendered":"https:\/\/uelzener.de\/magazin\/?page_id=12933"},"modified":"2021-12-08T11:06:59","modified_gmt":"2021-12-08T10:06:59","slug":"mein-hund-bettelt","status":"publish","type":"page","link":"https:\/\/uelzener.de\/magazin\/hund\/erziehung-und-training\/mein-hund-bettelt\/","title":{"rendered":"Mein Hund bettelt"},"content":{"rendered":"<p>Ein Hund, der \u2013 sobald etwas Essbares auftaucht \u2013 beharrlich bettelt, kann ganz sch\u00f6n l\u00e4stig sein. Hunde entwickeln dabei unterschiedliche Strategien. Einige Vierbeiner bedr\u00e4ngen ihre Besitzer:innen ganz unverfroren k\u00f6rperlich und krabbeln fast auf deren Scho\u00df, um dem Essen so nah wie m\u00f6glich zu kommen. Andere haben sich auf hypnotisierende Blicke spezialisiert, sodass der Mensch sich herzlos und schuldig f\u00fchlt, dem armen Tier nichts abzugeben. Besonders beliebt sind diejenigen Bettler, denen beim Anblick des Essens die Kontrolle \u00fcber den Speichelfluss abhandenkommt. Unabh\u00e4ngig von den verschiedenen Strategien, welche Hunde anwenden, haben die Bettler eine Gemeinsamkeit: Sie haben mit ihrem Verhalten Erfolg oder \u2013 und das reicht schon \u2013 sie haben damit zumindest ab und an Erfolg gehabt. Hunde sehen das sportlich. Wenn die Chance besteht, dass sie ihr Ziel erreichen, k\u00f6nnen die felligen Partner recht ausdauernd sein. Und \u2013 dies ist ein wichtiger Punkt \u2013 das Verhalten des Menschen ist meist so unklar, dass sie gar nicht verstehen, wie unerw\u00fcnscht die Bettelei ist.<\/p>\n<h2>\u201eEin bisschen betteln gibt es nicht\u201c<\/h2>\n<p>Sucht man nach Abhilfe, sollte man sich dar\u00fcber im Klaren sein, was man wirklich m\u00f6chte. Ein bisschen betteln geht nicht. Findet man das auch nur ein klitzekleines bisschen s\u00fc\u00df und r\u00fcckt von Zeit zu Zeit ein St\u00fcckchen K\u00e4se raus, dann wird der Hund genau so weitermachen. Ist das Verhalten doch mal nicht erw\u00fcnscht, reagieren Herrchen und Frauchen meist mit Ablehnung. Gegen\u00fcber dem Tier ist dies ein unfaires Verhalten, denn der Vierbeiner versteht diese Reaktion nicht. Hundehalter brauchen also einen eisernen Willen und einen guten Plan, um die Bettelei zu beenden und f\u00fcr Hund und Mensch ein positives Erlebnis zu schaffen.<\/p>\n<h2>\u201eAkute Ablehnung des Verhaltens f\u00fchrt zum Gegenteil\u201c<\/h2>\n<p>Der Schl\u00fcssel hierzu ist das Abfragen eines Alternativverhaltens, das f\u00fcr den Hund Erfolg versprechend ist. Schieben wir den hungrigen Vierbeiner nur entschlossen und bestimmt von uns weg, w\u00e4hrend wir ihm mitteilen, dass ab heute alles anders l\u00e4uft, reagiert der Vierbeiner oft mit dem Gegenteil. Er wird den Menschen noch mehr bedr\u00e4ngen. Je mehr wir ihn wegschieben, desto dichter versucht er zu kommen \u2013 k\u00f6rperlich und mental! Das Problem ist, dass der Hund auf diese Weise zwar die Ablehnung sp\u00fcrt, aber keine Handlungsalternative erkennt.<\/p>\n<h2>\u201eGeduldiges Training lohnt sich\u201c<\/h2>\n<p>Viel besser und Erfolg versprechender ist es, eine Alternativhandlung zu verlangen, anstatt ein Unterlassen zu fordern. Man k\u00f6nnte dem Hund zum Beispiel eine Decke bereitlegen und ihn bestimmt, aber freundlich anweisen, sich dort hinzulegen. Liegt er auf der Decke, wird er begeistert gelobt und belohnt \u2013 nicht mit Essen vom Tisch, sondern mit Hundefutterbr\u00f6ckchen. In der ersten Zeit muss der Hund noch genau beobachtet und sofort freundlich und bestimmt korrigiert werden. Insbesondere in der Anfangszeit sollte das brave Liegen immer wieder in kurzen Zeitabst\u00e4nden best\u00e4tigt werden. Es lohnt sich folglich f\u00fcr den Hund, auf der Decke zu bleiben. Er bekommt Aufmerksamkeit und Belohnung. Das geduldige Training wird sich auszahlen. Die Best\u00e4tigungsabst\u00e4nde kann man nach und nach verl\u00e4ngern und irgendwann wird es ausreichen, wenn der Hund einfach neben dem Tisch abgelegt und gelobt wird. Denn jeder Hund m\u00f6chte ein guter Hund sein und ist gl\u00fccklich, wenn er seinen Menschen stolz und zufrieden macht. Und dabei muss man ihm manchmal ein bisschen helfen.<\/p>\n<hr \/>\n<p>&nbsp;<\/p>\n<p>zur Autorin:<\/p>\n<p class=\"p1\"><strong>Karen Uecker<\/strong><\/p>\n<p class=\"p1\">Die studierte Juristin besch\u00e4ftigt sich seit vielen Jahren mit der Ausbildung von Hunden und Pferden. Sie gibt europaweit Kurse, zeigt das K\u00f6nnen ihrer Hunde auf Show-veranstaltungen und schreibt erfolgreich Ratgeber zum Training von Hund und Pferd.<\/p>\n","protected":false},"excerpt":{"rendered":"<p>Ein Hund, der \u2013 sobald etwas Essbares auftaucht \u2013 beharrlich bettelt, kann ganz sch\u00f6n l\u00e4stig sein. Hunde entwickeln dabei unterschiedliche Strategien. Einige Vierbeiner bedr\u00e4ngen ihre Besitzer:innen ganz unverfroren k\u00f6rperlich und krabbeln fast auf deren Scho\u00df, um dem Essen so nah wie m\u00f6glich zu kommen. Andere haben sich auf hypnotisierende Blicke spezialisiert, sodass der Mensch sich [&hellip;]<\/p>\n","protected":false},"author":11,"featured_media":12935,"parent":11679,"menu_order":39,"comment_status":"closed","ping_status":"closed","template":"templates\/blog.php","meta":{"_acf_changed":false,"_crdt_document":"","footnotes":"","beyondwords_generate_audio":"","beyondwords_project_id":"","beyondwords_content_id":"","beyondwords_preview_token":"","beyondwords_player_style":"","beyondwords_language_id":"","beyondwords_title_voice_id":"","beyondwords_body_voice_id":"","beyondwords_summary_voice_id":"","beyondwords_error_message":"","beyondwords_disabled":"","beyondwords_delete_content":"","beyondwords_podcast_id":"","beyondwords_hash":"","publish_post_to_speechkit":"","speechkit_hash":"","speechkit_generate_audio":"","speechkit_project_id":"","speechkit_podcast_id":"","speechkit_error_message":"","speechkit_disabled":"","speechkit_access_key":"","speechkit_error":"","speechkit_info":"","speechkit_response":"","speechkit_retries":"","speechkit_status":"","speechkit_updated_at":"","_speechkit_link":"","_speechkit_text":""},"class_list":["post-12933","page","type-page","status-publish","has-post-thumbnail","hentry"],"acf":[],"yoast_head":"<!-- This site is optimized with the Yoast SEO Premium plugin  - https:\/\/yoast.com\/product\/yoast-seo-premium-wordpress\/ -->\n<title>Mein Hund bettelt | Uelzener<\/title>\n<meta name=\"description\" content=\"Wenn der Hund unterm Tisch sitzt und bettelt, kann das ganz sch\u00f6n nerven. Wir zeigen auf, wie Du deinem Hund das Betteln abtrainieren kannst.\" \/>\n<meta name=\"robots\" content=\"index, follow, max-snippet:-1, max-image-preview:large, max-video-preview:-1\" \/>\n<link rel=\"canonical\" href=\"https:\/\/uelzener.de\/magazin\/hund\/erziehung-und-training\/mein-hund-bettelt\/\" \/>\n<meta property=\"og:locale\" content=\"de_DE\" \/>\n<meta property=\"og:type\" content=\"article\" \/>\n<meta property=\"og:title\" content=\"Mein Hund bettelt\" \/>\n<meta property=\"og:description\" content=\"Wenn der Hund unterm Tisch sitzt und bettelt, kann das ganz sch\u00f6n nerven. Wir zeigen auf, wie Du deinem Hund das Betteln abtrainieren kannst.\" \/>\n<meta property=\"og:url\" content=\"https:\/\/uelzener.de\/magazin\/hund\/erziehung-und-training\/mein-hund-bettelt\/\" \/>\n<meta property=\"og:site_name\" content=\"Uelzener Tier-Magazin\" \/>\n<meta property=\"article:publisher\" content=\"https:\/\/www.facebook.com\/Uelzener\" \/>\n<meta property=\"article:modified_time\" content=\"2021-12-08T10:06:59+00:00\" \/>\n<meta property=\"og:image\" content=\"https:\/\/uelzener.de\/magazin\/app\/uploads\/2021\/12\/Hunde_betteln.jpg\" \/>\n\t<meta property=\"og:image:width\" content=\"1024\" \/>\n\t<meta property=\"og:image:height\" content=\"450\" \/>\n\t<meta property=\"og:image:type\" content=\"image\/jpeg\" \/>\n<meta name=\"twitter:card\" content=\"summary_large_image\" \/>\n<meta name=\"twitter:label1\" content=\"Gesch\u00e4tzte Lesezeit\" \/>\n\t<meta name=\"twitter:data1\" content=\"3\u00a0Minuten\" \/>\n<script type=\"application\/ld+json\" class=\"yoast-schema-graph\">{\"@context\":\"https:\\\/\\\/schema.org\",\"@graph\":[{\"@type\":\"WebPage\",\"@id\":\"https:\\\/\\\/uelzener.de\\\/magazin\\\/hund\\\/erziehung-und-training\\\/mein-hund-bettelt\\\/\",\"url\":\"https:\\\/\\\/uelzener.de\\\/magazin\\\/hund\\\/erziehung-und-training\\\/mein-hund-bettelt\\\/\",\"name\":\"Mein Hund bettelt | Uelzener\",\"isPartOf\":{\"@id\":\"https:\\\/\\\/uelzener.de\\\/magazin\\\/#website\"},\"primaryImageOfPage\":{\"@id\":\"https:\\\/\\\/uelzener.de\\\/magazin\\\/hund\\\/erziehung-und-training\\\/mein-hund-bettelt\\\/#primaryimage\"},\"image\":{\"@id\":\"https:\\\/\\\/uelzener.de\\\/magazin\\\/hund\\\/erziehung-und-training\\\/mein-hund-bettelt\\\/#primaryimage\"},\"thumbnailUrl\":\"https:\\\/\\\/uelzener.de\\\/magazin\\\/app\\\/uploads\\\/2021\\\/12\\\/Hunde_betteln.jpg\",\"datePublished\":\"2021-12-07T09:16:44+00:00\",\"dateModified\":\"2021-12-08T10:06:59+00:00\",\"description\":\"Wenn der Hund unterm Tisch sitzt und bettelt, kann das ganz sch\u00f6n nerven. Wir zeigen auf, wie Du deinem Hund das Betteln abtrainieren kannst.\",\"breadcrumb\":{\"@id\":\"https:\\\/\\\/uelzener.de\\\/magazin\\\/hund\\\/erziehung-und-training\\\/mein-hund-bettelt\\\/#breadcrumb\"},\"inLanguage\":\"de\",\"potentialAction\":[{\"@type\":\"ReadAction\",\"target\":[\"https:\\\/\\\/uelzener.de\\\/magazin\\\/hund\\\/erziehung-und-training\\\/mein-hund-bettelt\\\/\"]}]},{\"@type\":\"ImageObject\",\"inLanguage\":\"de\",\"@id\":\"https:\\\/\\\/uelzener.de\\\/magazin\\\/hund\\\/erziehung-und-training\\\/mein-hund-bettelt\\\/#primaryimage\",\"url\":\"https:\\\/\\\/uelzener.de\\\/magazin\\\/app\\\/uploads\\\/2021\\\/12\\\/Hunde_betteln.jpg\",\"contentUrl\":\"https:\\\/\\\/uelzener.de\\\/magazin\\\/app\\\/uploads\\\/2021\\\/12\\\/Hunde_betteln.jpg\",\"width\":1024,\"height\":450,\"caption\":\"zwei Westhigland Terrier liegen betteln vor den F\u00fc\u00dfen des Herrchens, welches einen Keks in der Hand h\u00e4lt.\"},{\"@type\":\"WebSite\",\"@id\":\"https:\\\/\\\/uelzener.de\\\/magazin\\\/#website\",\"url\":\"https:\\\/\\\/uelzener.de\\\/magazin\\\/\",\"name\":\"Uelzener Tiermagazin\",\"description\":\"Online Tierratgeber der Uelzener Versicherungen\",\"publisher\":{\"@id\":\"https:\\\/\\\/uelzener.de\\\/magazin\\\/#organization\"},\"potentialAction\":[{\"@type\":\"SearchAction\",\"target\":{\"@type\":\"EntryPoint\",\"urlTemplate\":\"https:\\\/\\\/uelzener.de\\\/magazin\\\/?s={search_term_string}\"},\"query-input\":{\"@type\":\"PropertyValueSpecification\",\"valueRequired\":true,\"valueName\":\"search_term_string\"}}],\"inLanguage\":\"de\"},{\"@type\":\"Organization\",\"@id\":\"https:\\\/\\\/uelzener.de\\\/magazin\\\/#organization\",\"name\":\"Uelzener Versicherungen\",\"url\":\"https:\\\/\\\/uelzener.de\\\/magazin\\\/\",\"logo\":{\"@type\":\"ImageObject\",\"inLanguage\":\"de\",\"@id\":\"https:\\\/\\\/uelzener.de\\\/magazin\\\/#\\\/schema\\\/logo\\\/image\\\/\",\"url\":\"https:\\\/\\\/uelzener.de\\\/magazin\\\/app\\\/uploads\\\/2024\\\/11\\\/uelzener_allgemeine_versicherungsgesellschaft_a_g_logo.jpg\",\"contentUrl\":\"https:\\\/\\\/uelzener.de\\\/magazin\\\/app\\\/uploads\\\/2024\\\/11\\\/uelzener_allgemeine_versicherungsgesellschaft_a_g_logo.jpg\",\"width\":200,\"height\":200,\"caption\":\"Uelzener Versicherungen\"},\"image\":{\"@id\":\"https:\\\/\\\/uelzener.de\\\/magazin\\\/#\\\/schema\\\/logo\\\/image\\\/\"},\"sameAs\":[\"https:\\\/\\\/www.facebook.com\\\/Uelzener\",\"https:\\\/\\\/instagram.com\\\/uelzener\",\"https:\\\/\\\/www.xing.com\\\/pages\\\/uelzenerallgemeineversicherungs-gesellschafta-g\",\"https:\\\/\\\/www.youtube.com\\\/UelzenerVersicherungen\"]}]}<\/script>\n<!-- \/ Yoast SEO Premium plugin. -->","yoast_head_json":{"title":"Mein Hund bettelt | Uelzener","description":"Wenn der Hund unterm Tisch sitzt und bettelt, kann das ganz sch\u00f6n nerven. Wir zeigen auf, wie Du deinem Hund das Betteln abtrainieren kannst.","robots":{"index":"index","follow":"follow","max-snippet":"max-snippet:-1","max-image-preview":"max-image-preview:large","max-video-preview":"max-video-preview:-1"},"canonical":"https:\/\/uelzener.de\/magazin\/hund\/erziehung-und-training\/mein-hund-bettelt\/","og_locale":"de_DE","og_type":"article","og_title":"Mein Hund bettelt","og_description":"Wenn der Hund unterm Tisch sitzt und bettelt, kann das ganz sch\u00f6n nerven. Wir zeigen auf, wie Du deinem Hund das Betteln abtrainieren kannst.","og_url":"https:\/\/uelzener.de\/magazin\/hund\/erziehung-und-training\/mein-hund-bettelt\/","og_site_name":"Uelzener Tier-Magazin","article_publisher":"https:\/\/www.facebook.com\/Uelzener","article_modified_time":"2021-12-08T10:06:59+00:00","og_image":[{"width":1024,"height":450,"url":"https:\/\/uelzener.de\/magazin\/app\/uploads\/2021\/12\/Hunde_betteln.jpg","type":"image\/jpeg"}],"twitter_card":"summary_large_image","twitter_misc":{"Gesch\u00e4tzte Lesezeit":"3\u00a0Minuten"},"schema":{"@context":"https:\/\/schema.org","@graph":[{"@type":"WebPage","@id":"https:\/\/uelzener.de\/magazin\/hund\/erziehung-und-training\/mein-hund-bettelt\/","url":"https:\/\/uelzener.de\/magazin\/hund\/erziehung-und-training\/mein-hund-bettelt\/","name":"Mein Hund bettelt | Uelzener","isPartOf":{"@id":"https:\/\/uelzener.de\/magazin\/#website"},"primaryImageOfPage":{"@id":"https:\/\/uelzener.de\/magazin\/hund\/erziehung-und-training\/mein-hund-bettelt\/#primaryimage"},"image":{"@id":"https:\/\/uelzener.de\/magazin\/hund\/erziehung-und-training\/mein-hund-bettelt\/#primaryimage"},"thumbnailUrl":"https:\/\/uelzener.de\/magazin\/app\/uploads\/2021\/12\/Hunde_betteln.jpg","datePublished":"2021-12-07T09:16:44+00:00","dateModified":"2021-12-08T10:06:59+00:00","description":"Wenn der Hund unterm Tisch sitzt und bettelt, kann das ganz sch\u00f6n nerven. Wir zeigen auf, wie Du deinem Hund das Betteln abtrainieren kannst.","breadcrumb":{"@id":"https:\/\/uelzener.de\/magazin\/hund\/erziehung-und-training\/mein-hund-bettelt\/#breadcrumb"},"inLanguage":"de","potentialAction":[{"@type":"ReadAction","target":["https:\/\/uelzener.de\/magazin\/hund\/erziehung-und-training\/mein-hund-bettelt\/"]}]},{"@type":"ImageObject","inLanguage":"de","@id":"https:\/\/uelzener.de\/magazin\/hund\/erziehung-und-training\/mein-hund-bettelt\/#primaryimage","url":"https:\/\/uelzener.de\/magazin\/app\/uploads\/2021\/12\/Hunde_betteln.jpg","contentUrl":"https:\/\/uelzener.de\/magazin\/app\/uploads\/2021\/12\/Hunde_betteln.jpg","width":1024,"height":450,"caption":"zwei Westhigland Terrier liegen betteln vor den F\u00fc\u00dfen des Herrchens, welches einen Keks in der Hand h\u00e4lt."},{"@type":"WebSite","@id":"https:\/\/uelzener.de\/magazin\/#website","url":"https:\/\/uelzener.de\/magazin\/","name":"Uelzener Tiermagazin","description":"Online Tierratgeber der Uelzener Versicherungen","publisher":{"@id":"https:\/\/uelzener.de\/magazin\/#organization"},"potentialAction":[{"@type":"SearchAction","target":{"@type":"EntryPoint","urlTemplate":"https:\/\/uelzener.de\/magazin\/?s={search_term_string}"},"query-input":{"@type":"PropertyValueSpecification","valueRequired":true,"valueName":"search_term_string"}}],"inLanguage":"de"},{"@type":"Organization","@id":"https:\/\/uelzener.de\/magazin\/#organization","name":"Uelzener Versicherungen","url":"https:\/\/uelzener.de\/magazin\/","logo":{"@type":"ImageObject","inLanguage":"de","@id":"https:\/\/uelzener.de\/magazin\/#\/schema\/logo\/image\/","url":"https:\/\/uelzener.de\/magazin\/app\/uploads\/2024\/11\/uelzener_allgemeine_versicherungsgesellschaft_a_g_logo.jpg","contentUrl":"https:\/\/uelzener.de\/magazin\/app\/uploads\/2024\/11\/uelzener_allgemeine_versicherungsgesellschaft_a_g_logo.jpg","width":200,"height":200,"caption":"Uelzener Versicherungen"},"image":{"@id":"https:\/\/uelzener.de\/magazin\/#\/schema\/logo\/image\/"},"sameAs":["https:\/\/www.facebook.com\/Uelzener","https:\/\/instagram.com\/uelzener","https:\/\/www.xing.com\/pages\/uelzenerallgemeineversicherungs-gesellschafta-g","https:\/\/www.youtube.com\/UelzenerVersicherungen"]}]}},"_links":{"self":[{"href":"https:\/\/uelzener.de\/magazin\/wp-json\/wp\/v2\/pages\/12933","targetHints":{"allow":["GET"]}}],"collection":[{"href":"https:\/\/uelzener.de\/magazin\/wp-json\/wp\/v2\/pages"}],"about":[{"href":"https:\/\/uelzener.de\/magazin\/wp-json\/wp\/v2\/types\/page"}],"author":[{"embeddable":true,"href":"https:\/\/uelzener.de\/magazin\/wp-json\/wp\/v2\/users\/11"}],"replies":[{"embeddable":true,"href":"https:\/\/uelzener.de\/magazin\/wp-json\/wp\/v2\/comments?post=12933"}],"version-history":[{"count":6,"href":"https:\/\/uelzener.de\/magazin\/wp-json\/wp\/v2\/pages\/12933\/revisions"}],"predecessor-version":[{"id":12947,"href":"https:\/\/uelzener.de\/magazin\/wp-json\/wp\/v2\/pages\/12933\/revisions\/12947"}],"up":[{"embeddable":true,"href":"https:\/\/uelzener.de\/magazin\/wp-json\/wp\/v2\/pages\/11679"}],"wp:featuredmedia":[{"embeddable":true,"href":"https:\/\/uelzener.de\/magazin\/wp-json\/wp\/v2\/media\/12935"}],"wp:attachment":[{"href":"https:\/\/uelzener.de\/magazin\/wp-json\/wp\/v2\/media?parent=12933"}],"curies":[{"name":"wp","href":"https:\/\/api.w.org\/{rel}","templated":true}]}}