{"id":12893,"date":"2021-12-02T10:52:44","date_gmt":"2021-12-02T09:52:44","guid":{"rendered":"https:\/\/uelzener.de\/magazin\/?page_id=12893"},"modified":"2023-03-23T11:26:50","modified_gmt":"2023-03-23T10:26:50","slug":"warum-ist-das-aufwaermen-fuer-reiter-wichtig","status":"publish","type":"page","link":"https:\/\/uelzener.de\/magazin\/pferd\/haeufige-fragen\/warum-ist-das-aufwaermen-fuer-reiter-wichtig\/","title":{"rendered":"Warum ist das Aufw\u00e4rmen f\u00fcr Reiter wichtig?"},"content":{"rendered":"<p>Wir haben bei Eckart Meyners nachgefragt. Der Experte f\u00fcr reiterliche Bewegungsschulung erkl\u00e4rt, warum ein gutes Aufw\u00e4rmtraining so entscheidend ist f\u00fcr ein harmonisches Miteinander zwischen Pferd und Mensch.<\/p>\n<p>Als ich vor mehr als 40 Jahren gebeten wurde, bei einem Reitwartlehrgang aus sportp\u00e4dagogischer Sicht mitzuwirken, war ich sehr \u00fcberrascht. Dort w\u00e4rmten Reiter ihre Pferde vor dem Reiten von Lektionen gezielt auf, sie selbst stiegen aber ohne eine entsprechende Aufw\u00e4rmphase (L\u00f6sungsphase) in den Sattel. Dabei ben\u00f6tigt ihr eigener K\u00f6rper ebenso \u00dcbungen mit unterschiedlichen sportmedizinischen und koordinativen Akzentsetzungen, um entsprechend warm zu sein und sich durch eine erh\u00f6hte Beweglichkeit dem Pferd besser anpassen und harmonisch einwirken zu k\u00f6nnen.<\/p>\n<p>Der gut sitzende Reiter ist der beste Tierschutz. Das Pferd wird in seinen Bewegungsabl\u00e4ufen nicht gest\u00f6rt, sondern ist imstande, Grundgangarten und Lektionen taktvoll auszuf\u00fchren. Es ist f\u00fcr Sportler anderer Disziplinen vollkommen unverst\u00e4ndlich, dass Reiter ihre eigene Aufw\u00e4rmphase auslassen. Sie wissen, warum das Auslassen unter Leistungs- und Gesundheitsaspekten zu Problemen f\u00fcr Pferd und Reiter f\u00fchren kann. Dies sind die Vorteile eines optimalen Aufw\u00e4rmtrainings:<\/p>\n<h3>Anstieg der K\u00f6rpertemperatur<\/h3>\n<p>Durch entsprechende \u00dcbungen steigt die K\u00f6rpertemperatur des Reiters und die Stoffwechselprozesse nehmen zu. Aufw\u00e4rmen bedeutet also tats\u00e4chlich eine Erh\u00f6hung der K\u00f6rpertemperatur. F\u00fcr die normalen Stoffwechselprozesse ist eine Temperatur von 37 Grad Celsius ausreichend.<\/p>\n<h3>Weniger Verletzungen<\/h3>\n<p>Die Steigerung der K\u00f6rpertemperatur erh\u00f6ht auch die Flexibilit\u00e4t der Muskulatur (Muskelviskosit\u00e4t) und die Dehnf\u00e4higkeit. Verspannungen, Verkrampfungen und Verletzungen werden vermieden. Die Muskeln sind f\u00e4hig, blitzartige und gef\u00fchlvolle Muskelanforderungen zu leisten, ohne dass es zu Zerrungen oder \u00e4hnlichen Beeintr\u00e4chtigungen kommt.<\/p>\n<h3>Vorbereitung des Kapsel-, Band-, Sehnen- und Knorpelbereichs<\/h3>\n<p>Auch f\u00fcr das Bindegewebe spielt die h\u00f6here K\u00f6rpertemperatur eine zentrale Rolle. Wegen der geringeren Stoffwechselgeschwindigkeit dauert das Vorbereiten der Knorpel l\u00e4nger als das der Muskulatur. Beide Gewebe besitzen eine vollkommen unterschiedliche Flexibilit\u00e4t. Somit ist gerade der \u00dcbergang der Muskeln zu den Sehnen ein sehr verletzungsanf\u00e4lliger Bereich. Auch f\u00fcr die Gelenkknorpel hat das Aufw\u00e4rmen eine positive Auswirkung: Nach kurzzeitiger Vorbereitung kommt es zu einer Verdickung der Knorpelschicht der Gelenke. Das ist besonders f\u00fcr sportliche Leistungen wichtig, weil dadurch einwirkende Kr\u00e4fte des Pferdes besser aufgefangen und somit Verletzungen kurz- und langfristig vermieden werden k\u00f6nnen.<\/p>\n<h3>Einfluss auf die Koordination<\/h3>\n<p>Die herabgesetzte innere Reibung sowie die erh\u00f6hte Elastizit\u00e4t und Dehnf\u00e4higkeit der Muskulatur f\u00fchren durch die erh\u00f6hte K\u00f6rpertemperatur unmittelbar zu einem besseren Zusammenspiel des Nervensystems mit den Muskeln. Das verringert zus\u00e4tzlich den Energieverbrauch und der gesamte K\u00f6rper erm\u00fcdet langsamer. Die gesteigerte Entspannungsf\u00e4higkeit der arbeitenden Muskulatur wirkt sich besonders bei schnell ablaufenden feinkoordinativen Bewegungen positiv aus.<\/p>\n<h3>Wirkungen auf die Psyche<\/h3>\n<p>Neben Optimierungsprozessen im k\u00f6rperlichen Bereich wirkt sich ein Aufw\u00e4rmen des Reiters intensiv auf die Psyche aus und f\u00fchrt zu einer emotionalen Sicherheit. Es wirkt Erregungs- und Hemmungszust\u00e4nden entgegen. Reiter f\u00fchlen sich ruhiger. Diese Ventilfunktion ist besonders bei Wettk\u00e4mpfen wichtig, denn das Zittern oder die Verkrampfungen der eigenen Bewegungen reduzieren sich.<\/p>\n<p>Das Aufw\u00e4rmen des Reiters dient auch einem Zustand psychischer Aktiviertheit: Er wird geistig, k\u00f6rperlich und emotional wach. Somit bestehen optimale Bedingungen f\u00fcr das Lernen, \u00dcben und Trainieren. Die Aufw\u00e4rmprozesse unterst\u00fctzen somit die mentale Einstellung des Reiters, die allgemeine Arbeitsbereitschaft sowie die Lern- und Leistungssituation.<\/p>\n<h3>Das passiert im K\u00f6rper<\/h3>\n<ul>\n<li>Optimale reiterliche Belastungen ben\u00f6tigen eine K\u00f6rpertemperatur von 38,5 bis 39 \u00b0C.<\/li>\n<li>Bei Temperaturen von 39 bis 40 \u00b0C ist eine optimale Elastizit\u00e4t und Plastizit\u00e4t der Fasern von Gelenkkapseln, B\u00e4ndern, Sehnen und Knorpelgewebe erreicht.<\/li>\n<li>Muskeln sind hochgradig dehnf\u00e4hig (bis 240 Prozent), w\u00e4hrend Sehnen (und B\u00e4nder) sich nur bis zu f\u00fcnf Prozent dehnen lassen.<\/li>\n<li>Nach einer f\u00fcnfmin\u00fctigen Bewegung des Gelenks vermehrt sich die Gelenkfl\u00fcssigkeit, dieser Prozess ist erst nach 20 Minuten abgeschlossen.<\/li>\n<\/ul>\n<h2>\u00dcbungen<\/h2>\n<h3>Aufw\u00e4rmen leicht gemacht<\/h3>\n<p>Der erste Schritt beim Aufw\u00e4rmen ist die Erh\u00f6hung der K\u00f6rpertemperatur. Um m\u00f6glichst viele Muskelgruppen zu beanspruchen, bietet sich das Laufen in alle Richtungen an \u2013 r\u00fcckw\u00e4rts, vorw\u00e4rts, seitw\u00e4rts und schr\u00e4g. Der klassische Hopserlauf sowie Spr\u00fcnge auf ein und zwei Beinen sind ebenfalls eine gute M\u00f6glichkeit, um den Kreislauf in Schwung zu bekommen. Das Kreisen der Arme \u2013 vorw\u00e4rts und r\u00fcckw\u00e4rts \u2013 ist ein weiterer sinnvoller Zusatz.<\/p>\n<h3>Dehn\u00fcbungen<\/h3>\n<div id='gallery-1' class='gallery galleryid-12893 gallery-columns-3 gallery-size-thumbnail'><figure class='gallery-item'>\n\t\t\t<div class='gallery-icon landscape'>\n\t\t\t\t<a href='https:\/\/uelzener.de\/magazin\/pferd\/haeufige-fragen\/warum-ist-das-aufwaermen-fuer-reiter-wichtig\/aufwa%cc%88rmen_mensch_wadenpumpe\/'><img decoding=\"async\" width=\"150\" height=\"150\" src=\"https:\/\/uelzener.de\/magazin\/app\/uploads\/2021\/12\/Aufwa\u0308rmen_Mensch_Wadenpumpe-150x150.jpg\" class=\"attachment-thumbnail size-thumbnail\" alt=\"Mensch st\u00fctzt mit H\u00e4nden an Wand. Dabei ist ein Bein angewinkelt und eins nach hinten ausgestreckt.\" aria-describedby=\"gallery-1-12907\" srcset=\"https:\/\/uelzener.de\/magazin\/app\/uploads\/2021\/12\/Aufwa\u0308rmen_Mensch_Wadenpumpe-150x150.jpg 150w, https:\/\/uelzener.de\/magazin\/app\/uploads\/2021\/12\/Aufwa\u0308rmen_Mensch_Wadenpumpe-300x300.jpg 300w, https:\/\/uelzener.de\/magazin\/app\/uploads\/2021\/12\/Aufwa\u0308rmen_Mensch_Wadenpumpe-1024x1024.jpg 1024w, https:\/\/uelzener.de\/magazin\/app\/uploads\/2021\/12\/Aufwa\u0308rmen_Mensch_Wadenpumpe-768x768.jpg 768w, https:\/\/uelzener.de\/magazin\/app\/uploads\/2021\/12\/Aufwa\u0308rmen_Mensch_Wadenpumpe-1536x1536.jpg 1536w, https:\/\/uelzener.de\/magazin\/app\/uploads\/2021\/12\/Aufwa\u0308rmen_Mensch_Wadenpumpe-2048x2048.jpg 2048w, https:\/\/uelzener.de\/magazin\/app\/uploads\/2021\/12\/Aufwa\u0308rmen_Mensch_Wadenpumpe-1026x1026.jpg 1026w, https:\/\/uelzener.de\/magazin\/app\/uploads\/2021\/12\/Aufwa\u0308rmen_Mensch_Wadenpumpe-668x668.jpg 668w\" sizes=\"(max-width: 150px) 100vw, 150px\" \/><\/a>\n\t\t\t<\/div>\n\t\t\t\t<figcaption class='wp-caption-text gallery-caption' id='gallery-1-12907'>\n\t\t\t\t1. Bei der Wadenpumpe st\u00fctzt sich der Reiter an einer Wand ab. Beide Beine stehen in Schrittstellung \u2013 das vordere Bein ist gebeugt, das hintere Bein gestreckt. Der Absatz des hinteren Fu\u00dfes ist angehoben. Das Gewicht wird vom vorderen auf den hinteren Fu\u00df verlagert, indem sich die Ferse zu Boden senkt.\n\t\t\t\t<\/figcaption><\/figure><figure class='gallery-item'>\n\t\t\t<div class='gallery-icon landscape'>\n\t\t\t\t<a href='https:\/\/uelzener.de\/magazin\/pferd\/haeufige-fragen\/warum-ist-das-aufwaermen-fuer-reiter-wichtig\/aufwa%cc%88rmen_mensch_frontal\/'><img decoding=\"async\" width=\"150\" height=\"150\" src=\"https:\/\/uelzener.de\/magazin\/app\/uploads\/2021\/12\/Aufwa\u0308rmen_Mensch_Frontal-150x150.jpg\" class=\"attachment-thumbnail size-thumbnail\" alt=\"Mensch steht aufrecht. Die Beine sind schulterbreit ge\u00f6ffnet. Die Arme werden in V-Position nach hinten oben ausgestreckt.\" aria-describedby=\"gallery-1-12905\" srcset=\"https:\/\/uelzener.de\/magazin\/app\/uploads\/2021\/12\/Aufwa\u0308rmen_Mensch_Frontal-150x150.jpg 150w, https:\/\/uelzener.de\/magazin\/app\/uploads\/2021\/12\/Aufwa\u0308rmen_Mensch_Frontal-300x300.jpg 300w, https:\/\/uelzener.de\/magazin\/app\/uploads\/2021\/12\/Aufwa\u0308rmen_Mensch_Frontal-1024x1024.jpg 1024w, https:\/\/uelzener.de\/magazin\/app\/uploads\/2021\/12\/Aufwa\u0308rmen_Mensch_Frontal-768x768.jpg 768w, https:\/\/uelzener.de\/magazin\/app\/uploads\/2021\/12\/Aufwa\u0308rmen_Mensch_Frontal-1536x1536.jpg 1536w, https:\/\/uelzener.de\/magazin\/app\/uploads\/2021\/12\/Aufwa\u0308rmen_Mensch_Frontal-2048x2048.jpg 2048w, https:\/\/uelzener.de\/magazin\/app\/uploads\/2021\/12\/Aufwa\u0308rmen_Mensch_Frontal-1026x1026.jpg 1026w, https:\/\/uelzener.de\/magazin\/app\/uploads\/2021\/12\/Aufwa\u0308rmen_Mensch_Frontal-668x668.jpg 668w\" sizes=\"(max-width: 150px) 100vw, 150px\" \/><\/a>\n\t\t\t<\/div>\n\t\t\t\t<figcaption class='wp-caption-text gallery-caption' id='gallery-1-12905'>\n\t\t\t\t2. Zur Dehnung und Streckung der Frontallinie werden die Arme in V-Position gehalten und hinter den gestreckten K\u00f6rper nach oben gef\u00fchrt. Dabei entsteht eine leichte Hohlkreuzposition. Diese langsame, dynamische Dehn\u00fcbung sollte mehrmals wiederholt werden.\n\t\t\t\t<\/figcaption><\/figure><figure class='gallery-item'>\n\t\t\t<div class='gallery-icon landscape'>\n\t\t\t\t<a href='https:\/\/uelzener.de\/magazin\/pferd\/haeufige-fragen\/warum-ist-das-aufwaermen-fuer-reiter-wichtig\/aufwa%cc%88rmen_mensch_lateral\/'><img decoding=\"async\" width=\"150\" height=\"150\" src=\"https:\/\/uelzener.de\/magazin\/app\/uploads\/2021\/12\/Aufwa\u0308rmen_Mensch_Lateral-150x150.jpg\" class=\"attachment-thumbnail size-thumbnail\" alt=\"Mensch steht parallel \u2013 F\u00fc\u00dfe leicht ge\u00f6ffnet neben einer grauen halbhohen Wand abgest\u00fctzt, w\u00e4hrend der andere Arm \u00fcber die L\u00e4ngsachse gef\u00fchrt wird\" aria-describedby=\"gallery-1-12906\" srcset=\"https:\/\/uelzener.de\/magazin\/app\/uploads\/2021\/12\/Aufwa\u0308rmen_Mensch_Lateral-150x150.jpg 150w, https:\/\/uelzener.de\/magazin\/app\/uploads\/2021\/12\/Aufwa\u0308rmen_Mensch_Lateral-300x300.jpg 300w, https:\/\/uelzener.de\/magazin\/app\/uploads\/2021\/12\/Aufwa\u0308rmen_Mensch_Lateral-1024x1024.jpg 1024w, https:\/\/uelzener.de\/magazin\/app\/uploads\/2021\/12\/Aufwa\u0308rmen_Mensch_Lateral-768x768.jpg 768w, https:\/\/uelzener.de\/magazin\/app\/uploads\/2021\/12\/Aufwa\u0308rmen_Mensch_Lateral-1536x1536.jpg 1536w, https:\/\/uelzener.de\/magazin\/app\/uploads\/2021\/12\/Aufwa\u0308rmen_Mensch_Lateral-2048x2048.jpg 2048w, https:\/\/uelzener.de\/magazin\/app\/uploads\/2021\/12\/Aufwa\u0308rmen_Mensch_Lateral-1026x1026.jpg 1026w, https:\/\/uelzener.de\/magazin\/app\/uploads\/2021\/12\/Aufwa\u0308rmen_Mensch_Lateral-668x668.jpg 668w\" sizes=\"(max-width: 150px) 100vw, 150px\" \/><\/a>\n\t\t\t<\/div>\n\t\t\t\t<figcaption class='wp-caption-text gallery-caption' id='gallery-1-12906'>\n\t\t\t\t3. Beim Dehnen der Lateral- linie steht der Reiter parallel \u2013 F\u00fc\u00dfe leicht ge\u00f6ffnet \u2013 ungef\u00e4hr 75 Zentimeter entfernt von einem Zaun. Der Arm nahe dem Zaun wird abgest\u00fctzt, w\u00e4hrend der andere Arm \u00fcber die L\u00e4ngsachse gef\u00fchrt wird. Diese \u00dcbung wird mehrmals von beiden Seiten durchgef\u00fchrt.\n\t\t\t\t<\/figcaption><\/figure>\n\t\t<\/div>\n\n<hr \/>\n<p><img decoding=\"async\" class=\"alignleft wp-image-12908 size-medium\" src=\"https:\/\/uelzener.de\/magazin\/app\/uploads\/2021\/12\/Eckart-Meyners-200x300.jpg\" alt=\"Portr\u00e4t von Eckart Meyners\" width=\"200\" height=\"300\" srcset=\"https:\/\/uelzener.de\/magazin\/app\/uploads\/2021\/12\/Eckart-Meyners-200x300.jpg 200w, https:\/\/uelzener.de\/magazin\/app\/uploads\/2021\/12\/Eckart-Meyners-683x1024.jpg 683w, https:\/\/uelzener.de\/magazin\/app\/uploads\/2021\/12\/Eckart-Meyners-768x1152.jpg 768w, https:\/\/uelzener.de\/magazin\/app\/uploads\/2021\/12\/Eckart-Meyners-1024x1536.jpg 1024w, https:\/\/uelzener.de\/magazin\/app\/uploads\/2021\/12\/Eckart-Meyners-1365x2048.jpg 1365w, https:\/\/uelzener.de\/magazin\/app\/uploads\/2021\/12\/Eckart-Meyners-1026x1539.jpg 1026w, https:\/\/uelzener.de\/magazin\/app\/uploads\/2021\/12\/Eckart-Meyners-668x1002.jpg 668w, https:\/\/uelzener.de\/magazin\/app\/uploads\/2021\/12\/Eckart-Meyners-scaled.jpg 1707w\" sizes=\"(max-width: 200px) 100vw, 200px\" \/><\/p>\n<p>Zum Autor:<\/p>\n<p><strong>Eckart Meyners<\/strong><\/p>\n<p>Der Experte f\u00fcr reiterliche Bewegungsschulung und ehemalige Dozent f\u00fcr Sportp\u00e4dagogik bildet heute unter anderem Pferdewirtschaftsmeister der Fachrichtung Klassische Reiterausbildung weiter.<\/p>\n<p>&nbsp;<\/p>\n<p><strong>Lesetipp<\/strong><\/p>\n<p>Im Buch <strong>\u201eAufw\u00e4rm- und \u00dcbungs\u00adprogramm f\u00fcr Reiter\u201c<\/strong> von Eckart<\/p>\n<p>Meyners erfahren Sie noch mehr<\/p>\n<p>Details und \u00dcbungen f\u00fcr das perfekte Aufw\u00e4rmprogramm.<\/p>\n<p>ISBN: 978-3440138496<\/p>\n<p>Kosmos-Verlag<\/p>\n","protected":false},"excerpt":{"rendered":"<p>Wir haben bei Eckart Meyners nachgefragt. Der Experte f\u00fcr reiterliche Bewegungsschulung erkl\u00e4rt, warum ein gutes Aufw\u00e4rmtraining so entscheidend ist f\u00fcr ein harmonisches Miteinander zwischen Pferd und Mensch. Als ich vor mehr als 40 Jahren gebeten wurde, bei einem Reitwartlehrgang aus sportp\u00e4dagogischer Sicht mitzuwirken, war ich sehr \u00fcberrascht. Dort w\u00e4rmten Reiter ihre Pferde vor dem Reiten [&hellip;]<\/p>\n","protected":false},"author":11,"featured_media":12915,"parent":11685,"menu_order":22,"comment_status":"closed","ping_status":"closed","template":"templates\/blog.php","meta":{"_acf_changed":false,"_crdt_document":"","footnotes":"","beyondwords_generate_audio":"","beyondwords_project_id":"","beyondwords_content_id":"","beyondwords_preview_token":"","beyondwords_player_style":"","beyondwords_language_id":"","beyondwords_title_voice_id":"","beyondwords_body_voice_id":"","beyondwords_summary_voice_id":"","beyondwords_error_message":"","beyondwords_disabled":"","beyondwords_delete_content":"","beyondwords_podcast_id":"","beyondwords_hash":"","publish_post_to_speechkit":"","speechkit_hash":"","speechkit_generate_audio":"","speechkit_project_id":"","speechkit_podcast_id":"","speechkit_error_message":"","speechkit_disabled":"","speechkit_access_key":"","speechkit_error":"","speechkit_info":"","speechkit_response":"","speechkit_retries":"","speechkit_status":"","speechkit_updated_at":"","_speechkit_link":"","_speechkit_text":""},"class_list":["post-12893","page","type-page","status-publish","has-post-thumbnail","hentry"],"acf":[],"yoast_head":"<!-- This site is optimized with the Yoast SEO Premium plugin  - https:\/\/yoast.com\/product\/yoast-seo-premium-wordpress\/ -->\n<title>Warum ist das Aufw\u00e4rmen f\u00fcr Reiter wichtig? | Uelzener<\/title>\n<meta name=\"description\" content=\"Der Experte f\u00fcr reiterliche Bewegungsschulung Eckart Meyners erkl\u00e4rt, warum ein gutes Aufw\u00e4rmtraining wichtig f\u00fcr Pferd und Mensch ist.\" \/>\n<meta name=\"robots\" content=\"index, follow, max-snippet:-1, max-image-preview:large, max-video-preview:-1\" \/>\n<link rel=\"canonical\" href=\"https:\/\/uelzener.de\/magazin\/pferd\/haeufige-fragen\/warum-ist-das-aufwaermen-fuer-reiter-wichtig\/\" \/>\n<meta property=\"og:locale\" content=\"de_DE\" \/>\n<meta property=\"og:type\" content=\"article\" \/>\n<meta property=\"og:title\" content=\"Warum ist das Aufw\u00e4rmen f\u00fcr Reiter wichtig?\" \/>\n<meta property=\"og:description\" content=\"Der Experte f\u00fcr reiterliche Bewegungsschulung Eckart Meyners erkl\u00e4rt, warum ein gutes Aufw\u00e4rmtraining wichtig f\u00fcr Pferd und Mensch ist.\" \/>\n<meta property=\"og:url\" content=\"https:\/\/uelzener.de\/magazin\/pferd\/haeufige-fragen\/warum-ist-das-aufwaermen-fuer-reiter-wichtig\/\" \/>\n<meta property=\"og:site_name\" content=\"Uelzener Tier-Magazin\" \/>\n<meta property=\"article:publisher\" content=\"https:\/\/www.facebook.com\/Uelzener\" \/>\n<meta property=\"article:modified_time\" content=\"2023-03-23T10:26:50+00:00\" \/>\n<meta property=\"og:image\" content=\"https:\/\/uelzener.de\/magazin\/app\/uploads\/2021\/12\/Reiter_und_Perd_aufwaermen.jpg\" \/>\n\t<meta property=\"og:image:width\" content=\"1024\" \/>\n\t<meta property=\"og:image:height\" content=\"450\" \/>\n\t<meta property=\"og:image:type\" content=\"image\/jpeg\" \/>\n<meta name=\"twitter:card\" content=\"summary_large_image\" \/>\n<meta name=\"twitter:label1\" content=\"Gesch\u00e4tzte Lesezeit\" \/>\n\t<meta name=\"twitter:data1\" content=\"4\u00a0Minuten\" \/>\n<script type=\"application\/ld+json\" class=\"yoast-schema-graph\">{\"@context\":\"https:\/\/schema.org\",\"@graph\":[{\"@type\":\"WebPage\",\"@id\":\"https:\/\/uelzener.de\/magazin\/pferd\/haeufige-fragen\/warum-ist-das-aufwaermen-fuer-reiter-wichtig\/\",\"url\":\"https:\/\/uelzener.de\/magazin\/pferd\/haeufige-fragen\/warum-ist-das-aufwaermen-fuer-reiter-wichtig\/\",\"name\":\"Warum ist das Aufw\u00e4rmen f\u00fcr Reiter wichtig? | Uelzener\",\"isPartOf\":{\"@id\":\"https:\/\/uelzener.de\/magazin\/#website\"},\"primaryImageOfPage\":{\"@id\":\"https:\/\/uelzener.de\/magazin\/pferd\/haeufige-fragen\/warum-ist-das-aufwaermen-fuer-reiter-wichtig\/#primaryimage\"},\"image\":{\"@id\":\"https:\/\/uelzener.de\/magazin\/pferd\/haeufige-fragen\/warum-ist-das-aufwaermen-fuer-reiter-wichtig\/#primaryimage\"},\"thumbnailUrl\":\"https:\/\/uelzener.de\/magazin\/app\/uploads\/2021\/12\/Reiter_und_Perd_aufwaermen.jpg\",\"datePublished\":\"2021-12-02T09:52:44+00:00\",\"dateModified\":\"2023-03-23T10:26:50+00:00\",\"description\":\"Der Experte f\u00fcr reiterliche Bewegungsschulung Eckart Meyners erkl\u00e4rt, warum ein gutes Aufw\u00e4rmtraining wichtig f\u00fcr Pferd und Mensch ist.\",\"breadcrumb\":{\"@id\":\"https:\/\/uelzener.de\/magazin\/pferd\/haeufige-fragen\/warum-ist-das-aufwaermen-fuer-reiter-wichtig\/#breadcrumb\"},\"inLanguage\":\"de\",\"potentialAction\":[{\"@type\":\"ReadAction\",\"target\":[\"https:\/\/uelzener.de\/magazin\/pferd\/haeufige-fragen\/warum-ist-das-aufwaermen-fuer-reiter-wichtig\/\"]}]},{\"@type\":\"ImageObject\",\"inLanguage\":\"de\",\"@id\":\"https:\/\/uelzener.de\/magazin\/pferd\/haeufige-fragen\/warum-ist-das-aufwaermen-fuer-reiter-wichtig\/#primaryimage\",\"url\":\"https:\/\/uelzener.de\/magazin\/app\/uploads\/2021\/12\/Reiter_und_Perd_aufwaermen.jpg\",\"contentUrl\":\"https:\/\/uelzener.de\/magazin\/app\/uploads\/2021\/12\/Reiter_und_Perd_aufwaermen.jpg\",\"width\":1024,\"height\":450,\"caption\":\"Reiterin mit Reitkappe f\u00fchrt gez\u00e4umtes braunes Pferd von der Wiese, vor dem reiten haben sie sich aufgew\u00e4rmt.\"},{\"@type\":\"WebSite\",\"@id\":\"https:\/\/uelzener.de\/magazin\/#website\",\"url\":\"https:\/\/uelzener.de\/magazin\/\",\"name\":\"Uelzener Tiermagazin\",\"description\":\"Online Tierratgeber der Uelzener Versicherungen\",\"publisher\":{\"@id\":\"https:\/\/uelzener.de\/magazin\/#organization\"},\"potentialAction\":[{\"@type\":\"SearchAction\",\"target\":{\"@type\":\"EntryPoint\",\"urlTemplate\":\"https:\/\/uelzener.de\/magazin\/?s={search_term_string}\"},\"query-input\":{\"@type\":\"PropertyValueSpecification\",\"valueRequired\":true,\"valueName\":\"search_term_string\"}}],\"inLanguage\":\"de\"},{\"@type\":\"Organization\",\"@id\":\"https:\/\/uelzener.de\/magazin\/#organization\",\"name\":\"Uelzener Versicherungen\",\"url\":\"https:\/\/uelzener.de\/magazin\/\",\"logo\":{\"@type\":\"ImageObject\",\"inLanguage\":\"de\",\"@id\":\"https:\/\/uelzener.de\/magazin\/#\/schema\/logo\/image\/\",\"url\":\"https:\/\/uelzener.de\/magazin\/app\/uploads\/2024\/11\/uelzener_allgemeine_versicherungsgesellschaft_a_g_logo.jpg\",\"contentUrl\":\"https:\/\/uelzener.de\/magazin\/app\/uploads\/2024\/11\/uelzener_allgemeine_versicherungsgesellschaft_a_g_logo.jpg\",\"width\":200,\"height\":200,\"caption\":\"Uelzener Versicherungen\"},\"image\":{\"@id\":\"https:\/\/uelzener.de\/magazin\/#\/schema\/logo\/image\/\"},\"sameAs\":[\"https:\/\/www.facebook.com\/Uelzener\",\"https:\/\/instagram.com\/uelzener\",\"https:\/\/www.xing.com\/pages\/uelzenerallgemeineversicherungs-gesellschafta-g\",\"https:\/\/www.youtube.com\/UelzenerVersicherungen\"]}]}<\/script>\n<!-- \/ Yoast SEO Premium plugin. -->","yoast_head_json":{"title":"Warum ist das Aufw\u00e4rmen f\u00fcr Reiter wichtig? | Uelzener","description":"Der Experte f\u00fcr reiterliche Bewegungsschulung Eckart Meyners erkl\u00e4rt, warum ein gutes Aufw\u00e4rmtraining wichtig f\u00fcr Pferd und Mensch ist.","robots":{"index":"index","follow":"follow","max-snippet":"max-snippet:-1","max-image-preview":"max-image-preview:large","max-video-preview":"max-video-preview:-1"},"canonical":"https:\/\/uelzener.de\/magazin\/pferd\/haeufige-fragen\/warum-ist-das-aufwaermen-fuer-reiter-wichtig\/","og_locale":"de_DE","og_type":"article","og_title":"Warum ist das Aufw\u00e4rmen f\u00fcr Reiter wichtig?","og_description":"Der Experte f\u00fcr reiterliche Bewegungsschulung Eckart Meyners erkl\u00e4rt, warum ein gutes Aufw\u00e4rmtraining wichtig f\u00fcr Pferd und Mensch ist.","og_url":"https:\/\/uelzener.de\/magazin\/pferd\/haeufige-fragen\/warum-ist-das-aufwaermen-fuer-reiter-wichtig\/","og_site_name":"Uelzener Tier-Magazin","article_publisher":"https:\/\/www.facebook.com\/Uelzener","article_modified_time":"2023-03-23T10:26:50+00:00","og_image":[{"width":1024,"height":450,"url":"https:\/\/uelzener.de\/magazin\/app\/uploads\/2021\/12\/Reiter_und_Perd_aufwaermen.jpg","type":"image\/jpeg"}],"twitter_card":"summary_large_image","twitter_misc":{"Gesch\u00e4tzte Lesezeit":"4\u00a0Minuten"},"schema":{"@context":"https:\/\/schema.org","@graph":[{"@type":"WebPage","@id":"https:\/\/uelzener.de\/magazin\/pferd\/haeufige-fragen\/warum-ist-das-aufwaermen-fuer-reiter-wichtig\/","url":"https:\/\/uelzener.de\/magazin\/pferd\/haeufige-fragen\/warum-ist-das-aufwaermen-fuer-reiter-wichtig\/","name":"Warum ist das Aufw\u00e4rmen f\u00fcr Reiter wichtig? | Uelzener","isPartOf":{"@id":"https:\/\/uelzener.de\/magazin\/#website"},"primaryImageOfPage":{"@id":"https:\/\/uelzener.de\/magazin\/pferd\/haeufige-fragen\/warum-ist-das-aufwaermen-fuer-reiter-wichtig\/#primaryimage"},"image":{"@id":"https:\/\/uelzener.de\/magazin\/pferd\/haeufige-fragen\/warum-ist-das-aufwaermen-fuer-reiter-wichtig\/#primaryimage"},"thumbnailUrl":"https:\/\/uelzener.de\/magazin\/app\/uploads\/2021\/12\/Reiter_und_Perd_aufwaermen.jpg","datePublished":"2021-12-02T09:52:44+00:00","dateModified":"2023-03-23T10:26:50+00:00","description":"Der Experte f\u00fcr reiterliche Bewegungsschulung Eckart Meyners erkl\u00e4rt, warum ein gutes Aufw\u00e4rmtraining wichtig f\u00fcr Pferd und Mensch ist.","breadcrumb":{"@id":"https:\/\/uelzener.de\/magazin\/pferd\/haeufige-fragen\/warum-ist-das-aufwaermen-fuer-reiter-wichtig\/#breadcrumb"},"inLanguage":"de","potentialAction":[{"@type":"ReadAction","target":["https:\/\/uelzener.de\/magazin\/pferd\/haeufige-fragen\/warum-ist-das-aufwaermen-fuer-reiter-wichtig\/"]}]},{"@type":"ImageObject","inLanguage":"de","@id":"https:\/\/uelzener.de\/magazin\/pferd\/haeufige-fragen\/warum-ist-das-aufwaermen-fuer-reiter-wichtig\/#primaryimage","url":"https:\/\/uelzener.de\/magazin\/app\/uploads\/2021\/12\/Reiter_und_Perd_aufwaermen.jpg","contentUrl":"https:\/\/uelzener.de\/magazin\/app\/uploads\/2021\/12\/Reiter_und_Perd_aufwaermen.jpg","width":1024,"height":450,"caption":"Reiterin mit Reitkappe f\u00fchrt gez\u00e4umtes braunes Pferd von der Wiese, vor dem reiten haben sie sich aufgew\u00e4rmt."},{"@type":"WebSite","@id":"https:\/\/uelzener.de\/magazin\/#website","url":"https:\/\/uelzener.de\/magazin\/","name":"Uelzener Tiermagazin","description":"Online Tierratgeber der Uelzener Versicherungen","publisher":{"@id":"https:\/\/uelzener.de\/magazin\/#organization"},"potentialAction":[{"@type":"SearchAction","target":{"@type":"EntryPoint","urlTemplate":"https:\/\/uelzener.de\/magazin\/?s={search_term_string}"},"query-input":{"@type":"PropertyValueSpecification","valueRequired":true,"valueName":"search_term_string"}}],"inLanguage":"de"},{"@type":"Organization","@id":"https:\/\/uelzener.de\/magazin\/#organization","name":"Uelzener Versicherungen","url":"https:\/\/uelzener.de\/magazin\/","logo":{"@type":"ImageObject","inLanguage":"de","@id":"https:\/\/uelzener.de\/magazin\/#\/schema\/logo\/image\/","url":"https:\/\/uelzener.de\/magazin\/app\/uploads\/2024\/11\/uelzener_allgemeine_versicherungsgesellschaft_a_g_logo.jpg","contentUrl":"https:\/\/uelzener.de\/magazin\/app\/uploads\/2024\/11\/uelzener_allgemeine_versicherungsgesellschaft_a_g_logo.jpg","width":200,"height":200,"caption":"Uelzener Versicherungen"},"image":{"@id":"https:\/\/uelzener.de\/magazin\/#\/schema\/logo\/image\/"},"sameAs":["https:\/\/www.facebook.com\/Uelzener","https:\/\/instagram.com\/uelzener","https:\/\/www.xing.com\/pages\/uelzenerallgemeineversicherungs-gesellschafta-g","https:\/\/www.youtube.com\/UelzenerVersicherungen"]}]}},"_links":{"self":[{"href":"https:\/\/uelzener.de\/magazin\/wp-json\/wp\/v2\/pages\/12893","targetHints":{"allow":["GET"]}}],"collection":[{"href":"https:\/\/uelzener.de\/magazin\/wp-json\/wp\/v2\/pages"}],"about":[{"href":"https:\/\/uelzener.de\/magazin\/wp-json\/wp\/v2\/types\/page"}],"author":[{"embeddable":true,"href":"https:\/\/uelzener.de\/magazin\/wp-json\/wp\/v2\/users\/11"}],"replies":[{"embeddable":true,"href":"https:\/\/uelzener.de\/magazin\/wp-json\/wp\/v2\/comments?post=12893"}],"version-history":[{"count":13,"href":"https:\/\/uelzener.de\/magazin\/wp-json\/wp\/v2\/pages\/12893\/revisions"}],"predecessor-version":[{"id":14732,"href":"https:\/\/uelzener.de\/magazin\/wp-json\/wp\/v2\/pages\/12893\/revisions\/14732"}],"up":[{"embeddable":true,"href":"https:\/\/uelzener.de\/magazin\/wp-json\/wp\/v2\/pages\/11685"}],"wp:featuredmedia":[{"embeddable":true,"href":"https:\/\/uelzener.de\/magazin\/wp-json\/wp\/v2\/media\/12915"}],"wp:attachment":[{"href":"https:\/\/uelzener.de\/magazin\/wp-json\/wp\/v2\/media?parent=12893"}],"curies":[{"name":"wp","href":"https:\/\/api.w.org\/{rel}","templated":true}]}}