{"id":12890,"date":"2021-11-26T15:59:00","date_gmt":"2021-11-26T14:59:00","guid":{"rendered":"https:\/\/uelzener.de\/magazin\/?page_id=12890"},"modified":"2021-11-26T15:59:00","modified_gmt":"2021-11-26T14:59:00","slug":"schwanzwedeln-hund","status":"publish","type":"page","link":"https:\/\/uelzener.de\/magazin\/hund\/tipps-fuer-den-alltag\/schwanzwedeln-hund\/","title":{"rendered":"Wenn der Schwanz wedelt, freut sich der Hund!"},"content":{"rendered":"<p>Ist das wirklich so? Viele Stressanzeichen beim Hund sind nur gemeinsam mit der gesamten K\u00f6rperhaltung und anderen Verhaltensmustern interpretierbar \u2013 auch das Schwanzwedeln.<\/p>\n<p>Nat\u00fcrlich liebst du deinen Hund \u2013 aber kannst du ihn wirklich immer gut lesen? Manche Verhaltensweisen sind so eindeutig, dass auch Nicht-Hundekenner:innen erkennen, dass ein Tier gestresst und mit ihm gerade nicht zu spa\u00dfen ist: wenn es knurrt, speichelt, starr steht, sich verkriecht oder die Nackenhaare aufstellt.<\/p>\n<p>Bei weniger extremen Erregungszust\u00e4nden ist aber ein genaues Hinsehen notwendig, denn so manches Verhalten wirkt erst einmal nicht so, als w\u00e4re der Hund gestresst. Wedelt er mit dem Schwanz? Dann gehen viele Menschen davon aus, dass er sich freut und Kontakt aufnehmen m\u00f6chte. H\u00e4lt er die Rute aber dabei tief, schon fast eingeklemmt, legt die Ohren zur\u00fcck und nimmt eine vom Menschen abgewandte K\u00f6rperhaltung ein, so empfindet er vermutlich Stress oder sogar Angst.<\/p>\n<p>Ist ihm einfach nur warm?<\/p>\n<p>So ist es mit vielen Stressanzeichen beim Hund: Harmlose T\u00e4tigkeiten wie Lecken, G\u00e4hnen oder Hecheln k\u00f6nnen in Kombination mit seiner restlichen K\u00f6rpersprache ein Warnhinweis sein. Klar kann es sein, dass dem Hund nach einem wilden Spiel einfach warm ist und er deshalb hechelt \u2013 wenn er aber gleichzeitig einen angespannten Gesichtsausdruck hat, kein Futter nimmt und Ber\u00fchrungen ausweicht, dann steckt vielleicht mehr dahinter. Zu den Hinweisen auf Stress beim Hund geh\u00f6ren auch v\u00f6llig gegens\u00e4tzliche Verhaltensweisen. So beginnt das eine Tier, wild zu scharren oder hektisch zu schn\u00fcffeln. Das andere wird eher apathisch und l\u00e4sst sich zu keiner Aktivit\u00e4t mehr locken. Wenn du die Stimmung deines Hundes also beurteilen m\u00f6chtest, beachte die gesamte K\u00f6rperhaltung \u2013 von der Nasen- bis zur Schwanzspitze.<\/p>\n","protected":false},"excerpt":{"rendered":"<p>Ist das wirklich so? Viele Stressanzeichen beim Hund sind nur gemeinsam mit der gesamten K\u00f6rperhaltung und anderen Verhaltensmustern interpretierbar \u2013 auch das Schwanzwedeln. Nat\u00fcrlich liebst du deinen Hund \u2013 aber kannst du ihn wirklich immer gut lesen? Manche Verhaltensweisen sind so eindeutig, dass auch Nicht-Hundekenner:innen erkennen, dass ein Tier gestresst und mit ihm gerade nicht [&hellip;]<\/p>\n","protected":false},"author":3,"featured_media":12891,"parent":11707,"menu_order":18,"comment_status":"closed","ping_status":"closed","template":"templates\/blog.php","meta":{"_acf_changed":false,"_crdt_document":"","footnotes":"","beyondwords_generate_audio":"","beyondwords_project_id":"","beyondwords_content_id":"","beyondwords_preview_token":"","beyondwords_player_style":"","beyondwords_language_id":"","beyondwords_title_voice_id":"","beyondwords_body_voice_id":"","beyondwords_summary_voice_id":"","beyondwords_error_message":"","beyondwords_disabled":"","beyondwords_delete_content":"","beyondwords_podcast_id":"","beyondwords_hash":"","publish_post_to_speechkit":"","speechkit_hash":"","speechkit_generate_audio":"","speechkit_project_id":"","speechkit_podcast_id":"","speechkit_error_message":"","speechkit_disabled":"","speechkit_access_key":"","speechkit_error":"","speechkit_info":"","speechkit_response":"","speechkit_retries":"","speechkit_status":"","speechkit_updated_at":"","_speechkit_link":"","_speechkit_text":""},"class_list":["post-12890","page","type-page","status-publish","has-post-thumbnail","hentry"],"acf":[],"yoast_head":"<!-- This site is optimized with the Yoast SEO Premium plugin  - https:\/\/yoast.com\/product\/yoast-seo-premium-wordpress\/ -->\n<title>Wenn der Schwanz wedelt, freut sich der Hund! | Uelzener<\/title>\n<meta name=\"description\" content=\"Freut sich ein Hund immer, wenn er mit dem Schwanz wedelt? Erfahrt mehr \u00fcber die K\u00f6rpersprache eures Hundes!\" \/>\n<meta name=\"robots\" content=\"index, follow, max-snippet:-1, max-image-preview:large, max-video-preview:-1\" \/>\n<link rel=\"canonical\" href=\"https:\/\/uelzener.de\/magazin\/hund\/tipps-fuer-den-alltag\/schwanzwedeln-hund\/\" \/>\n<meta property=\"og:locale\" content=\"de_DE\" \/>\n<meta property=\"og:type\" content=\"article\" \/>\n<meta property=\"og:title\" content=\"Wenn der Schwanz wedelt, freut sich der Hund!\" \/>\n<meta property=\"og:description\" content=\"Freut sich ein Hund immer, wenn er mit dem Schwanz wedelt? Erfahrt mehr \u00fcber die K\u00f6rpersprache eures Hundes!\" \/>\n<meta property=\"og:url\" content=\"https:\/\/uelzener.de\/magazin\/hund\/tipps-fuer-den-alltag\/schwanzwedeln-hund\/\" \/>\n<meta property=\"og:site_name\" content=\"Uelzener Tier-Magazin\" \/>\n<meta property=\"article:publisher\" content=\"https:\/\/www.facebook.com\/Uelzener\" \/>\n<meta property=\"og:image\" content=\"https:\/\/uelzener.de\/magazin\/app\/uploads\/2021\/11\/Hund-schwanzwedeln.jpg\" \/>\n\t<meta property=\"og:image:width\" content=\"1024\" \/>\n\t<meta property=\"og:image:height\" content=\"450\" \/>\n\t<meta property=\"og:image:type\" content=\"image\/jpeg\" \/>\n<meta name=\"twitter:card\" content=\"summary_large_image\" \/>\n<meta name=\"twitter:label1\" content=\"Gesch\u00e4tzte Lesezeit\" \/>\n\t<meta name=\"twitter:data1\" content=\"2\u00a0Minuten\" \/>\n<script type=\"application\/ld+json\" class=\"yoast-schema-graph\">{\"@context\":\"https:\/\/schema.org\",\"@graph\":[{\"@type\":\"WebPage\",\"@id\":\"https:\/\/uelzener.de\/magazin\/hund\/tipps-fuer-den-alltag\/schwanzwedeln-hund\/\",\"url\":\"https:\/\/uelzener.de\/magazin\/hund\/tipps-fuer-den-alltag\/schwanzwedeln-hund\/\",\"name\":\"Wenn der Schwanz wedelt, freut sich der Hund! | Uelzener\",\"isPartOf\":{\"@id\":\"https:\/\/uelzener.de\/magazin\/#website\"},\"primaryImageOfPage\":{\"@id\":\"https:\/\/uelzener.de\/magazin\/hund\/tipps-fuer-den-alltag\/schwanzwedeln-hund\/#primaryimage\"},\"image\":{\"@id\":\"https:\/\/uelzener.de\/magazin\/hund\/tipps-fuer-den-alltag\/schwanzwedeln-hund\/#primaryimage\"},\"thumbnailUrl\":\"https:\/\/uelzener.de\/magazin\/app\/uploads\/2021\/11\/Hund-schwanzwedeln.jpg\",\"datePublished\":\"2021-11-26T14:59:00+00:00\",\"description\":\"Freut sich ein Hund immer, wenn er mit dem Schwanz wedelt? Erfahrt mehr \u00fcber die K\u00f6rpersprache eures Hundes!\",\"breadcrumb\":{\"@id\":\"https:\/\/uelzener.de\/magazin\/hund\/tipps-fuer-den-alltag\/schwanzwedeln-hund\/#breadcrumb\"},\"inLanguage\":\"de\",\"potentialAction\":[{\"@type\":\"ReadAction\",\"target\":[\"https:\/\/uelzener.de\/magazin\/hund\/tipps-fuer-den-alltag\/schwanzwedeln-hund\/\"]}]},{\"@type\":\"ImageObject\",\"inLanguage\":\"de\",\"@id\":\"https:\/\/uelzener.de\/magazin\/hund\/tipps-fuer-den-alltag\/schwanzwedeln-hund\/#primaryimage\",\"url\":\"https:\/\/uelzener.de\/magazin\/app\/uploads\/2021\/11\/Hund-schwanzwedeln.jpg\",\"contentUrl\":\"https:\/\/uelzener.de\/magazin\/app\/uploads\/2021\/11\/Hund-schwanzwedeln.jpg\",\"width\":1024,\"height\":450,\"caption\":\"Dalmatiner ist gestresst und wedelt mit dem Schwanz.\"},{\"@type\":\"WebSite\",\"@id\":\"https:\/\/uelzener.de\/magazin\/#website\",\"url\":\"https:\/\/uelzener.de\/magazin\/\",\"name\":\"Uelzener Tiermagazin\",\"description\":\"Online Tierratgeber der Uelzener Versicherungen\",\"publisher\":{\"@id\":\"https:\/\/uelzener.de\/magazin\/#organization\"},\"potentialAction\":[{\"@type\":\"SearchAction\",\"target\":{\"@type\":\"EntryPoint\",\"urlTemplate\":\"https:\/\/uelzener.de\/magazin\/?s={search_term_string}\"},\"query-input\":{\"@type\":\"PropertyValueSpecification\",\"valueRequired\":true,\"valueName\":\"search_term_string\"}}],\"inLanguage\":\"de\"},{\"@type\":\"Organization\",\"@id\":\"https:\/\/uelzener.de\/magazin\/#organization\",\"name\":\"Uelzener Versicherungen\",\"url\":\"https:\/\/uelzener.de\/magazin\/\",\"logo\":{\"@type\":\"ImageObject\",\"inLanguage\":\"de\",\"@id\":\"https:\/\/uelzener.de\/magazin\/#\/schema\/logo\/image\/\",\"url\":\"https:\/\/uelzener.de\/magazin\/app\/uploads\/2024\/11\/uelzener_allgemeine_versicherungsgesellschaft_a_g_logo.jpg\",\"contentUrl\":\"https:\/\/uelzener.de\/magazin\/app\/uploads\/2024\/11\/uelzener_allgemeine_versicherungsgesellschaft_a_g_logo.jpg\",\"width\":200,\"height\":200,\"caption\":\"Uelzener Versicherungen\"},\"image\":{\"@id\":\"https:\/\/uelzener.de\/magazin\/#\/schema\/logo\/image\/\"},\"sameAs\":[\"https:\/\/www.facebook.com\/Uelzener\",\"https:\/\/instagram.com\/uelzener\",\"https:\/\/www.xing.com\/pages\/uelzenerallgemeineversicherungs-gesellschafta-g\",\"https:\/\/www.youtube.com\/UelzenerVersicherungen\"]}]}<\/script>\n<!-- \/ Yoast SEO Premium plugin. -->","yoast_head_json":{"title":"Wenn der Schwanz wedelt, freut sich der Hund! | Uelzener","description":"Freut sich ein Hund immer, wenn er mit dem Schwanz wedelt? Erfahrt mehr \u00fcber die K\u00f6rpersprache eures Hundes!","robots":{"index":"index","follow":"follow","max-snippet":"max-snippet:-1","max-image-preview":"max-image-preview:large","max-video-preview":"max-video-preview:-1"},"canonical":"https:\/\/uelzener.de\/magazin\/hund\/tipps-fuer-den-alltag\/schwanzwedeln-hund\/","og_locale":"de_DE","og_type":"article","og_title":"Wenn der Schwanz wedelt, freut sich der Hund!","og_description":"Freut sich ein Hund immer, wenn er mit dem Schwanz wedelt? Erfahrt mehr \u00fcber die K\u00f6rpersprache eures Hundes!","og_url":"https:\/\/uelzener.de\/magazin\/hund\/tipps-fuer-den-alltag\/schwanzwedeln-hund\/","og_site_name":"Uelzener Tier-Magazin","article_publisher":"https:\/\/www.facebook.com\/Uelzener","og_image":[{"width":1024,"height":450,"url":"https:\/\/uelzener.de\/magazin\/app\/uploads\/2021\/11\/Hund-schwanzwedeln.jpg","type":"image\/jpeg"}],"twitter_card":"summary_large_image","twitter_misc":{"Gesch\u00e4tzte Lesezeit":"2\u00a0Minuten"},"schema":{"@context":"https:\/\/schema.org","@graph":[{"@type":"WebPage","@id":"https:\/\/uelzener.de\/magazin\/hund\/tipps-fuer-den-alltag\/schwanzwedeln-hund\/","url":"https:\/\/uelzener.de\/magazin\/hund\/tipps-fuer-den-alltag\/schwanzwedeln-hund\/","name":"Wenn der Schwanz wedelt, freut sich der Hund! | Uelzener","isPartOf":{"@id":"https:\/\/uelzener.de\/magazin\/#website"},"primaryImageOfPage":{"@id":"https:\/\/uelzener.de\/magazin\/hund\/tipps-fuer-den-alltag\/schwanzwedeln-hund\/#primaryimage"},"image":{"@id":"https:\/\/uelzener.de\/magazin\/hund\/tipps-fuer-den-alltag\/schwanzwedeln-hund\/#primaryimage"},"thumbnailUrl":"https:\/\/uelzener.de\/magazin\/app\/uploads\/2021\/11\/Hund-schwanzwedeln.jpg","datePublished":"2021-11-26T14:59:00+00:00","description":"Freut sich ein Hund immer, wenn er mit dem Schwanz wedelt? Erfahrt mehr \u00fcber die K\u00f6rpersprache eures Hundes!","breadcrumb":{"@id":"https:\/\/uelzener.de\/magazin\/hund\/tipps-fuer-den-alltag\/schwanzwedeln-hund\/#breadcrumb"},"inLanguage":"de","potentialAction":[{"@type":"ReadAction","target":["https:\/\/uelzener.de\/magazin\/hund\/tipps-fuer-den-alltag\/schwanzwedeln-hund\/"]}]},{"@type":"ImageObject","inLanguage":"de","@id":"https:\/\/uelzener.de\/magazin\/hund\/tipps-fuer-den-alltag\/schwanzwedeln-hund\/#primaryimage","url":"https:\/\/uelzener.de\/magazin\/app\/uploads\/2021\/11\/Hund-schwanzwedeln.jpg","contentUrl":"https:\/\/uelzener.de\/magazin\/app\/uploads\/2021\/11\/Hund-schwanzwedeln.jpg","width":1024,"height":450,"caption":"Dalmatiner ist gestresst und wedelt mit dem Schwanz."},{"@type":"WebSite","@id":"https:\/\/uelzener.de\/magazin\/#website","url":"https:\/\/uelzener.de\/magazin\/","name":"Uelzener Tiermagazin","description":"Online Tierratgeber der Uelzener Versicherungen","publisher":{"@id":"https:\/\/uelzener.de\/magazin\/#organization"},"potentialAction":[{"@type":"SearchAction","target":{"@type":"EntryPoint","urlTemplate":"https:\/\/uelzener.de\/magazin\/?s={search_term_string}"},"query-input":{"@type":"PropertyValueSpecification","valueRequired":true,"valueName":"search_term_string"}}],"inLanguage":"de"},{"@type":"Organization","@id":"https:\/\/uelzener.de\/magazin\/#organization","name":"Uelzener Versicherungen","url":"https:\/\/uelzener.de\/magazin\/","logo":{"@type":"ImageObject","inLanguage":"de","@id":"https:\/\/uelzener.de\/magazin\/#\/schema\/logo\/image\/","url":"https:\/\/uelzener.de\/magazin\/app\/uploads\/2024\/11\/uelzener_allgemeine_versicherungsgesellschaft_a_g_logo.jpg","contentUrl":"https:\/\/uelzener.de\/magazin\/app\/uploads\/2024\/11\/uelzener_allgemeine_versicherungsgesellschaft_a_g_logo.jpg","width":200,"height":200,"caption":"Uelzener Versicherungen"},"image":{"@id":"https:\/\/uelzener.de\/magazin\/#\/schema\/logo\/image\/"},"sameAs":["https:\/\/www.facebook.com\/Uelzener","https:\/\/instagram.com\/uelzener","https:\/\/www.xing.com\/pages\/uelzenerallgemeineversicherungs-gesellschafta-g","https:\/\/www.youtube.com\/UelzenerVersicherungen"]}]}},"_links":{"self":[{"href":"https:\/\/uelzener.de\/magazin\/wp-json\/wp\/v2\/pages\/12890","targetHints":{"allow":["GET"]}}],"collection":[{"href":"https:\/\/uelzener.de\/magazin\/wp-json\/wp\/v2\/pages"}],"about":[{"href":"https:\/\/uelzener.de\/magazin\/wp-json\/wp\/v2\/types\/page"}],"author":[{"embeddable":true,"href":"https:\/\/uelzener.de\/magazin\/wp-json\/wp\/v2\/users\/3"}],"replies":[{"embeddable":true,"href":"https:\/\/uelzener.de\/magazin\/wp-json\/wp\/v2\/comments?post=12890"}],"version-history":[{"count":1,"href":"https:\/\/uelzener.de\/magazin\/wp-json\/wp\/v2\/pages\/12890\/revisions"}],"predecessor-version":[{"id":12892,"href":"https:\/\/uelzener.de\/magazin\/wp-json\/wp\/v2\/pages\/12890\/revisions\/12892"}],"up":[{"embeddable":true,"href":"https:\/\/uelzener.de\/magazin\/wp-json\/wp\/v2\/pages\/11707"}],"wp:featuredmedia":[{"embeddable":true,"href":"https:\/\/uelzener.de\/magazin\/wp-json\/wp\/v2\/media\/12891"}],"wp:attachment":[{"href":"https:\/\/uelzener.de\/magazin\/wp-json\/wp\/v2\/media?parent=12890"}],"curies":[{"name":"wp","href":"https:\/\/api.w.org\/{rel}","templated":true}]}}