{"id":12878,"date":"2021-11-17T10:01:20","date_gmt":"2021-11-17T09:01:20","guid":{"rendered":"https:\/\/uelzener.de\/magazin\/?page_id=12878"},"modified":"2021-11-17T13:37:01","modified_gmt":"2021-11-17T12:37:01","slug":"pferd-erste-hilfe-bei-lahmheiten","status":"publish","type":"page","link":"https:\/\/uelzener.de\/magazin\/pferd\/tiergesundheit\/pferd-erste-hilfe-bei-lahmheiten\/","title":{"rendered":"Erste Hilfe bei Lahmheiten"},"content":{"rendered":"<p><strong>Akuter Notfall: Auf jeden Fall sofort den Tierarzt anrufen!<\/strong><\/p>\n<p><strong>Ein aktuter Notfall liegt vor &#8230;<\/strong><\/p>\n<ul>\n<li>wenn das Pferd die betroffene Gliedma\u00dfe vollst\u00e4ndig entlastet,<\/li>\n<li>wenn die Gliedma\u00dfe in ungew\u00f6hnlichem Winkel steht und eine Schwellung sichtbar ist,<\/li>\n<li>bei klaffenden, offenen Wunden oder freiliegenden Knochen,<\/li>\n<li>bei Verletzungen in Gelenkn\u00e4he, bei der fadenziehende Gelenkfl\u00fcssigkeit austritt,<\/li>\n<li>bei Fremdk\u00f6rpern im Huf, an den Gliedma\u00dfen oder anderen K\u00f6rperteilen,<\/li>\n<li>wenn das Pferd s\u00e4gebockartig steht, sich ungern bewegt und wie auf Eiern l\u00e4uft (Hufrehe).<\/li>\n<\/ul>\n<p><strong>Erste Hilfe:<\/strong><\/p>\n<ol>\n<li>Ruhe bewahren und den Tierarzt verst\u00e4ndigen.<\/li>\n<li>Das Pferd, wenn m\u00f6glich, in eine ruhige Umgebung bringen (z. B. in den Stall).<\/li>\n<li>Wunden unber\u00fchrt lassen oder maximal mit Wasser aussp\u00fclen. Fremdk\u00f6rper im Pferd belassen oder nach dem Entfernen aufbewahren. Bei s\u00e4gebockartiger Stellung: Pferd nicht mehr bewegen und die Hufe k\u00fchlen. Maximal in dick eingestreute Box oder auf weichen Untergrund stellen.<\/li>\n<\/ol>\n<p><strong>Weniger akute Lahmheiten: Nach Absprache mit dem Tierarzt einen Hausbesuch vereinbaren.<\/strong><\/p>\n<p><strong>Hinweise auf eine weniger akute Lahmheit:<\/strong><\/p>\n<ul>\n<li>Das Pferd zeigt im Trab oder nur bei Wendungen eine leichte Lahmheit oder Unregelm\u00e4\u00dfigkeiten im Bewegungsablauf.<\/li>\n<li>Das Pferd verh\u00e4lt sich ansonsten normal, frisst, bewegt sich, kommuniziert mit der Umgebung und hat eine normale K\u00f6rpertemperatur (37,0 bis 38,0\u00b0 C).<\/li>\n<\/ul>\n<p><strong>Erste Hilfe:<\/strong><\/p>\n<ol>\n<li>Beobachten, ob der Zustand des Pferdes unauff\u00e4llig bleibt.<\/li>\n<li>Sind ein oder mehrere Beine angeschwollen und warm, kann dieser Bereich gek\u00fchlt werden.<\/li>\n<\/ol>\n<p><strong>Wichtig!<\/strong><\/p>\n<p>Vom Tierarzt verordnete Boxenruhe ist auf jeden Fall einzuhalten \u2013 auch wenn das Wetter noch so sch\u00f6n ist. Gerade wenn Schmerzmittel verabreicht wurden, ist dies absolut notwendig. Um das Pferd auch in der Box ruhig zu halten, kann es hilfreich sein, ein anderes Pferd in die Nachbarbox zu stellen.<\/p>\n","protected":false},"excerpt":{"rendered":"<p>Akuter Notfall: Auf jeden Fall sofort den Tierarzt anrufen! Ein aktuter Notfall liegt vor &#8230; wenn das Pferd die betroffene Gliedma\u00dfe vollst\u00e4ndig entlastet, wenn die Gliedma\u00dfe in ungew\u00f6hnlichem Winkel steht und eine Schwellung sichtbar ist, bei klaffenden, offenen Wunden oder freiliegenden Knochen, bei Verletzungen in Gelenkn\u00e4he, bei der fadenziehende Gelenkfl\u00fcssigkeit austritt, bei Fremdk\u00f6rpern im Huf, [&hellip;]<\/p>\n","protected":false},"author":11,"featured_media":12882,"parent":11706,"menu_order":64,"comment_status":"closed","ping_status":"closed","template":"templates\/blog.php","meta":{"_acf_changed":false,"_crdt_document":"","footnotes":"","beyondwords_generate_audio":"","beyondwords_project_id":"","beyondwords_content_id":"","beyondwords_preview_token":"","beyondwords_player_style":"","beyondwords_language_id":"","beyondwords_title_voice_id":"","beyondwords_body_voice_id":"","beyondwords_summary_voice_id":"","beyondwords_error_message":"","beyondwords_disabled":"","beyondwords_delete_content":"","beyondwords_podcast_id":"","beyondwords_hash":"","publish_post_to_speechkit":"","speechkit_hash":"","speechkit_generate_audio":"","speechkit_project_id":"","speechkit_podcast_id":"","speechkit_error_message":"","speechkit_disabled":"","speechkit_access_key":"","speechkit_error":"","speechkit_info":"","speechkit_response":"","speechkit_retries":"","speechkit_status":"","speechkit_updated_at":"","_speechkit_link":"","_speechkit_text":""},"class_list":["post-12878","page","type-page","status-publish","has-post-thumbnail","hentry"],"acf":[],"yoast_head":"<!-- This site is optimized with the Yoast SEO Premium plugin  - https:\/\/yoast.com\/product\/yoast-seo-premium-wordpress\/ -->\n<title>Erste Hilfe bei Lahmheiten | Uelzener<\/title>\n<meta name=\"description\" content=\"Was tun, wenn das Pferd pl\u00f6tzlich lahmt? Akuter Notfall oder nicht? Unsere Checkliste f\u00fcr Erste Hilfe bei Lahmheiten\" \/>\n<meta name=\"robots\" content=\"index, follow, max-snippet:-1, max-image-preview:large, max-video-preview:-1\" \/>\n<link rel=\"canonical\" href=\"https:\/\/uelzener.de\/magazin\/pferd\/tiergesundheit\/pferd-erste-hilfe-bei-lahmheiten\/\" \/>\n<meta property=\"og:locale\" content=\"de_DE\" \/>\n<meta property=\"og:type\" content=\"article\" \/>\n<meta property=\"og:title\" content=\"Erste Hilfe bei Lahmheiten\" \/>\n<meta property=\"og:description\" content=\"Was tun, wenn das Pferd pl\u00f6tzlich lahmt? Akuter Notfall oder nicht? Unsere Checkliste f\u00fcr Erste Hilfe bei Lahmheiten\" \/>\n<meta property=\"og:url\" content=\"https:\/\/uelzener.de\/magazin\/pferd\/tiergesundheit\/pferd-erste-hilfe-bei-lahmheiten\/\" \/>\n<meta property=\"og:site_name\" content=\"Uelzener Tier-Magazin\" \/>\n<meta property=\"article:publisher\" content=\"https:\/\/www.facebook.com\/Uelzener\" \/>\n<meta property=\"article:modified_time\" content=\"2021-11-17T12:37:01+00:00\" \/>\n<meta property=\"og:image\" content=\"https:\/\/uelzener.de\/magazin\/app\/uploads\/2021\/11\/Pferd_Tierarzt_Beugeprobe-1.jpg\" \/>\n\t<meta property=\"og:image:width\" content=\"1024\" \/>\n\t<meta property=\"og:image:height\" content=\"450\" \/>\n\t<meta property=\"og:image:type\" content=\"image\/jpeg\" \/>\n<meta name=\"twitter:card\" content=\"summary_large_image\" \/>\n<meta name=\"twitter:label1\" content=\"Gesch\u00e4tzte Lesezeit\" \/>\n\t<meta name=\"twitter:data1\" content=\"2\u00a0Minuten\" \/>\n<script type=\"application\/ld+json\" class=\"yoast-schema-graph\">{\"@context\":\"https:\\\/\\\/schema.org\",\"@graph\":[{\"@type\":\"WebPage\",\"@id\":\"https:\\\/\\\/uelzener.de\\\/magazin\\\/pferd\\\/tiergesundheit\\\/pferd-erste-hilfe-bei-lahmheiten\\\/\",\"url\":\"https:\\\/\\\/uelzener.de\\\/magazin\\\/pferd\\\/tiergesundheit\\\/pferd-erste-hilfe-bei-lahmheiten\\\/\",\"name\":\"Erste Hilfe bei Lahmheiten | Uelzener\",\"isPartOf\":{\"@id\":\"https:\\\/\\\/uelzener.de\\\/magazin\\\/#website\"},\"primaryImageOfPage\":{\"@id\":\"https:\\\/\\\/uelzener.de\\\/magazin\\\/pferd\\\/tiergesundheit\\\/pferd-erste-hilfe-bei-lahmheiten\\\/#primaryimage\"},\"image\":{\"@id\":\"https:\\\/\\\/uelzener.de\\\/magazin\\\/pferd\\\/tiergesundheit\\\/pferd-erste-hilfe-bei-lahmheiten\\\/#primaryimage\"},\"thumbnailUrl\":\"https:\\\/\\\/uelzener.de\\\/magazin\\\/app\\\/uploads\\\/2021\\\/11\\\/Pferd_Tierarzt_Beugeprobe-1.jpg\",\"datePublished\":\"2021-11-17T09:01:20+00:00\",\"dateModified\":\"2021-11-17T12:37:01+00:00\",\"description\":\"Was tun, wenn das Pferd pl\u00f6tzlich lahmt? Akuter Notfall oder nicht? Unsere Checkliste f\u00fcr Erste Hilfe bei Lahmheiten\",\"breadcrumb\":{\"@id\":\"https:\\\/\\\/uelzener.de\\\/magazin\\\/pferd\\\/tiergesundheit\\\/pferd-erste-hilfe-bei-lahmheiten\\\/#breadcrumb\"},\"inLanguage\":\"de\",\"potentialAction\":[{\"@type\":\"ReadAction\",\"target\":[\"https:\\\/\\\/uelzener.de\\\/magazin\\\/pferd\\\/tiergesundheit\\\/pferd-erste-hilfe-bei-lahmheiten\\\/\"]}]},{\"@type\":\"ImageObject\",\"inLanguage\":\"de\",\"@id\":\"https:\\\/\\\/uelzener.de\\\/magazin\\\/pferd\\\/tiergesundheit\\\/pferd-erste-hilfe-bei-lahmheiten\\\/#primaryimage\",\"url\":\"https:\\\/\\\/uelzener.de\\\/magazin\\\/app\\\/uploads\\\/2021\\\/11\\\/Pferd_Tierarzt_Beugeprobe-1.jpg\",\"contentUrl\":\"https:\\\/\\\/uelzener.de\\\/magazin\\\/app\\\/uploads\\\/2021\\\/11\\\/Pferd_Tierarzt_Beugeprobe-1.jpg\",\"width\":1024,\"height\":450,\"caption\":\"2. asda\u00f6 o\u00e4ud\u00f6oajsdkj ja\u00e4sdja\u00e4sdjksdj \u00e4 osadjfdlksdb kjsksn\"},{\"@type\":\"WebSite\",\"@id\":\"https:\\\/\\\/uelzener.de\\\/magazin\\\/#website\",\"url\":\"https:\\\/\\\/uelzener.de\\\/magazin\\\/\",\"name\":\"Uelzener Tiermagazin\",\"description\":\"Online Tierratgeber der Uelzener Versicherungen\",\"publisher\":{\"@id\":\"https:\\\/\\\/uelzener.de\\\/magazin\\\/#organization\"},\"potentialAction\":[{\"@type\":\"SearchAction\",\"target\":{\"@type\":\"EntryPoint\",\"urlTemplate\":\"https:\\\/\\\/uelzener.de\\\/magazin\\\/?s={search_term_string}\"},\"query-input\":{\"@type\":\"PropertyValueSpecification\",\"valueRequired\":true,\"valueName\":\"search_term_string\"}}],\"inLanguage\":\"de\"},{\"@type\":\"Organization\",\"@id\":\"https:\\\/\\\/uelzener.de\\\/magazin\\\/#organization\",\"name\":\"Uelzener Versicherungen\",\"url\":\"https:\\\/\\\/uelzener.de\\\/magazin\\\/\",\"logo\":{\"@type\":\"ImageObject\",\"inLanguage\":\"de\",\"@id\":\"https:\\\/\\\/uelzener.de\\\/magazin\\\/#\\\/schema\\\/logo\\\/image\\\/\",\"url\":\"https:\\\/\\\/uelzener.de\\\/magazin\\\/app\\\/uploads\\\/2024\\\/11\\\/uelzener_allgemeine_versicherungsgesellschaft_a_g_logo.jpg\",\"contentUrl\":\"https:\\\/\\\/uelzener.de\\\/magazin\\\/app\\\/uploads\\\/2024\\\/11\\\/uelzener_allgemeine_versicherungsgesellschaft_a_g_logo.jpg\",\"width\":200,\"height\":200,\"caption\":\"Uelzener Versicherungen\"},\"image\":{\"@id\":\"https:\\\/\\\/uelzener.de\\\/magazin\\\/#\\\/schema\\\/logo\\\/image\\\/\"},\"sameAs\":[\"https:\\\/\\\/www.facebook.com\\\/Uelzener\",\"https:\\\/\\\/instagram.com\\\/uelzener\",\"https:\\\/\\\/www.xing.com\\\/pages\\\/uelzenerallgemeineversicherungs-gesellschafta-g\",\"https:\\\/\\\/www.youtube.com\\\/UelzenerVersicherungen\"]}]}<\/script>\n<!-- \/ Yoast SEO Premium plugin. -->","yoast_head_json":{"title":"Erste Hilfe bei Lahmheiten | Uelzener","description":"Was tun, wenn das Pferd pl\u00f6tzlich lahmt? Akuter Notfall oder nicht? Unsere Checkliste f\u00fcr Erste Hilfe bei Lahmheiten","robots":{"index":"index","follow":"follow","max-snippet":"max-snippet:-1","max-image-preview":"max-image-preview:large","max-video-preview":"max-video-preview:-1"},"canonical":"https:\/\/uelzener.de\/magazin\/pferd\/tiergesundheit\/pferd-erste-hilfe-bei-lahmheiten\/","og_locale":"de_DE","og_type":"article","og_title":"Erste Hilfe bei Lahmheiten","og_description":"Was tun, wenn das Pferd pl\u00f6tzlich lahmt? Akuter Notfall oder nicht? Unsere Checkliste f\u00fcr Erste Hilfe bei Lahmheiten","og_url":"https:\/\/uelzener.de\/magazin\/pferd\/tiergesundheit\/pferd-erste-hilfe-bei-lahmheiten\/","og_site_name":"Uelzener Tier-Magazin","article_publisher":"https:\/\/www.facebook.com\/Uelzener","article_modified_time":"2021-11-17T12:37:01+00:00","og_image":[{"width":1024,"height":450,"url":"https:\/\/uelzener.de\/magazin\/app\/uploads\/2021\/11\/Pferd_Tierarzt_Beugeprobe-1.jpg","type":"image\/jpeg"}],"twitter_card":"summary_large_image","twitter_misc":{"Gesch\u00e4tzte Lesezeit":"2\u00a0Minuten"},"schema":{"@context":"https:\/\/schema.org","@graph":[{"@type":"WebPage","@id":"https:\/\/uelzener.de\/magazin\/pferd\/tiergesundheit\/pferd-erste-hilfe-bei-lahmheiten\/","url":"https:\/\/uelzener.de\/magazin\/pferd\/tiergesundheit\/pferd-erste-hilfe-bei-lahmheiten\/","name":"Erste Hilfe bei Lahmheiten | Uelzener","isPartOf":{"@id":"https:\/\/uelzener.de\/magazin\/#website"},"primaryImageOfPage":{"@id":"https:\/\/uelzener.de\/magazin\/pferd\/tiergesundheit\/pferd-erste-hilfe-bei-lahmheiten\/#primaryimage"},"image":{"@id":"https:\/\/uelzener.de\/magazin\/pferd\/tiergesundheit\/pferd-erste-hilfe-bei-lahmheiten\/#primaryimage"},"thumbnailUrl":"https:\/\/uelzener.de\/magazin\/app\/uploads\/2021\/11\/Pferd_Tierarzt_Beugeprobe-1.jpg","datePublished":"2021-11-17T09:01:20+00:00","dateModified":"2021-11-17T12:37:01+00:00","description":"Was tun, wenn das Pferd pl\u00f6tzlich lahmt? Akuter Notfall oder nicht? Unsere Checkliste f\u00fcr Erste Hilfe bei Lahmheiten","breadcrumb":{"@id":"https:\/\/uelzener.de\/magazin\/pferd\/tiergesundheit\/pferd-erste-hilfe-bei-lahmheiten\/#breadcrumb"},"inLanguage":"de","potentialAction":[{"@type":"ReadAction","target":["https:\/\/uelzener.de\/magazin\/pferd\/tiergesundheit\/pferd-erste-hilfe-bei-lahmheiten\/"]}]},{"@type":"ImageObject","inLanguage":"de","@id":"https:\/\/uelzener.de\/magazin\/pferd\/tiergesundheit\/pferd-erste-hilfe-bei-lahmheiten\/#primaryimage","url":"https:\/\/uelzener.de\/magazin\/app\/uploads\/2021\/11\/Pferd_Tierarzt_Beugeprobe-1.jpg","contentUrl":"https:\/\/uelzener.de\/magazin\/app\/uploads\/2021\/11\/Pferd_Tierarzt_Beugeprobe-1.jpg","width":1024,"height":450,"caption":"2. asda\u00f6 o\u00e4ud\u00f6oajsdkj ja\u00e4sdja\u00e4sdjksdj \u00e4 osadjfdlksdb kjsksn"},{"@type":"WebSite","@id":"https:\/\/uelzener.de\/magazin\/#website","url":"https:\/\/uelzener.de\/magazin\/","name":"Uelzener Tiermagazin","description":"Online Tierratgeber der Uelzener Versicherungen","publisher":{"@id":"https:\/\/uelzener.de\/magazin\/#organization"},"potentialAction":[{"@type":"SearchAction","target":{"@type":"EntryPoint","urlTemplate":"https:\/\/uelzener.de\/magazin\/?s={search_term_string}"},"query-input":{"@type":"PropertyValueSpecification","valueRequired":true,"valueName":"search_term_string"}}],"inLanguage":"de"},{"@type":"Organization","@id":"https:\/\/uelzener.de\/magazin\/#organization","name":"Uelzener Versicherungen","url":"https:\/\/uelzener.de\/magazin\/","logo":{"@type":"ImageObject","inLanguage":"de","@id":"https:\/\/uelzener.de\/magazin\/#\/schema\/logo\/image\/","url":"https:\/\/uelzener.de\/magazin\/app\/uploads\/2024\/11\/uelzener_allgemeine_versicherungsgesellschaft_a_g_logo.jpg","contentUrl":"https:\/\/uelzener.de\/magazin\/app\/uploads\/2024\/11\/uelzener_allgemeine_versicherungsgesellschaft_a_g_logo.jpg","width":200,"height":200,"caption":"Uelzener Versicherungen"},"image":{"@id":"https:\/\/uelzener.de\/magazin\/#\/schema\/logo\/image\/"},"sameAs":["https:\/\/www.facebook.com\/Uelzener","https:\/\/instagram.com\/uelzener","https:\/\/www.xing.com\/pages\/uelzenerallgemeineversicherungs-gesellschafta-g","https:\/\/www.youtube.com\/UelzenerVersicherungen"]}]}},"_links":{"self":[{"href":"https:\/\/uelzener.de\/magazin\/wp-json\/wp\/v2\/pages\/12878","targetHints":{"allow":["GET"]}}],"collection":[{"href":"https:\/\/uelzener.de\/magazin\/wp-json\/wp\/v2\/pages"}],"about":[{"href":"https:\/\/uelzener.de\/magazin\/wp-json\/wp\/v2\/types\/page"}],"author":[{"embeddable":true,"href":"https:\/\/uelzener.de\/magazin\/wp-json\/wp\/v2\/users\/11"}],"replies":[{"embeddable":true,"href":"https:\/\/uelzener.de\/magazin\/wp-json\/wp\/v2\/comments?post=12878"}],"version-history":[{"count":6,"href":"https:\/\/uelzener.de\/magazin\/wp-json\/wp\/v2\/pages\/12878\/revisions"}],"predecessor-version":[{"id":12880,"href":"https:\/\/uelzener.de\/magazin\/wp-json\/wp\/v2\/pages\/12878\/revisions\/12880"}],"up":[{"embeddable":true,"href":"https:\/\/uelzener.de\/magazin\/wp-json\/wp\/v2\/pages\/11706"}],"wp:featuredmedia":[{"embeddable":true,"href":"https:\/\/uelzener.de\/magazin\/wp-json\/wp\/v2\/media\/12882"}],"wp:attachment":[{"href":"https:\/\/uelzener.de\/magazin\/wp-json\/wp\/v2\/media?parent=12878"}],"curies":[{"name":"wp","href":"https:\/\/api.w.org\/{rel}","templated":true}]}}