{"id":12875,"date":"2021-11-16T13:37:46","date_gmt":"2021-11-16T12:37:46","guid":{"rendered":"https:\/\/uelzener.de\/magazin\/?page_id=12875"},"modified":"2024-01-03T14:58:52","modified_gmt":"2024-01-03T13:58:52","slug":"hund-und-katze-kein-eingespieltes-team","status":"publish","type":"page","link":"https:\/\/uelzener.de\/magazin\/hund\/erziehung-und-training\/hund-und-katze-kein-eingespieltes-team\/","title":{"rendered":"Hund und Katze: (k)ein eingespieltes Team"},"content":{"rendered":"<p>Ein Hund, eine Katze, eine Wohnung \u2013 geht das gut? Die K\u00f6rpersprache der Vierbeiner ist unterschiedlich, deshalb ist eine Zusammenf\u00fchrung nicht ganz einfach. Mit ein bisschen Vorbereitung kann aber aus Samtpfote und Sp\u00fcrnase eine Einheit werden.<\/p>\n<p>Und so klappt\u2019s: Bevor die Tiere aufeinandertreffen, sollten sie sich an den Geruch des anderen gew\u00f6hnen. Die Decken auszutauschen ist eine bew\u00e4hrte Methode. Sobald f\u00fcr abgetrennte Wohnbereiche gesorgt ist, kann der Einzug beginnen. Die Aufmerksamkeit<\/p>\n<p>von Herrchen und Frauchen muss jetzt gerecht geteilt werden, damit keine Eifersucht aufkommt.<\/p>\n<p>Hund und Katze sollten zu Beginn die Gelegenheit bekommen, ohne den anderen Vierbeiner die komplette Wohnung zu untersuchen.<\/p>\n<p>Ist Ruhe eingekehrt, kann die Zusammenf\u00fchrung starten. Einer neuen Herausforderung stellen sich Hund und Katze am besten gef\u00fcttert, zufrieden und ausgelastet. Die Grundlagen der Zusammenf\u00fchrung sind simpel:<\/p>\n<ul>\n<li>Vermeide eine <a href=\"https:\/\/uelzener.de\/magazin\/suche\/?search=jagd\">Jagd<\/a>,<\/li>\n<li>Sorge f\u00fcr Fluchtm\u00f6glichkeiten f\u00fcr die Katze,<\/li>\n<li>Halte Ablenkung parat und<\/li>\n<li>Bitte einen anderen Menschen, dich zu unterst\u00fctzen.<\/li>\n<\/ul>\n<p>&nbsp;<\/p>\n<p>Der Hund sollte zu Beginn angeleint sein. Schnuppern aus der Ferne gen\u00fcgt, f\u00fcr ausreichend Abstand sorgt die Katze meist ohnehin.<\/p>\n<p>Sei jetzt entspannt und konsequent! W\u00e4hrend eine Person mit Futter und Aufmerksamkeit den Hund ablenkt, sobald er zerrt oder bellt, kann der andere mit Schmusen und Leckereien f\u00fcr die Katze ein positives Erlebnis schaffen. Dieses Training muss so lange wiederholt werden, bis keine negativen Emotionen mehr bei den Tieren aufkommen. Ist der Hund gelassen, kann auch auf die Leine verzichtet werden. Aber Achtung: Kommt es nur einmal zu einer Hetzjagd, ist man schnell wieder am Anfang.<\/p>\n<p>&nbsp;<\/p>\n","protected":false},"excerpt":{"rendered":"<p>Ein Hund, eine Katze, eine Wohnung \u2013 geht das gut? Die K\u00f6rpersprache der Vierbeiner ist unterschiedlich, deshalb ist eine Zusammenf\u00fchrung nicht ganz einfach. Mit ein bisschen Vorbereitung kann aber aus Samtpfote und Sp\u00fcrnase eine Einheit werden. Und so klappt\u2019s: Bevor die Tiere aufeinandertreffen, sollten sie sich an den Geruch des anderen gew\u00f6hnen. Die Decken auszutauschen [&hellip;]<\/p>\n","protected":false},"author":3,"featured_media":12876,"parent":11679,"menu_order":26,"comment_status":"closed","ping_status":"closed","template":"templates\/blog.php","meta":{"_acf_changed":false,"_crdt_document":"","footnotes":"","beyondwords_generate_audio":"0","beyondwords_project_id":"","beyondwords_content_id":"","beyondwords_preview_token":"","beyondwords_player_style":"","beyondwords_language_id":"","beyondwords_title_voice_id":"","beyondwords_body_voice_id":"","beyondwords_summary_voice_id":"","beyondwords_error_message":"","beyondwords_disabled":"","beyondwords_delete_content":"","beyondwords_podcast_id":"","beyondwords_hash":"","publish_post_to_speechkit":"","speechkit_hash":"","speechkit_generate_audio":"","speechkit_project_id":"","speechkit_podcast_id":"","speechkit_error_message":"","speechkit_disabled":"","speechkit_access_key":"","speechkit_error":"","speechkit_info":"","speechkit_response":"","speechkit_retries":"","speechkit_status":"","speechkit_updated_at":"","_speechkit_link":"","_speechkit_text":""},"class_list":["post-12875","page","type-page","status-publish","has-post-thumbnail","hentry"],"acf":[],"yoast_head":"<!-- This site is optimized with the Yoast SEO Premium plugin  - https:\/\/yoast.com\/product\/yoast-seo-premium-wordpress\/ -->\n<title>Hund und Katze: (k)ein eingespieltes Team | Uelzener<\/title>\n<meta name=\"description\" content=\"Hund und Katze zusammenf\u00fchren - Wir geben dir Tipps f\u00fcr ein harmonisches Zusammenleben mit Hund und Katze.\" \/>\n<meta name=\"robots\" content=\"index, follow, max-snippet:-1, max-image-preview:large, max-video-preview:-1\" \/>\n<link rel=\"canonical\" href=\"https:\/\/uelzener.de\/magazin\/hund\/erziehung-und-training\/hund-und-katze-kein-eingespieltes-team\/\" \/>\n<meta property=\"og:locale\" content=\"de_DE\" \/>\n<meta property=\"og:type\" content=\"article\" \/>\n<meta property=\"og:title\" content=\"Hund und Katze: (k)ein eingespieltes Team\" \/>\n<meta property=\"og:description\" content=\"Hund und Katze zusammenf\u00fchren - Wir geben dir Tipps f\u00fcr ein harmonisches Zusammenleben mit Hund und Katze.\" \/>\n<meta property=\"og:url\" content=\"https:\/\/uelzener.de\/magazin\/hund\/erziehung-und-training\/hund-und-katze-kein-eingespieltes-team\/\" \/>\n<meta property=\"og:site_name\" content=\"Uelzener Tier-Magazin\" \/>\n<meta property=\"article:publisher\" content=\"https:\/\/www.facebook.com\/Uelzener\" \/>\n<meta property=\"article:modified_time\" content=\"2024-01-03T13:58:52+00:00\" \/>\n<meta property=\"og:image\" content=\"https:\/\/uelzener.de\/magazin\/app\/uploads\/2021\/11\/Hund-und-Katze-zusammenfuehren.jpg\" \/>\n\t<meta property=\"og:image:width\" content=\"1024\" \/>\n\t<meta property=\"og:image:height\" content=\"450\" \/>\n\t<meta property=\"og:image:type\" content=\"image\/jpeg\" \/>\n<meta name=\"twitter:card\" content=\"summary_large_image\" \/>\n<meta name=\"twitter:label1\" content=\"Gesch\u00e4tzte Lesezeit\" \/>\n\t<meta name=\"twitter:data1\" content=\"2\u00a0Minuten\" \/>\n<script type=\"application\/ld+json\" class=\"yoast-schema-graph\">{\"@context\":\"https:\/\/schema.org\",\"@graph\":[{\"@type\":\"WebPage\",\"@id\":\"https:\/\/uelzener.de\/magazin\/hund\/erziehung-und-training\/hund-und-katze-kein-eingespieltes-team\/\",\"url\":\"https:\/\/uelzener.de\/magazin\/hund\/erziehung-und-training\/hund-und-katze-kein-eingespieltes-team\/\",\"name\":\"Hund und Katze: (k)ein eingespieltes Team | Uelzener\",\"isPartOf\":{\"@id\":\"https:\/\/uelzener.de\/magazin\/#website\"},\"primaryImageOfPage\":{\"@id\":\"https:\/\/uelzener.de\/magazin\/hund\/erziehung-und-training\/hund-und-katze-kein-eingespieltes-team\/#primaryimage\"},\"image\":{\"@id\":\"https:\/\/uelzener.de\/magazin\/hund\/erziehung-und-training\/hund-und-katze-kein-eingespieltes-team\/#primaryimage\"},\"thumbnailUrl\":\"https:\/\/uelzener.de\/magazin\/app\/uploads\/2021\/11\/Hund-und-Katze-zusammenfuehren.jpg\",\"datePublished\":\"2021-11-16T12:37:46+00:00\",\"dateModified\":\"2024-01-03T13:58:52+00:00\",\"description\":\"Hund und Katze zusammenf\u00fchren - Wir geben dir Tipps f\u00fcr ein harmonisches Zusammenleben mit Hund und Katze.\",\"breadcrumb\":{\"@id\":\"https:\/\/uelzener.de\/magazin\/hund\/erziehung-und-training\/hund-und-katze-kein-eingespieltes-team\/#breadcrumb\"},\"inLanguage\":\"de\",\"potentialAction\":[{\"@type\":\"ReadAction\",\"target\":[\"https:\/\/uelzener.de\/magazin\/hund\/erziehung-und-training\/hund-und-katze-kein-eingespieltes-team\/\"]}]},{\"@type\":\"ImageObject\",\"inLanguage\":\"de\",\"@id\":\"https:\/\/uelzener.de\/magazin\/hund\/erziehung-und-training\/hund-und-katze-kein-eingespieltes-team\/#primaryimage\",\"url\":\"https:\/\/uelzener.de\/magazin\/app\/uploads\/2021\/11\/Hund-und-Katze-zusammenfuehren.jpg\",\"contentUrl\":\"https:\/\/uelzener.de\/magazin\/app\/uploads\/2021\/11\/Hund-und-Katze-zusammenfuehren.jpg\",\"width\":1024,\"height\":450,\"caption\":\"Welpe und orange Babykatze kuscheln zusammen auf dem wei\u00dfen teppich\"},{\"@type\":\"WebSite\",\"@id\":\"https:\/\/uelzener.de\/magazin\/#website\",\"url\":\"https:\/\/uelzener.de\/magazin\/\",\"name\":\"Uelzener Tiermagazin\",\"description\":\"Online Tierratgeber der Uelzener Versicherungen\",\"publisher\":{\"@id\":\"https:\/\/uelzener.de\/magazin\/#organization\"},\"potentialAction\":[{\"@type\":\"SearchAction\",\"target\":{\"@type\":\"EntryPoint\",\"urlTemplate\":\"https:\/\/uelzener.de\/magazin\/?s={search_term_string}\"},\"query-input\":{\"@type\":\"PropertyValueSpecification\",\"valueRequired\":true,\"valueName\":\"search_term_string\"}}],\"inLanguage\":\"de\"},{\"@type\":\"Organization\",\"@id\":\"https:\/\/uelzener.de\/magazin\/#organization\",\"name\":\"Uelzener Versicherungen\",\"url\":\"https:\/\/uelzener.de\/magazin\/\",\"logo\":{\"@type\":\"ImageObject\",\"inLanguage\":\"de\",\"@id\":\"https:\/\/uelzener.de\/magazin\/#\/schema\/logo\/image\/\",\"url\":\"https:\/\/uelzener.de\/magazin\/app\/uploads\/2024\/11\/uelzener_allgemeine_versicherungsgesellschaft_a_g_logo.jpg\",\"contentUrl\":\"https:\/\/uelzener.de\/magazin\/app\/uploads\/2024\/11\/uelzener_allgemeine_versicherungsgesellschaft_a_g_logo.jpg\",\"width\":200,\"height\":200,\"caption\":\"Uelzener Versicherungen\"},\"image\":{\"@id\":\"https:\/\/uelzener.de\/magazin\/#\/schema\/logo\/image\/\"},\"sameAs\":[\"https:\/\/www.facebook.com\/Uelzener\",\"https:\/\/instagram.com\/uelzener\",\"https:\/\/www.xing.com\/pages\/uelzenerallgemeineversicherungs-gesellschafta-g\",\"https:\/\/www.youtube.com\/UelzenerVersicherungen\"]}]}<\/script>\n<!-- \/ Yoast SEO Premium plugin. -->","yoast_head_json":{"title":"Hund und Katze: (k)ein eingespieltes Team | Uelzener","description":"Hund und Katze zusammenf\u00fchren - Wir geben dir Tipps f\u00fcr ein harmonisches Zusammenleben mit Hund und Katze.","robots":{"index":"index","follow":"follow","max-snippet":"max-snippet:-1","max-image-preview":"max-image-preview:large","max-video-preview":"max-video-preview:-1"},"canonical":"https:\/\/uelzener.de\/magazin\/hund\/erziehung-und-training\/hund-und-katze-kein-eingespieltes-team\/","og_locale":"de_DE","og_type":"article","og_title":"Hund und Katze: (k)ein eingespieltes Team","og_description":"Hund und Katze zusammenf\u00fchren - Wir geben dir Tipps f\u00fcr ein harmonisches Zusammenleben mit Hund und Katze.","og_url":"https:\/\/uelzener.de\/magazin\/hund\/erziehung-und-training\/hund-und-katze-kein-eingespieltes-team\/","og_site_name":"Uelzener Tier-Magazin","article_publisher":"https:\/\/www.facebook.com\/Uelzener","article_modified_time":"2024-01-03T13:58:52+00:00","og_image":[{"width":1024,"height":450,"url":"https:\/\/uelzener.de\/magazin\/app\/uploads\/2021\/11\/Hund-und-Katze-zusammenfuehren.jpg","type":"image\/jpeg"}],"twitter_card":"summary_large_image","twitter_misc":{"Gesch\u00e4tzte Lesezeit":"2\u00a0Minuten"},"schema":{"@context":"https:\/\/schema.org","@graph":[{"@type":"WebPage","@id":"https:\/\/uelzener.de\/magazin\/hund\/erziehung-und-training\/hund-und-katze-kein-eingespieltes-team\/","url":"https:\/\/uelzener.de\/magazin\/hund\/erziehung-und-training\/hund-und-katze-kein-eingespieltes-team\/","name":"Hund und Katze: (k)ein eingespieltes Team | Uelzener","isPartOf":{"@id":"https:\/\/uelzener.de\/magazin\/#website"},"primaryImageOfPage":{"@id":"https:\/\/uelzener.de\/magazin\/hund\/erziehung-und-training\/hund-und-katze-kein-eingespieltes-team\/#primaryimage"},"image":{"@id":"https:\/\/uelzener.de\/magazin\/hund\/erziehung-und-training\/hund-und-katze-kein-eingespieltes-team\/#primaryimage"},"thumbnailUrl":"https:\/\/uelzener.de\/magazin\/app\/uploads\/2021\/11\/Hund-und-Katze-zusammenfuehren.jpg","datePublished":"2021-11-16T12:37:46+00:00","dateModified":"2024-01-03T13:58:52+00:00","description":"Hund und Katze zusammenf\u00fchren - Wir geben dir Tipps f\u00fcr ein harmonisches Zusammenleben mit Hund und Katze.","breadcrumb":{"@id":"https:\/\/uelzener.de\/magazin\/hund\/erziehung-und-training\/hund-und-katze-kein-eingespieltes-team\/#breadcrumb"},"inLanguage":"de","potentialAction":[{"@type":"ReadAction","target":["https:\/\/uelzener.de\/magazin\/hund\/erziehung-und-training\/hund-und-katze-kein-eingespieltes-team\/"]}]},{"@type":"ImageObject","inLanguage":"de","@id":"https:\/\/uelzener.de\/magazin\/hund\/erziehung-und-training\/hund-und-katze-kein-eingespieltes-team\/#primaryimage","url":"https:\/\/uelzener.de\/magazin\/app\/uploads\/2021\/11\/Hund-und-Katze-zusammenfuehren.jpg","contentUrl":"https:\/\/uelzener.de\/magazin\/app\/uploads\/2021\/11\/Hund-und-Katze-zusammenfuehren.jpg","width":1024,"height":450,"caption":"Welpe und orange Babykatze kuscheln zusammen auf dem wei\u00dfen teppich"},{"@type":"WebSite","@id":"https:\/\/uelzener.de\/magazin\/#website","url":"https:\/\/uelzener.de\/magazin\/","name":"Uelzener Tiermagazin","description":"Online Tierratgeber der Uelzener Versicherungen","publisher":{"@id":"https:\/\/uelzener.de\/magazin\/#organization"},"potentialAction":[{"@type":"SearchAction","target":{"@type":"EntryPoint","urlTemplate":"https:\/\/uelzener.de\/magazin\/?s={search_term_string}"},"query-input":{"@type":"PropertyValueSpecification","valueRequired":true,"valueName":"search_term_string"}}],"inLanguage":"de"},{"@type":"Organization","@id":"https:\/\/uelzener.de\/magazin\/#organization","name":"Uelzener Versicherungen","url":"https:\/\/uelzener.de\/magazin\/","logo":{"@type":"ImageObject","inLanguage":"de","@id":"https:\/\/uelzener.de\/magazin\/#\/schema\/logo\/image\/","url":"https:\/\/uelzener.de\/magazin\/app\/uploads\/2024\/11\/uelzener_allgemeine_versicherungsgesellschaft_a_g_logo.jpg","contentUrl":"https:\/\/uelzener.de\/magazin\/app\/uploads\/2024\/11\/uelzener_allgemeine_versicherungsgesellschaft_a_g_logo.jpg","width":200,"height":200,"caption":"Uelzener Versicherungen"},"image":{"@id":"https:\/\/uelzener.de\/magazin\/#\/schema\/logo\/image\/"},"sameAs":["https:\/\/www.facebook.com\/Uelzener","https:\/\/instagram.com\/uelzener","https:\/\/www.xing.com\/pages\/uelzenerallgemeineversicherungs-gesellschafta-g","https:\/\/www.youtube.com\/UelzenerVersicherungen"]}]}},"_links":{"self":[{"href":"https:\/\/uelzener.de\/magazin\/wp-json\/wp\/v2\/pages\/12875","targetHints":{"allow":["GET"]}}],"collection":[{"href":"https:\/\/uelzener.de\/magazin\/wp-json\/wp\/v2\/pages"}],"about":[{"href":"https:\/\/uelzener.de\/magazin\/wp-json\/wp\/v2\/types\/page"}],"author":[{"embeddable":true,"href":"https:\/\/uelzener.de\/magazin\/wp-json\/wp\/v2\/users\/3"}],"replies":[{"embeddable":true,"href":"https:\/\/uelzener.de\/magazin\/wp-json\/wp\/v2\/comments?post=12875"}],"version-history":[{"count":6,"href":"https:\/\/uelzener.de\/magazin\/wp-json\/wp\/v2\/pages\/12875\/revisions"}],"predecessor-version":[{"id":16875,"href":"https:\/\/uelzener.de\/magazin\/wp-json\/wp\/v2\/pages\/12875\/revisions\/16875"}],"up":[{"embeddable":true,"href":"https:\/\/uelzener.de\/magazin\/wp-json\/wp\/v2\/pages\/11679"}],"wp:featuredmedia":[{"embeddable":true,"href":"https:\/\/uelzener.de\/magazin\/wp-json\/wp\/v2\/media\/12876"}],"wp:attachment":[{"href":"https:\/\/uelzener.de\/magazin\/wp-json\/wp\/v2\/media?parent=12875"}],"curies":[{"name":"wp","href":"https:\/\/api.w.org\/{rel}","templated":true}]}}