{"id":12870,"date":"2021-11-12T15:52:32","date_gmt":"2021-11-12T14:52:32","guid":{"rendered":"https:\/\/uelzener.de\/magazin\/?page_id=12870"},"modified":"2023-10-13T17:22:14","modified_gmt":"2023-10-13T15:22:14","slug":"herzerkrankungen-beim-hund","status":"publish","type":"page","link":"https:\/\/uelzener.de\/magazin\/hund\/tiergesundheit\/herzerkrankungen-beim-hund\/","title":{"rendered":"Herzerkrankungen beim Hund"},"content":{"rendered":"<p>\u201eHand aufs Herz\u201c, \u201esein Herz \u00f6ffnen\u201c oder \u201eein Herz aus Stein\u201c \u2013 kein Wunder, dass es viele Redewendungen \u00fcber das wichtigste Organ im K\u00f6rper gibt. Aber wie arbeitet das Herz \u00fcberhaupt und warum sind Herzerkrankungen auch bei Hunden ein ernstzunehmendes Gesundheitsrisiko? Wir kl\u00e4ren auf \u00fcber Anatomie, h\u00e4ufige Herzerkrankungen und welche M\u00f6glichkeiten der Diagnose beim Hund bestehen.<\/p>\n<p>&nbsp;<\/p>\n<h2><strong>Wie funktioniert das Herz eines Hundes?<\/strong><\/h2>\n<p><img decoding=\"async\" class=\"wp-image-12871 aligncenter\" src=\"https:\/\/uelzener.de\/magazin\/app\/uploads\/2021\/11\/Aufbau-Hundeherz-298x300.png\" alt=\"Aufbau Hundeherz\" width=\"639\" height=\"644\" srcset=\"https:\/\/uelzener.de\/magazin\/app\/uploads\/2021\/11\/Aufbau-Hundeherz-298x300.png 298w, https:\/\/uelzener.de\/magazin\/app\/uploads\/2021\/11\/Aufbau-Hundeherz-150x150.png 150w, https:\/\/uelzener.de\/magazin\/app\/uploads\/2021\/11\/Aufbau-Hundeherz-668x673.png 668w, https:\/\/uelzener.de\/magazin\/app\/uploads\/2021\/11\/Aufbau-Hundeherz.png 758w\" sizes=\"(max-width: 639px) 100vw, 639px\" \/><\/p>\n<p>Das Herz des Hundes befindet sich im Brustkorb und ist durch die Rippen gesch\u00fctzt. Je nach Rasse kann dieses lebenswichtige Organ bis zu 500 Gramm wiegen. Das Herz hat auf der rechten und linken Seite jeweils einen Vorhof und eine Herzkammer. Auf der rechten Seite des Herzens sind sie durch die Trikuspidalklappe getrennt. Links verbindet sie die Mitralklappe. Beide Einheiten grenzen direkt an die Blutgef\u00e4\u00dfe an. Durch Muskelkontraktionen versorgt das Herz die Zellen mit Sauerstoff. Sauerstoffarmes Blut gelangt durch die Hohlvene in die rechte Herzkammer. Sie pumpt das Blut durch die Pulmonalklappe in die Lunge. Dort wird das Blut wieder mit Sauerstoff angereichert. Die Lungenvene bef\u00f6rdert das sauerstoffreiche Blut wieder ins Herz zur\u00fcck. Diesmal gelangt es in die linke Herzkammer. Durch die Muskelkontraktion des Herzens \u00f6ffnet sich die Aortenklappe und das sauerstoffreiche Blut gelangt durch die Aorta in weitere Blutgef\u00e4\u00dfe und Zellen. Stimmt in diesem Ablauf etwas nicht, leidet der Vierbeiner an einer Herzerkrankung. Nicht immer k\u00f6nnen Herrchen und Frauchen die Gefahr sofort erkennen. Viele Herzerkrankungen beginnen schleichend und symptomlos.<\/p>\n<p>&nbsp;<\/p>\n<h2>Herzerkrankungen beim Hund<\/h2>\n<p>Bei Hunden sind Herzerkrankungen keine Seltenheit. Das Risiko eines Herzinfarktes haben Hunde im Gegensatz zu Menschen trotzdem nicht. Denn ein Herzinfarkt wird beim Menschen durch eine Arterienverkalkung ausgel\u00f6st. Hunde ern\u00e4hren sich anders und neigen daher nicht zu solch einer Ablagerung. Stress ist bei Menschen ein weiteres Symptom, das den Infarkt im Herzen beg\u00fcnstigt. Stress \u2013 zumindest in der Form, wie er uns Menschen plagt \u2013 ist Hunden fremd. Jedoch sind Hunde h\u00e4ufig von Erkrankungen des Herzmuskels, der Herzklappen beziehungsweise einer Herzschw\u00e4che betroffen.<\/p>\n<h3>Herzschw\u00e4che (Herzinsuffizienz)<\/h3>\n<p>Pumpt das Herz nicht mehr gen\u00fcgend Sauerstoff in die Zellen, leidet der Vierbeiner unter einer Herzschw\u00e4che \u2013 auch Herzinsuffizienz genannt. Der Hund ist schlapp und atmet schwer. Auch Husten kann bei einer Herzschw\u00e4che vorkommen. Treten Symptome auf, ist die Erkrankung bereits fortgeschritten. Medizinisch ist die Herzschw\u00e4che selbst ein Symptom. Sie kann durch unterschiedliche Erkrankungen wie eine Entz\u00fcndung des Muskels oder eine Fehlfunktion der Herzklappen ausgel\u00f6st werden.<\/p>\n<h3>Herzmuskelerkrankung (dilatative Kardiomyopathie)<\/h3>\n<p>Durch eine Kontraktion des Muskels wird das Blut durch das Herz gepumpt. Bei einer Herzmuskelerkrankung ist der Rhythmus verlangsamt und es gelangt nicht mehr gen\u00fcgend Blut in den Kreislauf. Diese Erkrankung kommt fast ausschlie\u00dflich bei gro\u00dfen Hunderassen vor.<\/p>\n<p>Riesenrassen wie Doggen, Neufundl\u00e4nder, Bernhardiner und Wolfshunde sowie Dobermann und Boxer sind typische Rassen mit einem erh\u00f6hten Risiko f\u00fcr eine Herzmuskelerkrankung. Mangelern\u00e4hrung und Infektionen gelten ebenfalls als Risikofaktoren f\u00fcr eine Entz\u00fcndung des Herzmuskels.<\/p>\n<p><strong>Herzklappenerkrankung (Mitralklappenen dokardiose)<\/strong><\/p>\n<p>Ein Herz hat vier Herzklappen. Bei gesunden Hunden verhindern die Klappen, dass Blut in die falsche Richtung str\u00f6mt. Sie haben eine Ventilfunktion. Die Mitralklappe \u2013 zwischen dem rechten Vorhof und der rechten Herzkammer \u2013 ist am h\u00e4ufigsten von einer Erkrankung betroffen. Schlie\u00dft diese nicht mehr richtig, str\u00f6mt ein Teil des Blutes in den Vorhof zur\u00fcck und der Blutkreislauf wird dadurch mit weniger sauerstoffreichem Blut versorgt. \u00c4ltere und kleine Hunde haben ein h\u00f6heres Risiko f\u00fcr eine Herzklappenerkrankung. Man geht davon aus, dass auch Umwelteinfl\u00fcsse die Krankheit und ihren Verlauf beeinflussen.<\/p>\n<h3>Herzw\u00fcrmer (Dirofilariose)<\/h3>\n<p>Herzw\u00fcrmer sind Parasiten, welche die Lungengef\u00e4\u00dfe befallen k\u00f6nnen. Besonders in S\u00fcdeuropa und in Amerika ist der Dirofilariose (lateinischer Name des Herzwurms) verbreitet. Aber auch in Deutschland k\u00f6nnen Hunde an den Parasiten leiden. \u00dcbertragen werden die W\u00fcrmer \u00fcber Stechm\u00fccken. Herzw\u00fcrmer k\u00f6nnen auch Katzen, Frettchen und F\u00fcchse befallen.<\/p>\n<p>&nbsp;<\/p>\n<h2><strong>Diagnose einer Herzerkrankung beim Hund<br \/>\n<\/strong><\/h2>\n<p>Die Symptome bei den verschiedenen Herzerkrankungen \u00e4hneln sich. Schlappheit, geringe Belastbarkeit, schnelle Atmung, Husten und Blauf\u00e4rbung der Schleimh\u00e4ute in Maul und der Zunge sind Anzeichen f\u00fcr eine Herzschw\u00e4che. Der Tierarzt stellt bei der klinischen Untersuchung \u2013 Abh\u00f6ren des Herzens und der Lunge \u2013 meist Herzger\u00e4usche, eine schnellere Herzfrequenz oder Herzrhythmusst\u00f6rungen fest. F\u00fcr eine genauere Diagnose sind heute auch bei Hunden weitere Untersuchungsmethoden \u00fcblich. Blutdruckmessung, EKG und Ultraschall kennen wir Menschen von unseren Arztbesuchen. Aber wie funktioniert solch ein Diagnoseverfahren beim Hund?<\/p>\n<h3>Blutdruckmessung<\/h3>\n<p>F\u00fcr eine Blutdruckmessung ist auch beim Hund eine aufblasbare Manschette n\u00f6tig. Diese wird an den Gliedma\u00dfen oder an der Rute befestigt. Der Vierbeiner sollte dabei in der Brust- oder Seitenlage liegen. Eine Messung dauert nur wenige Minuten. Auch wenn die Prozedur f\u00fcr Hunde befremdlich wirkt, kann dies ohne Narkose durchgef\u00fchrt werden.<\/p>\n<h3>R\u00f6ntgen<\/h3>\n<p>Einen genaueren Einblick ins Herz erh\u00e4lt der Tierarzt durch R\u00f6ntgen. R\u00f6ntgenbilder geben Aufschluss \u00fcber Wasseransammlungen und die Gr\u00f6\u00dfe des Herzens. Der Hund wird je nach Position des zu untersuchenden Organs auf die Seite gelegt oder in Brust- und R\u00fcckenlage gebracht. Das bildgebende Verfahren ist meist ohne Narkose durchf\u00fchrbar und nach wenigen Minuten hat der Vierbeiner die schmerzlose Untersuchung \u00fcberstanden. Wichtig ist jedoch, dass der Hund sich dabei nicht bewegen darf.<\/p>\n<h3>Herzultraschall (Echokardiografie)<\/h3>\n<p>Der Herzultraschall ist eine schmerzlose Untersuchung beim Hund. Der Tierarzt tr\u00e4gt beim liegenden Hund ein Gel auf die Herzgegend auf. Ultraschallwellen geben dann Gr\u00f6\u00dfe, Beweglichkeit und Herzstr\u00f6me wieder. Dieses Verfahren funktioniert nur auf nackter Haut. Bevor es losgehen kann, muss der Hund ein bisschen Fell lassen. Vierbeiner nehmen dies aber meist sehr gelassen. Eine Sedierung ist nicht erforderlich. Sie verf\u00e4lscht mitunter auch das Ergebnis des Ultraschalls.<\/p>\n<h3>EKG (Elektrokardiogramm)<\/h3>\n<p>Mittlerweile ist auch ein Elektrokardiogramm (EKG) ein Standarddiagnoseverfahren bei Hunden. Kleine Elektroden werden an der Haut befestigt. Der Hund liegt dabei auf der Seite. Elektrische Impulse bilden bei der Messung den Rhythmus des Herzens ab. Damit der Vierbeiner die Untersuchung schnell hinter sich bringt, wird das Ergebnis meist ausgedruckt und im Nachhinein bewertet.<\/p>\n<h3>Langzeit-EKG (Holter-EKG)<\/h3>\n<p>In einigen F\u00e4llen ist ein Langzeit-EKG n\u00f6tig, besonders wenn der Vierbeiner an Ohnmachtsanf\u00e4llen leidet oder eine regelm\u00e4\u00dfige Medikamentenkontrolle erforderlich ist. Hier werden ebenfalls Elektroden auf der Haut des Bauches angebracht. Diese werden bei einem Langzeit-EKG jedoch geklebt. Ein Verband oder eine spezielle Weste fixieren die Elektroden. Der Hund wird 24 Stunden \u00fcberwacht. Das Ger\u00e4t zur Aufzeichnung ist auf dem R\u00fccken des Tieres befestigt und ist nur zirka 5&#215;5 Zentimeter gro\u00df. Es zeichnet den Herzrhythmus und die Herzfrequenz auf. Ein Langzeit-EKG ist schmerzlos. Hunde lassen die Prozedur des Verkabelns meist ohne Probleme \u00fcber sich ergehen.<\/p>\n<p>Beim Langzeit-EKG werden die auf der Haut angebrachten Elektroden mit einem Verband oder einer speziellen Weste fixiert. Das Ger\u00e4t zur Aufzeichnung ist hierbei auf dem R\u00fccken des Hundes.<\/p>\n<h3>Blutuntersuchung<\/h3>\n<p>Unterschiedliche Werte im Blut k\u00f6nnen Aufschluss \u00fcber die Art der Herzerkrankung liefern. Mit einer Spritze wird Blut aus einer Gliedma\u00dfe entnommen. Den kleinen Piks merken die felligen Patienten kaum. Ist die Diagnose abgeschlossen, k\u00f6nnen Medikamente die Lebensqualit\u00e4t der Hunde verbessern. Heilbar ist eine Herzerkrankung in der Regel nicht. Durch immer modernere Technologien, diagnostische sowie therapeutische M\u00f6glichkeiten k\u00f6nnen Hunde heute gut mit einer Herzerkrankung leben. Diagnose und Therapie sind jedoch mit hohen Kosten verbunden. Eine <strong>Krankenversicherung f\u00fcr Hunde<\/strong> deckt die Kosten einer erworbenen Herzerkrankung ab. Hundehalter:innen brauchen sich nicht um ihren Liebling zu sorgen. Ohne sich Gedanken \u00fcber die Tierarztkosten zu machen, kann der Vierbeiner optimal versorgt werden.<\/p>\n\n<div class=\"banner\">\n    <a href=\"https:\/\/uelzener.de\/hund\/hunde-krankenversicherung\/?agt=0000104925&sem=true&utm_medium=magazin&utm_source=wordpress&utm_campaign=hund_kv&utm_content=banner\">\n        <img decoding=\"async\" width=\"300\" height=\"212\" src=\"https:\/\/uelzener.de\/magazin\/app\/uploads\/2025\/01\/Hunde-Kranken-Versicherung.jpg\" class=\"attachment-medium size-medium\" alt=\"Banner Hunde-Kranken-Versicherung\" \/>    <\/a>\n<\/div>\n\n","protected":false},"excerpt":{"rendered":"<p>\u201eHand aufs Herz\u201c, \u201esein Herz \u00f6ffnen\u201c oder \u201eein Herz aus Stein\u201c \u2013 kein Wunder, dass es viele Redewendungen \u00fcber das wichtigste Organ im K\u00f6rper gibt. Aber wie arbeitet das Herz \u00fcberhaupt und warum sind Herzerkrankungen auch bei Hunden ein ernstzunehmendes Gesundheitsrisiko? Wir kl\u00e4ren auf \u00fcber Anatomie, h\u00e4ufige Herzerkrankungen und welche M\u00f6glichkeiten der Diagnose beim Hund [&hellip;]<\/p>\n","protected":false},"author":3,"featured_media":12872,"parent":11701,"menu_order":52,"comment_status":"closed","ping_status":"closed","template":"templates\/blog.php","meta":{"_acf_changed":false,"_crdt_document":"","footnotes":"","beyondwords_generate_audio":"0","beyondwords_project_id":"","beyondwords_content_id":"","beyondwords_preview_token":"","beyondwords_player_style":"","beyondwords_language_id":"","beyondwords_title_voice_id":"","beyondwords_body_voice_id":"","beyondwords_summary_voice_id":"","beyondwords_error_message":"","beyondwords_disabled":"","beyondwords_delete_content":"","beyondwords_podcast_id":"","beyondwords_hash":"","publish_post_to_speechkit":"","speechkit_hash":"","speechkit_generate_audio":"","speechkit_project_id":"","speechkit_podcast_id":"","speechkit_error_message":"","speechkit_disabled":"","speechkit_access_key":"","speechkit_error":"","speechkit_info":"","speechkit_response":"","speechkit_retries":"","speechkit_status":"","speechkit_updated_at":"","_speechkit_link":"","_speechkit_text":""},"class_list":["post-12870","page","type-page","status-publish","has-post-thumbnail","hentry"],"acf":[],"yoast_head":"<!-- This site is optimized with the Yoast SEO Premium plugin  - https:\/\/yoast.com\/product\/yoast-seo-premium-wordpress\/ -->\n<title>Herzerkrankungen beim Hund | Uelzener<\/title>\n<meta name=\"description\" content=\"Herzerkrankungen sind auch beim Hund ein ernstzunehmendes Risiko. Erfahrt alles zu Herzerkrankungen und deren Diagnosen.\" \/>\n<meta name=\"robots\" content=\"index, follow, max-snippet:-1, max-image-preview:large, max-video-preview:-1\" \/>\n<link rel=\"canonical\" href=\"https:\/\/uelzener.de\/magazin\/hund\/tiergesundheit\/herzerkrankungen-beim-hund\/\" \/>\n<meta property=\"og:locale\" content=\"de_DE\" \/>\n<meta property=\"og:type\" content=\"article\" \/>\n<meta property=\"og:title\" content=\"Herzerkrankungen beim Hund\" \/>\n<meta property=\"og:description\" content=\"Herzerkrankungen sind auch beim Hund ein ernstzunehmendes Risiko. Erfahrt alles zu Herzerkrankungen und deren Diagnosen.\" \/>\n<meta property=\"og:url\" content=\"https:\/\/uelzener.de\/magazin\/hund\/tiergesundheit\/herzerkrankungen-beim-hund\/\" \/>\n<meta property=\"og:site_name\" content=\"Uelzener Tier-Magazin\" \/>\n<meta property=\"article:publisher\" content=\"https:\/\/www.facebook.com\/Uelzener\" \/>\n<meta property=\"article:modified_time\" content=\"2023-10-13T15:22:14+00:00\" \/>\n<meta property=\"og:image\" content=\"https:\/\/uelzener.de\/magazin\/app\/uploads\/2021\/11\/Hund_Herz_Header.jpg\" \/>\n\t<meta property=\"og:image:width\" content=\"1024\" \/>\n\t<meta property=\"og:image:height\" content=\"450\" \/>\n\t<meta property=\"og:image:type\" content=\"image\/jpeg\" \/>\n<meta name=\"twitter:card\" content=\"summary_large_image\" \/>\n<meta name=\"twitter:label1\" content=\"Gesch\u00e4tzte Lesezeit\" \/>\n\t<meta name=\"twitter:data1\" content=\"6\u00a0Minuten\" \/>\n<script type=\"application\/ld+json\" class=\"yoast-schema-graph\">{\"@context\":\"https:\/\/schema.org\",\"@graph\":[{\"@type\":\"WebPage\",\"@id\":\"https:\/\/uelzener.de\/magazin\/hund\/tiergesundheit\/herzerkrankungen-beim-hund\/\",\"url\":\"https:\/\/uelzener.de\/magazin\/hund\/tiergesundheit\/herzerkrankungen-beim-hund\/\",\"name\":\"Herzerkrankungen beim Hund | Uelzener\",\"isPartOf\":{\"@id\":\"https:\/\/uelzener.de\/magazin\/#website\"},\"primaryImageOfPage\":{\"@id\":\"https:\/\/uelzener.de\/magazin\/hund\/tiergesundheit\/herzerkrankungen-beim-hund\/#primaryimage\"},\"image\":{\"@id\":\"https:\/\/uelzener.de\/magazin\/hund\/tiergesundheit\/herzerkrankungen-beim-hund\/#primaryimage\"},\"thumbnailUrl\":\"https:\/\/uelzener.de\/magazin\/app\/uploads\/2021\/11\/Hund_Herz_Header.jpg\",\"datePublished\":\"2021-11-12T14:52:32+00:00\",\"dateModified\":\"2023-10-13T15:22:14+00:00\",\"description\":\"Herzerkrankungen sind auch beim Hund ein ernstzunehmendes Risiko. Erfahrt alles zu Herzerkrankungen und deren Diagnosen.\",\"breadcrumb\":{\"@id\":\"https:\/\/uelzener.de\/magazin\/hund\/tiergesundheit\/herzerkrankungen-beim-hund\/#breadcrumb\"},\"inLanguage\":\"de\",\"potentialAction\":[{\"@type\":\"ReadAction\",\"target\":[\"https:\/\/uelzener.de\/magazin\/hund\/tiergesundheit\/herzerkrankungen-beim-hund\/\"]}]},{\"@type\":\"ImageObject\",\"inLanguage\":\"de\",\"@id\":\"https:\/\/uelzener.de\/magazin\/hund\/tiergesundheit\/herzerkrankungen-beim-hund\/#primaryimage\",\"url\":\"https:\/\/uelzener.de\/magazin\/app\/uploads\/2021\/11\/Hund_Herz_Header.jpg\",\"contentUrl\":\"https:\/\/uelzener.de\/magazin\/app\/uploads\/2021\/11\/Hund_Herz_Header.jpg\",\"width\":1024,\"height\":450,\"caption\":\"Besitzerin hat ihren kleinen Hund auf dem Scho\u00df und die H\u00e4nde in Herzform gefaltet. Der Hund hat die Augen geschlossen, Herzerkrankungen bei Hunden sind keine Seltenheit.\"},{\"@type\":\"WebSite\",\"@id\":\"https:\/\/uelzener.de\/magazin\/#website\",\"url\":\"https:\/\/uelzener.de\/magazin\/\",\"name\":\"Uelzener Tiermagazin\",\"description\":\"Online Tierratgeber der Uelzener Versicherungen\",\"publisher\":{\"@id\":\"https:\/\/uelzener.de\/magazin\/#organization\"},\"potentialAction\":[{\"@type\":\"SearchAction\",\"target\":{\"@type\":\"EntryPoint\",\"urlTemplate\":\"https:\/\/uelzener.de\/magazin\/?s={search_term_string}\"},\"query-input\":{\"@type\":\"PropertyValueSpecification\",\"valueRequired\":true,\"valueName\":\"search_term_string\"}}],\"inLanguage\":\"de\"},{\"@type\":\"Organization\",\"@id\":\"https:\/\/uelzener.de\/magazin\/#organization\",\"name\":\"Uelzener Versicherungen\",\"url\":\"https:\/\/uelzener.de\/magazin\/\",\"logo\":{\"@type\":\"ImageObject\",\"inLanguage\":\"de\",\"@id\":\"https:\/\/uelzener.de\/magazin\/#\/schema\/logo\/image\/\",\"url\":\"https:\/\/uelzener.de\/magazin\/app\/uploads\/2024\/11\/uelzener_allgemeine_versicherungsgesellschaft_a_g_logo.jpg\",\"contentUrl\":\"https:\/\/uelzener.de\/magazin\/app\/uploads\/2024\/11\/uelzener_allgemeine_versicherungsgesellschaft_a_g_logo.jpg\",\"width\":200,\"height\":200,\"caption\":\"Uelzener Versicherungen\"},\"image\":{\"@id\":\"https:\/\/uelzener.de\/magazin\/#\/schema\/logo\/image\/\"},\"sameAs\":[\"https:\/\/www.facebook.com\/Uelzener\",\"https:\/\/instagram.com\/uelzener\",\"https:\/\/www.xing.com\/pages\/uelzenerallgemeineversicherungs-gesellschafta-g\",\"https:\/\/www.youtube.com\/UelzenerVersicherungen\"]}]}<\/script>\n<!-- \/ Yoast SEO Premium plugin. -->","yoast_head_json":{"title":"Herzerkrankungen beim Hund | Uelzener","description":"Herzerkrankungen sind auch beim Hund ein ernstzunehmendes Risiko. Erfahrt alles zu Herzerkrankungen und deren Diagnosen.","robots":{"index":"index","follow":"follow","max-snippet":"max-snippet:-1","max-image-preview":"max-image-preview:large","max-video-preview":"max-video-preview:-1"},"canonical":"https:\/\/uelzener.de\/magazin\/hund\/tiergesundheit\/herzerkrankungen-beim-hund\/","og_locale":"de_DE","og_type":"article","og_title":"Herzerkrankungen beim Hund","og_description":"Herzerkrankungen sind auch beim Hund ein ernstzunehmendes Risiko. Erfahrt alles zu Herzerkrankungen und deren Diagnosen.","og_url":"https:\/\/uelzener.de\/magazin\/hund\/tiergesundheit\/herzerkrankungen-beim-hund\/","og_site_name":"Uelzener Tier-Magazin","article_publisher":"https:\/\/www.facebook.com\/Uelzener","article_modified_time":"2023-10-13T15:22:14+00:00","og_image":[{"width":1024,"height":450,"url":"https:\/\/uelzener.de\/magazin\/app\/uploads\/2021\/11\/Hund_Herz_Header.jpg","type":"image\/jpeg"}],"twitter_card":"summary_large_image","twitter_misc":{"Gesch\u00e4tzte Lesezeit":"6\u00a0Minuten"},"schema":{"@context":"https:\/\/schema.org","@graph":[{"@type":"WebPage","@id":"https:\/\/uelzener.de\/magazin\/hund\/tiergesundheit\/herzerkrankungen-beim-hund\/","url":"https:\/\/uelzener.de\/magazin\/hund\/tiergesundheit\/herzerkrankungen-beim-hund\/","name":"Herzerkrankungen beim Hund | Uelzener","isPartOf":{"@id":"https:\/\/uelzener.de\/magazin\/#website"},"primaryImageOfPage":{"@id":"https:\/\/uelzener.de\/magazin\/hund\/tiergesundheit\/herzerkrankungen-beim-hund\/#primaryimage"},"image":{"@id":"https:\/\/uelzener.de\/magazin\/hund\/tiergesundheit\/herzerkrankungen-beim-hund\/#primaryimage"},"thumbnailUrl":"https:\/\/uelzener.de\/magazin\/app\/uploads\/2021\/11\/Hund_Herz_Header.jpg","datePublished":"2021-11-12T14:52:32+00:00","dateModified":"2023-10-13T15:22:14+00:00","description":"Herzerkrankungen sind auch beim Hund ein ernstzunehmendes Risiko. Erfahrt alles zu Herzerkrankungen und deren Diagnosen.","breadcrumb":{"@id":"https:\/\/uelzener.de\/magazin\/hund\/tiergesundheit\/herzerkrankungen-beim-hund\/#breadcrumb"},"inLanguage":"de","potentialAction":[{"@type":"ReadAction","target":["https:\/\/uelzener.de\/magazin\/hund\/tiergesundheit\/herzerkrankungen-beim-hund\/"]}]},{"@type":"ImageObject","inLanguage":"de","@id":"https:\/\/uelzener.de\/magazin\/hund\/tiergesundheit\/herzerkrankungen-beim-hund\/#primaryimage","url":"https:\/\/uelzener.de\/magazin\/app\/uploads\/2021\/11\/Hund_Herz_Header.jpg","contentUrl":"https:\/\/uelzener.de\/magazin\/app\/uploads\/2021\/11\/Hund_Herz_Header.jpg","width":1024,"height":450,"caption":"Besitzerin hat ihren kleinen Hund auf dem Scho\u00df und die H\u00e4nde in Herzform gefaltet. Der Hund hat die Augen geschlossen, Herzerkrankungen bei Hunden sind keine Seltenheit."},{"@type":"WebSite","@id":"https:\/\/uelzener.de\/magazin\/#website","url":"https:\/\/uelzener.de\/magazin\/","name":"Uelzener Tiermagazin","description":"Online Tierratgeber der Uelzener Versicherungen","publisher":{"@id":"https:\/\/uelzener.de\/magazin\/#organization"},"potentialAction":[{"@type":"SearchAction","target":{"@type":"EntryPoint","urlTemplate":"https:\/\/uelzener.de\/magazin\/?s={search_term_string}"},"query-input":{"@type":"PropertyValueSpecification","valueRequired":true,"valueName":"search_term_string"}}],"inLanguage":"de"},{"@type":"Organization","@id":"https:\/\/uelzener.de\/magazin\/#organization","name":"Uelzener Versicherungen","url":"https:\/\/uelzener.de\/magazin\/","logo":{"@type":"ImageObject","inLanguage":"de","@id":"https:\/\/uelzener.de\/magazin\/#\/schema\/logo\/image\/","url":"https:\/\/uelzener.de\/magazin\/app\/uploads\/2024\/11\/uelzener_allgemeine_versicherungsgesellschaft_a_g_logo.jpg","contentUrl":"https:\/\/uelzener.de\/magazin\/app\/uploads\/2024\/11\/uelzener_allgemeine_versicherungsgesellschaft_a_g_logo.jpg","width":200,"height":200,"caption":"Uelzener Versicherungen"},"image":{"@id":"https:\/\/uelzener.de\/magazin\/#\/schema\/logo\/image\/"},"sameAs":["https:\/\/www.facebook.com\/Uelzener","https:\/\/instagram.com\/uelzener","https:\/\/www.xing.com\/pages\/uelzenerallgemeineversicherungs-gesellschafta-g","https:\/\/www.youtube.com\/UelzenerVersicherungen"]}]}},"_links":{"self":[{"href":"https:\/\/uelzener.de\/magazin\/wp-json\/wp\/v2\/pages\/12870","targetHints":{"allow":["GET"]}}],"collection":[{"href":"https:\/\/uelzener.de\/magazin\/wp-json\/wp\/v2\/pages"}],"about":[{"href":"https:\/\/uelzener.de\/magazin\/wp-json\/wp\/v2\/types\/page"}],"author":[{"embeddable":true,"href":"https:\/\/uelzener.de\/magazin\/wp-json\/wp\/v2\/users\/3"}],"replies":[{"embeddable":true,"href":"https:\/\/uelzener.de\/magazin\/wp-json\/wp\/v2\/comments?post=12870"}],"version-history":[{"count":3,"href":"https:\/\/uelzener.de\/magazin\/wp-json\/wp\/v2\/pages\/12870\/revisions"}],"predecessor-version":[{"id":16381,"href":"https:\/\/uelzener.de\/magazin\/wp-json\/wp\/v2\/pages\/12870\/revisions\/16381"}],"up":[{"embeddable":true,"href":"https:\/\/uelzener.de\/magazin\/wp-json\/wp\/v2\/pages\/11701"}],"wp:featuredmedia":[{"embeddable":true,"href":"https:\/\/uelzener.de\/magazin\/wp-json\/wp\/v2\/media\/12872"}],"wp:attachment":[{"href":"https:\/\/uelzener.de\/magazin\/wp-json\/wp\/v2\/media?parent=12870"}],"curies":[{"name":"wp","href":"https:\/\/api.w.org\/{rel}","templated":true}]}}