{"id":12867,"date":"2021-11-12T15:17:59","date_gmt":"2021-11-12T14:17:59","guid":{"rendered":"https:\/\/uelzener.de\/magazin\/?page_id=12867"},"modified":"2023-10-17T14:23:40","modified_gmt":"2023-10-17T12:23:40","slug":"bahnregeln","status":"publish","type":"page","link":"https:\/\/uelzener.de\/magazin\/pferd\/tipps-fuer-den-alltag\/bahnregeln\/","title":{"rendered":"9 Bahnregeln f\u00fcr ein sicheres Miteinander in der Halle oder auf dem Reitplatz"},"content":{"rendered":"<p>Besonders, wenn die Halle oder der Reitplatz von mehreren Reiter:innen genutzt wird, sollten sich alle an die gleichen Regeln halten, damit es nicht zu Missverst\u00e4ndnissen oder gar zu <a href=\"https:\/\/uelzener.de\/magazin\/pferd\/haeufige-fragen\/haeufige-reitunfaelle\/\">Reitunf\u00e4llen<\/a> kommt.<\/p>\n<h2>9 Bahnregeln zusammengetragen, an die du dich besser halten solltest<\/h2>\n<ol>\n<li>M\u00f6chte man als Reiter:in die Bahn betreten oder verlassen, ruft man laut und deutlich: \u201eT\u00fcr frei, bitte!\u201c Erst wenn von den Mitreiter:innen die Antwort \u201eT\u00fcr ist frei!\u201c kommt, betritt oder verl\u00e4sst man die Bahn.<\/li>\n<li>Um andere Reiter:innen nicht zu st\u00f6ren, geht man zum Auf- und Absteigen am besten in die Zirkelmitte oder auf die Mittellinie.<\/li>\n<li>Der Hufschlag ist im ersten Schritt f\u00fcr Reiter:innen in schnelleren Gangarten freizumachen. So bleibt man im Schritt am besten auf dem zweiten oder dritten Hufschlag.<\/li>\n<li>Reiter:innen auf der linken Hand haben Vorfahrt. Wer also auf der rechten Hand reitet und einem Reiter oder einer Reiterin entgegenkommt, der weicht nach rechts, also nach innen, aus. Die Person auf der linken Hand darf auf dem Hufschlag bleiben.<\/li>\n<li>Ganze Bahn hat Vorfahrt vor anderen Bahnfiguren. Reiter:innen auf dem Zirkel weichen also denen auf dem ersten Hufschlag aus. Hierbei haben die gr\u00f6\u00dferen Linien Vorrang vor den kleineren. Also Zirkel vor Volte, ganze Bahn vor Zirkel.<\/li>\n<li>Abstand halten! Es sollte beim Aneinandervorbeireiten und \u00dcberholen immer ein ausreichender und angemessener Abstand eingehalten werden, damit sich kein Pferd bedr\u00e4ngt f\u00fchlt und es nicht zu unangenehmen Situationen kommt.<\/li>\n<li>Gegenseitige R\u00fccksicht steht immer an erster Stelle. Sind unerfahrene Reiter:innen oder junge Pferde in der Bahn, muss man nicht immer auf seine \u201eVorfahrt\u201c bestehen. Am besten, man stimmt sich ab, wer ausweicht, um Missverst\u00e4ndnisse zu vermeiden.<\/li>\n<li>F\u00fcr das Longieren und Freilaufen gelten h\u00e4ufig unterschiedliche Regeln. Ist es erlaubt, sollte dadurch niemand gest\u00f6rt oder behindert werden.<\/li>\n<li>Am Ende sollte die Bahn wieder so hinterlassen werden, wie man sie vorgefunden hat. Stangen, Spr\u00fcnge, Pylonen oder \u00c4hnliches sind wieder an ihren Platz zu r\u00e4umen. Pferde\u00e4pfel sind schnellstm\u00f6glich einzusammeln!<\/li>\n<\/ol>\n<p>Nat\u00fcrlich kann es auch trotz Regeln zu einem <a href=\"https:\/\/uelzener.de\/magazin\/pferd\/haeufige-fragen\/haeufige-reitunfaelle\/\">Unfall<\/a> kommen. Nicht nur der Reiter, auch das Pferd kann sich dabei verletzten. F\u00fcr solche Situationen ist es wichtig, eine gute <a href=\"https:\/\/uelzener.de\/pferd\/\">Pferde-Versicherung<\/a> abzuschlie\u00dfen. Somit sch\u00fctzt du dich vor m\u00f6glichen hohen Kosten beim Tierarzt.<\/p>\n","protected":false},"excerpt":{"rendered":"<p>Besonders, wenn die Halle oder der Reitplatz von mehreren Reiter:innen genutzt wird, sollten sich alle an die gleichen Regeln halten, damit es nicht zu Missverst\u00e4ndnissen oder gar zu Reitunf\u00e4llen kommt. 9 Bahnregeln zusammengetragen, an die du dich besser halten solltest M\u00f6chte man als Reiter:in die Bahn betreten oder verlassen, ruft man laut und deutlich: \u201eT\u00fcr [&hellip;]<\/p>\n","protected":false},"author":3,"featured_media":12868,"parent":11703,"menu_order":16,"comment_status":"closed","ping_status":"closed","template":"templates\/blog.php","meta":{"_acf_changed":false,"_crdt_document":"","footnotes":"","beyondwords_generate_audio":"0","beyondwords_project_id":"","beyondwords_content_id":"","beyondwords_preview_token":"","beyondwords_player_style":"","beyondwords_language_id":"","beyondwords_title_voice_id":"","beyondwords_body_voice_id":"","beyondwords_summary_voice_id":"","beyondwords_error_message":"","beyondwords_disabled":"","beyondwords_delete_content":"","beyondwords_podcast_id":"","beyondwords_hash":"","publish_post_to_speechkit":"","speechkit_hash":"","speechkit_generate_audio":"","speechkit_project_id":"","speechkit_podcast_id":"","speechkit_error_message":"","speechkit_disabled":"","speechkit_access_key":"","speechkit_error":"","speechkit_info":"","speechkit_response":"","speechkit_retries":"","speechkit_status":"","speechkit_updated_at":"","_speechkit_link":"","_speechkit_text":""},"class_list":["post-12867","page","type-page","status-publish","has-post-thumbnail","hentry"],"acf":[],"yoast_head":"<!-- This site is optimized with the Yoast SEO Premium plugin  - https:\/\/yoast.com\/product\/yoast-seo-premium-wordpress\/ -->\n<title>9 Bahnregeln f\u00fcr ein sicheres Miteinander in der Halle oder auf dem Reitplatz | Uelzener<\/title>\n<meta name=\"description\" content=\"Wenn mehrere Reiter:innen die Halle nutzen, sollten sich alle an die gleichen Bahnregeln halten. Wir haben die wichtigsten zusammengefasst!\" \/>\n<meta name=\"robots\" content=\"index, follow, max-snippet:-1, max-image-preview:large, max-video-preview:-1\" \/>\n<link rel=\"canonical\" href=\"https:\/\/uelzener.de\/magazin\/pferd\/tipps-fuer-den-alltag\/bahnregeln\/\" \/>\n<meta property=\"og:locale\" content=\"de_DE\" \/>\n<meta property=\"og:type\" content=\"article\" \/>\n<meta property=\"og:title\" content=\"9 Bahnregeln f\u00fcr ein sicheres Miteinander in der Halle oder auf dem Reitplatz\" \/>\n<meta property=\"og:description\" content=\"Wenn mehrere Reiter:innen die Halle nutzen, sollten sich alle an die gleichen Bahnregeln halten. Wir haben die wichtigsten zusammengefasst!\" \/>\n<meta property=\"og:url\" content=\"https:\/\/uelzener.de\/magazin\/pferd\/tipps-fuer-den-alltag\/bahnregeln\/\" \/>\n<meta property=\"og:site_name\" content=\"Uelzener Tier-Magazin\" \/>\n<meta property=\"article:publisher\" content=\"https:\/\/www.facebook.com\/Uelzener\" \/>\n<meta property=\"article:modified_time\" content=\"2023-10-17T12:23:40+00:00\" \/>\n<meta property=\"og:image\" content=\"https:\/\/uelzener.de\/magazin\/app\/uploads\/2021\/11\/Bahnregeln.jpg\" \/>\n\t<meta property=\"og:image:width\" content=\"1024\" \/>\n\t<meta property=\"og:image:height\" content=\"450\" \/>\n\t<meta property=\"og:image:type\" content=\"image\/jpeg\" \/>\n<meta name=\"twitter:card\" content=\"summary_large_image\" \/>\n<meta name=\"twitter:label1\" content=\"Gesch\u00e4tzte Lesezeit\" \/>\n\t<meta name=\"twitter:data1\" content=\"2\u00a0Minuten\" \/>\n<script type=\"application\/ld+json\" class=\"yoast-schema-graph\">{\"@context\":\"https:\/\/schema.org\",\"@graph\":[{\"@type\":\"WebPage\",\"@id\":\"https:\/\/uelzener.de\/magazin\/pferd\/tipps-fuer-den-alltag\/bahnregeln\/\",\"url\":\"https:\/\/uelzener.de\/magazin\/pferd\/tipps-fuer-den-alltag\/bahnregeln\/\",\"name\":\"9 Bahnregeln f\u00fcr ein sicheres Miteinander in der Halle oder auf dem Reitplatz | Uelzener\",\"isPartOf\":{\"@id\":\"https:\/\/uelzener.de\/magazin\/#website\"},\"primaryImageOfPage\":{\"@id\":\"https:\/\/uelzener.de\/magazin\/pferd\/tipps-fuer-den-alltag\/bahnregeln\/#primaryimage\"},\"image\":{\"@id\":\"https:\/\/uelzener.de\/magazin\/pferd\/tipps-fuer-den-alltag\/bahnregeln\/#primaryimage\"},\"thumbnailUrl\":\"https:\/\/uelzener.de\/magazin\/app\/uploads\/2021\/11\/Bahnregeln.jpg\",\"datePublished\":\"2021-11-12T14:17:59+00:00\",\"dateModified\":\"2023-10-17T12:23:40+00:00\",\"description\":\"Wenn mehrere Reiter:innen die Halle nutzen, sollten sich alle an die gleichen Bahnregeln halten. Wir haben die wichtigsten zusammengefasst!\",\"breadcrumb\":{\"@id\":\"https:\/\/uelzener.de\/magazin\/pferd\/tipps-fuer-den-alltag\/bahnregeln\/#breadcrumb\"},\"inLanguage\":\"de\",\"potentialAction\":[{\"@type\":\"ReadAction\",\"target\":[\"https:\/\/uelzener.de\/magazin\/pferd\/tipps-fuer-den-alltag\/bahnregeln\/\"]}]},{\"@type\":\"ImageObject\",\"inLanguage\":\"de\",\"@id\":\"https:\/\/uelzener.de\/magazin\/pferd\/tipps-fuer-den-alltag\/bahnregeln\/#primaryimage\",\"url\":\"https:\/\/uelzener.de\/magazin\/app\/uploads\/2021\/11\/Bahnregeln.jpg\",\"contentUrl\":\"https:\/\/uelzener.de\/magazin\/app\/uploads\/2021\/11\/Bahnregeln.jpg\",\"width\":1024,\"height\":450,\"caption\":\"In der Reithalle m\u00fcssen sich alle Reiter und Reiterinnen an die Bahnregeln halten.\"},{\"@type\":\"WebSite\",\"@id\":\"https:\/\/uelzener.de\/magazin\/#website\",\"url\":\"https:\/\/uelzener.de\/magazin\/\",\"name\":\"Uelzener Tiermagazin\",\"description\":\"Online Tierratgeber der Uelzener Versicherungen\",\"publisher\":{\"@id\":\"https:\/\/uelzener.de\/magazin\/#organization\"},\"potentialAction\":[{\"@type\":\"SearchAction\",\"target\":{\"@type\":\"EntryPoint\",\"urlTemplate\":\"https:\/\/uelzener.de\/magazin\/?s={search_term_string}\"},\"query-input\":{\"@type\":\"PropertyValueSpecification\",\"valueRequired\":true,\"valueName\":\"search_term_string\"}}],\"inLanguage\":\"de\"},{\"@type\":\"Organization\",\"@id\":\"https:\/\/uelzener.de\/magazin\/#organization\",\"name\":\"Uelzener Versicherungen\",\"url\":\"https:\/\/uelzener.de\/magazin\/\",\"logo\":{\"@type\":\"ImageObject\",\"inLanguage\":\"de\",\"@id\":\"https:\/\/uelzener.de\/magazin\/#\/schema\/logo\/image\/\",\"url\":\"https:\/\/uelzener.de\/magazin\/app\/uploads\/2024\/11\/uelzener_allgemeine_versicherungsgesellschaft_a_g_logo.jpg\",\"contentUrl\":\"https:\/\/uelzener.de\/magazin\/app\/uploads\/2024\/11\/uelzener_allgemeine_versicherungsgesellschaft_a_g_logo.jpg\",\"width\":200,\"height\":200,\"caption\":\"Uelzener Versicherungen\"},\"image\":{\"@id\":\"https:\/\/uelzener.de\/magazin\/#\/schema\/logo\/image\/\"},\"sameAs\":[\"https:\/\/www.facebook.com\/Uelzener\",\"https:\/\/instagram.com\/uelzener\",\"https:\/\/www.xing.com\/pages\/uelzenerallgemeineversicherungs-gesellschafta-g\",\"https:\/\/www.youtube.com\/UelzenerVersicherungen\"]}]}<\/script>\n<!-- \/ Yoast SEO Premium plugin. -->","yoast_head_json":{"title":"9 Bahnregeln f\u00fcr ein sicheres Miteinander in der Halle oder auf dem Reitplatz | Uelzener","description":"Wenn mehrere Reiter:innen die Halle nutzen, sollten sich alle an die gleichen Bahnregeln halten. Wir haben die wichtigsten zusammengefasst!","robots":{"index":"index","follow":"follow","max-snippet":"max-snippet:-1","max-image-preview":"max-image-preview:large","max-video-preview":"max-video-preview:-1"},"canonical":"https:\/\/uelzener.de\/magazin\/pferd\/tipps-fuer-den-alltag\/bahnregeln\/","og_locale":"de_DE","og_type":"article","og_title":"9 Bahnregeln f\u00fcr ein sicheres Miteinander in der Halle oder auf dem Reitplatz","og_description":"Wenn mehrere Reiter:innen die Halle nutzen, sollten sich alle an die gleichen Bahnregeln halten. Wir haben die wichtigsten zusammengefasst!","og_url":"https:\/\/uelzener.de\/magazin\/pferd\/tipps-fuer-den-alltag\/bahnregeln\/","og_site_name":"Uelzener Tier-Magazin","article_publisher":"https:\/\/www.facebook.com\/Uelzener","article_modified_time":"2023-10-17T12:23:40+00:00","og_image":[{"width":1024,"height":450,"url":"https:\/\/uelzener.de\/magazin\/app\/uploads\/2021\/11\/Bahnregeln.jpg","type":"image\/jpeg"}],"twitter_card":"summary_large_image","twitter_misc":{"Gesch\u00e4tzte Lesezeit":"2\u00a0Minuten"},"schema":{"@context":"https:\/\/schema.org","@graph":[{"@type":"WebPage","@id":"https:\/\/uelzener.de\/magazin\/pferd\/tipps-fuer-den-alltag\/bahnregeln\/","url":"https:\/\/uelzener.de\/magazin\/pferd\/tipps-fuer-den-alltag\/bahnregeln\/","name":"9 Bahnregeln f\u00fcr ein sicheres Miteinander in der Halle oder auf dem Reitplatz | Uelzener","isPartOf":{"@id":"https:\/\/uelzener.de\/magazin\/#website"},"primaryImageOfPage":{"@id":"https:\/\/uelzener.de\/magazin\/pferd\/tipps-fuer-den-alltag\/bahnregeln\/#primaryimage"},"image":{"@id":"https:\/\/uelzener.de\/magazin\/pferd\/tipps-fuer-den-alltag\/bahnregeln\/#primaryimage"},"thumbnailUrl":"https:\/\/uelzener.de\/magazin\/app\/uploads\/2021\/11\/Bahnregeln.jpg","datePublished":"2021-11-12T14:17:59+00:00","dateModified":"2023-10-17T12:23:40+00:00","description":"Wenn mehrere Reiter:innen die Halle nutzen, sollten sich alle an die gleichen Bahnregeln halten. Wir haben die wichtigsten zusammengefasst!","breadcrumb":{"@id":"https:\/\/uelzener.de\/magazin\/pferd\/tipps-fuer-den-alltag\/bahnregeln\/#breadcrumb"},"inLanguage":"de","potentialAction":[{"@type":"ReadAction","target":["https:\/\/uelzener.de\/magazin\/pferd\/tipps-fuer-den-alltag\/bahnregeln\/"]}]},{"@type":"ImageObject","inLanguage":"de","@id":"https:\/\/uelzener.de\/magazin\/pferd\/tipps-fuer-den-alltag\/bahnregeln\/#primaryimage","url":"https:\/\/uelzener.de\/magazin\/app\/uploads\/2021\/11\/Bahnregeln.jpg","contentUrl":"https:\/\/uelzener.de\/magazin\/app\/uploads\/2021\/11\/Bahnregeln.jpg","width":1024,"height":450,"caption":"In der Reithalle m\u00fcssen sich alle Reiter und Reiterinnen an die Bahnregeln halten."},{"@type":"WebSite","@id":"https:\/\/uelzener.de\/magazin\/#website","url":"https:\/\/uelzener.de\/magazin\/","name":"Uelzener Tiermagazin","description":"Online Tierratgeber der Uelzener Versicherungen","publisher":{"@id":"https:\/\/uelzener.de\/magazin\/#organization"},"potentialAction":[{"@type":"SearchAction","target":{"@type":"EntryPoint","urlTemplate":"https:\/\/uelzener.de\/magazin\/?s={search_term_string}"},"query-input":{"@type":"PropertyValueSpecification","valueRequired":true,"valueName":"search_term_string"}}],"inLanguage":"de"},{"@type":"Organization","@id":"https:\/\/uelzener.de\/magazin\/#organization","name":"Uelzener Versicherungen","url":"https:\/\/uelzener.de\/magazin\/","logo":{"@type":"ImageObject","inLanguage":"de","@id":"https:\/\/uelzener.de\/magazin\/#\/schema\/logo\/image\/","url":"https:\/\/uelzener.de\/magazin\/app\/uploads\/2024\/11\/uelzener_allgemeine_versicherungsgesellschaft_a_g_logo.jpg","contentUrl":"https:\/\/uelzener.de\/magazin\/app\/uploads\/2024\/11\/uelzener_allgemeine_versicherungsgesellschaft_a_g_logo.jpg","width":200,"height":200,"caption":"Uelzener Versicherungen"},"image":{"@id":"https:\/\/uelzener.de\/magazin\/#\/schema\/logo\/image\/"},"sameAs":["https:\/\/www.facebook.com\/Uelzener","https:\/\/instagram.com\/uelzener","https:\/\/www.xing.com\/pages\/uelzenerallgemeineversicherungs-gesellschafta-g","https:\/\/www.youtube.com\/UelzenerVersicherungen"]}]}},"_links":{"self":[{"href":"https:\/\/uelzener.de\/magazin\/wp-json\/wp\/v2\/pages\/12867","targetHints":{"allow":["GET"]}}],"collection":[{"href":"https:\/\/uelzener.de\/magazin\/wp-json\/wp\/v2\/pages"}],"about":[{"href":"https:\/\/uelzener.de\/magazin\/wp-json\/wp\/v2\/types\/page"}],"author":[{"embeddable":true,"href":"https:\/\/uelzener.de\/magazin\/wp-json\/wp\/v2\/users\/3"}],"replies":[{"embeddable":true,"href":"https:\/\/uelzener.de\/magazin\/wp-json\/wp\/v2\/comments?post=12867"}],"version-history":[{"count":6,"href":"https:\/\/uelzener.de\/magazin\/wp-json\/wp\/v2\/pages\/12867\/revisions"}],"predecessor-version":[{"id":16429,"href":"https:\/\/uelzener.de\/magazin\/wp-json\/wp\/v2\/pages\/12867\/revisions\/16429"}],"up":[{"embeddable":true,"href":"https:\/\/uelzener.de\/magazin\/wp-json\/wp\/v2\/pages\/11703"}],"wp:featuredmedia":[{"embeddable":true,"href":"https:\/\/uelzener.de\/magazin\/wp-json\/wp\/v2\/media\/12868"}],"wp:attachment":[{"href":"https:\/\/uelzener.de\/magazin\/wp-json\/wp\/v2\/media?parent=12867"}],"curies":[{"name":"wp","href":"https:\/\/api.w.org\/{rel}","templated":true}]}}