{"id":12862,"date":"2021-11-05T14:12:13","date_gmt":"2021-11-05T13:12:13","guid":{"rendered":"https:\/\/uelzener.de\/magazin\/?page_id=12862"},"modified":"2023-03-20T16:23:58","modified_gmt":"2023-03-20T15:23:58","slug":"brauchen-pferde-einen-warmen-stall","status":"publish","type":"page","link":"https:\/\/uelzener.de\/magazin\/pferd\/haltung\/brauchen-pferde-einen-warmen-stall\/","title":{"rendered":"Brauchen Pferde einen warmen Stall?"},"content":{"rendered":"<p><em>Wenn die Temperaturen fallen und wir Menschen uns nachts unter dicke Decken kuscheln, w\u00fcnschen wir uns auch f\u00fcr unsere Pferde ein warmes Pl\u00e4tzchen. Aber wonach sehnt sich das Pferd?<\/em><\/p>\n<p>Der Gedankengang ist logisch: Wir Menschen frieren, sobald die Temperaturen sinken. Schon vor Tausenden von Jahren haben wir uns als H\u00f6hlenmenschen im Winter verkrochen, ein gro\u00dfes Feuer angez\u00fcndet und uns mit dicken Pelzen zugedeckt. Folglich gehen wir davon aus, dass es auch dem <a href=\"https:\/\/uelzener.de\/magazin\/pferd\/tiergesundheit\/pferde-im-winter\/\">Pferd im Winter<\/a> so gehen muss.<\/p>\n<h2><strong>Perfektes Zusammenspiel von Haut und Fell<\/strong><\/h2>\n<p>Aber das Gegenteil ist der Fall: Als Steppentiere f\u00fchlen sich Pferde unter freiem Himmel am wohlsten. Dank ihrer hervorra\u00adgenden Thermoregulation k\u00f6nnen sie mit gro\u00dfen Temperatur\u00adschwankungen umgehen. Ihr st\u00e4ndig arbeitender Stoffwechsel h\u00e4lt die K\u00f6rperw\u00e4rme problemlos aufrecht. Der Brennstoff f\u00fcr die k\u00f6rpereigene Heizung ist eine ausreichende Menge an Rau\u00adfutter, die \u00fcber den ganzen Tag verteilt gefressen werden sollte.<\/p>\n<p>Zudem sind Pferde durch eine dicke Haut mit Unterhautfett bes\u00adtens gesch\u00fctzt, dar\u00fcber w\u00e4chst als w\u00e4rmende Schicht noch das Winterfell. Dessen Talgschicht sorgt daf\u00fcr, dass Pferde selbst bei l\u00e4ngeren Regeng\u00fcssen oder Schnee trocken bleiben. Auch des\u00adhalb ziehen sie K\u00e4lte gro\u00dfer Hitze vor: Am wohlsten f\u00fchlen sie sich je nach Rasse bei Temperaturen zwischen f\u00fcnf und 15 Grad.<\/p>\n<h2><strong>Gesunde Atemwege brauchen frische Luft<\/strong><\/h2>\n<p>Wer nun im Winter den Stall so luftdicht wie m\u00f6glich verrammelt, tut seinem Pferd keinen Gefallen. Gerade bei K\u00e4lte ben\u00f6tigen die Tiere frische Luft und so viel Bewegung wie m\u00f6glich au\u00dferhalb geschlossener R\u00e4ume. Ist die Luft im Stall oder Offenstall zu warm und abgestanden, drohen Atemwegsinfekte, <a href=\"https:\/\/uelzener.de\/magazin\/pferd\/tiergesundheit\/daempfigkeit-atemwegserkrankungen-beim-pferd\/\">D\u00e4mpfigkeit<\/a> und chroni\u00adscher Husten.<\/p>\n<p>Am besten funktioniert die Thermoregulation des Pferdes, wenn es nicht geschoren wird und deshalb Tag und Nacht ohne Decke die Winterluft genie\u00dfen darf. Das sollte der Halter beim Reiten ber\u00fccksichtigen und darauf achten, dass das Pferd nicht zu stark schwitzt.<\/p>\n<p>Um Dich vor m\u00f6glichen Kosten zu sch\u00fctzen, sollte Dein Pferd doch mal krank werden oder sich verletzten, empfehlen wir Dir eine gute <a href=\"https:\/\/uelzener.de\/pferd\/\">Pferde-Versicherung<\/a> abzuschlie\u00dfen. Bei der Uelzener Versicherung gibt es eine gro\u00dfe Auswahl unterschiedlicher Versicherungen f\u00fcr Dein Pferd.<\/p>\n","protected":false},"excerpt":{"rendered":"<p>Wenn die Temperaturen fallen und wir Menschen uns nachts unter dicke Decken kuscheln, w\u00fcnschen wir uns auch f\u00fcr unsere Pferde ein warmes Pl\u00e4tzchen. Aber wonach sehnt sich das Pferd? Der Gedankengang ist logisch: Wir Menschen frieren, sobald die Temperaturen sinken. Schon vor Tausenden von Jahren haben wir uns als H\u00f6hlenmenschen im Winter verkrochen, ein gro\u00dfes [&hellip;]<\/p>\n","protected":false},"author":3,"featured_media":12863,"parent":11678,"menu_order":8,"comment_status":"closed","ping_status":"closed","template":"templates\/blog.php","meta":{"_acf_changed":false,"_crdt_document":"","footnotes":"","beyondwords_generate_audio":"","beyondwords_project_id":"","beyondwords_content_id":"","beyondwords_preview_token":"","beyondwords_player_style":"","beyondwords_language_id":"","beyondwords_title_voice_id":"","beyondwords_body_voice_id":"","beyondwords_summary_voice_id":"","beyondwords_error_message":"","beyondwords_disabled":"","beyondwords_delete_content":"","beyondwords_podcast_id":"","beyondwords_hash":"","publish_post_to_speechkit":"","speechkit_hash":"","speechkit_generate_audio":"","speechkit_project_id":"","speechkit_podcast_id":"","speechkit_error_message":"","speechkit_disabled":"","speechkit_access_key":"","speechkit_error":"","speechkit_info":"","speechkit_response":"","speechkit_retries":"","speechkit_status":"","speechkit_updated_at":"","_speechkit_link":"","_speechkit_text":""},"class_list":["post-12862","page","type-page","status-publish","has-post-thumbnail","hentry"],"acf":[],"yoast_head":"<!-- This site is optimized with the Yoast SEO Premium plugin  - https:\/\/yoast.com\/product\/yoast-seo-premium-wordpress\/ -->\n<title>Brauchen Pferde einen warmen Stall? | Uelzener<\/title>\n<meta name=\"description\" content=\"Brauchen Pferde im Winter einen warmen Stall? Erfahre mehr \u00fcber die Haltung von Pferden zur kalten Jahreszeit!\" \/>\n<meta name=\"robots\" content=\"index, follow, max-snippet:-1, max-image-preview:large, max-video-preview:-1\" \/>\n<link rel=\"canonical\" href=\"https:\/\/uelzener.de\/magazin\/pferd\/haltung\/brauchen-pferde-einen-warmen-stall\/\" \/>\n<meta property=\"og:locale\" content=\"de_DE\" \/>\n<meta property=\"og:type\" content=\"article\" \/>\n<meta property=\"og:title\" content=\"Brauchen Pferde einen warmen Stall?\" \/>\n<meta property=\"og:description\" content=\"Brauchen Pferde im Winter einen warmen Stall? Erfahre mehr \u00fcber die Haltung von Pferden zur kalten Jahreszeit!\" \/>\n<meta property=\"og:url\" content=\"https:\/\/uelzener.de\/magazin\/pferd\/haltung\/brauchen-pferde-einen-warmen-stall\/\" \/>\n<meta property=\"og:site_name\" content=\"Uelzener Tier-Magazin\" \/>\n<meta property=\"article:publisher\" content=\"https:\/\/www.facebook.com\/Uelzener\" \/>\n<meta property=\"article:modified_time\" content=\"2023-03-20T15:23:58+00:00\" \/>\n<meta property=\"og:image\" content=\"https:\/\/uelzener.de\/magazin\/app\/uploads\/2021\/11\/Warmer-Stall.jpg\" \/>\n\t<meta property=\"og:image:width\" content=\"1024\" \/>\n\t<meta property=\"og:image:height\" content=\"450\" \/>\n\t<meta property=\"og:image:type\" content=\"image\/jpeg\" \/>\n<meta name=\"twitter:card\" content=\"summary_large_image\" \/>\n<meta name=\"twitter:label1\" content=\"Gesch\u00e4tzte Lesezeit\" \/>\n\t<meta name=\"twitter:data1\" content=\"2\u00a0Minuten\" \/>\n<script type=\"application\/ld+json\" class=\"yoast-schema-graph\">{\"@context\":\"https:\/\/schema.org\",\"@graph\":[{\"@type\":\"WebPage\",\"@id\":\"https:\/\/uelzener.de\/magazin\/pferd\/haltung\/brauchen-pferde-einen-warmen-stall\/\",\"url\":\"https:\/\/uelzener.de\/magazin\/pferd\/haltung\/brauchen-pferde-einen-warmen-stall\/\",\"name\":\"Brauchen Pferde einen warmen Stall? | Uelzener\",\"isPartOf\":{\"@id\":\"https:\/\/uelzener.de\/magazin\/#website\"},\"primaryImageOfPage\":{\"@id\":\"https:\/\/uelzener.de\/magazin\/pferd\/haltung\/brauchen-pferde-einen-warmen-stall\/#primaryimage\"},\"image\":{\"@id\":\"https:\/\/uelzener.de\/magazin\/pferd\/haltung\/brauchen-pferde-einen-warmen-stall\/#primaryimage\"},\"thumbnailUrl\":\"https:\/\/uelzener.de\/magazin\/app\/uploads\/2021\/11\/Warmer-Stall.jpg\",\"datePublished\":\"2021-11-05T13:12:13+00:00\",\"dateModified\":\"2023-03-20T15:23:58+00:00\",\"description\":\"Brauchen Pferde im Winter einen warmen Stall? Erfahre mehr \u00fcber die Haltung von Pferden zur kalten Jahreszeit!\",\"breadcrumb\":{\"@id\":\"https:\/\/uelzener.de\/magazin\/pferd\/haltung\/brauchen-pferde-einen-warmen-stall\/#breadcrumb\"},\"inLanguage\":\"de\",\"potentialAction\":[{\"@type\":\"ReadAction\",\"target\":[\"https:\/\/uelzener.de\/magazin\/pferd\/haltung\/brauchen-pferde-einen-warmen-stall\/\"]}]},{\"@type\":\"ImageObject\",\"inLanguage\":\"de\",\"@id\":\"https:\/\/uelzener.de\/magazin\/pferd\/haltung\/brauchen-pferde-einen-warmen-stall\/#primaryimage\",\"url\":\"https:\/\/uelzener.de\/magazin\/app\/uploads\/2021\/11\/Warmer-Stall.jpg\",\"contentUrl\":\"https:\/\/uelzener.de\/magazin\/app\/uploads\/2021\/11\/Warmer-Stall.jpg\",\"width\":1024,\"height\":450,\"caption\":\"Pferd galoppiert im Schnee nach der Bewegung freut es sich auf seinen warmen Stall.\"},{\"@type\":\"WebSite\",\"@id\":\"https:\/\/uelzener.de\/magazin\/#website\",\"url\":\"https:\/\/uelzener.de\/magazin\/\",\"name\":\"Uelzener Tiermagazin\",\"description\":\"Online Tierratgeber der Uelzener Versicherungen\",\"publisher\":{\"@id\":\"https:\/\/uelzener.de\/magazin\/#organization\"},\"potentialAction\":[{\"@type\":\"SearchAction\",\"target\":{\"@type\":\"EntryPoint\",\"urlTemplate\":\"https:\/\/uelzener.de\/magazin\/?s={search_term_string}\"},\"query-input\":{\"@type\":\"PropertyValueSpecification\",\"valueRequired\":true,\"valueName\":\"search_term_string\"}}],\"inLanguage\":\"de\"},{\"@type\":\"Organization\",\"@id\":\"https:\/\/uelzener.de\/magazin\/#organization\",\"name\":\"Uelzener Versicherungen\",\"url\":\"https:\/\/uelzener.de\/magazin\/\",\"logo\":{\"@type\":\"ImageObject\",\"inLanguage\":\"de\",\"@id\":\"https:\/\/uelzener.de\/magazin\/#\/schema\/logo\/image\/\",\"url\":\"https:\/\/uelzener.de\/magazin\/app\/uploads\/2024\/11\/uelzener_allgemeine_versicherungsgesellschaft_a_g_logo.jpg\",\"contentUrl\":\"https:\/\/uelzener.de\/magazin\/app\/uploads\/2024\/11\/uelzener_allgemeine_versicherungsgesellschaft_a_g_logo.jpg\",\"width\":200,\"height\":200,\"caption\":\"Uelzener Versicherungen\"},\"image\":{\"@id\":\"https:\/\/uelzener.de\/magazin\/#\/schema\/logo\/image\/\"},\"sameAs\":[\"https:\/\/www.facebook.com\/Uelzener\",\"https:\/\/instagram.com\/uelzener\",\"https:\/\/www.xing.com\/pages\/uelzenerallgemeineversicherungs-gesellschafta-g\",\"https:\/\/www.youtube.com\/UelzenerVersicherungen\"]}]}<\/script>\n<!-- \/ Yoast SEO Premium plugin. -->","yoast_head_json":{"title":"Brauchen Pferde einen warmen Stall? | Uelzener","description":"Brauchen Pferde im Winter einen warmen Stall? Erfahre mehr \u00fcber die Haltung von Pferden zur kalten Jahreszeit!","robots":{"index":"index","follow":"follow","max-snippet":"max-snippet:-1","max-image-preview":"max-image-preview:large","max-video-preview":"max-video-preview:-1"},"canonical":"https:\/\/uelzener.de\/magazin\/pferd\/haltung\/brauchen-pferde-einen-warmen-stall\/","og_locale":"de_DE","og_type":"article","og_title":"Brauchen Pferde einen warmen Stall?","og_description":"Brauchen Pferde im Winter einen warmen Stall? Erfahre mehr \u00fcber die Haltung von Pferden zur kalten Jahreszeit!","og_url":"https:\/\/uelzener.de\/magazin\/pferd\/haltung\/brauchen-pferde-einen-warmen-stall\/","og_site_name":"Uelzener Tier-Magazin","article_publisher":"https:\/\/www.facebook.com\/Uelzener","article_modified_time":"2023-03-20T15:23:58+00:00","og_image":[{"width":1024,"height":450,"url":"https:\/\/uelzener.de\/magazin\/app\/uploads\/2021\/11\/Warmer-Stall.jpg","type":"image\/jpeg"}],"twitter_card":"summary_large_image","twitter_misc":{"Gesch\u00e4tzte Lesezeit":"2\u00a0Minuten"},"schema":{"@context":"https:\/\/schema.org","@graph":[{"@type":"WebPage","@id":"https:\/\/uelzener.de\/magazin\/pferd\/haltung\/brauchen-pferde-einen-warmen-stall\/","url":"https:\/\/uelzener.de\/magazin\/pferd\/haltung\/brauchen-pferde-einen-warmen-stall\/","name":"Brauchen Pferde einen warmen Stall? | Uelzener","isPartOf":{"@id":"https:\/\/uelzener.de\/magazin\/#website"},"primaryImageOfPage":{"@id":"https:\/\/uelzener.de\/magazin\/pferd\/haltung\/brauchen-pferde-einen-warmen-stall\/#primaryimage"},"image":{"@id":"https:\/\/uelzener.de\/magazin\/pferd\/haltung\/brauchen-pferde-einen-warmen-stall\/#primaryimage"},"thumbnailUrl":"https:\/\/uelzener.de\/magazin\/app\/uploads\/2021\/11\/Warmer-Stall.jpg","datePublished":"2021-11-05T13:12:13+00:00","dateModified":"2023-03-20T15:23:58+00:00","description":"Brauchen Pferde im Winter einen warmen Stall? Erfahre mehr \u00fcber die Haltung von Pferden zur kalten Jahreszeit!","breadcrumb":{"@id":"https:\/\/uelzener.de\/magazin\/pferd\/haltung\/brauchen-pferde-einen-warmen-stall\/#breadcrumb"},"inLanguage":"de","potentialAction":[{"@type":"ReadAction","target":["https:\/\/uelzener.de\/magazin\/pferd\/haltung\/brauchen-pferde-einen-warmen-stall\/"]}]},{"@type":"ImageObject","inLanguage":"de","@id":"https:\/\/uelzener.de\/magazin\/pferd\/haltung\/brauchen-pferde-einen-warmen-stall\/#primaryimage","url":"https:\/\/uelzener.de\/magazin\/app\/uploads\/2021\/11\/Warmer-Stall.jpg","contentUrl":"https:\/\/uelzener.de\/magazin\/app\/uploads\/2021\/11\/Warmer-Stall.jpg","width":1024,"height":450,"caption":"Pferd galoppiert im Schnee nach der Bewegung freut es sich auf seinen warmen Stall."},{"@type":"WebSite","@id":"https:\/\/uelzener.de\/magazin\/#website","url":"https:\/\/uelzener.de\/magazin\/","name":"Uelzener Tiermagazin","description":"Online Tierratgeber der Uelzener Versicherungen","publisher":{"@id":"https:\/\/uelzener.de\/magazin\/#organization"},"potentialAction":[{"@type":"SearchAction","target":{"@type":"EntryPoint","urlTemplate":"https:\/\/uelzener.de\/magazin\/?s={search_term_string}"},"query-input":{"@type":"PropertyValueSpecification","valueRequired":true,"valueName":"search_term_string"}}],"inLanguage":"de"},{"@type":"Organization","@id":"https:\/\/uelzener.de\/magazin\/#organization","name":"Uelzener Versicherungen","url":"https:\/\/uelzener.de\/magazin\/","logo":{"@type":"ImageObject","inLanguage":"de","@id":"https:\/\/uelzener.de\/magazin\/#\/schema\/logo\/image\/","url":"https:\/\/uelzener.de\/magazin\/app\/uploads\/2024\/11\/uelzener_allgemeine_versicherungsgesellschaft_a_g_logo.jpg","contentUrl":"https:\/\/uelzener.de\/magazin\/app\/uploads\/2024\/11\/uelzener_allgemeine_versicherungsgesellschaft_a_g_logo.jpg","width":200,"height":200,"caption":"Uelzener Versicherungen"},"image":{"@id":"https:\/\/uelzener.de\/magazin\/#\/schema\/logo\/image\/"},"sameAs":["https:\/\/www.facebook.com\/Uelzener","https:\/\/instagram.com\/uelzener","https:\/\/www.xing.com\/pages\/uelzenerallgemeineversicherungs-gesellschafta-g","https:\/\/www.youtube.com\/UelzenerVersicherungen"]}]}},"_links":{"self":[{"href":"https:\/\/uelzener.de\/magazin\/wp-json\/wp\/v2\/pages\/12862","targetHints":{"allow":["GET"]}}],"collection":[{"href":"https:\/\/uelzener.de\/magazin\/wp-json\/wp\/v2\/pages"}],"about":[{"href":"https:\/\/uelzener.de\/magazin\/wp-json\/wp\/v2\/types\/page"}],"author":[{"embeddable":true,"href":"https:\/\/uelzener.de\/magazin\/wp-json\/wp\/v2\/users\/3"}],"replies":[{"embeddable":true,"href":"https:\/\/uelzener.de\/magazin\/wp-json\/wp\/v2\/comments?post=12862"}],"version-history":[{"count":6,"href":"https:\/\/uelzener.de\/magazin\/wp-json\/wp\/v2\/pages\/12862\/revisions"}],"predecessor-version":[{"id":15143,"href":"https:\/\/uelzener.de\/magazin\/wp-json\/wp\/v2\/pages\/12862\/revisions\/15143"}],"up":[{"embeddable":true,"href":"https:\/\/uelzener.de\/magazin\/wp-json\/wp\/v2\/pages\/11678"}],"wp:featuredmedia":[{"embeddable":true,"href":"https:\/\/uelzener.de\/magazin\/wp-json\/wp\/v2\/media\/12863"}],"wp:attachment":[{"href":"https:\/\/uelzener.de\/magazin\/wp-json\/wp\/v2\/media?parent=12862"}],"curies":[{"name":"wp","href":"https:\/\/api.w.org\/{rel}","templated":true}]}}