{"id":12850,"date":"2021-10-29T12:12:16","date_gmt":"2021-10-29T10:12:16","guid":{"rendered":"https:\/\/uelzener.de\/magazin\/?page_id=12850"},"modified":"2025-09-04T12:45:34","modified_gmt":"2025-09-04T10:45:34","slug":"nassfutter-vs-trockenfutter","status":"publish","type":"page","link":"https:\/\/uelzener.de\/magazin\/hund\/ernaehrung\/nassfutter-vs-trockenfutter\/","title":{"rendered":"Nassfutter oder Trockenfutter: Was ist besser f\u00fcr den Hund?"},"content":{"rendered":"<p>Als Hundehalter:in hat man die Qual der Wahl. Trocken- oder Nassfutter sind die Klassiker neben vielen anderen Varianten der Hundef\u00fctterung wie beispielsweise das Barfen. Eine allgemeing\u00fcltige Antwort auf die Frage, was das Beste f\u00fcr meinen Hund ist, gibt es jedoch nicht: Denn es kommt darauf an!<\/p>\n<h2>Trockenfutter<\/h2>\n<p>Trockenfutter hat viele Vorteile:\u00a0 F\u00fcr Hundehalter:innen liegen Sauberkeit und Handhabung ganz weit vorn. Aber auch f\u00fcr die Vierbeiner gibt es ein entschiedenes Pro:\u00a0 der Abrieb der Z\u00e4nne. Denn Zahnstein kann eine gro\u00dfe Gefahr f\u00fcr Hunde sein. Er f\u00f6rdert Zahnfleischentz\u00fcndungen und Mundgeruch. <a href=\"https:\/\/uelzener.de\/magazin\/hund\/tiergesundheit\/zahnstein-beim-hund\/\" target=\"_blank\" rel=\"noopener\">Zahnstein<\/a> wirkt sich aber auch auf den ganzen Organismus aus.\u00a0 Erkrankungen des Herzens, der Niere und anderer Organe k\u00f6nnen beg\u00fcnstigt werden.<\/p>\n\n<div class=\"related_articles boxed\">\n    <h2>Mehr zum Thema<\/h2>\n    \n    <div class=\"wrapper\"><div class=\"title align-center\"><h3><a href=\"https:\/\/uelzener.de\/magazin\/hund\/ernaehrung\/duerfen-hunde-katzenfutter-fressen\/\">D\u00fcrfen Hunde Katzenfutter fressen?<\/a><\/h3><\/div><div class=\"img align-center\"><img decoding=\"async\" width=\"315\" height=\"180\" src=\"https:\/\/uelzener.de\/magazin\/app\/uploads\/2021\/09\/1024x450_Nahaufnahme_Hund-und-Katze-fressen-aus-Napf-315x180.jpg\" class=\"attachment-315x180 size-315x180 wp-post-image\" alt=\"Hund und Katze fressen aus einem Napf mit Katzenfutter.\" \/><\/div><\/div><div class=\"wrapper\"><div class=\"title align-center\"><h3><a href=\"https:\/\/uelzener.de\/magazin\/hund\/ernaehrung\/barfen-fuer-hunde\/\">Die Vorteile von BARF f\u00fcr Hunde: Warum es sich lohnt, seinen Hund artgerecht zu ern\u00e4hren<\/a><\/h3><\/div><div class=\"img align-center\"><img decoding=\"async\" width=\"315\" height=\"180\" src=\"https:\/\/uelzener.de\/magazin\/app\/uploads\/2023\/03\/barfen-hund-315x180.jpg\" class=\"attachment-315x180 size-315x180 wp-post-image\" alt=\"Barfen als F\u00fctterungsmethode: Ein gro\u00dfer beiger Hund nagt an einem Knochen.\" \/><\/div><\/div><div class=\"wrapper\"><div class=\"title align-center\"><h3><a href=\"https:\/\/uelzener.de\/magazin\/hund\/ernaehrung\/was-essen-hunde\/\">Was essen Hunde au\u00dfer Hundefutter?<\/a><\/h3><\/div><div class=\"img align-center\"><img decoding=\"async\" width=\"315\" height=\"180\" src=\"https:\/\/uelzener.de\/magazin\/app\/uploads\/2022\/11\/was-essen-hunde-ausser-hundefutter-315x180.jpg\" class=\"attachment-315x180 size-315x180 wp-post-image\" alt=\"Ein Hund bekommt eine Himbeere. Was essen Hunde au\u00dfer Hundefutter?\" \/><\/div><\/div><\/div>\n\n<h2>Nassfutter<\/h2>\n<p>Zugegeben, die meisten Hunde w\u00fcrden selbst das Nassfutter w\u00e4hlen. Nassfutter hat einen h\u00f6heren Wassergehalt und unterst\u00fctzt somit die t\u00e4gliche <strong><a href=\"https:\/\/uelzener.de\/magazin\/hund\/ernaehrung\/trinkmenge-hund\/\">Trinkmenge des Hundes<\/a><\/strong> zu erreichen. Besonders bei Vierbeinern, die nicht ausreichend trinken oder Probleme mit Zahnfleisch und Z\u00e4hnen haben, ist dies in der Regel die bessere Wahl.<\/p>\n<p>Generell gilt jedoch: Die Zutaten sind essenziell. Es m\u00fcssen alle entscheidenden N\u00e4hrstoffe, Vitamine und Mineralstoffe enthalten sein. Zucker und Geschmacksverst\u00e4rker geh\u00f6ren nicht ins Hundefutter. Hundehalter:innen sollten au\u00dferdem im Laufe des Lebens ihrer Vierbeiner die Futtermenge und Futtervarianten \u00fcberpr\u00fcfen. Denn Aktivit\u00e4t, Alter sowie der Gesundheitszustand sind wichtige Faktoren, die bei der Futterauswahl beachtet werden m\u00fcssen. Im Zweifel einfach tier\u00e4rztlichen Rat einholen. Die Expert:innen kennen den Hund und ber\u00e4t auch bei der Ern\u00e4hrung des treuen Gef\u00e4hrten. Damit es beim Zahnarzt nicht zu unerwartet hohen Kosten kommt, sollte f\u00fcr den Hund immer eine <strong>Hunde-Krankenversicher<\/strong><strong>ung<\/strong> abgeschlossen werden.<\/p>\n\n<div class=\"banner\">\n    <a href=\"https:\/\/uelzener.de\/hund\/hunde-krankenversicherung\/?agt=0000104925&sem=true&utm_medium=magazin&utm_source=wordpress&utm_campaign=hund_kv&utm_content=banner\">\n        <img decoding=\"async\" width=\"300\" height=\"212\" src=\"https:\/\/uelzener.de\/magazin\/app\/uploads\/2025\/01\/Hunde-Kranken-Versicherung.jpg\" class=\"attachment-medium size-medium\" alt=\"Banner Hunde-Kranken-Versicherung\" \/>    <\/a>\n<\/div>\n\n","protected":false},"excerpt":{"rendered":"<p>Als Hundehalter:in hat man die Qual der Wahl. Trocken- oder Nassfutter sind die Klassiker neben vielen anderen Varianten der Hundef\u00fctterung wie beispielsweise das Barfen. Eine allgemeing\u00fcltige Antwort auf die Frage, was das Beste f\u00fcr meinen Hund ist, gibt es jedoch nicht: Denn es kommt darauf an! Trockenfutter Trockenfutter hat viele Vorteile:\u00a0 F\u00fcr Hundehalter:innen liegen Sauberkeit [&hellip;]<\/p>\n","protected":false},"author":3,"featured_media":14337,"parent":11674,"menu_order":1,"comment_status":"closed","ping_status":"closed","template":"templates\/blog.php","meta":{"_acf_changed":false,"_crdt_document":"","footnotes":"","beyondwords_generate_audio":"0","beyondwords_project_id":"","beyondwords_content_id":"","beyondwords_preview_token":"","beyondwords_player_style":"","beyondwords_language_id":"","beyondwords_title_voice_id":"","beyondwords_body_voice_id":"","beyondwords_summary_voice_id":"","beyondwords_error_message":"","beyondwords_disabled":"","beyondwords_delete_content":"","beyondwords_podcast_id":"","beyondwords_hash":"","publish_post_to_speechkit":"","speechkit_hash":"","speechkit_generate_audio":"","speechkit_project_id":"","speechkit_podcast_id":"","speechkit_error_message":"","speechkit_disabled":"","speechkit_access_key":"","speechkit_error":"","speechkit_info":"","speechkit_response":"","speechkit_retries":"","speechkit_status":"","speechkit_updated_at":"","_speechkit_link":"","_speechkit_text":""},"class_list":["post-12850","page","type-page","status-publish","has-post-thumbnail","hentry"],"acf":[],"yoast_head":"<!-- This site is optimized with the Yoast SEO Premium plugin  - https:\/\/yoast.com\/product\/yoast-seo-premium-wordpress\/ -->\n<title>Nassfutter oder Trockenfutter: Was ist besser f\u00fcr den Hund? | Uelzener<\/title>\n<meta name=\"description\" content=\"Was ist besser f\u00fcr den Hund? Nassfutter oder Trockfutter? Oder doch Barfen? Wir sagen euch, worauf es ankommt!\" \/>\n<meta name=\"robots\" content=\"index, follow, max-snippet:-1, max-image-preview:large, max-video-preview:-1\" \/>\n<link rel=\"canonical\" href=\"https:\/\/uelzener.de\/magazin\/hund\/ernaehrung\/nassfutter-vs-trockenfutter\/\" \/>\n<meta property=\"og:locale\" content=\"de_DE\" \/>\n<meta property=\"og:type\" content=\"article\" \/>\n<meta property=\"og:title\" content=\"Nassfutter oder Trockenfutter: Was ist besser f\u00fcr den Hund?\" \/>\n<meta property=\"og:description\" content=\"Was ist besser f\u00fcr den Hund? Nassfutter oder Trockfutter? Oder doch Barfen? Wir sagen euch, worauf es ankommt!\" \/>\n<meta property=\"og:url\" content=\"https:\/\/uelzener.de\/magazin\/hund\/ernaehrung\/nassfutter-vs-trockenfutter\/\" \/>\n<meta property=\"og:site_name\" content=\"Uelzener Tier-Magazin\" \/>\n<meta property=\"article:publisher\" content=\"https:\/\/www.facebook.com\/Uelzener\" \/>\n<meta property=\"article:modified_time\" content=\"2025-09-04T10:45:34+00:00\" \/>\n<meta property=\"og:image\" content=\"https:\/\/uelzener.de\/magazin\/app\/uploads\/2022\/11\/nassfutter-trockenfutter-hundefutter.jpg\" \/>\n\t<meta property=\"og:image:width\" content=\"1025\" \/>\n\t<meta property=\"og:image:height\" content=\"450\" \/>\n\t<meta property=\"og:image:type\" content=\"image\/jpeg\" \/>\n<meta name=\"twitter:card\" content=\"summary_large_image\" \/>\n<meta name=\"twitter:label1\" content=\"Gesch\u00e4tzte Lesezeit\" \/>\n\t<meta name=\"twitter:data1\" content=\"2\u00a0Minuten\" \/>\n<script type=\"application\/ld+json\" class=\"yoast-schema-graph\">{\"@context\":\"https:\/\/schema.org\",\"@graph\":[{\"@type\":\"WebPage\",\"@id\":\"https:\/\/uelzener.de\/magazin\/hund\/ernaehrung\/nassfutter-vs-trockenfutter\/\",\"url\":\"https:\/\/uelzener.de\/magazin\/hund\/ernaehrung\/nassfutter-vs-trockenfutter\/\",\"name\":\"Nassfutter oder Trockenfutter: Was ist besser f\u00fcr den Hund? | Uelzener\",\"isPartOf\":{\"@id\":\"https:\/\/uelzener.de\/magazin\/#website\"},\"primaryImageOfPage\":{\"@id\":\"https:\/\/uelzener.de\/magazin\/hund\/ernaehrung\/nassfutter-vs-trockenfutter\/#primaryimage\"},\"image\":{\"@id\":\"https:\/\/uelzener.de\/magazin\/hund\/ernaehrung\/nassfutter-vs-trockenfutter\/#primaryimage\"},\"thumbnailUrl\":\"https:\/\/uelzener.de\/magazin\/app\/uploads\/2022\/11\/nassfutter-trockenfutter-hundefutter.jpg\",\"datePublished\":\"2021-10-29T10:12:16+00:00\",\"dateModified\":\"2025-09-04T10:45:34+00:00\",\"description\":\"Was ist besser f\u00fcr den Hund? Nassfutter oder Trockfutter? Oder doch Barfen? Wir sagen euch, worauf es ankommt!\",\"breadcrumb\":{\"@id\":\"https:\/\/uelzener.de\/magazin\/hund\/ernaehrung\/nassfutter-vs-trockenfutter\/#breadcrumb\"},\"inLanguage\":\"de\",\"potentialAction\":[{\"@type\":\"ReadAction\",\"target\":[\"https:\/\/uelzener.de\/magazin\/hund\/ernaehrung\/nassfutter-vs-trockenfutter\/\"]}]},{\"@type\":\"ImageObject\",\"inLanguage\":\"de\",\"@id\":\"https:\/\/uelzener.de\/magazin\/hund\/ernaehrung\/nassfutter-vs-trockenfutter\/#primaryimage\",\"url\":\"https:\/\/uelzener.de\/magazin\/app\/uploads\/2022\/11\/nassfutter-trockenfutter-hundefutter.jpg\",\"contentUrl\":\"https:\/\/uelzener.de\/magazin\/app\/uploads\/2022\/11\/nassfutter-trockenfutter-hundefutter.jpg\",\"width\":1025,\"height\":450,\"caption\":\"Zwei gef\u00fcllte Hundefutterschalen. Nassfutter oder Trockenfutter, was ist besser f\u00fcr den Hund?\"},{\"@type\":\"WebSite\",\"@id\":\"https:\/\/uelzener.de\/magazin\/#website\",\"url\":\"https:\/\/uelzener.de\/magazin\/\",\"name\":\"Uelzener Tiermagazin\",\"description\":\"Online Tierratgeber der Uelzener Versicherungen\",\"publisher\":{\"@id\":\"https:\/\/uelzener.de\/magazin\/#organization\"},\"potentialAction\":[{\"@type\":\"SearchAction\",\"target\":{\"@type\":\"EntryPoint\",\"urlTemplate\":\"https:\/\/uelzener.de\/magazin\/?s={search_term_string}\"},\"query-input\":{\"@type\":\"PropertyValueSpecification\",\"valueRequired\":true,\"valueName\":\"search_term_string\"}}],\"inLanguage\":\"de\"},{\"@type\":\"Organization\",\"@id\":\"https:\/\/uelzener.de\/magazin\/#organization\",\"name\":\"Uelzener Versicherungen\",\"url\":\"https:\/\/uelzener.de\/magazin\/\",\"logo\":{\"@type\":\"ImageObject\",\"inLanguage\":\"de\",\"@id\":\"https:\/\/uelzener.de\/magazin\/#\/schema\/logo\/image\/\",\"url\":\"https:\/\/uelzener.de\/magazin\/app\/uploads\/2024\/11\/uelzener_allgemeine_versicherungsgesellschaft_a_g_logo.jpg\",\"contentUrl\":\"https:\/\/uelzener.de\/magazin\/app\/uploads\/2024\/11\/uelzener_allgemeine_versicherungsgesellschaft_a_g_logo.jpg\",\"width\":200,\"height\":200,\"caption\":\"Uelzener Versicherungen\"},\"image\":{\"@id\":\"https:\/\/uelzener.de\/magazin\/#\/schema\/logo\/image\/\"},\"sameAs\":[\"https:\/\/www.facebook.com\/Uelzener\",\"https:\/\/instagram.com\/uelzener\",\"https:\/\/www.xing.com\/pages\/uelzenerallgemeineversicherungs-gesellschafta-g\",\"https:\/\/www.youtube.com\/UelzenerVersicherungen\"]}]}<\/script>\n<!-- \/ Yoast SEO Premium plugin. -->","yoast_head_json":{"title":"Nassfutter oder Trockenfutter: Was ist besser f\u00fcr den Hund? | Uelzener","description":"Was ist besser f\u00fcr den Hund? Nassfutter oder Trockfutter? Oder doch Barfen? Wir sagen euch, worauf es ankommt!","robots":{"index":"index","follow":"follow","max-snippet":"max-snippet:-1","max-image-preview":"max-image-preview:large","max-video-preview":"max-video-preview:-1"},"canonical":"https:\/\/uelzener.de\/magazin\/hund\/ernaehrung\/nassfutter-vs-trockenfutter\/","og_locale":"de_DE","og_type":"article","og_title":"Nassfutter oder Trockenfutter: Was ist besser f\u00fcr den Hund?","og_description":"Was ist besser f\u00fcr den Hund? Nassfutter oder Trockfutter? Oder doch Barfen? Wir sagen euch, worauf es ankommt!","og_url":"https:\/\/uelzener.de\/magazin\/hund\/ernaehrung\/nassfutter-vs-trockenfutter\/","og_site_name":"Uelzener Tier-Magazin","article_publisher":"https:\/\/www.facebook.com\/Uelzener","article_modified_time":"2025-09-04T10:45:34+00:00","og_image":[{"width":1025,"height":450,"url":"https:\/\/uelzener.de\/magazin\/app\/uploads\/2022\/11\/nassfutter-trockenfutter-hundefutter.jpg","type":"image\/jpeg"}],"twitter_card":"summary_large_image","twitter_misc":{"Gesch\u00e4tzte Lesezeit":"2\u00a0Minuten"},"schema":{"@context":"https:\/\/schema.org","@graph":[{"@type":"WebPage","@id":"https:\/\/uelzener.de\/magazin\/hund\/ernaehrung\/nassfutter-vs-trockenfutter\/","url":"https:\/\/uelzener.de\/magazin\/hund\/ernaehrung\/nassfutter-vs-trockenfutter\/","name":"Nassfutter oder Trockenfutter: Was ist besser f\u00fcr den Hund? | Uelzener","isPartOf":{"@id":"https:\/\/uelzener.de\/magazin\/#website"},"primaryImageOfPage":{"@id":"https:\/\/uelzener.de\/magazin\/hund\/ernaehrung\/nassfutter-vs-trockenfutter\/#primaryimage"},"image":{"@id":"https:\/\/uelzener.de\/magazin\/hund\/ernaehrung\/nassfutter-vs-trockenfutter\/#primaryimage"},"thumbnailUrl":"https:\/\/uelzener.de\/magazin\/app\/uploads\/2022\/11\/nassfutter-trockenfutter-hundefutter.jpg","datePublished":"2021-10-29T10:12:16+00:00","dateModified":"2025-09-04T10:45:34+00:00","description":"Was ist besser f\u00fcr den Hund? Nassfutter oder Trockfutter? Oder doch Barfen? Wir sagen euch, worauf es ankommt!","breadcrumb":{"@id":"https:\/\/uelzener.de\/magazin\/hund\/ernaehrung\/nassfutter-vs-trockenfutter\/#breadcrumb"},"inLanguage":"de","potentialAction":[{"@type":"ReadAction","target":["https:\/\/uelzener.de\/magazin\/hund\/ernaehrung\/nassfutter-vs-trockenfutter\/"]}]},{"@type":"ImageObject","inLanguage":"de","@id":"https:\/\/uelzener.de\/magazin\/hund\/ernaehrung\/nassfutter-vs-trockenfutter\/#primaryimage","url":"https:\/\/uelzener.de\/magazin\/app\/uploads\/2022\/11\/nassfutter-trockenfutter-hundefutter.jpg","contentUrl":"https:\/\/uelzener.de\/magazin\/app\/uploads\/2022\/11\/nassfutter-trockenfutter-hundefutter.jpg","width":1025,"height":450,"caption":"Zwei gef\u00fcllte Hundefutterschalen. Nassfutter oder Trockenfutter, was ist besser f\u00fcr den Hund?"},{"@type":"WebSite","@id":"https:\/\/uelzener.de\/magazin\/#website","url":"https:\/\/uelzener.de\/magazin\/","name":"Uelzener Tiermagazin","description":"Online Tierratgeber der Uelzener Versicherungen","publisher":{"@id":"https:\/\/uelzener.de\/magazin\/#organization"},"potentialAction":[{"@type":"SearchAction","target":{"@type":"EntryPoint","urlTemplate":"https:\/\/uelzener.de\/magazin\/?s={search_term_string}"},"query-input":{"@type":"PropertyValueSpecification","valueRequired":true,"valueName":"search_term_string"}}],"inLanguage":"de"},{"@type":"Organization","@id":"https:\/\/uelzener.de\/magazin\/#organization","name":"Uelzener Versicherungen","url":"https:\/\/uelzener.de\/magazin\/","logo":{"@type":"ImageObject","inLanguage":"de","@id":"https:\/\/uelzener.de\/magazin\/#\/schema\/logo\/image\/","url":"https:\/\/uelzener.de\/magazin\/app\/uploads\/2024\/11\/uelzener_allgemeine_versicherungsgesellschaft_a_g_logo.jpg","contentUrl":"https:\/\/uelzener.de\/magazin\/app\/uploads\/2024\/11\/uelzener_allgemeine_versicherungsgesellschaft_a_g_logo.jpg","width":200,"height":200,"caption":"Uelzener Versicherungen"},"image":{"@id":"https:\/\/uelzener.de\/magazin\/#\/schema\/logo\/image\/"},"sameAs":["https:\/\/www.facebook.com\/Uelzener","https:\/\/instagram.com\/uelzener","https:\/\/www.xing.com\/pages\/uelzenerallgemeineversicherungs-gesellschafta-g","https:\/\/www.youtube.com\/UelzenerVersicherungen"]}]}},"_links":{"self":[{"href":"https:\/\/uelzener.de\/magazin\/wp-json\/wp\/v2\/pages\/12850","targetHints":{"allow":["GET"]}}],"collection":[{"href":"https:\/\/uelzener.de\/magazin\/wp-json\/wp\/v2\/pages"}],"about":[{"href":"https:\/\/uelzener.de\/magazin\/wp-json\/wp\/v2\/types\/page"}],"author":[{"embeddable":true,"href":"https:\/\/uelzener.de\/magazin\/wp-json\/wp\/v2\/users\/3"}],"replies":[{"embeddable":true,"href":"https:\/\/uelzener.de\/magazin\/wp-json\/wp\/v2\/comments?post=12850"}],"version-history":[{"count":11,"href":"https:\/\/uelzener.de\/magazin\/wp-json\/wp\/v2\/pages\/12850\/revisions"}],"predecessor-version":[{"id":19147,"href":"https:\/\/uelzener.de\/magazin\/wp-json\/wp\/v2\/pages\/12850\/revisions\/19147"}],"up":[{"embeddable":true,"href":"https:\/\/uelzener.de\/magazin\/wp-json\/wp\/v2\/pages\/11674"}],"wp:featuredmedia":[{"embeddable":true,"href":"https:\/\/uelzener.de\/magazin\/wp-json\/wp\/v2\/media\/14337"}],"wp:attachment":[{"href":"https:\/\/uelzener.de\/magazin\/wp-json\/wp\/v2\/media?parent=12850"}],"curies":[{"name":"wp","href":"https:\/\/api.w.org\/{rel}","templated":true}]}}