{"id":12813,"date":"2021-10-22T12:47:31","date_gmt":"2021-10-22T10:47:31","guid":{"rendered":"https:\/\/uelzener.de\/magazin\/?page_id=12813"},"modified":"2023-03-23T15:58:57","modified_gmt":"2023-03-23T14:58:57","slug":"erste-hilfe-beim-pferd","status":"publish","type":"page","link":"https:\/\/uelzener.de\/magazin\/pferd\/tiergesundheit\/erste-hilfe-beim-pferd\/","title":{"rendered":"Erste Hilfe beim Pferd"},"content":{"rendered":"<div data-font-name=\"g_d0_f9\" data-angle=\"0\" data-canvas-width=\"457.0896000000001\">Kleine Kratzer, blutende Wunden, dicke Beine \u2013 als Pferdehalter:in kann einen so manche \u00dcberraschung erwarten, wenn er seinen Vierbeiner besucht. Wann und wie kann ich als Besitzer selbst handeln? Wann muss ich einen Tierarzt rufen? Wir geben Tipps f\u00fcr den Ernstfall.<\/div>\n<p>Zun\u00e4chst einmal gilt immer: Ruhe bewahren! Ganz egal, wie dramatisch die Lage auf den ersten Blick scheint, es ist entscheidend, sich zun\u00e4chst einen \u00dcberblick zu verschaffen. Ist die Situation lebensbedrohlich, zum Beispiel aufgrund gro\u00dfer Blutverluste? Wie ist die Gesamtkonstitution des Pferdes? Als erste Einsch\u00e4tzung sind hierzu die PAT-Werte (Puls, Atmung, Temperatur) ein guter Anhaltspunkt. Schwitzt oder zittert das Pferd stark? Belastet es alle vier Gliedma\u00dfen? Dies alles sind wichtige Informationen, die dem Tierarzt oder der Tier\u00e4rztin helfen, die Situation richtig einzusch\u00e4tzen.<\/p>\n<p><img decoding=\"async\" class=\"wp-image-12814 aligncenter\" src=\"https:\/\/uelzener.de\/magazin\/app\/uploads\/2021\/10\/PAT-Werte-beim-Pferd-300x50.png\" alt=\"Grafik zu PAT-Werten beim Pferd\" width=\"768\" height=\"128\" srcset=\"https:\/\/uelzener.de\/magazin\/app\/uploads\/2021\/10\/PAT-Werte-beim-Pferd-300x50.png 300w, https:\/\/uelzener.de\/magazin\/app\/uploads\/2021\/10\/PAT-Werte-beim-Pferd-1024x171.png 1024w, https:\/\/uelzener.de\/magazin\/app\/uploads\/2021\/10\/PAT-Werte-beim-Pferd-768x128.png 768w, https:\/\/uelzener.de\/magazin\/app\/uploads\/2021\/10\/PAT-Werte-beim-Pferd-1536x256.png 1536w, https:\/\/uelzener.de\/magazin\/app\/uploads\/2021\/10\/PAT-Werte-beim-Pferd-1026x171.png 1026w, https:\/\/uelzener.de\/magazin\/app\/uploads\/2021\/10\/PAT-Werte-beim-Pferd-668x111.png 668w, https:\/\/uelzener.de\/magazin\/app\/uploads\/2021\/10\/PAT-Werte-beim-Pferd.png 1614w\" sizes=\"(max-width: 768px) 100vw, 768px\" \/><\/p>\n<p>&nbsp;<\/p>\n<h2>Erste-Hilfe-Ma\u00dfnahmen bei Wunden beim Pferd<\/h2>\n<p>Die Wunde des Pferdes sollte umgehend gereinigt werden. Bei stark verschmutzten Wunden sollte man sie mit klarem Wasser auswaschen und desinfizieren. Je nach Ort, Gr\u00f6\u00dfe und Tiefe der Wunde muss diese mit Wundabdeckung und Verband. was Teil der <a href=\"https:\/\/uelzener.de\/magazin\/pferd\/tiergesundheit\/die-stallapotheke\/\">Stallapotheke<\/a> sein sollte, sauber abgedeckt werden.<\/p>\n<p>Kleinere, oberfl\u00e4chliche Hautverletzungen k\u00f6nnen mit Aluspray vor Schmutz gesch\u00fctzt werden. Im Zweifel immer die Tierarztpraxis kontaktieren: Insbesondere beim Verdacht, es k\u00f6nnten tiefere Strukturen wie Sehnen, Gelenke oder \u00c4hnliches betroffen sein, ist der Anruf unausweichlich.<\/p>\n<p>Stark blutende Wunden sollten tier\u00e4rztlich untersucht werden, insbesondere wenn der Verdacht auf eine arterielle Blutung besteht (\u201epulsierende\u201c Blutung). Die Kosten, die dabei entstehen, werden von der Uelzener <a href=\"https:\/\/uelzener.de\/pferd\/pferde-krankenversicherung\/\">Pferde-Krankenversicherung<\/a> \u00fcbernommen.<\/p>\n<p>Bis zum Eintreffen des Tierarztes oder der Tier\u00e4rztin sollte man einen Druckverband anlegen.<\/p>\n<h3>Druckverband:<\/h3>\n<ol>\n<li>Wunde reinigen und Schmutz entfernen.<\/li>\n<li>Offene Wunden mit einer sterilen Wundkompresse abdecken.<\/li>\n<li>Kompresse mit einer Mullbinde fixieren.<\/li>\n<li>Polsterwatte wird m\u00f6glichst faltenfrei und fest um das Bein gewickelt.<\/li>\n<li>Mit einer weiteren Mullbinde wird die Watte fixiert. Die Wickelung beginnt oben und schlie\u00dft auch oben ab.<\/li>\n<li>Verband mit einer elastischen Bandage fixieren und im Zweifel zus\u00e4tzlich mit Gewebeklebeband fixieren.<\/li>\n<\/ol>\n<h2>Erste-Hilfe-Ma\u00dfnahmen bei Lahmheiten<\/h2>\n<p>Zun\u00e4chst gilt es einzusch\u00e4tzen, wie stark die Lahmheit ist. Belastet das Pferd sein Bein gar nicht mehr oder schont der Vierbeiner es nur? Bestehen die Schmerzen beim Auftreten oder bei der Bewegung der Gliedma\u00dfe? Sind Verletzungen sichtbar? Bei Schonhaltungen ohne erkennbare Verletzungen sollte man die betroffene Gliedma\u00dfe auf Schwellungen und W\u00e4rme untersuchen und k\u00fchlen! Ein Wasserschlauch wirkt manchmal Wunder.<\/p>\n<p>K\u00fchlende Salben sollte man nur auf der trockenen Gliedma\u00dfe auftragen. Vermehrte W\u00e4rme im Huf und starkes Pulsieren der Mittelfu\u00dfarterie k\u00f6nnen Hinweise auf Hufabszesse sein, welche zum Teil mit sehr starken Lahmheiten einhergehen. Bei Verdacht auf Frakturen sofort den Tierarzt oder die Tier\u00e4rztin verst\u00e4ndigen!<\/p>\n<h2>Erste-Hilfe bei einer Pferde-Kolik<\/h2>\n<p>Treten <a href=\"https:\/\/uelzener.de\/magazin\/pferd\/tiergesundheit\/kolik-beim-pferd\/\">Kolik<\/a>-Symptome auf, gilt auch hier: Ruhe bewahren!<\/p>\n<p>Je nach Zustand des Pferdes kann etwas Bewegung bereits helfen \u2013 F\u00fchren oder gem\u00e4\u00dfigtes Longieren im leichten Trab kann eventuelle Kr\u00e4mpfe l\u00f6sen.<\/p>\n<p>Krampfl\u00f6sende \u00d6le k\u00f6nnen unterst\u00fctzend sein. Bei starken Schmerzen \u2013 W\u00e4lzen, Schwitzen und starker Unruhe des Pferdes \u2013 sofort den Tierarzt verst\u00e4ndigen. Bis zum Eintreffen sollten Pferdehalter:innen das Pferd soweit m\u00f6glich im Schritt bewegen.<\/p>\n","protected":false},"excerpt":{"rendered":"<p>Kleine Kratzer, blutende Wunden, dicke Beine \u2013 als Pferdehalter:in kann einen so manche \u00dcberraschung erwarten, wenn er seinen Vierbeiner besucht. Wann und wie kann ich als Besitzer selbst handeln? Wann muss ich einen Tierarzt rufen? Wir geben Tipps f\u00fcr den Ernstfall. Zun\u00e4chst einmal gilt immer: Ruhe bewahren! Ganz egal, wie dramatisch die Lage auf den [&hellip;]<\/p>\n","protected":false},"author":3,"featured_media":12816,"parent":11706,"menu_order":3,"comment_status":"closed","ping_status":"closed","template":"templates\/blog.php","meta":{"_acf_changed":false,"_crdt_document":"","footnotes":"","beyondwords_generate_audio":"","beyondwords_project_id":"","beyondwords_content_id":"","beyondwords_preview_token":"","beyondwords_player_style":"","beyondwords_language_id":"","beyondwords_title_voice_id":"","beyondwords_body_voice_id":"","beyondwords_summary_voice_id":"","beyondwords_error_message":"","beyondwords_disabled":"","beyondwords_delete_content":"","beyondwords_podcast_id":"","beyondwords_hash":"","publish_post_to_speechkit":"","speechkit_hash":"","speechkit_generate_audio":"","speechkit_project_id":"","speechkit_podcast_id":"","speechkit_error_message":"","speechkit_disabled":"","speechkit_access_key":"","speechkit_error":"","speechkit_info":"","speechkit_response":"","speechkit_retries":"","speechkit_status":"","speechkit_updated_at":"","_speechkit_link":"","_speechkit_text":""},"class_list":["post-12813","page","type-page","status-publish","has-post-thumbnail","hentry"],"acf":[],"yoast_head":"<!-- This site is optimized with the Yoast SEO Premium plugin  - https:\/\/yoast.com\/product\/yoast-seo-premium-wordpress\/ -->\n<title>Erste Hilfe beim Pferd | Uelzener Tier-Magazin<\/title>\n<meta name=\"description\" content=\"Kratzer, Wunden oder Kolik: Wann und wie kann ich selbst handeln? Wann muss ich einen Tierarzt rufen? Wir geben Tipps f\u00fcr den Ernstfall!\" \/>\n<meta name=\"robots\" content=\"index, follow, max-snippet:-1, max-image-preview:large, max-video-preview:-1\" \/>\n<link rel=\"canonical\" href=\"https:\/\/uelzener.de\/magazin\/pferd\/tiergesundheit\/erste-hilfe-beim-pferd\/\" \/>\n<meta property=\"og:locale\" content=\"de_DE\" \/>\n<meta property=\"og:type\" content=\"article\" \/>\n<meta property=\"og:title\" content=\"Erste Hilfe beim Pferd\" \/>\n<meta property=\"og:description\" content=\"Kratzer, Wunden oder Kolik: Wann und wie kann ich selbst handeln? Wann muss ich einen Tierarzt rufen? Wir geben Tipps f\u00fcr den Ernstfall!\" \/>\n<meta property=\"og:url\" content=\"https:\/\/uelzener.de\/magazin\/pferd\/tiergesundheit\/erste-hilfe-beim-pferd\/\" \/>\n<meta property=\"og:site_name\" content=\"Uelzener Tier-Magazin\" \/>\n<meta property=\"article:publisher\" content=\"https:\/\/www.facebook.com\/Uelzener\" \/>\n<meta property=\"article:modified_time\" content=\"2023-03-23T14:58:57+00:00\" \/>\n<meta property=\"og:image\" content=\"https:\/\/uelzener.de\/magazin\/app\/uploads\/2021\/10\/Erste-Hilfe-Pferd.jpg\" \/>\n\t<meta property=\"og:image:width\" content=\"1024\" \/>\n\t<meta property=\"og:image:height\" content=\"450\" \/>\n\t<meta property=\"og:image:type\" content=\"image\/jpeg\" \/>\n<meta name=\"twitter:card\" content=\"summary_large_image\" \/>\n<meta name=\"twitter:label1\" content=\"Gesch\u00e4tzte Lesezeit\" \/>\n\t<meta name=\"twitter:data1\" content=\"3\u00a0Minuten\" \/>\n<script type=\"application\/ld+json\" class=\"yoast-schema-graph\">{\"@context\":\"https:\/\/schema.org\",\"@graph\":[{\"@type\":\"WebPage\",\"@id\":\"https:\/\/uelzener.de\/magazin\/pferd\/tiergesundheit\/erste-hilfe-beim-pferd\/\",\"url\":\"https:\/\/uelzener.de\/magazin\/pferd\/tiergesundheit\/erste-hilfe-beim-pferd\/\",\"name\":\"Erste Hilfe beim Pferd | Uelzener Tier-Magazin\",\"isPartOf\":{\"@id\":\"https:\/\/uelzener.de\/magazin\/#website\"},\"primaryImageOfPage\":{\"@id\":\"https:\/\/uelzener.de\/magazin\/pferd\/tiergesundheit\/erste-hilfe-beim-pferd\/#primaryimage\"},\"image\":{\"@id\":\"https:\/\/uelzener.de\/magazin\/pferd\/tiergesundheit\/erste-hilfe-beim-pferd\/#primaryimage\"},\"thumbnailUrl\":\"https:\/\/uelzener.de\/magazin\/app\/uploads\/2021\/10\/Erste-Hilfe-Pferd.jpg\",\"datePublished\":\"2021-10-22T10:47:31+00:00\",\"dateModified\":\"2023-03-23T14:58:57+00:00\",\"description\":\"Kratzer, Wunden oder Kolik: Wann und wie kann ich selbst handeln? Wann muss ich einen Tierarzt rufen? Wir geben Tipps f\u00fcr den Ernstfall!\",\"breadcrumb\":{\"@id\":\"https:\/\/uelzener.de\/magazin\/pferd\/tiergesundheit\/erste-hilfe-beim-pferd\/#breadcrumb\"},\"inLanguage\":\"de\",\"potentialAction\":[{\"@type\":\"ReadAction\",\"target\":[\"https:\/\/uelzener.de\/magazin\/pferd\/tiergesundheit\/erste-hilfe-beim-pferd\/\"]}]},{\"@type\":\"ImageObject\",\"inLanguage\":\"de\",\"@id\":\"https:\/\/uelzener.de\/magazin\/pferd\/tiergesundheit\/erste-hilfe-beim-pferd\/#primaryimage\",\"url\":\"https:\/\/uelzener.de\/magazin\/app\/uploads\/2021\/10\/Erste-Hilfe-Pferd.jpg\",\"contentUrl\":\"https:\/\/uelzener.de\/magazin\/app\/uploads\/2021\/10\/Erste-Hilfe-Pferd.jpg\",\"width\":1024,\"height\":450,\"caption\":\"Tier\u00e4rztin untersucht Pferd\"},{\"@type\":\"WebSite\",\"@id\":\"https:\/\/uelzener.de\/magazin\/#website\",\"url\":\"https:\/\/uelzener.de\/magazin\/\",\"name\":\"Uelzener Tiermagazin\",\"description\":\"Online Tierratgeber der Uelzener Versicherungen\",\"publisher\":{\"@id\":\"https:\/\/uelzener.de\/magazin\/#organization\"},\"potentialAction\":[{\"@type\":\"SearchAction\",\"target\":{\"@type\":\"EntryPoint\",\"urlTemplate\":\"https:\/\/uelzener.de\/magazin\/?s={search_term_string}\"},\"query-input\":{\"@type\":\"PropertyValueSpecification\",\"valueRequired\":true,\"valueName\":\"search_term_string\"}}],\"inLanguage\":\"de\"},{\"@type\":\"Organization\",\"@id\":\"https:\/\/uelzener.de\/magazin\/#organization\",\"name\":\"Uelzener Versicherungen\",\"url\":\"https:\/\/uelzener.de\/magazin\/\",\"logo\":{\"@type\":\"ImageObject\",\"inLanguage\":\"de\",\"@id\":\"https:\/\/uelzener.de\/magazin\/#\/schema\/logo\/image\/\",\"url\":\"https:\/\/uelzener.de\/magazin\/app\/uploads\/2024\/11\/uelzener_allgemeine_versicherungsgesellschaft_a_g_logo.jpg\",\"contentUrl\":\"https:\/\/uelzener.de\/magazin\/app\/uploads\/2024\/11\/uelzener_allgemeine_versicherungsgesellschaft_a_g_logo.jpg\",\"width\":200,\"height\":200,\"caption\":\"Uelzener Versicherungen\"},\"image\":{\"@id\":\"https:\/\/uelzener.de\/magazin\/#\/schema\/logo\/image\/\"},\"sameAs\":[\"https:\/\/www.facebook.com\/Uelzener\",\"https:\/\/instagram.com\/uelzener\",\"https:\/\/www.xing.com\/pages\/uelzenerallgemeineversicherungs-gesellschafta-g\",\"https:\/\/www.youtube.com\/UelzenerVersicherungen\"]}]}<\/script>\n<!-- \/ Yoast SEO Premium plugin. -->","yoast_head_json":{"title":"Erste Hilfe beim Pferd | Uelzener Tier-Magazin","description":"Kratzer, Wunden oder Kolik: Wann und wie kann ich selbst handeln? Wann muss ich einen Tierarzt rufen? Wir geben Tipps f\u00fcr den Ernstfall!","robots":{"index":"index","follow":"follow","max-snippet":"max-snippet:-1","max-image-preview":"max-image-preview:large","max-video-preview":"max-video-preview:-1"},"canonical":"https:\/\/uelzener.de\/magazin\/pferd\/tiergesundheit\/erste-hilfe-beim-pferd\/","og_locale":"de_DE","og_type":"article","og_title":"Erste Hilfe beim Pferd","og_description":"Kratzer, Wunden oder Kolik: Wann und wie kann ich selbst handeln? Wann muss ich einen Tierarzt rufen? Wir geben Tipps f\u00fcr den Ernstfall!","og_url":"https:\/\/uelzener.de\/magazin\/pferd\/tiergesundheit\/erste-hilfe-beim-pferd\/","og_site_name":"Uelzener Tier-Magazin","article_publisher":"https:\/\/www.facebook.com\/Uelzener","article_modified_time":"2023-03-23T14:58:57+00:00","og_image":[{"width":1024,"height":450,"url":"https:\/\/uelzener.de\/magazin\/app\/uploads\/2021\/10\/Erste-Hilfe-Pferd.jpg","type":"image\/jpeg"}],"twitter_card":"summary_large_image","twitter_misc":{"Gesch\u00e4tzte Lesezeit":"3\u00a0Minuten"},"schema":{"@context":"https:\/\/schema.org","@graph":[{"@type":"WebPage","@id":"https:\/\/uelzener.de\/magazin\/pferd\/tiergesundheit\/erste-hilfe-beim-pferd\/","url":"https:\/\/uelzener.de\/magazin\/pferd\/tiergesundheit\/erste-hilfe-beim-pferd\/","name":"Erste Hilfe beim Pferd | Uelzener Tier-Magazin","isPartOf":{"@id":"https:\/\/uelzener.de\/magazin\/#website"},"primaryImageOfPage":{"@id":"https:\/\/uelzener.de\/magazin\/pferd\/tiergesundheit\/erste-hilfe-beim-pferd\/#primaryimage"},"image":{"@id":"https:\/\/uelzener.de\/magazin\/pferd\/tiergesundheit\/erste-hilfe-beim-pferd\/#primaryimage"},"thumbnailUrl":"https:\/\/uelzener.de\/magazin\/app\/uploads\/2021\/10\/Erste-Hilfe-Pferd.jpg","datePublished":"2021-10-22T10:47:31+00:00","dateModified":"2023-03-23T14:58:57+00:00","description":"Kratzer, Wunden oder Kolik: Wann und wie kann ich selbst handeln? Wann muss ich einen Tierarzt rufen? Wir geben Tipps f\u00fcr den Ernstfall!","breadcrumb":{"@id":"https:\/\/uelzener.de\/magazin\/pferd\/tiergesundheit\/erste-hilfe-beim-pferd\/#breadcrumb"},"inLanguage":"de","potentialAction":[{"@type":"ReadAction","target":["https:\/\/uelzener.de\/magazin\/pferd\/tiergesundheit\/erste-hilfe-beim-pferd\/"]}]},{"@type":"ImageObject","inLanguage":"de","@id":"https:\/\/uelzener.de\/magazin\/pferd\/tiergesundheit\/erste-hilfe-beim-pferd\/#primaryimage","url":"https:\/\/uelzener.de\/magazin\/app\/uploads\/2021\/10\/Erste-Hilfe-Pferd.jpg","contentUrl":"https:\/\/uelzener.de\/magazin\/app\/uploads\/2021\/10\/Erste-Hilfe-Pferd.jpg","width":1024,"height":450,"caption":"Tier\u00e4rztin untersucht Pferd"},{"@type":"WebSite","@id":"https:\/\/uelzener.de\/magazin\/#website","url":"https:\/\/uelzener.de\/magazin\/","name":"Uelzener Tiermagazin","description":"Online Tierratgeber der Uelzener Versicherungen","publisher":{"@id":"https:\/\/uelzener.de\/magazin\/#organization"},"potentialAction":[{"@type":"SearchAction","target":{"@type":"EntryPoint","urlTemplate":"https:\/\/uelzener.de\/magazin\/?s={search_term_string}"},"query-input":{"@type":"PropertyValueSpecification","valueRequired":true,"valueName":"search_term_string"}}],"inLanguage":"de"},{"@type":"Organization","@id":"https:\/\/uelzener.de\/magazin\/#organization","name":"Uelzener Versicherungen","url":"https:\/\/uelzener.de\/magazin\/","logo":{"@type":"ImageObject","inLanguage":"de","@id":"https:\/\/uelzener.de\/magazin\/#\/schema\/logo\/image\/","url":"https:\/\/uelzener.de\/magazin\/app\/uploads\/2024\/11\/uelzener_allgemeine_versicherungsgesellschaft_a_g_logo.jpg","contentUrl":"https:\/\/uelzener.de\/magazin\/app\/uploads\/2024\/11\/uelzener_allgemeine_versicherungsgesellschaft_a_g_logo.jpg","width":200,"height":200,"caption":"Uelzener Versicherungen"},"image":{"@id":"https:\/\/uelzener.de\/magazin\/#\/schema\/logo\/image\/"},"sameAs":["https:\/\/www.facebook.com\/Uelzener","https:\/\/instagram.com\/uelzener","https:\/\/www.xing.com\/pages\/uelzenerallgemeineversicherungs-gesellschafta-g","https:\/\/www.youtube.com\/UelzenerVersicherungen"]}]}},"_links":{"self":[{"href":"https:\/\/uelzener.de\/magazin\/wp-json\/wp\/v2\/pages\/12813","targetHints":{"allow":["GET"]}}],"collection":[{"href":"https:\/\/uelzener.de\/magazin\/wp-json\/wp\/v2\/pages"}],"about":[{"href":"https:\/\/uelzener.de\/magazin\/wp-json\/wp\/v2\/types\/page"}],"author":[{"embeddable":true,"href":"https:\/\/uelzener.de\/magazin\/wp-json\/wp\/v2\/users\/3"}],"replies":[{"embeddable":true,"href":"https:\/\/uelzener.de\/magazin\/wp-json\/wp\/v2\/comments?post=12813"}],"version-history":[{"count":6,"href":"https:\/\/uelzener.de\/magazin\/wp-json\/wp\/v2\/pages\/12813\/revisions"}],"predecessor-version":[{"id":14666,"href":"https:\/\/uelzener.de\/magazin\/wp-json\/wp\/v2\/pages\/12813\/revisions\/14666"}],"up":[{"embeddable":true,"href":"https:\/\/uelzener.de\/magazin\/wp-json\/wp\/v2\/pages\/11706"}],"wp:featuredmedia":[{"embeddable":true,"href":"https:\/\/uelzener.de\/magazin\/wp-json\/wp\/v2\/media\/12816"}],"wp:attachment":[{"href":"https:\/\/uelzener.de\/magazin\/wp-json\/wp\/v2\/media?parent=12813"}],"curies":[{"name":"wp","href":"https:\/\/api.w.org\/{rel}","templated":true}]}}