{"id":12809,"date":"2021-10-14T10:41:45","date_gmt":"2021-10-14T08:41:45","guid":{"rendered":"https:\/\/uelzener.de\/magazin\/?page_id=12809"},"modified":"2025-08-05T13:23:23","modified_gmt":"2025-08-05T11:23:23","slug":"aufsteigen-von-links-aufs-pferd","status":"publish","type":"page","link":"https:\/\/uelzener.de\/magazin\/pferd\/tipps-fuer-den-alltag\/aufsteigen-von-links-aufs-pferd\/","title":{"rendered":"Warum steigt man von links aufs Pferd?"},"content":{"rendered":"<p><strong>So lernen es Reitsch\u00fcler bundesweit. Der Mythos stammt aus l\u00e4ngst vergangenen Zeiten und ist nicht nur \u00fcberholt, sondern kann auch Pferd und Sattelzeug schaden.<\/strong><\/p>\n<p>Die wenigsten Reiter sind in der Lage, von rechts auf ihr Pferd aufzusteigen. Nicht, weil das wirklich schwieriger ist \u2013 aber kaum jemand hat es gelernt und ge\u00fcbt. Die alte Lehre, sich von links in den Sattel zu hieven, ist bereits Jahrhunderte alt: Da die meisten Menschen Rechtsh\u00e4nder sind, trugen Ritter und Soldaten ihre S\u00e4bel, Schwerter und andere Waffen links am G\u00fcrtel. So kamen sie mit der rechten Hand schnell zum Griff und waren innerhalb von Sekunden kampfbereit. Mit einem gro\u00dfen Gegenstand an der linken H\u00fcfte w\u00e4re es aber schwierig gewesen, sich von rechts auf ein Kampfross zu schwingen. So etablierte sich bereits fr\u00fch das klassische Aufsitzen von der linken Seite des Pferdes.<\/p>\n<h2><strong>Beidseitige Belastung ist ges\u00fcnder<\/strong><\/h2>\n<p>Das klassische Aufsteigen bedeutet, dass sekundenlang mehrere Dutzend Kilogramm schr\u00e4g am Sattel h\u00e4ngen und Wirbels\u00e4ule und Sattelbaum belasten. Wer Pferd und Ausr\u00fcstung schonen m\u00f6chte, der sollte das Aufsitzen von rechts \u00fcben und regelm\u00e4\u00dfig zwischen beiden Seiten wechseln.<\/p>\n\n<div class=\"related_articles boxed\">\n    <h2>Mehr zum Thema<\/h2>\n    \n    <div class=\"wrapper\"><div class=\"title align-center\"><h3><a href=\"https:\/\/uelzener.de\/magazin\/pferd\/tipps-fuer-den-alltag\/reitunfall-erste-hilfe\/\">Reitunfall: Erste Hilfe<\/a><\/h3><\/div><div class=\"img align-center\"><img decoding=\"async\" width=\"315\" height=\"180\" src=\"https:\/\/uelzener.de\/magazin\/app\/uploads\/2019\/08\/13c89c35-1d96-4ca8-addd-4709878059d1-315x180.jpg\" class=\"attachment-315x180 size-315x180 wp-post-image\" alt=\"Die zwei Frauen galoppieren sehr schnell, sollte etwas passieren, ist es wichtig das jemand Erste Hilfe leisten kann beim Reitunfall.\" srcset=\"https:\/\/uelzener.de\/magazin\/app\/uploads\/2019\/08\/13c89c35-1d96-4ca8-addd-4709878059d1-315x180.jpg 315w, https:\/\/uelzener.de\/magazin\/app\/uploads\/2019\/08\/13c89c35-1d96-4ca8-addd-4709878059d1-650x369.jpg 650w\" sizes=\"(max-width: 315px) 100vw, 315px\" \/><\/div><\/div><div class=\"wrapper\"><div class=\"title align-center\"><h3><a href=\"https:\/\/uelzener.de\/magazin\/pferd\/erziehung-und-training\/sicheres-aufsteigen-eine-unterschaetzte-schluesseluebung\/\">Sicheres Aufsteigen: Eine untersch\u00e4tzte Schl\u00fcssel\u00fcbung<\/a><\/h3><\/div><div class=\"img align-center\"><img decoding=\"async\" width=\"315\" height=\"180\" src=\"https:\/\/uelzener.de\/magazin\/app\/uploads\/2025\/07\/aufsteigen-beim-pferd-kreinberg-315x180.jpg\" class=\"attachment-315x180 size-315x180 wp-post-image\" alt=\"\" \/><\/div><\/div><\/div>\n\n<h2><strong>Aufstiegshilfen nutzen<\/strong><\/h2>\n<p>Wer seinem Pferd etwas Gutes tun m\u00f6chte, der sollte zudem eine Aufstiegshilfe benutzen. Das kann auf dem Reitplatz ein Schemel, im Gel\u00e4nde aber auch ein Baumstamm oder ein gro\u00dfer Stein sein. Wichtig ist dabei nur der sichere Stand der Unterst\u00fctzung. Sinnvoll ist es, mit dem Pferd vorher zu \u00fcben, geduldig stehenzubleiben, bis der Reiter im Sattel sitzt. Wer keine Aufstiegshilfe zur Hand hat, der kann zumindest einen Mitreiter bitten, auf der anderen Seite am Steigb\u00fcgel gegenzuhalten. So wird weniger Druck auf den Pferder\u00fccken und den Sattelbaum ausge\u00fcbt.<\/p>\n","protected":false},"excerpt":{"rendered":"<p>So lernen es Reitsch\u00fcler bundesweit. Der Mythos stammt aus l\u00e4ngst vergangenen Zeiten und ist nicht nur \u00fcberholt, sondern kann auch Pferd und Sattelzeug schaden. Die wenigsten Reiter sind in der Lage, von rechts auf ihr Pferd aufzusteigen. Nicht, weil das wirklich schwieriger ist \u2013 aber kaum jemand hat es gelernt und ge\u00fcbt. Die alte Lehre, [&hellip;]<\/p>\n","protected":false},"author":3,"featured_media":12810,"parent":11703,"menu_order":1,"comment_status":"closed","ping_status":"closed","template":"templates\/blog.php","meta":{"_acf_changed":false,"_crdt_document":"","footnotes":"","beyondwords_generate_audio":"","beyondwords_project_id":"","beyondwords_content_id":"","beyondwords_preview_token":"","beyondwords_player_style":"","beyondwords_language_id":"","beyondwords_title_voice_id":"","beyondwords_body_voice_id":"","beyondwords_summary_voice_id":"","beyondwords_error_message":"","beyondwords_disabled":"","beyondwords_delete_content":"","beyondwords_podcast_id":"","beyondwords_hash":"","publish_post_to_speechkit":"","speechkit_hash":"","speechkit_generate_audio":"","speechkit_project_id":"","speechkit_podcast_id":"","speechkit_error_message":"","speechkit_disabled":"","speechkit_access_key":"","speechkit_error":"","speechkit_info":"","speechkit_response":"","speechkit_retries":"","speechkit_status":"","speechkit_updated_at":"","_speechkit_link":"","_speechkit_text":""},"class_list":["post-12809","page","type-page","status-publish","has-post-thumbnail","hentry"],"acf":[],"yoast_head":"<!-- This site is optimized with the Yoast SEO Premium plugin  - https:\/\/yoast.com\/product\/yoast-seo-premium-wordpress\/ -->\n<title>Von links aufsteigen beim Pferd | Uelzener<\/title>\n<meta name=\"description\" content=\"Erfahre alles zum Thema Von links aufsteigen beim Pferd \u2713 Tipps \u2713 Probleme \u2713 Geschichte \u2713 Hilfen \u25b6 Jetzt schlaumachen!\" \/>\n<meta name=\"robots\" content=\"index, follow, max-snippet:-1, max-image-preview:large, max-video-preview:-1\" \/>\n<link rel=\"canonical\" href=\"https:\/\/uelzener.de\/magazin\/pferd\/tipps-fuer-den-alltag\/aufsteigen-von-links-aufs-pferd\/\" \/>\n<meta property=\"og:locale\" content=\"de_DE\" \/>\n<meta property=\"og:type\" content=\"article\" \/>\n<meta property=\"og:title\" content=\"Warum steigt man von links aufs Pferd?\" \/>\n<meta property=\"og:description\" content=\"Erfahre alles zum Thema Von links aufsteigen beim Pferd \u2713 Tipps \u2713 Probleme \u2713 Geschichte \u2713 Hilfen \u25b6 Jetzt schlaumachen!\" \/>\n<meta property=\"og:url\" content=\"https:\/\/uelzener.de\/magazin\/pferd\/tipps-fuer-den-alltag\/aufsteigen-von-links-aufs-pferd\/\" \/>\n<meta property=\"og:site_name\" content=\"Uelzener Tier-Magazin\" \/>\n<meta property=\"article:publisher\" content=\"https:\/\/www.facebook.com\/Uelzener\" \/>\n<meta property=\"article:modified_time\" content=\"2025-08-05T11:23:23+00:00\" \/>\n<meta property=\"og:image\" content=\"https:\/\/uelzener.de\/magazin\/app\/uploads\/2021\/10\/Pferd_aufsteigen_1024x450.jpg\" \/>\n\t<meta property=\"og:image:width\" content=\"1024\" \/>\n\t<meta property=\"og:image:height\" content=\"450\" \/>\n\t<meta property=\"og:image:type\" content=\"image\/jpeg\" \/>\n<meta name=\"twitter:card\" content=\"summary_large_image\" \/>\n<meta name=\"twitter:label1\" content=\"Gesch\u00e4tzte Lesezeit\" \/>\n\t<meta name=\"twitter:data1\" content=\"2\u00a0Minuten\" \/>\n<script type=\"application\/ld+json\" class=\"yoast-schema-graph\">{\"@context\":\"https:\/\/schema.org\",\"@graph\":[{\"@type\":\"WebPage\",\"@id\":\"https:\/\/uelzener.de\/magazin\/pferd\/tipps-fuer-den-alltag\/aufsteigen-von-links-aufs-pferd\/\",\"url\":\"https:\/\/uelzener.de\/magazin\/pferd\/tipps-fuer-den-alltag\/aufsteigen-von-links-aufs-pferd\/\",\"name\":\"Von links aufsteigen beim Pferd | Uelzener\",\"isPartOf\":{\"@id\":\"https:\/\/uelzener.de\/magazin\/#website\"},\"primaryImageOfPage\":{\"@id\":\"https:\/\/uelzener.de\/magazin\/pferd\/tipps-fuer-den-alltag\/aufsteigen-von-links-aufs-pferd\/#primaryimage\"},\"image\":{\"@id\":\"https:\/\/uelzener.de\/magazin\/pferd\/tipps-fuer-den-alltag\/aufsteigen-von-links-aufs-pferd\/#primaryimage\"},\"thumbnailUrl\":\"https:\/\/uelzener.de\/magazin\/app\/uploads\/2021\/10\/Pferd_aufsteigen_1024x450.jpg\",\"datePublished\":\"2021-10-14T08:41:45+00:00\",\"dateModified\":\"2025-08-05T11:23:23+00:00\",\"description\":\"Erfahre alles zum Thema Von links aufsteigen beim Pferd \u2713 Tipps \u2713 Probleme \u2713 Geschichte \u2713 Hilfen \u25b6 Jetzt schlaumachen!\",\"breadcrumb\":{\"@id\":\"https:\/\/uelzener.de\/magazin\/pferd\/tipps-fuer-den-alltag\/aufsteigen-von-links-aufs-pferd\/#breadcrumb\"},\"inLanguage\":\"de\",\"potentialAction\":[{\"@type\":\"ReadAction\",\"target\":[\"https:\/\/uelzener.de\/magazin\/pferd\/tipps-fuer-den-alltag\/aufsteigen-von-links-aufs-pferd\/\"]}]},{\"@type\":\"ImageObject\",\"inLanguage\":\"de\",\"@id\":\"https:\/\/uelzener.de\/magazin\/pferd\/tipps-fuer-den-alltag\/aufsteigen-von-links-aufs-pferd\/#primaryimage\",\"url\":\"https:\/\/uelzener.de\/magazin\/app\/uploads\/2021\/10\/Pferd_aufsteigen_1024x450.jpg\",\"contentUrl\":\"https:\/\/uelzener.de\/magazin\/app\/uploads\/2021\/10\/Pferd_aufsteigen_1024x450.jpg\",\"width\":1024,\"height\":450,\"caption\":\"Teenage girl horserider with a grey horse outside astable, adjusting the girth and saddle.\"},{\"@type\":\"WebSite\",\"@id\":\"https:\/\/uelzener.de\/magazin\/#website\",\"url\":\"https:\/\/uelzener.de\/magazin\/\",\"name\":\"Uelzener Tiermagazin\",\"description\":\"Online Tierratgeber der Uelzener Versicherungen\",\"publisher\":{\"@id\":\"https:\/\/uelzener.de\/magazin\/#organization\"},\"potentialAction\":[{\"@type\":\"SearchAction\",\"target\":{\"@type\":\"EntryPoint\",\"urlTemplate\":\"https:\/\/uelzener.de\/magazin\/?s={search_term_string}\"},\"query-input\":{\"@type\":\"PropertyValueSpecification\",\"valueRequired\":true,\"valueName\":\"search_term_string\"}}],\"inLanguage\":\"de\"},{\"@type\":\"Organization\",\"@id\":\"https:\/\/uelzener.de\/magazin\/#organization\",\"name\":\"Uelzener Versicherungen\",\"url\":\"https:\/\/uelzener.de\/magazin\/\",\"logo\":{\"@type\":\"ImageObject\",\"inLanguage\":\"de\",\"@id\":\"https:\/\/uelzener.de\/magazin\/#\/schema\/logo\/image\/\",\"url\":\"https:\/\/uelzener.de\/magazin\/app\/uploads\/2024\/11\/uelzener_allgemeine_versicherungsgesellschaft_a_g_logo.jpg\",\"contentUrl\":\"https:\/\/uelzener.de\/magazin\/app\/uploads\/2024\/11\/uelzener_allgemeine_versicherungsgesellschaft_a_g_logo.jpg\",\"width\":200,\"height\":200,\"caption\":\"Uelzener Versicherungen\"},\"image\":{\"@id\":\"https:\/\/uelzener.de\/magazin\/#\/schema\/logo\/image\/\"},\"sameAs\":[\"https:\/\/www.facebook.com\/Uelzener\",\"https:\/\/instagram.com\/uelzener\",\"https:\/\/www.xing.com\/pages\/uelzenerallgemeineversicherungs-gesellschafta-g\",\"https:\/\/www.youtube.com\/UelzenerVersicherungen\"]}]}<\/script>\n<!-- \/ Yoast SEO Premium plugin. -->","yoast_head_json":{"title":"Von links aufsteigen beim Pferd | Uelzener","description":"Erfahre alles zum Thema Von links aufsteigen beim Pferd \u2713 Tipps \u2713 Probleme \u2713 Geschichte \u2713 Hilfen \u25b6 Jetzt schlaumachen!","robots":{"index":"index","follow":"follow","max-snippet":"max-snippet:-1","max-image-preview":"max-image-preview:large","max-video-preview":"max-video-preview:-1"},"canonical":"https:\/\/uelzener.de\/magazin\/pferd\/tipps-fuer-den-alltag\/aufsteigen-von-links-aufs-pferd\/","og_locale":"de_DE","og_type":"article","og_title":"Warum steigt man von links aufs Pferd?","og_description":"Erfahre alles zum Thema Von links aufsteigen beim Pferd \u2713 Tipps \u2713 Probleme \u2713 Geschichte \u2713 Hilfen \u25b6 Jetzt schlaumachen!","og_url":"https:\/\/uelzener.de\/magazin\/pferd\/tipps-fuer-den-alltag\/aufsteigen-von-links-aufs-pferd\/","og_site_name":"Uelzener Tier-Magazin","article_publisher":"https:\/\/www.facebook.com\/Uelzener","article_modified_time":"2025-08-05T11:23:23+00:00","og_image":[{"width":1024,"height":450,"url":"https:\/\/uelzener.de\/magazin\/app\/uploads\/2021\/10\/Pferd_aufsteigen_1024x450.jpg","type":"image\/jpeg"}],"twitter_card":"summary_large_image","twitter_misc":{"Gesch\u00e4tzte Lesezeit":"2\u00a0Minuten"},"schema":{"@context":"https:\/\/schema.org","@graph":[{"@type":"WebPage","@id":"https:\/\/uelzener.de\/magazin\/pferd\/tipps-fuer-den-alltag\/aufsteigen-von-links-aufs-pferd\/","url":"https:\/\/uelzener.de\/magazin\/pferd\/tipps-fuer-den-alltag\/aufsteigen-von-links-aufs-pferd\/","name":"Von links aufsteigen beim Pferd | Uelzener","isPartOf":{"@id":"https:\/\/uelzener.de\/magazin\/#website"},"primaryImageOfPage":{"@id":"https:\/\/uelzener.de\/magazin\/pferd\/tipps-fuer-den-alltag\/aufsteigen-von-links-aufs-pferd\/#primaryimage"},"image":{"@id":"https:\/\/uelzener.de\/magazin\/pferd\/tipps-fuer-den-alltag\/aufsteigen-von-links-aufs-pferd\/#primaryimage"},"thumbnailUrl":"https:\/\/uelzener.de\/magazin\/app\/uploads\/2021\/10\/Pferd_aufsteigen_1024x450.jpg","datePublished":"2021-10-14T08:41:45+00:00","dateModified":"2025-08-05T11:23:23+00:00","description":"Erfahre alles zum Thema Von links aufsteigen beim Pferd \u2713 Tipps \u2713 Probleme \u2713 Geschichte \u2713 Hilfen \u25b6 Jetzt schlaumachen!","breadcrumb":{"@id":"https:\/\/uelzener.de\/magazin\/pferd\/tipps-fuer-den-alltag\/aufsteigen-von-links-aufs-pferd\/#breadcrumb"},"inLanguage":"de","potentialAction":[{"@type":"ReadAction","target":["https:\/\/uelzener.de\/magazin\/pferd\/tipps-fuer-den-alltag\/aufsteigen-von-links-aufs-pferd\/"]}]},{"@type":"ImageObject","inLanguage":"de","@id":"https:\/\/uelzener.de\/magazin\/pferd\/tipps-fuer-den-alltag\/aufsteigen-von-links-aufs-pferd\/#primaryimage","url":"https:\/\/uelzener.de\/magazin\/app\/uploads\/2021\/10\/Pferd_aufsteigen_1024x450.jpg","contentUrl":"https:\/\/uelzener.de\/magazin\/app\/uploads\/2021\/10\/Pferd_aufsteigen_1024x450.jpg","width":1024,"height":450,"caption":"Teenage girl horserider with a grey horse outside astable, adjusting the girth and saddle."},{"@type":"WebSite","@id":"https:\/\/uelzener.de\/magazin\/#website","url":"https:\/\/uelzener.de\/magazin\/","name":"Uelzener Tiermagazin","description":"Online Tierratgeber der Uelzener Versicherungen","publisher":{"@id":"https:\/\/uelzener.de\/magazin\/#organization"},"potentialAction":[{"@type":"SearchAction","target":{"@type":"EntryPoint","urlTemplate":"https:\/\/uelzener.de\/magazin\/?s={search_term_string}"},"query-input":{"@type":"PropertyValueSpecification","valueRequired":true,"valueName":"search_term_string"}}],"inLanguage":"de"},{"@type":"Organization","@id":"https:\/\/uelzener.de\/magazin\/#organization","name":"Uelzener Versicherungen","url":"https:\/\/uelzener.de\/magazin\/","logo":{"@type":"ImageObject","inLanguage":"de","@id":"https:\/\/uelzener.de\/magazin\/#\/schema\/logo\/image\/","url":"https:\/\/uelzener.de\/magazin\/app\/uploads\/2024\/11\/uelzener_allgemeine_versicherungsgesellschaft_a_g_logo.jpg","contentUrl":"https:\/\/uelzener.de\/magazin\/app\/uploads\/2024\/11\/uelzener_allgemeine_versicherungsgesellschaft_a_g_logo.jpg","width":200,"height":200,"caption":"Uelzener Versicherungen"},"image":{"@id":"https:\/\/uelzener.de\/magazin\/#\/schema\/logo\/image\/"},"sameAs":["https:\/\/www.facebook.com\/Uelzener","https:\/\/instagram.com\/uelzener","https:\/\/www.xing.com\/pages\/uelzenerallgemeineversicherungs-gesellschafta-g","https:\/\/www.youtube.com\/UelzenerVersicherungen"]}]}},"_links":{"self":[{"href":"https:\/\/uelzener.de\/magazin\/wp-json\/wp\/v2\/pages\/12809","targetHints":{"allow":["GET"]}}],"collection":[{"href":"https:\/\/uelzener.de\/magazin\/wp-json\/wp\/v2\/pages"}],"about":[{"href":"https:\/\/uelzener.de\/magazin\/wp-json\/wp\/v2\/types\/page"}],"author":[{"embeddable":true,"href":"https:\/\/uelzener.de\/magazin\/wp-json\/wp\/v2\/users\/3"}],"replies":[{"embeddable":true,"href":"https:\/\/uelzener.de\/magazin\/wp-json\/wp\/v2\/comments?post=12809"}],"version-history":[{"count":4,"href":"https:\/\/uelzener.de\/magazin\/wp-json\/wp\/v2\/pages\/12809\/revisions"}],"predecessor-version":[{"id":18800,"href":"https:\/\/uelzener.de\/magazin\/wp-json\/wp\/v2\/pages\/12809\/revisions\/18800"}],"up":[{"embeddable":true,"href":"https:\/\/uelzener.de\/magazin\/wp-json\/wp\/v2\/pages\/11703"}],"wp:featuredmedia":[{"embeddable":true,"href":"https:\/\/uelzener.de\/magazin\/wp-json\/wp\/v2\/media\/12810"}],"wp:attachment":[{"href":"https:\/\/uelzener.de\/magazin\/wp-json\/wp\/v2\/media?parent=12809"}],"curies":[{"name":"wp","href":"https:\/\/api.w.org\/{rel}","templated":true}]}}